{"id":47520,"date":"2022-06-10T15:47:30","date_gmt":"2022-06-10T12:47:30","guid":{"rendered":"https:\/\/toidupakk.ee\/toode\/skeltuvas-wildo-fire-flash-pro\/"},"modified":"2026-04-04T06:01:16","modified_gmt":"2026-04-04T03:01:16","slug":"skeltuvas-wildo-fire-flash-pro","status":"publish","type":"product","link":"https:\/\/toidupakk.ee\/lt\/toode\/skeltuvas-wildo-fire-flash-pro\/","title":{"rendered":"Skeltuvas \u201eWildo Fire Flash PRO\u201c"},"content":{"rendered":"<h1>Skeltuvas nepaliks tav\u0119s b\u0117doje<\/h1>\n<p>&nbsp;<\/p>\n<p>Atsparus oro s\u0105lygoms \u201eWildo\u201c skeltuvas pagamintas \u0160vedijoje ir i\u0161bandytas tiek tenyk\u0161t\u0117mis, tiek Estijos s\u0105lygomis \u2013 \u0161altyje, kar\u0161tyje, lyjant ar \u0161vie\u010diant saulei. Su\u0161lap\u0119 ar kuprin\u0117je i\u0161sibarst\u0119 degtukai, pasibaigusios dujos \u017eiebtuv\u0117lyje \u2013 daugiau ne problema. Skeltuv\u0105 paprasta naudoti, jis nebijo oro s\u0105lyg\u0173 ar mechanini\u0173 pa\u017eeidim\u0173. Jei jis su\u0161lampa, tiesiog nuvalyk. Su komplekte esan\u010dia virvele gali j\u012f pritvirtinti prie <a href=\"https:\/\/toidupakk.ee\/tactical-foodpack\/matka-seljakott-75l-mil-tec\/\">\u017eygio kuprin\u0117s<\/a> ir jis visada bus su tavimi. Skeltuvas yra patikimiausia priemon\u0117 ugniai u\u017ekurti. \u017dinoma, jei moki juo naudotis.      <\/p>\n<p>Ugnies u\u017ek\u016brimas skeltuvu yra puiki alternatyva \u012fprastam lau\u017eo k\u016brimui degtukais, degiuoju skys\u010diu, \u017eiebtuv\u0117liu ar prakurais. Jei niekada nebandei u\u017ekurti lau\u017eo skeltuvu, dabar tam idealus metas! <\/p>\n<p>Skeltuvas tikrai yra \u201emust have\u201c \u012frangos dalis einant \u012f \u017eyg\u012f su kuprine. Orai stebina, o ypa\u010d Estijoje n\u0117ra reta vidury \u017eygio sulaukti lietaus. Jei degtukai ar \u017eiebtuv\u0117lis su\u0161lampa, u\u017ekurti ugn\u012f gali b\u016bti labai sunku, jei ne ne\u012fmanoma. Skeltuvas veikia net ir \u0161lapias.   <\/p>\n<p>Vyksti su draugais \u012f \u017eyg\u012f baidar\u0117mis ar kanojomis? Draugi\u0161kas patarimas \u2013 d\u0117l viso pikto pasiimk \u201eWildo\u201c skeltuv\u0105. Su\u0161ilti, i\u0161sid\u017eiovinti \u0161lapius drabu\u017eius bei gauti \u0161ilto maisto ir g\u0117rim\u0173 \u017eygyje yra svarbiausia.  <\/p>\n<p>\u201eWildo\u201c skeltuvo komplekte yra ir a\u0161triabriaunis metalinis braukiklis kibirk\u0161tims i\u0161gauti. Jei braukikl\u012f pamestum, tikt\u0173 ir peilio nugar\u0117l\u0117, ta\u010diau specialus \u201eWildo\u201c braukiklis tikrai efektyvesnis, patogesnis ir leid\u017eia grei\u010diau \u012f\u017eiebti liepsn\u0105. <\/p>\n<p>&nbsp;<\/p>\n<h2>Kaip naudoti skeltuv\u0105?<\/h2>\n<p>Pirmiausia pridedamu braukikliu nugrandyk tamsesn\u012f apsaugin\u012f skeltuvo sluoksn\u012f. Kibirk\u0161tis kelia po juo esanti sidabrin\u0117 med\u017eiaga. <\/p>\n<p>Kuriant ugn\u012f didel\u012f vaidmen\u012f vaidina prakuros. Tam tinka, pavyzd\u017eiui, sausa mediena \u2013 kuo smulkesn\u0117s dro\u017el\u0117s, tuo lengviau \u012f\u017eiebti liepsn\u0105. Suformuok nedidel\u0119 kr\u016bvel\u0119. Skeltuvu ir braukikliu i\u0161gausi kibirk\u0161tis, kurios u\u017edegs ugn\u012f. Nor\u0117damas i\u0161gauti kibirk\u0161tis, stipriai brauk braukikliu per skeltuv\u0105 ir nukreipk jas \u012f prakuras. Labai gerai dega, pavyzd\u017eiui, sakingos medienos dro\u017el\u0117s. Dar geriau u\u017esidega i\u0161 nam\u0173 paimtas vatos gabal\u0117lis ar rutuliukas. Jei turi toki\u0105 galimyb\u0119 \u2013 b\u016btinai rekomenduojame. Ir, \u017einoma, puiki med\u017eiaga ugniai u\u017ekurti yra ber\u017eo tase, kurios galima rasti beveik kiekviename mi\u0161ke. Taip pat puikiai tinka: dezinfekcinis skystis su dideliu alkoholio kiekiu, tamponas, si\u016blo galas nuo seno drabu\u017eio (pavyzd\u017eiui, kojin\u0117s) ar medvilnin\u0117 higienin\u0117 servet\u0117l\u0117.         <\/p>\n<p>Naudojant skeltuv\u0105 rekomenduojame braukti vidutine j\u0117ga. Silpnas ir greitas skeltuvo braukymas norimo rezultato paprastai neduoda. Ma\u017edaug 3000 laipsni\u0173 temperat\u016bros kibirk\u0161tys greitai u\u017edega tinkam\u0105 med\u017eiag\u0105.  <\/p>\n<div id=\"attachment_2167\" style=\"width: 510px\" class=\"wp-caption alignnone\"><img fetchpriority=\"high\" decoding=\"async\" aria-describedby=\"caption-attachment-2167\" class=\"wp-image-2167 size-thumbnail\" src=\"https:\/\/toidupakk.ee\/wp-content\/uploads\/2022\/06\/Tulepulk-WILDO-Fire-Flash-PRO-4-500x500.jpg\" alt=\"{%ALT_TEXT%}\" width=\"500\" height=\"500\" srcset=\"https:\/\/toidupakk.ee\/wp-content\/uploads\/2022\/06\/Tulepulk-WILDO-Fire-Flash-PRO-4-500x500.jpg 500w, https:\/\/toidupakk.ee\/wp-content\/uploads\/2022\/06\/Tulepulk-WILDO-Fire-Flash-PRO-4-400x400.jpg 400w, https:\/\/toidupakk.ee\/wp-content\/uploads\/2022\/06\/Tulepulk-WILDO-Fire-Flash-PRO-4-100x100.jpg 100w, https:\/\/toidupakk.ee\/wp-content\/uploads\/2022\/06\/Tulepulk-WILDO-Fire-Flash-PRO-4-800x800.jpg 800w, https:\/\/toidupakk.ee\/wp-content\/uploads\/2022\/06\/Tulepulk-WILDO-Fire-Flash-PRO-4-300x300.jpg 300w, https:\/\/toidupakk.ee\/wp-content\/uploads\/2022\/06\/Tulepulk-WILDO-Fire-Flash-PRO-4-1024x1024.jpg 1024w, https:\/\/toidupakk.ee\/wp-content\/uploads\/2022\/06\/Tulepulk-WILDO-Fire-Flash-PRO-4-768x768.jpg 768w, https:\/\/toidupakk.ee\/wp-content\/uploads\/2022\/06\/Tulepulk-WILDO-Fire-Flash-PRO-4.jpg 1080w\" sizes=\"(max-width: 500px) 100vw, 500px\" \/><p id=\"caption-attachment-2167\" class=\"wp-caption-text\">Skeltuvo naudojimas ugniai u\u017ekurti<\/p><\/div>\n<p>&nbsp;<\/p>\n<h2>Kiek laiko tarnauja vienas skeltuvas?<\/h2>\n<p>Skeltuvai gaminami \u012fvairi\u0173 dyd\u017ei\u0173. Sakoma, kad vidutinis skeltuvas atlaiko apie 3000 br\u016bk\u0161tel\u0117jim\u0173. Realyb\u0117je nerekomenduotume lyginti skeltuv\u0173 pagal br\u016bk\u0161tel\u0117jim\u0173 skai\u010di\u0173. Patirtis rodo, kad mink\u0161tesn\u0117s med\u017eiagos skeltuvai veikia geriau, t. y. vienu br\u016bk\u0161tel\u0117jimu i\u0161gauna daugiau kibirk\u0161\u010di\u0173, tad yra efektyvesni. Tod\u0117l geriau rinktis mink\u0161tus skeltuvus. Kalbant apie patogum\u0105, didelius skeltuvus lengviau ir patogiau valdyti. Ma\u017e\u0173 privalumas tas, kad jie u\u017eima ma\u017eiau vietos kuprin\u0117je ir yra keliais gramais lengvesni.      <\/p>\n<p>Daugiau \u017eygio preki\u0173 rasi <a href=\"https:\/\/toidupakk.ee\/lt\/tootekategooria\/zygio-iranga\/#section-3-79\">\u010cIA<\/a><\/p>\n<p>\u017di\u016br\u0117k \u017eygio maist\u0105, kur\u012f gali pasiimti, <a href=\"\/?product_cat=snakk#section-3-79\">\u010cIA<\/a><\/p>\n<p>Pasisemk \u012fkv\u0117pimo kitiems nuotykiams \u201eToidupakk\u201c <a href=\"https:\/\/www.instagram.com\/toidupakk\/\">Instagram<\/a> ir <a href=\"https:\/\/www.facebook.com\/Toidupakk\/\">Facebook<\/a> paskyrose.<\/p>\n<p>&nbsp;<\/p>\n","protected":false},"excerpt":{"rendered":"<p>Greitas, kompakti\u0161kas ir prakti\u0161kas ugnies u\u017ek\u016br\u0117jas.<\/p>\n<ul>\n<li>Degtukai ar \u017eiebtuv\u0117lis dr\u0117gnomis s\u0105lygomis gali pavesti \u2013 skeltuvas tav\u0119s b\u0117doje nepaliks<\/li>\n<li>B\u016bk tikras, kad lau\u017eas bus u\u017ekurtas<\/li>\n<li>Svoris: 35 g<\/li>\n<li>Matmenys: 6,1 x 0,6 cm<\/li>\n<li>Veikia bet kokiu oru<\/li>\n<\/ul>\n<p>\u2705 Turime sand\u0117lyje, greitas pristatymas per 1\u20133 darbo dienas<\/p>\n","protected":false},"featured_media":2164,"comment_status":"open","ping_status":"closed","template":"","meta":{"_acf_changed":false},"product_brand":[],"product_cat":[193,210,200,269,189,190],"product_tag":[],"class_list":{"0":"post-47520","1":"product","2":"type-product","3":"status-publish","4":"has-post-thumbnail","6":"product_cat-karine-ekipuote","7":"product_cat-mil-tec","8":"product_cat-praktiskos-dovanu-idejos","9":"product_cat-siluma","10":"product_cat-zygio-iranga","11":"product_cat-zygio-prekes","13":"first","14":"instock","15":"sale","16":"taxable","17":"shipping-taxable","18":"purchasable","19":"product-type-simple"},"bundled_by":[],"bundle_stock_status":"instock","bundle_stock_quantity":63,"bundle_virtual":false,"bundle_layout":"","bundle_add_to_cart_form_location":"","bundle_editable_in_cart":false,"bundle_sold_individually_context":"","bundle_item_grouping":"","bundle_min_size":"","bundle_max_size":"","bundle_price":[],"bundled_items":[],"bundle_sell_ids":[],"acf":[],"yoast_head":"<!-- This site is optimized with the Yoast SEO plugin v27.1.1 - https:\/\/yoast.com\/product\/yoast-seo-wordpress\/ -->\n<title>Skeltuvas \u201eWildo Fire Flash PRO\u201c<\/title>\n<meta name=\"description\" content=\"Skeltuvas nepaliks tav\u0119s b\u0117doje gamtoje \u2013 net ir \u0161lapiomis s\u0105lygomis. \u201eWildo\u201c skeltuvas yra auk\u0161tai vertinamas \u017eygeivi\u0173 ir yra svarbi \u017eygio \u012frangos dalis.\" \/>\n<meta name=\"robots\" content=\"index, follow, max-snippet:-1, max-image-preview:large, max-video-preview:-1\" \/>\n<link rel=\"canonical\" href=\"https:\/\/toidupakk.ee\/lt\/toode\/skeltuvas-wildo-fire-flash-pro\/\" \/>\n<meta property=\"og:locale\" content=\"lt_LT\" \/>\n<meta property=\"og:type\" content=\"article\" \/>\n<meta property=\"og:title\" content=\"Skeltuvas \u201eWildo Fire Flash PRO\u201c\" \/>\n<meta property=\"og:description\" content=\"Skeltuvas nepaliks tav\u0119s b\u0117doje gamtoje \u2013 net ir \u0161lapiomis s\u0105lygomis. \u201eWildo\u201c skeltuvas yra auk\u0161tai vertinamas \u017eygeivi\u0173 ir yra svarbi \u017eygio \u012frangos dalis.\" \/>\n<meta property=\"og:url\" content=\"https:\/\/toidupakk.ee\/lt\/toode\/skeltuvas-wildo-fire-flash-pro\/\" \/>\n<meta property=\"og:site_name\" content=\"Toidupakk.ee - Tactical Foodpack toidupakid\" \/>\n<meta property=\"article:publisher\" content=\"https:\/\/www.facebook.com\/Toidupakk\" \/>\n<meta property=\"article:modified_time\" content=\"2026-04-04T03:01:16+00:00\" \/>\n<meta property=\"og:image\" content=\"https:\/\/toidupakk.ee\/wp-content\/uploads\/2022\/06\/Tulepulk-WILDO-Fire-Flash-PRO-1.png\" \/>\n\t<meta property=\"og:image:width\" content=\"1080\" \/>\n\t<meta property=\"og:image:height\" content=\"1080\" \/>\n\t<meta property=\"og:image:type\" content=\"image\/png\" \/>\n<meta name=\"twitter:card\" content=\"summary_large_image\" \/>\n<meta name=\"twitter:label1\" content=\"Est. reading time\" \/>\n\t<meta name=\"twitter:data1\" content=\"3 minut\u0117s\" \/>\n<script type=\"application\/ld+json\" class=\"yoast-schema-graph\">{\"@context\":\"https:\/\/schema.org\",\"@graph\":[{\"@type\":\"WebPage\",\"@id\":\"https:\/\/toidupakk.ee\/lt\/toode\/skeltuvas-wildo-fire-flash-pro\/\",\"url\":\"https:\/\/toidupakk.ee\/lt\/toode\/skeltuvas-wildo-fire-flash-pro\/\",\"name\":\"Skeltuvas \u201eWildo Fire Flash PRO\u201c\",\"isPartOf\":{\"@id\":\"https:\/\/toidupakk.ee\/lt\/#website\"},\"primaryImageOfPage\":{\"@id\":\"https:\/\/toidupakk.ee\/lt\/toode\/skeltuvas-wildo-fire-flash-pro\/#primaryimage\"},\"image\":{\"@id\":\"https:\/\/toidupakk.ee\/lt\/toode\/skeltuvas-wildo-fire-flash-pro\/#primaryimage\"},\"thumbnailUrl\":\"https:\/\/toidupakk.ee\/wp-content\/uploads\/2022\/06\/Tulepulk-WILDO-Fire-Flash-PRO-1.png\",\"datePublished\":\"2022-06-10T12:47:30+00:00\",\"dateModified\":\"2026-04-04T03:01:16+00:00\",\"description\":\"Skeltuvas nepaliks tav\u0119s b\u0117doje gamtoje \u2013 net ir \u0161lapiomis s\u0105lygomis. \u201eWildo\u201c skeltuvas yra auk\u0161tai vertinamas \u017eygeivi\u0173 ir yra svarbi \u017eygio \u012frangos dalis.\",\"breadcrumb\":{\"@id\":\"https:\/\/toidupakk.ee\/lt\/toode\/skeltuvas-wildo-fire-flash-pro\/#breadcrumb\"},\"inLanguage\":\"lt-LT\",\"potentialAction\":[{\"@type\":\"ReadAction\",\"target\":[\"https:\/\/toidupakk.ee\/lt\/toode\/skeltuvas-wildo-fire-flash-pro\/\"]}]},{\"@type\":\"ImageObject\",\"inLanguage\":\"lt-LT\",\"@id\":\"https:\/\/toidupakk.ee\/lt\/toode\/skeltuvas-wildo-fire-flash-pro\/#primaryimage\",\"url\":\"https:\/\/toidupakk.ee\/wp-content\/uploads\/2022\/06\/Tulepulk-WILDO-Fire-Flash-PRO-1.png\",\"contentUrl\":\"https:\/\/toidupakk.ee\/wp-content\/uploads\/2022\/06\/Tulepulk-WILDO-Fire-Flash-PRO-1.png\",\"width\":1080,\"height\":1080,\"caption\":\"Tulepulk\"},{\"@type\":\"BreadcrumbList\",\"@id\":\"https:\/\/toidupakk.ee\/lt\/toode\/skeltuvas-wildo-fire-flash-pro\/#breadcrumb\",\"itemListElement\":[{\"@type\":\"ListItem\",\"position\":1,\"name\":\"Avaleht\",\"item\":\"https:\/\/toidupakk.ee\/lt\/\"},{\"@type\":\"ListItem\",\"position\":2,\"name\":\"El. parduotuv\u0117\",\"item\":\"https:\/\/toidupakk.ee\/lt\/el-parduotuve\/\"},{\"@type\":\"ListItem\",\"position\":3,\"name\":\"Skeltuvas \u201eWildo Fire Flash PRO\u201c\"}]},{\"@type\":\"WebSite\",\"@id\":\"https:\/\/toidupakk.ee\/lt\/#website\",\"url\":\"https:\/\/toidupakk.ee\/lt\/\",\"name\":\"Toidupakk.ee - Tactical Foodpack toidupakid\",\"description\":\"Tactical Foodpack k\u00fclmkuivatatud toidupakid ja matkaeined\",\"publisher\":{\"@id\":\"https:\/\/toidupakk.ee\/lt\/#organization\"},\"potentialAction\":[{\"@type\":\"SearchAction\",\"target\":{\"@type\":\"EntryPoint\",\"urlTemplate\":\"https:\/\/toidupakk.ee\/lt\/?s={search_term_string}\"},\"query-input\":{\"@type\":\"PropertyValueSpecification\",\"valueRequired\":true,\"valueName\":\"search_term_string\"}}],\"inLanguage\":\"lt-LT\"},{\"@type\":\"Organization\",\"@id\":\"https:\/\/toidupakk.ee\/lt\/#organization\",\"name\":\"Tactical Foodpack matkaeined\",\"url\":\"https:\/\/toidupakk.ee\/lt\/\",\"logo\":{\"@type\":\"ImageObject\",\"inLanguage\":\"lt-LT\",\"@id\":\"https:\/\/toidupakk.ee\/lt\/#\/schema\/logo\/image\/\",\"url\":\"https:\/\/toidupakk.ee\/wp-content\/uploads\/2022\/01\/Toidupakk-matkapood-logo-transparent.png\",\"contentUrl\":\"https:\/\/toidupakk.ee\/wp-content\/uploads\/2022\/01\/Toidupakk-matkapood-logo-transparent.png\",\"width\":500,\"height\":500,\"caption\":\"Tactical Foodpack matkaeined\"},\"image\":{\"@id\":\"https:\/\/toidupakk.ee\/lt\/#\/schema\/logo\/image\/\"},\"sameAs\":[\"https:\/\/www.facebook.com\/Toidupakk\",\"https:\/\/www.instagram.com\/toidupakk\/\"]}]}<\/script>\n<!-- \/ Yoast SEO plugin. -->","yoast_head_json":{"title":"Skeltuvas \u201eWildo Fire Flash PRO\u201c","description":"Skeltuvas nepaliks tav\u0119s b\u0117doje gamtoje \u2013 net ir \u0161lapiomis s\u0105lygomis. \u201eWildo\u201c skeltuvas yra auk\u0161tai vertinamas \u017eygeivi\u0173 ir yra svarbi \u017eygio \u012frangos dalis.","robots":{"index":"index","follow":"follow","max-snippet":"max-snippet:-1","max-image-preview":"max-image-preview:large","max-video-preview":"max-video-preview:-1"},"canonical":"https:\/\/toidupakk.ee\/lt\/toode\/skeltuvas-wildo-fire-flash-pro\/","og_locale":"lt_LT","og_type":"article","og_title":"Skeltuvas \u201eWildo Fire Flash PRO\u201c","og_description":"Skeltuvas nepaliks tav\u0119s b\u0117doje gamtoje \u2013 net ir \u0161lapiomis s\u0105lygomis. \u201eWildo\u201c skeltuvas yra auk\u0161tai vertinamas \u017eygeivi\u0173 ir yra svarbi \u017eygio \u012frangos dalis.","og_url":"https:\/\/toidupakk.ee\/lt\/toode\/skeltuvas-wildo-fire-flash-pro\/","og_site_name":"Toidupakk.ee - Tactical Foodpack toidupakid","article_publisher":"https:\/\/www.facebook.com\/Toidupakk","article_modified_time":"2026-04-04T03:01:16+00:00","og_image":[{"width":1080,"height":1080,"url":"https:\/\/toidupakk.ee\/wp-content\/uploads\/2022\/06\/Tulepulk-WILDO-Fire-Flash-PRO-1.png","type":"image\/png"}],"twitter_card":"summary_large_image","twitter_misc":{"Est. reading time":"3 minut\u0117s"},"schema":{"@context":"https:\/\/schema.org","@graph":[{"@type":"WebPage","@id":"https:\/\/toidupakk.ee\/lt\/toode\/skeltuvas-wildo-fire-flash-pro\/","url":"https:\/\/toidupakk.ee\/lt\/toode\/skeltuvas-wildo-fire-flash-pro\/","name":"Skeltuvas \u201eWildo Fire Flash PRO\u201c","isPartOf":{"@id":"https:\/\/toidupakk.ee\/lt\/#website"},"primaryImageOfPage":{"@id":"https:\/\/toidupakk.ee\/lt\/toode\/skeltuvas-wildo-fire-flash-pro\/#primaryimage"},"image":{"@id":"https:\/\/toidupakk.ee\/lt\/toode\/skeltuvas-wildo-fire-flash-pro\/#primaryimage"},"thumbnailUrl":"https:\/\/toidupakk.ee\/wp-content\/uploads\/2022\/06\/Tulepulk-WILDO-Fire-Flash-PRO-1.png","datePublished":"2022-06-10T12:47:30+00:00","dateModified":"2026-04-04T03:01:16+00:00","description":"Skeltuvas nepaliks tav\u0119s b\u0117doje gamtoje \u2013 net ir \u0161lapiomis s\u0105lygomis. \u201eWildo\u201c skeltuvas yra auk\u0161tai vertinamas \u017eygeivi\u0173 ir yra svarbi \u017eygio \u012frangos dalis.","breadcrumb":{"@id":"https:\/\/toidupakk.ee\/lt\/toode\/skeltuvas-wildo-fire-flash-pro\/#breadcrumb"},"inLanguage":"lt-LT","potentialAction":[{"@type":"ReadAction","target":["https:\/\/toidupakk.ee\/lt\/toode\/skeltuvas-wildo-fire-flash-pro\/"]}]},{"@type":"ImageObject","inLanguage":"lt-LT","@id":"https:\/\/toidupakk.ee\/lt\/toode\/skeltuvas-wildo-fire-flash-pro\/#primaryimage","url":"https:\/\/toidupakk.ee\/wp-content\/uploads\/2022\/06\/Tulepulk-WILDO-Fire-Flash-PRO-1.png","contentUrl":"https:\/\/toidupakk.ee\/wp-content\/uploads\/2022\/06\/Tulepulk-WILDO-Fire-Flash-PRO-1.png","width":1080,"height":1080,"caption":"Tulepulk"},{"@type":"BreadcrumbList","@id":"https:\/\/toidupakk.ee\/lt\/toode\/skeltuvas-wildo-fire-flash-pro\/#breadcrumb","itemListElement":[{"@type":"ListItem","position":1,"name":"Avaleht","item":"https:\/\/toidupakk.ee\/lt\/"},{"@type":"ListItem","position":2,"name":"El. parduotuv\u0117","item":"https:\/\/toidupakk.ee\/lt\/el-parduotuve\/"},{"@type":"ListItem","position":3,"name":"Skeltuvas \u201eWildo Fire Flash PRO\u201c"}]},{"@type":"WebSite","@id":"https:\/\/toidupakk.ee\/lt\/#website","url":"https:\/\/toidupakk.ee\/lt\/","name":"Toidupakk.ee - Tactical Foodpack toidupakid","description":"Tactical Foodpack k\u00fclmkuivatatud toidupakid ja matkaeined","publisher":{"@id":"https:\/\/toidupakk.ee\/lt\/#organization"},"potentialAction":[{"@type":"SearchAction","target":{"@type":"EntryPoint","urlTemplate":"https:\/\/toidupakk.ee\/lt\/?s={search_term_string}"},"query-input":{"@type":"PropertyValueSpecification","valueRequired":true,"valueName":"search_term_string"}}],"inLanguage":"lt-LT"},{"@type":"Organization","@id":"https:\/\/toidupakk.ee\/lt\/#organization","name":"Tactical Foodpack matkaeined","url":"https:\/\/toidupakk.ee\/lt\/","logo":{"@type":"ImageObject","inLanguage":"lt-LT","@id":"https:\/\/toidupakk.ee\/lt\/#\/schema\/logo\/image\/","url":"https:\/\/toidupakk.ee\/wp-content\/uploads\/2022\/01\/Toidupakk-matkapood-logo-transparent.png","contentUrl":"https:\/\/toidupakk.ee\/wp-content\/uploads\/2022\/01\/Toidupakk-matkapood-logo-transparent.png","width":500,"height":500,"caption":"Tactical Foodpack matkaeined"},"image":{"@id":"https:\/\/toidupakk.ee\/lt\/#\/schema\/logo\/image\/"},"sameAs":["https:\/\/www.facebook.com\/Toidupakk","https:\/\/www.instagram.com\/toidupakk\/"]}]}},"jetpack_sharing_enabled":true,"_links":{"self":[{"href":"https:\/\/toidupakk.ee\/lt\/wp-json\/wp\/v2\/product\/47520","targetHints":{"allow":["GET"]}}],"collection":[{"href":"https:\/\/toidupakk.ee\/lt\/wp-json\/wp\/v2\/product"}],"about":[{"href":"https:\/\/toidupakk.ee\/lt\/wp-json\/wp\/v2\/types\/product"}],"replies":[{"embeddable":true,"href":"https:\/\/toidupakk.ee\/lt\/wp-json\/wp\/v2\/comments?post=47520"}],"wp:featuredmedia":[{"embeddable":true,"href":"https:\/\/toidupakk.ee\/lt\/wp-json\/wp\/v2\/media\/2164"}],"wp:attachment":[{"href":"https:\/\/toidupakk.ee\/lt\/wp-json\/wp\/v2\/media?parent=47520"}],"wp:term":[{"taxonomy":"product_brand","embeddable":true,"href":"https:\/\/toidupakk.ee\/lt\/wp-json\/wp\/v2\/product_brand?post=47520"},{"taxonomy":"product_cat","embeddable":true,"href":"https:\/\/toidupakk.ee\/lt\/wp-json\/wp\/v2\/product_cat?post=47520"},{"taxonomy":"product_tag","embeddable":true,"href":"https:\/\/toidupakk.ee\/lt\/wp-json\/wp\/v2\/product_tag?post=47520"}],"curies":[{"name":"wp","href":"https:\/\/api.w.org\/{rel}","templated":true}]}}