{"id":47509,"date":"2022-05-02T15:09:42","date_gmt":"2022-05-02T12:09:42","guid":{"rendered":"https:\/\/toidupakk.ee\/toode\/repelentas-nuo-uodu-bens-max\/"},"modified":"2026-04-29T18:00:51","modified_gmt":"2026-04-29T15:00:51","slug":"repelentas-nuo-uodu-bens-max","status":"publish","type":"product","link":"https:\/\/toidupakk.ee\/lt\/toode\/repelentas-nuo-uodu-bens-max\/","title":{"rendered":"Repelentas nuo uod\u0173 \u201eBen&#8217;s Max\u201c"},"content":{"rendered":"<h1>Repelentas nuo uod\u0173 \u201eBen&#8217;s Max\u201c, kuris tikrai veikia<\/h1>\n<p>Repelento nuo uod\u0173 \u201eBen&#8217;s Max\u201c sud\u0117tyje yra did\u017eiausias leid\u017eiamas kiekis (50 %) veikliosios med\u017eiagos DEET (N,N-dietil-meta-toluamido), kuri laikoma iki \u0161iol veiksmingiausia sukurta priemone vabzd\u017eiams atbaidyti. Skirtingai nei alkoholio pagrindu pagaminti repelentai, \u0161is DEET pur\u0161kalas pagamintas vandens pagrindu, tod\u0117l nuo odos nugaruoja ma\u017eiau priemon\u0117s. Jis atbaido tokius vabzd\u017eius kaip uodai, erk\u0117s, briedmus\u0117s ir kiti \u012fkyr\u016bs vabzd\u017eiai, kurie gali platinti Laimo lig\u0105, Cikos virus\u0105, Vakar\u0173 Nilo virus\u0105 ir deng\u0117 kar\u0161tlig\u0119 (daugum\u0105 j\u0173 \u2013 tik u\u017esienyje). D\u0117l stipraus poveikio \u201eBen&#8217;s Max\u201c sunaudojama labai ma\u017eai, o <a href=\"https:\/\/toidupakk.ee\/tactical-foodpack\/matka-seljakott-75l-mil-tec\/\">\u017eygio krep\u0161yje<\/a> ar kitur j\u012f ne\u0161iotis itin lengva.   <\/p>\n<div id=\"attachment_1906\" style=\"width: 310px\" class=\"wp-caption alignnone\"><img fetchpriority=\"high\" decoding=\"async\" aria-describedby=\"caption-attachment-1906\" class=\"wp-image-1906 size-medium\" src=\"https:\/\/toidupakk.ee\/wp-content\/uploads\/2022\/05\/Saasetorje-Bens-Max-2-300x300.jpg\" alt=\"priemon\u0117 nuo vabzd\u017ei\u0173\" width=\"300\" height=\"300\" srcset=\"https:\/\/toidupakk.ee\/wp-content\/uploads\/2022\/05\/Saasetorje-Bens-Max-2-300x300.jpg 300w, https:\/\/toidupakk.ee\/wp-content\/uploads\/2022\/05\/Saasetorje-Bens-Max-2-400x400.jpg 400w, https:\/\/toidupakk.ee\/wp-content\/uploads\/2022\/05\/Saasetorje-Bens-Max-2-100x100.jpg 100w, https:\/\/toidupakk.ee\/wp-content\/uploads\/2022\/05\/Saasetorje-Bens-Max-2-800x800.jpg 800w, https:\/\/toidupakk.ee\/wp-content\/uploads\/2022\/05\/Saasetorje-Bens-Max-2-1024x1024.jpg 1024w, https:\/\/toidupakk.ee\/wp-content\/uploads\/2022\/05\/Saasetorje-Bens-Max-2-500x500.jpg 500w, https:\/\/toidupakk.ee\/wp-content\/uploads\/2022\/05\/Saasetorje-Bens-Max-2-768x768.jpg 768w, https:\/\/toidupakk.ee\/wp-content\/uploads\/2022\/05\/Saasetorje-Bens-Max-2.jpg 1500w\" sizes=\"(max-width: 300px) 100vw, 300px\" \/><p id=\"caption-attachment-1906\" class=\"wp-caption-text\">Repelentas nuo uod\u0173 \u201eBen&#8217;s 100\u201c<\/p><\/div>\n<h2>Kaip naudoti, kad repelentas nuo uod\u0173 pad\u0117t\u0173?<\/h2>\n<p>Nedidel\u012f kiek\u012f u\u017epurk\u0161k tiek ant drabu\u017ei\u0173, tiek ant odos, vengdamas purk\u0161ti tiesiai ant veido. Produktas pasi\u017eymi lengvu, bet maloniu kvapu, tod\u0117l visi prisiminimai apie intensyviai ir nemaloniai kvepian\u010dius repelentus su \u201eBen\u2019s Max\u201c liks tik praeityje.<br \/>\nNor\u0117damas efektyviai apsisaugoti nuo erki\u0173 ir blus\u0173, apipurk\u0161k ir avalyn\u0119, kojines bei kelnes. <\/p>\n<p>&nbsp;<\/p>\n<h2>Saugus repelento naudojimas<\/h2>\n<p>Nuimk apsaugin\u012f dangtel\u012f ir \u012f deln\u0105 \u012fpurk\u0161k ma\u017edaug du paspaudimus priemon\u0117s, tada tepk ant odos ir drabu\u017ei\u0173, laikydamas purk\u0161tuk\u0105 toliau nuo veido. Purk\u0161damas ne\u012fkv\u0117pk! Nepurk\u0161k ant \u017eaizd\u0173, nubrozdinim\u0173 ar sudirgusios odos.  <\/p>\n<p>\u201eBen\u2019s Max\u201c repelentas yra saugus naudoti ant odos. Ta\u010diau, kaip ir bet kurios med\u017eiagos ar preparato atveju, yra i\u0161im\u010di\u0173. Tod\u0117l produkto nerekomenduojama naudoti vaikams iki 10 met\u0173 ir n\u0117\u0161\u010dioms moterims.  <\/p>\n<h2><img decoding=\"async\" class=\"alignleft wp-image-1904 size-medium\" src=\"https:\/\/toidupakk.ee\/wp-content\/uploads\/2022\/05\/Saasetorje-Bens-Max-1-300x300.jpg\" alt=\"Repelentas \u201eBen's Max\u201c vabzd\u017eiams atbaidyti\" width=\"300\" height=\"300\" srcset=\"https:\/\/toidupakk.ee\/wp-content\/uploads\/2022\/05\/Saasetorje-Bens-Max-1-300x300.jpg 300w, https:\/\/toidupakk.ee\/wp-content\/uploads\/2022\/05\/Saasetorje-Bens-Max-1-400x400.jpg 400w, https:\/\/toidupakk.ee\/wp-content\/uploads\/2022\/05\/Saasetorje-Bens-Max-1-100x100.jpg 100w, https:\/\/toidupakk.ee\/wp-content\/uploads\/2022\/05\/Saasetorje-Bens-Max-1-800x800.jpg 800w, https:\/\/toidupakk.ee\/wp-content\/uploads\/2022\/05\/Saasetorje-Bens-Max-1-1024x1024.jpg 1024w, https:\/\/toidupakk.ee\/wp-content\/uploads\/2022\/05\/Saasetorje-Bens-Max-1-500x500.jpg 500w, https:\/\/toidupakk.ee\/wp-content\/uploads\/2022\/05\/Saasetorje-Bens-Max-1-768x768.jpg 768w, https:\/\/toidupakk.ee\/wp-content\/uploads\/2022\/05\/Saasetorje-Bens-Max-1.jpg 1500w\" sizes=\"(max-width: 300px) 100vw, 300px\" \/><\/h2>\n<p>&nbsp;<\/p>\n<p>&nbsp;<\/p>\n<h2><\/h2>\n<h2><\/h2>\n<h2><\/h2>\n<h2><\/h2>\n<h2><\/h2>\n<p>&nbsp;<\/p>\n<h2><\/h2>\n<h2>Atsargumo priemon\u0117s<\/h2>\n<ul>\n<li>Nenaudok priemon\u0117s aplink akis ir burn\u0105! Patep\u0119s od\u0105 delnais, kruop\u0161\u010diai nusiplauk rankas. <\/li>\n<li>Neleisk vaikams iki 10 met\u0173 naudoti priemon\u0117s savaranki\u0161kai. Jei nori naudoti priemon\u0119 vaikams, u\u017epurk\u0161k jos ant savo rank\u0173 ir patepk vaiko vietas, kurioms reikia apsaugos. <\/li>\n<li>Naudok saiking\u0105 kiek\u012f ant atviros odos. Nenaudok priemon\u0117s po drabu\u017eiais. <\/li>\n<li>Venk perdozavimo!<\/li>\n<li>Kai apsauga nebereikalinga, vietas, kurias tep\u0117te priemone, nuplaukite vandeniu ir muilu.<\/li>\n<li>I\u0161skalbk drabu\u017eius, ant kuri\u0173 naudojai priemon\u0119, prie\u0161 v\u0117l juos vilkdamas.<\/li>\n<li>Nepurk\u0161k priemon\u0117s u\u017edarose patalpose!<\/li>\n<\/ul>\n<p>&nbsp;<\/p>\n<p><strong>Laikymas<\/strong><br \/>\nLaikyti v\u0117sioje, sausoje, vaikams ir gyv\u016bnams nepasiekiamoje vietoje. Saugoti nuo kar\u0161\u010dio ir atviros liepsnos. <\/p>\n<p><strong>\u0160alinimas<\/strong><br \/>\nNemesti \u012f ugn\u012f ir neardyti! Tu\u0161\u010dio buteliuko nenaudoti kitiems tikslams! Tu\u0161\u010di\u0105 pakuot\u0119 pristatyti \u012f pavojing\u0173 atliek\u0173 surinkimo punkt\u0105 arba i\u0161mesti \u012f \u0161iuk\u0161liad\u0117\u017e\u0119.  <\/p>\n<p><strong>Pirmoji pagalba<\/strong><br \/>\nProduktui patekus \u012f akis, plauti dideliu kiekiu vandens. Prarijus produkt\u0105, nedelsiant kreiptis \u012f gydytoj\u0105! <\/p>\n<p>&nbsp;<\/p>\n<p>Daugiau \u017eygio preki\u0173 rasi <a href=\"https:\/\/toidupakk.ee\/lt\/tootekategooria\/zygio-iranga\/#section-3-79\">\u010cIA<\/a><\/p>\n<p>Daugiau \u017eygio maisto rasite <a href=\"https:\/\/toidupakk.ee\/lt\/tootekategooria\/zygio-maistas\/\">\u010cIA<\/a><\/p>\n<p>Pasisemk \u012fkv\u0117pimo kitiems nuotykiams Toidupakk <a href=\"https:\/\/www.instagram.com\/toidupakk\/\">Instagram<\/a> ir <a href=\"https:\/\/www.facebook.com\/Toidupakk\/\">Facebook<\/a> paskyrose.<\/p>\n","protected":false},"excerpt":{"rendered":"<p><strong>\u201eBen&#8217;s Max\u201c laikomas iki \u0161iol veiksmingiausia sukurta priemone nuo vabzd\u017ei\u0173. Tai \u017evej\u0173 bei med\u017eiotoj\u0173 favoritas ir nepakei\u010diamas kiekvieno gamtos myl\u0117tojo palydovas. <\/strong><\/p>\n<ul>\n<li>Iki <strong>8 val. apsauga nuo uod\u0173, erki\u0173, briedmusi\u0173<\/strong> ir kit\u0173 \u012fkyri\u0173 vabzd\u017ei\u0173<\/li>\n<li>D\u0117l itin veiksmingos sud\u0117ties \u0161io produkto sunaudojama ma\u017eiau nei kit\u0173 pana\u0161i\u0173 priemoni\u0173<\/li>\n<li>37 ml<\/li>\n<li>Lengvai naudojamame pur\u0161kiamame buteliuke<\/li>\n<li>Vandens pagrindu<\/li>\n<\/ul>\n<p><img decoding=\"async\" class=\"alignnone wp-image-1909 size-full\" src=\"https:\/\/toidupakk.ee\/wp-content\/uploads\/2022\/05\/Saasetorje-Bens-Max-4-e1713251010971.png\" alt=\"\" width=\"139\" height=\"196\"><\/p>\n","protected":false},"featured_media":47510,"comment_status":"open","ping_status":"closed","template":"","meta":{"_acf_changed":false},"product_brand":[],"product_cat":[259,217,189,190],"product_tag":[],"class_list":{"0":"post-47509","1":"product","2":"type-product","3":"status-publish","4":"has-post-thumbnail","6":"product_cat-apsauga-nuo-uodu-apsauga-nuo-vabzdziu-apsauga-nuo-erkiu","7":"product_cat-nakvyne-gamtoje","8":"product_cat-zygio-iranga","9":"product_cat-zygio-prekes","11":"first","12":"outofstock","13":"taxable","14":"shipping-taxable","15":"purchasable","16":"product-type-simple"},"bundled_by":[],"bundle_stock_status":"outofstock","bundle_stock_quantity":0,"bundle_virtual":false,"bundle_layout":"","bundle_add_to_cart_form_location":"","bundle_editable_in_cart":false,"bundle_sold_individually_context":"","bundle_item_grouping":"","bundle_min_size":"","bundle_max_size":"","bundle_price":[],"bundled_items":[],"bundle_sell_ids":[],"acf":[],"yoast_head":"<!-- This site is optimized with the Yoast SEO plugin v27.3 - https:\/\/yoast.com\/product\/yoast-seo-wordpress\/ -->\n<title>Repelentas nuo uod\u0173 \u201eBen&#039;s Max\u201c<\/title>\n<meta name=\"description\" content=\"Repelentas nuo uod\u0173 \u201eBen&#039;s Max\u201c laikomas viena veiksmingiausi\u0173 sukurt\u0173 priemoni\u0173 nuo vabzd\u017ei\u0173. Tai nepakei\u010diamas kiekvieno gamtos myl\u0117tojo palydovas.\" \/>\n<meta name=\"robots\" content=\"index, follow, max-snippet:-1, max-image-preview:large, max-video-preview:-1\" \/>\n<link rel=\"canonical\" href=\"https:\/\/toidupakk.ee\/lt\/toode\/repelentas-nuo-uodu-bens-max\/\" \/>\n<meta property=\"og:locale\" content=\"lt_LT\" \/>\n<meta property=\"og:type\" content=\"article\" \/>\n<meta property=\"og:title\" content=\"Repelentas nuo uod\u0173 \u201eBen&#039;s Max\u201c\" \/>\n<meta property=\"og:description\" content=\"Repelentas nuo uod\u0173 \u201eBen&#039;s Max\u201c laikomas viena veiksmingiausi\u0173 sukurt\u0173 priemoni\u0173 nuo vabzd\u017ei\u0173. Tai nepakei\u010diamas kiekvieno gamtos myl\u0117tojo palydovas.\" \/>\n<meta property=\"og:url\" content=\"https:\/\/toidupakk.ee\/lt\/toode\/repelentas-nuo-uodu-bens-max\/\" \/>\n<meta property=\"og:site_name\" content=\"Toidupakk.ee - Tactical Foodpack toidupakid\" \/>\n<meta property=\"article:publisher\" content=\"https:\/\/www.facebook.com\/Toidupakk\" \/>\n<meta property=\"article:modified_time\" content=\"2026-04-29T15:00:51+00:00\" \/>\n<meta property=\"og:image\" content=\"https:\/\/toidupakk.ee\/wp-content\/uploads\/2022\/05\/Saasetorje-Bens-Max.png\" \/>\n\t<meta property=\"og:image:width\" content=\"1080\" \/>\n\t<meta property=\"og:image:height\" content=\"1080\" \/>\n\t<meta property=\"og:image:type\" content=\"image\/png\" \/>\n<meta name=\"twitter:card\" content=\"summary_large_image\" \/>\n<meta name=\"twitter:label1\" content=\"Est. reading time\" \/>\n\t<meta name=\"twitter:data1\" content=\"2 minut\u0117s\" \/>\n<script type=\"application\/ld+json\" class=\"yoast-schema-graph\">{\"@context\":\"https:\\\/\\\/schema.org\",\"@graph\":[{\"@type\":\"WebPage\",\"@id\":\"https:\\\/\\\/toidupakk.ee\\\/lt\\\/toode\\\/repelentas-nuo-uodu-bens-max\\\/\",\"url\":\"https:\\\/\\\/toidupakk.ee\\\/lt\\\/toode\\\/repelentas-nuo-uodu-bens-max\\\/\",\"name\":\"Repelentas nuo uod\u0173 \u201eBen's Max\u201c\",\"isPartOf\":{\"@id\":\"https:\\\/\\\/toidupakk.ee\\\/lt\\\/#website\"},\"primaryImageOfPage\":{\"@id\":\"https:\\\/\\\/toidupakk.ee\\\/lt\\\/toode\\\/repelentas-nuo-uodu-bens-max\\\/#primaryimage\"},\"image\":{\"@id\":\"https:\\\/\\\/toidupakk.ee\\\/lt\\\/toode\\\/repelentas-nuo-uodu-bens-max\\\/#primaryimage\"},\"thumbnailUrl\":\"https:\\\/\\\/toidupakk.ee\\\/wp-content\\\/uploads\\\/2022\\\/05\\\/Saasetorje-Bens-Max.png\",\"datePublished\":\"2022-05-02T12:09:42+00:00\",\"dateModified\":\"2026-04-29T15:00:51+00:00\",\"description\":\"Repelentas nuo uod\u0173 \u201eBen's Max\u201c laikomas viena veiksmingiausi\u0173 sukurt\u0173 priemoni\u0173 nuo vabzd\u017ei\u0173. Tai nepakei\u010diamas kiekvieno gamtos myl\u0117tojo palydovas.\",\"breadcrumb\":{\"@id\":\"https:\\\/\\\/toidupakk.ee\\\/lt\\\/toode\\\/repelentas-nuo-uodu-bens-max\\\/#breadcrumb\"},\"inLanguage\":\"lt-LT\",\"potentialAction\":[{\"@type\":\"ReadAction\",\"target\":[\"https:\\\/\\\/toidupakk.ee\\\/lt\\\/toode\\\/repelentas-nuo-uodu-bens-max\\\/\"]}]},{\"@type\":\"ImageObject\",\"inLanguage\":\"lt-LT\",\"@id\":\"https:\\\/\\\/toidupakk.ee\\\/lt\\\/toode\\\/repelentas-nuo-uodu-bens-max\\\/#primaryimage\",\"url\":\"https:\\\/\\\/toidupakk.ee\\\/wp-content\\\/uploads\\\/2022\\\/05\\\/Saasetorje-Bens-Max.png\",\"contentUrl\":\"https:\\\/\\\/toidupakk.ee\\\/wp-content\\\/uploads\\\/2022\\\/05\\\/Saasetorje-Bens-Max.png\",\"width\":1080,\"height\":1080,\"caption\":\"repelento nuo uod\u0173 produkto nuotrauka\"},{\"@type\":\"BreadcrumbList\",\"@id\":\"https:\\\/\\\/toidupakk.ee\\\/lt\\\/toode\\\/repelentas-nuo-uodu-bens-max\\\/#breadcrumb\",\"itemListElement\":[{\"@type\":\"ListItem\",\"position\":1,\"name\":\"Avaleht\",\"item\":\"https:\\\/\\\/toidupakk.ee\\\/lt\\\/\"},{\"@type\":\"ListItem\",\"position\":2,\"name\":\"El. parduotuv\u0117\",\"item\":\"https:\\\/\\\/toidupakk.ee\\\/lt\\\/el-parduotuve\\\/\"},{\"@type\":\"ListItem\",\"position\":3,\"name\":\"Repelentas nuo uod\u0173 \u201eBen&#8217;s Max\u201c\"}]},{\"@type\":\"WebSite\",\"@id\":\"https:\\\/\\\/toidupakk.ee\\\/lt\\\/#website\",\"url\":\"https:\\\/\\\/toidupakk.ee\\\/lt\\\/\",\"name\":\"Toidupakk.ee - Tactical Foodpack toidupakid\",\"description\":\"Tactical Foodpack k\u00fclmkuivatatud toidupakid ja matkaeined\",\"publisher\":{\"@id\":\"https:\\\/\\\/toidupakk.ee\\\/lt\\\/#organization\"},\"potentialAction\":[{\"@type\":\"SearchAction\",\"target\":{\"@type\":\"EntryPoint\",\"urlTemplate\":\"https:\\\/\\\/toidupakk.ee\\\/lt\\\/?s={search_term_string}\"},\"query-input\":{\"@type\":\"PropertyValueSpecification\",\"valueRequired\":true,\"valueName\":\"search_term_string\"}}],\"inLanguage\":\"lt-LT\"},{\"@type\":\"Organization\",\"@id\":\"https:\\\/\\\/toidupakk.ee\\\/lt\\\/#organization\",\"name\":\"Tactical Foodpack matkaeined\",\"url\":\"https:\\\/\\\/toidupakk.ee\\\/lt\\\/\",\"logo\":{\"@type\":\"ImageObject\",\"inLanguage\":\"lt-LT\",\"@id\":\"https:\\\/\\\/toidupakk.ee\\\/lt\\\/#\\\/schema\\\/logo\\\/image\\\/\",\"url\":\"https:\\\/\\\/toidupakk.ee\\\/wp-content\\\/uploads\\\/2022\\\/01\\\/Toidupakk-matkapood-logo-transparent.png\",\"contentUrl\":\"https:\\\/\\\/toidupakk.ee\\\/wp-content\\\/uploads\\\/2022\\\/01\\\/Toidupakk-matkapood-logo-transparent.png\",\"width\":500,\"height\":500,\"caption\":\"Tactical Foodpack matkaeined\"},\"image\":{\"@id\":\"https:\\\/\\\/toidupakk.ee\\\/lt\\\/#\\\/schema\\\/logo\\\/image\\\/\"},\"sameAs\":[\"https:\\\/\\\/www.facebook.com\\\/Toidupakk\",\"https:\\\/\\\/www.instagram.com\\\/toidupakk\\\/\"]}]}<\/script>\n<!-- \/ Yoast SEO plugin. -->","yoast_head_json":{"title":"Repelentas nuo uod\u0173 \u201eBen's Max\u201c","description":"Repelentas nuo uod\u0173 \u201eBen's Max\u201c laikomas viena veiksmingiausi\u0173 sukurt\u0173 priemoni\u0173 nuo vabzd\u017ei\u0173. Tai nepakei\u010diamas kiekvieno gamtos myl\u0117tojo palydovas.","robots":{"index":"index","follow":"follow","max-snippet":"max-snippet:-1","max-image-preview":"max-image-preview:large","max-video-preview":"max-video-preview:-1"},"canonical":"https:\/\/toidupakk.ee\/lt\/toode\/repelentas-nuo-uodu-bens-max\/","og_locale":"lt_LT","og_type":"article","og_title":"Repelentas nuo uod\u0173 \u201eBen's Max\u201c","og_description":"Repelentas nuo uod\u0173 \u201eBen's Max\u201c laikomas viena veiksmingiausi\u0173 sukurt\u0173 priemoni\u0173 nuo vabzd\u017ei\u0173. Tai nepakei\u010diamas kiekvieno gamtos myl\u0117tojo palydovas.","og_url":"https:\/\/toidupakk.ee\/lt\/toode\/repelentas-nuo-uodu-bens-max\/","og_site_name":"Toidupakk.ee - Tactical Foodpack toidupakid","article_publisher":"https:\/\/www.facebook.com\/Toidupakk","article_modified_time":"2026-04-29T15:00:51+00:00","og_image":[{"width":1080,"height":1080,"url":"https:\/\/toidupakk.ee\/wp-content\/uploads\/2022\/05\/Saasetorje-Bens-Max.png","type":"image\/png"}],"twitter_card":"summary_large_image","twitter_misc":{"Est. reading time":"2 minut\u0117s"},"schema":{"@context":"https:\/\/schema.org","@graph":[{"@type":"WebPage","@id":"https:\/\/toidupakk.ee\/lt\/toode\/repelentas-nuo-uodu-bens-max\/","url":"https:\/\/toidupakk.ee\/lt\/toode\/repelentas-nuo-uodu-bens-max\/","name":"Repelentas nuo uod\u0173 \u201eBen's Max\u201c","isPartOf":{"@id":"https:\/\/toidupakk.ee\/lt\/#website"},"primaryImageOfPage":{"@id":"https:\/\/toidupakk.ee\/lt\/toode\/repelentas-nuo-uodu-bens-max\/#primaryimage"},"image":{"@id":"https:\/\/toidupakk.ee\/lt\/toode\/repelentas-nuo-uodu-bens-max\/#primaryimage"},"thumbnailUrl":"https:\/\/toidupakk.ee\/wp-content\/uploads\/2022\/05\/Saasetorje-Bens-Max.png","datePublished":"2022-05-02T12:09:42+00:00","dateModified":"2026-04-29T15:00:51+00:00","description":"Repelentas nuo uod\u0173 \u201eBen's Max\u201c laikomas viena veiksmingiausi\u0173 sukurt\u0173 priemoni\u0173 nuo vabzd\u017ei\u0173. Tai nepakei\u010diamas kiekvieno gamtos myl\u0117tojo palydovas.","breadcrumb":{"@id":"https:\/\/toidupakk.ee\/lt\/toode\/repelentas-nuo-uodu-bens-max\/#breadcrumb"},"inLanguage":"lt-LT","potentialAction":[{"@type":"ReadAction","target":["https:\/\/toidupakk.ee\/lt\/toode\/repelentas-nuo-uodu-bens-max\/"]}]},{"@type":"ImageObject","inLanguage":"lt-LT","@id":"https:\/\/toidupakk.ee\/lt\/toode\/repelentas-nuo-uodu-bens-max\/#primaryimage","url":"https:\/\/toidupakk.ee\/wp-content\/uploads\/2022\/05\/Saasetorje-Bens-Max.png","contentUrl":"https:\/\/toidupakk.ee\/wp-content\/uploads\/2022\/05\/Saasetorje-Bens-Max.png","width":1080,"height":1080,"caption":"repelento nuo uod\u0173 produkto nuotrauka"},{"@type":"BreadcrumbList","@id":"https:\/\/toidupakk.ee\/lt\/toode\/repelentas-nuo-uodu-bens-max\/#breadcrumb","itemListElement":[{"@type":"ListItem","position":1,"name":"Avaleht","item":"https:\/\/toidupakk.ee\/lt\/"},{"@type":"ListItem","position":2,"name":"El. parduotuv\u0117","item":"https:\/\/toidupakk.ee\/lt\/el-parduotuve\/"},{"@type":"ListItem","position":3,"name":"Repelentas nuo uod\u0173 \u201eBen&#8217;s Max\u201c"}]},{"@type":"WebSite","@id":"https:\/\/toidupakk.ee\/lt\/#website","url":"https:\/\/toidupakk.ee\/lt\/","name":"Toidupakk.ee - Tactical Foodpack toidupakid","description":"Tactical Foodpack k\u00fclmkuivatatud toidupakid ja matkaeined","publisher":{"@id":"https:\/\/toidupakk.ee\/lt\/#organization"},"potentialAction":[{"@type":"SearchAction","target":{"@type":"EntryPoint","urlTemplate":"https:\/\/toidupakk.ee\/lt\/?s={search_term_string}"},"query-input":{"@type":"PropertyValueSpecification","valueRequired":true,"valueName":"search_term_string"}}],"inLanguage":"lt-LT"},{"@type":"Organization","@id":"https:\/\/toidupakk.ee\/lt\/#organization","name":"Tactical Foodpack matkaeined","url":"https:\/\/toidupakk.ee\/lt\/","logo":{"@type":"ImageObject","inLanguage":"lt-LT","@id":"https:\/\/toidupakk.ee\/lt\/#\/schema\/logo\/image\/","url":"https:\/\/toidupakk.ee\/wp-content\/uploads\/2022\/01\/Toidupakk-matkapood-logo-transparent.png","contentUrl":"https:\/\/toidupakk.ee\/wp-content\/uploads\/2022\/01\/Toidupakk-matkapood-logo-transparent.png","width":500,"height":500,"caption":"Tactical Foodpack matkaeined"},"image":{"@id":"https:\/\/toidupakk.ee\/lt\/#\/schema\/logo\/image\/"},"sameAs":["https:\/\/www.facebook.com\/Toidupakk","https:\/\/www.instagram.com\/toidupakk\/"]}]}},"jetpack_sharing_enabled":true,"_links":{"self":[{"href":"https:\/\/toidupakk.ee\/lt\/wp-json\/wp\/v2\/product\/47509","targetHints":{"allow":["GET"]}}],"collection":[{"href":"https:\/\/toidupakk.ee\/lt\/wp-json\/wp\/v2\/product"}],"about":[{"href":"https:\/\/toidupakk.ee\/lt\/wp-json\/wp\/v2\/types\/product"}],"replies":[{"embeddable":true,"href":"https:\/\/toidupakk.ee\/lt\/wp-json\/wp\/v2\/comments?post=47509"}],"wp:featuredmedia":[{"embeddable":true,"href":"https:\/\/toidupakk.ee\/lt\/wp-json\/wp\/v2\/media\/47510"}],"wp:attachment":[{"href":"https:\/\/toidupakk.ee\/lt\/wp-json\/wp\/v2\/media?parent=47509"}],"wp:term":[{"taxonomy":"product_brand","embeddable":true,"href":"https:\/\/toidupakk.ee\/lt\/wp-json\/wp\/v2\/product_brand?post=47509"},{"taxonomy":"product_cat","embeddable":true,"href":"https:\/\/toidupakk.ee\/lt\/wp-json\/wp\/v2\/product_cat?post=47509"},{"taxonomy":"product_tag","embeddable":true,"href":"https:\/\/toidupakk.ee\/lt\/wp-json\/wp\/v2\/product_tag?post=47509"}],"curies":[{"name":"wp","href":"https:\/\/api.w.org\/{rel}","templated":true}]}}