{"id":47504,"date":"2022-06-03T13:38:29","date_gmt":"2022-06-03T10:38:29","guid":{"rendered":"https:\/\/toidupakk.ee\/toode\/turistine-keptuve-su-sulankstoma-rankena\/"},"modified":"2026-04-15T03:00:34","modified_gmt":"2026-04-15T00:00:34","slug":"turistine-keptuve-su-sulankstoma-rankena","status":"publish","type":"product","link":"https:\/\/toidupakk.ee\/lt\/toode\/turistine-keptuve-su-sulankstoma-rankena\/","title":{"rendered":"Turistin\u0117 keptuv\u0117 su sulankstoma rankena"},"content":{"rendered":"<h1><img fetchpriority=\"high\" decoding=\"async\" class=\"alignright wp-image-2060 size-thumbnail\" src=\"https:\/\/toidupakk.ee\/wp-content\/uploads\/2022\/06\/Untitled-design-25-500x500.png\" alt=\"Bendras turistin\u0117s keptuv\u0117s vaizdas\" width=\"500\" height=\"500\" srcset=\"https:\/\/toidupakk.ee\/wp-content\/uploads\/2022\/06\/Untitled-design-25-500x500.png 500w, https:\/\/toidupakk.ee\/wp-content\/uploads\/2022\/06\/Untitled-design-25-400x400.png 400w, https:\/\/toidupakk.ee\/wp-content\/uploads\/2022\/06\/Untitled-design-25-100x100.png 100w, https:\/\/toidupakk.ee\/wp-content\/uploads\/2022\/06\/Untitled-design-25-800x800.png 800w, https:\/\/toidupakk.ee\/wp-content\/uploads\/2022\/06\/Untitled-design-25-300x300.png 300w, https:\/\/toidupakk.ee\/wp-content\/uploads\/2022\/06\/Untitled-design-25-1024x1024.png 1024w, https:\/\/toidupakk.ee\/wp-content\/uploads\/2022\/06\/Untitled-design-25-768x768.png 768w, https:\/\/toidupakk.ee\/wp-content\/uploads\/2022\/06\/Untitled-design-25.png 1080w\" sizes=\"(max-width: 500px) 100vw, 500px\" \/><\/h1>\n<h1>Turistin\u0117 keptuv\u0117 turi b\u016bti lengva ir kompakti\u0161ka<\/h1>\n<p>Sunkiai ir masyviai keptuvei \u017eygio kuprin\u0117je ne vieta. \u017dygyje itin svarbus \u012frangos svoris ir kompakti\u0161kumas. Turistin\u0117 keptuv\u0117 tur\u0117t\u0173 b\u016bti tokia pat gera, kaip ir ta, kuri\u0105 turi namuose (o kod\u0117l gi ne dar geresn\u0117?). Kokybi\u0161ka keptuv\u0117 sveria nedaug. \u017dinoma, kuo lengvesn\u0117, tuo geriau, ta\u010diau svoris tur\u0117t\u0173 b\u016bti ma\u017eesnis nei 500 g.    <\/p>\n<p>Turistin\u0117s keptuv\u0117s rankena turi b\u016bti nuimama arba sulankstoma. \u017dygio kuprin\u0117je niekada neb\u016bna per daug vietos, o fiksuota rankena tiesiog visur kli\u016bt\u0173. Sulankstoma rankena tur\u0117t\u0173 b\u016bti tokia, kuri\u0105 gaminant maist\u0105 b\u016bt\u0173 galima u\u017efiksuoti. Tai padeda i\u0161vengti nelaiming\u0173 atsitikim\u0173 dirbant su kar\u0161ta keptuve.   <\/p>\n<p>Tre\u010dia svarbi \u017eygio keptuv\u0117s savyb\u0117 \u2013 kad maistas neprilipt\u0173 prie dugno. Galimyb\u0117s plauti indus \u017eygyje paprastai yra ribotos (jei i\u0161vis yra), tad da\u017enai tenka apsieiti tik su \u0161altu vandeniu, be plovikli\u0173 arba su labai ma\u017eai vandens. Patogu gaminti keptuv\u0117je, kuri\u0105 po naudojimo galima tiesiog nuvalyti dr\u0117gna servet\u0117le.  <\/p>\n<p>M\u016bs\u0173 parduodamos keptuv\u0117s rankena papildomai padengta kar\u0161\u010diui atspariu silikono ir plastiko sluoksniu. Tai apsaugo rank\u0105 nuo kar\u0161\u010dio ir padeda i\u0161vengti keptuv\u0117s i\u0161kritimo. <\/p>\n<p>Gaminys pagamintas i\u0161 kokybi\u0161ko, bet lengvo metalo. Danga neleid\u017eia maistui prikepti gaminimo metu. Keptuv\u0117 yra patvari ir ner\u016bdijanti. Tod\u0117l m\u016bs\u0173 turistin\u0117 keptuv\u0117 tarnaus ilgai ir tikriausiai bus patikimas palydovas ne vienerius metus.   <\/p>\n<h2>Turistin\u0119 keptuv\u0119 patogu naudoti su turistine virykle ar duj\u0173 degikliu.<\/h2>\n<p>M\u016bs\u0173 parduotuv\u0117s asortimente prie keptuv\u0117s gali i\u0161sirinkti ir kompakti\u0161k\u0105 virykl\u0119 bei reikiamus indus \u017eygiui. \u017dinoma, turime ir <a href=\"https:\/\/toidupakk.ee\/lt\/toode\/duju-balionelis-500-g-didelis-flakonas-su-sriegiu-butano-ir-propano-misinys-el-gaz\/\">500 g duj\u0173 balion\u0105<\/a>, kuris tinka tiek <a href=\"Turistin\u0117%20virykl\u0117%20Mil-Tec%20Spider\">\u201eMil-Tec Spider\u201c viryklei<\/a>, tiek <a href=\"https:\/\/toidupakk.ee\/tactical-foodpack\/matkapliit-mini-elektrilise-suutega\/\">MINI viryklei su elektriniu u\u017edegimu<\/a>. <\/p>\n<p>&nbsp;<\/p>\n<p>Daugiau \u017eygio preki\u0173 rasi <a href=\"https:\/\/toidupakk.ee\/lt\/tootekategooria\/zygio-iranga\/#section-3-79\">\u010cIA<\/a><\/p>\n<p>Pasisemk \u012fkv\u0117pimo kitiems nuotykiams Toidupakk <a href=\"https:\/\/www.instagram.com\/toidupakk\/\">Instagram<\/a> ir <a href=\"https:\/\/www.facebook.com\/Toidupakk\/\">Facebook<\/a> paskyrose.<\/p>\n","protected":false},"excerpt":{"rendered":"<p><strong>Lengva ir kompakti\u0161ka turistin\u0117 keptuv\u0117, kuri\u0105 paprasta valyti.<\/strong><\/p>\n<ul>\n<li>U\u017eima ma\u017eiau vietos kuprin\u0117je<\/li>\n<li>Sulankstoma rankena<\/li>\n<li>Med\u017eiaga: plienas<\/li>\n<li>Neprideganti danga<\/li>\n<li>Skersmuo: 25 cm<\/li>\n<li>Gylis: 4,7 cm<\/li>\n<li>Svoris: 460 g<\/li>\n<\/ul>\n<p>\u2705 Turime sand\u0117lyje, greitas pristatymas per 1\u20133 darbo dienas<\/p>\n","protected":false},"featured_media":2063,"comment_status":"open","ping_status":"closed","template":"","meta":{"_acf_changed":false},"product_brand":[],"product_cat":[193,196,210,197,189,190],"product_tag":[],"class_list":{"0":"post-47504","1":"product","2":"type-product","3":"status-publish","4":"has-post-thumbnail","6":"product_cat-karine-ekipuote","7":"product_cat-maisto-gaminimas","8":"product_cat-mil-tec","9":"product_cat-stalo-irankiai","10":"product_cat-zygio-iranga","11":"product_cat-zygio-prekes","13":"first","14":"instock","15":"sale","16":"taxable","17":"shipping-taxable","18":"purchasable","19":"product-type-simple"},"bundled_by":[],"bundle_stock_status":"instock","bundle_stock_quantity":2,"bundle_virtual":false,"bundle_layout":"","bundle_add_to_cart_form_location":"","bundle_editable_in_cart":false,"bundle_sold_individually_context":"","bundle_item_grouping":"","bundle_min_size":"","bundle_max_size":"","bundle_price":[],"bundled_items":[],"bundle_sell_ids":[],"acf":[],"yoast_head":"<!-- This site is optimized with the Yoast SEO plugin v27.3 - https:\/\/yoast.com\/product\/yoast-seo-wordpress\/ -->\n<title>Turistin\u0117 keptuv\u0117 su sulankstoma rankena - Toidupakk.ee - Tactical Foodpack toidupakid<\/title>\n<meta name=\"description\" content=\"Turistin\u0117 keptuv\u0117 su nepridegan\u010dia danga ir sulankstoma rankena. Patvari plienin\u0117 keptuv\u0117 \u2013 idealus palydovas \u017eygio virtuv\u0117je.\" \/>\n<meta name=\"robots\" content=\"index, follow, max-snippet:-1, max-image-preview:large, max-video-preview:-1\" \/>\n<link rel=\"canonical\" href=\"https:\/\/toidupakk.ee\/lt\/toode\/turistine-keptuve-su-sulankstoma-rankena\/\" \/>\n<meta property=\"og:locale\" content=\"lt_LT\" \/>\n<meta property=\"og:type\" content=\"article\" \/>\n<meta property=\"og:title\" content=\"Turistin\u0117 keptuv\u0117 su sulankstoma rankena - Toidupakk.ee - Tactical Foodpack toidupakid\" \/>\n<meta property=\"og:description\" content=\"Turistin\u0117 keptuv\u0117 su nepridegan\u010dia danga ir sulankstoma rankena. Patvari plienin\u0117 keptuv\u0117 \u2013 idealus palydovas \u017eygio virtuv\u0117je.\" \/>\n<meta property=\"og:url\" content=\"https:\/\/toidupakk.ee\/lt\/toode\/turistine-keptuve-su-sulankstoma-rankena\/\" \/>\n<meta property=\"og:site_name\" content=\"Toidupakk.ee - Tactical Foodpack toidupakid\" \/>\n<meta property=\"article:publisher\" content=\"https:\/\/www.facebook.com\/Toidupakk\" \/>\n<meta property=\"article:modified_time\" content=\"2026-04-15T00:00:34+00:00\" \/>\n<meta property=\"og:image\" content=\"https:\/\/toidupakk.ee\/wp-content\/uploads\/2022\/06\/Untitled-design-28.png\" \/>\n\t<meta property=\"og:image:width\" content=\"1080\" \/>\n\t<meta property=\"og:image:height\" content=\"1080\" \/>\n\t<meta property=\"og:image:type\" content=\"image\/png\" \/>\n<meta name=\"twitter:card\" content=\"summary_large_image\" \/>\n<meta name=\"twitter:label1\" content=\"Est. reading time\" \/>\n\t<meta name=\"twitter:data1\" content=\"2 minut\u0117s\" \/>\n<script type=\"application\/ld+json\" class=\"yoast-schema-graph\">{\"@context\":\"https:\\\/\\\/schema.org\",\"@graph\":[{\"@type\":\"WebPage\",\"@id\":\"https:\\\/\\\/toidupakk.ee\\\/lt\\\/toode\\\/turistine-keptuve-su-sulankstoma-rankena\\\/\",\"url\":\"https:\\\/\\\/toidupakk.ee\\\/lt\\\/toode\\\/turistine-keptuve-su-sulankstoma-rankena\\\/\",\"name\":\"Turistin\u0117 keptuv\u0117 su sulankstoma rankena - Toidupakk.ee - Tactical Foodpack toidupakid\",\"isPartOf\":{\"@id\":\"https:\\\/\\\/toidupakk.ee\\\/lt\\\/#website\"},\"primaryImageOfPage\":{\"@id\":\"https:\\\/\\\/toidupakk.ee\\\/lt\\\/toode\\\/turistine-keptuve-su-sulankstoma-rankena\\\/#primaryimage\"},\"image\":{\"@id\":\"https:\\\/\\\/toidupakk.ee\\\/lt\\\/toode\\\/turistine-keptuve-su-sulankstoma-rankena\\\/#primaryimage\"},\"thumbnailUrl\":\"https:\\\/\\\/toidupakk.ee\\\/wp-content\\\/uploads\\\/2022\\\/06\\\/Untitled-design-28.png\",\"datePublished\":\"2022-06-03T10:38:29+00:00\",\"dateModified\":\"2026-04-15T00:00:34+00:00\",\"description\":\"Turistin\u0117 keptuv\u0117 su nepridegan\u010dia danga ir sulankstoma rankena. Patvari plienin\u0117 keptuv\u0117 \u2013 idealus palydovas \u017eygio virtuv\u0117je.\",\"breadcrumb\":{\"@id\":\"https:\\\/\\\/toidupakk.ee\\\/lt\\\/toode\\\/turistine-keptuve-su-sulankstoma-rankena\\\/#breadcrumb\"},\"inLanguage\":\"lt-LT\",\"potentialAction\":[{\"@type\":\"ReadAction\",\"target\":[\"https:\\\/\\\/toidupakk.ee\\\/lt\\\/toode\\\/turistine-keptuve-su-sulankstoma-rankena\\\/\"]}]},{\"@type\":\"ImageObject\",\"inLanguage\":\"lt-LT\",\"@id\":\"https:\\\/\\\/toidupakk.ee\\\/lt\\\/toode\\\/turistine-keptuve-su-sulankstoma-rankena\\\/#primaryimage\",\"url\":\"https:\\\/\\\/toidupakk.ee\\\/wp-content\\\/uploads\\\/2022\\\/06\\\/Untitled-design-28.png\",\"contentUrl\":\"https:\\\/\\\/toidupakk.ee\\\/wp-content\\\/uploads\\\/2022\\\/06\\\/Untitled-design-28.png\",\"width\":1080,\"height\":1080,\"caption\":\"Matkapann kokkuklapitav\"},{\"@type\":\"BreadcrumbList\",\"@id\":\"https:\\\/\\\/toidupakk.ee\\\/lt\\\/toode\\\/turistine-keptuve-su-sulankstoma-rankena\\\/#breadcrumb\",\"itemListElement\":[{\"@type\":\"ListItem\",\"position\":1,\"name\":\"Avaleht\",\"item\":\"https:\\\/\\\/toidupakk.ee\\\/lt\\\/\"},{\"@type\":\"ListItem\",\"position\":2,\"name\":\"El. parduotuv\u0117\",\"item\":\"https:\\\/\\\/toidupakk.ee\\\/lt\\\/el-parduotuve\\\/\"},{\"@type\":\"ListItem\",\"position\":3,\"name\":\"Turistin\u0117 keptuv\u0117 su sulankstoma rankena\"}]},{\"@type\":\"WebSite\",\"@id\":\"https:\\\/\\\/toidupakk.ee\\\/lt\\\/#website\",\"url\":\"https:\\\/\\\/toidupakk.ee\\\/lt\\\/\",\"name\":\"Toidupakk.ee - Tactical Foodpack toidupakid\",\"description\":\"Tactical Foodpack k\u00fclmkuivatatud toidupakid ja matkaeined\",\"publisher\":{\"@id\":\"https:\\\/\\\/toidupakk.ee\\\/lt\\\/#organization\"},\"potentialAction\":[{\"@type\":\"SearchAction\",\"target\":{\"@type\":\"EntryPoint\",\"urlTemplate\":\"https:\\\/\\\/toidupakk.ee\\\/lt\\\/?s={search_term_string}\"},\"query-input\":{\"@type\":\"PropertyValueSpecification\",\"valueRequired\":true,\"valueName\":\"search_term_string\"}}],\"inLanguage\":\"lt-LT\"},{\"@type\":\"Organization\",\"@id\":\"https:\\\/\\\/toidupakk.ee\\\/lt\\\/#organization\",\"name\":\"Tactical Foodpack matkaeined\",\"url\":\"https:\\\/\\\/toidupakk.ee\\\/lt\\\/\",\"logo\":{\"@type\":\"ImageObject\",\"inLanguage\":\"lt-LT\",\"@id\":\"https:\\\/\\\/toidupakk.ee\\\/lt\\\/#\\\/schema\\\/logo\\\/image\\\/\",\"url\":\"https:\\\/\\\/toidupakk.ee\\\/wp-content\\\/uploads\\\/2022\\\/01\\\/Toidupakk-matkapood-logo-transparent.png\",\"contentUrl\":\"https:\\\/\\\/toidupakk.ee\\\/wp-content\\\/uploads\\\/2022\\\/01\\\/Toidupakk-matkapood-logo-transparent.png\",\"width\":500,\"height\":500,\"caption\":\"Tactical Foodpack matkaeined\"},\"image\":{\"@id\":\"https:\\\/\\\/toidupakk.ee\\\/lt\\\/#\\\/schema\\\/logo\\\/image\\\/\"},\"sameAs\":[\"https:\\\/\\\/www.facebook.com\\\/Toidupakk\",\"https:\\\/\\\/www.instagram.com\\\/toidupakk\\\/\"]}]}<\/script>\n<!-- \/ Yoast SEO plugin. -->","yoast_head_json":{"title":"Turistin\u0117 keptuv\u0117 su sulankstoma rankena - Toidupakk.ee - Tactical Foodpack toidupakid","description":"Turistin\u0117 keptuv\u0117 su nepridegan\u010dia danga ir sulankstoma rankena. Patvari plienin\u0117 keptuv\u0117 \u2013 idealus palydovas \u017eygio virtuv\u0117je.","robots":{"index":"index","follow":"follow","max-snippet":"max-snippet:-1","max-image-preview":"max-image-preview:large","max-video-preview":"max-video-preview:-1"},"canonical":"https:\/\/toidupakk.ee\/lt\/toode\/turistine-keptuve-su-sulankstoma-rankena\/","og_locale":"lt_LT","og_type":"article","og_title":"Turistin\u0117 keptuv\u0117 su sulankstoma rankena - Toidupakk.ee - Tactical Foodpack toidupakid","og_description":"Turistin\u0117 keptuv\u0117 su nepridegan\u010dia danga ir sulankstoma rankena. Patvari plienin\u0117 keptuv\u0117 \u2013 idealus palydovas \u017eygio virtuv\u0117je.","og_url":"https:\/\/toidupakk.ee\/lt\/toode\/turistine-keptuve-su-sulankstoma-rankena\/","og_site_name":"Toidupakk.ee - Tactical Foodpack toidupakid","article_publisher":"https:\/\/www.facebook.com\/Toidupakk","article_modified_time":"2026-04-15T00:00:34+00:00","og_image":[{"width":1080,"height":1080,"url":"https:\/\/toidupakk.ee\/wp-content\/uploads\/2022\/06\/Untitled-design-28.png","type":"image\/png"}],"twitter_card":"summary_large_image","twitter_misc":{"Est. reading time":"2 minut\u0117s"},"schema":{"@context":"https:\/\/schema.org","@graph":[{"@type":"WebPage","@id":"https:\/\/toidupakk.ee\/lt\/toode\/turistine-keptuve-su-sulankstoma-rankena\/","url":"https:\/\/toidupakk.ee\/lt\/toode\/turistine-keptuve-su-sulankstoma-rankena\/","name":"Turistin\u0117 keptuv\u0117 su sulankstoma rankena - Toidupakk.ee - Tactical Foodpack toidupakid","isPartOf":{"@id":"https:\/\/toidupakk.ee\/lt\/#website"},"primaryImageOfPage":{"@id":"https:\/\/toidupakk.ee\/lt\/toode\/turistine-keptuve-su-sulankstoma-rankena\/#primaryimage"},"image":{"@id":"https:\/\/toidupakk.ee\/lt\/toode\/turistine-keptuve-su-sulankstoma-rankena\/#primaryimage"},"thumbnailUrl":"https:\/\/toidupakk.ee\/wp-content\/uploads\/2022\/06\/Untitled-design-28.png","datePublished":"2022-06-03T10:38:29+00:00","dateModified":"2026-04-15T00:00:34+00:00","description":"Turistin\u0117 keptuv\u0117 su nepridegan\u010dia danga ir sulankstoma rankena. Patvari plienin\u0117 keptuv\u0117 \u2013 idealus palydovas \u017eygio virtuv\u0117je.","breadcrumb":{"@id":"https:\/\/toidupakk.ee\/lt\/toode\/turistine-keptuve-su-sulankstoma-rankena\/#breadcrumb"},"inLanguage":"lt-LT","potentialAction":[{"@type":"ReadAction","target":["https:\/\/toidupakk.ee\/lt\/toode\/turistine-keptuve-su-sulankstoma-rankena\/"]}]},{"@type":"ImageObject","inLanguage":"lt-LT","@id":"https:\/\/toidupakk.ee\/lt\/toode\/turistine-keptuve-su-sulankstoma-rankena\/#primaryimage","url":"https:\/\/toidupakk.ee\/wp-content\/uploads\/2022\/06\/Untitled-design-28.png","contentUrl":"https:\/\/toidupakk.ee\/wp-content\/uploads\/2022\/06\/Untitled-design-28.png","width":1080,"height":1080,"caption":"Matkapann kokkuklapitav"},{"@type":"BreadcrumbList","@id":"https:\/\/toidupakk.ee\/lt\/toode\/turistine-keptuve-su-sulankstoma-rankena\/#breadcrumb","itemListElement":[{"@type":"ListItem","position":1,"name":"Avaleht","item":"https:\/\/toidupakk.ee\/lt\/"},{"@type":"ListItem","position":2,"name":"El. parduotuv\u0117","item":"https:\/\/toidupakk.ee\/lt\/el-parduotuve\/"},{"@type":"ListItem","position":3,"name":"Turistin\u0117 keptuv\u0117 su sulankstoma rankena"}]},{"@type":"WebSite","@id":"https:\/\/toidupakk.ee\/lt\/#website","url":"https:\/\/toidupakk.ee\/lt\/","name":"Toidupakk.ee - Tactical Foodpack toidupakid","description":"Tactical Foodpack k\u00fclmkuivatatud toidupakid ja matkaeined","publisher":{"@id":"https:\/\/toidupakk.ee\/lt\/#organization"},"potentialAction":[{"@type":"SearchAction","target":{"@type":"EntryPoint","urlTemplate":"https:\/\/toidupakk.ee\/lt\/?s={search_term_string}"},"query-input":{"@type":"PropertyValueSpecification","valueRequired":true,"valueName":"search_term_string"}}],"inLanguage":"lt-LT"},{"@type":"Organization","@id":"https:\/\/toidupakk.ee\/lt\/#organization","name":"Tactical Foodpack matkaeined","url":"https:\/\/toidupakk.ee\/lt\/","logo":{"@type":"ImageObject","inLanguage":"lt-LT","@id":"https:\/\/toidupakk.ee\/lt\/#\/schema\/logo\/image\/","url":"https:\/\/toidupakk.ee\/wp-content\/uploads\/2022\/01\/Toidupakk-matkapood-logo-transparent.png","contentUrl":"https:\/\/toidupakk.ee\/wp-content\/uploads\/2022\/01\/Toidupakk-matkapood-logo-transparent.png","width":500,"height":500,"caption":"Tactical Foodpack matkaeined"},"image":{"@id":"https:\/\/toidupakk.ee\/lt\/#\/schema\/logo\/image\/"},"sameAs":["https:\/\/www.facebook.com\/Toidupakk","https:\/\/www.instagram.com\/toidupakk\/"]}]}},"jetpack_sharing_enabled":true,"_links":{"self":[{"href":"https:\/\/toidupakk.ee\/lt\/wp-json\/wp\/v2\/product\/47504","targetHints":{"allow":["GET"]}}],"collection":[{"href":"https:\/\/toidupakk.ee\/lt\/wp-json\/wp\/v2\/product"}],"about":[{"href":"https:\/\/toidupakk.ee\/lt\/wp-json\/wp\/v2\/types\/product"}],"replies":[{"embeddable":true,"href":"https:\/\/toidupakk.ee\/lt\/wp-json\/wp\/v2\/comments?post=47504"}],"wp:featuredmedia":[{"embeddable":true,"href":"https:\/\/toidupakk.ee\/lt\/wp-json\/wp\/v2\/media\/2063"}],"wp:attachment":[{"href":"https:\/\/toidupakk.ee\/lt\/wp-json\/wp\/v2\/media?parent=47504"}],"wp:term":[{"taxonomy":"product_brand","embeddable":true,"href":"https:\/\/toidupakk.ee\/lt\/wp-json\/wp\/v2\/product_brand?post=47504"},{"taxonomy":"product_cat","embeddable":true,"href":"https:\/\/toidupakk.ee\/lt\/wp-json\/wp\/v2\/product_cat?post=47504"},{"taxonomy":"product_tag","embeddable":true,"href":"https:\/\/toidupakk.ee\/lt\/wp-json\/wp\/v2\/product_tag?post=47504"}],"curies":[{"name":"wp","href":"https:\/\/api.w.org\/{rel}","templated":true}]}}