{"id":47491,"date":"2022-04-08T14:06:56","date_gmt":"2022-04-08T11:06:56","guid":{"rendered":"https:\/\/toidupakk.ee\/toode\/nesiojamas-dujinis-sildytuvas\/"},"modified":"2026-04-21T12:00:52","modified_gmt":"2026-04-21T09:00:52","slug":"nesiojamas-dujinis-sildytuvas","status":"publish","type":"product","link":"https:\/\/toidupakk.ee\/lt\/toode\/nesiojamas-dujinis-sildytuvas\/","title":{"rendered":"Ne\u0161iojamas dujinis \u0161ildytuvas"},"content":{"rendered":"<h1><img fetchpriority=\"high\" decoding=\"async\" class=\"alignright wp-image-6050 size-thumbnail\" src=\"https:\/\/toidupakk.ee\/wp-content\/uploads\/2022\/04\/Kaasaskantav-gaasisoojendi-gaasiballooniga-1-500x500.jpg\" alt=\"Dujinis \u0161ildytuvas su balionu\" width=\"500\" height=\"500\" srcset=\"https:\/\/toidupakk.ee\/wp-content\/uploads\/2022\/04\/Kaasaskantav-gaasisoojendi-gaasiballooniga-1-500x500.jpg 500w, https:\/\/toidupakk.ee\/wp-content\/uploads\/2022\/04\/Kaasaskantav-gaasisoojendi-gaasiballooniga-1-400x400.jpg 400w, https:\/\/toidupakk.ee\/wp-content\/uploads\/2022\/04\/Kaasaskantav-gaasisoojendi-gaasiballooniga-1-100x100.jpg 100w, https:\/\/toidupakk.ee\/wp-content\/uploads\/2022\/04\/Kaasaskantav-gaasisoojendi-gaasiballooniga-1-800x800.jpg 800w, https:\/\/toidupakk.ee\/wp-content\/uploads\/2022\/04\/Kaasaskantav-gaasisoojendi-gaasiballooniga-1-300x300.jpg 300w, https:\/\/toidupakk.ee\/wp-content\/uploads\/2022\/04\/Kaasaskantav-gaasisoojendi-gaasiballooniga-1-1024x1024.jpg 1024w, https:\/\/toidupakk.ee\/wp-content\/uploads\/2022\/04\/Kaasaskantav-gaasisoojendi-gaasiballooniga-1-768x768.jpg 768w, https:\/\/toidupakk.ee\/wp-content\/uploads\/2022\/04\/Kaasaskantav-gaasisoojendi-gaasiballooniga-1.jpg 1080w\" sizes=\"(max-width: 500px) 100vw, 500px\" \/><\/h1>\n<h1>Dujinis \u0161ildytuvas nepakei\u010diamas v\u0117siame \u017eygyje<\/h1>\n<p>Nors \u012fprastas \u017eygio palydovas yra dujin\u0117 virykl\u0117, v\u0117sesniu oru keliautojams verta pagalvoti ir apie dujin\u012f \u0161ildytuv\u0105. Jei keliauji ir spaud\u017eiant \u0161altukui, ma\u017eas ir kompakti\u0161kas MIL-TEC dujinis \u0161ildytuvas bus nepakei\u010diamas \u0161ildant atvir\u0105 pastog\u0119 ar med\u017eiotoj\u0173 bei \u017eygeivi\u0173 namel\u012f. \u0160ildyti ma\u017eos palapin\u0117s \u0161iuo prietaisu nerekomenduojame, nes b\u016btina u\u017etikrinti prie\u0161gaisrin\u0119 saug\u0105 ir pakankam\u0105 v\u0117dinim\u0105.  <\/p>\n<p>&nbsp;<\/p>\n<h2>Dujinis \u0161ildytuvas \u2013 lengvas, bet galingas<\/h2>\n<p>Nors pats \u0161ildytuvas sveria apie 330 g, duj\u0173 balionas prideda tiek pat, tad bendras svoris siekia apie 630 g. D\u0117l ma\u017e\u0173 matmen\u0173 ir svorio \u0161ildytuv\u0105 su balionu patogu \u012fsid\u0117ti \u012f <a href=\"https:\/\/toidupakk.ee\/tactical-foodpack\/matka-seljakott-75l-mil-tec\/\">\u017eygio kuprin\u0119<\/a>. Prie \u0161ildytuvo pridedama i\u0161sami naudojimo ir saugos instrukcija, d\u0117klas ir kojel\u0117s duj\u0173 balionui, u\u017etikrinan\u010dios stabilum\u0105 ant \u017eem\u0117s. \u0160ildytuvui u\u017edegti nereikia degtuk\u0173 \u2013 jis turi \u012fmontuot\u0105 elektrin\u012f u\u017edegikl\u012f.    <\/p>\n<p>Dujinis \u0161ildytuvas pagamintas i\u0161 aliuminio ir auk\u0161tos kokyb\u0117s ner\u016bdijan\u010dio plieno. Prietaisas veikia paversdamas duj\u0173 liepsnos energij\u0105 \u0161iluma ir spinduliuoja j\u0105 norima kryptimi kaip krosnel\u0117. <\/p>\n<p>Matmenys apie 15 cm x 15 cm x 14 cm.<\/p>\n<p>Dujinis \u0161ildytuvas turi apsaugines groteles, saugan\u010dias nuo atsitiktini\u0173 nudegim\u0173. \u0160ildymo gali\u0105 galima reguliuoti duj\u0173 \u010diaupu, tod\u0117l gali pasirinkti tinkam\u0105 \u0161ilumos lyg\u012f ir kartu kontroliuoti duj\u0173 s\u0105naudas. <\/p>\n<p><img decoding=\"async\" class=\"alignnone wp-image-1789 size-thumbnail\" src=\"https:\/\/toidupakk.ee\/wp-content\/uploads\/2022\/04\/Gaasisoojendi-kaasaskantav-2-500x500.jpg\" alt=\"Ne\u0161iojamas dujinis \u0161ildytuvas\" width=\"500\" height=\"500\" srcset=\"https:\/\/toidupakk.ee\/wp-content\/uploads\/2022\/04\/Gaasisoojendi-kaasaskantav-2-500x500.jpg 500w, https:\/\/toidupakk.ee\/wp-content\/uploads\/2022\/04\/Gaasisoojendi-kaasaskantav-2-400x400.jpg 400w, https:\/\/toidupakk.ee\/wp-content\/uploads\/2022\/04\/Gaasisoojendi-kaasaskantav-2-100x100.jpg 100w, https:\/\/toidupakk.ee\/wp-content\/uploads\/2022\/04\/Gaasisoojendi-kaasaskantav-2-800x800.jpg 800w, https:\/\/toidupakk.ee\/wp-content\/uploads\/2022\/04\/Gaasisoojendi-kaasaskantav-2-300x300.jpg 300w, https:\/\/toidupakk.ee\/wp-content\/uploads\/2022\/04\/Gaasisoojendi-kaasaskantav-2-1024x1024.jpg 1024w, https:\/\/toidupakk.ee\/wp-content\/uploads\/2022\/04\/Gaasisoojendi-kaasaskantav-2-768x768.jpg 768w, https:\/\/toidupakk.ee\/wp-content\/uploads\/2022\/04\/Gaasisoojendi-kaasaskantav-2.jpg 1080w\" sizes=\"(max-width: 500px) 100vw, 500px\" \/><\/p>\n<h3>Dujos turi b\u016bti kokybi\u0161kos<\/h3>\n<p>\u0160ildytuvui naudojamos dujos turi atitikti Europos standart\u0105 EN417, reglamentuojant\u012f vienkartinius metalinius suskystint\u0173 naftos duj\u0173 balionus. Standartas nustato med\u017eiag\u0173, konstrukcijos, patikros ir \u017eenklinimo reikalavimus balionams su vo\u017etuvu arba be jo, naudojamiems su ne\u0161iojamaisiais prietaisais, atitinkan\u010diais EN521 standart\u0105. <\/p>\n<p>\u0160ildytuvui geriausiai tinka 200\u2013300 gram\u0173 duj\u0173 balionas su sriegine jungtimi. Tinkam\u0173 duj\u0173 rasi \u010dia. Srieginis vo\u017etuvas u\u017etikrina saugum\u0105 ir neleid\u017eia dujoms nutek\u0117ti prijungiant ar atjungiant prietais\u0105. \u0160iose \u017eygio dujose yra butano ir propano mi\u0161inys.   <\/p>\n<p>&nbsp;<\/p>\n<h3>Saugumas \u2013 svarbiausia!<\/h3>\n<ul>\n<li>Naudok tik EN417 standarte nurodytas dujas<\/li>\n<li>Prietais\u0105 visada statyk ant lygaus pavir\u0161iaus<\/li>\n<li>Naudok tik gerai v\u0117dinamoje ir prie\u0161gaisriniu at\u017evilgiu saugioje aplinkoje<\/li>\n<li>Prietais\u0105 naudok ne ma\u017eesniu kaip 50 cm atstumu nuo degi\u0173 med\u017eiag\u0173 ir 25 cm atstumu nuo sien\u0173<\/li>\n<li>Niekada niekuo neu\u017edenk \u0161ildytuvo<\/li>\n<li>\u0160ildytuvas n\u0117ra skirtas naudoti kaip virykl\u0117<\/li>\n<li>Neliesk prietaiso, kol jis kar\u0161tas<\/li>\n<li>Prie\u0161 supakuodamas visada leisk prietaisui atv\u0117sti ir u\u017esuk dujas<\/li>\n<li>Laikyk \u0161ildytuv\u0105 vaikams ir augintiniams nepasiekiamoje vietoje<\/li>\n<\/ul>\n<p>Daugiau \u017eygio preki\u0173 rasi <a href=\"https:\/\/toidupakk.ee\/lt\/tootekategooria\/zygio-iranga\/#section-3-79\">\u010cIA<\/a><\/p>\n<p>Pasisemk \u012fkv\u0117pimo kitiems nuotykiams \u201eToidupakk\u201c <a href=\"https:\/\/www.instagram.com\/toidupakk\/\">Instagram<\/a> ir <a href=\"https:\/\/www.facebook.com\/Toidupakk\/\">Facebook<\/a> paskyrose.<\/p>\n<p>&nbsp;<\/p>\n<p>&nbsp;<\/p>\n","protected":false},"excerpt":{"rendered":"<p><strong>Dujinis \u0161ildytuvas greitai ir labai efektyviai su\u0161ildo nedidel\u0119 erdv\u0119. Med\u017eiotojai j\u012f naudoja bok\u0161teliams \u0161ildyti, kai lauke \u0161alta. \u017dvejai \u2013 rankoms pasi\u0161ildyti prie up\u0117s, taip pat ir \u017eygeiviai. Idealiai tinka atviroms pastog\u0117ms ir pana\u0161ioms vietoms. \u0160ildytuvas veikia su \u012fprastu butano ir propano duj\u0173 mi\u0161iniu.    <\/strong><\/p>\n<ul>\n<li>Greitai su\u0161ildo \u0161altu oru<\/li>\n<li>Per kelias sekundes paskleid\u017eia jauki\u0105 \u0161ilum\u0105 \u2013 pasi\u0161ildyk rankas, k\u016bn\u0105 ar pusiau u\u017edar\u0105 erdv\u0119<\/li>\n<li>Papildomos kojel\u0117s stabiliam stov\u0117jimui<\/li>\n<li>Pridedamas specialus d\u0117klas \u0161ildytuvui<\/li>\n<li>Korpusas: aliuminis, plienas<\/li>\n<li>Duj\u0173 s\u0105naudos: vidutini\u0161kai 72 g\/val. (reguliuojama)<\/li>\n<li>Galia: 1 kW (esant 1 bar sl\u0117giui)<\/li>\n<li>U\u017edegimas: \u012fmontuotas elektrinis u\u017edegiklis<\/li>\n<li>Svoris: apie 330 g <\/li>\n<li>Dujiniam \u0161ildytuvui tinka <a href=\"https:\/\/toidupakk.ee\/lt\/tootekategooria\/dujos\/\">srieginiai duj\u0173 balionai<\/a>, kuriuos rasi <a href=\"https:\/\/toidupakk.ee\/lt\/tootekategooria\/dujos\/\">\u010dia<\/a>.<\/li>\n<\/ul>\n<p>\u2705 Turime sand\u0117lyje, greitas pristatymas per 1\u20133 d. d.<br \/>\n\u2705 Pirk dabar, mok\u0117k v\u0117liau (pal\u016bkanos 0 %)<\/p>\n","protected":false},"featured_media":1788,"comment_status":"open","ping_status":"closed","template":"","meta":{"_acf_changed":false},"product_brand":[],"product_cat":[193,229,210,200,228,269,199,189,190],"product_tag":[],"class_list":{"0":"post-47491","1":"product","2":"type-product","3":"status-publish","4":"has-post-thumbnail","6":"product_cat-karine-ekipuote","7":"product_cat-kuno-sildytuvai","8":"product_cat-mil-tec","9":"product_cat-praktiskos-dovanu-idejos","10":"product_cat-sildymo-elementai","11":"product_cat-siluma","12":"product_cat-ziemos-prekes","13":"product_cat-zygio-iranga","14":"product_cat-zygio-prekes","16":"first","17":"instock","18":"sale","19":"taxable","20":"shipping-taxable","21":"purchasable","22":"product-type-simple"},"bundled_by":[],"bundle_stock_status":"instock","bundle_stock_quantity":4,"bundle_virtual":false,"bundle_layout":"","bundle_add_to_cart_form_location":"","bundle_editable_in_cart":false,"bundle_sold_individually_context":"","bundle_item_grouping":"","bundle_min_size":"","bundle_max_size":"","bundle_price":[],"bundled_items":[],"bundle_sell_ids":[],"acf":[],"yoast_head":"<!-- This site is optimized with the Yoast SEO plugin v27.3 - https:\/\/yoast.com\/product\/yoast-seo-wordpress\/ -->\n<title>Ne\u0161iojamas dujinis \u0161ildytuvas<\/title>\n<meta name=\"description\" content=\"\u201eMil-Tec Radiant\u201c dujinis \u0161ildytuvas veikia su \u012fprastu butano ir propano duj\u0173 mi\u0161iniu. Jis akimirksniu ir labai efektyviai su\u0161ildo nedidel\u0119 erdv\u0119.\" \/>\n<meta name=\"robots\" content=\"index, follow, max-snippet:-1, max-image-preview:large, max-video-preview:-1\" \/>\n<link rel=\"canonical\" href=\"https:\/\/toidupakk.ee\/lt\/toode\/nesiojamas-dujinis-sildytuvas\/\" \/>\n<meta property=\"og:locale\" content=\"lt_LT\" \/>\n<meta property=\"og:type\" content=\"article\" \/>\n<meta property=\"og:title\" content=\"Ne\u0161iojamas dujinis \u0161ildytuvas\" \/>\n<meta property=\"og:description\" content=\"\u201eMil-Tec Radiant\u201c dujinis \u0161ildytuvas veikia su \u012fprastu butano ir propano duj\u0173 mi\u0161iniu. Jis akimirksniu ir labai efektyviai su\u0161ildo nedidel\u0119 erdv\u0119.\" \/>\n<meta property=\"og:url\" content=\"https:\/\/toidupakk.ee\/lt\/toode\/nesiojamas-dujinis-sildytuvas\/\" \/>\n<meta property=\"og:site_name\" content=\"Toidupakk.ee - Tactical Foodpack toidupakid\" \/>\n<meta property=\"article:publisher\" content=\"https:\/\/www.facebook.com\/Toidupakk\" \/>\n<meta property=\"article:modified_time\" content=\"2026-04-21T09:00:52+00:00\" \/>\n<meta property=\"og:image\" content=\"https:\/\/toidupakk.ee\/wp-content\/uploads\/2022\/04\/Gaasisoojendi-kaasaskantav-6.png\" \/>\n\t<meta property=\"og:image:width\" content=\"1080\" \/>\n\t<meta property=\"og:image:height\" content=\"1080\" \/>\n\t<meta property=\"og:image:type\" content=\"image\/png\" \/>\n<meta name=\"twitter:card\" content=\"summary_large_image\" \/>\n<meta name=\"twitter:label1\" content=\"Est. reading time\" \/>\n\t<meta name=\"twitter:data1\" content=\"2 minut\u0117s\" \/>\n<script type=\"application\/ld+json\" class=\"yoast-schema-graph\">{\"@context\":\"https:\\\/\\\/schema.org\",\"@graph\":[{\"@type\":\"WebPage\",\"@id\":\"https:\\\/\\\/toidupakk.ee\\\/lt\\\/toode\\\/nesiojamas-dujinis-sildytuvas\\\/\",\"url\":\"https:\\\/\\\/toidupakk.ee\\\/lt\\\/toode\\\/nesiojamas-dujinis-sildytuvas\\\/\",\"name\":\"Ne\u0161iojamas dujinis \u0161ildytuvas\",\"isPartOf\":{\"@id\":\"https:\\\/\\\/toidupakk.ee\\\/lt\\\/#website\"},\"primaryImageOfPage\":{\"@id\":\"https:\\\/\\\/toidupakk.ee\\\/lt\\\/toode\\\/nesiojamas-dujinis-sildytuvas\\\/#primaryimage\"},\"image\":{\"@id\":\"https:\\\/\\\/toidupakk.ee\\\/lt\\\/toode\\\/nesiojamas-dujinis-sildytuvas\\\/#primaryimage\"},\"thumbnailUrl\":\"https:\\\/\\\/toidupakk.ee\\\/wp-content\\\/uploads\\\/2022\\\/04\\\/Gaasisoojendi-kaasaskantav-6.png\",\"datePublished\":\"2022-04-08T11:06:56+00:00\",\"dateModified\":\"2026-04-21T09:00:52+00:00\",\"description\":\"\u201eMil-Tec Radiant\u201c dujinis \u0161ildytuvas veikia su \u012fprastu butano ir propano duj\u0173 mi\u0161iniu. Jis akimirksniu ir labai efektyviai su\u0161ildo nedidel\u0119 erdv\u0119.\",\"breadcrumb\":{\"@id\":\"https:\\\/\\\/toidupakk.ee\\\/lt\\\/toode\\\/nesiojamas-dujinis-sildytuvas\\\/#breadcrumb\"},\"inLanguage\":\"lt-LT\",\"potentialAction\":[{\"@type\":\"ReadAction\",\"target\":[\"https:\\\/\\\/toidupakk.ee\\\/lt\\\/toode\\\/nesiojamas-dujinis-sildytuvas\\\/\"]}]},{\"@type\":\"ImageObject\",\"inLanguage\":\"lt-LT\",\"@id\":\"https:\\\/\\\/toidupakk.ee\\\/lt\\\/toode\\\/nesiojamas-dujinis-sildytuvas\\\/#primaryimage\",\"url\":\"https:\\\/\\\/toidupakk.ee\\\/wp-content\\\/uploads\\\/2022\\\/04\\\/Gaasisoojendi-kaasaskantav-6.png\",\"contentUrl\":\"https:\\\/\\\/toidupakk.ee\\\/wp-content\\\/uploads\\\/2022\\\/04\\\/Gaasisoojendi-kaasaskantav-6.png\",\"width\":1080,\"height\":1080,\"caption\":\"Gaasisoojendi kaasaskantav\"},{\"@type\":\"BreadcrumbList\",\"@id\":\"https:\\\/\\\/toidupakk.ee\\\/lt\\\/toode\\\/nesiojamas-dujinis-sildytuvas\\\/#breadcrumb\",\"itemListElement\":[{\"@type\":\"ListItem\",\"position\":1,\"name\":\"Avaleht\",\"item\":\"https:\\\/\\\/toidupakk.ee\\\/lt\\\/\"},{\"@type\":\"ListItem\",\"position\":2,\"name\":\"El. parduotuv\u0117\",\"item\":\"https:\\\/\\\/toidupakk.ee\\\/lt\\\/el-parduotuve\\\/\"},{\"@type\":\"ListItem\",\"position\":3,\"name\":\"Ne\u0161iojamas dujinis \u0161ildytuvas\"}]},{\"@type\":\"WebSite\",\"@id\":\"https:\\\/\\\/toidupakk.ee\\\/lt\\\/#website\",\"url\":\"https:\\\/\\\/toidupakk.ee\\\/lt\\\/\",\"name\":\"Toidupakk.ee - Tactical Foodpack toidupakid\",\"description\":\"Tactical Foodpack k\u00fclmkuivatatud toidupakid ja matkaeined\",\"publisher\":{\"@id\":\"https:\\\/\\\/toidupakk.ee\\\/lt\\\/#organization\"},\"potentialAction\":[{\"@type\":\"SearchAction\",\"target\":{\"@type\":\"EntryPoint\",\"urlTemplate\":\"https:\\\/\\\/toidupakk.ee\\\/lt\\\/?s={search_term_string}\"},\"query-input\":{\"@type\":\"PropertyValueSpecification\",\"valueRequired\":true,\"valueName\":\"search_term_string\"}}],\"inLanguage\":\"lt-LT\"},{\"@type\":\"Organization\",\"@id\":\"https:\\\/\\\/toidupakk.ee\\\/lt\\\/#organization\",\"name\":\"Tactical Foodpack matkaeined\",\"url\":\"https:\\\/\\\/toidupakk.ee\\\/lt\\\/\",\"logo\":{\"@type\":\"ImageObject\",\"inLanguage\":\"lt-LT\",\"@id\":\"https:\\\/\\\/toidupakk.ee\\\/lt\\\/#\\\/schema\\\/logo\\\/image\\\/\",\"url\":\"https:\\\/\\\/toidupakk.ee\\\/wp-content\\\/uploads\\\/2022\\\/01\\\/Toidupakk-matkapood-logo-transparent.png\",\"contentUrl\":\"https:\\\/\\\/toidupakk.ee\\\/wp-content\\\/uploads\\\/2022\\\/01\\\/Toidupakk-matkapood-logo-transparent.png\",\"width\":500,\"height\":500,\"caption\":\"Tactical Foodpack matkaeined\"},\"image\":{\"@id\":\"https:\\\/\\\/toidupakk.ee\\\/lt\\\/#\\\/schema\\\/logo\\\/image\\\/\"},\"sameAs\":[\"https:\\\/\\\/www.facebook.com\\\/Toidupakk\",\"https:\\\/\\\/www.instagram.com\\\/toidupakk\\\/\"]}]}<\/script>\n<!-- \/ Yoast SEO plugin. -->","yoast_head_json":{"title":"Ne\u0161iojamas dujinis \u0161ildytuvas","description":"\u201eMil-Tec Radiant\u201c dujinis \u0161ildytuvas veikia su \u012fprastu butano ir propano duj\u0173 mi\u0161iniu. Jis akimirksniu ir labai efektyviai su\u0161ildo nedidel\u0119 erdv\u0119.","robots":{"index":"index","follow":"follow","max-snippet":"max-snippet:-1","max-image-preview":"max-image-preview:large","max-video-preview":"max-video-preview:-1"},"canonical":"https:\/\/toidupakk.ee\/lt\/toode\/nesiojamas-dujinis-sildytuvas\/","og_locale":"lt_LT","og_type":"article","og_title":"Ne\u0161iojamas dujinis \u0161ildytuvas","og_description":"\u201eMil-Tec Radiant\u201c dujinis \u0161ildytuvas veikia su \u012fprastu butano ir propano duj\u0173 mi\u0161iniu. Jis akimirksniu ir labai efektyviai su\u0161ildo nedidel\u0119 erdv\u0119.","og_url":"https:\/\/toidupakk.ee\/lt\/toode\/nesiojamas-dujinis-sildytuvas\/","og_site_name":"Toidupakk.ee - Tactical Foodpack toidupakid","article_publisher":"https:\/\/www.facebook.com\/Toidupakk","article_modified_time":"2026-04-21T09:00:52+00:00","og_image":[{"width":1080,"height":1080,"url":"https:\/\/toidupakk.ee\/wp-content\/uploads\/2022\/04\/Gaasisoojendi-kaasaskantav-6.png","type":"image\/png"}],"twitter_card":"summary_large_image","twitter_misc":{"Est. reading time":"2 minut\u0117s"},"schema":{"@context":"https:\/\/schema.org","@graph":[{"@type":"WebPage","@id":"https:\/\/toidupakk.ee\/lt\/toode\/nesiojamas-dujinis-sildytuvas\/","url":"https:\/\/toidupakk.ee\/lt\/toode\/nesiojamas-dujinis-sildytuvas\/","name":"Ne\u0161iojamas dujinis \u0161ildytuvas","isPartOf":{"@id":"https:\/\/toidupakk.ee\/lt\/#website"},"primaryImageOfPage":{"@id":"https:\/\/toidupakk.ee\/lt\/toode\/nesiojamas-dujinis-sildytuvas\/#primaryimage"},"image":{"@id":"https:\/\/toidupakk.ee\/lt\/toode\/nesiojamas-dujinis-sildytuvas\/#primaryimage"},"thumbnailUrl":"https:\/\/toidupakk.ee\/wp-content\/uploads\/2022\/04\/Gaasisoojendi-kaasaskantav-6.png","datePublished":"2022-04-08T11:06:56+00:00","dateModified":"2026-04-21T09:00:52+00:00","description":"\u201eMil-Tec Radiant\u201c dujinis \u0161ildytuvas veikia su \u012fprastu butano ir propano duj\u0173 mi\u0161iniu. Jis akimirksniu ir labai efektyviai su\u0161ildo nedidel\u0119 erdv\u0119.","breadcrumb":{"@id":"https:\/\/toidupakk.ee\/lt\/toode\/nesiojamas-dujinis-sildytuvas\/#breadcrumb"},"inLanguage":"lt-LT","potentialAction":[{"@type":"ReadAction","target":["https:\/\/toidupakk.ee\/lt\/toode\/nesiojamas-dujinis-sildytuvas\/"]}]},{"@type":"ImageObject","inLanguage":"lt-LT","@id":"https:\/\/toidupakk.ee\/lt\/toode\/nesiojamas-dujinis-sildytuvas\/#primaryimage","url":"https:\/\/toidupakk.ee\/wp-content\/uploads\/2022\/04\/Gaasisoojendi-kaasaskantav-6.png","contentUrl":"https:\/\/toidupakk.ee\/wp-content\/uploads\/2022\/04\/Gaasisoojendi-kaasaskantav-6.png","width":1080,"height":1080,"caption":"Gaasisoojendi kaasaskantav"},{"@type":"BreadcrumbList","@id":"https:\/\/toidupakk.ee\/lt\/toode\/nesiojamas-dujinis-sildytuvas\/#breadcrumb","itemListElement":[{"@type":"ListItem","position":1,"name":"Avaleht","item":"https:\/\/toidupakk.ee\/lt\/"},{"@type":"ListItem","position":2,"name":"El. parduotuv\u0117","item":"https:\/\/toidupakk.ee\/lt\/el-parduotuve\/"},{"@type":"ListItem","position":3,"name":"Ne\u0161iojamas dujinis \u0161ildytuvas"}]},{"@type":"WebSite","@id":"https:\/\/toidupakk.ee\/lt\/#website","url":"https:\/\/toidupakk.ee\/lt\/","name":"Toidupakk.ee - Tactical Foodpack toidupakid","description":"Tactical Foodpack k\u00fclmkuivatatud toidupakid ja matkaeined","publisher":{"@id":"https:\/\/toidupakk.ee\/lt\/#organization"},"potentialAction":[{"@type":"SearchAction","target":{"@type":"EntryPoint","urlTemplate":"https:\/\/toidupakk.ee\/lt\/?s={search_term_string}"},"query-input":{"@type":"PropertyValueSpecification","valueRequired":true,"valueName":"search_term_string"}}],"inLanguage":"lt-LT"},{"@type":"Organization","@id":"https:\/\/toidupakk.ee\/lt\/#organization","name":"Tactical Foodpack matkaeined","url":"https:\/\/toidupakk.ee\/lt\/","logo":{"@type":"ImageObject","inLanguage":"lt-LT","@id":"https:\/\/toidupakk.ee\/lt\/#\/schema\/logo\/image\/","url":"https:\/\/toidupakk.ee\/wp-content\/uploads\/2022\/01\/Toidupakk-matkapood-logo-transparent.png","contentUrl":"https:\/\/toidupakk.ee\/wp-content\/uploads\/2022\/01\/Toidupakk-matkapood-logo-transparent.png","width":500,"height":500,"caption":"Tactical Foodpack matkaeined"},"image":{"@id":"https:\/\/toidupakk.ee\/lt\/#\/schema\/logo\/image\/"},"sameAs":["https:\/\/www.facebook.com\/Toidupakk","https:\/\/www.instagram.com\/toidupakk\/"]}]}},"jetpack_sharing_enabled":true,"_links":{"self":[{"href":"https:\/\/toidupakk.ee\/lt\/wp-json\/wp\/v2\/product\/47491","targetHints":{"allow":["GET"]}}],"collection":[{"href":"https:\/\/toidupakk.ee\/lt\/wp-json\/wp\/v2\/product"}],"about":[{"href":"https:\/\/toidupakk.ee\/lt\/wp-json\/wp\/v2\/types\/product"}],"replies":[{"embeddable":true,"href":"https:\/\/toidupakk.ee\/lt\/wp-json\/wp\/v2\/comments?post=47491"}],"wp:featuredmedia":[{"embeddable":true,"href":"https:\/\/toidupakk.ee\/lt\/wp-json\/wp\/v2\/media\/1788"}],"wp:attachment":[{"href":"https:\/\/toidupakk.ee\/lt\/wp-json\/wp\/v2\/media?parent=47491"}],"wp:term":[{"taxonomy":"product_brand","embeddable":true,"href":"https:\/\/toidupakk.ee\/lt\/wp-json\/wp\/v2\/product_brand?post=47491"},{"taxonomy":"product_cat","embeddable":true,"href":"https:\/\/toidupakk.ee\/lt\/wp-json\/wp\/v2\/product_cat?post=47491"},{"taxonomy":"product_tag","embeddable":true,"href":"https:\/\/toidupakk.ee\/lt\/wp-json\/wp\/v2\/product_tag?post=47491"}],"curies":[{"name":"wp","href":"https:\/\/api.w.org\/{rel}","templated":true}]}}