{"id":47479,"date":"2022-04-18T14:08:17","date_gmt":"2022-04-18T11:08:17","guid":{"rendered":"https:\/\/toidupakk.ee\/toode\/saltyje-dziovinti-romo-rutuliukai-40-g\/"},"modified":"2026-04-15T03:00:38","modified_gmt":"2026-04-15T00:00:38","slug":"saltyje-dziovinti-romo-rutuliukai-40-g","status":"publish","type":"product","link":"https:\/\/toidupakk.ee\/lt\/toode\/saltyje-dziovinti-romo-rutuliukai-40-g\/","title":{"rendered":"\u0160altyje d\u017eiovinti romo rutuliukai 40 g"},"content":{"rendered":"<table class=\"woocommerce-product-attributes shop_attributes\">\n<tbody>\n<tr class=\"woocommerce-product-attributes-item woocommerce-product-attributes-item--energy_per_serving\">\n<th class=\"woocommerce-product-attributes-item__label\">Energija porcijoje<\/th>\n<td class=\"woocommerce-product-attributes-item__value\">815 kJ \/ 195 kcal<\/td>\n<\/tr>\n<tr class=\"woocommerce-product-attributes-item woocommerce-product-attributes-item--energy_per_100g\">\n<th class=\"woocommerce-product-attributes-item__label\">Energija 100 g<\/th>\n<td class=\"woocommerce-product-attributes-item__value\">2037 kJ \/ 487 kcal<\/td>\n<\/tr>\n<tr class=\"woocommerce-product-attributes-item woocommerce-product-attributes-item--fat_per_serving\">\n<th class=\"woocommerce-product-attributes-item__label\">Riebalai porcijoje<\/th>\n<td class=\"woocommerce-product-attributes-item__value\">9,2 g<\/td>\n<\/tr>\n<tr class=\"woocommerce-product-attributes-item woocommerce-product-attributes-item--fat_per_100g\">\n<th class=\"woocommerce-product-attributes-item__label\">Riebalai 100 g<\/th>\n<td class=\"woocommerce-product-attributes-item__value\">23,1 g<\/td>\n<\/tr>\n<tr class=\"woocommerce-product-attributes-item woocommerce-product-attributes-item--saturated_fat_per_serving\">\n<th class=\"woocommerce-product-attributes-item__label\">So\u010di\u0173j\u0173 riebal\u0173 porcijoje<\/th>\n<td class=\"woocommerce-product-attributes-item__value\">5,4 g<\/td>\n<\/tr>\n<tr class=\"woocommerce-product-attributes-item woocommerce-product-attributes-item--saturated_fat_per_100g\">\n<th class=\"woocommerce-product-attributes-item__label\">So\u010di\u0173j\u0173 riebal\u0173 100 g<\/th>\n<td class=\"woocommerce-product-attributes-item__value\">13,6 g<\/td>\n<\/tr>\n<tr class=\"woocommerce-product-attributes-item woocommerce-product-attributes-item--carbohydrates_per_serving\">\n<th class=\"woocommerce-product-attributes-item__label\">Angliavandeniai porcijoje<\/th>\n<td class=\"woocommerce-product-attributes-item__value\">22,3 g<\/td>\n<\/tr>\n<tr class=\"woocommerce-product-attributes-item woocommerce-product-attributes-item--carbohydrates_per_100g\">\n<th class=\"woocommerce-product-attributes-item__label\">Angliavandeniai 100 g<\/th>\n<td class=\"woocommerce-product-attributes-item__value\">55,8 g<\/td>\n<\/tr>\n<tr class=\"woocommerce-product-attributes-item woocommerce-product-attributes-item--carbohydrates_sugar_per_serving\">\n<th class=\"woocommerce-product-attributes-item__label\">I\u0161 kuri\u0173 cukr\u0173 porcijoje<\/th>\n<td class=\"woocommerce-product-attributes-item__value\">15,2 g<\/td>\n<\/tr>\n<tr class=\"woocommerce-product-attributes-item woocommerce-product-attributes-item--carbohydrates_sugar_per_100g\">\n<th class=\"woocommerce-product-attributes-item__label\">I\u0161 kuri\u0173 cukr\u0173 100 g<\/th>\n<td class=\"woocommerce-product-attributes-item__value\">38,1 g<\/td>\n<\/tr>\n<tr class=\"woocommerce-product-attributes-item woocommerce-product-attributes-item--protein_per_serving\">\n<th class=\"woocommerce-product-attributes-item__label\">Baltymai porcijoje<\/th>\n<td class=\"woocommerce-product-attributes-item__value\">4,9 g<\/td>\n<\/tr>\n<tr class=\"woocommerce-product-attributes-item woocommerce-product-attributes-item--protein_per_100g\">\n<th class=\"woocommerce-product-attributes-item__label\">Baltymai 100 g<\/th>\n<td class=\"woocommerce-product-attributes-item__value\">12,2 g<\/td>\n<\/tr>\n<\/tbody>\n<\/table>\n<p><img fetchpriority=\"high\" decoding=\"async\" class=\"size-medium wp-image-1850 alignleft\" src=\"https:\/\/toidupakk.ee\/wp-content\/uploads\/2022\/04\/Rummipallid-kulmkuivatatud-Tactical-Foodpack-5-300x300.png\" alt=\"\" width=\"300\" height=\"300\" srcset=\"https:\/\/toidupakk.ee\/wp-content\/uploads\/2022\/04\/Rummipallid-kulmkuivatatud-Tactical-Foodpack-5-300x300.png 300w, https:\/\/toidupakk.ee\/wp-content\/uploads\/2022\/04\/Rummipallid-kulmkuivatatud-Tactical-Foodpack-5-400x400.png 400w, https:\/\/toidupakk.ee\/wp-content\/uploads\/2022\/04\/Rummipallid-kulmkuivatatud-Tactical-Foodpack-5-100x100.png 100w, https:\/\/toidupakk.ee\/wp-content\/uploads\/2022\/04\/Rummipallid-kulmkuivatatud-Tactical-Foodpack-5-800x800.png 800w, https:\/\/toidupakk.ee\/wp-content\/uploads\/2022\/04\/Rummipallid-kulmkuivatatud-Tactical-Foodpack-5-1024x1024.png 1024w, https:\/\/toidupakk.ee\/wp-content\/uploads\/2022\/04\/Rummipallid-kulmkuivatatud-Tactical-Foodpack-5-500x500.png 500w, https:\/\/toidupakk.ee\/wp-content\/uploads\/2022\/04\/Rummipallid-kulmkuivatatud-Tactical-Foodpack-5-768x768.png 768w, https:\/\/toidupakk.ee\/wp-content\/uploads\/2022\/04\/Rummipallid-kulmkuivatatud-Tactical-Foodpack-5.png 1080w\" sizes=\"(max-width: 300px) 100vw, 300px\" \/><\/p>\n<p><img decoding=\"async\" class=\"size-medium wp-image-1846 alignleft\" src=\"https:\/\/toidupakk.ee\/wp-content\/uploads\/2022\/04\/Rummipallid-kulmkuivatatud-Tactical-Foodpack-1-300x300.png\" alt=\"\" width=\"300\" height=\"300\" srcset=\"https:\/\/toidupakk.ee\/wp-content\/uploads\/2022\/04\/Rummipallid-kulmkuivatatud-Tactical-Foodpack-1-300x300.png 300w, https:\/\/toidupakk.ee\/wp-content\/uploads\/2022\/04\/Rummipallid-kulmkuivatatud-Tactical-Foodpack-1-400x400.png 400w, https:\/\/toidupakk.ee\/wp-content\/uploads\/2022\/04\/Rummipallid-kulmkuivatatud-Tactical-Foodpack-1-100x100.png 100w, https:\/\/toidupakk.ee\/wp-content\/uploads\/2022\/04\/Rummipallid-kulmkuivatatud-Tactical-Foodpack-1-800x800.png 800w, https:\/\/toidupakk.ee\/wp-content\/uploads\/2022\/04\/Rummipallid-kulmkuivatatud-Tactical-Foodpack-1-1024x1024.png 1024w, https:\/\/toidupakk.ee\/wp-content\/uploads\/2022\/04\/Rummipallid-kulmkuivatatud-Tactical-Foodpack-1-500x500.png 500w, https:\/\/toidupakk.ee\/wp-content\/uploads\/2022\/04\/Rummipallid-kulmkuivatatud-Tactical-Foodpack-1-768x768.png 768w, https:\/\/toidupakk.ee\/wp-content\/uploads\/2022\/04\/Rummipallid-kulmkuivatatud-Tactical-Foodpack-1.png 1080w\" sizes=\"(max-width: 300px) 100vw, 300px\" \/><\/p>\n","protected":false},"excerpt":{"rendered":"<ul>\n<li>Sald\u016bs romo skonio u\u017ekand\u017eiai<\/li>\n<li>\u0160altyje d\u017eiovinti romo rutuliukai pagaminti su kondensuotu pienu ir sviestu<\/li>\n<li>Tikra energijos bomba ilgam<\/li>\n<li>Gali dalintis su vaikais, bet tada tikriausiai nieko neliks<\/li>\n<\/ul>\n<p><span class=\"font14\"><strong>Sudedamosios dalys: kiau\u0161iniai, <\/strong>kakava<strong>, kvie\u010diai, kondensuotas pienas <\/strong>su cukrumi<strong> (pienas, <\/strong>cukrus <strong>45 %), grietin\u0117l\u0117, sviestas, <\/strong>romas 4 % (Barbuda romas, 37,5 % t\u016brio).<\/span><\/p>\n<p><strong>Geriausias iki<\/strong>: 8 metai nuo pagaminimo datos<\/p>\n<p>\u2705 Turime sand\u0117lyje, greitas pristatymas per 1\u20133 darbo dienas<\/p>\n","protected":false},"featured_media":1848,"comment_status":"open","ping_status":"closed","template":"","meta":{"_acf_changed":false},"product_brand":[],"product_cat":[239,213,189,190],"product_tag":[194,205],"class_list":{"0":"post-47479","1":"product","2":"type-product","3":"status-publish","4":"has-post-thumbnail","6":"product_cat-priedai","7":"product_cat-uzkandziai","8":"product_cat-zygio-iranga","9":"product_cat-zygio-prekes","10":"product_tag-no_ads","11":"product_tag-tactical-foodpack","13":"first","14":"onbackorder","15":"taxable","16":"shipping-taxable","17":"purchasable","18":"product-type-simple"},"bundled_by":[],"bundle_stock_status":"onbackorder","bundle_stock_quantity":0,"bundle_virtual":false,"bundle_layout":"","bundle_add_to_cart_form_location":"","bundle_editable_in_cart":false,"bundle_sold_individually_context":"","bundle_item_grouping":"","bundle_min_size":"","bundle_max_size":"","bundle_price":[],"bundled_items":[],"bundle_sell_ids":[],"acf":[],"yoast_head":"<!-- This site is optimized with the Yoast SEO plugin v27.3 - https:\/\/yoast.com\/product\/yoast-seo-wordpress\/ -->\n<title>\u0160altyje d\u017eiovinti romo rutuliukai 40 g - Toidupakk.ee - Tactical Foodpack toidupakid<\/title>\n<meta name=\"description\" content=\"Romo rutuliukai pagaminti su tikru kondensuotu pienu ir sviestu. Sald\u016bs romo skonio u\u017ekand\u017eiai suteiks energijos ilgam. Ar jau ragavai romo rutuliuk\u0173?\" \/>\n<meta name=\"robots\" content=\"index, follow, max-snippet:-1, max-image-preview:large, max-video-preview:-1\" \/>\n<link rel=\"canonical\" href=\"https:\/\/toidupakk.ee\/lt\/toode\/saltyje-dziovinti-romo-rutuliukai-40-g\/\" \/>\n<meta property=\"og:locale\" content=\"lt_LT\" \/>\n<meta property=\"og:type\" content=\"article\" \/>\n<meta property=\"og:title\" content=\"\u0160altyje d\u017eiovinti romo rutuliukai 40 g - Toidupakk.ee - Tactical Foodpack toidupakid\" \/>\n<meta property=\"og:description\" content=\"Romo rutuliukai pagaminti su tikru kondensuotu pienu ir sviestu. Sald\u016bs romo skonio u\u017ekand\u017eiai suteiks energijos ilgam. Ar jau ragavai romo rutuliuk\u0173?\" \/>\n<meta property=\"og:url\" content=\"https:\/\/toidupakk.ee\/lt\/toode\/saltyje-dziovinti-romo-rutuliukai-40-g\/\" \/>\n<meta property=\"og:site_name\" content=\"Toidupakk.ee - Tactical Foodpack toidupakid\" \/>\n<meta property=\"article:publisher\" content=\"https:\/\/www.facebook.com\/Toidupakk\" \/>\n<meta property=\"article:modified_time\" content=\"2026-04-15T00:00:38+00:00\" \/>\n<meta property=\"og:image\" content=\"https:\/\/toidupakk.ee\/wp-content\/uploads\/2022\/04\/Rummipallid-kulmkuivatatud-Tactical-Foodpack-3.png\" \/>\n\t<meta property=\"og:image:width\" content=\"1080\" \/>\n\t<meta property=\"og:image:height\" content=\"1080\" \/>\n\t<meta property=\"og:image:type\" content=\"image\/png\" \/>\n<meta name=\"twitter:card\" content=\"summary_large_image\" \/>\n<script type=\"application\/ld+json\" class=\"yoast-schema-graph\">{\"@context\":\"https:\\\/\\\/schema.org\",\"@graph\":[{\"@type\":\"WebPage\",\"@id\":\"https:\\\/\\\/toidupakk.ee\\\/lt\\\/toode\\\/saltyje-dziovinti-romo-rutuliukai-40-g\\\/\",\"url\":\"https:\\\/\\\/toidupakk.ee\\\/lt\\\/toode\\\/saltyje-dziovinti-romo-rutuliukai-40-g\\\/\",\"name\":\"\u0160altyje d\u017eiovinti romo rutuliukai 40 g - Toidupakk.ee - Tactical Foodpack toidupakid\",\"isPartOf\":{\"@id\":\"https:\\\/\\\/toidupakk.ee\\\/lt\\\/#website\"},\"primaryImageOfPage\":{\"@id\":\"https:\\\/\\\/toidupakk.ee\\\/lt\\\/toode\\\/saltyje-dziovinti-romo-rutuliukai-40-g\\\/#primaryimage\"},\"image\":{\"@id\":\"https:\\\/\\\/toidupakk.ee\\\/lt\\\/toode\\\/saltyje-dziovinti-romo-rutuliukai-40-g\\\/#primaryimage\"},\"thumbnailUrl\":\"https:\\\/\\\/toidupakk.ee\\\/wp-content\\\/uploads\\\/2022\\\/04\\\/Rummipallid-kulmkuivatatud-Tactical-Foodpack-3.png\",\"datePublished\":\"2022-04-18T11:08:17+00:00\",\"dateModified\":\"2026-04-15T00:00:38+00:00\",\"description\":\"Romo rutuliukai pagaminti su tikru kondensuotu pienu ir sviestu. Sald\u016bs romo skonio u\u017ekand\u017eiai suteiks energijos ilgam. Ar jau ragavai romo rutuliuk\u0173?\",\"breadcrumb\":{\"@id\":\"https:\\\/\\\/toidupakk.ee\\\/lt\\\/toode\\\/saltyje-dziovinti-romo-rutuliukai-40-g\\\/#breadcrumb\"},\"inLanguage\":\"lt-LT\",\"potentialAction\":[{\"@type\":\"ReadAction\",\"target\":[\"https:\\\/\\\/toidupakk.ee\\\/lt\\\/toode\\\/saltyje-dziovinti-romo-rutuliukai-40-g\\\/\"]}]},{\"@type\":\"ImageObject\",\"inLanguage\":\"lt-LT\",\"@id\":\"https:\\\/\\\/toidupakk.ee\\\/lt\\\/toode\\\/saltyje-dziovinti-romo-rutuliukai-40-g\\\/#primaryimage\",\"url\":\"https:\\\/\\\/toidupakk.ee\\\/wp-content\\\/uploads\\\/2022\\\/04\\\/Rummipallid-kulmkuivatatud-Tactical-Foodpack-3.png\",\"contentUrl\":\"https:\\\/\\\/toidupakk.ee\\\/wp-content\\\/uploads\\\/2022\\\/04\\\/Rummipallid-kulmkuivatatud-Tactical-Foodpack-3.png\",\"width\":1080,\"height\":1080,\"caption\":\"K\u00fclmkuivatatud rummipallid\"},{\"@type\":\"BreadcrumbList\",\"@id\":\"https:\\\/\\\/toidupakk.ee\\\/lt\\\/toode\\\/saltyje-dziovinti-romo-rutuliukai-40-g\\\/#breadcrumb\",\"itemListElement\":[{\"@type\":\"ListItem\",\"position\":1,\"name\":\"Avaleht\",\"item\":\"https:\\\/\\\/toidupakk.ee\\\/lt\\\/\"},{\"@type\":\"ListItem\",\"position\":2,\"name\":\"El. parduotuv\u0117\",\"item\":\"https:\\\/\\\/toidupakk.ee\\\/lt\\\/el-parduotuve\\\/\"},{\"@type\":\"ListItem\",\"position\":3,\"name\":\"\u0160altyje d\u017eiovinti romo rutuliukai 40 g\"}]},{\"@type\":\"WebSite\",\"@id\":\"https:\\\/\\\/toidupakk.ee\\\/lt\\\/#website\",\"url\":\"https:\\\/\\\/toidupakk.ee\\\/lt\\\/\",\"name\":\"Toidupakk.ee - Tactical Foodpack toidupakid\",\"description\":\"Tactical Foodpack k\u00fclmkuivatatud toidupakid ja matkaeined\",\"publisher\":{\"@id\":\"https:\\\/\\\/toidupakk.ee\\\/lt\\\/#organization\"},\"potentialAction\":[{\"@type\":\"SearchAction\",\"target\":{\"@type\":\"EntryPoint\",\"urlTemplate\":\"https:\\\/\\\/toidupakk.ee\\\/lt\\\/?s={search_term_string}\"},\"query-input\":{\"@type\":\"PropertyValueSpecification\",\"valueRequired\":true,\"valueName\":\"search_term_string\"}}],\"inLanguage\":\"lt-LT\"},{\"@type\":\"Organization\",\"@id\":\"https:\\\/\\\/toidupakk.ee\\\/lt\\\/#organization\",\"name\":\"Tactical Foodpack matkaeined\",\"url\":\"https:\\\/\\\/toidupakk.ee\\\/lt\\\/\",\"logo\":{\"@type\":\"ImageObject\",\"inLanguage\":\"lt-LT\",\"@id\":\"https:\\\/\\\/toidupakk.ee\\\/lt\\\/#\\\/schema\\\/logo\\\/image\\\/\",\"url\":\"https:\\\/\\\/toidupakk.ee\\\/wp-content\\\/uploads\\\/2022\\\/01\\\/Toidupakk-matkapood-logo-transparent.png\",\"contentUrl\":\"https:\\\/\\\/toidupakk.ee\\\/wp-content\\\/uploads\\\/2022\\\/01\\\/Toidupakk-matkapood-logo-transparent.png\",\"width\":500,\"height\":500,\"caption\":\"Tactical Foodpack matkaeined\"},\"image\":{\"@id\":\"https:\\\/\\\/toidupakk.ee\\\/lt\\\/#\\\/schema\\\/logo\\\/image\\\/\"},\"sameAs\":[\"https:\\\/\\\/www.facebook.com\\\/Toidupakk\",\"https:\\\/\\\/www.instagram.com\\\/toidupakk\\\/\"]}]}<\/script>\n<!-- \/ Yoast SEO plugin. -->","yoast_head_json":{"title":"\u0160altyje d\u017eiovinti romo rutuliukai 40 g - Toidupakk.ee - Tactical Foodpack toidupakid","description":"Romo rutuliukai pagaminti su tikru kondensuotu pienu ir sviestu. Sald\u016bs romo skonio u\u017ekand\u017eiai suteiks energijos ilgam. Ar jau ragavai romo rutuliuk\u0173?","robots":{"index":"index","follow":"follow","max-snippet":"max-snippet:-1","max-image-preview":"max-image-preview:large","max-video-preview":"max-video-preview:-1"},"canonical":"https:\/\/toidupakk.ee\/lt\/toode\/saltyje-dziovinti-romo-rutuliukai-40-g\/","og_locale":"lt_LT","og_type":"article","og_title":"\u0160altyje d\u017eiovinti romo rutuliukai 40 g - Toidupakk.ee - Tactical Foodpack toidupakid","og_description":"Romo rutuliukai pagaminti su tikru kondensuotu pienu ir sviestu. Sald\u016bs romo skonio u\u017ekand\u017eiai suteiks energijos ilgam. Ar jau ragavai romo rutuliuk\u0173?","og_url":"https:\/\/toidupakk.ee\/lt\/toode\/saltyje-dziovinti-romo-rutuliukai-40-g\/","og_site_name":"Toidupakk.ee - Tactical Foodpack toidupakid","article_publisher":"https:\/\/www.facebook.com\/Toidupakk","article_modified_time":"2026-04-15T00:00:38+00:00","og_image":[{"width":1080,"height":1080,"url":"https:\/\/toidupakk.ee\/wp-content\/uploads\/2022\/04\/Rummipallid-kulmkuivatatud-Tactical-Foodpack-3.png","type":"image\/png"}],"twitter_card":"summary_large_image","schema":{"@context":"https:\/\/schema.org","@graph":[{"@type":"WebPage","@id":"https:\/\/toidupakk.ee\/lt\/toode\/saltyje-dziovinti-romo-rutuliukai-40-g\/","url":"https:\/\/toidupakk.ee\/lt\/toode\/saltyje-dziovinti-romo-rutuliukai-40-g\/","name":"\u0160altyje d\u017eiovinti romo rutuliukai 40 g - Toidupakk.ee - Tactical Foodpack toidupakid","isPartOf":{"@id":"https:\/\/toidupakk.ee\/lt\/#website"},"primaryImageOfPage":{"@id":"https:\/\/toidupakk.ee\/lt\/toode\/saltyje-dziovinti-romo-rutuliukai-40-g\/#primaryimage"},"image":{"@id":"https:\/\/toidupakk.ee\/lt\/toode\/saltyje-dziovinti-romo-rutuliukai-40-g\/#primaryimage"},"thumbnailUrl":"https:\/\/toidupakk.ee\/wp-content\/uploads\/2022\/04\/Rummipallid-kulmkuivatatud-Tactical-Foodpack-3.png","datePublished":"2022-04-18T11:08:17+00:00","dateModified":"2026-04-15T00:00:38+00:00","description":"Romo rutuliukai pagaminti su tikru kondensuotu pienu ir sviestu. Sald\u016bs romo skonio u\u017ekand\u017eiai suteiks energijos ilgam. Ar jau ragavai romo rutuliuk\u0173?","breadcrumb":{"@id":"https:\/\/toidupakk.ee\/lt\/toode\/saltyje-dziovinti-romo-rutuliukai-40-g\/#breadcrumb"},"inLanguage":"lt-LT","potentialAction":[{"@type":"ReadAction","target":["https:\/\/toidupakk.ee\/lt\/toode\/saltyje-dziovinti-romo-rutuliukai-40-g\/"]}]},{"@type":"ImageObject","inLanguage":"lt-LT","@id":"https:\/\/toidupakk.ee\/lt\/toode\/saltyje-dziovinti-romo-rutuliukai-40-g\/#primaryimage","url":"https:\/\/toidupakk.ee\/wp-content\/uploads\/2022\/04\/Rummipallid-kulmkuivatatud-Tactical-Foodpack-3.png","contentUrl":"https:\/\/toidupakk.ee\/wp-content\/uploads\/2022\/04\/Rummipallid-kulmkuivatatud-Tactical-Foodpack-3.png","width":1080,"height":1080,"caption":"K\u00fclmkuivatatud rummipallid"},{"@type":"BreadcrumbList","@id":"https:\/\/toidupakk.ee\/lt\/toode\/saltyje-dziovinti-romo-rutuliukai-40-g\/#breadcrumb","itemListElement":[{"@type":"ListItem","position":1,"name":"Avaleht","item":"https:\/\/toidupakk.ee\/lt\/"},{"@type":"ListItem","position":2,"name":"El. parduotuv\u0117","item":"https:\/\/toidupakk.ee\/lt\/el-parduotuve\/"},{"@type":"ListItem","position":3,"name":"\u0160altyje d\u017eiovinti romo rutuliukai 40 g"}]},{"@type":"WebSite","@id":"https:\/\/toidupakk.ee\/lt\/#website","url":"https:\/\/toidupakk.ee\/lt\/","name":"Toidupakk.ee - Tactical Foodpack toidupakid","description":"Tactical Foodpack k\u00fclmkuivatatud toidupakid ja matkaeined","publisher":{"@id":"https:\/\/toidupakk.ee\/lt\/#organization"},"potentialAction":[{"@type":"SearchAction","target":{"@type":"EntryPoint","urlTemplate":"https:\/\/toidupakk.ee\/lt\/?s={search_term_string}"},"query-input":{"@type":"PropertyValueSpecification","valueRequired":true,"valueName":"search_term_string"}}],"inLanguage":"lt-LT"},{"@type":"Organization","@id":"https:\/\/toidupakk.ee\/lt\/#organization","name":"Tactical Foodpack matkaeined","url":"https:\/\/toidupakk.ee\/lt\/","logo":{"@type":"ImageObject","inLanguage":"lt-LT","@id":"https:\/\/toidupakk.ee\/lt\/#\/schema\/logo\/image\/","url":"https:\/\/toidupakk.ee\/wp-content\/uploads\/2022\/01\/Toidupakk-matkapood-logo-transparent.png","contentUrl":"https:\/\/toidupakk.ee\/wp-content\/uploads\/2022\/01\/Toidupakk-matkapood-logo-transparent.png","width":500,"height":500,"caption":"Tactical Foodpack matkaeined"},"image":{"@id":"https:\/\/toidupakk.ee\/lt\/#\/schema\/logo\/image\/"},"sameAs":["https:\/\/www.facebook.com\/Toidupakk","https:\/\/www.instagram.com\/toidupakk\/"]}]}},"jetpack_sharing_enabled":true,"_links":{"self":[{"href":"https:\/\/toidupakk.ee\/lt\/wp-json\/wp\/v2\/product\/47479","targetHints":{"allow":["GET"]}}],"collection":[{"href":"https:\/\/toidupakk.ee\/lt\/wp-json\/wp\/v2\/product"}],"about":[{"href":"https:\/\/toidupakk.ee\/lt\/wp-json\/wp\/v2\/types\/product"}],"replies":[{"embeddable":true,"href":"https:\/\/toidupakk.ee\/lt\/wp-json\/wp\/v2\/comments?post=47479"}],"wp:featuredmedia":[{"embeddable":true,"href":"https:\/\/toidupakk.ee\/lt\/wp-json\/wp\/v2\/media\/1848"}],"wp:attachment":[{"href":"https:\/\/toidupakk.ee\/lt\/wp-json\/wp\/v2\/media?parent=47479"}],"wp:term":[{"taxonomy":"product_brand","embeddable":true,"href":"https:\/\/toidupakk.ee\/lt\/wp-json\/wp\/v2\/product_brand?post=47479"},{"taxonomy":"product_cat","embeddable":true,"href":"https:\/\/toidupakk.ee\/lt\/wp-json\/wp\/v2\/product_cat?post=47479"},{"taxonomy":"product_tag","embeddable":true,"href":"https:\/\/toidupakk.ee\/lt\/wp-json\/wp\/v2\/product_tag?post=47479"}],"curies":[{"name":"wp","href":"https:\/\/api.w.org\/{rel}","templated":true}]}}