{"id":47468,"date":"2022-04-11T13:15:14","date_gmt":"2022-04-11T10:15:14","guid":{"rendered":"https:\/\/toidupakk.ee\/toode\/sulankstomas-turistinis-stalas-camp-active\/"},"modified":"2026-04-16T05:30:57","modified_gmt":"2026-04-16T02:30:57","slug":"sulankstomas-turistinis-stalas-camp-active","status":"publish","type":"product","link":"https:\/\/toidupakk.ee\/lt\/toode\/sulankstomas-turistinis-stalas-camp-active\/","title":{"rendered":"Sulankstomas turistinis stalas \u201eCamp Active\u201c"},"content":{"rendered":"<h1>Sulankstomas turistinis stalas pakyl\u0117s tavo \u017eygi\u0173 patirt\u012f \u012f nauj\u0105 lyg\u012f<\/h1>\n<p>Itin lengvas aliuminis sulankstomas \u201eCamp Active\u201c turistinis stalas \u2013 nepakei\u010diamas pagalbininkas kiekviename \u017eygyje ar i\u0161kyloje. Jis susilanksto iki ma\u017e\u0173 matmen\u0173 ir yra labai lengvas. Be to, jis turi ranken\u0105, tod\u0117l ne\u0161ti dar papras\u010diau. Sulankstytas stalas yra plok\u0161\u010dias ir telpa bet kurio lengvojo automobilio baga\u017ein\u0117s dugne.   <\/p>\n<p>\u0160is nedidelis stalas taip pat gali b\u016bti naudojamas kaip pagalbinis stalas \u012fvairiose patalpose ir situacijose. Nesvarbu, ar tai b\u016bt\u0173 vaiko kambarys, biuras, gara\u017eas, ar papildomas stalas vaikams per \u0161ventes. <\/p>\n<p>\u201eCamp Active\u201c turistinis stalas turi 2 reguliuojamus auk\u0161\u010dius. Auk\u0161tesnis variantas leid\u017eia patogiai vakarieniauti s\u0117dint ant k\u0117d\u017ei\u0173 aplink stal\u0105. \u017demesnis variantas skirtas naudoti, pavyzd\u017eiui, ant i\u0161kylos patiesalo.  <\/p>\n<p>&nbsp;<\/p>\n<h2>Sulankstomas turistinis stalas \u2013 nuklok j\u012f \u017eygio maistu<\/h2>\n<p>\u201eToidupakk\u201c el. parduotuv\u0117s asortimente rasi \u201eTactical Foodpack\u201c <a href=\"\/?product_cat=weekpack#section-3-79\">savait\u0117s maisto atsarg\u0173 rinkinius<\/a>, <a href=\"\/?product_cat=combo#section-3-79\">\u0161e\u0161i\u0173 porcij\u0173 kombinuotus paketus<\/a>, <a href=\"\/?product_cat=hommikusook#section-3-79\">skanius pusry\u010dius<\/a>, <a href=\"\/?product_cat=snakk#section-3-79\">u\u017ekand\u017eius<\/a> bei pavienius maisto paketus tiek i\u0161 <a href=\"\/?product_cat=pearoog#section-3-79\">\u201eTactical Foodpack\u201c<\/a>, tiek i\u0161 <a href=\"https:\/\/toidupakk.ee\/lt\/tootekategooria\/meki-maistas-zygiams\/\">\u201eMeki\u201c<\/a>.<br \/>\nTaip pat pasiimk reikiam\u0105 kiek\u012f \u012franki\u0173 valgymui, t. y. <a href=\"https:\/\/toidupakk.ee\/tactical-foodpack\/matkalusikas-wildo-spork-3in1\/\">\u0161auk\u0161tus-\u0161akutes<\/a>, dujin\u0119 virykl\u0119 su <a href=\"https:\/\/toidupakk.ee\/tactical-foodpack\/gaasiballoon-matkale-300g-keermega\/\">duj\u0173 balionu<\/a>, pakankamai geriamojo vandens <a href=\"https:\/\/toidupakk.ee\/tactical-foodpack\/joogipudel-mil-tec-06l\/\">butelyje<\/a>, d\u0117l viso pikto \u2013 <a href=\"https:\/\/toidupakk.ee\/tactical-foodpack\/multitooriist-mil-tec-black-cobra\/\">daugiafunkc\u012f \u012frank\u012f<\/a> ir visk\u0105 susid\u0117k \u012f didel\u0119 <a href=\"https:\/\/toidupakk.ee\/tactical-foodpack\/matka-seljakott-75l-mil-tec\/\">\u017eygio kuprin\u0119<\/a>. <\/p>\n<p>\u017di\u016br\u0117k, kaip paruo\u0161ti \u017eygio maist\u0105 <a href=\"https:\/\/toidupakk.ee\/kuidas-kasutada\/\">\u010cIA<\/a><\/p>\n<p>Skani\u0173 nuotyki\u0173!<\/p>\n<p>&nbsp;<\/p>\n<p>Per\u017ei\u016br\u0117k visas \u017eygio prekes <a href=\"https:\/\/toidupakk.ee\/lt\/tootekategooria\/zygio-iranga\/#section-3-79\">\u010cIA<\/a><\/p>\n<p>Pasisemk \u012fkv\u0117pimo kitiems nuotykiams Toidupakk <a href=\"https:\/\/www.instagram.com\/toidupakk\/\">Instagram<\/a> ir <a href=\"https:\/\/www.facebook.com\/Toidupakk\/\">Facebook<\/a> paskyrose.<\/p>\n","protected":false},"excerpt":{"rendered":"<p>Pakyl\u0117k savo \u017eygi\u0173 \u012fsp\u016bd\u017eius \u012f nauj\u0105 lyg\u012f su sulankstomu turistiniu stalu. Vakarien\u0117 stebint saul\u0117lyd\u012f ar greiti piet\u016bs prie patogaus stalo suteiks \u017eygiui tikros prabangos! <\/p>\n<p>Itin lengvas aliuminis sulankstomas 2 skirting\u0173 auk\u0161\u010di\u0173 stalas.<\/p>\n<ul>\n<li>Med\u017eiaga: aliuminis \/ plastikas<\/li>\n<li>Reguliuojamo auk\u0161\u010dio kojos<\/li>\n<li>Dydis: 75 x 55 x 60 cm i\u0161skleistas. Sulankstyto matmenys: 3 x 55 x 75 cm. Transportavimo pad\u0117tyje stalo storis yra apie 3 cm.  <\/li>\n<li>Svoris: itin lengvas, 2,75 kg.<\/li>\n<li>D\u0117l tvirtos konstrukcijos stalas yra stabilus ir gerai laikosi vietoje<\/li>\n<\/ul>\n<p>\u2705 Turime sand\u0117lyje, greitas pristatymas per 1\u20133 darbo dienas<br \/>\n\u2705 Pirk dabar, mok\u0117k v\u0117liau (pal\u016bkanos 0 %)<\/p>\n","protected":false},"featured_media":1813,"comment_status":"open","ping_status":"closed","template":"","meta":{"_acf_changed":false},"product_brand":[],"product_cat":[217,189,190,255],"product_tag":[],"class_list":{"0":"post-47468","1":"product","2":"type-product","3":"status-publish","4":"has-post-thumbnail","6":"product_cat-nakvyne-gamtoje","7":"product_cat-zygio-iranga","8":"product_cat-zygio-prekes","9":"product_cat-zygio-stalai","11":"first","12":"instock","13":"sale","14":"taxable","15":"shipping-taxable","16":"purchasable","17":"product-type-simple"},"bundled_by":[],"bundle_stock_status":"instock","bundle_stock_quantity":2,"bundle_virtual":false,"bundle_layout":"","bundle_add_to_cart_form_location":"","bundle_editable_in_cart":false,"bundle_sold_individually_context":"","bundle_item_grouping":"","bundle_min_size":"","bundle_max_size":"","bundle_price":[],"bundled_items":[],"bundle_sell_ids":[],"acf":[],"yoast_head":"<!-- This site is optimized with the Yoast SEO plugin v27.3 - https:\/\/yoast.com\/product\/yoast-seo-wordpress\/ -->\n<title>Sulankstomas turistinis stalas \u201eCamp Active\u201c<\/title>\n<meta name=\"description\" content=\"Sulankstomas turistinis stalas yra aliuminis ir itin lengvas, kompakti\u0161kai susideda, turi reguliuojamas kojas ir patogiai telpa \u012f bet kur\u012f automobil\u012f.\" \/>\n<meta name=\"robots\" content=\"index, follow, max-snippet:-1, max-image-preview:large, max-video-preview:-1\" \/>\n<link rel=\"canonical\" href=\"https:\/\/toidupakk.ee\/lt\/toode\/sulankstomas-turistinis-stalas-camp-active\/\" \/>\n<meta property=\"og:locale\" content=\"lt_LT\" \/>\n<meta property=\"og:type\" content=\"article\" \/>\n<meta property=\"og:title\" content=\"Sulankstomas turistinis stalas \u201eCamp Active\u201c\" \/>\n<meta property=\"og:description\" content=\"Sulankstomas turistinis stalas yra aliuminis ir itin lengvas, kompakti\u0161kai susideda, turi reguliuojamas kojas ir patogiai telpa \u012f bet kur\u012f automobil\u012f.\" \/>\n<meta property=\"og:url\" content=\"https:\/\/toidupakk.ee\/lt\/toode\/sulankstomas-turistinis-stalas-camp-active\/\" \/>\n<meta property=\"og:site_name\" content=\"Toidupakk.ee - Tactical Foodpack toidupakid\" \/>\n<meta property=\"article:publisher\" content=\"https:\/\/www.facebook.com\/Toidupakk\" \/>\n<meta property=\"article:modified_time\" content=\"2026-04-16T02:30:57+00:00\" \/>\n<meta property=\"og:image\" content=\"https:\/\/toidupakk.ee\/wp-content\/uploads\/2022\/04\/Kokkupandav-matkalaud-3.png\" \/>\n\t<meta property=\"og:image:width\" content=\"1080\" \/>\n\t<meta property=\"og:image:height\" content=\"1080\" \/>\n\t<meta property=\"og:image:type\" content=\"image\/png\" \/>\n<meta name=\"twitter:card\" content=\"summary_large_image\" \/>\n<meta name=\"twitter:label1\" content=\"Est. reading time\" \/>\n\t<meta name=\"twitter:data1\" content=\"1 minut\u0117\" \/>\n<script type=\"application\/ld+json\" class=\"yoast-schema-graph\">{\"@context\":\"https:\\\/\\\/schema.org\",\"@graph\":[{\"@type\":\"WebPage\",\"@id\":\"https:\\\/\\\/toidupakk.ee\\\/lt\\\/toode\\\/sulankstomas-turistinis-stalas-camp-active\\\/\",\"url\":\"https:\\\/\\\/toidupakk.ee\\\/lt\\\/toode\\\/sulankstomas-turistinis-stalas-camp-active\\\/\",\"name\":\"Sulankstomas turistinis stalas \u201eCamp Active\u201c\",\"isPartOf\":{\"@id\":\"https:\\\/\\\/toidupakk.ee\\\/lt\\\/#website\"},\"primaryImageOfPage\":{\"@id\":\"https:\\\/\\\/toidupakk.ee\\\/lt\\\/toode\\\/sulankstomas-turistinis-stalas-camp-active\\\/#primaryimage\"},\"image\":{\"@id\":\"https:\\\/\\\/toidupakk.ee\\\/lt\\\/toode\\\/sulankstomas-turistinis-stalas-camp-active\\\/#primaryimage\"},\"thumbnailUrl\":\"https:\\\/\\\/toidupakk.ee\\\/wp-content\\\/uploads\\\/2022\\\/04\\\/Kokkupandav-matkalaud-3.png\",\"datePublished\":\"2022-04-11T10:15:14+00:00\",\"dateModified\":\"2026-04-16T02:30:57+00:00\",\"description\":\"Sulankstomas turistinis stalas yra aliuminis ir itin lengvas, kompakti\u0161kai susideda, turi reguliuojamas kojas ir patogiai telpa \u012f bet kur\u012f automobil\u012f.\",\"breadcrumb\":{\"@id\":\"https:\\\/\\\/toidupakk.ee\\\/lt\\\/toode\\\/sulankstomas-turistinis-stalas-camp-active\\\/#breadcrumb\"},\"inLanguage\":\"lt-LT\",\"potentialAction\":[{\"@type\":\"ReadAction\",\"target\":[\"https:\\\/\\\/toidupakk.ee\\\/lt\\\/toode\\\/sulankstomas-turistinis-stalas-camp-active\\\/\"]}]},{\"@type\":\"ImageObject\",\"inLanguage\":\"lt-LT\",\"@id\":\"https:\\\/\\\/toidupakk.ee\\\/lt\\\/toode\\\/sulankstomas-turistinis-stalas-camp-active\\\/#primaryimage\",\"url\":\"https:\\\/\\\/toidupakk.ee\\\/wp-content\\\/uploads\\\/2022\\\/04\\\/Kokkupandav-matkalaud-3.png\",\"contentUrl\":\"https:\\\/\\\/toidupakk.ee\\\/wp-content\\\/uploads\\\/2022\\\/04\\\/Kokkupandav-matkalaud-3.png\",\"width\":1080,\"height\":1080,\"caption\":\"matkalaud tootepilt\"},{\"@type\":\"BreadcrumbList\",\"@id\":\"https:\\\/\\\/toidupakk.ee\\\/lt\\\/toode\\\/sulankstomas-turistinis-stalas-camp-active\\\/#breadcrumb\",\"itemListElement\":[{\"@type\":\"ListItem\",\"position\":1,\"name\":\"Avaleht\",\"item\":\"https:\\\/\\\/toidupakk.ee\\\/lt\\\/\"},{\"@type\":\"ListItem\",\"position\":2,\"name\":\"El. parduotuv\u0117\",\"item\":\"https:\\\/\\\/toidupakk.ee\\\/lt\\\/el-parduotuve\\\/\"},{\"@type\":\"ListItem\",\"position\":3,\"name\":\"Sulankstomas turistinis stalas \u201eCamp Active\u201c\"}]},{\"@type\":\"WebSite\",\"@id\":\"https:\\\/\\\/toidupakk.ee\\\/lt\\\/#website\",\"url\":\"https:\\\/\\\/toidupakk.ee\\\/lt\\\/\",\"name\":\"Toidupakk.ee - Tactical Foodpack toidupakid\",\"description\":\"Tactical Foodpack k\u00fclmkuivatatud toidupakid ja matkaeined\",\"publisher\":{\"@id\":\"https:\\\/\\\/toidupakk.ee\\\/lt\\\/#organization\"},\"potentialAction\":[{\"@type\":\"SearchAction\",\"target\":{\"@type\":\"EntryPoint\",\"urlTemplate\":\"https:\\\/\\\/toidupakk.ee\\\/lt\\\/?s={search_term_string}\"},\"query-input\":{\"@type\":\"PropertyValueSpecification\",\"valueRequired\":true,\"valueName\":\"search_term_string\"}}],\"inLanguage\":\"lt-LT\"},{\"@type\":\"Organization\",\"@id\":\"https:\\\/\\\/toidupakk.ee\\\/lt\\\/#organization\",\"name\":\"Tactical Foodpack matkaeined\",\"url\":\"https:\\\/\\\/toidupakk.ee\\\/lt\\\/\",\"logo\":{\"@type\":\"ImageObject\",\"inLanguage\":\"lt-LT\",\"@id\":\"https:\\\/\\\/toidupakk.ee\\\/lt\\\/#\\\/schema\\\/logo\\\/image\\\/\",\"url\":\"https:\\\/\\\/toidupakk.ee\\\/wp-content\\\/uploads\\\/2022\\\/01\\\/Toidupakk-matkapood-logo-transparent.png\",\"contentUrl\":\"https:\\\/\\\/toidupakk.ee\\\/wp-content\\\/uploads\\\/2022\\\/01\\\/Toidupakk-matkapood-logo-transparent.png\",\"width\":500,\"height\":500,\"caption\":\"Tactical Foodpack matkaeined\"},\"image\":{\"@id\":\"https:\\\/\\\/toidupakk.ee\\\/lt\\\/#\\\/schema\\\/logo\\\/image\\\/\"},\"sameAs\":[\"https:\\\/\\\/www.facebook.com\\\/Toidupakk\",\"https:\\\/\\\/www.instagram.com\\\/toidupakk\\\/\"]}]}<\/script>\n<!-- \/ Yoast SEO plugin. -->","yoast_head_json":{"title":"Sulankstomas turistinis stalas \u201eCamp Active\u201c","description":"Sulankstomas turistinis stalas yra aliuminis ir itin lengvas, kompakti\u0161kai susideda, turi reguliuojamas kojas ir patogiai telpa \u012f bet kur\u012f automobil\u012f.","robots":{"index":"index","follow":"follow","max-snippet":"max-snippet:-1","max-image-preview":"max-image-preview:large","max-video-preview":"max-video-preview:-1"},"canonical":"https:\/\/toidupakk.ee\/lt\/toode\/sulankstomas-turistinis-stalas-camp-active\/","og_locale":"lt_LT","og_type":"article","og_title":"Sulankstomas turistinis stalas \u201eCamp Active\u201c","og_description":"Sulankstomas turistinis stalas yra aliuminis ir itin lengvas, kompakti\u0161kai susideda, turi reguliuojamas kojas ir patogiai telpa \u012f bet kur\u012f automobil\u012f.","og_url":"https:\/\/toidupakk.ee\/lt\/toode\/sulankstomas-turistinis-stalas-camp-active\/","og_site_name":"Toidupakk.ee - Tactical Foodpack toidupakid","article_publisher":"https:\/\/www.facebook.com\/Toidupakk","article_modified_time":"2026-04-16T02:30:57+00:00","og_image":[{"width":1080,"height":1080,"url":"https:\/\/toidupakk.ee\/wp-content\/uploads\/2022\/04\/Kokkupandav-matkalaud-3.png","type":"image\/png"}],"twitter_card":"summary_large_image","twitter_misc":{"Est. reading time":"1 minut\u0117"},"schema":{"@context":"https:\/\/schema.org","@graph":[{"@type":"WebPage","@id":"https:\/\/toidupakk.ee\/lt\/toode\/sulankstomas-turistinis-stalas-camp-active\/","url":"https:\/\/toidupakk.ee\/lt\/toode\/sulankstomas-turistinis-stalas-camp-active\/","name":"Sulankstomas turistinis stalas \u201eCamp Active\u201c","isPartOf":{"@id":"https:\/\/toidupakk.ee\/lt\/#website"},"primaryImageOfPage":{"@id":"https:\/\/toidupakk.ee\/lt\/toode\/sulankstomas-turistinis-stalas-camp-active\/#primaryimage"},"image":{"@id":"https:\/\/toidupakk.ee\/lt\/toode\/sulankstomas-turistinis-stalas-camp-active\/#primaryimage"},"thumbnailUrl":"https:\/\/toidupakk.ee\/wp-content\/uploads\/2022\/04\/Kokkupandav-matkalaud-3.png","datePublished":"2022-04-11T10:15:14+00:00","dateModified":"2026-04-16T02:30:57+00:00","description":"Sulankstomas turistinis stalas yra aliuminis ir itin lengvas, kompakti\u0161kai susideda, turi reguliuojamas kojas ir patogiai telpa \u012f bet kur\u012f automobil\u012f.","breadcrumb":{"@id":"https:\/\/toidupakk.ee\/lt\/toode\/sulankstomas-turistinis-stalas-camp-active\/#breadcrumb"},"inLanguage":"lt-LT","potentialAction":[{"@type":"ReadAction","target":["https:\/\/toidupakk.ee\/lt\/toode\/sulankstomas-turistinis-stalas-camp-active\/"]}]},{"@type":"ImageObject","inLanguage":"lt-LT","@id":"https:\/\/toidupakk.ee\/lt\/toode\/sulankstomas-turistinis-stalas-camp-active\/#primaryimage","url":"https:\/\/toidupakk.ee\/wp-content\/uploads\/2022\/04\/Kokkupandav-matkalaud-3.png","contentUrl":"https:\/\/toidupakk.ee\/wp-content\/uploads\/2022\/04\/Kokkupandav-matkalaud-3.png","width":1080,"height":1080,"caption":"matkalaud tootepilt"},{"@type":"BreadcrumbList","@id":"https:\/\/toidupakk.ee\/lt\/toode\/sulankstomas-turistinis-stalas-camp-active\/#breadcrumb","itemListElement":[{"@type":"ListItem","position":1,"name":"Avaleht","item":"https:\/\/toidupakk.ee\/lt\/"},{"@type":"ListItem","position":2,"name":"El. parduotuv\u0117","item":"https:\/\/toidupakk.ee\/lt\/el-parduotuve\/"},{"@type":"ListItem","position":3,"name":"Sulankstomas turistinis stalas \u201eCamp Active\u201c"}]},{"@type":"WebSite","@id":"https:\/\/toidupakk.ee\/lt\/#website","url":"https:\/\/toidupakk.ee\/lt\/","name":"Toidupakk.ee - Tactical Foodpack toidupakid","description":"Tactical Foodpack k\u00fclmkuivatatud toidupakid ja matkaeined","publisher":{"@id":"https:\/\/toidupakk.ee\/lt\/#organization"},"potentialAction":[{"@type":"SearchAction","target":{"@type":"EntryPoint","urlTemplate":"https:\/\/toidupakk.ee\/lt\/?s={search_term_string}"},"query-input":{"@type":"PropertyValueSpecification","valueRequired":true,"valueName":"search_term_string"}}],"inLanguage":"lt-LT"},{"@type":"Organization","@id":"https:\/\/toidupakk.ee\/lt\/#organization","name":"Tactical Foodpack matkaeined","url":"https:\/\/toidupakk.ee\/lt\/","logo":{"@type":"ImageObject","inLanguage":"lt-LT","@id":"https:\/\/toidupakk.ee\/lt\/#\/schema\/logo\/image\/","url":"https:\/\/toidupakk.ee\/wp-content\/uploads\/2022\/01\/Toidupakk-matkapood-logo-transparent.png","contentUrl":"https:\/\/toidupakk.ee\/wp-content\/uploads\/2022\/01\/Toidupakk-matkapood-logo-transparent.png","width":500,"height":500,"caption":"Tactical Foodpack matkaeined"},"image":{"@id":"https:\/\/toidupakk.ee\/lt\/#\/schema\/logo\/image\/"},"sameAs":["https:\/\/www.facebook.com\/Toidupakk","https:\/\/www.instagram.com\/toidupakk\/"]}]}},"jetpack_sharing_enabled":true,"_links":{"self":[{"href":"https:\/\/toidupakk.ee\/lt\/wp-json\/wp\/v2\/product\/47468","targetHints":{"allow":["GET"]}}],"collection":[{"href":"https:\/\/toidupakk.ee\/lt\/wp-json\/wp\/v2\/product"}],"about":[{"href":"https:\/\/toidupakk.ee\/lt\/wp-json\/wp\/v2\/types\/product"}],"replies":[{"embeddable":true,"href":"https:\/\/toidupakk.ee\/lt\/wp-json\/wp\/v2\/comments?post=47468"}],"wp:featuredmedia":[{"embeddable":true,"href":"https:\/\/toidupakk.ee\/lt\/wp-json\/wp\/v2\/media\/1813"}],"wp:attachment":[{"href":"https:\/\/toidupakk.ee\/lt\/wp-json\/wp\/v2\/media?parent=47468"}],"wp:term":[{"taxonomy":"product_brand","embeddable":true,"href":"https:\/\/toidupakk.ee\/lt\/wp-json\/wp\/v2\/product_brand?post=47468"},{"taxonomy":"product_cat","embeddable":true,"href":"https:\/\/toidupakk.ee\/lt\/wp-json\/wp\/v2\/product_cat?post=47468"},{"taxonomy":"product_tag","embeddable":true,"href":"https:\/\/toidupakk.ee\/lt\/wp-json\/wp\/v2\/product_tag?post=47468"}],"curies":[{"name":"wp","href":"https:\/\/api.w.org\/{rel}","templated":true}]}}