{"id":47461,"date":"2022-04-08T15:21:22","date_gmt":"2022-04-08T12:21:22","guid":{"rendered":"https:\/\/toidupakk.ee\/toode\/kelioninis-saukstas-wildo-spork-3in1\/"},"modified":"2026-04-16T22:30:34","modified_gmt":"2026-04-16T19:30:34","slug":"kelioninis-saukstas-wildo-spork-3in1","status":"publish","type":"product","link":"https:\/\/toidupakk.ee\/lt\/toode\/kelioninis-saukstas-wildo-spork-3in1\/","title":{"rendered":"Kelioninis \u0161auk\u0161tas \u201eWildo Spork 3in1\u201c"},"content":{"rendered":"<h1>Kelioninis \u0161auk\u0161tas \u201e3in1\u201c arba daugiafunkcis \u012frankis<\/h1>\n<p>&nbsp;<\/p>\n<p>Kelioninis \u0161auk\u0161tas \u201eWildo Spork\u201c yra daugiafunkcis pagalbininkas valgant gryname ore. Kai kurie \u0161\u012f \u012frank\u012f vadina \u201esporku\u201c \u2013 tai pavadinimas, sujungiantis \u0161auk\u0161to, \u0161akut\u0117s ir peilio funkcijas. <\/p>\n<p>Tai \u0161akut\u0117s, \u0161auk\u0161to ir peilio hibridas \u2013 galima sakyti, \u201etrys viename\u201c. \u017dygiuose ir kituose renginiuose lauke tai nepakei\u010diamas pagalbininkas ir ekologi\u0161ka alternatyva vienkartiniams indams. Jis neu\u017eima vietos kuprin\u0117je, yra pagamintas i\u0161 lengvo ir gamtai draugi\u0161ko bioplastiko.  <\/p>\n<p>Jei dar nebandei, dabar pats metas. \u201eWildo Spork\u201c pagamintas \u0160vedijoje ir sveria vos 8,5 g. Tai ergonomi\u0161ko dizaino gaminys, kur\u012f labai patogu laikyti rankoje valgant. Su \u201eWildo\u201c kelioniniu \u0161auk\u0161tu gal\u0117si patogiai valgyti sriub\u0105, makaronus ar pasipjauti, pavyzd\u017eiui, kepam\u0105 de\u0161rel\u0119.   <\/p>\n<p>Tvirtas, pigus ir patogus \u2013 ko dar gali nor\u0117ti \u017eygi\u0173 entuziastas?! D\u0117l gale esan\u010dios skylut\u0117s \u012frank\u012f lengva pakabinti virtuv\u0117je ar namelyje ant rat\u0173. <\/p>\n<p>&nbsp;<\/p>\n<h2>Kelioninis \u0161auk\u0161tas arba \u201esporkas\u201c \u2013 k\u0105 su juo geriausia veikti?<\/h2>\n<p>\u017dinoma, valgyti! Bet klausimas \u2013 k\u0105? Viskas paprasta \u2013 bet k\u0105! \u201eWildo Spork\u201c puikiai susidoroja su ant lau\u017eo keptos de\u0161rel\u0117s pjaustymu ir pa\u0117mimu, ta\u010diau j\u012f ypa\u010d patogu naudoti \u012fvairiems greitai paruo\u0161iamiems \u017eygi\u0173 patiekalams. \u201eToidupakk\u201c el. parduotuv\u0117je rasi \u201eTactical Foodpack\u201c <a href=\"\/?product_cat=weekpack#section-3-79\">savait\u0117s maisto atsarg\u0173 rinkinius<\/a>, <a href=\"\/?product_cat=combo#section-3-79\">\u0161e\u0161i\u0173 porcij\u0173 rinkinius<\/a>, <a href=\"\/?product_cat=hommikusook#section-3-79\">skanius pusry\u010dius<\/a>, <a href=\"\/?product_cat=snakk#section-3-79\">u\u017ekand\u017eius<\/a> bei atskirus maisto paketus i\u0161 <a href=\"\/?product_cat=pearoog#section-3-79\">\u201eTactical Foodpack\u201c<\/a> ir <a href=\"https:\/\/toidupakk.ee\/lt\/tootekategooria\/meki-maistas-zygiams\/\">\u201eMeki\u201c<\/a>.    <\/p>\n<p>I\u0161sirink <a href=\"https:\/\/toidupakk.ee\/lt\/el-parduotuve\/\">m\u0117gstamiausius<\/a> ir prad\u0117k m\u0117gautis!<\/p>\n<p>&nbsp;<\/p>\n<p>Daugiau \u017eygio preki\u0173 rasi <a href=\"https:\/\/toidupakk.ee\/lt\/tootekategooria\/zygio-iranga\/#section-3-79\">\u010cIA<\/a><\/p>\n<p>Pasisemk \u012fkv\u0117pimo kitiems nuotykiams Toidupakk <a href=\"https:\/\/www.instagram.com\/toidupakk\/\">Instagram<\/a> ir <a href=\"https:\/\/www.facebook.com\/Toidupakk\/\">Facebook<\/a> paskyrose.<\/p>\n","protected":false},"excerpt":{"rendered":"<p><strong>Tai \u0161akut\u0117s, \u0161auk\u0161to ir peilio hibridas \u2013 galima sakyti, \u201etrys viename\u201c. \u017dygiuose ir kituose renginiuose lauke tai nepakei\u010diamas pagalbininkas. Neu\u017eima vietos kuprin\u0117je, pagamintas i\u0161 lengvo ir gamtai draugi\u0161ko bioplastiko.  <\/strong><\/p>\n<ul>\n<li>Kietas ir patvarus plastikas<\/li>\n<li>Skylut\u0117 rankenoje patogiam pakabinimui<\/li>\n<li>100 % be BPA<\/li>\n<li>Svoris: 8,5 g<\/li>\n<li>Matmenys: 16,5 x 5 x 1,5 cm<\/li>\n<\/ul>\n<p>\u2705 Turime sand\u0117lyje, greitas pristatymas per 1\u20133 darbo dienas<\/p>\n","protected":false},"featured_media":1795,"comment_status":"open","ping_status":"closed","template":"","meta":{"_acf_changed":false},"product_brand":[],"product_cat":[196,197,189,190],"product_tag":[194],"class_list":{"0":"post-47461","1":"product","2":"type-product","3":"status-publish","4":"has-post-thumbnail","6":"product_cat-maisto-gaminimas","7":"product_cat-stalo-irankiai","8":"product_cat-zygio-iranga","9":"product_cat-zygio-prekes","10":"product_tag-no_ads","12":"first","13":"instock","14":"taxable","15":"shipping-taxable","16":"purchasable","17":"product-type-simple"},"bundled_by":[],"bundle_stock_status":"instock","bundle_stock_quantity":111,"bundle_virtual":false,"bundle_layout":"","bundle_add_to_cart_form_location":"","bundle_editable_in_cart":false,"bundle_sold_individually_context":"","bundle_item_grouping":"","bundle_min_size":"","bundle_max_size":"","bundle_price":[],"bundled_items":[],"bundle_sell_ids":[],"acf":[],"yoast_head":"<!-- This site is optimized with the Yoast SEO plugin v27.3 - https:\/\/yoast.com\/product\/yoast-seo-wordpress\/ -->\n<title>Kelioninis \u0161auk\u0161tas \u201eWildo Spork 3in1\u201c - Toidupakk.ee - Tactical Foodpack toidupakid<\/title>\n<meta name=\"description\" content=\"\u201eWildo Spork\u201c kelioninis \u0161auk\u0161tas yra \u0161akut\u0117s, \u0161auk\u0161to ir peilio hibridas. Nepakei\u010diamas pagalbininkas \u017eygiuose \u2013 neu\u017eima vietos kuprin\u0117je ir yra lengvas.\" \/>\n<meta name=\"robots\" content=\"index, follow, max-snippet:-1, max-image-preview:large, max-video-preview:-1\" \/>\n<link rel=\"canonical\" href=\"https:\/\/toidupakk.ee\/lt\/toode\/kelioninis-saukstas-wildo-spork-3in1\/\" \/>\n<meta property=\"og:locale\" content=\"lt_LT\" \/>\n<meta property=\"og:type\" content=\"article\" \/>\n<meta property=\"og:title\" content=\"Kelioninis \u0161auk\u0161tas \u201eWildo Spork 3in1\u201c - Toidupakk.ee - Tactical Foodpack toidupakid\" \/>\n<meta property=\"og:description\" content=\"\u201eWildo Spork\u201c kelioninis \u0161auk\u0161tas yra \u0161akut\u0117s, \u0161auk\u0161to ir peilio hibridas. Nepakei\u010diamas pagalbininkas \u017eygiuose \u2013 neu\u017eima vietos kuprin\u0117je ir yra lengvas.\" \/>\n<meta property=\"og:url\" content=\"https:\/\/toidupakk.ee\/lt\/toode\/kelioninis-saukstas-wildo-spork-3in1\/\" \/>\n<meta property=\"og:site_name\" content=\"Toidupakk.ee - Tactical Foodpack toidupakid\" \/>\n<meta property=\"article:publisher\" content=\"https:\/\/www.facebook.com\/Toidupakk\" \/>\n<meta property=\"article:modified_time\" content=\"2026-04-16T19:30:34+00:00\" \/>\n<meta property=\"og:image\" content=\"https:\/\/toidupakk.ee\/wp-content\/uploads\/2022\/04\/4.png\" \/>\n\t<meta property=\"og:image:width\" content=\"1080\" \/>\n\t<meta property=\"og:image:height\" content=\"1080\" \/>\n\t<meta property=\"og:image:type\" content=\"image\/png\" \/>\n<meta name=\"twitter:card\" content=\"summary_large_image\" \/>\n<meta name=\"twitter:label1\" content=\"Est. reading time\" \/>\n\t<meta name=\"twitter:data1\" content=\"1 minut\u0117\" \/>\n<script type=\"application\/ld+json\" class=\"yoast-schema-graph\">{\"@context\":\"https:\\\/\\\/schema.org\",\"@graph\":[{\"@type\":\"WebPage\",\"@id\":\"https:\\\/\\\/toidupakk.ee\\\/lt\\\/toode\\\/kelioninis-saukstas-wildo-spork-3in1\\\/\",\"url\":\"https:\\\/\\\/toidupakk.ee\\\/lt\\\/toode\\\/kelioninis-saukstas-wildo-spork-3in1\\\/\",\"name\":\"Kelioninis \u0161auk\u0161tas \u201eWildo Spork 3in1\u201c - Toidupakk.ee - Tactical Foodpack toidupakid\",\"isPartOf\":{\"@id\":\"https:\\\/\\\/toidupakk.ee\\\/lt\\\/#website\"},\"primaryImageOfPage\":{\"@id\":\"https:\\\/\\\/toidupakk.ee\\\/lt\\\/toode\\\/kelioninis-saukstas-wildo-spork-3in1\\\/#primaryimage\"},\"image\":{\"@id\":\"https:\\\/\\\/toidupakk.ee\\\/lt\\\/toode\\\/kelioninis-saukstas-wildo-spork-3in1\\\/#primaryimage\"},\"thumbnailUrl\":\"https:\\\/\\\/toidupakk.ee\\\/wp-content\\\/uploads\\\/2022\\\/04\\\/4.png\",\"datePublished\":\"2022-04-08T12:21:22+00:00\",\"dateModified\":\"2026-04-16T19:30:34+00:00\",\"description\":\"\u201eWildo Spork\u201c kelioninis \u0161auk\u0161tas yra \u0161akut\u0117s, \u0161auk\u0161to ir peilio hibridas. Nepakei\u010diamas pagalbininkas \u017eygiuose \u2013 neu\u017eima vietos kuprin\u0117je ir yra lengvas.\",\"breadcrumb\":{\"@id\":\"https:\\\/\\\/toidupakk.ee\\\/lt\\\/toode\\\/kelioninis-saukstas-wildo-spork-3in1\\\/#breadcrumb\"},\"inLanguage\":\"lt-LT\",\"potentialAction\":[{\"@type\":\"ReadAction\",\"target\":[\"https:\\\/\\\/toidupakk.ee\\\/lt\\\/toode\\\/kelioninis-saukstas-wildo-spork-3in1\\\/\"]}]},{\"@type\":\"ImageObject\",\"inLanguage\":\"lt-LT\",\"@id\":\"https:\\\/\\\/toidupakk.ee\\\/lt\\\/toode\\\/kelioninis-saukstas-wildo-spork-3in1\\\/#primaryimage\",\"url\":\"https:\\\/\\\/toidupakk.ee\\\/wp-content\\\/uploads\\\/2022\\\/04\\\/4.png\",\"contentUrl\":\"https:\\\/\\\/toidupakk.ee\\\/wp-content\\\/uploads\\\/2022\\\/04\\\/4.png\",\"width\":1080,\"height\":1080,\"caption\":\"Matkalusikas\"},{\"@type\":\"BreadcrumbList\",\"@id\":\"https:\\\/\\\/toidupakk.ee\\\/lt\\\/toode\\\/kelioninis-saukstas-wildo-spork-3in1\\\/#breadcrumb\",\"itemListElement\":[{\"@type\":\"ListItem\",\"position\":1,\"name\":\"Avaleht\",\"item\":\"https:\\\/\\\/toidupakk.ee\\\/lt\\\/\"},{\"@type\":\"ListItem\",\"position\":2,\"name\":\"El. parduotuv\u0117\",\"item\":\"https:\\\/\\\/toidupakk.ee\\\/lt\\\/el-parduotuve\\\/\"},{\"@type\":\"ListItem\",\"position\":3,\"name\":\"Kelioninis \u0161auk\u0161tas \u201eWildo Spork 3in1\u201c\"}]},{\"@type\":\"WebSite\",\"@id\":\"https:\\\/\\\/toidupakk.ee\\\/lt\\\/#website\",\"url\":\"https:\\\/\\\/toidupakk.ee\\\/lt\\\/\",\"name\":\"Toidupakk.ee - Tactical Foodpack toidupakid\",\"description\":\"Tactical Foodpack k\u00fclmkuivatatud toidupakid ja matkaeined\",\"publisher\":{\"@id\":\"https:\\\/\\\/toidupakk.ee\\\/lt\\\/#organization\"},\"potentialAction\":[{\"@type\":\"SearchAction\",\"target\":{\"@type\":\"EntryPoint\",\"urlTemplate\":\"https:\\\/\\\/toidupakk.ee\\\/lt\\\/?s={search_term_string}\"},\"query-input\":{\"@type\":\"PropertyValueSpecification\",\"valueRequired\":true,\"valueName\":\"search_term_string\"}}],\"inLanguage\":\"lt-LT\"},{\"@type\":\"Organization\",\"@id\":\"https:\\\/\\\/toidupakk.ee\\\/lt\\\/#organization\",\"name\":\"Tactical Foodpack matkaeined\",\"url\":\"https:\\\/\\\/toidupakk.ee\\\/lt\\\/\",\"logo\":{\"@type\":\"ImageObject\",\"inLanguage\":\"lt-LT\",\"@id\":\"https:\\\/\\\/toidupakk.ee\\\/lt\\\/#\\\/schema\\\/logo\\\/image\\\/\",\"url\":\"https:\\\/\\\/toidupakk.ee\\\/wp-content\\\/uploads\\\/2022\\\/01\\\/Toidupakk-matkapood-logo-transparent.png\",\"contentUrl\":\"https:\\\/\\\/toidupakk.ee\\\/wp-content\\\/uploads\\\/2022\\\/01\\\/Toidupakk-matkapood-logo-transparent.png\",\"width\":500,\"height\":500,\"caption\":\"Tactical Foodpack matkaeined\"},\"image\":{\"@id\":\"https:\\\/\\\/toidupakk.ee\\\/lt\\\/#\\\/schema\\\/logo\\\/image\\\/\"},\"sameAs\":[\"https:\\\/\\\/www.facebook.com\\\/Toidupakk\",\"https:\\\/\\\/www.instagram.com\\\/toidupakk\\\/\"]}]}<\/script>\n<!-- \/ Yoast SEO plugin. -->","yoast_head_json":{"title":"Kelioninis \u0161auk\u0161tas \u201eWildo Spork 3in1\u201c - Toidupakk.ee - Tactical Foodpack toidupakid","description":"\u201eWildo Spork\u201c kelioninis \u0161auk\u0161tas yra \u0161akut\u0117s, \u0161auk\u0161to ir peilio hibridas. Nepakei\u010diamas pagalbininkas \u017eygiuose \u2013 neu\u017eima vietos kuprin\u0117je ir yra lengvas.","robots":{"index":"index","follow":"follow","max-snippet":"max-snippet:-1","max-image-preview":"max-image-preview:large","max-video-preview":"max-video-preview:-1"},"canonical":"https:\/\/toidupakk.ee\/lt\/toode\/kelioninis-saukstas-wildo-spork-3in1\/","og_locale":"lt_LT","og_type":"article","og_title":"Kelioninis \u0161auk\u0161tas \u201eWildo Spork 3in1\u201c - Toidupakk.ee - Tactical Foodpack toidupakid","og_description":"\u201eWildo Spork\u201c kelioninis \u0161auk\u0161tas yra \u0161akut\u0117s, \u0161auk\u0161to ir peilio hibridas. Nepakei\u010diamas pagalbininkas \u017eygiuose \u2013 neu\u017eima vietos kuprin\u0117je ir yra lengvas.","og_url":"https:\/\/toidupakk.ee\/lt\/toode\/kelioninis-saukstas-wildo-spork-3in1\/","og_site_name":"Toidupakk.ee - Tactical Foodpack toidupakid","article_publisher":"https:\/\/www.facebook.com\/Toidupakk","article_modified_time":"2026-04-16T19:30:34+00:00","og_image":[{"width":1080,"height":1080,"url":"https:\/\/toidupakk.ee\/wp-content\/uploads\/2022\/04\/4.png","type":"image\/png"}],"twitter_card":"summary_large_image","twitter_misc":{"Est. reading time":"1 minut\u0117"},"schema":{"@context":"https:\/\/schema.org","@graph":[{"@type":"WebPage","@id":"https:\/\/toidupakk.ee\/lt\/toode\/kelioninis-saukstas-wildo-spork-3in1\/","url":"https:\/\/toidupakk.ee\/lt\/toode\/kelioninis-saukstas-wildo-spork-3in1\/","name":"Kelioninis \u0161auk\u0161tas \u201eWildo Spork 3in1\u201c - Toidupakk.ee - Tactical Foodpack toidupakid","isPartOf":{"@id":"https:\/\/toidupakk.ee\/lt\/#website"},"primaryImageOfPage":{"@id":"https:\/\/toidupakk.ee\/lt\/toode\/kelioninis-saukstas-wildo-spork-3in1\/#primaryimage"},"image":{"@id":"https:\/\/toidupakk.ee\/lt\/toode\/kelioninis-saukstas-wildo-spork-3in1\/#primaryimage"},"thumbnailUrl":"https:\/\/toidupakk.ee\/wp-content\/uploads\/2022\/04\/4.png","datePublished":"2022-04-08T12:21:22+00:00","dateModified":"2026-04-16T19:30:34+00:00","description":"\u201eWildo Spork\u201c kelioninis \u0161auk\u0161tas yra \u0161akut\u0117s, \u0161auk\u0161to ir peilio hibridas. Nepakei\u010diamas pagalbininkas \u017eygiuose \u2013 neu\u017eima vietos kuprin\u0117je ir yra lengvas.","breadcrumb":{"@id":"https:\/\/toidupakk.ee\/lt\/toode\/kelioninis-saukstas-wildo-spork-3in1\/#breadcrumb"},"inLanguage":"lt-LT","potentialAction":[{"@type":"ReadAction","target":["https:\/\/toidupakk.ee\/lt\/toode\/kelioninis-saukstas-wildo-spork-3in1\/"]}]},{"@type":"ImageObject","inLanguage":"lt-LT","@id":"https:\/\/toidupakk.ee\/lt\/toode\/kelioninis-saukstas-wildo-spork-3in1\/#primaryimage","url":"https:\/\/toidupakk.ee\/wp-content\/uploads\/2022\/04\/4.png","contentUrl":"https:\/\/toidupakk.ee\/wp-content\/uploads\/2022\/04\/4.png","width":1080,"height":1080,"caption":"Matkalusikas"},{"@type":"BreadcrumbList","@id":"https:\/\/toidupakk.ee\/lt\/toode\/kelioninis-saukstas-wildo-spork-3in1\/#breadcrumb","itemListElement":[{"@type":"ListItem","position":1,"name":"Avaleht","item":"https:\/\/toidupakk.ee\/lt\/"},{"@type":"ListItem","position":2,"name":"El. parduotuv\u0117","item":"https:\/\/toidupakk.ee\/lt\/el-parduotuve\/"},{"@type":"ListItem","position":3,"name":"Kelioninis \u0161auk\u0161tas \u201eWildo Spork 3in1\u201c"}]},{"@type":"WebSite","@id":"https:\/\/toidupakk.ee\/lt\/#website","url":"https:\/\/toidupakk.ee\/lt\/","name":"Toidupakk.ee - Tactical Foodpack toidupakid","description":"Tactical Foodpack k\u00fclmkuivatatud toidupakid ja matkaeined","publisher":{"@id":"https:\/\/toidupakk.ee\/lt\/#organization"},"potentialAction":[{"@type":"SearchAction","target":{"@type":"EntryPoint","urlTemplate":"https:\/\/toidupakk.ee\/lt\/?s={search_term_string}"},"query-input":{"@type":"PropertyValueSpecification","valueRequired":true,"valueName":"search_term_string"}}],"inLanguage":"lt-LT"},{"@type":"Organization","@id":"https:\/\/toidupakk.ee\/lt\/#organization","name":"Tactical Foodpack matkaeined","url":"https:\/\/toidupakk.ee\/lt\/","logo":{"@type":"ImageObject","inLanguage":"lt-LT","@id":"https:\/\/toidupakk.ee\/lt\/#\/schema\/logo\/image\/","url":"https:\/\/toidupakk.ee\/wp-content\/uploads\/2022\/01\/Toidupakk-matkapood-logo-transparent.png","contentUrl":"https:\/\/toidupakk.ee\/wp-content\/uploads\/2022\/01\/Toidupakk-matkapood-logo-transparent.png","width":500,"height":500,"caption":"Tactical Foodpack matkaeined"},"image":{"@id":"https:\/\/toidupakk.ee\/lt\/#\/schema\/logo\/image\/"},"sameAs":["https:\/\/www.facebook.com\/Toidupakk","https:\/\/www.instagram.com\/toidupakk\/"]}]}},"jetpack_sharing_enabled":true,"_links":{"self":[{"href":"https:\/\/toidupakk.ee\/lt\/wp-json\/wp\/v2\/product\/47461","targetHints":{"allow":["GET"]}}],"collection":[{"href":"https:\/\/toidupakk.ee\/lt\/wp-json\/wp\/v2\/product"}],"about":[{"href":"https:\/\/toidupakk.ee\/lt\/wp-json\/wp\/v2\/types\/product"}],"replies":[{"embeddable":true,"href":"https:\/\/toidupakk.ee\/lt\/wp-json\/wp\/v2\/comments?post=47461"}],"wp:featuredmedia":[{"embeddable":true,"href":"https:\/\/toidupakk.ee\/lt\/wp-json\/wp\/v2\/media\/1795"}],"wp:attachment":[{"href":"https:\/\/toidupakk.ee\/lt\/wp-json\/wp\/v2\/media?parent=47461"}],"wp:term":[{"taxonomy":"product_brand","embeddable":true,"href":"https:\/\/toidupakk.ee\/lt\/wp-json\/wp\/v2\/product_brand?post=47461"},{"taxonomy":"product_cat","embeddable":true,"href":"https:\/\/toidupakk.ee\/lt\/wp-json\/wp\/v2\/product_cat?post=47461"},{"taxonomy":"product_tag","embeddable":true,"href":"https:\/\/toidupakk.ee\/lt\/wp-json\/wp\/v2\/product_tag?post=47461"}],"curies":[{"name":"wp","href":"https:\/\/api.w.org\/{rel}","templated":true}]}}