{"id":47449,"date":"2022-04-06T16:59:23","date_gmt":"2022-04-06T13:59:23","guid":{"rendered":"https:\/\/toidupakk.ee\/toode\/ryziai-su-kalakutiena-ir-raudonuoju-kariu-100-g\/"},"modified":"2026-04-15T03:00:44","modified_gmt":"2026-04-15T00:00:44","slug":"ryziai-su-kalakutiena-ir-raudonuoju-kariu-100-g","status":"publish","type":"product","link":"https:\/\/toidupakk.ee\/lt\/toode\/ryziai-su-kalakutiena-ir-raudonuoju-kariu-100-g\/","title":{"rendered":"Ry\u017eiai su kalakutiena ir raudonuoju kariu 100 g"},"content":{"rendered":"<p data-start=\"0\" data-end=\"54\"><img fetchpriority=\"high\" decoding=\"async\" class=\"alignright wp-image-1771 size-medium\" src=\"https:\/\/toidupakk.ee\/wp-content\/uploads\/2022\/04\/Riis-kalkuni-ja-punase-karriga-100g-300x300.png\" alt=\"Ry\u017eiai su kalakutiena ir raudonuoju kariu 100 g\" width=\"300\" height=\"300\" srcset=\"https:\/\/toidupakk.ee\/wp-content\/uploads\/2022\/04\/Riis-kalkuni-ja-punase-karriga-100g-300x300.png 300w, https:\/\/toidupakk.ee\/wp-content\/uploads\/2022\/04\/Riis-kalkuni-ja-punase-karriga-100g-400x400.png 400w, https:\/\/toidupakk.ee\/wp-content\/uploads\/2022\/04\/Riis-kalkuni-ja-punase-karriga-100g-100x100.png 100w, https:\/\/toidupakk.ee\/wp-content\/uploads\/2022\/04\/Riis-kalkuni-ja-punase-karriga-100g-800x800.png 800w, https:\/\/toidupakk.ee\/wp-content\/uploads\/2022\/04\/Riis-kalkuni-ja-punase-karriga-100g-1024x1024.png 1024w, https:\/\/toidupakk.ee\/wp-content\/uploads\/2022\/04\/Riis-kalkuni-ja-punase-karriga-100g-500x500.png 500w, https:\/\/toidupakk.ee\/wp-content\/uploads\/2022\/04\/Riis-kalkuni-ja-punase-karriga-100g-768x768.png 768w, https:\/\/toidupakk.ee\/wp-content\/uploads\/2022\/04\/Riis-kalkuni-ja-punase-karriga-100g.png 1080w\" sizes=\"(max-width: 300px) 100vw, 300px\" \/><\/p>\n<p class=\"\" data-start=\"0\" data-end=\"54\"><strong data-start=\"0\" data-end=\"54\">Ry\u017eiai su kalakutiena ir raudonuoju kariu \u2013 naminis ir sveikas patiekalas \u2013 paruo\u0161tas vos per 8 minutes!<\/strong><\/p>\n<p class=\"\" data-start=\"56\" data-end=\"407\">\u201eMeki\u201c \u0161al\u010diu d\u017eiovintas maistas yra puikus pasirinkimas vertinantiems sveik\u0105 ir sot\u0173 maist\u0105 net ir b\u016bnant toli nuo nam\u0173. D\u0117l liofilizavimo technologijos i\u0161lieka nat\u016bralus maisto skonis, kvapas ir maistin\u0117 vert\u0117, o galiojimo laikas pailg\u0117ja iki dvej\u0173 met\u0173. Visi patiekalai paruo\u0161iami tik \u012fpilant vandens, be joki\u0173 konservant\u0173.  <\/p>\n<p class=\"\" data-start=\"409\" data-end=\"677\"><strong data-start=\"409\" data-end=\"431\">Sudedamosios dalys:<\/strong><br data-start=\"431\" data-end=\"434\">Kalakutiena, ry\u017eiai, kokos\u0173 pienas, svog\u016bnai, pomidorai, morkos, kukur\u016bzai, \u010desnakai, cukrus, raudonoji \u010dili paprika, citrin\u017eol\u0117, druska, melsvasis imbieras, kapar\u0117liai, laimo \u017eievel\u0117, laimo sultys ir an\u010diuvi\u0173 ekstraktas \u2013 viskas kruop\u0161\u010diai atrinkta, kad kiekvienas k\u0105snis primint\u0173 namus.<\/p>\n<p class=\"\" data-start=\"679\" data-end=\"804\"><strong data-start=\"679\" data-end=\"696\">Paruo\u0161imas:<\/strong><br data-start=\"696\" data-end=\"699\">\u012epilk kar\u0161to vandens, palauk 8 minutes ir m\u0117gaukis so\u010diu bei skaniu maistu, kad ir kur b\u016btum.<\/p>\n<table class=\"table table-responsive\">\n<thead>\n<tr>\n<th>VIDUTIN\u0116 MAISTIN\u0116 VERT\u0116<\/th>\n<th>100 G<\/th>\n<\/tr>\n<\/thead>\n<tbody>\n<tr>\n<td>Energija<\/td>\n<td>2098 kJ \/ 501,52 kcal<\/td>\n<\/tr>\n<tr>\n<td>Angliavandeniai<\/td>\n<td>61,9 g<\/td>\n<\/tr>\n<tr>\n<td>i\u0161 kuri\u0173 cukr\u0173<\/td>\n<td>9,62 g<\/td>\n<\/tr>\n<tr>\n<td>Baltymai<\/td>\n<td>22,17 g<\/td>\n<\/tr>\n<tr>\n<td>Riebalai<\/td>\n<td>19,87 g<\/td>\n<\/tr>\n<tr>\n<td>i\u0161 kuri\u0173 so\u010di\u0173j\u0173 riebal\u0173 r\u016bg\u0161\u010di\u0173<\/td>\n<td>9,77 g<\/td>\n<\/tr>\n<\/tbody>\n<\/table>\n<p>Vaata k\u00f5iki <a href=\"https:\/\/toidupakk.ee\/lt\/tootekategooria\/tactical-foodpack-patiekalai\/\">\u201eTactical Foodpack\u201c patiekalus<\/a><\/p>\n<p>Pasisemk \u012fkv\u0117pimo kitiems nuotykiams \u201eToidupakk\u201c <a href=\"https:\/\/www.instagram.com\/toidupakk\/\">Instagram<\/a> ir <a href=\"https:\/\/www.facebook.com\/Toidupakk\/\">Facebook<\/a> paskyrose.<\/p>\n","protected":false},"excerpt":{"rendered":"<ul>\n<li>Patogu pasiimti \u012f \u017eyg\u012f mi\u0161ke, kelion\u0119 automobiliu ar pasivaik\u0161\u010diojim\u0105 gryname ore.<\/li>\n<li>Greitas maistas paruo\u0161iamas patogiai per 10 minu\u010di\u0173.<\/li>\n<li>\u012e maist\u0105 reikia tik \u012fpilti vandens.<\/li>\n<li>Sotus vietinis patiekalas, pagamintas naudojant liofilizavimo technologij\u0105.<\/li>\n<li>Maistingas, sotus ir be konservant\u0173.<\/li>\n<li>Pagaminta daugiausia i\u0161 vietini\u0173 \u017ealiav\u0173.<\/li>\n<\/ul>\n<p>\u2705 Turime sand\u0117lyje, greitas pristatymas per 1\u20133 darbo dienas<\/p>\n","protected":false},"featured_media":1771,"comment_status":"open","ping_status":"closed","template":"","meta":{"_acf_changed":false},"product_brand":[],"product_cat":[271,273,256,189,231,190],"product_tag":[],"class_list":{"0":"post-47449","1":"product","2":"type-product","3":"status-publish","4":"has-post-thumbnail","6":"product_cat-meki-maistas-zygiams","7":"product_cat-meki-pagrindiniai-patiekalai","8":"product_cat-pagrindiniai-patiekalai","9":"product_cat-zygio-iranga","10":"product_cat-zygio-maistas","11":"product_cat-zygio-prekes","13":"first","14":"instock","15":"taxable","16":"shipping-taxable","17":"purchasable","18":"product-type-simple"},"bundled_by":[],"bundle_stock_status":"instock","bundle_stock_quantity":12,"bundle_virtual":false,"bundle_layout":"","bundle_add_to_cart_form_location":"","bundle_editable_in_cart":false,"bundle_sold_individually_context":"","bundle_item_grouping":"","bundle_min_size":"","bundle_max_size":"","bundle_price":[],"bundled_items":[],"bundle_sell_ids":[],"acf":[],"yoast_head":"<!-- This site is optimized with the Yoast SEO plugin v27.3 - https:\/\/yoast.com\/product\/yoast-seo-wordpress\/ -->\n<title>Ry\u017eiai su kalakutiena ir raudonuoju kariu 100 g<\/title>\n<meta name=\"description\" content=\"Ry\u017eiai su kalakutiena ir raudonuoju kariu \u2013 sveikas \u0161al\u010diu d\u017eiovintas patiekalas su kokos\u0173 pienu, dar\u017eov\u0117mis ir prieskoniais. Paruo\u0161iama vos per 8 minutes, galiojimo laikas iki 2 met\u0173!\" \/>\n<meta name=\"robots\" content=\"index, follow, max-snippet:-1, max-image-preview:large, max-video-preview:-1\" \/>\n<link rel=\"canonical\" href=\"https:\/\/toidupakk.ee\/lt\/toode\/ryziai-su-kalakutiena-ir-raudonuoju-kariu-100-g\/\" \/>\n<meta property=\"og:locale\" content=\"lt_LT\" \/>\n<meta property=\"og:type\" content=\"article\" \/>\n<meta property=\"og:title\" content=\"Ry\u017eiai su kalakutiena ir raudonuoju kariu 100 g\" \/>\n<meta property=\"og:description\" content=\"Ry\u017eiai su kalakutiena ir raudonuoju kariu \u2013 sveikas \u0161al\u010diu d\u017eiovintas patiekalas su kokos\u0173 pienu, dar\u017eov\u0117mis ir prieskoniais. Paruo\u0161iama vos per 8 minutes, galiojimo laikas iki 2 met\u0173!\" \/>\n<meta property=\"og:url\" content=\"https:\/\/toidupakk.ee\/lt\/toode\/ryziai-su-kalakutiena-ir-raudonuoju-kariu-100-g\/\" \/>\n<meta property=\"og:site_name\" content=\"Toidupakk.ee - Tactical Foodpack toidupakid\" \/>\n<meta property=\"article:publisher\" content=\"https:\/\/www.facebook.com\/Toidupakk\" \/>\n<meta property=\"article:modified_time\" content=\"2026-04-15T00:00:44+00:00\" \/>\n<meta property=\"og:image\" content=\"https:\/\/toidupakk.ee\/wp-content\/uploads\/2022\/04\/Riis-kalkuni-ja-punase-karriga-100g.png\" \/>\n\t<meta property=\"og:image:width\" content=\"1080\" \/>\n\t<meta property=\"og:image:height\" content=\"1080\" \/>\n\t<meta property=\"og:image:type\" content=\"image\/png\" \/>\n<meta name=\"twitter:card\" content=\"summary_large_image\" \/>\n<meta name=\"twitter:label1\" content=\"Est. reading time\" \/>\n\t<meta name=\"twitter:data1\" content=\"1 minut\u0117\" \/>\n<script type=\"application\/ld+json\" class=\"yoast-schema-graph\">{\"@context\":\"https:\\\/\\\/schema.org\",\"@graph\":[{\"@type\":\"WebPage\",\"@id\":\"https:\\\/\\\/toidupakk.ee\\\/lt\\\/toode\\\/ryziai-su-kalakutiena-ir-raudonuoju-kariu-100-g\\\/\",\"url\":\"https:\\\/\\\/toidupakk.ee\\\/lt\\\/toode\\\/ryziai-su-kalakutiena-ir-raudonuoju-kariu-100-g\\\/\",\"name\":\"Ry\u017eiai su kalakutiena ir raudonuoju kariu 100 g\",\"isPartOf\":{\"@id\":\"https:\\\/\\\/toidupakk.ee\\\/lt\\\/#website\"},\"primaryImageOfPage\":{\"@id\":\"https:\\\/\\\/toidupakk.ee\\\/lt\\\/toode\\\/ryziai-su-kalakutiena-ir-raudonuoju-kariu-100-g\\\/#primaryimage\"},\"image\":{\"@id\":\"https:\\\/\\\/toidupakk.ee\\\/lt\\\/toode\\\/ryziai-su-kalakutiena-ir-raudonuoju-kariu-100-g\\\/#primaryimage\"},\"thumbnailUrl\":\"https:\\\/\\\/toidupakk.ee\\\/wp-content\\\/uploads\\\/2022\\\/04\\\/Riis-kalkuni-ja-punase-karriga-100g.png\",\"datePublished\":\"2022-04-06T13:59:23+00:00\",\"dateModified\":\"2026-04-15T00:00:44+00:00\",\"description\":\"Ry\u017eiai su kalakutiena ir raudonuoju kariu \u2013 sveikas \u0161al\u010diu d\u017eiovintas patiekalas su kokos\u0173 pienu, dar\u017eov\u0117mis ir prieskoniais. Paruo\u0161iama vos per 8 minutes, galiojimo laikas iki 2 met\u0173!\",\"breadcrumb\":{\"@id\":\"https:\\\/\\\/toidupakk.ee\\\/lt\\\/toode\\\/ryziai-su-kalakutiena-ir-raudonuoju-kariu-100-g\\\/#breadcrumb\"},\"inLanguage\":\"lt-LT\",\"potentialAction\":[{\"@type\":\"ReadAction\",\"target\":[\"https:\\\/\\\/toidupakk.ee\\\/lt\\\/toode\\\/ryziai-su-kalakutiena-ir-raudonuoju-kariu-100-g\\\/\"]}]},{\"@type\":\"ImageObject\",\"inLanguage\":\"lt-LT\",\"@id\":\"https:\\\/\\\/toidupakk.ee\\\/lt\\\/toode\\\/ryziai-su-kalakutiena-ir-raudonuoju-kariu-100-g\\\/#primaryimage\",\"url\":\"https:\\\/\\\/toidupakk.ee\\\/wp-content\\\/uploads\\\/2022\\\/04\\\/Riis-kalkuni-ja-punase-karriga-100g.png\",\"contentUrl\":\"https:\\\/\\\/toidupakk.ee\\\/wp-content\\\/uploads\\\/2022\\\/04\\\/Riis-kalkuni-ja-punase-karriga-100g.png\",\"width\":1080,\"height\":1080,\"caption\":\"Riis kalkuni ja punase karriga 100g\"},{\"@type\":\"BreadcrumbList\",\"@id\":\"https:\\\/\\\/toidupakk.ee\\\/lt\\\/toode\\\/ryziai-su-kalakutiena-ir-raudonuoju-kariu-100-g\\\/#breadcrumb\",\"itemListElement\":[{\"@type\":\"ListItem\",\"position\":1,\"name\":\"Avaleht\",\"item\":\"https:\\\/\\\/toidupakk.ee\\\/lt\\\/\"},{\"@type\":\"ListItem\",\"position\":2,\"name\":\"El. parduotuv\u0117\",\"item\":\"https:\\\/\\\/toidupakk.ee\\\/lt\\\/el-parduotuve\\\/\"},{\"@type\":\"ListItem\",\"position\":3,\"name\":\"Ry\u017eiai su kalakutiena ir raudonuoju kariu 100 g\"}]},{\"@type\":\"WebSite\",\"@id\":\"https:\\\/\\\/toidupakk.ee\\\/lt\\\/#website\",\"url\":\"https:\\\/\\\/toidupakk.ee\\\/lt\\\/\",\"name\":\"Toidupakk.ee - Tactical Foodpack toidupakid\",\"description\":\"Tactical Foodpack k\u00fclmkuivatatud toidupakid ja matkaeined\",\"publisher\":{\"@id\":\"https:\\\/\\\/toidupakk.ee\\\/lt\\\/#organization\"},\"potentialAction\":[{\"@type\":\"SearchAction\",\"target\":{\"@type\":\"EntryPoint\",\"urlTemplate\":\"https:\\\/\\\/toidupakk.ee\\\/lt\\\/?s={search_term_string}\"},\"query-input\":{\"@type\":\"PropertyValueSpecification\",\"valueRequired\":true,\"valueName\":\"search_term_string\"}}],\"inLanguage\":\"lt-LT\"},{\"@type\":\"Organization\",\"@id\":\"https:\\\/\\\/toidupakk.ee\\\/lt\\\/#organization\",\"name\":\"Tactical Foodpack matkaeined\",\"url\":\"https:\\\/\\\/toidupakk.ee\\\/lt\\\/\",\"logo\":{\"@type\":\"ImageObject\",\"inLanguage\":\"lt-LT\",\"@id\":\"https:\\\/\\\/toidupakk.ee\\\/lt\\\/#\\\/schema\\\/logo\\\/image\\\/\",\"url\":\"https:\\\/\\\/toidupakk.ee\\\/wp-content\\\/uploads\\\/2022\\\/01\\\/Toidupakk-matkapood-logo-transparent.png\",\"contentUrl\":\"https:\\\/\\\/toidupakk.ee\\\/wp-content\\\/uploads\\\/2022\\\/01\\\/Toidupakk-matkapood-logo-transparent.png\",\"width\":500,\"height\":500,\"caption\":\"Tactical Foodpack matkaeined\"},\"image\":{\"@id\":\"https:\\\/\\\/toidupakk.ee\\\/lt\\\/#\\\/schema\\\/logo\\\/image\\\/\"},\"sameAs\":[\"https:\\\/\\\/www.facebook.com\\\/Toidupakk\",\"https:\\\/\\\/www.instagram.com\\\/toidupakk\\\/\"]}]}<\/script>\n<!-- \/ Yoast SEO plugin. -->","yoast_head_json":{"title":"Ry\u017eiai su kalakutiena ir raudonuoju kariu 100 g","description":"Ry\u017eiai su kalakutiena ir raudonuoju kariu \u2013 sveikas \u0161al\u010diu d\u017eiovintas patiekalas su kokos\u0173 pienu, dar\u017eov\u0117mis ir prieskoniais. Paruo\u0161iama vos per 8 minutes, galiojimo laikas iki 2 met\u0173!","robots":{"index":"index","follow":"follow","max-snippet":"max-snippet:-1","max-image-preview":"max-image-preview:large","max-video-preview":"max-video-preview:-1"},"canonical":"https:\/\/toidupakk.ee\/lt\/toode\/ryziai-su-kalakutiena-ir-raudonuoju-kariu-100-g\/","og_locale":"lt_LT","og_type":"article","og_title":"Ry\u017eiai su kalakutiena ir raudonuoju kariu 100 g","og_description":"Ry\u017eiai su kalakutiena ir raudonuoju kariu \u2013 sveikas \u0161al\u010diu d\u017eiovintas patiekalas su kokos\u0173 pienu, dar\u017eov\u0117mis ir prieskoniais. Paruo\u0161iama vos per 8 minutes, galiojimo laikas iki 2 met\u0173!","og_url":"https:\/\/toidupakk.ee\/lt\/toode\/ryziai-su-kalakutiena-ir-raudonuoju-kariu-100-g\/","og_site_name":"Toidupakk.ee - Tactical Foodpack toidupakid","article_publisher":"https:\/\/www.facebook.com\/Toidupakk","article_modified_time":"2026-04-15T00:00:44+00:00","og_image":[{"width":1080,"height":1080,"url":"https:\/\/toidupakk.ee\/wp-content\/uploads\/2022\/04\/Riis-kalkuni-ja-punase-karriga-100g.png","type":"image\/png"}],"twitter_card":"summary_large_image","twitter_misc":{"Est. reading time":"1 minut\u0117"},"schema":{"@context":"https:\/\/schema.org","@graph":[{"@type":"WebPage","@id":"https:\/\/toidupakk.ee\/lt\/toode\/ryziai-su-kalakutiena-ir-raudonuoju-kariu-100-g\/","url":"https:\/\/toidupakk.ee\/lt\/toode\/ryziai-su-kalakutiena-ir-raudonuoju-kariu-100-g\/","name":"Ry\u017eiai su kalakutiena ir raudonuoju kariu 100 g","isPartOf":{"@id":"https:\/\/toidupakk.ee\/lt\/#website"},"primaryImageOfPage":{"@id":"https:\/\/toidupakk.ee\/lt\/toode\/ryziai-su-kalakutiena-ir-raudonuoju-kariu-100-g\/#primaryimage"},"image":{"@id":"https:\/\/toidupakk.ee\/lt\/toode\/ryziai-su-kalakutiena-ir-raudonuoju-kariu-100-g\/#primaryimage"},"thumbnailUrl":"https:\/\/toidupakk.ee\/wp-content\/uploads\/2022\/04\/Riis-kalkuni-ja-punase-karriga-100g.png","datePublished":"2022-04-06T13:59:23+00:00","dateModified":"2026-04-15T00:00:44+00:00","description":"Ry\u017eiai su kalakutiena ir raudonuoju kariu \u2013 sveikas \u0161al\u010diu d\u017eiovintas patiekalas su kokos\u0173 pienu, dar\u017eov\u0117mis ir prieskoniais. Paruo\u0161iama vos per 8 minutes, galiojimo laikas iki 2 met\u0173!","breadcrumb":{"@id":"https:\/\/toidupakk.ee\/lt\/toode\/ryziai-su-kalakutiena-ir-raudonuoju-kariu-100-g\/#breadcrumb"},"inLanguage":"lt-LT","potentialAction":[{"@type":"ReadAction","target":["https:\/\/toidupakk.ee\/lt\/toode\/ryziai-su-kalakutiena-ir-raudonuoju-kariu-100-g\/"]}]},{"@type":"ImageObject","inLanguage":"lt-LT","@id":"https:\/\/toidupakk.ee\/lt\/toode\/ryziai-su-kalakutiena-ir-raudonuoju-kariu-100-g\/#primaryimage","url":"https:\/\/toidupakk.ee\/wp-content\/uploads\/2022\/04\/Riis-kalkuni-ja-punase-karriga-100g.png","contentUrl":"https:\/\/toidupakk.ee\/wp-content\/uploads\/2022\/04\/Riis-kalkuni-ja-punase-karriga-100g.png","width":1080,"height":1080,"caption":"Riis kalkuni ja punase karriga 100g"},{"@type":"BreadcrumbList","@id":"https:\/\/toidupakk.ee\/lt\/toode\/ryziai-su-kalakutiena-ir-raudonuoju-kariu-100-g\/#breadcrumb","itemListElement":[{"@type":"ListItem","position":1,"name":"Avaleht","item":"https:\/\/toidupakk.ee\/lt\/"},{"@type":"ListItem","position":2,"name":"El. parduotuv\u0117","item":"https:\/\/toidupakk.ee\/lt\/el-parduotuve\/"},{"@type":"ListItem","position":3,"name":"Ry\u017eiai su kalakutiena ir raudonuoju kariu 100 g"}]},{"@type":"WebSite","@id":"https:\/\/toidupakk.ee\/lt\/#website","url":"https:\/\/toidupakk.ee\/lt\/","name":"Toidupakk.ee - Tactical Foodpack toidupakid","description":"Tactical Foodpack k\u00fclmkuivatatud toidupakid ja matkaeined","publisher":{"@id":"https:\/\/toidupakk.ee\/lt\/#organization"},"potentialAction":[{"@type":"SearchAction","target":{"@type":"EntryPoint","urlTemplate":"https:\/\/toidupakk.ee\/lt\/?s={search_term_string}"},"query-input":{"@type":"PropertyValueSpecification","valueRequired":true,"valueName":"search_term_string"}}],"inLanguage":"lt-LT"},{"@type":"Organization","@id":"https:\/\/toidupakk.ee\/lt\/#organization","name":"Tactical Foodpack matkaeined","url":"https:\/\/toidupakk.ee\/lt\/","logo":{"@type":"ImageObject","inLanguage":"lt-LT","@id":"https:\/\/toidupakk.ee\/lt\/#\/schema\/logo\/image\/","url":"https:\/\/toidupakk.ee\/wp-content\/uploads\/2022\/01\/Toidupakk-matkapood-logo-transparent.png","contentUrl":"https:\/\/toidupakk.ee\/wp-content\/uploads\/2022\/01\/Toidupakk-matkapood-logo-transparent.png","width":500,"height":500,"caption":"Tactical Foodpack matkaeined"},"image":{"@id":"https:\/\/toidupakk.ee\/lt\/#\/schema\/logo\/image\/"},"sameAs":["https:\/\/www.facebook.com\/Toidupakk","https:\/\/www.instagram.com\/toidupakk\/"]}]}},"jetpack_sharing_enabled":true,"_links":{"self":[{"href":"https:\/\/toidupakk.ee\/lt\/wp-json\/wp\/v2\/product\/47449","targetHints":{"allow":["GET"]}}],"collection":[{"href":"https:\/\/toidupakk.ee\/lt\/wp-json\/wp\/v2\/product"}],"about":[{"href":"https:\/\/toidupakk.ee\/lt\/wp-json\/wp\/v2\/types\/product"}],"replies":[{"embeddable":true,"href":"https:\/\/toidupakk.ee\/lt\/wp-json\/wp\/v2\/comments?post=47449"}],"wp:featuredmedia":[{"embeddable":true,"href":"https:\/\/toidupakk.ee\/lt\/wp-json\/wp\/v2\/media\/1771"}],"wp:attachment":[{"href":"https:\/\/toidupakk.ee\/lt\/wp-json\/wp\/v2\/media?parent=47449"}],"wp:term":[{"taxonomy":"product_brand","embeddable":true,"href":"https:\/\/toidupakk.ee\/lt\/wp-json\/wp\/v2\/product_brand?post=47449"},{"taxonomy":"product_cat","embeddable":true,"href":"https:\/\/toidupakk.ee\/lt\/wp-json\/wp\/v2\/product_cat?post=47449"},{"taxonomy":"product_tag","embeddable":true,"href":"https:\/\/toidupakk.ee\/lt\/wp-json\/wp\/v2\/product_tag?post=47449"}],"curies":[{"name":"wp","href":"https:\/\/api.w.org\/{rel}","templated":true}]}}