{"id":47446,"date":"2022-04-06T16:43:16","date_gmt":"2022-04-06T13:43:16","guid":{"rendered":"https:\/\/toidupakk.ee\/toode\/miuslis-su-braskemis-115-g\/"},"modified":"2026-04-15T01:01:36","modified_gmt":"2026-04-14T22:01:36","slug":"miuslis-su-braskemis-115-g","status":"publish","type":"product","link":"https:\/\/toidupakk.ee\/lt\/toode\/miuslis-su-braskemis-115-g\/","title":{"rendered":"Miuslis su bra\u0161k\u0117mis, 115 g"},"content":{"rendered":"<p>Sudedamosios dalys ir savyb\u0117s<\/p>\n<p>\u201eMeki\u201c liofilizuoti patiekalai \u2013 tai sveikas naminis maistas, kuriam paruo\u0161ti reikia tik vandens. Naudodami liofilizavimo technologij\u0105, i\u0161saugome maistin\u0119 vert\u0119, kvap\u0105 ir skon\u012f, o galiojimo laik\u0105 pailginame iki 2 met\u0173. M\u016bs\u0173 maistas gaminamas tik i\u0161 vietini\u0173 \u017ealiav\u0173 ir yra be konservant\u0173.  <\/p>\n<p>Sudedamosios dalys:<br \/>\nviso gr\u016bdo AVI\u017dINIAI dribsniai, AVI\u017dINIAI ir MIE\u017dINIAI miltai, bra\u0161k\u0117s, PIENO milteliai, gliukoz\u0117s ir fruktoz\u0117s sirupas, augaliniai riebalai, KVIE\u010cI\u0172 s\u0117lenos, kukur\u016bz\u0173 miltai, kokos\u0173 dro\u017el\u0117s, emulsiklis: SOJ\u0172 lecitinas, j\u016bros druska 0,2 %, kvapioji med\u017eiaga. Sud\u0117tyje yra sieros dioksido, gali b\u016bti rie\u0161ut\u0173, sezamo s\u0117kl\u0173 p\u0117dsak\u0173.<br \/>\nParuo\u0161imo laikas: 8 min. <\/p>\n<table class=\"table table-responsive\">\n<thead>\n<tr>\n<th>VIDUTIN\u0116 MAISTIN\u0116 VERT\u0116<\/th>\n<th>100 G<\/th>\n<\/tr>\n<\/thead>\n<tbody>\n<tr>\n<td>Energija<\/td>\n<td>1831 kJ \/ 437,77 kcal<\/td>\n<\/tr>\n<tr>\n<td>Angliavandeniai<\/td>\n<td>70,2 g<\/td>\n<\/tr>\n<tr>\n<td>i\u0161 kuri\u0173 cukr\u0173<\/td>\n<td>33,21 g<\/td>\n<\/tr>\n<tr>\n<td>Baltymai<\/td>\n<td>17,04 g<\/td>\n<\/tr>\n<tr>\n<td>Riebalai<\/td>\n<td>12,4 g<\/td>\n<\/tr>\n<tr>\n<td>i\u0161 kuri\u0173 so\u010di\u0173j\u0173 riebal\u0173 r\u016bg\u0161\u010di\u0173<\/td>\n<td>5,65 g<\/td>\n<\/tr>\n<\/tbody>\n<\/table>\n<p>&nbsp;<\/p>\n","protected":false},"excerpt":{"rendered":"<ul>\n<li>Patogu pasiimti \u012f \u017eygius mi\u0161ke, keliones automobiliu ar pasivaik\u0161\u010diojimus gryname ore.<\/li>\n<li>Greitas u\u017ekandis paruo\u0161iamas patogiai per 10 minu\u010di\u0173.<\/li>\n<li>Reikia tik \u012fpilti vandens.<\/li>\n<li>Sotus vietinis patiekalas, pagamintas naudojant liofilizavimo technologij\u0105.<\/li>\n<li>Maistingas, sotus ir be konservant\u0173.<\/li>\n<li>Pagaminta daugiausia i\u0161 vietini\u0173 \u017ealiav\u0173.<\/li>\n<\/ul>\n<p>\u2705 Turime sand\u0117lyje, greitas pristatymas per 1\u20133 darbo dienas<\/p>\n","protected":false},"featured_media":1767,"comment_status":"open","ping_status":"closed","template":"","meta":{"_acf_changed":false},"product_brand":[],"product_cat":[271,278,260,189,231,190],"product_tag":[],"class_list":{"0":"post-47446","1":"product","2":"type-product","3":"status-publish","4":"has-post-thumbnail","6":"product_cat-meki-maistas-zygiams","7":"product_cat-meki-pusryciai","8":"product_cat-pusryciai","9":"product_cat-zygio-iranga","10":"product_cat-zygio-maistas","11":"product_cat-zygio-prekes","13":"first","14":"instock","15":"taxable","16":"shipping-taxable","17":"purchasable","18":"product-type-simple"},"bundled_by":[],"bundle_stock_status":"instock","bundle_stock_quantity":9,"bundle_virtual":false,"bundle_layout":"","bundle_add_to_cart_form_location":"","bundle_editable_in_cart":false,"bundle_sold_individually_context":"","bundle_item_grouping":"","bundle_min_size":"","bundle_max_size":"","bundle_price":[],"bundled_items":[],"bundle_sell_ids":[],"acf":[],"yoast_head":"<!-- This site is optimized with the Yoast SEO plugin v27.3 - https:\/\/yoast.com\/product\/yoast-seo-wordpress\/ -->\n<title>Miuslis su bra\u0161k\u0117mis, 115 g<\/title>\n<meta name=\"description\" content=\"Bra\u0161kinis miuslis, kur\u012f patogu pasiimti \u012f \u017eygius mi\u0161ke, keliones automobiliu ar pasivaik\u0161\u010diojimus gryname ore. Paruo\u0161iamas patogiai per 10 minu\u010di\u0173. Reikia tik \u012fpilti vandens.\" \/>\n<meta name=\"robots\" content=\"index, follow, max-snippet:-1, max-image-preview:large, max-video-preview:-1\" \/>\n<link rel=\"canonical\" href=\"https:\/\/toidupakk.ee\/lt\/toode\/miuslis-su-braskemis-115-g\/\" \/>\n<meta property=\"og:locale\" content=\"lt_LT\" \/>\n<meta property=\"og:type\" content=\"article\" \/>\n<meta property=\"og:title\" content=\"Miuslis su bra\u0161k\u0117mis, 115 g\" \/>\n<meta property=\"og:description\" content=\"Bra\u0161kinis miuslis, kur\u012f patogu pasiimti \u012f \u017eygius mi\u0161ke, keliones automobiliu ar pasivaik\u0161\u010diojimus gryname ore. Paruo\u0161iamas patogiai per 10 minu\u010di\u0173. Reikia tik \u012fpilti vandens.\" \/>\n<meta property=\"og:url\" content=\"https:\/\/toidupakk.ee\/lt\/toode\/miuslis-su-braskemis-115-g\/\" \/>\n<meta property=\"og:site_name\" content=\"Toidupakk.ee - Tactical Foodpack toidupakid\" \/>\n<meta property=\"article:publisher\" content=\"https:\/\/www.facebook.com\/Toidupakk\" \/>\n<meta property=\"article:modified_time\" content=\"2026-04-14T22:01:36+00:00\" \/>\n<meta property=\"og:image\" content=\"https:\/\/toidupakk.ee\/wp-content\/uploads\/2022\/04\/Musli-maasikatega-115g.png\" \/>\n\t<meta property=\"og:image:width\" content=\"1080\" \/>\n\t<meta property=\"og:image:height\" content=\"1080\" \/>\n\t<meta property=\"og:image:type\" content=\"image\/png\" \/>\n<meta name=\"twitter:card\" content=\"summary_large_image\" \/>\n<meta name=\"twitter:label1\" content=\"Est. reading time\" \/>\n\t<meta name=\"twitter:data1\" content=\"1 minut\u0117\" \/>\n<script type=\"application\/ld+json\" class=\"yoast-schema-graph\">{\"@context\":\"https:\\\/\\\/schema.org\",\"@graph\":[{\"@type\":\"WebPage\",\"@id\":\"https:\\\/\\\/toidupakk.ee\\\/lt\\\/toode\\\/miuslis-su-braskemis-115-g\\\/\",\"url\":\"https:\\\/\\\/toidupakk.ee\\\/lt\\\/toode\\\/miuslis-su-braskemis-115-g\\\/\",\"name\":\"Miuslis su bra\u0161k\u0117mis, 115 g\",\"isPartOf\":{\"@id\":\"https:\\\/\\\/toidupakk.ee\\\/lt\\\/#website\"},\"primaryImageOfPage\":{\"@id\":\"https:\\\/\\\/toidupakk.ee\\\/lt\\\/toode\\\/miuslis-su-braskemis-115-g\\\/#primaryimage\"},\"image\":{\"@id\":\"https:\\\/\\\/toidupakk.ee\\\/lt\\\/toode\\\/miuslis-su-braskemis-115-g\\\/#primaryimage\"},\"thumbnailUrl\":\"https:\\\/\\\/toidupakk.ee\\\/wp-content\\\/uploads\\\/2022\\\/04\\\/Musli-maasikatega-115g.png\",\"datePublished\":\"2022-04-06T13:43:16+00:00\",\"dateModified\":\"2026-04-14T22:01:36+00:00\",\"description\":\"Bra\u0161kinis miuslis, kur\u012f patogu pasiimti \u012f \u017eygius mi\u0161ke, keliones automobiliu ar pasivaik\u0161\u010diojimus gryname ore. Paruo\u0161iamas patogiai per 10 minu\u010di\u0173. Reikia tik \u012fpilti vandens.\",\"breadcrumb\":{\"@id\":\"https:\\\/\\\/toidupakk.ee\\\/lt\\\/toode\\\/miuslis-su-braskemis-115-g\\\/#breadcrumb\"},\"inLanguage\":\"lt-LT\",\"potentialAction\":[{\"@type\":\"ReadAction\",\"target\":[\"https:\\\/\\\/toidupakk.ee\\\/lt\\\/toode\\\/miuslis-su-braskemis-115-g\\\/\"]}]},{\"@type\":\"ImageObject\",\"inLanguage\":\"lt-LT\",\"@id\":\"https:\\\/\\\/toidupakk.ee\\\/lt\\\/toode\\\/miuslis-su-braskemis-115-g\\\/#primaryimage\",\"url\":\"https:\\\/\\\/toidupakk.ee\\\/wp-content\\\/uploads\\\/2022\\\/04\\\/Musli-maasikatega-115g.png\",\"contentUrl\":\"https:\\\/\\\/toidupakk.ee\\\/wp-content\\\/uploads\\\/2022\\\/04\\\/Musli-maasikatega-115g.png\",\"width\":1080,\"height\":1080,\"caption\":\"M\u00fcsli maasikatega 115g\"},{\"@type\":\"BreadcrumbList\",\"@id\":\"https:\\\/\\\/toidupakk.ee\\\/lt\\\/toode\\\/miuslis-su-braskemis-115-g\\\/#breadcrumb\",\"itemListElement\":[{\"@type\":\"ListItem\",\"position\":1,\"name\":\"Avaleht\",\"item\":\"https:\\\/\\\/toidupakk.ee\\\/lt\\\/\"},{\"@type\":\"ListItem\",\"position\":2,\"name\":\"El. parduotuv\u0117\",\"item\":\"https:\\\/\\\/toidupakk.ee\\\/lt\\\/el-parduotuve\\\/\"},{\"@type\":\"ListItem\",\"position\":3,\"name\":\"Miuslis su bra\u0161k\u0117mis, 115 g\"}]},{\"@type\":\"WebSite\",\"@id\":\"https:\\\/\\\/toidupakk.ee\\\/lt\\\/#website\",\"url\":\"https:\\\/\\\/toidupakk.ee\\\/lt\\\/\",\"name\":\"Toidupakk.ee - Tactical Foodpack toidupakid\",\"description\":\"Tactical Foodpack k\u00fclmkuivatatud toidupakid ja matkaeined\",\"publisher\":{\"@id\":\"https:\\\/\\\/toidupakk.ee\\\/lt\\\/#organization\"},\"potentialAction\":[{\"@type\":\"SearchAction\",\"target\":{\"@type\":\"EntryPoint\",\"urlTemplate\":\"https:\\\/\\\/toidupakk.ee\\\/lt\\\/?s={search_term_string}\"},\"query-input\":{\"@type\":\"PropertyValueSpecification\",\"valueRequired\":true,\"valueName\":\"search_term_string\"}}],\"inLanguage\":\"lt-LT\"},{\"@type\":\"Organization\",\"@id\":\"https:\\\/\\\/toidupakk.ee\\\/lt\\\/#organization\",\"name\":\"Tactical Foodpack matkaeined\",\"url\":\"https:\\\/\\\/toidupakk.ee\\\/lt\\\/\",\"logo\":{\"@type\":\"ImageObject\",\"inLanguage\":\"lt-LT\",\"@id\":\"https:\\\/\\\/toidupakk.ee\\\/lt\\\/#\\\/schema\\\/logo\\\/image\\\/\",\"url\":\"https:\\\/\\\/toidupakk.ee\\\/wp-content\\\/uploads\\\/2022\\\/01\\\/Toidupakk-matkapood-logo-transparent.png\",\"contentUrl\":\"https:\\\/\\\/toidupakk.ee\\\/wp-content\\\/uploads\\\/2022\\\/01\\\/Toidupakk-matkapood-logo-transparent.png\",\"width\":500,\"height\":500,\"caption\":\"Tactical Foodpack matkaeined\"},\"image\":{\"@id\":\"https:\\\/\\\/toidupakk.ee\\\/lt\\\/#\\\/schema\\\/logo\\\/image\\\/\"},\"sameAs\":[\"https:\\\/\\\/www.facebook.com\\\/Toidupakk\",\"https:\\\/\\\/www.instagram.com\\\/toidupakk\\\/\"]}]}<\/script>\n<!-- \/ Yoast SEO plugin. -->","yoast_head_json":{"title":"Miuslis su bra\u0161k\u0117mis, 115 g","description":"Bra\u0161kinis miuslis, kur\u012f patogu pasiimti \u012f \u017eygius mi\u0161ke, keliones automobiliu ar pasivaik\u0161\u010diojimus gryname ore. Paruo\u0161iamas patogiai per 10 minu\u010di\u0173. Reikia tik \u012fpilti vandens.","robots":{"index":"index","follow":"follow","max-snippet":"max-snippet:-1","max-image-preview":"max-image-preview:large","max-video-preview":"max-video-preview:-1"},"canonical":"https:\/\/toidupakk.ee\/lt\/toode\/miuslis-su-braskemis-115-g\/","og_locale":"lt_LT","og_type":"article","og_title":"Miuslis su bra\u0161k\u0117mis, 115 g","og_description":"Bra\u0161kinis miuslis, kur\u012f patogu pasiimti \u012f \u017eygius mi\u0161ke, keliones automobiliu ar pasivaik\u0161\u010diojimus gryname ore. Paruo\u0161iamas patogiai per 10 minu\u010di\u0173. Reikia tik \u012fpilti vandens.","og_url":"https:\/\/toidupakk.ee\/lt\/toode\/miuslis-su-braskemis-115-g\/","og_site_name":"Toidupakk.ee - Tactical Foodpack toidupakid","article_publisher":"https:\/\/www.facebook.com\/Toidupakk","article_modified_time":"2026-04-14T22:01:36+00:00","og_image":[{"width":1080,"height":1080,"url":"https:\/\/toidupakk.ee\/wp-content\/uploads\/2022\/04\/Musli-maasikatega-115g.png","type":"image\/png"}],"twitter_card":"summary_large_image","twitter_misc":{"Est. reading time":"1 minut\u0117"},"schema":{"@context":"https:\/\/schema.org","@graph":[{"@type":"WebPage","@id":"https:\/\/toidupakk.ee\/lt\/toode\/miuslis-su-braskemis-115-g\/","url":"https:\/\/toidupakk.ee\/lt\/toode\/miuslis-su-braskemis-115-g\/","name":"Miuslis su bra\u0161k\u0117mis, 115 g","isPartOf":{"@id":"https:\/\/toidupakk.ee\/lt\/#website"},"primaryImageOfPage":{"@id":"https:\/\/toidupakk.ee\/lt\/toode\/miuslis-su-braskemis-115-g\/#primaryimage"},"image":{"@id":"https:\/\/toidupakk.ee\/lt\/toode\/miuslis-su-braskemis-115-g\/#primaryimage"},"thumbnailUrl":"https:\/\/toidupakk.ee\/wp-content\/uploads\/2022\/04\/Musli-maasikatega-115g.png","datePublished":"2022-04-06T13:43:16+00:00","dateModified":"2026-04-14T22:01:36+00:00","description":"Bra\u0161kinis miuslis, kur\u012f patogu pasiimti \u012f \u017eygius mi\u0161ke, keliones automobiliu ar pasivaik\u0161\u010diojimus gryname ore. Paruo\u0161iamas patogiai per 10 minu\u010di\u0173. Reikia tik \u012fpilti vandens.","breadcrumb":{"@id":"https:\/\/toidupakk.ee\/lt\/toode\/miuslis-su-braskemis-115-g\/#breadcrumb"},"inLanguage":"lt-LT","potentialAction":[{"@type":"ReadAction","target":["https:\/\/toidupakk.ee\/lt\/toode\/miuslis-su-braskemis-115-g\/"]}]},{"@type":"ImageObject","inLanguage":"lt-LT","@id":"https:\/\/toidupakk.ee\/lt\/toode\/miuslis-su-braskemis-115-g\/#primaryimage","url":"https:\/\/toidupakk.ee\/wp-content\/uploads\/2022\/04\/Musli-maasikatega-115g.png","contentUrl":"https:\/\/toidupakk.ee\/wp-content\/uploads\/2022\/04\/Musli-maasikatega-115g.png","width":1080,"height":1080,"caption":"M\u00fcsli maasikatega 115g"},{"@type":"BreadcrumbList","@id":"https:\/\/toidupakk.ee\/lt\/toode\/miuslis-su-braskemis-115-g\/#breadcrumb","itemListElement":[{"@type":"ListItem","position":1,"name":"Avaleht","item":"https:\/\/toidupakk.ee\/lt\/"},{"@type":"ListItem","position":2,"name":"El. parduotuv\u0117","item":"https:\/\/toidupakk.ee\/lt\/el-parduotuve\/"},{"@type":"ListItem","position":3,"name":"Miuslis su bra\u0161k\u0117mis, 115 g"}]},{"@type":"WebSite","@id":"https:\/\/toidupakk.ee\/lt\/#website","url":"https:\/\/toidupakk.ee\/lt\/","name":"Toidupakk.ee - Tactical Foodpack toidupakid","description":"Tactical Foodpack k\u00fclmkuivatatud toidupakid ja matkaeined","publisher":{"@id":"https:\/\/toidupakk.ee\/lt\/#organization"},"potentialAction":[{"@type":"SearchAction","target":{"@type":"EntryPoint","urlTemplate":"https:\/\/toidupakk.ee\/lt\/?s={search_term_string}"},"query-input":{"@type":"PropertyValueSpecification","valueRequired":true,"valueName":"search_term_string"}}],"inLanguage":"lt-LT"},{"@type":"Organization","@id":"https:\/\/toidupakk.ee\/lt\/#organization","name":"Tactical Foodpack matkaeined","url":"https:\/\/toidupakk.ee\/lt\/","logo":{"@type":"ImageObject","inLanguage":"lt-LT","@id":"https:\/\/toidupakk.ee\/lt\/#\/schema\/logo\/image\/","url":"https:\/\/toidupakk.ee\/wp-content\/uploads\/2022\/01\/Toidupakk-matkapood-logo-transparent.png","contentUrl":"https:\/\/toidupakk.ee\/wp-content\/uploads\/2022\/01\/Toidupakk-matkapood-logo-transparent.png","width":500,"height":500,"caption":"Tactical Foodpack matkaeined"},"image":{"@id":"https:\/\/toidupakk.ee\/lt\/#\/schema\/logo\/image\/"},"sameAs":["https:\/\/www.facebook.com\/Toidupakk","https:\/\/www.instagram.com\/toidupakk\/"]}]}},"jetpack_sharing_enabled":true,"_links":{"self":[{"href":"https:\/\/toidupakk.ee\/lt\/wp-json\/wp\/v2\/product\/47446","targetHints":{"allow":["GET"]}}],"collection":[{"href":"https:\/\/toidupakk.ee\/lt\/wp-json\/wp\/v2\/product"}],"about":[{"href":"https:\/\/toidupakk.ee\/lt\/wp-json\/wp\/v2\/types\/product"}],"replies":[{"embeddable":true,"href":"https:\/\/toidupakk.ee\/lt\/wp-json\/wp\/v2\/comments?post=47446"}],"wp:featuredmedia":[{"embeddable":true,"href":"https:\/\/toidupakk.ee\/lt\/wp-json\/wp\/v2\/media\/1767"}],"wp:attachment":[{"href":"https:\/\/toidupakk.ee\/lt\/wp-json\/wp\/v2\/media?parent=47446"}],"wp:term":[{"taxonomy":"product_brand","embeddable":true,"href":"https:\/\/toidupakk.ee\/lt\/wp-json\/wp\/v2\/product_brand?post=47446"},{"taxonomy":"product_cat","embeddable":true,"href":"https:\/\/toidupakk.ee\/lt\/wp-json\/wp\/v2\/product_cat?post=47446"},{"taxonomy":"product_tag","embeddable":true,"href":"https:\/\/toidupakk.ee\/lt\/wp-json\/wp\/v2\/product_tag?post=47446"}],"curies":[{"name":"wp","href":"https:\/\/api.w.org\/{rel}","templated":true}]}}