{"id":47439,"date":"2022-04-06T16:27:09","date_gmt":"2022-04-06T13:27:09","guid":{"rendered":"https:\/\/toidupakk.ee\/toode\/avizine-kose-su-obuoliais-110-g\/"},"modified":"2026-04-04T00:01:18","modified_gmt":"2026-04-03T21:01:18","slug":"avizine-kose-su-obuoliais-110-g","status":"publish","type":"product","link":"https:\/\/toidupakk.ee\/lt\/toode\/avizine-kose-su-obuoliais-110-g\/","title":{"rendered":"Avi\u017ein\u0117 ko\u0161\u0117 su obuoliais 110 g"},"content":{"rendered":"<p>Sud\u0117tis ir savyb\u0117s<\/p>\n<p>\u201eMeki\u201c liofilizuoti patiekalai \u2013 tai sveikas naminis maistas, kuriam paruo\u0161ti reikia tik vandens. Liofilizavimo technologija leid\u017eia i\u0161saugoti maistin\u0119 vert\u0119, kvap\u0105 bei skon\u012f ir prailginti galiojimo laik\u0105 iki 2 met\u0173. Gamybai naudojame tik vietines \u017ealiavas, be joki\u0173 konservant\u0173.  <\/p>\n<p>Sud\u0117tis:<br \/>\nAVI\u017dOS, PIENAS, sviestas, obuolys, cukrus, cinamonas, druska<br \/>\nParuo\u0161imo laikas: 8 min.<\/p>\n<p>&nbsp;<\/p>\n<table class=\"table table-responsive\">\n<thead>\n<tr>\n<th>VIDUTIN\u0116 MAISTIN\u0116 VERT\u0116<\/th>\n<th>100 G<\/th>\n<\/tr>\n<\/thead>\n<tbody>\n<tr>\n<td>Energija<\/td>\n<td>1791 kJ \/ 428,17 kcal<\/td>\n<\/tr>\n<tr>\n<td>Angliavandeniai<\/td>\n<td>74,52 g<\/td>\n<\/tr>\n<tr>\n<td>i\u0161 kuri\u0173 cukr\u0173<\/td>\n<td>45,45 g<\/td>\n<\/tr>\n<tr>\n<td>Baltymai<\/td>\n<td>19,52 g<\/td>\n<\/tr>\n<tr>\n<td>Riebalai<\/td>\n<td>14,13 g<\/td>\n<\/tr>\n<tr>\n<td>i\u0161 kuri\u0173 so\u010di\u0173j\u0173 riebal\u0173 r\u016bg\u0161\u010di\u0173<\/td>\n<td>7,38 g<\/td>\n<\/tr>\n<\/tbody>\n<\/table>\n","protected":false},"excerpt":{"rendered":"<ul>\n<li>Patogu pasiimti \u012f \u017eyg\u012f, kelion\u0119 automobiliu ar pasivaik\u0161\u010diojim\u0105 gamtoje.<\/li>\n<li>Greitas ir sotus maistas, paruo\u0161iamas per 10 minu\u010di\u0173.<\/li>\n<li>Reikia tik \u012fpilti vandens.<\/li>\n<li>Sotus vietinis patiekalas, pagamintas naudojant liofilizavimo technologij\u0105.<\/li>\n<li>Maistingas, sotus ir be konservant\u0173.<\/li>\n<li>Pagaminta daugiausia i\u0161 vietini\u0173 \u017ealiav\u0173.<\/li>\n<\/ul>\n<p>\u2705 Turime sand\u0117lyje, greitas pristatymas per 1\u20133 darbo dienas<\/p>\n","protected":false},"featured_media":1755,"comment_status":"open","ping_status":"closed","template":"","meta":{"_acf_changed":false},"product_brand":[],"product_cat":[271,278,260,189,231,190],"product_tag":[],"class_list":{"0":"post-47439","1":"product","2":"type-product","3":"status-publish","4":"has-post-thumbnail","6":"product_cat-meki-maistas-zygiams","7":"product_cat-meki-pusryciai","8":"product_cat-pusryciai","9":"product_cat-zygio-iranga","10":"product_cat-zygio-maistas","11":"product_cat-zygio-prekes","13":"first","14":"instock","15":"taxable","16":"shipping-taxable","17":"purchasable","18":"product-type-simple"},"bundled_by":[],"bundle_stock_status":"instock","bundle_stock_quantity":10,"bundle_virtual":false,"bundle_layout":"","bundle_add_to_cart_form_location":"","bundle_editable_in_cart":false,"bundle_sold_individually_context":"","bundle_item_grouping":"","bundle_min_size":"","bundle_max_size":"","bundle_price":[],"bundled_items":[],"bundle_sell_ids":[],"acf":[],"yoast_head":"<!-- This site is optimized with the Yoast SEO plugin v27.1.1 - https:\/\/yoast.com\/product\/yoast-seo-wordpress\/ -->\n<title>Avi\u017ein\u0117 ko\u0161\u0117 su obuoliais 110 g<\/title>\n<meta name=\"robots\" content=\"index, follow, max-snippet:-1, max-image-preview:large, max-video-preview:-1\" \/>\n<link rel=\"canonical\" href=\"https:\/\/toidupakk.ee\/lt\/toode\/avizine-kose-su-obuoliais-110-g\/\" \/>\n<meta property=\"og:locale\" content=\"lt_LT\" \/>\n<meta property=\"og:type\" content=\"article\" \/>\n<meta property=\"og:title\" content=\"Avi\u017ein\u0117 ko\u0161\u0117 su obuoliais 110 g\" \/>\n<meta property=\"og:description\" content=\"Patogu pasiimti \u012f \u017eyg\u012f, kelion\u0119 automobiliu ar pasivaik\u0161\u010diojim\u0105 gamtoje.  Greitas ir sotus maistas, paruo\u0161iamas per 10 minu\u010di\u0173.  Reikia tik \u012fpilti vandens.  Sotus vietinis patiekalas, pagamintas naudojant liofilizavimo technologij\u0105.  Maistingas, sotus ir be konservant\u0173.  Pagaminta daugiausia i\u0161 vietini\u0173 \u017ealiav\u0173. \u2705 Turime sand\u0117lyje, greitas pristatymas per 1\u20133 darbo dienas\" \/>\n<meta property=\"og:url\" content=\"https:\/\/toidupakk.ee\/lt\/toode\/avizine-kose-su-obuoliais-110-g\/\" \/>\n<meta property=\"og:site_name\" content=\"Toidupakk.ee - Tactical Foodpack toidupakid\" \/>\n<meta property=\"article:publisher\" content=\"https:\/\/www.facebook.com\/Toidupakk\" \/>\n<meta property=\"article:modified_time\" content=\"2026-04-03T21:01:18+00:00\" \/>\n<meta property=\"og:image\" content=\"https:\/\/toidupakk.ee\/wp-content\/uploads\/2022\/04\/Kaerahelbepuder-ountega-110g.png\" \/>\n\t<meta property=\"og:image:width\" content=\"1080\" \/>\n\t<meta property=\"og:image:height\" content=\"1080\" \/>\n\t<meta property=\"og:image:type\" content=\"image\/png\" \/>\n<meta name=\"twitter:card\" content=\"summary_large_image\" \/>\n<script type=\"application\/ld+json\" class=\"yoast-schema-graph\">{\"@context\":\"https:\/\/schema.org\",\"@graph\":[{\"@type\":\"WebPage\",\"@id\":\"https:\/\/toidupakk.ee\/lt\/toode\/avizine-kose-su-obuoliais-110-g\/\",\"url\":\"https:\/\/toidupakk.ee\/lt\/toode\/avizine-kose-su-obuoliais-110-g\/\",\"name\":\"Avi\u017ein\u0117 ko\u0161\u0117 su obuoliais 110 g\",\"isPartOf\":{\"@id\":\"https:\/\/toidupakk.ee\/lt\/#website\"},\"primaryImageOfPage\":{\"@id\":\"https:\/\/toidupakk.ee\/lt\/toode\/avizine-kose-su-obuoliais-110-g\/#primaryimage\"},\"image\":{\"@id\":\"https:\/\/toidupakk.ee\/lt\/toode\/avizine-kose-su-obuoliais-110-g\/#primaryimage\"},\"thumbnailUrl\":\"https:\/\/toidupakk.ee\/wp-content\/uploads\/2022\/04\/Kaerahelbepuder-ountega-110g.png\",\"datePublished\":\"2022-04-06T13:27:09+00:00\",\"dateModified\":\"2026-04-03T21:01:18+00:00\",\"breadcrumb\":{\"@id\":\"https:\/\/toidupakk.ee\/lt\/toode\/avizine-kose-su-obuoliais-110-g\/#breadcrumb\"},\"inLanguage\":\"lt-LT\",\"potentialAction\":[{\"@type\":\"ReadAction\",\"target\":[\"https:\/\/toidupakk.ee\/lt\/toode\/avizine-kose-su-obuoliais-110-g\/\"]}]},{\"@type\":\"ImageObject\",\"inLanguage\":\"lt-LT\",\"@id\":\"https:\/\/toidupakk.ee\/lt\/toode\/avizine-kose-su-obuoliais-110-g\/#primaryimage\",\"url\":\"https:\/\/toidupakk.ee\/wp-content\/uploads\/2022\/04\/Kaerahelbepuder-ountega-110g.png\",\"contentUrl\":\"https:\/\/toidupakk.ee\/wp-content\/uploads\/2022\/04\/Kaerahelbepuder-ountega-110g.png\",\"width\":1080,\"height\":1080,\"caption\":\"Kaerahelbepuder \u00f5untega 110g\"},{\"@type\":\"BreadcrumbList\",\"@id\":\"https:\/\/toidupakk.ee\/lt\/toode\/avizine-kose-su-obuoliais-110-g\/#breadcrumb\",\"itemListElement\":[{\"@type\":\"ListItem\",\"position\":1,\"name\":\"Avaleht\",\"item\":\"https:\/\/toidupakk.ee\/lt\/\"},{\"@type\":\"ListItem\",\"position\":2,\"name\":\"El. parduotuv\u0117\",\"item\":\"https:\/\/toidupakk.ee\/lt\/el-parduotuve\/\"},{\"@type\":\"ListItem\",\"position\":3,\"name\":\"Avi\u017ein\u0117 ko\u0161\u0117 su obuoliais 110 g\"}]},{\"@type\":\"WebSite\",\"@id\":\"https:\/\/toidupakk.ee\/lt\/#website\",\"url\":\"https:\/\/toidupakk.ee\/lt\/\",\"name\":\"Toidupakk.ee - Tactical Foodpack toidupakid\",\"description\":\"Tactical Foodpack k\u00fclmkuivatatud toidupakid ja matkaeined\",\"publisher\":{\"@id\":\"https:\/\/toidupakk.ee\/lt\/#organization\"},\"potentialAction\":[{\"@type\":\"SearchAction\",\"target\":{\"@type\":\"EntryPoint\",\"urlTemplate\":\"https:\/\/toidupakk.ee\/lt\/?s={search_term_string}\"},\"query-input\":{\"@type\":\"PropertyValueSpecification\",\"valueRequired\":true,\"valueName\":\"search_term_string\"}}],\"inLanguage\":\"lt-LT\"},{\"@type\":\"Organization\",\"@id\":\"https:\/\/toidupakk.ee\/lt\/#organization\",\"name\":\"Tactical Foodpack matkaeined\",\"url\":\"https:\/\/toidupakk.ee\/lt\/\",\"logo\":{\"@type\":\"ImageObject\",\"inLanguage\":\"lt-LT\",\"@id\":\"https:\/\/toidupakk.ee\/lt\/#\/schema\/logo\/image\/\",\"url\":\"https:\/\/toidupakk.ee\/wp-content\/uploads\/2022\/01\/Toidupakk-matkapood-logo-transparent.png\",\"contentUrl\":\"https:\/\/toidupakk.ee\/wp-content\/uploads\/2022\/01\/Toidupakk-matkapood-logo-transparent.png\",\"width\":500,\"height\":500,\"caption\":\"Tactical Foodpack matkaeined\"},\"image\":{\"@id\":\"https:\/\/toidupakk.ee\/lt\/#\/schema\/logo\/image\/\"},\"sameAs\":[\"https:\/\/www.facebook.com\/Toidupakk\",\"https:\/\/www.instagram.com\/toidupakk\/\"]}]}<\/script>\n<!-- \/ Yoast SEO plugin. -->","yoast_head_json":{"title":"Avi\u017ein\u0117 ko\u0161\u0117 su obuoliais 110 g","robots":{"index":"index","follow":"follow","max-snippet":"max-snippet:-1","max-image-preview":"max-image-preview:large","max-video-preview":"max-video-preview:-1"},"canonical":"https:\/\/toidupakk.ee\/lt\/toode\/avizine-kose-su-obuoliais-110-g\/","og_locale":"lt_LT","og_type":"article","og_title":"Avi\u017ein\u0117 ko\u0161\u0117 su obuoliais 110 g","og_description":"Patogu pasiimti \u012f \u017eyg\u012f, kelion\u0119 automobiliu ar pasivaik\u0161\u010diojim\u0105 gamtoje.  Greitas ir sotus maistas, paruo\u0161iamas per 10 minu\u010di\u0173.  Reikia tik \u012fpilti vandens.  Sotus vietinis patiekalas, pagamintas naudojant liofilizavimo technologij\u0105.  Maistingas, sotus ir be konservant\u0173.  Pagaminta daugiausia i\u0161 vietini\u0173 \u017ealiav\u0173. \u2705 Turime sand\u0117lyje, greitas pristatymas per 1\u20133 darbo dienas","og_url":"https:\/\/toidupakk.ee\/lt\/toode\/avizine-kose-su-obuoliais-110-g\/","og_site_name":"Toidupakk.ee - Tactical Foodpack toidupakid","article_publisher":"https:\/\/www.facebook.com\/Toidupakk","article_modified_time":"2026-04-03T21:01:18+00:00","og_image":[{"width":1080,"height":1080,"url":"https:\/\/toidupakk.ee\/wp-content\/uploads\/2022\/04\/Kaerahelbepuder-ountega-110g.png","type":"image\/png"}],"twitter_card":"summary_large_image","schema":{"@context":"https:\/\/schema.org","@graph":[{"@type":"WebPage","@id":"https:\/\/toidupakk.ee\/lt\/toode\/avizine-kose-su-obuoliais-110-g\/","url":"https:\/\/toidupakk.ee\/lt\/toode\/avizine-kose-su-obuoliais-110-g\/","name":"Avi\u017ein\u0117 ko\u0161\u0117 su obuoliais 110 g","isPartOf":{"@id":"https:\/\/toidupakk.ee\/lt\/#website"},"primaryImageOfPage":{"@id":"https:\/\/toidupakk.ee\/lt\/toode\/avizine-kose-su-obuoliais-110-g\/#primaryimage"},"image":{"@id":"https:\/\/toidupakk.ee\/lt\/toode\/avizine-kose-su-obuoliais-110-g\/#primaryimage"},"thumbnailUrl":"https:\/\/toidupakk.ee\/wp-content\/uploads\/2022\/04\/Kaerahelbepuder-ountega-110g.png","datePublished":"2022-04-06T13:27:09+00:00","dateModified":"2026-04-03T21:01:18+00:00","breadcrumb":{"@id":"https:\/\/toidupakk.ee\/lt\/toode\/avizine-kose-su-obuoliais-110-g\/#breadcrumb"},"inLanguage":"lt-LT","potentialAction":[{"@type":"ReadAction","target":["https:\/\/toidupakk.ee\/lt\/toode\/avizine-kose-su-obuoliais-110-g\/"]}]},{"@type":"ImageObject","inLanguage":"lt-LT","@id":"https:\/\/toidupakk.ee\/lt\/toode\/avizine-kose-su-obuoliais-110-g\/#primaryimage","url":"https:\/\/toidupakk.ee\/wp-content\/uploads\/2022\/04\/Kaerahelbepuder-ountega-110g.png","contentUrl":"https:\/\/toidupakk.ee\/wp-content\/uploads\/2022\/04\/Kaerahelbepuder-ountega-110g.png","width":1080,"height":1080,"caption":"Kaerahelbepuder \u00f5untega 110g"},{"@type":"BreadcrumbList","@id":"https:\/\/toidupakk.ee\/lt\/toode\/avizine-kose-su-obuoliais-110-g\/#breadcrumb","itemListElement":[{"@type":"ListItem","position":1,"name":"Avaleht","item":"https:\/\/toidupakk.ee\/lt\/"},{"@type":"ListItem","position":2,"name":"El. parduotuv\u0117","item":"https:\/\/toidupakk.ee\/lt\/el-parduotuve\/"},{"@type":"ListItem","position":3,"name":"Avi\u017ein\u0117 ko\u0161\u0117 su obuoliais 110 g"}]},{"@type":"WebSite","@id":"https:\/\/toidupakk.ee\/lt\/#website","url":"https:\/\/toidupakk.ee\/lt\/","name":"Toidupakk.ee - Tactical Foodpack toidupakid","description":"Tactical Foodpack k\u00fclmkuivatatud toidupakid ja matkaeined","publisher":{"@id":"https:\/\/toidupakk.ee\/lt\/#organization"},"potentialAction":[{"@type":"SearchAction","target":{"@type":"EntryPoint","urlTemplate":"https:\/\/toidupakk.ee\/lt\/?s={search_term_string}"},"query-input":{"@type":"PropertyValueSpecification","valueRequired":true,"valueName":"search_term_string"}}],"inLanguage":"lt-LT"},{"@type":"Organization","@id":"https:\/\/toidupakk.ee\/lt\/#organization","name":"Tactical Foodpack matkaeined","url":"https:\/\/toidupakk.ee\/lt\/","logo":{"@type":"ImageObject","inLanguage":"lt-LT","@id":"https:\/\/toidupakk.ee\/lt\/#\/schema\/logo\/image\/","url":"https:\/\/toidupakk.ee\/wp-content\/uploads\/2022\/01\/Toidupakk-matkapood-logo-transparent.png","contentUrl":"https:\/\/toidupakk.ee\/wp-content\/uploads\/2022\/01\/Toidupakk-matkapood-logo-transparent.png","width":500,"height":500,"caption":"Tactical Foodpack matkaeined"},"image":{"@id":"https:\/\/toidupakk.ee\/lt\/#\/schema\/logo\/image\/"},"sameAs":["https:\/\/www.facebook.com\/Toidupakk","https:\/\/www.instagram.com\/toidupakk\/"]}]}},"jetpack_sharing_enabled":true,"_links":{"self":[{"href":"https:\/\/toidupakk.ee\/lt\/wp-json\/wp\/v2\/product\/47439","targetHints":{"allow":["GET"]}}],"collection":[{"href":"https:\/\/toidupakk.ee\/lt\/wp-json\/wp\/v2\/product"}],"about":[{"href":"https:\/\/toidupakk.ee\/lt\/wp-json\/wp\/v2\/types\/product"}],"replies":[{"embeddable":true,"href":"https:\/\/toidupakk.ee\/lt\/wp-json\/wp\/v2\/comments?post=47439"}],"wp:featuredmedia":[{"embeddable":true,"href":"https:\/\/toidupakk.ee\/lt\/wp-json\/wp\/v2\/media\/1755"}],"wp:attachment":[{"href":"https:\/\/toidupakk.ee\/lt\/wp-json\/wp\/v2\/media?parent=47439"}],"wp:term":[{"taxonomy":"product_brand","embeddable":true,"href":"https:\/\/toidupakk.ee\/lt\/wp-json\/wp\/v2\/product_brand?post=47439"},{"taxonomy":"product_cat","embeddable":true,"href":"https:\/\/toidupakk.ee\/lt\/wp-json\/wp\/v2\/product_cat?post=47439"},{"taxonomy":"product_tag","embeddable":true,"href":"https:\/\/toidupakk.ee\/lt\/wp-json\/wp\/v2\/product_tag?post=47439"}],"curies":[{"name":"wp","href":"https:\/\/api.w.org\/{rel}","templated":true}]}}