{"id":47426,"date":"2022-04-06T16:33:50","date_gmt":"2022-04-06T13:33:50","guid":{"rendered":"https:\/\/toidupakk.ee\/toode\/vistienos-sriuba-70-g\/"},"modified":"2026-04-29T19:01:22","modified_gmt":"2026-04-29T16:01:22","slug":"vistienos-sriuba-70-g","status":"publish","type":"product","link":"https:\/\/toidupakk.ee\/lt\/toode\/vistienos-sriuba-70-g\/","title":{"rendered":"Vi\u0161tienos sriuba 70 g"},"content":{"rendered":"<p>Sud\u0117tis ir savyb\u0117s<\/p>\n<p>\u201eMeki\u201c \u0161al\u010diu d\u017eiovinti patiekalai \u2013 tai sveikas naminis maistas, kuriam paruo\u0161ti reikia tik vandens. Naudodami liofilizavimo technologij\u0105, i\u0161saugome maistin\u0119 vert\u0119, kvap\u0105 bei skon\u012f ir prailginame galiojimo laik\u0105 iki 2 met\u0173. M\u016bs\u0173 maistui naudojami tik naminiai ingredientai, jame n\u0117ra konservant\u0173.  <\/p>\n<p>Sud\u0117tis:<br \/>\nVi\u0161tiena 42 %, ry\u017eiai, morkos, svog\u016bnai, bulv\u0117s, druska, pipirai, lauro lapas, petra\u017eol\u0117s<br \/>\nGaminimo laikas: 8 min.<\/p>\n<table class=\"table table-responsive\">\n<thead>\n<tr>\n<th>VIDUTIN\u0116 MAISTIN\u0116 VERT\u0116<\/th>\n<th>100 G<\/th>\n<\/tr>\n<\/thead>\n<tbody>\n<tr>\n<td>Energija<\/td>\n<td>2409 kJ \/ 575,86 kcal<\/td>\n<\/tr>\n<tr>\n<td>Angliavandeniai<\/td>\n<td>40,44 g<\/td>\n<\/tr>\n<tr>\n<td>i\u0161 kuri\u0173 cukr\u0173<\/td>\n<td>3,05 g<\/td>\n<\/tr>\n<tr>\n<td>Baltymai<\/td>\n<td>26,87 g<\/td>\n<\/tr>\n<tr>\n<td>Riebalai<\/td>\n<td>33,61 g<\/td>\n<\/tr>\n<tr>\n<td>i\u0161 kuri\u0173 so\u010di\u0173j\u0173 riebal\u0173 r\u016bg\u0161\u010di\u0173<\/td>\n<td>10,26 g<\/td>\n<\/tr>\n<\/tbody>\n<\/table>\n","protected":false},"excerpt":{"rendered":"<ul>\n<li>Patogu pasiimti \u012f \u017eyg\u012f mi\u0161ke, kelion\u0119 automobiliu ar pasivaik\u0161\u010diojim\u0105 gryname ore.<\/li>\n<li>Greitas u\u017ekandis paruo\u0161iamas patogiai ir per 10 minu\u010di\u0173.<\/li>\n<li>\u012e maist\u0105 tereikia \u012fpilti vandens.<\/li>\n<li>Maistingas naminis patiekalas, pagamintas naudojant liofilizavimo technologij\u0105.<\/li>\n<li>Turtingas maistini\u0173 med\u017eiag\u0173, sotus ir be konservant\u0173.<\/li>\n<li>Pagaminta daugiausia i\u0161 vietini\u0173 \u017ealiav\u0173.<\/li>\n<\/ul>\n<p>\u2705 Turime sand\u0117lyje, greitas pristatymas per 1\u20133 darbo dienas<\/p>\n","protected":false},"featured_media":1757,"comment_status":"open","ping_status":"closed","template":"","meta":{"_acf_changed":false},"product_brand":[],"product_cat":[271,277,249,189,190],"product_tag":[],"class_list":{"0":"post-47426","1":"product","2":"type-product","3":"status-publish","4":"has-post-thumbnail","6":"product_cat-meki-maistas-zygiams","7":"product_cat-meki-sriubos","8":"product_cat-sriubos","9":"product_cat-zygio-iranga","10":"product_cat-zygio-prekes","12":"first","13":"instock","14":"taxable","15":"shipping-taxable","16":"purchasable","17":"product-type-simple"},"bundled_by":[],"bundle_stock_status":"instock","bundle_stock_quantity":2,"bundle_virtual":false,"bundle_layout":"","bundle_add_to_cart_form_location":"","bundle_editable_in_cart":false,"bundle_sold_individually_context":"","bundle_item_grouping":"","bundle_min_size":"","bundle_max_size":"","bundle_price":[],"bundled_items":[],"bundle_sell_ids":[],"acf":[],"yoast_head":"<!-- This site is optimized with the Yoast SEO plugin v27.3 - https:\/\/yoast.com\/product\/yoast-seo-wordpress\/ -->\n<title>Vi\u0161tienos sriuba 70 g<\/title>\n<meta name=\"robots\" content=\"index, follow, max-snippet:-1, max-image-preview:large, max-video-preview:-1\" \/>\n<link rel=\"canonical\" href=\"https:\/\/toidupakk.ee\/lt\/toode\/vistienos-sriuba-70-g\/\" \/>\n<meta property=\"og:locale\" content=\"lt_LT\" \/>\n<meta property=\"og:type\" content=\"article\" \/>\n<meta property=\"og:title\" content=\"Vi\u0161tienos sriuba 70 g\" \/>\n<meta property=\"og:description\" content=\"Patogu pasiimti \u012f \u017eyg\u012f mi\u0161ke, kelion\u0119 automobiliu ar pasivaik\u0161\u010diojim\u0105 gryname ore.  Greitas u\u017ekandis paruo\u0161iamas patogiai ir per 10 minu\u010di\u0173.  \u012e maist\u0105 tereikia \u012fpilti vandens.  Maistingas naminis patiekalas, pagamintas naudojant liofilizavimo technologij\u0105.  Turtingas maistini\u0173 med\u017eiag\u0173, sotus ir be konservant\u0173.  Pagaminta daugiausia i\u0161 vietini\u0173 \u017ealiav\u0173. \u2705 Turime sand\u0117lyje, greitas pristatymas per 1\u20133 darbo dienas\" \/>\n<meta property=\"og:url\" content=\"https:\/\/toidupakk.ee\/lt\/toode\/vistienos-sriuba-70-g\/\" \/>\n<meta property=\"og:site_name\" content=\"Toidupakk.ee - Tactical Foodpack toidupakid\" \/>\n<meta property=\"article:publisher\" content=\"https:\/\/www.facebook.com\/Toidupakk\" \/>\n<meta property=\"article:modified_time\" content=\"2026-04-29T16:01:22+00:00\" \/>\n<meta property=\"og:image\" content=\"https:\/\/toidupakk.ee\/wp-content\/uploads\/2022\/04\/Kanasupp-70g.png\" \/>\n\t<meta property=\"og:image:width\" content=\"1080\" \/>\n\t<meta property=\"og:image:height\" content=\"1080\" \/>\n\t<meta property=\"og:image:type\" content=\"image\/png\" \/>\n<meta name=\"twitter:card\" content=\"summary_large_image\" \/>\n<script type=\"application\/ld+json\" class=\"yoast-schema-graph\">{\"@context\":\"https:\\\/\\\/schema.org\",\"@graph\":[{\"@type\":\"WebPage\",\"@id\":\"https:\\\/\\\/toidupakk.ee\\\/lt\\\/toode\\\/vistienos-sriuba-70-g\\\/\",\"url\":\"https:\\\/\\\/toidupakk.ee\\\/lt\\\/toode\\\/vistienos-sriuba-70-g\\\/\",\"name\":\"Vi\u0161tienos sriuba 70 g\",\"isPartOf\":{\"@id\":\"https:\\\/\\\/toidupakk.ee\\\/lt\\\/#website\"},\"primaryImageOfPage\":{\"@id\":\"https:\\\/\\\/toidupakk.ee\\\/lt\\\/toode\\\/vistienos-sriuba-70-g\\\/#primaryimage\"},\"image\":{\"@id\":\"https:\\\/\\\/toidupakk.ee\\\/lt\\\/toode\\\/vistienos-sriuba-70-g\\\/#primaryimage\"},\"thumbnailUrl\":\"https:\\\/\\\/toidupakk.ee\\\/wp-content\\\/uploads\\\/2022\\\/04\\\/Kanasupp-70g.png\",\"datePublished\":\"2022-04-06T13:33:50+00:00\",\"dateModified\":\"2026-04-29T16:01:22+00:00\",\"breadcrumb\":{\"@id\":\"https:\\\/\\\/toidupakk.ee\\\/lt\\\/toode\\\/vistienos-sriuba-70-g\\\/#breadcrumb\"},\"inLanguage\":\"lt-LT\",\"potentialAction\":[{\"@type\":\"ReadAction\",\"target\":[\"https:\\\/\\\/toidupakk.ee\\\/lt\\\/toode\\\/vistienos-sriuba-70-g\\\/\"]}]},{\"@type\":\"ImageObject\",\"inLanguage\":\"lt-LT\",\"@id\":\"https:\\\/\\\/toidupakk.ee\\\/lt\\\/toode\\\/vistienos-sriuba-70-g\\\/#primaryimage\",\"url\":\"https:\\\/\\\/toidupakk.ee\\\/wp-content\\\/uploads\\\/2022\\\/04\\\/Kanasupp-70g.png\",\"contentUrl\":\"https:\\\/\\\/toidupakk.ee\\\/wp-content\\\/uploads\\\/2022\\\/04\\\/Kanasupp-70g.png\",\"width\":1080,\"height\":1080,\"caption\":\"Kanasupp 70g\"},{\"@type\":\"BreadcrumbList\",\"@id\":\"https:\\\/\\\/toidupakk.ee\\\/lt\\\/toode\\\/vistienos-sriuba-70-g\\\/#breadcrumb\",\"itemListElement\":[{\"@type\":\"ListItem\",\"position\":1,\"name\":\"Avaleht\",\"item\":\"https:\\\/\\\/toidupakk.ee\\\/lt\\\/\"},{\"@type\":\"ListItem\",\"position\":2,\"name\":\"El. parduotuv\u0117\",\"item\":\"https:\\\/\\\/toidupakk.ee\\\/lt\\\/el-parduotuve\\\/\"},{\"@type\":\"ListItem\",\"position\":3,\"name\":\"Vi\u0161tienos sriuba 70 g\"}]},{\"@type\":\"WebSite\",\"@id\":\"https:\\\/\\\/toidupakk.ee\\\/lt\\\/#website\",\"url\":\"https:\\\/\\\/toidupakk.ee\\\/lt\\\/\",\"name\":\"Toidupakk.ee - Tactical Foodpack toidupakid\",\"description\":\"Tactical Foodpack k\u00fclmkuivatatud toidupakid ja matkaeined\",\"publisher\":{\"@id\":\"https:\\\/\\\/toidupakk.ee\\\/lt\\\/#organization\"},\"potentialAction\":[{\"@type\":\"SearchAction\",\"target\":{\"@type\":\"EntryPoint\",\"urlTemplate\":\"https:\\\/\\\/toidupakk.ee\\\/lt\\\/?s={search_term_string}\"},\"query-input\":{\"@type\":\"PropertyValueSpecification\",\"valueRequired\":true,\"valueName\":\"search_term_string\"}}],\"inLanguage\":\"lt-LT\"},{\"@type\":\"Organization\",\"@id\":\"https:\\\/\\\/toidupakk.ee\\\/lt\\\/#organization\",\"name\":\"Tactical Foodpack matkaeined\",\"url\":\"https:\\\/\\\/toidupakk.ee\\\/lt\\\/\",\"logo\":{\"@type\":\"ImageObject\",\"inLanguage\":\"lt-LT\",\"@id\":\"https:\\\/\\\/toidupakk.ee\\\/lt\\\/#\\\/schema\\\/logo\\\/image\\\/\",\"url\":\"https:\\\/\\\/toidupakk.ee\\\/wp-content\\\/uploads\\\/2022\\\/01\\\/Toidupakk-matkapood-logo-transparent.png\",\"contentUrl\":\"https:\\\/\\\/toidupakk.ee\\\/wp-content\\\/uploads\\\/2022\\\/01\\\/Toidupakk-matkapood-logo-transparent.png\",\"width\":500,\"height\":500,\"caption\":\"Tactical Foodpack matkaeined\"},\"image\":{\"@id\":\"https:\\\/\\\/toidupakk.ee\\\/lt\\\/#\\\/schema\\\/logo\\\/image\\\/\"},\"sameAs\":[\"https:\\\/\\\/www.facebook.com\\\/Toidupakk\",\"https:\\\/\\\/www.instagram.com\\\/toidupakk\\\/\"]}]}<\/script>\n<!-- \/ Yoast SEO plugin. -->","yoast_head_json":{"title":"Vi\u0161tienos sriuba 70 g","robots":{"index":"index","follow":"follow","max-snippet":"max-snippet:-1","max-image-preview":"max-image-preview:large","max-video-preview":"max-video-preview:-1"},"canonical":"https:\/\/toidupakk.ee\/lt\/toode\/vistienos-sriuba-70-g\/","og_locale":"lt_LT","og_type":"article","og_title":"Vi\u0161tienos sriuba 70 g","og_description":"Patogu pasiimti \u012f \u017eyg\u012f mi\u0161ke, kelion\u0119 automobiliu ar pasivaik\u0161\u010diojim\u0105 gryname ore.  Greitas u\u017ekandis paruo\u0161iamas patogiai ir per 10 minu\u010di\u0173.  \u012e maist\u0105 tereikia \u012fpilti vandens.  Maistingas naminis patiekalas, pagamintas naudojant liofilizavimo technologij\u0105.  Turtingas maistini\u0173 med\u017eiag\u0173, sotus ir be konservant\u0173.  Pagaminta daugiausia i\u0161 vietini\u0173 \u017ealiav\u0173. \u2705 Turime sand\u0117lyje, greitas pristatymas per 1\u20133 darbo dienas","og_url":"https:\/\/toidupakk.ee\/lt\/toode\/vistienos-sriuba-70-g\/","og_site_name":"Toidupakk.ee - Tactical Foodpack toidupakid","article_publisher":"https:\/\/www.facebook.com\/Toidupakk","article_modified_time":"2026-04-29T16:01:22+00:00","og_image":[{"width":1080,"height":1080,"url":"https:\/\/toidupakk.ee\/wp-content\/uploads\/2022\/04\/Kanasupp-70g.png","type":"image\/png"}],"twitter_card":"summary_large_image","schema":{"@context":"https:\/\/schema.org","@graph":[{"@type":"WebPage","@id":"https:\/\/toidupakk.ee\/lt\/toode\/vistienos-sriuba-70-g\/","url":"https:\/\/toidupakk.ee\/lt\/toode\/vistienos-sriuba-70-g\/","name":"Vi\u0161tienos sriuba 70 g","isPartOf":{"@id":"https:\/\/toidupakk.ee\/lt\/#website"},"primaryImageOfPage":{"@id":"https:\/\/toidupakk.ee\/lt\/toode\/vistienos-sriuba-70-g\/#primaryimage"},"image":{"@id":"https:\/\/toidupakk.ee\/lt\/toode\/vistienos-sriuba-70-g\/#primaryimage"},"thumbnailUrl":"https:\/\/toidupakk.ee\/wp-content\/uploads\/2022\/04\/Kanasupp-70g.png","datePublished":"2022-04-06T13:33:50+00:00","dateModified":"2026-04-29T16:01:22+00:00","breadcrumb":{"@id":"https:\/\/toidupakk.ee\/lt\/toode\/vistienos-sriuba-70-g\/#breadcrumb"},"inLanguage":"lt-LT","potentialAction":[{"@type":"ReadAction","target":["https:\/\/toidupakk.ee\/lt\/toode\/vistienos-sriuba-70-g\/"]}]},{"@type":"ImageObject","inLanguage":"lt-LT","@id":"https:\/\/toidupakk.ee\/lt\/toode\/vistienos-sriuba-70-g\/#primaryimage","url":"https:\/\/toidupakk.ee\/wp-content\/uploads\/2022\/04\/Kanasupp-70g.png","contentUrl":"https:\/\/toidupakk.ee\/wp-content\/uploads\/2022\/04\/Kanasupp-70g.png","width":1080,"height":1080,"caption":"Kanasupp 70g"},{"@type":"BreadcrumbList","@id":"https:\/\/toidupakk.ee\/lt\/toode\/vistienos-sriuba-70-g\/#breadcrumb","itemListElement":[{"@type":"ListItem","position":1,"name":"Avaleht","item":"https:\/\/toidupakk.ee\/lt\/"},{"@type":"ListItem","position":2,"name":"El. parduotuv\u0117","item":"https:\/\/toidupakk.ee\/lt\/el-parduotuve\/"},{"@type":"ListItem","position":3,"name":"Vi\u0161tienos sriuba 70 g"}]},{"@type":"WebSite","@id":"https:\/\/toidupakk.ee\/lt\/#website","url":"https:\/\/toidupakk.ee\/lt\/","name":"Toidupakk.ee - Tactical Foodpack toidupakid","description":"Tactical Foodpack k\u00fclmkuivatatud toidupakid ja matkaeined","publisher":{"@id":"https:\/\/toidupakk.ee\/lt\/#organization"},"potentialAction":[{"@type":"SearchAction","target":{"@type":"EntryPoint","urlTemplate":"https:\/\/toidupakk.ee\/lt\/?s={search_term_string}"},"query-input":{"@type":"PropertyValueSpecification","valueRequired":true,"valueName":"search_term_string"}}],"inLanguage":"lt-LT"},{"@type":"Organization","@id":"https:\/\/toidupakk.ee\/lt\/#organization","name":"Tactical Foodpack matkaeined","url":"https:\/\/toidupakk.ee\/lt\/","logo":{"@type":"ImageObject","inLanguage":"lt-LT","@id":"https:\/\/toidupakk.ee\/lt\/#\/schema\/logo\/image\/","url":"https:\/\/toidupakk.ee\/wp-content\/uploads\/2022\/01\/Toidupakk-matkapood-logo-transparent.png","contentUrl":"https:\/\/toidupakk.ee\/wp-content\/uploads\/2022\/01\/Toidupakk-matkapood-logo-transparent.png","width":500,"height":500,"caption":"Tactical Foodpack matkaeined"},"image":{"@id":"https:\/\/toidupakk.ee\/lt\/#\/schema\/logo\/image\/"},"sameAs":["https:\/\/www.facebook.com\/Toidupakk","https:\/\/www.instagram.com\/toidupakk\/"]}]}},"jetpack_sharing_enabled":true,"_links":{"self":[{"href":"https:\/\/toidupakk.ee\/lt\/wp-json\/wp\/v2\/product\/47426","targetHints":{"allow":["GET"]}}],"collection":[{"href":"https:\/\/toidupakk.ee\/lt\/wp-json\/wp\/v2\/product"}],"about":[{"href":"https:\/\/toidupakk.ee\/lt\/wp-json\/wp\/v2\/types\/product"}],"replies":[{"embeddable":true,"href":"https:\/\/toidupakk.ee\/lt\/wp-json\/wp\/v2\/comments?post=47426"}],"wp:featuredmedia":[{"embeddable":true,"href":"https:\/\/toidupakk.ee\/lt\/wp-json\/wp\/v2\/media\/1757"}],"wp:attachment":[{"href":"https:\/\/toidupakk.ee\/lt\/wp-json\/wp\/v2\/media?parent=47426"}],"wp:term":[{"taxonomy":"product_brand","embeddable":true,"href":"https:\/\/toidupakk.ee\/lt\/wp-json\/wp\/v2\/product_brand?post=47426"},{"taxonomy":"product_cat","embeddable":true,"href":"https:\/\/toidupakk.ee\/lt\/wp-json\/wp\/v2\/product_cat?post=47426"},{"taxonomy":"product_tag","embeddable":true,"href":"https:\/\/toidupakk.ee\/lt\/wp-json\/wp\/v2\/product_tag?post=47426"}],"curies":[{"name":"wp","href":"https:\/\/api.w.org\/{rel}","templated":true}]}}