{"id":47424,"date":"2022-04-06T16:32:02","date_gmt":"2022-04-06T13:32:02","guid":{"rendered":"https:\/\/toidupakk.ee\/toode\/vistiena-tikka-masala-su-padazu-110-g\/"},"modified":"2026-04-15T16:00:31","modified_gmt":"2026-04-15T13:00:31","slug":"vistiena-tikka-masala-su-padazu-110-g","status":"publish","type":"product","link":"https:\/\/toidupakk.ee\/lt\/toode\/vistiena-tikka-masala-su-padazu-110-g\/","title":{"rendered":"Vi\u0161tiena \u201eTikka Masala\u201c su pada\u017eu, 110 g"},"content":{"rendered":"<h1>Vi\u0161tienos \u201eTikka Masala\u201c sud\u0117tis ir informacija apie produkt\u0105<\/h1>\n<p>\u201eMeki\u201c lyofilizuoti patiekalai \u2013 tai sveikas naminis maistas, kuriam paruo\u0161ti reikia tik vandens. Naudodami \u0161altyje d\u017eiovinimo technologij\u0105, i\u0161saugome maistin\u0119 vert\u0119, kvap\u0105 bei skon\u012f ir pailginame galiojimo laik\u0105 iki 2 met\u0173.  M\u016bs\u0173 maistui naudojami tik nat\u016bral\u016bs ingredientai, jame n\u0117ra konservant\u0173.<\/p>\n<h2>Vi\u0161tienos \u201eTikka Masala\u201c sud\u0117tis<\/h2>\n<p>Vi\u0161tiena, ry\u017eiai, JOGURTAS, raps\u0173 aliejus, kuminas, kalendra, imbieras, kurkuma, kardamonas, juodieji pipirai, cinamonas, gvazdik\u0117liai, Kajeno pipirai, druska, paprika, pomidoras, cukrus, svog\u016bnas.<br \/>\nParuo\u0161imo laikas: 8 min.<\/p>\n<table class=\"table table-responsive\">\n<thead>\n<tr>\n<th>VIDUTIN\u0116 MAISTIN\u0116 VERT\u0116<\/th>\n<th>100 G<\/th>\n<\/tr>\n<\/thead>\n<tbody>\n<tr>\n<td>Energin\u0117 vert\u0117<\/td>\n<td>728 kJ \/ 174,94 kcal<\/td>\n<\/tr>\n<tr>\n<td>Angliavandeniai<\/td>\n<td>25,91 g<\/td>\n<\/tr>\n<tr>\n<td>i\u0161 kuri\u0173 cukr\u0173<\/td>\n<td>13,85 g<\/td>\n<\/tr>\n<tr>\n<td>Baltymai<\/td>\n<td>23,36 g<\/td>\n<\/tr>\n<tr>\n<td>Riebalai<\/td>\n<td>8,75 g<\/td>\n<\/tr>\n<tr>\n<td>i\u0161 kuri\u0173 so\u010di\u0173j\u0173 riebal\u0173 r\u016bg\u0161\u010di\u0173<\/td>\n<td>2,1 g<\/td>\n<\/tr>\n<\/tbody>\n<\/table>\n<p><strong>U\u017esisakyk dabar ir dr\u0105siai planuok kit\u0105 savo nuotyk\u012f!<\/strong><\/p>\n<hr>\n<p>Ar jau laikas atnaujinti \u017eygio \u012frang\u0105? Per\u017ei\u016br\u0117k kitus reikmenis ir rask visk\u0105, ko reikia tobulam poilsiui gamtoje! <\/p>\n<p>Su\u017einok daugiau apie \u201eTactical Foodpack\u201c maist\u0105 \u017eygiams <a href=\"https:\/\/toidupakk.ee\/lt\/tootekategooria\/tactical-foodpack-patiekalai\/\">\u010cIA.<\/a><\/p>\n<p>Daugiau \u017eygio preki\u0173 rasi <a href=\"https:\/\/toidupakk.ee\/lt\/tootekategooria\/zygio-iranga\/#section-3-79\">\u010cIA<\/a><\/p>\n<p>Pasisemk \u012fkv\u0117pimo kitiems nuotykiams \u201eToidupakk\u201c <a href=\"https:\/\/www.instagram.com\/toidupakk\/\">Instagram<\/a> ir <a href=\"https:\/\/www.facebook.com\/Toidupakk\/\">Facebook<\/a> paskyrose.<\/p>\n","protected":false},"excerpt":{"rendered":"<ul>\n<li>Patogu pasiimti \u012f \u017eygius mi\u0161ke, keliones automobiliu ar pasivaik\u0161\u010diojimus gryname ore.<\/li>\n<li>Greitas ir sotus patiekalas paruo\u0161iamas patogiai per 10 minu\u010di\u0173.<\/li>\n<li>\u012e maist\u0105 tereikia \u012fpilti vandens.<\/li>\n<li>Sotingas vietinis patiekalas, pagamintas naudojant lyofilizacijos technologij\u0105.<\/li>\n<li>Maistingas, sotus ir be konservant\u0173.<\/li>\n<li>Pagaminta daugiausia i\u0161 vietini\u0173 \u017ealiav\u0173.<\/li>\n<\/ul>\n<p>\u2705 Turime sand\u0117lyje, greitas pristatymas per 1\u20133 darbo dienas<\/p>\n","protected":false},"featured_media":1759,"comment_status":"open","ping_status":"closed","template":"","meta":{"_acf_changed":false},"product_brand":[],"product_cat":[271,273,256,189,231,190],"product_tag":[],"class_list":{"0":"post-47424","1":"product","2":"type-product","3":"status-publish","4":"has-post-thumbnail","6":"product_cat-meki-maistas-zygiams","7":"product_cat-meki-pagrindiniai-patiekalai","8":"product_cat-pagrindiniai-patiekalai","9":"product_cat-zygio-iranga","10":"product_cat-zygio-maistas","11":"product_cat-zygio-prekes","13":"first","14":"instock","15":"taxable","16":"shipping-taxable","17":"purchasable","18":"product-type-simple"},"bundled_by":[],"bundle_stock_status":"instock","bundle_stock_quantity":16,"bundle_virtual":false,"bundle_layout":"","bundle_add_to_cart_form_location":"","bundle_editable_in_cart":false,"bundle_sold_individually_context":"","bundle_item_grouping":"","bundle_min_size":"","bundle_max_size":"","bundle_price":[],"bundled_items":[],"bundle_sell_ids":[],"acf":[],"yoast_head":"<!-- This site is optimized with the Yoast SEO plugin v27.3 - https:\/\/yoast.com\/product\/yoast-seo-wordpress\/ -->\n<title>Vi\u0161tiena \u201eTikka Masala\u201c su pada\u017eu, 110 g MEKI<\/title>\n<meta name=\"description\" content=\"\u0160altyje d\u017eiovintas (lyofilizuotas) vi\u0161tienos \u201eTikka Masala\u201c patiekalas. Patogu pasiimti \u012f \u017eygius mi\u0161ke, keliones automobiliu ar pasivaik\u0161\u010diojimus gamtoje. Greitas maistas paruo\u0161iamas per 10 minu\u010di\u0173.\" \/>\n<meta name=\"robots\" content=\"index, follow, max-snippet:-1, max-image-preview:large, max-video-preview:-1\" \/>\n<link rel=\"canonical\" href=\"https:\/\/toidupakk.ee\/lt\/toode\/vistiena-tikka-masala-su-padazu-110-g\/\" \/>\n<meta property=\"og:locale\" content=\"lt_LT\" \/>\n<meta property=\"og:type\" content=\"article\" \/>\n<meta property=\"og:title\" content=\"Vi\u0161tiena \u201eTikka Masala\u201c su pada\u017eu, 110 g MEKI\" \/>\n<meta property=\"og:description\" content=\"\u0160altyje d\u017eiovintas (lyofilizuotas) vi\u0161tienos \u201eTikka Masala\u201c patiekalas. Patogu pasiimti \u012f \u017eygius mi\u0161ke, keliones automobiliu ar pasivaik\u0161\u010diojimus gamtoje. Greitas maistas paruo\u0161iamas per 10 minu\u010di\u0173.\" \/>\n<meta property=\"og:url\" content=\"https:\/\/toidupakk.ee\/lt\/toode\/vistiena-tikka-masala-su-padazu-110-g\/\" \/>\n<meta property=\"og:site_name\" content=\"Toidupakk.ee - Tactical Foodpack toidupakid\" \/>\n<meta property=\"article:publisher\" content=\"https:\/\/www.facebook.com\/Toidupakk\" \/>\n<meta property=\"article:modified_time\" content=\"2026-04-15T13:00:31+00:00\" \/>\n<meta property=\"og:image\" content=\"https:\/\/toidupakk.ee\/wp-content\/uploads\/2022\/04\/Kana-tikka-masala-kastmega-110g.png\" \/>\n\t<meta property=\"og:image:width\" content=\"1080\" \/>\n\t<meta property=\"og:image:height\" content=\"1080\" \/>\n\t<meta property=\"og:image:type\" content=\"image\/png\" \/>\n<meta name=\"twitter:card\" content=\"summary_large_image\" \/>\n<meta name=\"twitter:label1\" content=\"Est. reading time\" \/>\n\t<meta name=\"twitter:data1\" content=\"1 minut\u0117\" \/>\n<script type=\"application\/ld+json\" class=\"yoast-schema-graph\">{\"@context\":\"https:\\\/\\\/schema.org\",\"@graph\":[{\"@type\":\"WebPage\",\"@id\":\"https:\\\/\\\/toidupakk.ee\\\/lt\\\/toode\\\/vistiena-tikka-masala-su-padazu-110-g\\\/\",\"url\":\"https:\\\/\\\/toidupakk.ee\\\/lt\\\/toode\\\/vistiena-tikka-masala-su-padazu-110-g\\\/\",\"name\":\"Vi\u0161tiena \u201eTikka Masala\u201c su pada\u017eu, 110 g MEKI\",\"isPartOf\":{\"@id\":\"https:\\\/\\\/toidupakk.ee\\\/lt\\\/#website\"},\"primaryImageOfPage\":{\"@id\":\"https:\\\/\\\/toidupakk.ee\\\/lt\\\/toode\\\/vistiena-tikka-masala-su-padazu-110-g\\\/#primaryimage\"},\"image\":{\"@id\":\"https:\\\/\\\/toidupakk.ee\\\/lt\\\/toode\\\/vistiena-tikka-masala-su-padazu-110-g\\\/#primaryimage\"},\"thumbnailUrl\":\"https:\\\/\\\/toidupakk.ee\\\/wp-content\\\/uploads\\\/2022\\\/04\\\/Kana-tikka-masala-kastmega-110g.png\",\"datePublished\":\"2022-04-06T13:32:02+00:00\",\"dateModified\":\"2026-04-15T13:00:31+00:00\",\"description\":\"\u0160altyje d\u017eiovintas (lyofilizuotas) vi\u0161tienos \u201eTikka Masala\u201c patiekalas. Patogu pasiimti \u012f \u017eygius mi\u0161ke, keliones automobiliu ar pasivaik\u0161\u010diojimus gamtoje. Greitas maistas paruo\u0161iamas per 10 minu\u010di\u0173.\",\"breadcrumb\":{\"@id\":\"https:\\\/\\\/toidupakk.ee\\\/lt\\\/toode\\\/vistiena-tikka-masala-su-padazu-110-g\\\/#breadcrumb\"},\"inLanguage\":\"lt-LT\",\"potentialAction\":[{\"@type\":\"ReadAction\",\"target\":[\"https:\\\/\\\/toidupakk.ee\\\/lt\\\/toode\\\/vistiena-tikka-masala-su-padazu-110-g\\\/\"]}]},{\"@type\":\"ImageObject\",\"inLanguage\":\"lt-LT\",\"@id\":\"https:\\\/\\\/toidupakk.ee\\\/lt\\\/toode\\\/vistiena-tikka-masala-su-padazu-110-g\\\/#primaryimage\",\"url\":\"https:\\\/\\\/toidupakk.ee\\\/wp-content\\\/uploads\\\/2022\\\/04\\\/Kana-tikka-masala-kastmega-110g.png\",\"contentUrl\":\"https:\\\/\\\/toidupakk.ee\\\/wp-content\\\/uploads\\\/2022\\\/04\\\/Kana-tikka-masala-kastmega-110g.png\",\"width\":1080,\"height\":1080,\"caption\":\"Kana tikka masala kastmega 110g\"},{\"@type\":\"BreadcrumbList\",\"@id\":\"https:\\\/\\\/toidupakk.ee\\\/lt\\\/toode\\\/vistiena-tikka-masala-su-padazu-110-g\\\/#breadcrumb\",\"itemListElement\":[{\"@type\":\"ListItem\",\"position\":1,\"name\":\"Avaleht\",\"item\":\"https:\\\/\\\/toidupakk.ee\\\/lt\\\/\"},{\"@type\":\"ListItem\",\"position\":2,\"name\":\"El. parduotuv\u0117\",\"item\":\"https:\\\/\\\/toidupakk.ee\\\/lt\\\/el-parduotuve\\\/\"},{\"@type\":\"ListItem\",\"position\":3,\"name\":\"Vi\u0161tiena \u201eTikka Masala\u201c su pada\u017eu, 110 g\"}]},{\"@type\":\"WebSite\",\"@id\":\"https:\\\/\\\/toidupakk.ee\\\/lt\\\/#website\",\"url\":\"https:\\\/\\\/toidupakk.ee\\\/lt\\\/\",\"name\":\"Toidupakk.ee - Tactical Foodpack toidupakid\",\"description\":\"Tactical Foodpack k\u00fclmkuivatatud toidupakid ja matkaeined\",\"publisher\":{\"@id\":\"https:\\\/\\\/toidupakk.ee\\\/lt\\\/#organization\"},\"potentialAction\":[{\"@type\":\"SearchAction\",\"target\":{\"@type\":\"EntryPoint\",\"urlTemplate\":\"https:\\\/\\\/toidupakk.ee\\\/lt\\\/?s={search_term_string}\"},\"query-input\":{\"@type\":\"PropertyValueSpecification\",\"valueRequired\":true,\"valueName\":\"search_term_string\"}}],\"inLanguage\":\"lt-LT\"},{\"@type\":\"Organization\",\"@id\":\"https:\\\/\\\/toidupakk.ee\\\/lt\\\/#organization\",\"name\":\"Tactical Foodpack matkaeined\",\"url\":\"https:\\\/\\\/toidupakk.ee\\\/lt\\\/\",\"logo\":{\"@type\":\"ImageObject\",\"inLanguage\":\"lt-LT\",\"@id\":\"https:\\\/\\\/toidupakk.ee\\\/lt\\\/#\\\/schema\\\/logo\\\/image\\\/\",\"url\":\"https:\\\/\\\/toidupakk.ee\\\/wp-content\\\/uploads\\\/2022\\\/01\\\/Toidupakk-matkapood-logo-transparent.png\",\"contentUrl\":\"https:\\\/\\\/toidupakk.ee\\\/wp-content\\\/uploads\\\/2022\\\/01\\\/Toidupakk-matkapood-logo-transparent.png\",\"width\":500,\"height\":500,\"caption\":\"Tactical Foodpack matkaeined\"},\"image\":{\"@id\":\"https:\\\/\\\/toidupakk.ee\\\/lt\\\/#\\\/schema\\\/logo\\\/image\\\/\"},\"sameAs\":[\"https:\\\/\\\/www.facebook.com\\\/Toidupakk\",\"https:\\\/\\\/www.instagram.com\\\/toidupakk\\\/\"]}]}<\/script>\n<!-- \/ Yoast SEO plugin. -->","yoast_head_json":{"title":"Vi\u0161tiena \u201eTikka Masala\u201c su pada\u017eu, 110 g MEKI","description":"\u0160altyje d\u017eiovintas (lyofilizuotas) vi\u0161tienos \u201eTikka Masala\u201c patiekalas. Patogu pasiimti \u012f \u017eygius mi\u0161ke, keliones automobiliu ar pasivaik\u0161\u010diojimus gamtoje. Greitas maistas paruo\u0161iamas per 10 minu\u010di\u0173.","robots":{"index":"index","follow":"follow","max-snippet":"max-snippet:-1","max-image-preview":"max-image-preview:large","max-video-preview":"max-video-preview:-1"},"canonical":"https:\/\/toidupakk.ee\/lt\/toode\/vistiena-tikka-masala-su-padazu-110-g\/","og_locale":"lt_LT","og_type":"article","og_title":"Vi\u0161tiena \u201eTikka Masala\u201c su pada\u017eu, 110 g MEKI","og_description":"\u0160altyje d\u017eiovintas (lyofilizuotas) vi\u0161tienos \u201eTikka Masala\u201c patiekalas. Patogu pasiimti \u012f \u017eygius mi\u0161ke, keliones automobiliu ar pasivaik\u0161\u010diojimus gamtoje. Greitas maistas paruo\u0161iamas per 10 minu\u010di\u0173.","og_url":"https:\/\/toidupakk.ee\/lt\/toode\/vistiena-tikka-masala-su-padazu-110-g\/","og_site_name":"Toidupakk.ee - Tactical Foodpack toidupakid","article_publisher":"https:\/\/www.facebook.com\/Toidupakk","article_modified_time":"2026-04-15T13:00:31+00:00","og_image":[{"width":1080,"height":1080,"url":"https:\/\/toidupakk.ee\/wp-content\/uploads\/2022\/04\/Kana-tikka-masala-kastmega-110g.png","type":"image\/png"}],"twitter_card":"summary_large_image","twitter_misc":{"Est. reading time":"1 minut\u0117"},"schema":{"@context":"https:\/\/schema.org","@graph":[{"@type":"WebPage","@id":"https:\/\/toidupakk.ee\/lt\/toode\/vistiena-tikka-masala-su-padazu-110-g\/","url":"https:\/\/toidupakk.ee\/lt\/toode\/vistiena-tikka-masala-su-padazu-110-g\/","name":"Vi\u0161tiena \u201eTikka Masala\u201c su pada\u017eu, 110 g MEKI","isPartOf":{"@id":"https:\/\/toidupakk.ee\/lt\/#website"},"primaryImageOfPage":{"@id":"https:\/\/toidupakk.ee\/lt\/toode\/vistiena-tikka-masala-su-padazu-110-g\/#primaryimage"},"image":{"@id":"https:\/\/toidupakk.ee\/lt\/toode\/vistiena-tikka-masala-su-padazu-110-g\/#primaryimage"},"thumbnailUrl":"https:\/\/toidupakk.ee\/wp-content\/uploads\/2022\/04\/Kana-tikka-masala-kastmega-110g.png","datePublished":"2022-04-06T13:32:02+00:00","dateModified":"2026-04-15T13:00:31+00:00","description":"\u0160altyje d\u017eiovintas (lyofilizuotas) vi\u0161tienos \u201eTikka Masala\u201c patiekalas. Patogu pasiimti \u012f \u017eygius mi\u0161ke, keliones automobiliu ar pasivaik\u0161\u010diojimus gamtoje. Greitas maistas paruo\u0161iamas per 10 minu\u010di\u0173.","breadcrumb":{"@id":"https:\/\/toidupakk.ee\/lt\/toode\/vistiena-tikka-masala-su-padazu-110-g\/#breadcrumb"},"inLanguage":"lt-LT","potentialAction":[{"@type":"ReadAction","target":["https:\/\/toidupakk.ee\/lt\/toode\/vistiena-tikka-masala-su-padazu-110-g\/"]}]},{"@type":"ImageObject","inLanguage":"lt-LT","@id":"https:\/\/toidupakk.ee\/lt\/toode\/vistiena-tikka-masala-su-padazu-110-g\/#primaryimage","url":"https:\/\/toidupakk.ee\/wp-content\/uploads\/2022\/04\/Kana-tikka-masala-kastmega-110g.png","contentUrl":"https:\/\/toidupakk.ee\/wp-content\/uploads\/2022\/04\/Kana-tikka-masala-kastmega-110g.png","width":1080,"height":1080,"caption":"Kana tikka masala kastmega 110g"},{"@type":"BreadcrumbList","@id":"https:\/\/toidupakk.ee\/lt\/toode\/vistiena-tikka-masala-su-padazu-110-g\/#breadcrumb","itemListElement":[{"@type":"ListItem","position":1,"name":"Avaleht","item":"https:\/\/toidupakk.ee\/lt\/"},{"@type":"ListItem","position":2,"name":"El. parduotuv\u0117","item":"https:\/\/toidupakk.ee\/lt\/el-parduotuve\/"},{"@type":"ListItem","position":3,"name":"Vi\u0161tiena \u201eTikka Masala\u201c su pada\u017eu, 110 g"}]},{"@type":"WebSite","@id":"https:\/\/toidupakk.ee\/lt\/#website","url":"https:\/\/toidupakk.ee\/lt\/","name":"Toidupakk.ee - Tactical Foodpack toidupakid","description":"Tactical Foodpack k\u00fclmkuivatatud toidupakid ja matkaeined","publisher":{"@id":"https:\/\/toidupakk.ee\/lt\/#organization"},"potentialAction":[{"@type":"SearchAction","target":{"@type":"EntryPoint","urlTemplate":"https:\/\/toidupakk.ee\/lt\/?s={search_term_string}"},"query-input":{"@type":"PropertyValueSpecification","valueRequired":true,"valueName":"search_term_string"}}],"inLanguage":"lt-LT"},{"@type":"Organization","@id":"https:\/\/toidupakk.ee\/lt\/#organization","name":"Tactical Foodpack matkaeined","url":"https:\/\/toidupakk.ee\/lt\/","logo":{"@type":"ImageObject","inLanguage":"lt-LT","@id":"https:\/\/toidupakk.ee\/lt\/#\/schema\/logo\/image\/","url":"https:\/\/toidupakk.ee\/wp-content\/uploads\/2022\/01\/Toidupakk-matkapood-logo-transparent.png","contentUrl":"https:\/\/toidupakk.ee\/wp-content\/uploads\/2022\/01\/Toidupakk-matkapood-logo-transparent.png","width":500,"height":500,"caption":"Tactical Foodpack matkaeined"},"image":{"@id":"https:\/\/toidupakk.ee\/lt\/#\/schema\/logo\/image\/"},"sameAs":["https:\/\/www.facebook.com\/Toidupakk","https:\/\/www.instagram.com\/toidupakk\/"]}]}},"jetpack_sharing_enabled":true,"_links":{"self":[{"href":"https:\/\/toidupakk.ee\/lt\/wp-json\/wp\/v2\/product\/47424","targetHints":{"allow":["GET"]}}],"collection":[{"href":"https:\/\/toidupakk.ee\/lt\/wp-json\/wp\/v2\/product"}],"about":[{"href":"https:\/\/toidupakk.ee\/lt\/wp-json\/wp\/v2\/types\/product"}],"replies":[{"embeddable":true,"href":"https:\/\/toidupakk.ee\/lt\/wp-json\/wp\/v2\/comments?post=47424"}],"wp:featuredmedia":[{"embeddable":true,"href":"https:\/\/toidupakk.ee\/lt\/wp-json\/wp\/v2\/media\/1759"}],"wp:attachment":[{"href":"https:\/\/toidupakk.ee\/lt\/wp-json\/wp\/v2\/media?parent=47424"}],"wp:term":[{"taxonomy":"product_brand","embeddable":true,"href":"https:\/\/toidupakk.ee\/lt\/wp-json\/wp\/v2\/product_brand?post=47424"},{"taxonomy":"product_cat","embeddable":true,"href":"https:\/\/toidupakk.ee\/lt\/wp-json\/wp\/v2\/product_cat?post=47424"},{"taxonomy":"product_tag","embeddable":true,"href":"https:\/\/toidupakk.ee\/lt\/wp-json\/wp\/v2\/product_tag?post=47424"}],"curies":[{"name":"wp","href":"https:\/\/api.w.org\/{rel}","templated":true}]}}