{"id":47415,"date":"2022-04-05T13:18:33","date_gmt":"2022-04-05T10:18:33","guid":{"rendered":"https:\/\/toidupakk.ee\/toode\/smugiams-atsparus-ziuronas-7x50\/"},"modified":"2026-04-29T18:01:38","modified_gmt":"2026-04-29T15:01:38","slug":"smugiams-atsparus-ziuronas-7x50","status":"publish","type":"product","link":"https:\/\/toidupakk.ee\/lt\/toode\/smugiams-atsparus-ziuronas-7x50\/","title":{"rendered":"Sm\u016bgiams atsparus \u017ei\u016bronas 7X50"},"content":{"rendered":"<h1>\u017di\u016bron\u0105 rinkis i\u0161mintingai<\/h1>\n<p>&nbsp;<\/p>\n<p>\u017di\u016bronas reikalingas tam, kad matytum objektus taip, tarsi jie b\u016bt\u0173 arti. Tod\u0117l padidinimas (artinimas) yra vienas svarbiausi\u0173 \u017ei\u016brono parametr\u0173, \u012f kur\u012f reikia atsi\u017evelgti. Ir \u0161iuo atveju \u201edaugiau\u201c neb\u016btinai rei\u0161kia \u201egeriau\u201c.  <\/p>\n<p>Tyrin\u0117jant \u017ei\u016bron\u0105, tikriausiai pirmiausia \u012f akis krenta skai\u010diai \u2013 skai\u010dius x skai\u010dius. Pirmasis skai\u010dius nurodo artinim\u0105, t. y. kiek kart\u0173 ar\u010diau objektas atrodo pro j\u012f \u017ei\u016brint. Pavyzd\u017eiui, 7\u00d750 \u017ei\u016brono atveju tai rei\u0161kia, kad viskas, k\u0105 matai, atrodo a\u0161tuonis kartus ar\u010diau nei \u017ei\u016brint plika akimi.  <\/p>\n<p>Daugumai veikl\u0173 7x artinimo visi\u0161kai pakanka \u2013 \u012fskaitant med\u017eiokl\u0119, pauk\u0161\u010di\u0173 steb\u0117jim\u0105 ar tiesiog \u017evalgym\u0105si. Svarbus veiksnys, \u012f kur\u012f reikia atsi\u017evelgti, yra rankos, laikan\u010dios \u017ei\u016bron\u0105, stabilumas. Kuo didesn\u0117 galia, tuo sunkiau \u017ei\u016bron\u0105 stabilizuoti.  <\/p>\n<p>&nbsp;<\/p>\n<h2>\u017di\u016bronas ir objektyvas<\/h2>\n<p>Jei artinimas yra pirmasis i\u0161 dviej\u0173 svarbi\u0173 skai\u010di\u0173, tai objektyvo dydis \u2013 antrasis. Jei ant \u017ei\u016brono matai skai\u010dius 7&#215;50 mm, tai rei\u0161kia, kad objektyvo skersmuo yra 50 mm. Kuo didesnis objektyvas, tuo daugiau \u0161viesos patenka \u012f \u017ei\u016bron\u0105.  <\/p>\n<h3>\u017di\u016brono matymo laukas ir i\u0161\u0117jimo vyzdys<\/h3>\n<p>Matymo lauko matmuo rodo, kok\u012f plot\u012f matai pro \u017ei\u016bron\u0105. Pavyzd\u017eiui, jei \u017ei\u016bri \u012f objekt\u0105, esant\u012f u\u017e 1000 metr\u0173, matomo vaizdo plotis bus 123 metrai. <\/p>\n<p>Jei laikysi \u017ei\u016bron\u0105 nukreipt\u0105 \u012f \u0161viesos \u0161altin\u012f bent 30 cm atstumu nuo aki\u0173, kiekvieno objektyvo centre pamatysi balt\u0105 ta\u0161k\u0105. \u0160is ta\u0161kas da\u017enai vadinamas i\u0161\u0117jimo vyzd\u017eiu ir nurodo tikr\u0105j\u012f \u0161viesos ta\u0161k\u0105, kuris per \u017ei\u016bron\u0105 patenka \u012f akis. \u0160io \u0161viesos spindulio dydis tiesiogiai priklauso nuo dviej\u0173 min\u0117t\u0173 veiksni\u0173: artinimo ir objektyvo dyd\u017eio.  <\/p>\n<p>I\u0161\u0117jimo vyzd\u017eio skersmens svarba tiesiogiai susijusi su m\u016bs\u0173 aki\u0173 funkcija. \u012eprastomis ap\u0161vietimo s\u0105lygomis akies vyzdys paprastai b\u016bna atsiv\u0117r\u0119s apie 2 mm. Ta\u010diau tamsoje vyzdys i\u0161siple\u010dia, kad \u012fleist\u0173 daugiau \u0161viesos, ir jo skersmuo gali siekti 7 mm. Jei \u017ei\u016brono i\u0161\u0117jimo vyzd\u017eio skersmuo yra ma\u017eesnis u\u017e akies vyzd\u012f, per j\u012f matomas vaizdas atrodys tamsesnis nei \u017ei\u016brint plika akimi.   <\/p>\n<p>Vidutiniam naudotojui, kuris \u017ei\u016bron\u0105 naudoja daugiausia dien\u0105, nekils problem\u0173 beveik su jokiu rinkoje esan\u010diu \u017ei\u016bronu, nes i\u0161\u0117jimo vyzdys yra pakankamai didelis, kad efektyviai veikt\u0173 esant pilnam ap\u0161vietimui.<\/p>\n<p>Daugiau \u017eygio preki\u0173 rasi <a href=\"https:\/\/toidupakk.ee\/lt\/tootekategooria\/zygio-iranga\/#section-3-79\">\u010cIA<\/a><\/p>\n<p>Pasisemk \u012fkv\u0117pimo kitiems nuotykiams \u201eToidupakk\u201c <a href=\"https:\/\/www.instagram.com\/toidupakk\/\">Instagram<\/a> ir <a href=\"https:\/\/www.facebook.com\/Toidupakk\/\">Facebook<\/a> paskyrose.<\/p>\n","protected":false},"excerpt":{"rendered":"<p>Guma dengtas 7x padidinimo \u017ei\u016bronas su 50 mm objektyvu. Idealiai tinka pauk\u0161\u010di\u0173 steb\u0117jimui, \u017eygiams, stovyklavimui, kaimyn\u0173 gyvenimo steb\u0117jimui ir kitai veiklai lauke. D\u0117l gumin\u0117s dangos jis tvirtai laikosi rankoje ir neslysta lyjant. Pridedamas patogus d\u0117klas.   <\/p>\n<ul>\n<li>auk\u0161tis 18 cm<\/li>\n<li>plotis 19 cm<\/li>\n<li>objektyvo skersmuo 50 mm<\/li>\n<li>septynis kartus didinantis vaizd\u0105<\/li>\n<li>matymo laukas 123 m \/ 1000 m<\/li>\n<li>dioptrij\u0173 tikslaus reguliavimo galimyb\u0117s<\/li>\n<\/ul>\n<p>\u2705 Turime sand\u0117lyje, greitas pristatymas per 1\u20133 darbo dienas<br \/>\n\u2705 Pirk dabar, mok\u0117k v\u0117liau (pal\u016bkanos 0 %)<\/p>\n","protected":false},"featured_media":1676,"comment_status":"open","ping_status":"closed","template":"","meta":{"_acf_changed":false},"product_brand":[],"product_cat":[193,210,200,276,189,190],"product_tag":[],"class_list":{"0":"post-47415","1":"product","2":"type-product","3":"status-publish","4":"has-post-thumbnail","6":"product_cat-karine-ekipuote","7":"product_cat-mil-tec","8":"product_cat-praktiskos-dovanu-idejos","9":"product_cat-ziuronai","10":"product_cat-zygio-iranga","11":"product_cat-zygio-prekes","13":"first","14":"instock","15":"sale","16":"taxable","17":"shipping-taxable","18":"purchasable","19":"product-type-simple"},"bundled_by":[],"bundle_stock_status":"instock","bundle_stock_quantity":1,"bundle_virtual":false,"bundle_layout":"","bundle_add_to_cart_form_location":"","bundle_editable_in_cart":false,"bundle_sold_individually_context":"","bundle_item_grouping":"","bundle_min_size":"","bundle_max_size":"","bundle_price":[],"bundled_items":[],"bundle_sell_ids":[],"acf":[],"yoast_head":"<!-- This site is optimized with the Yoast SEO plugin v27.3 - https:\/\/yoast.com\/product\/yoast-seo-wordpress\/ -->\n<title>Sm\u016bgiams atsparus \u017ei\u016bronas 7X50 - Toidupakk.ee - Tactical Foodpack toidupakid<\/title>\n<meta name=\"description\" content=\"7x padidinimo \u017ei\u016bronas su 50 mm objektyvu. Atsparus sm\u016bgiams, o d\u0117l gumin\u0117s dangos tvirtai laikosi delne ir neslysta net esant dr\u0117gnoms s\u0105lygoms.\" \/>\n<meta name=\"robots\" content=\"index, follow, max-snippet:-1, max-image-preview:large, max-video-preview:-1\" \/>\n<link rel=\"canonical\" href=\"https:\/\/toidupakk.ee\/lt\/toode\/smugiams-atsparus-ziuronas-7x50\/\" \/>\n<meta property=\"og:locale\" content=\"lt_LT\" \/>\n<meta property=\"og:type\" content=\"article\" \/>\n<meta property=\"og:title\" content=\"Sm\u016bgiams atsparus \u017ei\u016bronas 7X50 - Toidupakk.ee - Tactical Foodpack toidupakid\" \/>\n<meta property=\"og:description\" content=\"7x padidinimo \u017ei\u016bronas su 50 mm objektyvu. Atsparus sm\u016bgiams, o d\u0117l gumin\u0117s dangos tvirtai laikosi delne ir neslysta net esant dr\u0117gnoms s\u0105lygoms.\" \/>\n<meta property=\"og:url\" content=\"https:\/\/toidupakk.ee\/lt\/toode\/smugiams-atsparus-ziuronas-7x50\/\" \/>\n<meta property=\"og:site_name\" content=\"Toidupakk.ee - Tactical Foodpack toidupakid\" \/>\n<meta property=\"article:publisher\" content=\"https:\/\/www.facebook.com\/Toidupakk\" \/>\n<meta property=\"article:modified_time\" content=\"2026-04-29T15:01:38+00:00\" \/>\n<meta property=\"og:image\" content=\"https:\/\/toidupakk.ee\/wp-content\/uploads\/2022\/04\/Binokkel-porutuskindel-7X50-2.png\" \/>\n\t<meta property=\"og:image:width\" content=\"1080\" \/>\n\t<meta property=\"og:image:height\" content=\"1080\" \/>\n\t<meta property=\"og:image:type\" content=\"image\/png\" \/>\n<meta name=\"twitter:card\" content=\"summary_large_image\" \/>\n<meta name=\"twitter:label1\" content=\"Est. reading time\" \/>\n\t<meta name=\"twitter:data1\" content=\"2 minut\u0117s\" \/>\n<script type=\"application\/ld+json\" class=\"yoast-schema-graph\">{\"@context\":\"https:\\\/\\\/schema.org\",\"@graph\":[{\"@type\":\"WebPage\",\"@id\":\"https:\\\/\\\/toidupakk.ee\\\/lt\\\/toode\\\/smugiams-atsparus-ziuronas-7x50\\\/\",\"url\":\"https:\\\/\\\/toidupakk.ee\\\/lt\\\/toode\\\/smugiams-atsparus-ziuronas-7x50\\\/\",\"name\":\"Sm\u016bgiams atsparus \u017ei\u016bronas 7X50 - Toidupakk.ee - Tactical Foodpack toidupakid\",\"isPartOf\":{\"@id\":\"https:\\\/\\\/toidupakk.ee\\\/lt\\\/#website\"},\"primaryImageOfPage\":{\"@id\":\"https:\\\/\\\/toidupakk.ee\\\/lt\\\/toode\\\/smugiams-atsparus-ziuronas-7x50\\\/#primaryimage\"},\"image\":{\"@id\":\"https:\\\/\\\/toidupakk.ee\\\/lt\\\/toode\\\/smugiams-atsparus-ziuronas-7x50\\\/#primaryimage\"},\"thumbnailUrl\":\"https:\\\/\\\/toidupakk.ee\\\/wp-content\\\/uploads\\\/2022\\\/04\\\/Binokkel-porutuskindel-7X50-2.png\",\"datePublished\":\"2022-04-05T10:18:33+00:00\",\"dateModified\":\"2026-04-29T15:01:38+00:00\",\"description\":\"7x padidinimo \u017ei\u016bronas su 50 mm objektyvu. Atsparus sm\u016bgiams, o d\u0117l gumin\u0117s dangos tvirtai laikosi delne ir neslysta net esant dr\u0117gnoms s\u0105lygoms.\",\"breadcrumb\":{\"@id\":\"https:\\\/\\\/toidupakk.ee\\\/lt\\\/toode\\\/smugiams-atsparus-ziuronas-7x50\\\/#breadcrumb\"},\"inLanguage\":\"lt-LT\",\"potentialAction\":[{\"@type\":\"ReadAction\",\"target\":[\"https:\\\/\\\/toidupakk.ee\\\/lt\\\/toode\\\/smugiams-atsparus-ziuronas-7x50\\\/\"]}]},{\"@type\":\"ImageObject\",\"inLanguage\":\"lt-LT\",\"@id\":\"https:\\\/\\\/toidupakk.ee\\\/lt\\\/toode\\\/smugiams-atsparus-ziuronas-7x50\\\/#primaryimage\",\"url\":\"https:\\\/\\\/toidupakk.ee\\\/wp-content\\\/uploads\\\/2022\\\/04\\\/Binokkel-porutuskindel-7X50-2.png\",\"contentUrl\":\"https:\\\/\\\/toidupakk.ee\\\/wp-content\\\/uploads\\\/2022\\\/04\\\/Binokkel-porutuskindel-7X50-2.png\",\"width\":1080,\"height\":1080,\"caption\":\"P\u00f5rutuskindel binokkel\"},{\"@type\":\"BreadcrumbList\",\"@id\":\"https:\\\/\\\/toidupakk.ee\\\/lt\\\/toode\\\/smugiams-atsparus-ziuronas-7x50\\\/#breadcrumb\",\"itemListElement\":[{\"@type\":\"ListItem\",\"position\":1,\"name\":\"Avaleht\",\"item\":\"https:\\\/\\\/toidupakk.ee\\\/lt\\\/\"},{\"@type\":\"ListItem\",\"position\":2,\"name\":\"El. parduotuv\u0117\",\"item\":\"https:\\\/\\\/toidupakk.ee\\\/lt\\\/el-parduotuve\\\/\"},{\"@type\":\"ListItem\",\"position\":3,\"name\":\"Sm\u016bgiams atsparus \u017ei\u016bronas 7X50\"}]},{\"@type\":\"WebSite\",\"@id\":\"https:\\\/\\\/toidupakk.ee\\\/lt\\\/#website\",\"url\":\"https:\\\/\\\/toidupakk.ee\\\/lt\\\/\",\"name\":\"Toidupakk.ee - Tactical Foodpack toidupakid\",\"description\":\"Tactical Foodpack k\u00fclmkuivatatud toidupakid ja matkaeined\",\"publisher\":{\"@id\":\"https:\\\/\\\/toidupakk.ee\\\/lt\\\/#organization\"},\"potentialAction\":[{\"@type\":\"SearchAction\",\"target\":{\"@type\":\"EntryPoint\",\"urlTemplate\":\"https:\\\/\\\/toidupakk.ee\\\/lt\\\/?s={search_term_string}\"},\"query-input\":{\"@type\":\"PropertyValueSpecification\",\"valueRequired\":true,\"valueName\":\"search_term_string\"}}],\"inLanguage\":\"lt-LT\"},{\"@type\":\"Organization\",\"@id\":\"https:\\\/\\\/toidupakk.ee\\\/lt\\\/#organization\",\"name\":\"Tactical Foodpack matkaeined\",\"url\":\"https:\\\/\\\/toidupakk.ee\\\/lt\\\/\",\"logo\":{\"@type\":\"ImageObject\",\"inLanguage\":\"lt-LT\",\"@id\":\"https:\\\/\\\/toidupakk.ee\\\/lt\\\/#\\\/schema\\\/logo\\\/image\\\/\",\"url\":\"https:\\\/\\\/toidupakk.ee\\\/wp-content\\\/uploads\\\/2022\\\/01\\\/Toidupakk-matkapood-logo-transparent.png\",\"contentUrl\":\"https:\\\/\\\/toidupakk.ee\\\/wp-content\\\/uploads\\\/2022\\\/01\\\/Toidupakk-matkapood-logo-transparent.png\",\"width\":500,\"height\":500,\"caption\":\"Tactical Foodpack matkaeined\"},\"image\":{\"@id\":\"https:\\\/\\\/toidupakk.ee\\\/lt\\\/#\\\/schema\\\/logo\\\/image\\\/\"},\"sameAs\":[\"https:\\\/\\\/www.facebook.com\\\/Toidupakk\",\"https:\\\/\\\/www.instagram.com\\\/toidupakk\\\/\"]}]}<\/script>\n<!-- \/ Yoast SEO plugin. -->","yoast_head_json":{"title":"Sm\u016bgiams atsparus \u017ei\u016bronas 7X50 - Toidupakk.ee - Tactical Foodpack toidupakid","description":"7x padidinimo \u017ei\u016bronas su 50 mm objektyvu. Atsparus sm\u016bgiams, o d\u0117l gumin\u0117s dangos tvirtai laikosi delne ir neslysta net esant dr\u0117gnoms s\u0105lygoms.","robots":{"index":"index","follow":"follow","max-snippet":"max-snippet:-1","max-image-preview":"max-image-preview:large","max-video-preview":"max-video-preview:-1"},"canonical":"https:\/\/toidupakk.ee\/lt\/toode\/smugiams-atsparus-ziuronas-7x50\/","og_locale":"lt_LT","og_type":"article","og_title":"Sm\u016bgiams atsparus \u017ei\u016bronas 7X50 - Toidupakk.ee - Tactical Foodpack toidupakid","og_description":"7x padidinimo \u017ei\u016bronas su 50 mm objektyvu. Atsparus sm\u016bgiams, o d\u0117l gumin\u0117s dangos tvirtai laikosi delne ir neslysta net esant dr\u0117gnoms s\u0105lygoms.","og_url":"https:\/\/toidupakk.ee\/lt\/toode\/smugiams-atsparus-ziuronas-7x50\/","og_site_name":"Toidupakk.ee - Tactical Foodpack toidupakid","article_publisher":"https:\/\/www.facebook.com\/Toidupakk","article_modified_time":"2026-04-29T15:01:38+00:00","og_image":[{"width":1080,"height":1080,"url":"https:\/\/toidupakk.ee\/wp-content\/uploads\/2022\/04\/Binokkel-porutuskindel-7X50-2.png","type":"image\/png"}],"twitter_card":"summary_large_image","twitter_misc":{"Est. reading time":"2 minut\u0117s"},"schema":{"@context":"https:\/\/schema.org","@graph":[{"@type":"WebPage","@id":"https:\/\/toidupakk.ee\/lt\/toode\/smugiams-atsparus-ziuronas-7x50\/","url":"https:\/\/toidupakk.ee\/lt\/toode\/smugiams-atsparus-ziuronas-7x50\/","name":"Sm\u016bgiams atsparus \u017ei\u016bronas 7X50 - Toidupakk.ee - Tactical Foodpack toidupakid","isPartOf":{"@id":"https:\/\/toidupakk.ee\/lt\/#website"},"primaryImageOfPage":{"@id":"https:\/\/toidupakk.ee\/lt\/toode\/smugiams-atsparus-ziuronas-7x50\/#primaryimage"},"image":{"@id":"https:\/\/toidupakk.ee\/lt\/toode\/smugiams-atsparus-ziuronas-7x50\/#primaryimage"},"thumbnailUrl":"https:\/\/toidupakk.ee\/wp-content\/uploads\/2022\/04\/Binokkel-porutuskindel-7X50-2.png","datePublished":"2022-04-05T10:18:33+00:00","dateModified":"2026-04-29T15:01:38+00:00","description":"7x padidinimo \u017ei\u016bronas su 50 mm objektyvu. Atsparus sm\u016bgiams, o d\u0117l gumin\u0117s dangos tvirtai laikosi delne ir neslysta net esant dr\u0117gnoms s\u0105lygoms.","breadcrumb":{"@id":"https:\/\/toidupakk.ee\/lt\/toode\/smugiams-atsparus-ziuronas-7x50\/#breadcrumb"},"inLanguage":"lt-LT","potentialAction":[{"@type":"ReadAction","target":["https:\/\/toidupakk.ee\/lt\/toode\/smugiams-atsparus-ziuronas-7x50\/"]}]},{"@type":"ImageObject","inLanguage":"lt-LT","@id":"https:\/\/toidupakk.ee\/lt\/toode\/smugiams-atsparus-ziuronas-7x50\/#primaryimage","url":"https:\/\/toidupakk.ee\/wp-content\/uploads\/2022\/04\/Binokkel-porutuskindel-7X50-2.png","contentUrl":"https:\/\/toidupakk.ee\/wp-content\/uploads\/2022\/04\/Binokkel-porutuskindel-7X50-2.png","width":1080,"height":1080,"caption":"P\u00f5rutuskindel binokkel"},{"@type":"BreadcrumbList","@id":"https:\/\/toidupakk.ee\/lt\/toode\/smugiams-atsparus-ziuronas-7x50\/#breadcrumb","itemListElement":[{"@type":"ListItem","position":1,"name":"Avaleht","item":"https:\/\/toidupakk.ee\/lt\/"},{"@type":"ListItem","position":2,"name":"El. parduotuv\u0117","item":"https:\/\/toidupakk.ee\/lt\/el-parduotuve\/"},{"@type":"ListItem","position":3,"name":"Sm\u016bgiams atsparus \u017ei\u016bronas 7X50"}]},{"@type":"WebSite","@id":"https:\/\/toidupakk.ee\/lt\/#website","url":"https:\/\/toidupakk.ee\/lt\/","name":"Toidupakk.ee - Tactical Foodpack toidupakid","description":"Tactical Foodpack k\u00fclmkuivatatud toidupakid ja matkaeined","publisher":{"@id":"https:\/\/toidupakk.ee\/lt\/#organization"},"potentialAction":[{"@type":"SearchAction","target":{"@type":"EntryPoint","urlTemplate":"https:\/\/toidupakk.ee\/lt\/?s={search_term_string}"},"query-input":{"@type":"PropertyValueSpecification","valueRequired":true,"valueName":"search_term_string"}}],"inLanguage":"lt-LT"},{"@type":"Organization","@id":"https:\/\/toidupakk.ee\/lt\/#organization","name":"Tactical Foodpack matkaeined","url":"https:\/\/toidupakk.ee\/lt\/","logo":{"@type":"ImageObject","inLanguage":"lt-LT","@id":"https:\/\/toidupakk.ee\/lt\/#\/schema\/logo\/image\/","url":"https:\/\/toidupakk.ee\/wp-content\/uploads\/2022\/01\/Toidupakk-matkapood-logo-transparent.png","contentUrl":"https:\/\/toidupakk.ee\/wp-content\/uploads\/2022\/01\/Toidupakk-matkapood-logo-transparent.png","width":500,"height":500,"caption":"Tactical Foodpack matkaeined"},"image":{"@id":"https:\/\/toidupakk.ee\/lt\/#\/schema\/logo\/image\/"},"sameAs":["https:\/\/www.facebook.com\/Toidupakk","https:\/\/www.instagram.com\/toidupakk\/"]}]}},"jetpack_sharing_enabled":true,"_links":{"self":[{"href":"https:\/\/toidupakk.ee\/lt\/wp-json\/wp\/v2\/product\/47415","targetHints":{"allow":["GET"]}}],"collection":[{"href":"https:\/\/toidupakk.ee\/lt\/wp-json\/wp\/v2\/product"}],"about":[{"href":"https:\/\/toidupakk.ee\/lt\/wp-json\/wp\/v2\/types\/product"}],"replies":[{"embeddable":true,"href":"https:\/\/toidupakk.ee\/lt\/wp-json\/wp\/v2\/comments?post=47415"}],"wp:featuredmedia":[{"embeddable":true,"href":"https:\/\/toidupakk.ee\/lt\/wp-json\/wp\/v2\/media\/1676"}],"wp:attachment":[{"href":"https:\/\/toidupakk.ee\/lt\/wp-json\/wp\/v2\/media?parent=47415"}],"wp:term":[{"taxonomy":"product_brand","embeddable":true,"href":"https:\/\/toidupakk.ee\/lt\/wp-json\/wp\/v2\/product_brand?post=47415"},{"taxonomy":"product_cat","embeddable":true,"href":"https:\/\/toidupakk.ee\/lt\/wp-json\/wp\/v2\/product_cat?post=47415"},{"taxonomy":"product_tag","embeddable":true,"href":"https:\/\/toidupakk.ee\/lt\/wp-json\/wp\/v2\/product_tag?post=47415"}],"curies":[{"name":"wp","href":"https:\/\/api.w.org\/{rel}","templated":true}]}}