{"id":47404,"date":"2022-04-05T12:51:49","date_gmt":"2022-04-05T09:51:49","guid":{"rendered":"https:\/\/toidupakk.ee\/toode\/vandeniui-atsparus-ziuronai-8x42\/"},"modified":"2026-04-21T12:01:04","modified_gmt":"2026-04-21T09:01:04","slug":"vandeniui-atsparus-ziuronai-8x42","status":"publish","type":"product","link":"https:\/\/toidupakk.ee\/lt\/toode\/vandeniui-atsparus-ziuronai-8x42\/","title":{"rendered":"Vandeniui atspar\u016bs \u017ei\u016bronai 8X42"},"content":{"rendered":"<h1>\u017di\u016bronus rinkis i\u0161mintingai<\/h1>\n<p>\u017di\u016bronai reikalingi tam, kad matytum objektus taip, tarsi jie b\u016bt\u0173 arti. Tod\u0117l padidinimas (artinimas) yra vienas svarbiausi\u0173 rodikli\u0173, \u012f kur\u012f reikia atsi\u017evelgti. Ir \u0161iuo atveju daugiau ne visada rei\u0161kia geriau.  <\/p>\n<p>Nagrin\u0117jant \u017ei\u016bronus, pirmiausia \u012f akis tikriausiai krenta skai\u010diai \u2013 skai\u010dius x skai\u010dius. Pirmasis skai\u010dius nurodo artinim\u0105, t. y. kiek kart\u0173 ar\u010diau objektas atrodo per juos \u017ei\u016brint. Pavyzd\u017eiui, 8 \u00d7 42 \u017ei\u016bron\u0173 atveju tai rei\u0161kia, kad viskas, \u012f k\u0105 \u017ei\u016bri, atrodo a\u0161tuonis kartus ar\u010diau nei \u017ei\u016brint plika akimi.  <\/p>\n<p>Daugumai veikl\u0173 8x artinimo visi\u0161kai pakanka \u2013 \u012fskaitant med\u017eiokl\u0119, pauk\u0161\u010di\u0173 steb\u0117jim\u0105 ar tiesiog \u017evalgym\u0105si. Svarbus veiksnys, \u012f kur\u012f reikia atsi\u017evelgti, yra rankos, laikan\u010dios \u017ei\u016bronus, stabilumas. Kuo didesnis galingumas, tuo sunkiau \u017ei\u016bronus stabilizuoti.  <\/p>\n<p><iframe style=\"width: 560px; height: 315px;\" title=\"\u201eYouTube\u201c vaizdo grotuvas\" src=\"https:\/\/www.youtube.com\/embed\/QeYHjIAmIh4\" frameborder=\"0\" allowfullscreen=\"allowfullscreen\"><\/iframe><\/p>\n<h2>\u017di\u016bronai ir objektyvas<\/h2>\n<p>Jei artinimas yra pirmasis i\u0161 dviej\u0173 svarbi\u0173 skai\u010di\u0173, tai objektyvo dydis \u2013 antrasis. Jei ant \u017ei\u016bron\u0173 matai skai\u010dius 8&#215;42 mm, tai rei\u0161kia, kad objektyvo skersmuo yra 42 mm. Kuo didesnis objektyvas, tuo daugiau \u0161viesos patenka \u012f \u017ei\u016bronus. Daugumai veikl\u0173 lauke 42 mm laikomas idealiu dyd\u017eiu.   <\/p>\n<p>&nbsp;<\/p>\n<h3>\u017di\u016bron\u0173 matymo laukas ir i\u0161\u0117jimo vyzdys<\/h3>\n<p>Matymo lauko matmuo rodo, kok\u012f plot\u012f matai per \u017ei\u016bronus. Pavyzd\u017eiui, jei \u017ei\u016bri \u012f objekt\u0105, esant\u012f u\u017e 1000 metr\u0173, matymo plotis bus 105 metrai. <\/p>\n<p>Jei laikysi \u017ei\u016bronus nukreiptus \u012f \u0161viesos \u0161altin\u012f bent 30 cm atstumu nuo aki\u0173, kiekvieno objektyvo centre pamatysi balt\u0105 ta\u0161k\u0105. \u0160is ta\u0161kas da\u017enai vadinamas i\u0161\u0117jimo vyzd\u017eiu ir nurodo tikr\u0105j\u012f \u0161viesos ta\u0161k\u0105, kuris per \u017ei\u016bronus patenka \u012f akis. \u0160io \u0161viesos spindulio dydis tiesiogiai priklauso nuo dviej\u0173 min\u0117t\u0173 veiksni\u0173: artinimo ir objektyvo dyd\u017eio.  <\/p>\n<p>I\u0161\u0117jimo vyzd\u017eio skersmens svarba tiesiogiai susijusi su m\u016bs\u0173 aki\u0173 funkcija. \u012eprastomis ap\u0161vietimo s\u0105lygomis akies vyzdys paprastai b\u016bna atsiv\u0117r\u0119s apie 2 mm. Ta\u010diau tamsoje vyzdys i\u0161siple\u010dia, kad \u012fleist\u0173 daugiau \u0161viesos, ir jo skersmuo gali siekti 7 mm. Jei \u017ei\u016bron\u0173 i\u0161\u0117jimo vyzd\u017eio skersmuo yra ma\u017eesnis u\u017e akies vyzd\u012f, vaizdas per juos atrodys tamsesnis nei plika akimi.   <\/p>\n<p>Vidutiniam vartotojui, naudojan\u010diam \u017ei\u016bronus daugiausia dien\u0105, nekils problem\u0173 beveik su jokiais rinkoje esan\u010diais \u017ei\u016bronais, nes i\u0161\u0117jimo vyzdys yra pakankamai didelis, kad efektyviai veikt\u0173 pilnoje \u0161viesoje.<\/p>\n<p>Daugiau \u017eygio preki\u0173 rasi <a href=\"https:\/\/toidupakk.ee\/lt\/tootekategooria\/zygio-iranga\/#section-3-79\">\u010cIA<\/a><\/p>\n<p>Pasisemk \u012fkv\u0117pimo kitiems nuotykiams Toidupakk <a href=\"https:\/\/www.instagram.com\/toidupakk\/\">Instagram<\/a> ir <a href=\"https:\/\/www.facebook.com\/Toidupakk\/\">Facebook<\/a> paskyrose.<\/p>\n","protected":false},"excerpt":{"rendered":"<p><strong>Vandeniui atspar\u016bs MIL-TEC\u00ae \u017ei\u016bronai turi 8x padidinim\u0105 ir 42 mm objektyv\u0105. I\u0161 lengv\u0173, bet patvari\u0173 lydini\u0173 pagamintas hermeti\u0161kai u\u017edaras korpusas u\u017etikrina 100 % atsparum\u0105 vandeniui, lietui, sniegui ir purslams. Med\u017eiaga taip pat atspari kritimams ir sm\u016bgiams. Puikus pasirinkimas buriuotojams, gamtos nuotyki\u0173 ie\u0161kotojams, gelb\u0117tojams ir visiems, kuriems reikia patikim\u0173 \u017ei\u016bron\u0173 net ir sunkiomis oro s\u0105lygomis.   <\/strong><\/p>\n<ul>\n<li>Objektyvo skersmuo: 42 mm<\/li>\n<li>Padidinimas: 8x<\/li>\n<li>Matymo laukas: 105 m \/ 1000 m<\/li>\n<li>I\u0161\u0117jimo vyzdys (mm): 5,25 mm<\/li>\n<li>Dioptrij\u0173 reguliavimas: TAIP<\/li>\n<li>Tikslus dioptrij\u0173 nustatymas<\/li>\n<li>Svoris: 660 g (su krep\u0161iu)<\/li>\n<li>Vandeniui atsparus korpusas<\/li>\n<li>Objektyvo dangtelis<\/li>\n<li>Dir\u017eelis ne\u0161iojimui<\/li>\n<li>Krep\u0161ys<\/li>\n<\/ul>\n<p>\u2705 Turime sand\u0117lyje, greitas pristatymas per 1\u20133 d. d.<br \/>\n\u2705 Pirk dabar, mok\u0117k v\u0117liau (pal\u016bkanos 0 %)<\/p>\n","protected":false},"featured_media":1668,"comment_status":"open","ping_status":"closed","template":"","meta":{"_acf_changed":false},"product_brand":[],"product_cat":[193,210,200,276,189,190],"product_tag":[],"class_list":{"0":"post-47404","1":"product","2":"type-product","3":"status-publish","4":"has-post-thumbnail","6":"product_cat-karine-ekipuote","7":"product_cat-mil-tec","8":"product_cat-praktiskos-dovanu-idejos","9":"product_cat-ziuronai","10":"product_cat-zygio-iranga","11":"product_cat-zygio-prekes","13":"first","14":"instock","15":"taxable","16":"shipping-taxable","17":"purchasable","18":"product-type-simple"},"bundled_by":[],"bundle_stock_status":"instock","bundle_stock_quantity":1,"bundle_virtual":false,"bundle_layout":"","bundle_add_to_cart_form_location":"","bundle_editable_in_cart":false,"bundle_sold_individually_context":"","bundle_item_grouping":"","bundle_min_size":"","bundle_max_size":"","bundle_price":[],"bundled_items":[],"bundle_sell_ids":[],"acf":[],"yoast_head":"<!-- This site is optimized with the Yoast SEO plugin v27.3 - https:\/\/yoast.com\/product\/yoast-seo-wordpress\/ -->\n<title>Vandeniui atspar\u016bs \u017ei\u016bronai 8X42<\/title>\n<meta name=\"description\" content=\"\u201eMil-Tec\u201c \u017ei\u016bronai yra atspar\u016bs vandeniui, turi 8x padidinim\u0105 ir 42 mm objektyv\u0105. Patvarus, hermeti\u0161kai u\u017edaras korpusas u\u017etikrina 100 % atsparum\u0105 vandeniui.\" \/>\n<meta name=\"robots\" content=\"index, follow, max-snippet:-1, max-image-preview:large, max-video-preview:-1\" \/>\n<link rel=\"canonical\" href=\"https:\/\/toidupakk.ee\/lt\/toode\/vandeniui-atsparus-ziuronai-8x42\/\" \/>\n<meta property=\"og:locale\" content=\"lt_LT\" \/>\n<meta property=\"og:type\" content=\"article\" \/>\n<meta property=\"og:title\" content=\"Vandeniui atspar\u016bs \u017ei\u016bronai 8X42\" \/>\n<meta property=\"og:description\" content=\"\u201eMil-Tec\u201c \u017ei\u016bronai yra atspar\u016bs vandeniui, turi 8x padidinim\u0105 ir 42 mm objektyv\u0105. Patvarus, hermeti\u0161kai u\u017edaras korpusas u\u017etikrina 100 % atsparum\u0105 vandeniui.\" \/>\n<meta property=\"og:url\" content=\"https:\/\/toidupakk.ee\/lt\/toode\/vandeniui-atsparus-ziuronai-8x42\/\" \/>\n<meta property=\"og:site_name\" content=\"Toidupakk.ee - Tactical Foodpack toidupakid\" \/>\n<meta property=\"article:publisher\" content=\"https:\/\/www.facebook.com\/Toidupakk\" \/>\n<meta property=\"article:modified_time\" content=\"2026-04-21T09:01:04+00:00\" \/>\n<meta property=\"og:image\" content=\"https:\/\/toidupakk.ee\/wp-content\/uploads\/2022\/04\/Veekindel-Binokkel-8X42-1.png\" \/>\n\t<meta property=\"og:image:width\" content=\"1080\" \/>\n\t<meta property=\"og:image:height\" content=\"1080\" \/>\n\t<meta property=\"og:image:type\" content=\"image\/png\" \/>\n<meta name=\"twitter:card\" content=\"summary_large_image\" \/>\n<meta name=\"twitter:label1\" content=\"Est. reading time\" \/>\n\t<meta name=\"twitter:data1\" content=\"2 minut\u0117s\" \/>\n<script type=\"application\/ld+json\" class=\"yoast-schema-graph\">{\"@context\":\"https:\\\/\\\/schema.org\",\"@graph\":[{\"@type\":\"WebPage\",\"@id\":\"https:\\\/\\\/toidupakk.ee\\\/lt\\\/toode\\\/vandeniui-atsparus-ziuronai-8x42\\\/\",\"url\":\"https:\\\/\\\/toidupakk.ee\\\/lt\\\/toode\\\/vandeniui-atsparus-ziuronai-8x42\\\/\",\"name\":\"Vandeniui atspar\u016bs \u017ei\u016bronai 8X42\",\"isPartOf\":{\"@id\":\"https:\\\/\\\/toidupakk.ee\\\/lt\\\/#website\"},\"primaryImageOfPage\":{\"@id\":\"https:\\\/\\\/toidupakk.ee\\\/lt\\\/toode\\\/vandeniui-atsparus-ziuronai-8x42\\\/#primaryimage\"},\"image\":{\"@id\":\"https:\\\/\\\/toidupakk.ee\\\/lt\\\/toode\\\/vandeniui-atsparus-ziuronai-8x42\\\/#primaryimage\"},\"thumbnailUrl\":\"https:\\\/\\\/toidupakk.ee\\\/wp-content\\\/uploads\\\/2022\\\/04\\\/Veekindel-Binokkel-8X42-1.png\",\"datePublished\":\"2022-04-05T09:51:49+00:00\",\"dateModified\":\"2026-04-21T09:01:04+00:00\",\"description\":\"\u201eMil-Tec\u201c \u017ei\u016bronai yra atspar\u016bs vandeniui, turi 8x padidinim\u0105 ir 42 mm objektyv\u0105. Patvarus, hermeti\u0161kai u\u017edaras korpusas u\u017etikrina 100 % atsparum\u0105 vandeniui.\",\"breadcrumb\":{\"@id\":\"https:\\\/\\\/toidupakk.ee\\\/lt\\\/toode\\\/vandeniui-atsparus-ziuronai-8x42\\\/#breadcrumb\"},\"inLanguage\":\"lt-LT\",\"potentialAction\":[{\"@type\":\"ReadAction\",\"target\":[\"https:\\\/\\\/toidupakk.ee\\\/lt\\\/toode\\\/vandeniui-atsparus-ziuronai-8x42\\\/\"]}]},{\"@type\":\"ImageObject\",\"inLanguage\":\"lt-LT\",\"@id\":\"https:\\\/\\\/toidupakk.ee\\\/lt\\\/toode\\\/vandeniui-atsparus-ziuronai-8x42\\\/#primaryimage\",\"url\":\"https:\\\/\\\/toidupakk.ee\\\/wp-content\\\/uploads\\\/2022\\\/04\\\/Veekindel-Binokkel-8X42-1.png\",\"contentUrl\":\"https:\\\/\\\/toidupakk.ee\\\/wp-content\\\/uploads\\\/2022\\\/04\\\/Veekindel-Binokkel-8X42-1.png\",\"width\":1080,\"height\":1080,\"caption\":\"Veekindel binokkel tootepilt\"},{\"@type\":\"BreadcrumbList\",\"@id\":\"https:\\\/\\\/toidupakk.ee\\\/lt\\\/toode\\\/vandeniui-atsparus-ziuronai-8x42\\\/#breadcrumb\",\"itemListElement\":[{\"@type\":\"ListItem\",\"position\":1,\"name\":\"Avaleht\",\"item\":\"https:\\\/\\\/toidupakk.ee\\\/lt\\\/\"},{\"@type\":\"ListItem\",\"position\":2,\"name\":\"El. parduotuv\u0117\",\"item\":\"https:\\\/\\\/toidupakk.ee\\\/lt\\\/el-parduotuve\\\/\"},{\"@type\":\"ListItem\",\"position\":3,\"name\":\"Vandeniui atspar\u016bs \u017ei\u016bronai 8X42\"}]},{\"@type\":\"WebSite\",\"@id\":\"https:\\\/\\\/toidupakk.ee\\\/lt\\\/#website\",\"url\":\"https:\\\/\\\/toidupakk.ee\\\/lt\\\/\",\"name\":\"Toidupakk.ee - Tactical Foodpack toidupakid\",\"description\":\"Tactical Foodpack k\u00fclmkuivatatud toidupakid ja matkaeined\",\"publisher\":{\"@id\":\"https:\\\/\\\/toidupakk.ee\\\/lt\\\/#organization\"},\"potentialAction\":[{\"@type\":\"SearchAction\",\"target\":{\"@type\":\"EntryPoint\",\"urlTemplate\":\"https:\\\/\\\/toidupakk.ee\\\/lt\\\/?s={search_term_string}\"},\"query-input\":{\"@type\":\"PropertyValueSpecification\",\"valueRequired\":true,\"valueName\":\"search_term_string\"}}],\"inLanguage\":\"lt-LT\"},{\"@type\":\"Organization\",\"@id\":\"https:\\\/\\\/toidupakk.ee\\\/lt\\\/#organization\",\"name\":\"Tactical Foodpack matkaeined\",\"url\":\"https:\\\/\\\/toidupakk.ee\\\/lt\\\/\",\"logo\":{\"@type\":\"ImageObject\",\"inLanguage\":\"lt-LT\",\"@id\":\"https:\\\/\\\/toidupakk.ee\\\/lt\\\/#\\\/schema\\\/logo\\\/image\\\/\",\"url\":\"https:\\\/\\\/toidupakk.ee\\\/wp-content\\\/uploads\\\/2022\\\/01\\\/Toidupakk-matkapood-logo-transparent.png\",\"contentUrl\":\"https:\\\/\\\/toidupakk.ee\\\/wp-content\\\/uploads\\\/2022\\\/01\\\/Toidupakk-matkapood-logo-transparent.png\",\"width\":500,\"height\":500,\"caption\":\"Tactical Foodpack matkaeined\"},\"image\":{\"@id\":\"https:\\\/\\\/toidupakk.ee\\\/lt\\\/#\\\/schema\\\/logo\\\/image\\\/\"},\"sameAs\":[\"https:\\\/\\\/www.facebook.com\\\/Toidupakk\",\"https:\\\/\\\/www.instagram.com\\\/toidupakk\\\/\"]}]}<\/script>\n<!-- \/ Yoast SEO plugin. -->","yoast_head_json":{"title":"Vandeniui atspar\u016bs \u017ei\u016bronai 8X42","description":"\u201eMil-Tec\u201c \u017ei\u016bronai yra atspar\u016bs vandeniui, turi 8x padidinim\u0105 ir 42 mm objektyv\u0105. Patvarus, hermeti\u0161kai u\u017edaras korpusas u\u017etikrina 100 % atsparum\u0105 vandeniui.","robots":{"index":"index","follow":"follow","max-snippet":"max-snippet:-1","max-image-preview":"max-image-preview:large","max-video-preview":"max-video-preview:-1"},"canonical":"https:\/\/toidupakk.ee\/lt\/toode\/vandeniui-atsparus-ziuronai-8x42\/","og_locale":"lt_LT","og_type":"article","og_title":"Vandeniui atspar\u016bs \u017ei\u016bronai 8X42","og_description":"\u201eMil-Tec\u201c \u017ei\u016bronai yra atspar\u016bs vandeniui, turi 8x padidinim\u0105 ir 42 mm objektyv\u0105. Patvarus, hermeti\u0161kai u\u017edaras korpusas u\u017etikrina 100 % atsparum\u0105 vandeniui.","og_url":"https:\/\/toidupakk.ee\/lt\/toode\/vandeniui-atsparus-ziuronai-8x42\/","og_site_name":"Toidupakk.ee - Tactical Foodpack toidupakid","article_publisher":"https:\/\/www.facebook.com\/Toidupakk","article_modified_time":"2026-04-21T09:01:04+00:00","og_image":[{"width":1080,"height":1080,"url":"https:\/\/toidupakk.ee\/wp-content\/uploads\/2022\/04\/Veekindel-Binokkel-8X42-1.png","type":"image\/png"}],"twitter_card":"summary_large_image","twitter_misc":{"Est. reading time":"2 minut\u0117s"},"schema":{"@context":"https:\/\/schema.org","@graph":[{"@type":"WebPage","@id":"https:\/\/toidupakk.ee\/lt\/toode\/vandeniui-atsparus-ziuronai-8x42\/","url":"https:\/\/toidupakk.ee\/lt\/toode\/vandeniui-atsparus-ziuronai-8x42\/","name":"Vandeniui atspar\u016bs \u017ei\u016bronai 8X42","isPartOf":{"@id":"https:\/\/toidupakk.ee\/lt\/#website"},"primaryImageOfPage":{"@id":"https:\/\/toidupakk.ee\/lt\/toode\/vandeniui-atsparus-ziuronai-8x42\/#primaryimage"},"image":{"@id":"https:\/\/toidupakk.ee\/lt\/toode\/vandeniui-atsparus-ziuronai-8x42\/#primaryimage"},"thumbnailUrl":"https:\/\/toidupakk.ee\/wp-content\/uploads\/2022\/04\/Veekindel-Binokkel-8X42-1.png","datePublished":"2022-04-05T09:51:49+00:00","dateModified":"2026-04-21T09:01:04+00:00","description":"\u201eMil-Tec\u201c \u017ei\u016bronai yra atspar\u016bs vandeniui, turi 8x padidinim\u0105 ir 42 mm objektyv\u0105. Patvarus, hermeti\u0161kai u\u017edaras korpusas u\u017etikrina 100 % atsparum\u0105 vandeniui.","breadcrumb":{"@id":"https:\/\/toidupakk.ee\/lt\/toode\/vandeniui-atsparus-ziuronai-8x42\/#breadcrumb"},"inLanguage":"lt-LT","potentialAction":[{"@type":"ReadAction","target":["https:\/\/toidupakk.ee\/lt\/toode\/vandeniui-atsparus-ziuronai-8x42\/"]}]},{"@type":"ImageObject","inLanguage":"lt-LT","@id":"https:\/\/toidupakk.ee\/lt\/toode\/vandeniui-atsparus-ziuronai-8x42\/#primaryimage","url":"https:\/\/toidupakk.ee\/wp-content\/uploads\/2022\/04\/Veekindel-Binokkel-8X42-1.png","contentUrl":"https:\/\/toidupakk.ee\/wp-content\/uploads\/2022\/04\/Veekindel-Binokkel-8X42-1.png","width":1080,"height":1080,"caption":"Veekindel binokkel tootepilt"},{"@type":"BreadcrumbList","@id":"https:\/\/toidupakk.ee\/lt\/toode\/vandeniui-atsparus-ziuronai-8x42\/#breadcrumb","itemListElement":[{"@type":"ListItem","position":1,"name":"Avaleht","item":"https:\/\/toidupakk.ee\/lt\/"},{"@type":"ListItem","position":2,"name":"El. parduotuv\u0117","item":"https:\/\/toidupakk.ee\/lt\/el-parduotuve\/"},{"@type":"ListItem","position":3,"name":"Vandeniui atspar\u016bs \u017ei\u016bronai 8X42"}]},{"@type":"WebSite","@id":"https:\/\/toidupakk.ee\/lt\/#website","url":"https:\/\/toidupakk.ee\/lt\/","name":"Toidupakk.ee - Tactical Foodpack toidupakid","description":"Tactical Foodpack k\u00fclmkuivatatud toidupakid ja matkaeined","publisher":{"@id":"https:\/\/toidupakk.ee\/lt\/#organization"},"potentialAction":[{"@type":"SearchAction","target":{"@type":"EntryPoint","urlTemplate":"https:\/\/toidupakk.ee\/lt\/?s={search_term_string}"},"query-input":{"@type":"PropertyValueSpecification","valueRequired":true,"valueName":"search_term_string"}}],"inLanguage":"lt-LT"},{"@type":"Organization","@id":"https:\/\/toidupakk.ee\/lt\/#organization","name":"Tactical Foodpack matkaeined","url":"https:\/\/toidupakk.ee\/lt\/","logo":{"@type":"ImageObject","inLanguage":"lt-LT","@id":"https:\/\/toidupakk.ee\/lt\/#\/schema\/logo\/image\/","url":"https:\/\/toidupakk.ee\/wp-content\/uploads\/2022\/01\/Toidupakk-matkapood-logo-transparent.png","contentUrl":"https:\/\/toidupakk.ee\/wp-content\/uploads\/2022\/01\/Toidupakk-matkapood-logo-transparent.png","width":500,"height":500,"caption":"Tactical Foodpack matkaeined"},"image":{"@id":"https:\/\/toidupakk.ee\/lt\/#\/schema\/logo\/image\/"},"sameAs":["https:\/\/www.facebook.com\/Toidupakk","https:\/\/www.instagram.com\/toidupakk\/"]}]}},"jetpack_sharing_enabled":true,"_links":{"self":[{"href":"https:\/\/toidupakk.ee\/lt\/wp-json\/wp\/v2\/product\/47404","targetHints":{"allow":["GET"]}}],"collection":[{"href":"https:\/\/toidupakk.ee\/lt\/wp-json\/wp\/v2\/product"}],"about":[{"href":"https:\/\/toidupakk.ee\/lt\/wp-json\/wp\/v2\/types\/product"}],"replies":[{"embeddable":true,"href":"https:\/\/toidupakk.ee\/lt\/wp-json\/wp\/v2\/comments?post=47404"}],"wp:featuredmedia":[{"embeddable":true,"href":"https:\/\/toidupakk.ee\/lt\/wp-json\/wp\/v2\/media\/1668"}],"wp:attachment":[{"href":"https:\/\/toidupakk.ee\/lt\/wp-json\/wp\/v2\/media?parent=47404"}],"wp:term":[{"taxonomy":"product_brand","embeddable":true,"href":"https:\/\/toidupakk.ee\/lt\/wp-json\/wp\/v2\/product_brand?post=47404"},{"taxonomy":"product_cat","embeddable":true,"href":"https:\/\/toidupakk.ee\/lt\/wp-json\/wp\/v2\/product_cat?post=47404"},{"taxonomy":"product_tag","embeddable":true,"href":"https:\/\/toidupakk.ee\/lt\/wp-json\/wp\/v2\/product_tag?post=47404"}],"curies":[{"name":"wp","href":"https:\/\/api.w.org\/{rel}","templated":true}]}}