{"id":47403,"date":"2022-03-09T10:13:18","date_gmt":"2022-03-09T08:13:18","guid":{"rendered":"https:\/\/toidupakk.ee\/toode\/gertuve-mil-tec-06-l\/"},"modified":"2026-04-15T05:31:14","modified_gmt":"2026-04-15T02:31:14","slug":"gertuve-mil-tec-06-l","status":"publish","type":"product","link":"https:\/\/toidupakk.ee\/lt\/toode\/gertuve-mil-tec-06-l\/","title":{"rendered":"Gertuv\u0117 \u201eMil-Tec\u201c, 0,6 l"},"content":{"rendered":"<h1>Gertuv\u0119 visada tur\u0117k po ranka!<\/h1>\n<p>Vanduo \u017eygyje (ir apskritai) yra gyvybi\u0161kai svarbus. \u017dmogaus vandens poreikis priklauso nuo k\u016bno svorio, ta\u010diau bendra rekomendacija \u2013 i\u0161gerti vidutini\u0161kai 28\u201332 mililitrus vandens kiekvienam k\u016bno svorio kilogramui. B\u016bnant fizi\u0161kai aktyviam, vandens poreikis padid\u0117ja, nes tik\u0117tina, kad veiklos metu daugiau prakaituoji, o vanduo i\u0161 organizmo per prakait\u0105 pasi\u0161alina net ir esant v\u0117sesnei temperat\u016brai, net jei pa\u010diam atrodo, kad lyg ir neprakaituotum. Tokiu atveju reik\u0117t\u0173 padidinti suvartojamo vandens kiek\u012f ir gerti reguliariais intervalais. \u0160altesniu oru gertuv\u0119 kuprin\u0117je laikyk priglaust\u0105 prie nugaros \u2013 taip joje esantis skystis i\u0161liks \u0161iltas.    <\/p>\n<h2>Gertuv\u0117 \u017eygio kuprin\u0117je yra sunki<\/h2>\n<p>Tikrai taip! Ta\u010diau ruo\u0161iantis \u012f keli\u0105 pasiimti vanden\u012f yra b\u016btina, nes negali \u017einoti, kada pasitaikys pirmoji vandens pa\u0117mimo vieta. Ta\u010diau kyla klausimas: kai t\u0105 viet\u0105 galiausiai pasieksi \u2013 kok\u012f nors kriokl\u012f, \u0161altin\u012f ar e\u017eer\u0105 \u2013 kaip \u012fsitikinti, kad ten esantis vanduo tinkamas gerti?  <\/p>\n<p>Visi\u0161kai u\u017etikrintam, deja, b\u016bti ne\u012fmanoma, o papras\u010diausias b\u016bdas \u2013 vanden\u012f u\u017evirinti vir\u0161 lau\u017eo: kar\u0161tis sunaikina visas bakterijas ir vanduo tampa tinkamas gerti. U\u017ekurti lau\u017e\u0105 pad\u0117s <a href=\"https:\/\/toidupakk.ee\/tactical-foodpack\/tactical-fire-pot-suutegeel-40ml\/\">\u201eTactical Fire Pot\u201c degusis gelis<\/a>. <\/p>\n<p>Taip pat \u012f \u017eyg\u012f gali pasiimti vandens valymo table\u010di\u0173. Jos kuprin\u0117je beveik nieko nesveria, o jas naudodamas bet kokiu atveju gal\u0117si b\u016bti tikras d\u0117l vandens \u0161varos. <\/p>\n<h2>Kas yra PCTG med\u017eiaga, i\u0161 kurios pagaminta MIL-TEC gertuv\u0117?<\/h2>\n<p>PCTG plastiko panaudojimo sritys yra labai pla\u010dios. Jis naudojamas daugkartinio naudojimo vandens buteli\u0173 (taip pat ir k\u016bdiki\u0173 gertuvi\u0173), kosmetikos gamini\u0173 pakuo\u010di\u0173 bei dangteli\u0173 gamybai, taip pat medicinos pramon\u0117je. <\/p>\n<p>Med\u017eiaga yra be BPA, atitinka maisto laikymo standartus. \u0160ios med\u017eiagos tankis ir skaidrumas artimi stiklui, ta\u010diau ji yra patvari ir atspari sm\u016bgiams. D\u0117l to ji yra idealus palydovas \u017eygyje, kur tikimyb\u0117 gertuvei i\u0161kristi yra gana didel\u0117.  <\/p>\n<h3><\/h3>\n<h2>\u012esid\u0117k \u012f gertuv\u0119 dar k\u0105 nors<\/h2>\n<p>Be vandens, b\u016btina vartoti ir maistines med\u017eiagas, o j\u0173 puikiai galima gauti i\u0161 glotnu\u010di\u0173. \u201eTactical Foodpack\u201c <a href=\"https:\/\/toidupakk.ee\/tactical-foodpack\/marjasmuuti-core-shake-berry-blast\/\">uog\u0173<\/a>, <a href=\"https:\/\/toidupakk.ee\/tactical-foodpack\/banaani-smuuti-tropical-mix\/\">banan\u0173<\/a> ir <a href=\"https:\/\/toidupakk.ee\/tactical-foodpack\/roheline-smuuti-core-shake-fresh-green\/\">\u017ealiasis<\/a> glotnu\u010diai yra puik\u016bs palydovai tiek \u017eygyje, tiek po treniruot\u0117s ar tiesiog atsigaivinti. Norint juos paruo\u0161ti, tereikia \u012fpilti vandens. Ir nors juos galima gerti tiesiai i\u0161 pakuot\u0117s, nedraud\u017eiama j\u0173 gerti ir i\u0161 gertuv\u0117s.   <\/p>\n<p>&nbsp;<\/p>\n<h2>I\u0161valyk<\/h2>\n<p>&nbsp;<\/p>\n<ul>\n<li>B\u016btinai naudok ind\u0173 plovikl\u012f<\/li>\n<li>Naudok valymo \u0161epet\u0117l\u012f, nes griovelius aplink gertuv\u0117s ang\u0105 reikia kruop\u0161\u010diai i\u0161valyti<\/li>\n<li>Kruop\u0161\u010diai nuplauk ir dangtel\u012f<\/li>\n<li>Leisk gerai i\u0161d\u017ei\u016bti<\/li>\n<\/ul>\n<p>&nbsp;<\/p>\n<p>Pasisemk \u012fkv\u0117pimo kitiems nuotykiams Toidupakk <a href=\"https:\/\/www.instagram.com\/toidupakk\/\">Instagram<\/a> ir <a href=\"https:\/\/www.facebook.com\/Toidupakk\/\">Facebook<\/a> paskyrose.<\/p>\n","protected":false},"excerpt":{"rendered":"<p>Gertuv\u0117 turi u\u017erakinam\u0105 snapel\u012f su apsauginiu dangteliu ir plat\u0173 plastikin\u012f u\u017esukam\u0105 dangtel\u012f, leid\u017eiant\u012f lengvai pripildyti ir i\u0161valyti. Gertuv\u0117 yra lengva, tu\u0161\u010dia sveria vos 145 g. D\u0117l to ji yra idealus palydovas \u017eygyje ar sporto sal\u0117je.<br \/>\nGertuv\u0117 turi patogi\u0105 ir tvirt\u0105 kilp\u0105 su spaude, kuria j\u0105 galima lengvai pritvirtinti prie krep\u0161io, rie\u0161o ar dir\u017eo.  <\/p>\n<ul>\n<li>Talpa: 600 ml<\/li>\n<li>U\u017erakinamas snapelis<\/li>\n<li>Snapelio apsauginis dangtelis<\/li>\n<li>Plastikinis u\u017esukamas dangtelis<\/li>\n<li>Plati anga g\u0117rimui \u012fpilti ir gertuvei i\u0161valyti<\/li>\n<li>Patogi rie\u0161o kilpa<\/li>\n<li>Med\u017eiaga: 100 % PCTG<\/li>\n<li>Auk\u0161tis: 24,5 cm<\/li>\n<li>Svoris (tu\u0161\u010dios): 145 g<\/li>\n<\/ul>\n<p>\u2705 Turime sand\u0117lyje, greitas pristatymas per 1\u20133 darbo dienas<\/p>\n","protected":false},"featured_media":1481,"comment_status":"open","ping_status":"closed","template":"","meta":{"_acf_changed":false},"product_brand":[],"product_cat":[196,210,192,203,189,190],"product_tag":[],"class_list":{"0":"post-47403","1":"product","2":"type-product","3":"status-publish","4":"has-post-thumbnail","6":"product_cat-maisto-gaminimas","7":"product_cat-mil-tec","8":"product_cat-molle-deklai-ir-priedai","9":"product_cat-termosai-ir-gertuves","10":"product_cat-zygio-iranga","11":"product_cat-zygio-prekes","13":"first","14":"instock","15":"taxable","16":"shipping-taxable","17":"purchasable","18":"product-type-simple"},"bundled_by":[],"bundle_stock_status":"instock","bundle_stock_quantity":7,"bundle_virtual":false,"bundle_layout":"","bundle_add_to_cart_form_location":"","bundle_editable_in_cart":false,"bundle_sold_individually_context":"","bundle_item_grouping":"","bundle_min_size":"","bundle_max_size":"","bundle_price":[],"bundled_items":[],"bundle_sell_ids":[],"acf":[],"yoast_head":"<!-- This site is optimized with the Yoast SEO plugin v27.3 - https:\/\/yoast.com\/product\/yoast-seo-wordpress\/ -->\n<title>Gertuv\u0117 \u201eMil-Tec\u201c, 0,6 l - Toidupakk.ee - Tactical Foodpack toidupakid<\/title>\n<meta name=\"description\" content=\"\u017dygyje svarbu vartoti daug skys\u010di\u0173. Patvari ir talpi gertuv\u0117 yra neatsiejama nuotyki\u0173 kupino ir sveiko \u017eygio dalis.\" \/>\n<meta name=\"robots\" content=\"index, follow, max-snippet:-1, max-image-preview:large, max-video-preview:-1\" \/>\n<link rel=\"canonical\" href=\"https:\/\/toidupakk.ee\/lt\/toode\/gertuve-mil-tec-06-l\/\" \/>\n<meta property=\"og:locale\" content=\"lt_LT\" \/>\n<meta property=\"og:type\" content=\"article\" \/>\n<meta property=\"og:title\" content=\"Gertuv\u0117 \u201eMil-Tec\u201c, 0,6 l - Toidupakk.ee - Tactical Foodpack toidupakid\" \/>\n<meta property=\"og:description\" content=\"\u017dygyje svarbu vartoti daug skys\u010di\u0173. Patvari ir talpi gertuv\u0117 yra neatsiejama nuotyki\u0173 kupino ir sveiko \u017eygio dalis.\" \/>\n<meta property=\"og:url\" content=\"https:\/\/toidupakk.ee\/lt\/toode\/gertuve-mil-tec-06-l\/\" \/>\n<meta property=\"og:site_name\" content=\"Toidupakk.ee - Tactical Foodpack toidupakid\" \/>\n<meta property=\"article:publisher\" content=\"https:\/\/www.facebook.com\/Toidupakk\" \/>\n<meta property=\"article:modified_time\" content=\"2026-04-15T02:31:14+00:00\" \/>\n<meta property=\"og:image\" content=\"https:\/\/toidupakk.ee\/wp-content\/uploads\/2022\/03\/Joogipudel-veepudel-MilTec-1.png\" \/>\n\t<meta property=\"og:image:width\" content=\"1080\" \/>\n\t<meta property=\"og:image:height\" content=\"1080\" \/>\n\t<meta property=\"og:image:type\" content=\"image\/png\" \/>\n<meta name=\"twitter:card\" content=\"summary_large_image\" \/>\n<meta name=\"twitter:label1\" content=\"Est. reading time\" \/>\n\t<meta name=\"twitter:data1\" content=\"2 minut\u0117s\" \/>\n<script type=\"application\/ld+json\" class=\"yoast-schema-graph\">{\"@context\":\"https:\\\/\\\/schema.org\",\"@graph\":[{\"@type\":\"WebPage\",\"@id\":\"https:\\\/\\\/toidupakk.ee\\\/lt\\\/toode\\\/gertuve-mil-tec-06-l\\\/\",\"url\":\"https:\\\/\\\/toidupakk.ee\\\/lt\\\/toode\\\/gertuve-mil-tec-06-l\\\/\",\"name\":\"Gertuv\u0117 \u201eMil-Tec\u201c, 0,6 l - Toidupakk.ee - Tactical Foodpack toidupakid\",\"isPartOf\":{\"@id\":\"https:\\\/\\\/toidupakk.ee\\\/lt\\\/#website\"},\"primaryImageOfPage\":{\"@id\":\"https:\\\/\\\/toidupakk.ee\\\/lt\\\/toode\\\/gertuve-mil-tec-06-l\\\/#primaryimage\"},\"image\":{\"@id\":\"https:\\\/\\\/toidupakk.ee\\\/lt\\\/toode\\\/gertuve-mil-tec-06-l\\\/#primaryimage\"},\"thumbnailUrl\":\"https:\\\/\\\/toidupakk.ee\\\/wp-content\\\/uploads\\\/2022\\\/03\\\/Joogipudel-veepudel-MilTec-1.png\",\"datePublished\":\"2022-03-09T08:13:18+00:00\",\"dateModified\":\"2026-04-15T02:31:14+00:00\",\"description\":\"\u017dygyje svarbu vartoti daug skys\u010di\u0173. Patvari ir talpi gertuv\u0117 yra neatsiejama nuotyki\u0173 kupino ir sveiko \u017eygio dalis.\",\"breadcrumb\":{\"@id\":\"https:\\\/\\\/toidupakk.ee\\\/lt\\\/toode\\\/gertuve-mil-tec-06-l\\\/#breadcrumb\"},\"inLanguage\":\"lt-LT\",\"potentialAction\":[{\"@type\":\"ReadAction\",\"target\":[\"https:\\\/\\\/toidupakk.ee\\\/lt\\\/toode\\\/gertuve-mil-tec-06-l\\\/\"]}]},{\"@type\":\"ImageObject\",\"inLanguage\":\"lt-LT\",\"@id\":\"https:\\\/\\\/toidupakk.ee\\\/lt\\\/toode\\\/gertuve-mil-tec-06-l\\\/#primaryimage\",\"url\":\"https:\\\/\\\/toidupakk.ee\\\/wp-content\\\/uploads\\\/2022\\\/03\\\/Joogipudel-veepudel-MilTec-1.png\",\"contentUrl\":\"https:\\\/\\\/toidupakk.ee\\\/wp-content\\\/uploads\\\/2022\\\/03\\\/Joogipudel-veepudel-MilTec-1.png\",\"width\":1080,\"height\":1080,\"caption\":\"Tactical joogipudel\"},{\"@type\":\"BreadcrumbList\",\"@id\":\"https:\\\/\\\/toidupakk.ee\\\/lt\\\/toode\\\/gertuve-mil-tec-06-l\\\/#breadcrumb\",\"itemListElement\":[{\"@type\":\"ListItem\",\"position\":1,\"name\":\"Avaleht\",\"item\":\"https:\\\/\\\/toidupakk.ee\\\/lt\\\/\"},{\"@type\":\"ListItem\",\"position\":2,\"name\":\"El. parduotuv\u0117\",\"item\":\"https:\\\/\\\/toidupakk.ee\\\/lt\\\/el-parduotuve\\\/\"},{\"@type\":\"ListItem\",\"position\":3,\"name\":\"Gertuv\u0117 \u201eMil-Tec\u201c, 0,6 l\"}]},{\"@type\":\"WebSite\",\"@id\":\"https:\\\/\\\/toidupakk.ee\\\/lt\\\/#website\",\"url\":\"https:\\\/\\\/toidupakk.ee\\\/lt\\\/\",\"name\":\"Toidupakk.ee - Tactical Foodpack toidupakid\",\"description\":\"Tactical Foodpack k\u00fclmkuivatatud toidupakid ja matkaeined\",\"publisher\":{\"@id\":\"https:\\\/\\\/toidupakk.ee\\\/lt\\\/#organization\"},\"potentialAction\":[{\"@type\":\"SearchAction\",\"target\":{\"@type\":\"EntryPoint\",\"urlTemplate\":\"https:\\\/\\\/toidupakk.ee\\\/lt\\\/?s={search_term_string}\"},\"query-input\":{\"@type\":\"PropertyValueSpecification\",\"valueRequired\":true,\"valueName\":\"search_term_string\"}}],\"inLanguage\":\"lt-LT\"},{\"@type\":\"Organization\",\"@id\":\"https:\\\/\\\/toidupakk.ee\\\/lt\\\/#organization\",\"name\":\"Tactical Foodpack matkaeined\",\"url\":\"https:\\\/\\\/toidupakk.ee\\\/lt\\\/\",\"logo\":{\"@type\":\"ImageObject\",\"inLanguage\":\"lt-LT\",\"@id\":\"https:\\\/\\\/toidupakk.ee\\\/lt\\\/#\\\/schema\\\/logo\\\/image\\\/\",\"url\":\"https:\\\/\\\/toidupakk.ee\\\/wp-content\\\/uploads\\\/2022\\\/01\\\/Toidupakk-matkapood-logo-transparent.png\",\"contentUrl\":\"https:\\\/\\\/toidupakk.ee\\\/wp-content\\\/uploads\\\/2022\\\/01\\\/Toidupakk-matkapood-logo-transparent.png\",\"width\":500,\"height\":500,\"caption\":\"Tactical Foodpack matkaeined\"},\"image\":{\"@id\":\"https:\\\/\\\/toidupakk.ee\\\/lt\\\/#\\\/schema\\\/logo\\\/image\\\/\"},\"sameAs\":[\"https:\\\/\\\/www.facebook.com\\\/Toidupakk\",\"https:\\\/\\\/www.instagram.com\\\/toidupakk\\\/\"]}]}<\/script>\n<!-- \/ Yoast SEO plugin. -->","yoast_head_json":{"title":"Gertuv\u0117 \u201eMil-Tec\u201c, 0,6 l - Toidupakk.ee - Tactical Foodpack toidupakid","description":"\u017dygyje svarbu vartoti daug skys\u010di\u0173. Patvari ir talpi gertuv\u0117 yra neatsiejama nuotyki\u0173 kupino ir sveiko \u017eygio dalis.","robots":{"index":"index","follow":"follow","max-snippet":"max-snippet:-1","max-image-preview":"max-image-preview:large","max-video-preview":"max-video-preview:-1"},"canonical":"https:\/\/toidupakk.ee\/lt\/toode\/gertuve-mil-tec-06-l\/","og_locale":"lt_LT","og_type":"article","og_title":"Gertuv\u0117 \u201eMil-Tec\u201c, 0,6 l - Toidupakk.ee - Tactical Foodpack toidupakid","og_description":"\u017dygyje svarbu vartoti daug skys\u010di\u0173. Patvari ir talpi gertuv\u0117 yra neatsiejama nuotyki\u0173 kupino ir sveiko \u017eygio dalis.","og_url":"https:\/\/toidupakk.ee\/lt\/toode\/gertuve-mil-tec-06-l\/","og_site_name":"Toidupakk.ee - Tactical Foodpack toidupakid","article_publisher":"https:\/\/www.facebook.com\/Toidupakk","article_modified_time":"2026-04-15T02:31:14+00:00","og_image":[{"width":1080,"height":1080,"url":"https:\/\/toidupakk.ee\/wp-content\/uploads\/2022\/03\/Joogipudel-veepudel-MilTec-1.png","type":"image\/png"}],"twitter_card":"summary_large_image","twitter_misc":{"Est. reading time":"2 minut\u0117s"},"schema":{"@context":"https:\/\/schema.org","@graph":[{"@type":"WebPage","@id":"https:\/\/toidupakk.ee\/lt\/toode\/gertuve-mil-tec-06-l\/","url":"https:\/\/toidupakk.ee\/lt\/toode\/gertuve-mil-tec-06-l\/","name":"Gertuv\u0117 \u201eMil-Tec\u201c, 0,6 l - Toidupakk.ee - Tactical Foodpack toidupakid","isPartOf":{"@id":"https:\/\/toidupakk.ee\/lt\/#website"},"primaryImageOfPage":{"@id":"https:\/\/toidupakk.ee\/lt\/toode\/gertuve-mil-tec-06-l\/#primaryimage"},"image":{"@id":"https:\/\/toidupakk.ee\/lt\/toode\/gertuve-mil-tec-06-l\/#primaryimage"},"thumbnailUrl":"https:\/\/toidupakk.ee\/wp-content\/uploads\/2022\/03\/Joogipudel-veepudel-MilTec-1.png","datePublished":"2022-03-09T08:13:18+00:00","dateModified":"2026-04-15T02:31:14+00:00","description":"\u017dygyje svarbu vartoti daug skys\u010di\u0173. Patvari ir talpi gertuv\u0117 yra neatsiejama nuotyki\u0173 kupino ir sveiko \u017eygio dalis.","breadcrumb":{"@id":"https:\/\/toidupakk.ee\/lt\/toode\/gertuve-mil-tec-06-l\/#breadcrumb"},"inLanguage":"lt-LT","potentialAction":[{"@type":"ReadAction","target":["https:\/\/toidupakk.ee\/lt\/toode\/gertuve-mil-tec-06-l\/"]}]},{"@type":"ImageObject","inLanguage":"lt-LT","@id":"https:\/\/toidupakk.ee\/lt\/toode\/gertuve-mil-tec-06-l\/#primaryimage","url":"https:\/\/toidupakk.ee\/wp-content\/uploads\/2022\/03\/Joogipudel-veepudel-MilTec-1.png","contentUrl":"https:\/\/toidupakk.ee\/wp-content\/uploads\/2022\/03\/Joogipudel-veepudel-MilTec-1.png","width":1080,"height":1080,"caption":"Tactical joogipudel"},{"@type":"BreadcrumbList","@id":"https:\/\/toidupakk.ee\/lt\/toode\/gertuve-mil-tec-06-l\/#breadcrumb","itemListElement":[{"@type":"ListItem","position":1,"name":"Avaleht","item":"https:\/\/toidupakk.ee\/lt\/"},{"@type":"ListItem","position":2,"name":"El. parduotuv\u0117","item":"https:\/\/toidupakk.ee\/lt\/el-parduotuve\/"},{"@type":"ListItem","position":3,"name":"Gertuv\u0117 \u201eMil-Tec\u201c, 0,6 l"}]},{"@type":"WebSite","@id":"https:\/\/toidupakk.ee\/lt\/#website","url":"https:\/\/toidupakk.ee\/lt\/","name":"Toidupakk.ee - Tactical Foodpack toidupakid","description":"Tactical Foodpack k\u00fclmkuivatatud toidupakid ja matkaeined","publisher":{"@id":"https:\/\/toidupakk.ee\/lt\/#organization"},"potentialAction":[{"@type":"SearchAction","target":{"@type":"EntryPoint","urlTemplate":"https:\/\/toidupakk.ee\/lt\/?s={search_term_string}"},"query-input":{"@type":"PropertyValueSpecification","valueRequired":true,"valueName":"search_term_string"}}],"inLanguage":"lt-LT"},{"@type":"Organization","@id":"https:\/\/toidupakk.ee\/lt\/#organization","name":"Tactical Foodpack matkaeined","url":"https:\/\/toidupakk.ee\/lt\/","logo":{"@type":"ImageObject","inLanguage":"lt-LT","@id":"https:\/\/toidupakk.ee\/lt\/#\/schema\/logo\/image\/","url":"https:\/\/toidupakk.ee\/wp-content\/uploads\/2022\/01\/Toidupakk-matkapood-logo-transparent.png","contentUrl":"https:\/\/toidupakk.ee\/wp-content\/uploads\/2022\/01\/Toidupakk-matkapood-logo-transparent.png","width":500,"height":500,"caption":"Tactical Foodpack matkaeined"},"image":{"@id":"https:\/\/toidupakk.ee\/lt\/#\/schema\/logo\/image\/"},"sameAs":["https:\/\/www.facebook.com\/Toidupakk","https:\/\/www.instagram.com\/toidupakk\/"]}]}},"jetpack_sharing_enabled":true,"_links":{"self":[{"href":"https:\/\/toidupakk.ee\/lt\/wp-json\/wp\/v2\/product\/47403","targetHints":{"allow":["GET"]}}],"collection":[{"href":"https:\/\/toidupakk.ee\/lt\/wp-json\/wp\/v2\/product"}],"about":[{"href":"https:\/\/toidupakk.ee\/lt\/wp-json\/wp\/v2\/types\/product"}],"replies":[{"embeddable":true,"href":"https:\/\/toidupakk.ee\/lt\/wp-json\/wp\/v2\/comments?post=47403"}],"wp:featuredmedia":[{"embeddable":true,"href":"https:\/\/toidupakk.ee\/lt\/wp-json\/wp\/v2\/media\/1481"}],"wp:attachment":[{"href":"https:\/\/toidupakk.ee\/lt\/wp-json\/wp\/v2\/media?parent=47403"}],"wp:term":[{"taxonomy":"product_brand","embeddable":true,"href":"https:\/\/toidupakk.ee\/lt\/wp-json\/wp\/v2\/product_brand?post=47403"},{"taxonomy":"product_cat","embeddable":true,"href":"https:\/\/toidupakk.ee\/lt\/wp-json\/wp\/v2\/product_cat?post=47403"},{"taxonomy":"product_tag","embeddable":true,"href":"https:\/\/toidupakk.ee\/lt\/wp-json\/wp\/v2\/product_tag?post=47403"}],"curies":[{"name":"wp","href":"https:\/\/api.w.org\/{rel}","templated":true}]}}