{"id":47378,"date":"2022-01-18T16:52:59","date_gmt":"2022-01-18T14:52:59","guid":{"rendered":"https:\/\/toidupakk.ee\/toode\/weekpack-juliett-2010-g-be-mesos\/"},"modified":"2026-04-21T12:00:46","modified_gmt":"2026-04-21T09:00:46","slug":"weekpack-juliett-2010-g-be-mesos","status":"publish","type":"product","link":"https:\/\/toidupakk.ee\/lt\/toode\/weekpack-juliett-2010-g-be-mesos\/","title":{"rendered":"WeekPack Juliett 2010 g (be m\u0117sos)"},"content":{"rendered":"<h3><strong>Kada ir kod\u0117l \u201eTactical Foodpack WeekPack Juliett\u201c tau bus naudingas?<\/strong><\/h3>\n<p>\u201eTactical Foodpack WeekPack Juliett\u201c \u2013 tai visos savait\u0117s maisto atsargos be m\u0117sos vienam asmeniui! Su juo b\u016bsi pasiruo\u0161\u0119s mi\u0161ke, j\u016broje, nuotykiuose ar bet kokiam atvejui namuose, jei u\u017eklupt\u0173 netik\u0117ta p\u016bga, potvynis ar dingt\u0173 elektra. Savait\u0117s maisto atsargos su 21 porcija u\u017etikrins ma\u017eiau prie\u017eas\u010di\u0173 nerimauti.  <\/p>\n<h3><strong>\u201eWeekPack Juliett\u201c maisto rinkiniu galima dalintis!<\/strong><\/h3>\n<p>Jei \u012f nuotykius leidiesi vienas, su \u201eWeekPack Juliett\u201c maisto atsargomis be m\u0117sos b\u016bsi sotus vis\u0105 savait\u0119. O jei keliauji \u012f savaitgalio \u017eyg\u012f su draugais ar \u0161eima, \u0161io rinkinio pakaks net keliems valgymams. Tie, kurie jau i\u0161band\u0117 \u201eWeekPack\u201c, dalijasi teigiama patirtimi i\u0161 \u017evejybos, \u0161eimos atostog\u0173 ar i\u0161vyk\u0173 dvira\u010diais \u2013 pakuot\u0117s patvarios, ne\u012ftik\u0117tinai lengvos, maistas skanus, o paruo\u0161imas \u2013 daugiau nei paprastas.  <\/p>\n<p><img fetchpriority=\"high\" decoding=\"async\" class=\"alignnone size-thumbnail wp-image-34058\" src=\"https:\/\/toidupakk.ee\/wp-content\/uploads\/2022\/01\/Weekpack_JULIETT2-500x500.jpg\" alt=\"\" width=\"500\" height=\"500\" srcset=\"https:\/\/toidupakk.ee\/wp-content\/uploads\/2022\/01\/Weekpack_JULIETT2-500x500.jpg 500w, https:\/\/toidupakk.ee\/wp-content\/uploads\/2022\/01\/Weekpack_JULIETT2-400x400.jpg 400w, https:\/\/toidupakk.ee\/wp-content\/uploads\/2022\/01\/Weekpack_JULIETT2-100x100.jpg 100w\" sizes=\"(max-width: 500px) 100vw, 500px\" \/><\/p>\n<h3><strong>I\u0161manus derina!<\/strong><\/h3>\n<p>Nepamir\u0161k, kad \u201eWeekPack\u201c savait\u0117s rinkin\u012f visada gali derinti su kitu maistu. \u017dygyje, kelion\u0117je, j\u016broje ar kitur pusry\u010diams ar vakarienei gali rinktis sot\u0173 ir sveik\u0105 rinkinio turin\u012f, o kitus dienos valgymus planuoti restorane ar gaminti i\u0161 \u0161vie\u017ei\u0173 produkt\u0173. Taip geriau suplanuosi laik\u0105 ir sutaupysi gaminimui skirtas valandas. Be to, b\u016bsi tikras, kad maistas yra maistingas, skanus ir vietinis.   <\/p>\n<p>Maisto galiojimo laikas ilgas, tad jei ko nors nesuvalgysi, gal\u0117si pasiimti kit\u0105 kart\u0105 \u2013 net po 8 met\u0173. Svarbu pamin\u0117ti, kad \u012f maist\u0105 nededama joki\u0173 konservant\u0173 ar skonio stiprikli\u0173. <\/p>\n<h3>Garantuotas skonio potyris<\/h3>\n<p class=\"\" data-start=\"240\" data-end=\"525\">Ryt\u0105 prad\u0117k nuo gard\u017eios ko\u0161\u0117s. Rinkis so\u010di\u0105 <a href=\"https:\/\/toidupakk.ee\/toode\/kaerahelbepuder-ouna-kaneeliga\/\" target=\"_new\" rel=\"noopener\" data-start=\"285\" data-end=\"358\">avi\u017ein\u0119 ko\u0161\u0119 su obuoliais<\/a> \u2013 tai lengva, bet maistinga kiekvienos dienos prad\u017eia. \u0160ie klasikiniai pusry\u010diai suteiks reikiamos energijos, ger\u0105 nuotaik\u0105 ir j\u0117g\u0173 jud\u0117ti link kit\u0173 nuotyki\u0173.  <\/p>\n<p class=\"\" data-start=\"527\" data-end=\"963\">Pietus ar vakarien\u0119 gali paversti tikru skonio potyriu. Prad\u0117k, pavyzd\u017eiui, nuo <a target=\"_new\" rel=\"noopener\" data-start=\"601\" data-end=\"669\">Lentils Stroganoff<\/a> \u2013 \u0161velnaus, bet sotaus l\u0119\u0161i\u0173 strogonovo su pikanti\u0161ka nata ir \u0161ildan\u010diu poveikiu. Tada pasinerk \u012f a\u0161tresnius vegani\u0161kus patiekalus, tokius kaip <a href=\"https:\/\/toidupakk.ee\/toode\/bataadi-kikerherne-karri-100g\/\" target=\"_new\" rel=\"noopener\" data-start=\"802\" data-end=\"870\">Sweet Potato Curry<\/a> \u2013 maloniai kremin\u012f ir aromating\u0105 kario tro\u0161kin\u012f, atne\u0161ant\u012f geriausius Indijos virtuv\u0117s skonius \u012f tavo l\u0117k\u0161t\u0119.  <\/p>\n<p class=\"\" data-start=\"965\" data-end=\"1191\">Jei pirmenyb\u0119 teiki makaronams, <a target=\"_new\" rel=\"noopener\" data-start=\"1007\" data-end=\"1083\">Spinach Mushroom Pasta<\/a> su grybais ir \u0161pinatais pasi\u016blys sodr\u0173 skon\u012f \u2013 tai ideali energijos bomba po aktyvios dienos.<\/p>\n<p class=\"\" data-start=\"1193\" data-end=\"1412\">Visi patiekalai yra 100 % nat\u016bral\u016bs, pagaminti d\u017eiovinimo \u0161altyje b\u016bdu, be konservant\u0173, o paruo\u0161imui tereikia kar\u0161to vandens. Patogu, lengva ir maistinga bet kokioje situacijoje \u2013 \u017eygyje, komandiruot\u0117je ar kriz\u0117s atveju. <\/p>\n<p class=\"\" data-start=\"1414\" data-end=\"1626\">Jei pirmenyb\u0119 teiki m\u0117sos patiekalams arba nori derinti variantus su m\u0117sa ir be jos, per\u017ei\u016br\u0117k <a target=\"_new\" rel=\"noopener\" data-start=\"1521\" data-end=\"1587\">WeekPack Alpha<\/a> \u2013 savait\u0117s maisto atsargas su m\u0117sos patiekalais.<\/p>\n<p data-start=\"1414\" data-end=\"1626\"><img decoding=\"async\" class=\"alignnone size-thumbnail wp-image-34057\" src=\"https:\/\/toidupakk.ee\/wp-content\/uploads\/2022\/01\/Weekpack_JULIETT-500x500.jpg\" alt=\"\" width=\"500\" height=\"500\" srcset=\"https:\/\/toidupakk.ee\/wp-content\/uploads\/2022\/01\/Weekpack_JULIETT-500x500.jpg 500w, https:\/\/toidupakk.ee\/wp-content\/uploads\/2022\/01\/Weekpack_JULIETT-400x400.jpg 400w, https:\/\/toidupakk.ee\/wp-content\/uploads\/2022\/01\/Weekpack_JULIETT-100x100.jpg 100w\" sizes=\"(max-width: 500px) 100vw, 500px\" \/><\/p>\n<p>&nbsp;<\/p>\n<p>Kaip paruo\u0161ti maist\u0105, \u017ei\u016br\u0117k <a href=\"https:\/\/toidupakk.ee\/kuidas-kasutada\/\">\u010cIA<\/a>.<\/p>\n<p>Pasisemk \u012fkv\u0117pimo kitiems nuotykiams Toidupakk <a href=\"https:\/\/www.instagram.com\/toidupakk\/\">Instagram<\/a> ir <a href=\"https:\/\/www.facebook.com\/Toidupakk\/\">Facebook<\/a> paskyrose.<\/p>\n<p>&nbsp;<\/p>\n","protected":false},"excerpt":{"rendered":"<ul>\n<li class=\"stock out-of-stock\"><span style=\"color: #003300;\"><strong>Visos savait\u0117s maisto atsargos be m\u0117sos vienam asmeniui<\/strong><\/span><\/li>\n<li>Eini \u012f \u017eyg\u012f, su draugais \u012f \u017evejyb\u0105, \u012f j\u016br\u0105 ar \u012f kit\u0105 nuotyk\u012f \u2013 pasiimk \u201eTactical Weekpack Juliett\u201c ir tau nereik\u0117s sukti galvos d\u0117l maisto<\/li>\n<li>Nori namuose tur\u0117ti maisto atsarg\u0173, kurios suteikt\u0173 \u0161eimai saugumo jausm\u0105, nesvarbu, ar u\u017eklupt\u0173 p\u016bga, potvynis ar dingt\u0173 elektra<\/li>\n<li>\u201eWeekPack Juliett\u201c sudaro 21 \u0161iltas valgymas be m\u0117sos<\/li>\n<li>Esti\u0161ki receptai, pagaminta Vokietijoje, \u201eTactical Foodpack\u201c gamykloje<\/li>\n<li>Norint m\u0117gautis \u0161iltu maistu, tereikia \u012fpilti vandens<\/li>\n<\/ul>\n<p>Jei n\u0117ra galimyb\u0117s u\u017ekaisti vandens, rekomenduojame papildomai \u012fsigyti <span style=\"color: #0000ff;\"><a href=\"https:\/\/toidupakk.ee\/tactical-foodpack\/tactical-fire-pot-suutegeel-40ml\/\">degiojo gelio<\/a><\/span>, kuris leid\u017eia lengvai pa\u0161ildyti maist\u0105 bet kokiomis s\u0105lygomis. \u201eTactical Fire Pot\u201c degiuoju geliu galima pa\u0161ildyti iki 10 maisto pakuo\u010di\u0173. <\/p>\n<p>Jei negalima naudoti atviros liepsnos ar u\u017evirti vandens, maistui pa\u0161ildyti yra skirtas <a href=\"https:\/\/toidupakk.ee\/tactical-foodpack\/toidu-kuumutuskott-kutteelemendiga\/\">\u0161ildymo mai\u0161elis su kaitinimo elementu<\/a>. Jis leid\u017eia paruo\u0161ti visus \u201eTactical Foodpack\u201c patiekalus. Kaitinimo elementas <strong>reaguoja su \u0161altu vandeniu<\/strong>, o vandens temperat\u016bra pakyla iki 100 laipsni\u0173.  <\/p>\n<p>&nbsp;<\/p>\n<p><strong>\u201eWeekpack\u201c rinkin\u012f sudaro:<\/strong><\/p>\n<p class=\"\" data-start=\"179\" data-end=\"512\">7x avi\u017ein\u0117 ko\u0161\u0117 su obuoliais \u2013 grynasis kiekis 90 g, energin\u0117 vert\u0117 porcijoje 442 kcal<br \/>\n4x sald\u017ei\u0173j\u0173 bulvi\u0173 karis \u2013 grynasis kiekis 115 g, energin\u0117 vert\u0117 porcijoje 504 kcal<br \/>\n5x makaronai su grybais ir \u0161pinatais \u2013 grynasis kiekis 110 g, energin\u0117 vert\u0117 porcijoje 525 kcal<br \/>\n5x l\u0119\u0161i\u0173 strogonovas \u2013 grynasis kiekis 120 g, energin\u0117 vert\u0117 porcijoje 511 kcal<\/p>\n<p class=\"\" data-start=\"514\" data-end=\"578\">Bendra energin\u0117 vert\u0117: 10 290 kcal<br \/>\nI\u0161 viso baltym\u0173: 282 g<\/p>\n<p><strong>Geriausias iki: 8 metai<\/strong><\/p>\n<p>\u2705 Turime sand\u0117lyje, greitas pristatymas per 1\u20133 d. d.<br \/>\n\u2705 Pirk dabar, mok\u0117k v\u0117liau (pal\u016bkanos 0 %)<\/p>\n","protected":false},"featured_media":47389,"comment_status":"open","ping_status":"closed","template":"","meta":{"_acf_changed":false},"product_brand":[],"product_cat":[235,246,230,204,231,190],"product_tag":[205],"class_list":{"0":"post-47378","1":"product","2":"type-product","3":"status-publish","4":"has-post-thumbnail","6":"product_cat-dideli-maisto-atsargu-rinkiniai","7":"product_cat-maisto-atsargu-rinkiniai","8":"product_cat-savaites-maisto-atsargu-rinkiniai","9":"product_cat-tactical-foodpack-patiekalai","10":"product_cat-zygio-maistas","11":"product_cat-zygio-prekes","12":"product_tag-tactical-foodpack","14":"first","15":"instock","16":"taxable","17":"shipping-taxable","18":"purchasable","19":"product-type-simple"},"bundled_by":[],"bundle_stock_status":"instock","bundle_stock_quantity":2,"bundle_virtual":false,"bundle_layout":"","bundle_add_to_cart_form_location":"","bundle_editable_in_cart":false,"bundle_sold_individually_context":"","bundle_item_grouping":"","bundle_min_size":"","bundle_max_size":"","bundle_price":[],"bundled_items":[],"bundle_sell_ids":[],"acf":[],"yoast_head":"<!-- This site is optimized with the Yoast SEO plugin v27.3 - https:\/\/yoast.com\/product\/yoast-seo-wordpress\/ -->\n<title>WeekPack Juliett 2010 g (be m\u0117sos) - Toidupakk.ee - Tactical Foodpack toidupakid<\/title>\n<meta name=\"description\" content=\"Visos savait\u0117s maisto atsargos be m\u0117sos \u201eWeekPack Juliett\u201c vienam asmeniui. Pasiimk \u012f \u017eyg\u012f arba papildyk atsargas namuose. Galiojimo laikas \u2013 8 metai.\" \/>\n<meta name=\"robots\" content=\"index, follow, max-snippet:-1, max-image-preview:large, max-video-preview:-1\" \/>\n<link rel=\"canonical\" href=\"https:\/\/toidupakk.ee\/lt\/toode\/weekpack-juliett-2010-g-be-mesos\/\" \/>\n<meta property=\"og:locale\" content=\"lt_LT\" \/>\n<meta property=\"og:type\" content=\"article\" \/>\n<meta property=\"og:title\" content=\"WeekPack Juliett 2010 g (be m\u0117sos) - Toidupakk.ee - Tactical Foodpack toidupakid\" \/>\n<meta property=\"og:description\" content=\"Visos savait\u0117s maisto atsargos be m\u0117sos \u201eWeekPack Juliett\u201c vienam asmeniui. Pasiimk \u012f \u017eyg\u012f arba papildyk atsargas namuose. Galiojimo laikas \u2013 8 metai.\" \/>\n<meta property=\"og:url\" content=\"https:\/\/toidupakk.ee\/lt\/toode\/weekpack-juliett-2010-g-be-mesos\/\" \/>\n<meta property=\"og:site_name\" content=\"Toidupakk.ee - Tactical Foodpack toidupakid\" \/>\n<meta property=\"article:publisher\" content=\"https:\/\/www.facebook.com\/Toidupakk\" \/>\n<meta property=\"article:modified_time\" content=\"2026-04-21T09:00:46+00:00\" \/>\n<meta property=\"og:image\" content=\"https:\/\/toidupakk.ee\/wp-content\/uploads\/2022\/01\/Weekpack-Juliett-Front.png\" \/>\n\t<meta property=\"og:image:width\" content=\"1920\" \/>\n\t<meta property=\"og:image:height\" content=\"1920\" \/>\n\t<meta property=\"og:image:type\" content=\"image\/png\" \/>\n<meta name=\"twitter:card\" content=\"summary_large_image\" \/>\n<meta name=\"twitter:label1\" content=\"Est. reading time\" \/>\n\t<meta name=\"twitter:data1\" content=\"2 minut\u0117s\" \/>\n<script type=\"application\/ld+json\" class=\"yoast-schema-graph\">{\"@context\":\"https:\\\/\\\/schema.org\",\"@graph\":[{\"@type\":\"WebPage\",\"@id\":\"https:\\\/\\\/toidupakk.ee\\\/lt\\\/toode\\\/weekpack-juliett-2010-g-be-mesos\\\/\",\"url\":\"https:\\\/\\\/toidupakk.ee\\\/lt\\\/toode\\\/weekpack-juliett-2010-g-be-mesos\\\/\",\"name\":\"WeekPack Juliett 2010 g (be m\u0117sos) - Toidupakk.ee - Tactical Foodpack toidupakid\",\"isPartOf\":{\"@id\":\"https:\\\/\\\/toidupakk.ee\\\/lt\\\/#website\"},\"primaryImageOfPage\":{\"@id\":\"https:\\\/\\\/toidupakk.ee\\\/lt\\\/toode\\\/weekpack-juliett-2010-g-be-mesos\\\/#primaryimage\"},\"image\":{\"@id\":\"https:\\\/\\\/toidupakk.ee\\\/lt\\\/toode\\\/weekpack-juliett-2010-g-be-mesos\\\/#primaryimage\"},\"thumbnailUrl\":\"https:\\\/\\\/toidupakk.ee\\\/wp-content\\\/uploads\\\/2022\\\/01\\\/Weekpack-Juliett-Front.png\",\"datePublished\":\"2022-01-18T14:52:59+00:00\",\"dateModified\":\"2026-04-21T09:00:46+00:00\",\"description\":\"Visos savait\u0117s maisto atsargos be m\u0117sos \u201eWeekPack Juliett\u201c vienam asmeniui. Pasiimk \u012f \u017eyg\u012f arba papildyk atsargas namuose. Galiojimo laikas \u2013 8 metai.\",\"breadcrumb\":{\"@id\":\"https:\\\/\\\/toidupakk.ee\\\/lt\\\/toode\\\/weekpack-juliett-2010-g-be-mesos\\\/#breadcrumb\"},\"inLanguage\":\"lt-LT\",\"potentialAction\":[{\"@type\":\"ReadAction\",\"target\":[\"https:\\\/\\\/toidupakk.ee\\\/lt\\\/toode\\\/weekpack-juliett-2010-g-be-mesos\\\/\"]}]},{\"@type\":\"ImageObject\",\"inLanguage\":\"lt-LT\",\"@id\":\"https:\\\/\\\/toidupakk.ee\\\/lt\\\/toode\\\/weekpack-juliett-2010-g-be-mesos\\\/#primaryimage\",\"url\":\"https:\\\/\\\/toidupakk.ee\\\/wp-content\\\/uploads\\\/2022\\\/01\\\/Weekpack-Juliett-Front.png\",\"contentUrl\":\"https:\\\/\\\/toidupakk.ee\\\/wp-content\\\/uploads\\\/2022\\\/01\\\/Weekpack-Juliett-Front.png\",\"width\":1920,\"height\":1920},{\"@type\":\"BreadcrumbList\",\"@id\":\"https:\\\/\\\/toidupakk.ee\\\/lt\\\/toode\\\/weekpack-juliett-2010-g-be-mesos\\\/#breadcrumb\",\"itemListElement\":[{\"@type\":\"ListItem\",\"position\":1,\"name\":\"Avaleht\",\"item\":\"https:\\\/\\\/toidupakk.ee\\\/lt\\\/\"},{\"@type\":\"ListItem\",\"position\":2,\"name\":\"El. parduotuv\u0117\",\"item\":\"https:\\\/\\\/toidupakk.ee\\\/lt\\\/el-parduotuve\\\/\"},{\"@type\":\"ListItem\",\"position\":3,\"name\":\"WeekPack Juliett 2010 g (be m\u0117sos)\"}]},{\"@type\":\"WebSite\",\"@id\":\"https:\\\/\\\/toidupakk.ee\\\/lt\\\/#website\",\"url\":\"https:\\\/\\\/toidupakk.ee\\\/lt\\\/\",\"name\":\"Toidupakk.ee - Tactical Foodpack toidupakid\",\"description\":\"Tactical Foodpack k\u00fclmkuivatatud toidupakid ja matkaeined\",\"publisher\":{\"@id\":\"https:\\\/\\\/toidupakk.ee\\\/lt\\\/#organization\"},\"potentialAction\":[{\"@type\":\"SearchAction\",\"target\":{\"@type\":\"EntryPoint\",\"urlTemplate\":\"https:\\\/\\\/toidupakk.ee\\\/lt\\\/?s={search_term_string}\"},\"query-input\":{\"@type\":\"PropertyValueSpecification\",\"valueRequired\":true,\"valueName\":\"search_term_string\"}}],\"inLanguage\":\"lt-LT\"},{\"@type\":\"Organization\",\"@id\":\"https:\\\/\\\/toidupakk.ee\\\/lt\\\/#organization\",\"name\":\"Tactical Foodpack matkaeined\",\"url\":\"https:\\\/\\\/toidupakk.ee\\\/lt\\\/\",\"logo\":{\"@type\":\"ImageObject\",\"inLanguage\":\"lt-LT\",\"@id\":\"https:\\\/\\\/toidupakk.ee\\\/lt\\\/#\\\/schema\\\/logo\\\/image\\\/\",\"url\":\"https:\\\/\\\/toidupakk.ee\\\/wp-content\\\/uploads\\\/2022\\\/01\\\/Toidupakk-matkapood-logo-transparent.png\",\"contentUrl\":\"https:\\\/\\\/toidupakk.ee\\\/wp-content\\\/uploads\\\/2022\\\/01\\\/Toidupakk-matkapood-logo-transparent.png\",\"width\":500,\"height\":500,\"caption\":\"Tactical Foodpack matkaeined\"},\"image\":{\"@id\":\"https:\\\/\\\/toidupakk.ee\\\/lt\\\/#\\\/schema\\\/logo\\\/image\\\/\"},\"sameAs\":[\"https:\\\/\\\/www.facebook.com\\\/Toidupakk\",\"https:\\\/\\\/www.instagram.com\\\/toidupakk\\\/\"]}]}<\/script>\n<!-- \/ Yoast SEO plugin. -->","yoast_head_json":{"title":"WeekPack Juliett 2010 g (be m\u0117sos) - Toidupakk.ee - Tactical Foodpack toidupakid","description":"Visos savait\u0117s maisto atsargos be m\u0117sos \u201eWeekPack Juliett\u201c vienam asmeniui. Pasiimk \u012f \u017eyg\u012f arba papildyk atsargas namuose. Galiojimo laikas \u2013 8 metai.","robots":{"index":"index","follow":"follow","max-snippet":"max-snippet:-1","max-image-preview":"max-image-preview:large","max-video-preview":"max-video-preview:-1"},"canonical":"https:\/\/toidupakk.ee\/lt\/toode\/weekpack-juliett-2010-g-be-mesos\/","og_locale":"lt_LT","og_type":"article","og_title":"WeekPack Juliett 2010 g (be m\u0117sos) - Toidupakk.ee - Tactical Foodpack toidupakid","og_description":"Visos savait\u0117s maisto atsargos be m\u0117sos \u201eWeekPack Juliett\u201c vienam asmeniui. Pasiimk \u012f \u017eyg\u012f arba papildyk atsargas namuose. Galiojimo laikas \u2013 8 metai.","og_url":"https:\/\/toidupakk.ee\/lt\/toode\/weekpack-juliett-2010-g-be-mesos\/","og_site_name":"Toidupakk.ee - Tactical Foodpack toidupakid","article_publisher":"https:\/\/www.facebook.com\/Toidupakk","article_modified_time":"2026-04-21T09:00:46+00:00","og_image":[{"width":1920,"height":1920,"url":"https:\/\/toidupakk.ee\/wp-content\/uploads\/2022\/01\/Weekpack-Juliett-Front.png","type":"image\/png"}],"twitter_card":"summary_large_image","twitter_misc":{"Est. reading time":"2 minut\u0117s"},"schema":{"@context":"https:\/\/schema.org","@graph":[{"@type":"WebPage","@id":"https:\/\/toidupakk.ee\/lt\/toode\/weekpack-juliett-2010-g-be-mesos\/","url":"https:\/\/toidupakk.ee\/lt\/toode\/weekpack-juliett-2010-g-be-mesos\/","name":"WeekPack Juliett 2010 g (be m\u0117sos) - Toidupakk.ee - Tactical Foodpack toidupakid","isPartOf":{"@id":"https:\/\/toidupakk.ee\/lt\/#website"},"primaryImageOfPage":{"@id":"https:\/\/toidupakk.ee\/lt\/toode\/weekpack-juliett-2010-g-be-mesos\/#primaryimage"},"image":{"@id":"https:\/\/toidupakk.ee\/lt\/toode\/weekpack-juliett-2010-g-be-mesos\/#primaryimage"},"thumbnailUrl":"https:\/\/toidupakk.ee\/wp-content\/uploads\/2022\/01\/Weekpack-Juliett-Front.png","datePublished":"2022-01-18T14:52:59+00:00","dateModified":"2026-04-21T09:00:46+00:00","description":"Visos savait\u0117s maisto atsargos be m\u0117sos \u201eWeekPack Juliett\u201c vienam asmeniui. Pasiimk \u012f \u017eyg\u012f arba papildyk atsargas namuose. Galiojimo laikas \u2013 8 metai.","breadcrumb":{"@id":"https:\/\/toidupakk.ee\/lt\/toode\/weekpack-juliett-2010-g-be-mesos\/#breadcrumb"},"inLanguage":"lt-LT","potentialAction":[{"@type":"ReadAction","target":["https:\/\/toidupakk.ee\/lt\/toode\/weekpack-juliett-2010-g-be-mesos\/"]}]},{"@type":"ImageObject","inLanguage":"lt-LT","@id":"https:\/\/toidupakk.ee\/lt\/toode\/weekpack-juliett-2010-g-be-mesos\/#primaryimage","url":"https:\/\/toidupakk.ee\/wp-content\/uploads\/2022\/01\/Weekpack-Juliett-Front.png","contentUrl":"https:\/\/toidupakk.ee\/wp-content\/uploads\/2022\/01\/Weekpack-Juliett-Front.png","width":1920,"height":1920},{"@type":"BreadcrumbList","@id":"https:\/\/toidupakk.ee\/lt\/toode\/weekpack-juliett-2010-g-be-mesos\/#breadcrumb","itemListElement":[{"@type":"ListItem","position":1,"name":"Avaleht","item":"https:\/\/toidupakk.ee\/lt\/"},{"@type":"ListItem","position":2,"name":"El. parduotuv\u0117","item":"https:\/\/toidupakk.ee\/lt\/el-parduotuve\/"},{"@type":"ListItem","position":3,"name":"WeekPack Juliett 2010 g (be m\u0117sos)"}]},{"@type":"WebSite","@id":"https:\/\/toidupakk.ee\/lt\/#website","url":"https:\/\/toidupakk.ee\/lt\/","name":"Toidupakk.ee - Tactical Foodpack toidupakid","description":"Tactical Foodpack k\u00fclmkuivatatud toidupakid ja matkaeined","publisher":{"@id":"https:\/\/toidupakk.ee\/lt\/#organization"},"potentialAction":[{"@type":"SearchAction","target":{"@type":"EntryPoint","urlTemplate":"https:\/\/toidupakk.ee\/lt\/?s={search_term_string}"},"query-input":{"@type":"PropertyValueSpecification","valueRequired":true,"valueName":"search_term_string"}}],"inLanguage":"lt-LT"},{"@type":"Organization","@id":"https:\/\/toidupakk.ee\/lt\/#organization","name":"Tactical Foodpack matkaeined","url":"https:\/\/toidupakk.ee\/lt\/","logo":{"@type":"ImageObject","inLanguage":"lt-LT","@id":"https:\/\/toidupakk.ee\/lt\/#\/schema\/logo\/image\/","url":"https:\/\/toidupakk.ee\/wp-content\/uploads\/2022\/01\/Toidupakk-matkapood-logo-transparent.png","contentUrl":"https:\/\/toidupakk.ee\/wp-content\/uploads\/2022\/01\/Toidupakk-matkapood-logo-transparent.png","width":500,"height":500,"caption":"Tactical Foodpack matkaeined"},"image":{"@id":"https:\/\/toidupakk.ee\/lt\/#\/schema\/logo\/image\/"},"sameAs":["https:\/\/www.facebook.com\/Toidupakk","https:\/\/www.instagram.com\/toidupakk\/"]}]}},"jetpack_sharing_enabled":true,"_links":{"self":[{"href":"https:\/\/toidupakk.ee\/lt\/wp-json\/wp\/v2\/product\/47378","targetHints":{"allow":["GET"]}}],"collection":[{"href":"https:\/\/toidupakk.ee\/lt\/wp-json\/wp\/v2\/product"}],"about":[{"href":"https:\/\/toidupakk.ee\/lt\/wp-json\/wp\/v2\/types\/product"}],"replies":[{"embeddable":true,"href":"https:\/\/toidupakk.ee\/lt\/wp-json\/wp\/v2\/comments?post=47378"}],"wp:featuredmedia":[{"embeddable":true,"href":"https:\/\/toidupakk.ee\/lt\/wp-json\/wp\/v2\/media\/47389"}],"wp:attachment":[{"href":"https:\/\/toidupakk.ee\/lt\/wp-json\/wp\/v2\/media?parent=47378"}],"wp:term":[{"taxonomy":"product_brand","embeddable":true,"href":"https:\/\/toidupakk.ee\/lt\/wp-json\/wp\/v2\/product_brand?post=47378"},{"taxonomy":"product_cat","embeddable":true,"href":"https:\/\/toidupakk.ee\/lt\/wp-json\/wp\/v2\/product_cat?post=47378"},{"taxonomy":"product_tag","embeddable":true,"href":"https:\/\/toidupakk.ee\/lt\/wp-json\/wp\/v2\/product_tag?post=47378"}],"curies":[{"name":"wp","href":"https:\/\/api.w.org\/{rel}","templated":true}]}}