{"id":47377,"date":"2022-03-23T09:55:10","date_gmt":"2022-03-23T07:55:10","guid":{"rendered":"https:\/\/toidupakk.ee\/toode\/zygio-kuprine-75l-mil-tec\/"},"modified":"2026-04-16T01:30:41","modified_gmt":"2026-04-15T22:30:41","slug":"zygio-kuprine-75l-mil-tec","status":"publish","type":"product","link":"https:\/\/toidupakk.ee\/lt\/toode\/zygio-kuprine-75l-mil-tec\/","title":{"rendered":"\u017dygio kuprin\u0117 75l MIL-TEC"},"content":{"rendered":"<h1><img fetchpriority=\"high\" decoding=\"async\" class=\"wp-image-1624 size-thumbnail alignright\" src=\"https:\/\/toidupakk.ee\/wp-content\/uploads\/2022\/03\/5-1-500x500.png\" alt=\"\u017dygio kuprin\u0117\" width=\"500\" height=\"500\" srcset=\"https:\/\/toidupakk.ee\/wp-content\/uploads\/2022\/03\/5-1-500x500.png 500w, https:\/\/toidupakk.ee\/wp-content\/uploads\/2022\/03\/5-1-400x400.png 400w, https:\/\/toidupakk.ee\/wp-content\/uploads\/2022\/03\/5-1-100x100.png 100w, https:\/\/toidupakk.ee\/wp-content\/uploads\/2022\/03\/5-1-800x800.png 800w, https:\/\/toidupakk.ee\/wp-content\/uploads\/2022\/03\/5-1-300x300.png 300w, https:\/\/toidupakk.ee\/wp-content\/uploads\/2022\/03\/5-1-1024x1024.png 1024w, https:\/\/toidupakk.ee\/wp-content\/uploads\/2022\/03\/5-1-768x768.png 768w, https:\/\/toidupakk.ee\/wp-content\/uploads\/2022\/03\/5-1.png 1080w\" sizes=\"(max-width: 500px) 100vw, 500px\" \/><\/h1>\n<h1>\u017dygio kuprin\u0117je turi tilpti visa \u017eygio \u012franga<\/h1>\n<p>\u017dygio kuprin\u0117je turi tilpti <a href=\"https:\/\/toidupakk.ee\/tactical-foodpack\/ulikerge-magamiskott-matkale-yellowstone-ultra-light-150\/\">miegmai\u0161is<\/a>, palapin\u0117, <a href=\"https:\/\/toidupakk.ee\/tactical-foodpack\/joogipudel-mil-tec-06l\/\">gertuv\u0117<\/a>, drabu\u017eiai, <a href=\"https:\/\/toidupakk.ee\/lt\/el-parduotuve\/\">maistas<\/a>, dujin\u0117 virykl\u0117 ir t. t. \u017dygyje prireikia daugyb\u0117s daikt\u0173, kuriuos b\u016btina sutalpinti \u012f patogi\u0105 ne\u0161tis kuprin\u0119. \u201eMil-Tec\u201c \u017eygio kuprin\u0117 turi vien\u0105 didel\u012f skyri\u0173, kur\u012f galima sutraukti virvele ir taip dar \u0161iek tiek padidinti. Po pagrindiniu skyriumi yra ma\u017eesn\u0117 atskira dalis su u\u017etrauktuku. \u0160onuose tarp dviej\u0173 skyri\u0173 yra nedidel\u0117s angos, skirtos patogiai laikyti \u017eygio lazdas, sulankstyt\u0105 me\u0161ker\u0119 ar kitus ilgus daiktus \u2013 taip i\u0161naudojamas visas kuprin\u0117s ilgis ir ilgi daiktai niekur nei\u0161siki\u0161a.<br \/>\nKuprin\u0117s \u0161onuose yra dvi didesn\u0117s ki\u0161en\u0117s su u\u017etrauktukais, o ant dir\u017e\u0173 \u2013 patogiai pasiekiamos ma\u017eesn\u0117s ki\u0161en\u0117l\u0117s, kuriose gera laikyti, pavyzd\u017eiui, telefon\u0105, raktus ar <a href=\"\/?product_cat=snakk#section-3-79\">greitus u\u017ekand\u017eius<\/a>. Taip pat daiktus galima laikyti kuprin\u0117s atvarto ki\u0161en\u0117je, kurioje pasl\u0117ptas integruotas neper\u0161lampamas u\u017edangalas. Jis u\u017etikrina maksimal\u0173 atsparum\u0105 vandeniui net ekstremaliomis s\u0105lygomis.      <\/p>\n<p>&nbsp;<\/p>\n<h2>Patogi ir tvirta \u017eygio kuprin\u0117<\/h2>\n<p>\u201eMil-Tec\u201c \u017eygio kuprin\u0117 pagaminta i\u0161 patvaraus 100 % 600D poliesterio, padengto PVC danga. Tai u\u017etikrina med\u017eiagos atsparum\u0105 vandeniui ir didel\u012f atsparum\u0105 dilimui.<br \/>\nKuprin\u0117s nugar\u0117l\u0117 sutvirtinta aliuminio r\u0117mu, kuris suteikia stabilumo ir padeda i\u0161laikyti form\u0105. Prireikus r\u0117m\u0105 galima i\u0161imti.<br \/>\nKuprin\u0117s panaudojimas tikrai platesnis nei tik \u017eygiai \u2013 \u0161i patogi kuprin\u0117 pravers ir \u0161eimos i\u0161vykose, med\u017eiokl\u0117je, kelion\u0117se laivu, l\u0117ktuvu ir t. t.  <\/p>\n<p>&nbsp;<\/p>\n<h3>Susireguliuok \u017eygio kuprin\u0119 pagal save<\/h3>\n<p>Reguliuojami pe\u010di\u0173 dir\u017eai kartu su pla\u010diu juosmens dir\u017eu ir nugaros dalimi yra mink\u0161tai pamink\u0161tinti, tod\u0117l suteikia daugiau komforto. Kuprin\u0117 sutvirtinta tose vietose, kurioms tenka did\u017eiausia apkrova \u2013 ties nugara, pe\u010diais ir juosmeniu. Be to, pamink\u0161tinimo med\u017eiaga i\u0161garina dr\u0117gm\u0119, dar labiau padidindama komforto poj\u016bt\u012f. Visi dir\u017eai lengvai reguliuojami, o komplekte yra papildom\u0173 sag\u010di\u0173, jei jos sul\u016b\u017et\u0173, u\u017estrigt\u0173 ar pan.<br \/>\nPapildomi dir\u017eeliai ir D formos \u017eiedai leid\u017eia prie kuprin\u0117s pritvirtinti kit\u0105 \u012frang\u0105, pavyzd\u017eiui, <a href=\"https:\/\/toidupakk.ee\/tactical-foodpack\/multitooriist-mil-tec-black-cobra\/\">daugiafunkc\u012f \u012frank\u012f<\/a>, <a href=\"https:\/\/toidupakk.ee\/tactical-foodpack\/joogipudel-mil-tec-06l\/\">gertuv\u0119<\/a> ir kt.   <\/p>\n<p>&nbsp;<\/p>\n<h3>\u201eMil-Tec\u201c \u017eygio kuprin\u0117je tilps daug gero maisto<\/h3>\n<p>\u201eTactical Foodpack\u201c gamina kokybi\u0161k\u0105, vietin\u012f, \u0161al\u010diu d\u017eiovint\u0105 \u017eygio maist\u0105 tiek karin\u0117ms misijoms, tiek paprastiems naudotojams. Ruo\u0161iantis \u012f \u017eyg\u012f verta pasiimti kuo daugiau lengvo, \u012fvairiapusio ir sotaus maisto. Patiekalus gali komplektuoti po vien\u0105 <a href=\"\/?product_cat=hommikusook#section-3-79\">pusry\u010diams<\/a>, <a href=\"\/?product_cat=supp#section-3-79\">pietums<\/a> ir <a href=\"\/?product_cat=pearoog#section-3-79\">vakarienei<\/a>; <a href=\"\/?product_cat=weekpack#section-3-79\">visai savaitei<\/a> arba rinktis <a href=\"\/?product_cat=combo#section-3-79\">rinkinius<\/a>.  <\/p>\n<p>&nbsp;<\/p>\n<p>Daugiau \u017eygio preki\u0173 rasi <a href=\"https:\/\/toidupakk.ee\/lt\/tootekategooria\/zygio-iranga\/#section-3-79\">\u010cIA<\/a><\/p>\n<p>Daugiau \u017eygio maisto rasite <a href=\"\/?product_cat=snakk#section-3-79\">\u010cIA<\/a><\/p>\n<p>Pasisemk \u012fkv\u0117pimo kitiems nuotykiams \u201eToidupakk\u201c <a href=\"https:\/\/www.instagram.com\/toidupakk\/\">Instagram<\/a> ir <a href=\"https:\/\/www.facebook.com\/Toidupakk\/\">Facebook<\/a> paskyrose.<\/p>\n","protected":false},"excerpt":{"rendered":"<p><strong>Erdvi dviej\u0173 skyri\u0173 kuprin\u0117 turi didel\u012f pagrindin\u012f skyri\u0173 su virvele, apatin\u012f skyri\u0173 su dvipusiu u\u017etrauktuku, integruot\u0105 lengv\u0105 aliuminio sutvirtinimo konstrukcij\u0105, pamink\u0161tint\u0105 juosmens dir\u017e\u0105 ir pe\u010di\u0173 dir\u017eus, kr\u016btin\u0117s dir\u017e\u0105, kilpas ir dir\u017eelius kitai \u012frangai tvirtinti. Prie kuprin\u0117s prid\u0117tas u\u017edangalas nuo lietaus. <\/strong><\/p>\n<ul>\n<li>Papildomi pamink\u0161tinimai ant pe\u010di\u0173 dir\u017e\u0173<\/li>\n<li>Vandeniui atsparus u\u017edangalas nuo lietaus<\/li>\n<li>Reguliuojamas lengvas aliuminio r\u0117mas rei\u0161kia, kad kuprin\u0117s auk\u0161t\u012f galima reguliuoti pagal naudotojo \u016bg\u012f, kad kuprin\u0117s svorio centras i\u0161likt\u0173 optimaliame auk\u0161tyje<\/li>\n<li>Reguliuojami papildomi dir\u017eai ties juosmeniu ir kr\u016btine geresniam apkrovos paskirstymui<\/li>\n<li>Kuprin\u0117s svoris tolygiai paskirstomas pe\u010diams ir juosmeniui<\/li>\n<li>Talpa: 75 l<\/li>\n<li>Svoris: 1600 g<\/li>\n<li>Matmenys: 70 x 35 x 20 cm<\/li>\n<li>Med\u017eiaga: 100 % poliesteris 600D PVC, padengtas vandeniui atspariu polivinilchloridu<\/li>\n<li>Spalva: juoda<\/li>\n<li>Sutvirtinimo r\u0117mas: aliuminis<\/li>\n<li>Komplekte esantys priedai: u\u017edangalas nuo lietaus, tvirtinimo kilpos, sagtys ir dir\u017eeliai papildomai \u012frangai tvirtinti (palapinei, miegmai\u0161iui, kilim\u0117liui)<\/li>\n<\/ul>\n<p>\u2705 Turime sand\u0117lyje, greitas pristatymas per 1\u20133 darbo dienas<br \/>\n\u2705 Pirk dabar, mok\u0117k v\u0117liau (pal\u016bkanos 0 %)<\/p>\n","protected":false},"featured_media":1624,"comment_status":"open","ping_status":"closed","template":"","meta":{"_acf_changed":false},"product_brand":[],"product_cat":[193,202,201,210,200,189,190],"product_tag":[],"class_list":{"0":"post-47377","1":"product","2":"type-product","3":"status-publish","4":"has-post-thumbnail","6":"product_cat-karine-ekipuote","7":"product_cat-krepsiai","8":"product_cat-kuprines","9":"product_cat-mil-tec","10":"product_cat-praktiskos-dovanu-idejos","11":"product_cat-zygio-iranga","12":"product_cat-zygio-prekes","14":"first","15":"onbackorder","16":"taxable","17":"shipping-taxable","18":"purchasable","19":"product-type-simple"},"bundled_by":[],"bundle_stock_status":"onbackorder","bundle_stock_quantity":0,"bundle_virtual":false,"bundle_layout":"","bundle_add_to_cart_form_location":"","bundle_editable_in_cart":false,"bundle_sold_individually_context":"","bundle_item_grouping":"","bundle_min_size":"","bundle_max_size":"","bundle_price":[],"bundled_items":[],"bundle_sell_ids":[],"acf":[],"yoast_head":"<!-- This site is optimized with the Yoast SEO plugin v27.3 - https:\/\/yoast.com\/product\/yoast-seo-wordpress\/ -->\n<title>\u017dygio kuprin\u0117 MIL-TEC\u00ae 75 litr\u0173<\/title>\n<meta name=\"description\" content=\"Didel\u0117s talpos (75 l) \u017eygio kuprin\u0117. Sutvirtintas aliuminio r\u0117mas, ergonomi\u0161kas dizainas, mink\u0161ti pamink\u0161tinti pe\u010di\u0173 dir\u017eai ir reguliuojamas svorio centras.\" \/>\n<meta name=\"robots\" content=\"index, follow, max-snippet:-1, max-image-preview:large, max-video-preview:-1\" \/>\n<link rel=\"canonical\" href=\"https:\/\/toidupakk.ee\/lt\/toode\/zygio-kuprine-75l-mil-tec\/\" \/>\n<meta property=\"og:locale\" content=\"lt_LT\" \/>\n<meta property=\"og:type\" content=\"article\" \/>\n<meta property=\"og:title\" content=\"\u017dygio kuprin\u0117 MIL-TEC\u00ae 75 litr\u0173\" \/>\n<meta property=\"og:description\" content=\"Didel\u0117s talpos (75 l) \u017eygio kuprin\u0117. Sutvirtintas aliuminio r\u0117mas, ergonomi\u0161kas dizainas, mink\u0161ti pamink\u0161tinti pe\u010di\u0173 dir\u017eai ir reguliuojamas svorio centras.\" \/>\n<meta property=\"og:url\" content=\"https:\/\/toidupakk.ee\/lt\/toode\/zygio-kuprine-75l-mil-tec\/\" \/>\n<meta property=\"og:site_name\" content=\"Toidupakk.ee - Tactical Foodpack toidupakid\" \/>\n<meta property=\"article:publisher\" content=\"https:\/\/www.facebook.com\/Toidupakk\" \/>\n<meta property=\"article:modified_time\" content=\"2026-04-15T22:30:41+00:00\" \/>\n<meta property=\"og:image\" content=\"https:\/\/toidupakk.ee\/wp-content\/uploads\/2022\/03\/5-1.png\" \/>\n\t<meta property=\"og:image:width\" content=\"1080\" \/>\n\t<meta property=\"og:image:height\" content=\"1080\" \/>\n\t<meta property=\"og:image:type\" content=\"image\/png\" \/>\n<meta name=\"twitter:card\" content=\"summary_large_image\" \/>\n<meta name=\"twitter:label1\" content=\"Est. reading time\" \/>\n\t<meta name=\"twitter:data1\" content=\"2 minut\u0117s\" \/>\n<script type=\"application\/ld+json\" class=\"yoast-schema-graph\">{\"@context\":\"https:\\\/\\\/schema.org\",\"@graph\":[{\"@type\":\"WebPage\",\"@id\":\"https:\\\/\\\/toidupakk.ee\\\/lt\\\/toode\\\/zygio-kuprine-75l-mil-tec\\\/\",\"url\":\"https:\\\/\\\/toidupakk.ee\\\/lt\\\/toode\\\/zygio-kuprine-75l-mil-tec\\\/\",\"name\":\"\u017dygio kuprin\u0117 MIL-TEC\u00ae 75 litr\u0173\",\"isPartOf\":{\"@id\":\"https:\\\/\\\/toidupakk.ee\\\/lt\\\/#website\"},\"primaryImageOfPage\":{\"@id\":\"https:\\\/\\\/toidupakk.ee\\\/lt\\\/toode\\\/zygio-kuprine-75l-mil-tec\\\/#primaryimage\"},\"image\":{\"@id\":\"https:\\\/\\\/toidupakk.ee\\\/lt\\\/toode\\\/zygio-kuprine-75l-mil-tec\\\/#primaryimage\"},\"thumbnailUrl\":\"https:\\\/\\\/toidupakk.ee\\\/wp-content\\\/uploads\\\/2022\\\/03\\\/5-1.png\",\"datePublished\":\"2022-03-23T07:55:10+00:00\",\"dateModified\":\"2026-04-15T22:30:41+00:00\",\"description\":\"Didel\u0117s talpos (75 l) \u017eygio kuprin\u0117. Sutvirtintas aliuminio r\u0117mas, ergonomi\u0161kas dizainas, mink\u0161ti pamink\u0161tinti pe\u010di\u0173 dir\u017eai ir reguliuojamas svorio centras.\",\"breadcrumb\":{\"@id\":\"https:\\\/\\\/toidupakk.ee\\\/lt\\\/toode\\\/zygio-kuprine-75l-mil-tec\\\/#breadcrumb\"},\"inLanguage\":\"lt-LT\",\"potentialAction\":[{\"@type\":\"ReadAction\",\"target\":[\"https:\\\/\\\/toidupakk.ee\\\/lt\\\/toode\\\/zygio-kuprine-75l-mil-tec\\\/\"]}]},{\"@type\":\"ImageObject\",\"inLanguage\":\"lt-LT\",\"@id\":\"https:\\\/\\\/toidupakk.ee\\\/lt\\\/toode\\\/zygio-kuprine-75l-mil-tec\\\/#primaryimage\",\"url\":\"https:\\\/\\\/toidupakk.ee\\\/wp-content\\\/uploads\\\/2022\\\/03\\\/5-1.png\",\"contentUrl\":\"https:\\\/\\\/toidupakk.ee\\\/wp-content\\\/uploads\\\/2022\\\/03\\\/5-1.png\",\"width\":1080,\"height\":1080,\"caption\":\"Matka seljakott\"},{\"@type\":\"BreadcrumbList\",\"@id\":\"https:\\\/\\\/toidupakk.ee\\\/lt\\\/toode\\\/zygio-kuprine-75l-mil-tec\\\/#breadcrumb\",\"itemListElement\":[{\"@type\":\"ListItem\",\"position\":1,\"name\":\"Avaleht\",\"item\":\"https:\\\/\\\/toidupakk.ee\\\/lt\\\/\"},{\"@type\":\"ListItem\",\"position\":2,\"name\":\"El. parduotuv\u0117\",\"item\":\"https:\\\/\\\/toidupakk.ee\\\/lt\\\/el-parduotuve\\\/\"},{\"@type\":\"ListItem\",\"position\":3,\"name\":\"\u017dygio kuprin\u0117 75l MIL-TEC\"}]},{\"@type\":\"WebSite\",\"@id\":\"https:\\\/\\\/toidupakk.ee\\\/lt\\\/#website\",\"url\":\"https:\\\/\\\/toidupakk.ee\\\/lt\\\/\",\"name\":\"Toidupakk.ee - Tactical Foodpack toidupakid\",\"description\":\"Tactical Foodpack k\u00fclmkuivatatud toidupakid ja matkaeined\",\"publisher\":{\"@id\":\"https:\\\/\\\/toidupakk.ee\\\/lt\\\/#organization\"},\"potentialAction\":[{\"@type\":\"SearchAction\",\"target\":{\"@type\":\"EntryPoint\",\"urlTemplate\":\"https:\\\/\\\/toidupakk.ee\\\/lt\\\/?s={search_term_string}\"},\"query-input\":{\"@type\":\"PropertyValueSpecification\",\"valueRequired\":true,\"valueName\":\"search_term_string\"}}],\"inLanguage\":\"lt-LT\"},{\"@type\":\"Organization\",\"@id\":\"https:\\\/\\\/toidupakk.ee\\\/lt\\\/#organization\",\"name\":\"Tactical Foodpack matkaeined\",\"url\":\"https:\\\/\\\/toidupakk.ee\\\/lt\\\/\",\"logo\":{\"@type\":\"ImageObject\",\"inLanguage\":\"lt-LT\",\"@id\":\"https:\\\/\\\/toidupakk.ee\\\/lt\\\/#\\\/schema\\\/logo\\\/image\\\/\",\"url\":\"https:\\\/\\\/toidupakk.ee\\\/wp-content\\\/uploads\\\/2022\\\/01\\\/Toidupakk-matkapood-logo-transparent.png\",\"contentUrl\":\"https:\\\/\\\/toidupakk.ee\\\/wp-content\\\/uploads\\\/2022\\\/01\\\/Toidupakk-matkapood-logo-transparent.png\",\"width\":500,\"height\":500,\"caption\":\"Tactical Foodpack matkaeined\"},\"image\":{\"@id\":\"https:\\\/\\\/toidupakk.ee\\\/lt\\\/#\\\/schema\\\/logo\\\/image\\\/\"},\"sameAs\":[\"https:\\\/\\\/www.facebook.com\\\/Toidupakk\",\"https:\\\/\\\/www.instagram.com\\\/toidupakk\\\/\"]}]}<\/script>\n<!-- \/ Yoast SEO plugin. -->","yoast_head_json":{"title":"\u017dygio kuprin\u0117 MIL-TEC\u00ae 75 litr\u0173","description":"Didel\u0117s talpos (75 l) \u017eygio kuprin\u0117. Sutvirtintas aliuminio r\u0117mas, ergonomi\u0161kas dizainas, mink\u0161ti pamink\u0161tinti pe\u010di\u0173 dir\u017eai ir reguliuojamas svorio centras.","robots":{"index":"index","follow":"follow","max-snippet":"max-snippet:-1","max-image-preview":"max-image-preview:large","max-video-preview":"max-video-preview:-1"},"canonical":"https:\/\/toidupakk.ee\/lt\/toode\/zygio-kuprine-75l-mil-tec\/","og_locale":"lt_LT","og_type":"article","og_title":"\u017dygio kuprin\u0117 MIL-TEC\u00ae 75 litr\u0173","og_description":"Didel\u0117s talpos (75 l) \u017eygio kuprin\u0117. Sutvirtintas aliuminio r\u0117mas, ergonomi\u0161kas dizainas, mink\u0161ti pamink\u0161tinti pe\u010di\u0173 dir\u017eai ir reguliuojamas svorio centras.","og_url":"https:\/\/toidupakk.ee\/lt\/toode\/zygio-kuprine-75l-mil-tec\/","og_site_name":"Toidupakk.ee - Tactical Foodpack toidupakid","article_publisher":"https:\/\/www.facebook.com\/Toidupakk","article_modified_time":"2026-04-15T22:30:41+00:00","og_image":[{"width":1080,"height":1080,"url":"https:\/\/toidupakk.ee\/wp-content\/uploads\/2022\/03\/5-1.png","type":"image\/png"}],"twitter_card":"summary_large_image","twitter_misc":{"Est. reading time":"2 minut\u0117s"},"schema":{"@context":"https:\/\/schema.org","@graph":[{"@type":"WebPage","@id":"https:\/\/toidupakk.ee\/lt\/toode\/zygio-kuprine-75l-mil-tec\/","url":"https:\/\/toidupakk.ee\/lt\/toode\/zygio-kuprine-75l-mil-tec\/","name":"\u017dygio kuprin\u0117 MIL-TEC\u00ae 75 litr\u0173","isPartOf":{"@id":"https:\/\/toidupakk.ee\/lt\/#website"},"primaryImageOfPage":{"@id":"https:\/\/toidupakk.ee\/lt\/toode\/zygio-kuprine-75l-mil-tec\/#primaryimage"},"image":{"@id":"https:\/\/toidupakk.ee\/lt\/toode\/zygio-kuprine-75l-mil-tec\/#primaryimage"},"thumbnailUrl":"https:\/\/toidupakk.ee\/wp-content\/uploads\/2022\/03\/5-1.png","datePublished":"2022-03-23T07:55:10+00:00","dateModified":"2026-04-15T22:30:41+00:00","description":"Didel\u0117s talpos (75 l) \u017eygio kuprin\u0117. Sutvirtintas aliuminio r\u0117mas, ergonomi\u0161kas dizainas, mink\u0161ti pamink\u0161tinti pe\u010di\u0173 dir\u017eai ir reguliuojamas svorio centras.","breadcrumb":{"@id":"https:\/\/toidupakk.ee\/lt\/toode\/zygio-kuprine-75l-mil-tec\/#breadcrumb"},"inLanguage":"lt-LT","potentialAction":[{"@type":"ReadAction","target":["https:\/\/toidupakk.ee\/lt\/toode\/zygio-kuprine-75l-mil-tec\/"]}]},{"@type":"ImageObject","inLanguage":"lt-LT","@id":"https:\/\/toidupakk.ee\/lt\/toode\/zygio-kuprine-75l-mil-tec\/#primaryimage","url":"https:\/\/toidupakk.ee\/wp-content\/uploads\/2022\/03\/5-1.png","contentUrl":"https:\/\/toidupakk.ee\/wp-content\/uploads\/2022\/03\/5-1.png","width":1080,"height":1080,"caption":"Matka seljakott"},{"@type":"BreadcrumbList","@id":"https:\/\/toidupakk.ee\/lt\/toode\/zygio-kuprine-75l-mil-tec\/#breadcrumb","itemListElement":[{"@type":"ListItem","position":1,"name":"Avaleht","item":"https:\/\/toidupakk.ee\/lt\/"},{"@type":"ListItem","position":2,"name":"El. parduotuv\u0117","item":"https:\/\/toidupakk.ee\/lt\/el-parduotuve\/"},{"@type":"ListItem","position":3,"name":"\u017dygio kuprin\u0117 75l MIL-TEC"}]},{"@type":"WebSite","@id":"https:\/\/toidupakk.ee\/lt\/#website","url":"https:\/\/toidupakk.ee\/lt\/","name":"Toidupakk.ee - Tactical Foodpack toidupakid","description":"Tactical Foodpack k\u00fclmkuivatatud toidupakid ja matkaeined","publisher":{"@id":"https:\/\/toidupakk.ee\/lt\/#organization"},"potentialAction":[{"@type":"SearchAction","target":{"@type":"EntryPoint","urlTemplate":"https:\/\/toidupakk.ee\/lt\/?s={search_term_string}"},"query-input":{"@type":"PropertyValueSpecification","valueRequired":true,"valueName":"search_term_string"}}],"inLanguage":"lt-LT"},{"@type":"Organization","@id":"https:\/\/toidupakk.ee\/lt\/#organization","name":"Tactical Foodpack matkaeined","url":"https:\/\/toidupakk.ee\/lt\/","logo":{"@type":"ImageObject","inLanguage":"lt-LT","@id":"https:\/\/toidupakk.ee\/lt\/#\/schema\/logo\/image\/","url":"https:\/\/toidupakk.ee\/wp-content\/uploads\/2022\/01\/Toidupakk-matkapood-logo-transparent.png","contentUrl":"https:\/\/toidupakk.ee\/wp-content\/uploads\/2022\/01\/Toidupakk-matkapood-logo-transparent.png","width":500,"height":500,"caption":"Tactical Foodpack matkaeined"},"image":{"@id":"https:\/\/toidupakk.ee\/lt\/#\/schema\/logo\/image\/"},"sameAs":["https:\/\/www.facebook.com\/Toidupakk","https:\/\/www.instagram.com\/toidupakk\/"]}]}},"jetpack_sharing_enabled":true,"_links":{"self":[{"href":"https:\/\/toidupakk.ee\/lt\/wp-json\/wp\/v2\/product\/47377","targetHints":{"allow":["GET"]}}],"collection":[{"href":"https:\/\/toidupakk.ee\/lt\/wp-json\/wp\/v2\/product"}],"about":[{"href":"https:\/\/toidupakk.ee\/lt\/wp-json\/wp\/v2\/types\/product"}],"replies":[{"embeddable":true,"href":"https:\/\/toidupakk.ee\/lt\/wp-json\/wp\/v2\/comments?post=47377"}],"wp:featuredmedia":[{"embeddable":true,"href":"https:\/\/toidupakk.ee\/lt\/wp-json\/wp\/v2\/media\/1624"}],"wp:attachment":[{"href":"https:\/\/toidupakk.ee\/lt\/wp-json\/wp\/v2\/media?parent=47377"}],"wp:term":[{"taxonomy":"product_brand","embeddable":true,"href":"https:\/\/toidupakk.ee\/lt\/wp-json\/wp\/v2\/product_brand?post=47377"},{"taxonomy":"product_cat","embeddable":true,"href":"https:\/\/toidupakk.ee\/lt\/wp-json\/wp\/v2\/product_cat?post=47377"},{"taxonomy":"product_tag","embeddable":true,"href":"https:\/\/toidupakk.ee\/lt\/wp-json\/wp\/v2\/product_tag?post=47377"}],"curies":[{"name":"wp","href":"https:\/\/api.w.org\/{rel}","templated":true}]}}