{"id":47367,"date":"2021-12-09T18:03:54","date_gmt":"2021-12-09T16:03:54","guid":{"rendered":"https:\/\/toidupakk.ee\/toode\/lauko-dusas\/"},"modified":"2026-04-04T01:01:11","modified_gmt":"2026-04-03T22:01:11","slug":"lauko-dusas","status":"publish","type":"product","link":"https:\/\/toidupakk.ee\/lt\/toode\/lauko-dusas\/","title":{"rendered":"Lauko du\u0161as"},"content":{"rendered":"<h1>Lauko du\u0161as<\/h1>\n<p>Tau tereikia 10 ml vandens. \u012epilk vanden\u012f \u012f mai\u0161el\u012f, kelis kartus paspausk ir prauskis. Pakuot\u0117je yra 2 \u0161luost\u0117s: viena vir\u0161utinei, kita apatinei k\u016bno daliai. Nereikia nuskalauti. Tavo oda liks \u0161vari ir sudr\u0117kinta.    <\/p>\n<p>Sud\u0117tis: natrio kokoilizetionatas, pantenolis, <span lang=\"et\">kvapioji med\u017eiaga<\/span><\/p>\n<p>\u0160luost\u0117s: p<span lang=\"et\">oliuretano putos<\/span><\/p>\n<p><iframe title=\"\u201eYouTube\u201c vaizdo \u012fra\u0161\u0173 grotuvas\" src=\"https:\/\/www.youtube.com\/embed\/10sObDvul34\" width=\"560\" height=\"315\" frameborder=\"0\" allowfullscreen=\"allowfullscreen\"><\/iframe><\/p>\n","protected":false},"excerpt":{"rendered":"<ul>\n<li>\u201eOutdoor Shower\u201c yra inovatyvus prausimosi b\u016bdas lauko s\u0105lygomis.<\/li>\n<li>Tai idealus ir paprastas sprendimas, kai esi ten, kur n\u0117ra vandens ir galimyb\u0117s nusiprausti.<\/li>\n<li>Draugi\u0161kas odai, neerzinantis ir be konservant\u0173.<\/li>\n<li>Produkto sud\u0117tyje yra pantenolio, tod\u0117l jis tinka ir pavir\u0161iniams \u012fbr\u0117\u017eimams bei \u017eaizdoms valyti.<\/li>\n<li><strong>Pakuot\u0117je yra 2 \u0161luost\u0117s, kurios reaguodamos su vandeniu pradeda putoti.<\/strong><\/li>\n<li>Atskiros \u0161luost\u0117s vir\u0161utinei ir apatinei k\u016bno daliai.<\/li>\n<\/ul>\n<p>\u2705 Turime sand\u0117lyje, greitas pristatymas per 1\u20133 darbo dienas<\/p>\n","protected":false},"featured_media":670,"comment_status":"open","ping_status":"closed","template":"","meta":{"_acf_changed":false},"product_brand":[],"product_cat":[217,189,190],"product_tag":[194],"class_list":{"0":"post-47367","1":"product","2":"type-product","3":"status-publish","4":"has-post-thumbnail","6":"product_cat-nakvyne-gamtoje","7":"product_cat-zygio-iranga","8":"product_cat-zygio-prekes","9":"product_tag-no_ads","11":"first","12":"instock","13":"taxable","14":"shipping-taxable","15":"purchasable","16":"product-type-simple"},"bundled_by":[],"bundle_stock_status":"instock","bundle_stock_quantity":18,"bundle_virtual":false,"bundle_layout":"","bundle_add_to_cart_form_location":"","bundle_editable_in_cart":false,"bundle_sold_individually_context":"","bundle_item_grouping":"","bundle_min_size":"","bundle_max_size":"","bundle_price":[],"bundled_items":[],"bundle_sell_ids":[],"acf":[],"yoast_head":"<!-- This site is optimized with the Yoast SEO plugin v27.1.1 - https:\/\/yoast.com\/product\/yoast-seo-wordpress\/ -->\n<title>Lauko du\u0161as<\/title>\n<meta name=\"description\" content=\"\u201eOutdoor Shower\u201c yra inovatyvus prausimosi b\u016bdas lauko s\u0105lygomis. Tai idealus ir paprastas sprendimas, kai esi ten, kur n\u0117ra vandens ir galimyb\u0117s nusiprausti.\" \/>\n<meta name=\"robots\" content=\"index, follow, max-snippet:-1, max-image-preview:large, max-video-preview:-1\" \/>\n<link rel=\"canonical\" href=\"https:\/\/toidupakk.ee\/lt\/toode\/lauko-dusas\/\" \/>\n<meta property=\"og:locale\" content=\"lt_LT\" \/>\n<meta property=\"og:type\" content=\"article\" \/>\n<meta property=\"og:title\" content=\"Lauko du\u0161as\" \/>\n<meta property=\"og:description\" content=\"\u201eOutdoor Shower\u201c yra inovatyvus prausimosi b\u016bdas lauko s\u0105lygomis. Tai idealus ir paprastas sprendimas, kai esi ten, kur n\u0117ra vandens ir galimyb\u0117s nusiprausti.\" \/>\n<meta property=\"og:url\" content=\"https:\/\/toidupakk.ee\/lt\/toode\/lauko-dusas\/\" \/>\n<meta property=\"og:site_name\" content=\"Toidupakk.ee - Tactical Foodpack toidupakid\" \/>\n<meta property=\"article:publisher\" content=\"https:\/\/www.facebook.com\/Toidupakk\" \/>\n<meta property=\"article:modified_time\" content=\"2026-04-03T22:01:11+00:00\" \/>\n<meta property=\"og:image\" content=\"https:\/\/toidupakk.ee\/wp-content\/uploads\/2021\/12\/Tactical_Shower_cut_out.png\" \/>\n\t<meta property=\"og:image:width\" content=\"1920\" \/>\n\t<meta property=\"og:image:height\" content=\"1920\" \/>\n\t<meta property=\"og:image:type\" content=\"image\/png\" \/>\n<meta name=\"twitter:card\" content=\"summary_large_image\" \/>\n<script type=\"application\/ld+json\" class=\"yoast-schema-graph\">{\"@context\":\"https:\/\/schema.org\",\"@graph\":[{\"@type\":\"WebPage\",\"@id\":\"https:\/\/toidupakk.ee\/lt\/toode\/lauko-dusas\/\",\"url\":\"https:\/\/toidupakk.ee\/lt\/toode\/lauko-dusas\/\",\"name\":\"Lauko du\u0161as\",\"isPartOf\":{\"@id\":\"https:\/\/toidupakk.ee\/lt\/#website\"},\"primaryImageOfPage\":{\"@id\":\"https:\/\/toidupakk.ee\/lt\/toode\/lauko-dusas\/#primaryimage\"},\"image\":{\"@id\":\"https:\/\/toidupakk.ee\/lt\/toode\/lauko-dusas\/#primaryimage\"},\"thumbnailUrl\":\"https:\/\/toidupakk.ee\/wp-content\/uploads\/2021\/12\/Tactical_Shower_cut_out.png\",\"datePublished\":\"2021-12-09T16:03:54+00:00\",\"dateModified\":\"2026-04-03T22:01:11+00:00\",\"description\":\"\u201eOutdoor Shower\u201c yra inovatyvus prausimosi b\u016bdas lauko s\u0105lygomis. Tai idealus ir paprastas sprendimas, kai esi ten, kur n\u0117ra vandens ir galimyb\u0117s nusiprausti.\",\"breadcrumb\":{\"@id\":\"https:\/\/toidupakk.ee\/lt\/toode\/lauko-dusas\/#breadcrumb\"},\"inLanguage\":\"lt-LT\",\"potentialAction\":[{\"@type\":\"ReadAction\",\"target\":[\"https:\/\/toidupakk.ee\/lt\/toode\/lauko-dusas\/\"]}]},{\"@type\":\"ImageObject\",\"inLanguage\":\"lt-LT\",\"@id\":\"https:\/\/toidupakk.ee\/lt\/toode\/lauko-dusas\/#primaryimage\",\"url\":\"https:\/\/toidupakk.ee\/wp-content\/uploads\/2021\/12\/Tactical_Shower_cut_out.png\",\"contentUrl\":\"https:\/\/toidupakk.ee\/wp-content\/uploads\/2021\/12\/Tactical_Shower_cut_out.png\",\"width\":1920,\"height\":1920,\"caption\":\"Tactical shower\"},{\"@type\":\"BreadcrumbList\",\"@id\":\"https:\/\/toidupakk.ee\/lt\/toode\/lauko-dusas\/#breadcrumb\",\"itemListElement\":[{\"@type\":\"ListItem\",\"position\":1,\"name\":\"Avaleht\",\"item\":\"https:\/\/toidupakk.ee\/lt\/\"},{\"@type\":\"ListItem\",\"position\":2,\"name\":\"El. parduotuv\u0117\",\"item\":\"https:\/\/toidupakk.ee\/lt\/el-parduotuve\/\"},{\"@type\":\"ListItem\",\"position\":3,\"name\":\"Lauko du\u0161as\"}]},{\"@type\":\"WebSite\",\"@id\":\"https:\/\/toidupakk.ee\/lt\/#website\",\"url\":\"https:\/\/toidupakk.ee\/lt\/\",\"name\":\"Toidupakk.ee - Tactical Foodpack toidupakid\",\"description\":\"Tactical Foodpack k\u00fclmkuivatatud toidupakid ja matkaeined\",\"publisher\":{\"@id\":\"https:\/\/toidupakk.ee\/lt\/#organization\"},\"potentialAction\":[{\"@type\":\"SearchAction\",\"target\":{\"@type\":\"EntryPoint\",\"urlTemplate\":\"https:\/\/toidupakk.ee\/lt\/?s={search_term_string}\"},\"query-input\":{\"@type\":\"PropertyValueSpecification\",\"valueRequired\":true,\"valueName\":\"search_term_string\"}}],\"inLanguage\":\"lt-LT\"},{\"@type\":\"Organization\",\"@id\":\"https:\/\/toidupakk.ee\/lt\/#organization\",\"name\":\"Tactical Foodpack matkaeined\",\"url\":\"https:\/\/toidupakk.ee\/lt\/\",\"logo\":{\"@type\":\"ImageObject\",\"inLanguage\":\"lt-LT\",\"@id\":\"https:\/\/toidupakk.ee\/lt\/#\/schema\/logo\/image\/\",\"url\":\"https:\/\/toidupakk.ee\/wp-content\/uploads\/2022\/01\/Toidupakk-matkapood-logo-transparent.png\",\"contentUrl\":\"https:\/\/toidupakk.ee\/wp-content\/uploads\/2022\/01\/Toidupakk-matkapood-logo-transparent.png\",\"width\":500,\"height\":500,\"caption\":\"Tactical Foodpack matkaeined\"},\"image\":{\"@id\":\"https:\/\/toidupakk.ee\/lt\/#\/schema\/logo\/image\/\"},\"sameAs\":[\"https:\/\/www.facebook.com\/Toidupakk\",\"https:\/\/www.instagram.com\/toidupakk\/\"]}]}<\/script>\n<!-- \/ Yoast SEO plugin. -->","yoast_head_json":{"title":"Lauko du\u0161as","description":"\u201eOutdoor Shower\u201c yra inovatyvus prausimosi b\u016bdas lauko s\u0105lygomis. Tai idealus ir paprastas sprendimas, kai esi ten, kur n\u0117ra vandens ir galimyb\u0117s nusiprausti.","robots":{"index":"index","follow":"follow","max-snippet":"max-snippet:-1","max-image-preview":"max-image-preview:large","max-video-preview":"max-video-preview:-1"},"canonical":"https:\/\/toidupakk.ee\/lt\/toode\/lauko-dusas\/","og_locale":"lt_LT","og_type":"article","og_title":"Lauko du\u0161as","og_description":"\u201eOutdoor Shower\u201c yra inovatyvus prausimosi b\u016bdas lauko s\u0105lygomis. Tai idealus ir paprastas sprendimas, kai esi ten, kur n\u0117ra vandens ir galimyb\u0117s nusiprausti.","og_url":"https:\/\/toidupakk.ee\/lt\/toode\/lauko-dusas\/","og_site_name":"Toidupakk.ee - Tactical Foodpack toidupakid","article_publisher":"https:\/\/www.facebook.com\/Toidupakk","article_modified_time":"2026-04-03T22:01:11+00:00","og_image":[{"width":1920,"height":1920,"url":"https:\/\/toidupakk.ee\/wp-content\/uploads\/2021\/12\/Tactical_Shower_cut_out.png","type":"image\/png"}],"twitter_card":"summary_large_image","schema":{"@context":"https:\/\/schema.org","@graph":[{"@type":"WebPage","@id":"https:\/\/toidupakk.ee\/lt\/toode\/lauko-dusas\/","url":"https:\/\/toidupakk.ee\/lt\/toode\/lauko-dusas\/","name":"Lauko du\u0161as","isPartOf":{"@id":"https:\/\/toidupakk.ee\/lt\/#website"},"primaryImageOfPage":{"@id":"https:\/\/toidupakk.ee\/lt\/toode\/lauko-dusas\/#primaryimage"},"image":{"@id":"https:\/\/toidupakk.ee\/lt\/toode\/lauko-dusas\/#primaryimage"},"thumbnailUrl":"https:\/\/toidupakk.ee\/wp-content\/uploads\/2021\/12\/Tactical_Shower_cut_out.png","datePublished":"2021-12-09T16:03:54+00:00","dateModified":"2026-04-03T22:01:11+00:00","description":"\u201eOutdoor Shower\u201c yra inovatyvus prausimosi b\u016bdas lauko s\u0105lygomis. Tai idealus ir paprastas sprendimas, kai esi ten, kur n\u0117ra vandens ir galimyb\u0117s nusiprausti.","breadcrumb":{"@id":"https:\/\/toidupakk.ee\/lt\/toode\/lauko-dusas\/#breadcrumb"},"inLanguage":"lt-LT","potentialAction":[{"@type":"ReadAction","target":["https:\/\/toidupakk.ee\/lt\/toode\/lauko-dusas\/"]}]},{"@type":"ImageObject","inLanguage":"lt-LT","@id":"https:\/\/toidupakk.ee\/lt\/toode\/lauko-dusas\/#primaryimage","url":"https:\/\/toidupakk.ee\/wp-content\/uploads\/2021\/12\/Tactical_Shower_cut_out.png","contentUrl":"https:\/\/toidupakk.ee\/wp-content\/uploads\/2021\/12\/Tactical_Shower_cut_out.png","width":1920,"height":1920,"caption":"Tactical shower"},{"@type":"BreadcrumbList","@id":"https:\/\/toidupakk.ee\/lt\/toode\/lauko-dusas\/#breadcrumb","itemListElement":[{"@type":"ListItem","position":1,"name":"Avaleht","item":"https:\/\/toidupakk.ee\/lt\/"},{"@type":"ListItem","position":2,"name":"El. parduotuv\u0117","item":"https:\/\/toidupakk.ee\/lt\/el-parduotuve\/"},{"@type":"ListItem","position":3,"name":"Lauko du\u0161as"}]},{"@type":"WebSite","@id":"https:\/\/toidupakk.ee\/lt\/#website","url":"https:\/\/toidupakk.ee\/lt\/","name":"Toidupakk.ee - Tactical Foodpack toidupakid","description":"Tactical Foodpack k\u00fclmkuivatatud toidupakid ja matkaeined","publisher":{"@id":"https:\/\/toidupakk.ee\/lt\/#organization"},"potentialAction":[{"@type":"SearchAction","target":{"@type":"EntryPoint","urlTemplate":"https:\/\/toidupakk.ee\/lt\/?s={search_term_string}"},"query-input":{"@type":"PropertyValueSpecification","valueRequired":true,"valueName":"search_term_string"}}],"inLanguage":"lt-LT"},{"@type":"Organization","@id":"https:\/\/toidupakk.ee\/lt\/#organization","name":"Tactical Foodpack matkaeined","url":"https:\/\/toidupakk.ee\/lt\/","logo":{"@type":"ImageObject","inLanguage":"lt-LT","@id":"https:\/\/toidupakk.ee\/lt\/#\/schema\/logo\/image\/","url":"https:\/\/toidupakk.ee\/wp-content\/uploads\/2022\/01\/Toidupakk-matkapood-logo-transparent.png","contentUrl":"https:\/\/toidupakk.ee\/wp-content\/uploads\/2022\/01\/Toidupakk-matkapood-logo-transparent.png","width":500,"height":500,"caption":"Tactical Foodpack matkaeined"},"image":{"@id":"https:\/\/toidupakk.ee\/lt\/#\/schema\/logo\/image\/"},"sameAs":["https:\/\/www.facebook.com\/Toidupakk","https:\/\/www.instagram.com\/toidupakk\/"]}]}},"jetpack_sharing_enabled":true,"_links":{"self":[{"href":"https:\/\/toidupakk.ee\/lt\/wp-json\/wp\/v2\/product\/47367","targetHints":{"allow":["GET"]}}],"collection":[{"href":"https:\/\/toidupakk.ee\/lt\/wp-json\/wp\/v2\/product"}],"about":[{"href":"https:\/\/toidupakk.ee\/lt\/wp-json\/wp\/v2\/types\/product"}],"replies":[{"embeddable":true,"href":"https:\/\/toidupakk.ee\/lt\/wp-json\/wp\/v2\/comments?post=47367"}],"wp:featuredmedia":[{"embeddable":true,"href":"https:\/\/toidupakk.ee\/lt\/wp-json\/wp\/v2\/media\/670"}],"wp:attachment":[{"href":"https:\/\/toidupakk.ee\/lt\/wp-json\/wp\/v2\/media?parent=47367"}],"wp:term":[{"taxonomy":"product_brand","embeddable":true,"href":"https:\/\/toidupakk.ee\/lt\/wp-json\/wp\/v2\/product_brand?post=47367"},{"taxonomy":"product_cat","embeddable":true,"href":"https:\/\/toidupakk.ee\/lt\/wp-json\/wp\/v2\/product_cat?post=47367"},{"taxonomy":"product_tag","embeddable":true,"href":"https:\/\/toidupakk.ee\/lt\/wp-json\/wp\/v2\/product_tag?post=47367"}],"curies":[{"name":"wp","href":"https:\/\/api.w.org\/{rel}","templated":true}]}}