{"id":47366,"date":"2022-03-11T17:43:26","date_gmt":"2022-03-11T15:43:26","guid":{"rendered":"https:\/\/toidupakk.ee\/toode\/lietpaltis-poncas-mil-tec\/"},"modified":"2026-04-04T00:01:24","modified_gmt":"2026-04-03T21:01:24","slug":"lietpaltis-poncas-mil-tec","status":"publish","type":"product","link":"https:\/\/toidupakk.ee\/lt\/toode\/lietpaltis-poncas-mil-tec\/","title":{"rendered":"Lietpaltis-pon\u010das MIL-TEC"},"content":{"rendered":"<h1>Lietpaltis pad\u0117s i\u0161likti sausam bet kokioje situacijoje<\/h1>\n<p>\u201eMil-Tec\u201c lietpaltis vertinamas kaip vienas geriausi\u0173 pagal kainos ir kokyb\u0117s santyk\u012f. Patvari PVC med\u017eiaga atlaiko iki 1600 mm krituli\u0173. Be to, gobtuvas puikiai saugo veid\u0105 ir galv\u0105 nuo lietaus la\u0161\u0173, nes aplink veid\u0105 suformuoja tarsi ilg\u0105 tunel\u012f ar snapel\u012f. Apsiaustas yra pakankamai didelis, kad gerai u\u017edengt\u0173 net beveik dviej\u0173 metr\u0173 \u016bgio \u017emog\u0173.   <\/p>\n<p>&nbsp;<\/p>\n<h2>Lietpaltis virsta tentu?!<\/h2>\n<p>\u201eMil-Tec\u201c lietpaltis \u0161onuose turi spaudes. Jas atsegus, apsiaustas virsta patvariu tentu, kur\u012f galima patiesti ant \u017eem\u0117s, \u012frengti stogel\u012f tarp med\u017ei\u0173 arba naudoti kaip papildom\u0105 patiesal\u0105 miegmai\u0161iui palapin\u0117je ar po atviru dangumi. Tai rei\u0161kia, kad kartu su lietpal\u010diu nuolat turi ir gana didel\u012f bei patvar\u0173 tent\u0105, kuris, kitaip nei \u012fprastas brezentas, yra lengvas ir kompakti\u0161kas.  <\/p>\n<p><img fetchpriority=\"high\" decoding=\"async\" class=\"wp-image-1543 size-thumbnail alignright\" src=\"https:\/\/toidupakk.ee\/wp-content\/uploads\/2022\/03\/Vihmakeep-2-1-500x500.png\" alt=\"Vanden\u012f atstumiantis lietpaltis\" width=\"500\" height=\"500\" srcset=\"https:\/\/toidupakk.ee\/wp-content\/uploads\/2022\/03\/Vihmakeep-2-1-500x500.png 500w, https:\/\/toidupakk.ee\/wp-content\/uploads\/2022\/03\/Vihmakeep-2-1-400x400.png 400w, https:\/\/toidupakk.ee\/wp-content\/uploads\/2022\/03\/Vihmakeep-2-1-100x100.png 100w, https:\/\/toidupakk.ee\/wp-content\/uploads\/2022\/03\/Vihmakeep-2-1-800x800.png 800w, https:\/\/toidupakk.ee\/wp-content\/uploads\/2022\/03\/Vihmakeep-2-1-300x300.png 300w, https:\/\/toidupakk.ee\/wp-content\/uploads\/2022\/03\/Vihmakeep-2-1-1024x1024.png 1024w, https:\/\/toidupakk.ee\/wp-content\/uploads\/2022\/03\/Vihmakeep-2-1-768x768.png 768w, https:\/\/toidupakk.ee\/wp-content\/uploads\/2022\/03\/Vihmakeep-2-1.png 1080w\" sizes=\"(max-width: 500px) 100vw, 500px\" \/><\/p>\n<h2>Viskas telpa<\/h2>\n<p>Lietpaltis yra platus, tod\u0117l po juo tikrai tilps ir kuprin\u0117, be to, jis gerai u\u017edengia rankose ne\u0161amus daiktus. S\u0117dint apsiaustas u\u017edengia ir kojas \u2013 tai svarbu per \u017eygio pertraukas, o \u017ei\u016br\u0117ti spektakl\u012f ar koncert\u0105 lauke bus malonu net ir lyjant. <\/p>\n<p>&nbsp;<\/p>\n<h3>Lietpaltis yra patvariame krep\u0161yje<\/h3>\n<p>Lietpaltis supakuotas \u012f poliesterio tinklelio transportavimo krep\u0161\u012f, kuris tvirtai u\u017esidaro lipduku ir turi kilp\u0105, tod\u0117l j\u012f labai lengva pakabinti ant \u0161akos, kabyklos, kuprin\u0117s ar dir\u017eo.<\/p>\n<p>&nbsp;<\/p>\n<h3>Kruop\u0161\u010diai i\u0161d\u017eiovink!<\/h3>\n<p>Labai svarbu bet kokius \u0161lapius ar dr\u0117gnus daiktus kruop\u0161\u010diai i\u0161d\u017eiovinti prie\u0161 v\u0117l juos supakuojant. \u0160i taisykl\u0117 tikrai galioja ir lietpal\u010diui. Papras\u010diausias b\u016bdas \u017eygyje \u2013 nustojus lyti, pakabinti apsiaust\u0105 d\u017ei\u016bti tarp med\u017ei\u0173. Ta\u010diau jei reikia j\u012f greitai supakuoti, jis tikriausiai pateks \u012f krep\u0161\u012f \u0161lapias, tod\u0117l prie\u0161 padedant ilgesniam laikui b\u016btina \u012fsitikinti, kad lietpaltis gerai i\u0161d\u017ei\u016bvo, kad neatsirast\u0173 pel\u0117sis.  <\/p>\n<p>&nbsp;<\/p>\n<p>Daugiau \u017eygio preki\u0173 rasi <a href=\"https:\/\/toidupakk.ee\/lt\/tootekategooria\/zygio-iranga\/#section-3-79\">\u010cIA<\/a><\/p>\n<p>Pasisemk \u012fkv\u0117pimo kitiems nuotykiams \u201eToidupakk\u201c <a href=\"https:\/\/www.instagram.com\/toidupakk\/\">Instagram<\/a> ir <a href=\"https:\/\/www.facebook.com\/Toidupakk\/\">Facebook<\/a> paskyrose.<\/p>\n","protected":false},"excerpt":{"rendered":"<p><strong>Patvarus, i\u0161 PVC med\u017eiagos pagamintas lietpaltis su giliu gobtuvu ir spaud\u0117mis, supakuotas \u012f patog\u0173 ne\u0161iojam\u0105 ir orui pralaid\u0173 laikymo krep\u0161\u012f. Lietpaltis yra kompakti\u0161kas ir puikiai telpa \u012f \u017eygio kuprin\u0119. \u0160onuose esan\u010dias spaudes galima atsegti ir i\u0161skleisti apsiaust\u0105 kaip tent\u0105 ant \u017eem\u0117s arba pakabinti kaip stogel\u012f vir\u0161 galvos. Daugiafunkcis lietpaltis-pon\u010das skirtas apsaugai nuo lietaus, taip pat gali b\u016bti naudojamas kaip pastog\u0117.   <\/strong><\/p>\n<ul>\n<li>Patvari vandeniui atspari med\u017eiaga \u2013 atsparumas vandeniui 1600 mm<\/li>\n<li>Gilus gobtuvas, saugantis veid\u0105 nuo lietaus<\/li>\n<li>Visi\u0161kai atsegamos spaud\u0117s \u0161onuose (leid\u017eia naudoti lietpalt\u012f kaip patiesal\u0105 arba stogel\u012f tarp med\u017ei\u0173 mi\u0161ke)<\/li>\n<li>Patogu ne\u0161iotis \u2013 supakuotas \u012f tinklin\u012f krep\u0161\u012f<\/li>\n<li>Med\u017eiaga: 100 % PVC<\/li>\n<li>Dydis i\u0161skleidus: 203 x 127 cm<\/li>\n<li>Lengvas, sveria ma\u017eiau nei 300 g \u2013 tod\u0117l lietpal\u010dio ant nugaros beveik nesijau\u010dia<\/li>\n<li>Spalva: juoda<\/li>\n<\/ul>\n<p>\u2705 Turime sand\u0117lyje, greitas pristatymas per 1\u20133 d. d.<\/p>\n","protected":false},"featured_media":1544,"comment_status":"open","ping_status":"closed","template":"","meta":{"_acf_changed":false},"product_brand":[],"product_cat":[191,193,210,200,220,189,190],"product_tag":[],"class_list":{"0":"post-47366","1":"product","2":"type-product","3":"status-publish","4":"has-post-thumbnail","6":"product_cat-drabuziai","7":"product_cat-karine-ekipuote","8":"product_cat-mil-tec","9":"product_cat-praktiskos-dovanu-idejos","10":"product_cat-striukes","11":"product_cat-zygio-iranga","12":"product_cat-zygio-prekes","14":"first","15":"instock","16":"sale","17":"taxable","18":"shipping-taxable","19":"purchasable","20":"product-type-simple"},"bundled_by":[],"bundle_stock_status":"instock","bundle_stock_quantity":10,"bundle_virtual":false,"bundle_layout":"","bundle_add_to_cart_form_location":"","bundle_editable_in_cart":false,"bundle_sold_individually_context":"","bundle_item_grouping":"","bundle_min_size":"","bundle_max_size":"","bundle_price":[],"bundled_items":[],"bundle_sell_ids":[],"acf":[],"yoast_head":"<!-- This site is optimized with the Yoast SEO plugin v27.1.1 - https:\/\/yoast.com\/product\/yoast-seo-wordpress\/ -->\n<title>Lietpaltis-pon\u010das MIL-TEC<\/title>\n<meta name=\"description\" content=\"\u201eMil-Tec\u201c lietpaltis yra patvarus, i\u0161 PVC med\u017eiagos pagamintas apsiaustas nuo lietaus su giliu gobtuvu ir spaud\u0117mis, kur\u012f galima visi\u0161kai i\u0161skleisti.\" \/>\n<meta name=\"robots\" content=\"index, follow, max-snippet:-1, max-image-preview:large, max-video-preview:-1\" \/>\n<link rel=\"canonical\" href=\"https:\/\/toidupakk.ee\/lt\/toode\/lietpaltis-poncas-mil-tec\/\" \/>\n<meta property=\"og:locale\" content=\"lt_LT\" \/>\n<meta property=\"og:type\" content=\"article\" \/>\n<meta property=\"og:title\" content=\"Lietpaltis-pon\u010das MIL-TEC\" \/>\n<meta property=\"og:description\" content=\"\u201eMil-Tec\u201c lietpaltis yra patvarus, i\u0161 PVC med\u017eiagos pagamintas apsiaustas nuo lietaus su giliu gobtuvu ir spaud\u0117mis, kur\u012f galima visi\u0161kai i\u0161skleisti.\" \/>\n<meta property=\"og:url\" content=\"https:\/\/toidupakk.ee\/lt\/toode\/lietpaltis-poncas-mil-tec\/\" \/>\n<meta property=\"og:site_name\" content=\"Toidupakk.ee - Tactical Foodpack toidupakid\" \/>\n<meta property=\"article:publisher\" content=\"https:\/\/www.facebook.com\/Toidupakk\" \/>\n<meta property=\"article:modified_time\" content=\"2026-04-03T21:01:24+00:00\" \/>\n<meta property=\"og:image\" content=\"https:\/\/toidupakk.ee\/wp-content\/uploads\/2022\/03\/Vihmakeep-3.png\" \/>\n\t<meta property=\"og:image:width\" content=\"1080\" \/>\n\t<meta property=\"og:image:height\" content=\"1080\" \/>\n\t<meta property=\"og:image:type\" content=\"image\/png\" \/>\n<meta name=\"twitter:card\" content=\"summary_large_image\" \/>\n<meta name=\"twitter:label1\" content=\"Est. reading time\" \/>\n\t<meta name=\"twitter:data1\" content=\"2 minut\u0117s\" \/>\n<script type=\"application\/ld+json\" class=\"yoast-schema-graph\">{\"@context\":\"https:\/\/schema.org\",\"@graph\":[{\"@type\":\"WebPage\",\"@id\":\"https:\/\/toidupakk.ee\/lt\/toode\/lietpaltis-poncas-mil-tec\/\",\"url\":\"https:\/\/toidupakk.ee\/lt\/toode\/lietpaltis-poncas-mil-tec\/\",\"name\":\"Lietpaltis-pon\u010das MIL-TEC\",\"isPartOf\":{\"@id\":\"https:\/\/toidupakk.ee\/lt\/#website\"},\"primaryImageOfPage\":{\"@id\":\"https:\/\/toidupakk.ee\/lt\/toode\/lietpaltis-poncas-mil-tec\/#primaryimage\"},\"image\":{\"@id\":\"https:\/\/toidupakk.ee\/lt\/toode\/lietpaltis-poncas-mil-tec\/#primaryimage\"},\"thumbnailUrl\":\"https:\/\/toidupakk.ee\/wp-content\/uploads\/2022\/03\/Vihmakeep-3.png\",\"datePublished\":\"2022-03-11T15:43:26+00:00\",\"dateModified\":\"2026-04-03T21:01:24+00:00\",\"description\":\"\u201eMil-Tec\u201c lietpaltis yra patvarus, i\u0161 PVC med\u017eiagos pagamintas apsiaustas nuo lietaus su giliu gobtuvu ir spaud\u0117mis, kur\u012f galima visi\u0161kai i\u0161skleisti.\",\"breadcrumb\":{\"@id\":\"https:\/\/toidupakk.ee\/lt\/toode\/lietpaltis-poncas-mil-tec\/#breadcrumb\"},\"inLanguage\":\"lt-LT\",\"potentialAction\":[{\"@type\":\"ReadAction\",\"target\":[\"https:\/\/toidupakk.ee\/lt\/toode\/lietpaltis-poncas-mil-tec\/\"]}]},{\"@type\":\"ImageObject\",\"inLanguage\":\"lt-LT\",\"@id\":\"https:\/\/toidupakk.ee\/lt\/toode\/lietpaltis-poncas-mil-tec\/#primaryimage\",\"url\":\"https:\/\/toidupakk.ee\/wp-content\/uploads\/2022\/03\/Vihmakeep-3.png\",\"contentUrl\":\"https:\/\/toidupakk.ee\/wp-content\/uploads\/2022\/03\/Vihmakeep-3.png\",\"width\":1080,\"height\":1080,\"caption\":\"Vihmakeep Poncho Mil-Tec\"},{\"@type\":\"BreadcrumbList\",\"@id\":\"https:\/\/toidupakk.ee\/lt\/toode\/lietpaltis-poncas-mil-tec\/#breadcrumb\",\"itemListElement\":[{\"@type\":\"ListItem\",\"position\":1,\"name\":\"Avaleht\",\"item\":\"https:\/\/toidupakk.ee\/lt\/\"},{\"@type\":\"ListItem\",\"position\":2,\"name\":\"El. parduotuv\u0117\",\"item\":\"https:\/\/toidupakk.ee\/lt\/el-parduotuve\/\"},{\"@type\":\"ListItem\",\"position\":3,\"name\":\"Lietpaltis-pon\u010das MIL-TEC\"}]},{\"@type\":\"WebSite\",\"@id\":\"https:\/\/toidupakk.ee\/lt\/#website\",\"url\":\"https:\/\/toidupakk.ee\/lt\/\",\"name\":\"Toidupakk.ee - Tactical Foodpack toidupakid\",\"description\":\"Tactical Foodpack k\u00fclmkuivatatud toidupakid ja matkaeined\",\"publisher\":{\"@id\":\"https:\/\/toidupakk.ee\/lt\/#organization\"},\"potentialAction\":[{\"@type\":\"SearchAction\",\"target\":{\"@type\":\"EntryPoint\",\"urlTemplate\":\"https:\/\/toidupakk.ee\/lt\/?s={search_term_string}\"},\"query-input\":{\"@type\":\"PropertyValueSpecification\",\"valueRequired\":true,\"valueName\":\"search_term_string\"}}],\"inLanguage\":\"lt-LT\"},{\"@type\":\"Organization\",\"@id\":\"https:\/\/toidupakk.ee\/lt\/#organization\",\"name\":\"Tactical Foodpack matkaeined\",\"url\":\"https:\/\/toidupakk.ee\/lt\/\",\"logo\":{\"@type\":\"ImageObject\",\"inLanguage\":\"lt-LT\",\"@id\":\"https:\/\/toidupakk.ee\/lt\/#\/schema\/logo\/image\/\",\"url\":\"https:\/\/toidupakk.ee\/wp-content\/uploads\/2022\/01\/Toidupakk-matkapood-logo-transparent.png\",\"contentUrl\":\"https:\/\/toidupakk.ee\/wp-content\/uploads\/2022\/01\/Toidupakk-matkapood-logo-transparent.png\",\"width\":500,\"height\":500,\"caption\":\"Tactical Foodpack matkaeined\"},\"image\":{\"@id\":\"https:\/\/toidupakk.ee\/lt\/#\/schema\/logo\/image\/\"},\"sameAs\":[\"https:\/\/www.facebook.com\/Toidupakk\",\"https:\/\/www.instagram.com\/toidupakk\/\"]}]}<\/script>\n<!-- \/ Yoast SEO plugin. -->","yoast_head_json":{"title":"Lietpaltis-pon\u010das MIL-TEC","description":"\u201eMil-Tec\u201c lietpaltis yra patvarus, i\u0161 PVC med\u017eiagos pagamintas apsiaustas nuo lietaus su giliu gobtuvu ir spaud\u0117mis, kur\u012f galima visi\u0161kai i\u0161skleisti.","robots":{"index":"index","follow":"follow","max-snippet":"max-snippet:-1","max-image-preview":"max-image-preview:large","max-video-preview":"max-video-preview:-1"},"canonical":"https:\/\/toidupakk.ee\/lt\/toode\/lietpaltis-poncas-mil-tec\/","og_locale":"lt_LT","og_type":"article","og_title":"Lietpaltis-pon\u010das MIL-TEC","og_description":"\u201eMil-Tec\u201c lietpaltis yra patvarus, i\u0161 PVC med\u017eiagos pagamintas apsiaustas nuo lietaus su giliu gobtuvu ir spaud\u0117mis, kur\u012f galima visi\u0161kai i\u0161skleisti.","og_url":"https:\/\/toidupakk.ee\/lt\/toode\/lietpaltis-poncas-mil-tec\/","og_site_name":"Toidupakk.ee - Tactical Foodpack toidupakid","article_publisher":"https:\/\/www.facebook.com\/Toidupakk","article_modified_time":"2026-04-03T21:01:24+00:00","og_image":[{"width":1080,"height":1080,"url":"https:\/\/toidupakk.ee\/wp-content\/uploads\/2022\/03\/Vihmakeep-3.png","type":"image\/png"}],"twitter_card":"summary_large_image","twitter_misc":{"Est. reading time":"2 minut\u0117s"},"schema":{"@context":"https:\/\/schema.org","@graph":[{"@type":"WebPage","@id":"https:\/\/toidupakk.ee\/lt\/toode\/lietpaltis-poncas-mil-tec\/","url":"https:\/\/toidupakk.ee\/lt\/toode\/lietpaltis-poncas-mil-tec\/","name":"Lietpaltis-pon\u010das MIL-TEC","isPartOf":{"@id":"https:\/\/toidupakk.ee\/lt\/#website"},"primaryImageOfPage":{"@id":"https:\/\/toidupakk.ee\/lt\/toode\/lietpaltis-poncas-mil-tec\/#primaryimage"},"image":{"@id":"https:\/\/toidupakk.ee\/lt\/toode\/lietpaltis-poncas-mil-tec\/#primaryimage"},"thumbnailUrl":"https:\/\/toidupakk.ee\/wp-content\/uploads\/2022\/03\/Vihmakeep-3.png","datePublished":"2022-03-11T15:43:26+00:00","dateModified":"2026-04-03T21:01:24+00:00","description":"\u201eMil-Tec\u201c lietpaltis yra patvarus, i\u0161 PVC med\u017eiagos pagamintas apsiaustas nuo lietaus su giliu gobtuvu ir spaud\u0117mis, kur\u012f galima visi\u0161kai i\u0161skleisti.","breadcrumb":{"@id":"https:\/\/toidupakk.ee\/lt\/toode\/lietpaltis-poncas-mil-tec\/#breadcrumb"},"inLanguage":"lt-LT","potentialAction":[{"@type":"ReadAction","target":["https:\/\/toidupakk.ee\/lt\/toode\/lietpaltis-poncas-mil-tec\/"]}]},{"@type":"ImageObject","inLanguage":"lt-LT","@id":"https:\/\/toidupakk.ee\/lt\/toode\/lietpaltis-poncas-mil-tec\/#primaryimage","url":"https:\/\/toidupakk.ee\/wp-content\/uploads\/2022\/03\/Vihmakeep-3.png","contentUrl":"https:\/\/toidupakk.ee\/wp-content\/uploads\/2022\/03\/Vihmakeep-3.png","width":1080,"height":1080,"caption":"Vihmakeep Poncho Mil-Tec"},{"@type":"BreadcrumbList","@id":"https:\/\/toidupakk.ee\/lt\/toode\/lietpaltis-poncas-mil-tec\/#breadcrumb","itemListElement":[{"@type":"ListItem","position":1,"name":"Avaleht","item":"https:\/\/toidupakk.ee\/lt\/"},{"@type":"ListItem","position":2,"name":"El. parduotuv\u0117","item":"https:\/\/toidupakk.ee\/lt\/el-parduotuve\/"},{"@type":"ListItem","position":3,"name":"Lietpaltis-pon\u010das MIL-TEC"}]},{"@type":"WebSite","@id":"https:\/\/toidupakk.ee\/lt\/#website","url":"https:\/\/toidupakk.ee\/lt\/","name":"Toidupakk.ee - Tactical Foodpack toidupakid","description":"Tactical Foodpack k\u00fclmkuivatatud toidupakid ja matkaeined","publisher":{"@id":"https:\/\/toidupakk.ee\/lt\/#organization"},"potentialAction":[{"@type":"SearchAction","target":{"@type":"EntryPoint","urlTemplate":"https:\/\/toidupakk.ee\/lt\/?s={search_term_string}"},"query-input":{"@type":"PropertyValueSpecification","valueRequired":true,"valueName":"search_term_string"}}],"inLanguage":"lt-LT"},{"@type":"Organization","@id":"https:\/\/toidupakk.ee\/lt\/#organization","name":"Tactical Foodpack matkaeined","url":"https:\/\/toidupakk.ee\/lt\/","logo":{"@type":"ImageObject","inLanguage":"lt-LT","@id":"https:\/\/toidupakk.ee\/lt\/#\/schema\/logo\/image\/","url":"https:\/\/toidupakk.ee\/wp-content\/uploads\/2022\/01\/Toidupakk-matkapood-logo-transparent.png","contentUrl":"https:\/\/toidupakk.ee\/wp-content\/uploads\/2022\/01\/Toidupakk-matkapood-logo-transparent.png","width":500,"height":500,"caption":"Tactical Foodpack matkaeined"},"image":{"@id":"https:\/\/toidupakk.ee\/lt\/#\/schema\/logo\/image\/"},"sameAs":["https:\/\/www.facebook.com\/Toidupakk","https:\/\/www.instagram.com\/toidupakk\/"]}]}},"jetpack_sharing_enabled":true,"_links":{"self":[{"href":"https:\/\/toidupakk.ee\/lt\/wp-json\/wp\/v2\/product\/47366","targetHints":{"allow":["GET"]}}],"collection":[{"href":"https:\/\/toidupakk.ee\/lt\/wp-json\/wp\/v2\/product"}],"about":[{"href":"https:\/\/toidupakk.ee\/lt\/wp-json\/wp\/v2\/types\/product"}],"replies":[{"embeddable":true,"href":"https:\/\/toidupakk.ee\/lt\/wp-json\/wp\/v2\/comments?post=47366"}],"wp:featuredmedia":[{"embeddable":true,"href":"https:\/\/toidupakk.ee\/lt\/wp-json\/wp\/v2\/media\/1544"}],"wp:attachment":[{"href":"https:\/\/toidupakk.ee\/lt\/wp-json\/wp\/v2\/media?parent=47366"}],"wp:term":[{"taxonomy":"product_brand","embeddable":true,"href":"https:\/\/toidupakk.ee\/lt\/wp-json\/wp\/v2\/product_brand?post=47366"},{"taxonomy":"product_cat","embeddable":true,"href":"https:\/\/toidupakk.ee\/lt\/wp-json\/wp\/v2\/product_cat?post=47366"},{"taxonomy":"product_tag","embeddable":true,"href":"https:\/\/toidupakk.ee\/lt\/wp-json\/wp\/v2\/product_tag?post=47366"}],"curies":[{"name":"wp","href":"https:\/\/api.w.org\/{rel}","templated":true}]}}