{"id":47362,"date":"2021-12-09T17:33:17","date_gmt":"2021-12-09T15:33:17","guid":{"rendered":"https:\/\/toidupakk.ee\/toode\/kaitinimo-elementas-maisto-sildymo-krepsiui\/"},"modified":"2026-04-17T04:00:50","modified_gmt":"2026-04-17T01:00:50","slug":"kaitinimo-elementas-maisto-sildymo-krepsiui","status":"publish","type":"product","link":"https:\/\/toidupakk.ee\/lt\/toode\/kaitinimo-elementas-maisto-sildymo-krepsiui\/","title":{"rendered":"Kaitinimo elementas maisto \u0161ildymo krep\u0161iui"},"content":{"rendered":"<h1><img decoding=\"async\" class=\"alignright wp-image-676 size-full\" src=\"https:\/\/toidupakk.ee\/wp-content\/uploads\/2021\/12\/TF_logo_RGB-22-16-43-849.png\" alt=\"\u017dalias \u201eTactical Foodpack\u201c logotipas\" width=\"238\" height=\"100\"><\/h1>\n<h1>Kaitinimo elementas \u201eTactical Foodpack\u201c \u0161ildymo krep\u0161iui<\/h1>\n<p>KASUTUSJUHEND:<\/p>\n<ol>\n<li>I\u0161imk kaitinimo element\u0105 i\u0161 pakuot\u0117s.<\/li>\n<li>\u012ed\u0117k kaitinimo element\u0105 \u012f \u0161ildymo krep\u0161io dugn\u0105.<\/li>\n<li>\u012ed\u0117k \u201eTactical Foodpack\u201c maisto pakuot\u0119 \u012f \u0161ildymo krep\u0161\u012f, dugnu \u012f kaitinimo element\u0105.<\/li>\n<li>\u012e pakuot\u0119 \u012fpilk apie 150 ml vandens (iki pa\u017eym\u0117tos linijos).<\/li>\n<li>Greitai u\u017esek pakuot\u0117s \u201egrip\u201c u\u017esegim\u0105.<\/li>\n<li>Kaitinimo elementas sureaguoja per 30 sekund\u017ei\u0173 \u2013 3 minutes. Kuo \u0161altesnis vanduo, tuo ilgesnis reakcijos laikas.<\/li>\n<li>Palik maist\u0105 \u0161ilti 15\u201320 minu\u010di\u0173, rekomenduojame po 10 minu\u010di\u0173 vien\u0105 kart\u0105 pamai\u0161yti.<\/li>\n<\/ol>\n<p>T\u00c4HELEPANU! KUUMUTUSELEMENDI REAKTSIOON TEKITAB PALJU KUUMUST! HOIDKE OMA K\u00c4ED EEMAL AUKUDEST MIS M\u00d5ELDUD KUUMA AURU AURUSTUMISEKS! KUUMUTUSELEMENDIGA KOKKUPUUTUV VESI EI SOBI TOIDULE!   <\/p>\n<p><iframe style=\"width: 455px; height: 809px;\" title=\"\u201eYouTube\u201c vaizdo \u012fra\u0161\u0173 grotuvas\" src=\"https:\/\/www.youtube.com\/embed\/tKBQGQYXoS4\" frameborder=\"0\" allowfullscreen=\"allowfullscreen\"><\/iframe><\/p>\n<p>Per\u017ei\u016br\u0117k visus <a href=\"https:\/\/toidupakk.ee\/lt\/tootekategooria\/tactical-foodpack-patiekalai\/\">\u201eTactical Foodpack\u201c patiekalus<\/a><\/p>\n<p>Pasisemk \u012fkv\u0117pimo kitiems nuotykiams Toidupakk <a href=\"https:\/\/www.instagram.com\/toidupakk\/\">Instagram<\/a> ir <a href=\"https:\/\/www.facebook.com\/Toidupakk\/\">Facebook<\/a> paskyrose.<\/p>\n","protected":false},"excerpt":{"rendered":"<ul>\n<li>Kaitinimo elementus nuo \u0161iol galima \u012fsigyti atskirai \u2013 taip saugosi gamt\u0105 ir i\u0161leisi ma\u017eiau pinig\u0173.<\/li>\n<li>NB! Kaitinimo elementas n\u0117ra daugkartinio naudojimo. Juo \u0161ildyti galima tik vien\u0105 kart\u0105. Skirta naudoti kartu su <a href=\"https:\/\/toidupakk.ee\/tactical-foodpack\/toidu-kuumutuskott-kutteelemendiga\/\">\u0161ildymo krep\u0161iu \u201eTactical Heater Bag\u201c<\/a> (\u0161ildymo krep\u0161ys yra daugkartinis, tinkamas naudoti 10+ kart\u0173).  <\/li>\n<\/ul>\n<p>\u2705 Turime sand\u0117lyje, greitas pristatymas per 1\u20133 darbo dienas<\/p>\n","protected":false},"featured_media":33770,"comment_status":"open","ping_status":"closed","template":"","meta":{"_acf_changed":false},"product_brand":[],"product_cat":[196,217,239,189,190],"product_tag":[194],"class_list":{"0":"post-47362","1":"product","2":"type-product","3":"status-publish","4":"has-post-thumbnail","6":"product_cat-maisto-gaminimas","7":"product_cat-nakvyne-gamtoje","8":"product_cat-priedai","9":"product_cat-zygio-iranga","10":"product_cat-zygio-prekes","11":"product_tag-no_ads","13":"first","14":"outofstock","15":"taxable","16":"shipping-taxable","17":"purchasable","18":"product-type-simple"},"bundled_by":[],"bundle_stock_status":"outofstock","bundle_stock_quantity":0,"bundle_virtual":false,"bundle_layout":"","bundle_add_to_cart_form_location":"","bundle_editable_in_cart":false,"bundle_sold_individually_context":"","bundle_item_grouping":"","bundle_min_size":"","bundle_max_size":"","bundle_price":[],"bundled_items":[],"bundle_sell_ids":[],"acf":[],"yoast_head":"<!-- This site is optimized with the Yoast SEO plugin v27.3 - https:\/\/yoast.com\/product\/yoast-seo-wordpress\/ -->\n<title>Kaitinimo elementas maisto \u0161ildymo krep\u0161iui - Toidupakk.ee - Tactical Foodpack toidupakid<\/title>\n<meta name=\"description\" content=\"\u201eTactical Foodpack\u201c kaitinimo elementas maisto \u0161ildymo krep\u0161iui. Pasigamink kar\u0161t\u0105 maist\u0105 be \u0161ilto vandens, be turistin\u0117s virykl\u0117s ar lau\u017eo.\" \/>\n<meta name=\"robots\" content=\"index, follow, max-snippet:-1, max-image-preview:large, max-video-preview:-1\" \/>\n<link rel=\"canonical\" href=\"https:\/\/toidupakk.ee\/lt\/toode\/kaitinimo-elementas-maisto-sildymo-krepsiui\/\" \/>\n<meta property=\"og:locale\" content=\"lt_LT\" \/>\n<meta property=\"og:type\" content=\"article\" \/>\n<meta property=\"og:title\" content=\"Kaitinimo elementas maisto \u0161ildymo krep\u0161iui - Toidupakk.ee - Tactical Foodpack toidupakid\" \/>\n<meta property=\"og:description\" content=\"\u201eTactical Foodpack\u201c kaitinimo elementas maisto \u0161ildymo krep\u0161iui. Pasigamink kar\u0161t\u0105 maist\u0105 be \u0161ilto vandens, be turistin\u0117s virykl\u0117s ar lau\u017eo.\" \/>\n<meta property=\"og:url\" content=\"https:\/\/toidupakk.ee\/lt\/toode\/kaitinimo-elementas-maisto-sildymo-krepsiui\/\" \/>\n<meta property=\"og:site_name\" content=\"Toidupakk.ee - Tactical Foodpack toidupakid\" \/>\n<meta property=\"article:publisher\" content=\"https:\/\/www.facebook.com\/Toidupakk\" \/>\n<meta property=\"article:modified_time\" content=\"2026-04-17T01:00:50+00:00\" \/>\n<meta property=\"og:image\" content=\"https:\/\/toidupakk.ee\/wp-content\/uploads\/2021\/12\/Kuumutuselement-toidu-kuumutamiseks-Tactical-Foodpack.png\" \/>\n\t<meta property=\"og:image:width\" content=\"800\" \/>\n\t<meta property=\"og:image:height\" content=\"800\" \/>\n\t<meta property=\"og:image:type\" content=\"image\/png\" \/>\n<meta name=\"twitter:card\" content=\"summary_large_image\" \/>\n<meta name=\"twitter:label1\" content=\"Est. reading time\" \/>\n\t<meta name=\"twitter:data1\" content=\"1 minut\u0117\" \/>\n<script type=\"application\/ld+json\" class=\"yoast-schema-graph\">{\"@context\":\"https:\\\/\\\/schema.org\",\"@graph\":[{\"@type\":\"WebPage\",\"@id\":\"https:\\\/\\\/toidupakk.ee\\\/lt\\\/toode\\\/kaitinimo-elementas-maisto-sildymo-krepsiui\\\/\",\"url\":\"https:\\\/\\\/toidupakk.ee\\\/lt\\\/toode\\\/kaitinimo-elementas-maisto-sildymo-krepsiui\\\/\",\"name\":\"Kaitinimo elementas maisto \u0161ildymo krep\u0161iui - Toidupakk.ee - Tactical Foodpack toidupakid\",\"isPartOf\":{\"@id\":\"https:\\\/\\\/toidupakk.ee\\\/lt\\\/#website\"},\"primaryImageOfPage\":{\"@id\":\"https:\\\/\\\/toidupakk.ee\\\/lt\\\/toode\\\/kaitinimo-elementas-maisto-sildymo-krepsiui\\\/#primaryimage\"},\"image\":{\"@id\":\"https:\\\/\\\/toidupakk.ee\\\/lt\\\/toode\\\/kaitinimo-elementas-maisto-sildymo-krepsiui\\\/#primaryimage\"},\"thumbnailUrl\":\"https:\\\/\\\/toidupakk.ee\\\/wp-content\\\/uploads\\\/2021\\\/12\\\/Kuumutuselement-toidu-kuumutamiseks-Tactical-Foodpack.png\",\"datePublished\":\"2021-12-09T15:33:17+00:00\",\"dateModified\":\"2026-04-17T01:00:50+00:00\",\"description\":\"\u201eTactical Foodpack\u201c kaitinimo elementas maisto \u0161ildymo krep\u0161iui. Pasigamink kar\u0161t\u0105 maist\u0105 be \u0161ilto vandens, be turistin\u0117s virykl\u0117s ar lau\u017eo.\",\"breadcrumb\":{\"@id\":\"https:\\\/\\\/toidupakk.ee\\\/lt\\\/toode\\\/kaitinimo-elementas-maisto-sildymo-krepsiui\\\/#breadcrumb\"},\"inLanguage\":\"lt-LT\",\"potentialAction\":[{\"@type\":\"ReadAction\",\"target\":[\"https:\\\/\\\/toidupakk.ee\\\/lt\\\/toode\\\/kaitinimo-elementas-maisto-sildymo-krepsiui\\\/\"]}]},{\"@type\":\"ImageObject\",\"inLanguage\":\"lt-LT\",\"@id\":\"https:\\\/\\\/toidupakk.ee\\\/lt\\\/toode\\\/kaitinimo-elementas-maisto-sildymo-krepsiui\\\/#primaryimage\",\"url\":\"https:\\\/\\\/toidupakk.ee\\\/wp-content\\\/uploads\\\/2021\\\/12\\\/Kuumutuselement-toidu-kuumutamiseks-Tactical-Foodpack.png\",\"contentUrl\":\"https:\\\/\\\/toidupakk.ee\\\/wp-content\\\/uploads\\\/2021\\\/12\\\/Kuumutuselement-toidu-kuumutamiseks-Tactical-Foodpack.png\",\"width\":800,\"height\":800},{\"@type\":\"BreadcrumbList\",\"@id\":\"https:\\\/\\\/toidupakk.ee\\\/lt\\\/toode\\\/kaitinimo-elementas-maisto-sildymo-krepsiui\\\/#breadcrumb\",\"itemListElement\":[{\"@type\":\"ListItem\",\"position\":1,\"name\":\"Avaleht\",\"item\":\"https:\\\/\\\/toidupakk.ee\\\/lt\\\/\"},{\"@type\":\"ListItem\",\"position\":2,\"name\":\"El. parduotuv\u0117\",\"item\":\"https:\\\/\\\/toidupakk.ee\\\/lt\\\/el-parduotuve\\\/\"},{\"@type\":\"ListItem\",\"position\":3,\"name\":\"Kaitinimo elementas maisto \u0161ildymo krep\u0161iui\"}]},{\"@type\":\"WebSite\",\"@id\":\"https:\\\/\\\/toidupakk.ee\\\/lt\\\/#website\",\"url\":\"https:\\\/\\\/toidupakk.ee\\\/lt\\\/\",\"name\":\"Toidupakk.ee - Tactical Foodpack toidupakid\",\"description\":\"Tactical Foodpack k\u00fclmkuivatatud toidupakid ja matkaeined\",\"publisher\":{\"@id\":\"https:\\\/\\\/toidupakk.ee\\\/lt\\\/#organization\"},\"potentialAction\":[{\"@type\":\"SearchAction\",\"target\":{\"@type\":\"EntryPoint\",\"urlTemplate\":\"https:\\\/\\\/toidupakk.ee\\\/lt\\\/?s={search_term_string}\"},\"query-input\":{\"@type\":\"PropertyValueSpecification\",\"valueRequired\":true,\"valueName\":\"search_term_string\"}}],\"inLanguage\":\"lt-LT\"},{\"@type\":\"Organization\",\"@id\":\"https:\\\/\\\/toidupakk.ee\\\/lt\\\/#organization\",\"name\":\"Tactical Foodpack matkaeined\",\"url\":\"https:\\\/\\\/toidupakk.ee\\\/lt\\\/\",\"logo\":{\"@type\":\"ImageObject\",\"inLanguage\":\"lt-LT\",\"@id\":\"https:\\\/\\\/toidupakk.ee\\\/lt\\\/#\\\/schema\\\/logo\\\/image\\\/\",\"url\":\"https:\\\/\\\/toidupakk.ee\\\/wp-content\\\/uploads\\\/2022\\\/01\\\/Toidupakk-matkapood-logo-transparent.png\",\"contentUrl\":\"https:\\\/\\\/toidupakk.ee\\\/wp-content\\\/uploads\\\/2022\\\/01\\\/Toidupakk-matkapood-logo-transparent.png\",\"width\":500,\"height\":500,\"caption\":\"Tactical Foodpack matkaeined\"},\"image\":{\"@id\":\"https:\\\/\\\/toidupakk.ee\\\/lt\\\/#\\\/schema\\\/logo\\\/image\\\/\"},\"sameAs\":[\"https:\\\/\\\/www.facebook.com\\\/Toidupakk\",\"https:\\\/\\\/www.instagram.com\\\/toidupakk\\\/\"]}]}<\/script>\n<!-- \/ Yoast SEO plugin. -->","yoast_head_json":{"title":"Kaitinimo elementas maisto \u0161ildymo krep\u0161iui - Toidupakk.ee - Tactical Foodpack toidupakid","description":"\u201eTactical Foodpack\u201c kaitinimo elementas maisto \u0161ildymo krep\u0161iui. Pasigamink kar\u0161t\u0105 maist\u0105 be \u0161ilto vandens, be turistin\u0117s virykl\u0117s ar lau\u017eo.","robots":{"index":"index","follow":"follow","max-snippet":"max-snippet:-1","max-image-preview":"max-image-preview:large","max-video-preview":"max-video-preview:-1"},"canonical":"https:\/\/toidupakk.ee\/lt\/toode\/kaitinimo-elementas-maisto-sildymo-krepsiui\/","og_locale":"lt_LT","og_type":"article","og_title":"Kaitinimo elementas maisto \u0161ildymo krep\u0161iui - Toidupakk.ee - Tactical Foodpack toidupakid","og_description":"\u201eTactical Foodpack\u201c kaitinimo elementas maisto \u0161ildymo krep\u0161iui. Pasigamink kar\u0161t\u0105 maist\u0105 be \u0161ilto vandens, be turistin\u0117s virykl\u0117s ar lau\u017eo.","og_url":"https:\/\/toidupakk.ee\/lt\/toode\/kaitinimo-elementas-maisto-sildymo-krepsiui\/","og_site_name":"Toidupakk.ee - Tactical Foodpack toidupakid","article_publisher":"https:\/\/www.facebook.com\/Toidupakk","article_modified_time":"2026-04-17T01:00:50+00:00","og_image":[{"width":800,"height":800,"url":"https:\/\/toidupakk.ee\/wp-content\/uploads\/2021\/12\/Kuumutuselement-toidu-kuumutamiseks-Tactical-Foodpack.png","type":"image\/png"}],"twitter_card":"summary_large_image","twitter_misc":{"Est. reading time":"1 minut\u0117"},"schema":{"@context":"https:\/\/schema.org","@graph":[{"@type":"WebPage","@id":"https:\/\/toidupakk.ee\/lt\/toode\/kaitinimo-elementas-maisto-sildymo-krepsiui\/","url":"https:\/\/toidupakk.ee\/lt\/toode\/kaitinimo-elementas-maisto-sildymo-krepsiui\/","name":"Kaitinimo elementas maisto \u0161ildymo krep\u0161iui - Toidupakk.ee - Tactical Foodpack toidupakid","isPartOf":{"@id":"https:\/\/toidupakk.ee\/lt\/#website"},"primaryImageOfPage":{"@id":"https:\/\/toidupakk.ee\/lt\/toode\/kaitinimo-elementas-maisto-sildymo-krepsiui\/#primaryimage"},"image":{"@id":"https:\/\/toidupakk.ee\/lt\/toode\/kaitinimo-elementas-maisto-sildymo-krepsiui\/#primaryimage"},"thumbnailUrl":"https:\/\/toidupakk.ee\/wp-content\/uploads\/2021\/12\/Kuumutuselement-toidu-kuumutamiseks-Tactical-Foodpack.png","datePublished":"2021-12-09T15:33:17+00:00","dateModified":"2026-04-17T01:00:50+00:00","description":"\u201eTactical Foodpack\u201c kaitinimo elementas maisto \u0161ildymo krep\u0161iui. Pasigamink kar\u0161t\u0105 maist\u0105 be \u0161ilto vandens, be turistin\u0117s virykl\u0117s ar lau\u017eo.","breadcrumb":{"@id":"https:\/\/toidupakk.ee\/lt\/toode\/kaitinimo-elementas-maisto-sildymo-krepsiui\/#breadcrumb"},"inLanguage":"lt-LT","potentialAction":[{"@type":"ReadAction","target":["https:\/\/toidupakk.ee\/lt\/toode\/kaitinimo-elementas-maisto-sildymo-krepsiui\/"]}]},{"@type":"ImageObject","inLanguage":"lt-LT","@id":"https:\/\/toidupakk.ee\/lt\/toode\/kaitinimo-elementas-maisto-sildymo-krepsiui\/#primaryimage","url":"https:\/\/toidupakk.ee\/wp-content\/uploads\/2021\/12\/Kuumutuselement-toidu-kuumutamiseks-Tactical-Foodpack.png","contentUrl":"https:\/\/toidupakk.ee\/wp-content\/uploads\/2021\/12\/Kuumutuselement-toidu-kuumutamiseks-Tactical-Foodpack.png","width":800,"height":800},{"@type":"BreadcrumbList","@id":"https:\/\/toidupakk.ee\/lt\/toode\/kaitinimo-elementas-maisto-sildymo-krepsiui\/#breadcrumb","itemListElement":[{"@type":"ListItem","position":1,"name":"Avaleht","item":"https:\/\/toidupakk.ee\/lt\/"},{"@type":"ListItem","position":2,"name":"El. parduotuv\u0117","item":"https:\/\/toidupakk.ee\/lt\/el-parduotuve\/"},{"@type":"ListItem","position":3,"name":"Kaitinimo elementas maisto \u0161ildymo krep\u0161iui"}]},{"@type":"WebSite","@id":"https:\/\/toidupakk.ee\/lt\/#website","url":"https:\/\/toidupakk.ee\/lt\/","name":"Toidupakk.ee - Tactical Foodpack toidupakid","description":"Tactical Foodpack k\u00fclmkuivatatud toidupakid ja matkaeined","publisher":{"@id":"https:\/\/toidupakk.ee\/lt\/#organization"},"potentialAction":[{"@type":"SearchAction","target":{"@type":"EntryPoint","urlTemplate":"https:\/\/toidupakk.ee\/lt\/?s={search_term_string}"},"query-input":{"@type":"PropertyValueSpecification","valueRequired":true,"valueName":"search_term_string"}}],"inLanguage":"lt-LT"},{"@type":"Organization","@id":"https:\/\/toidupakk.ee\/lt\/#organization","name":"Tactical Foodpack matkaeined","url":"https:\/\/toidupakk.ee\/lt\/","logo":{"@type":"ImageObject","inLanguage":"lt-LT","@id":"https:\/\/toidupakk.ee\/lt\/#\/schema\/logo\/image\/","url":"https:\/\/toidupakk.ee\/wp-content\/uploads\/2022\/01\/Toidupakk-matkapood-logo-transparent.png","contentUrl":"https:\/\/toidupakk.ee\/wp-content\/uploads\/2022\/01\/Toidupakk-matkapood-logo-transparent.png","width":500,"height":500,"caption":"Tactical Foodpack matkaeined"},"image":{"@id":"https:\/\/toidupakk.ee\/lt\/#\/schema\/logo\/image\/"},"sameAs":["https:\/\/www.facebook.com\/Toidupakk","https:\/\/www.instagram.com\/toidupakk\/"]}]}},"jetpack_sharing_enabled":true,"_links":{"self":[{"href":"https:\/\/toidupakk.ee\/lt\/wp-json\/wp\/v2\/product\/47362","targetHints":{"allow":["GET"]}}],"collection":[{"href":"https:\/\/toidupakk.ee\/lt\/wp-json\/wp\/v2\/product"}],"about":[{"href":"https:\/\/toidupakk.ee\/lt\/wp-json\/wp\/v2\/types\/product"}],"replies":[{"embeddable":true,"href":"https:\/\/toidupakk.ee\/lt\/wp-json\/wp\/v2\/comments?post=47362"}],"wp:featuredmedia":[{"embeddable":true,"href":"https:\/\/toidupakk.ee\/lt\/wp-json\/wp\/v2\/media\/33770"}],"wp:attachment":[{"href":"https:\/\/toidupakk.ee\/lt\/wp-json\/wp\/v2\/media?parent=47362"}],"wp:term":[{"taxonomy":"product_brand","embeddable":true,"href":"https:\/\/toidupakk.ee\/lt\/wp-json\/wp\/v2\/product_brand?post=47362"},{"taxonomy":"product_cat","embeddable":true,"href":"https:\/\/toidupakk.ee\/lt\/wp-json\/wp\/v2\/product_cat?post=47362"},{"taxonomy":"product_tag","embeddable":true,"href":"https:\/\/toidupakk.ee\/lt\/wp-json\/wp\/v2\/product_tag?post=47362"}],"curies":[{"name":"wp","href":"https:\/\/api.w.org\/{rel}","templated":true}]}}