{"id":47341,"date":"2022-03-09T13:40:01","date_gmt":"2022-03-09T11:40:01","guid":{"rendered":"https:\/\/toidupakk.ee\/toode\/daugiafunkcis-irankis-mil-tec-black-cobra-pro\/"},"modified":"2026-04-29T16:31:50","modified_gmt":"2026-04-29T13:31:50","slug":"daugiafunkcis-irankis-mil-tec-black-cobra-pro","status":"publish","type":"product","link":"https:\/\/toidupakk.ee\/lt\/toode\/daugiafunkcis-irankis-mil-tec-black-cobra-pro\/","title":{"rendered":"Daugiafunkcis \u012frankis \u201eMil-Tec Black Cobra PRO\u201c"},"content":{"rendered":"<h1><img fetchpriority=\"high\" decoding=\"async\" class=\"alignright wp-image-1505 size-thumbnail\" style=\"font-size: 16px;\" src=\"https:\/\/toidupakk.ee\/wp-content\/uploads\/2022\/03\/4-500x500.jpg\" alt=\"Daugiafunkcis \u012frankis su d\u0117\u017eute juodame fone\" width=\"500\" height=\"500\" srcset=\"https:\/\/toidupakk.ee\/wp-content\/uploads\/2022\/03\/4-500x500.jpg 500w, https:\/\/toidupakk.ee\/wp-content\/uploads\/2022\/03\/4-400x400.jpg 400w, https:\/\/toidupakk.ee\/wp-content\/uploads\/2022\/03\/4-100x100.jpg 100w, https:\/\/toidupakk.ee\/wp-content\/uploads\/2022\/03\/4-800x800.jpg 800w, https:\/\/toidupakk.ee\/wp-content\/uploads\/2022\/03\/4-300x300.jpg 300w, https:\/\/toidupakk.ee\/wp-content\/uploads\/2022\/03\/4-1024x1024.jpg 1024w, https:\/\/toidupakk.ee\/wp-content\/uploads\/2022\/03\/4-768x768.jpg 768w, https:\/\/toidupakk.ee\/wp-content\/uploads\/2022\/03\/4.jpg 1080w\" sizes=\"(max-width: 500px) 100vw, 500px\" \/>\u012eranki\u0173 d\u0117\u017e\u0117 tavo ki\u0161en\u0117je<\/h1>\n<p>Daugiafunkcis \u012frankis (angl. <em>multitool<\/em>) laikui b\u0117gant \u012frod\u0117 savo vert\u0119. Tai neatsiejamas kiekvieno aktyvaus vyro ir moters palydovas, ne\u0161iojamas ant dir\u017eo ar krep\u0161yje. \u0160is \u012frankis ypa\u010d praver\u010dia kelyje, nes niekada ne\u017einai, kada prireiks nukirpti trukdan\u010di\u0105 viel\u0105 ar nupjauti \u0161ak\u0105.  <\/p>\n<p>Kartu daugiafunkcis \u012frankis yra nepakei\u010diamas ir nam\u0173 s\u0105lygomis, nes jame yra net trys skirtingi atsuktuvai, repl\u0117s ir net skardini\u0173 bei buteli\u0173 atidarytuvas.<\/p>\n<p>\u201eMil-Tec Black Cobra\u201c daugiafunkc\u012f \u012frank\u012f sudaro 9 pilno dyd\u017eio \u012frankiai. Jo korpusas pagamintas i\u0161 lengvo aliuminio, padengto neatspindin\u010dia juodo oksido danga, o patys \u012frankiai pagaminti i\u0161 kokybi\u0161ko 2CR13 plieno. <\/p>\n<p>Pagrindinis \u201eCobra\u201c privalumas \u2013 galingos spyruoklin\u0117s repl\u0117s su integruotomis vielos kirpimo \u017eirkl\u0117mis, kurias galima greitai paruo\u0161ti darbui. Visi 9 \u012frankiai yra lengvai naudojami, ta\u010diau tvirtai u\u017esifiksuoja, u\u017etikrindami saug\u0173 darb\u0105. Tuo pa\u010diu \u012frankiai v\u0117l lengvai susilanksto vos vienu fiksatoriaus paspaudimu.  <\/p>\n<h2>Daugiafunkcis \u012frankis yra patikimas, ta\u010diau jam reikia \u0161iek tiek prie\u017ei\u016bros<\/h2>\n<p>Daugiafunkciai \u012frankiai yra labai patikimi, ta\u010diau tai, kas naudojama, nei\u0161vengiamai d\u0117visi. Reguliariai pri\u017ei\u016br\u0117k savo \u012frank\u012f, kad jis visada b\u016bt\u0173 a\u0161trus ir paruo\u0161tas darbui. \u0160tai keletas patarim\u0173.  <\/p>\n<h4>\u0160vara<\/h4>\n<p>\u0160varus \u012frankis padeda i\u0161vengti nepatogi\u0173 situacij\u0173. \u012esitikink, kad tarp judan\u010di\u0173 \u012frankio dali\u0173 nelikt\u0173 sm\u0117lio, \u017eemi\u0173 ar kit\u0173 ne\u0161varum\u0173. Ma\u017eoms detal\u0117ms valyti puikiai tinka suspaustas oras, ta\u010diau pad\u0117s ir \u0161luost\u0117, o prireikus \u2013 pavyzd\u017eiui, medinis dant\u0173 krap\u0161tukas.  <\/p>\n<h4>R\u016bdys<\/h4>\n<p>Nepaisant to, kad daugiafunkciai \u012frankiai gaminami i\u0161 ner\u016bdijan\u010dio plieno, jie n\u0117ra visi\u0161kai atspar\u016bs korozijai. Korozijai visi\u0161kai atsparus plienas negal\u0117t\u0173 u\u017etikrinti \u012franki\u0173 a\u0161trumo, tod\u0117l jis netinka pjovimo \u012franki\u0173 gamybai. <\/p>\n<p>Ta\u010diau tai nerei\u0161kia, kad r\u016bdys atsiranda greitai. Jei nuvalysi \u012frank\u012f i\u0161kart po naudojimo bei kontakto su druska ar r\u016bg\u0161timis, nieko nenutiks. Tad, pavyzd\u017eiui, po \u017evejybos j\u016broje ar pjovus \u0161ak\u0105 su r\u016bg\u0161\u010diomis sultimis, b\u016btinai kruop\u0161\u010diai nuplauk \u012frank\u012f g\u0117lu vandeniu.  <\/p>\n<p>&nbsp;<\/p>\n<h3>Pasir\u016bpink judan\u010di\u0173 dali\u0173 sutepimu<\/h3>\n<p>Kad judan\u010dios dalys skland\u017eiai veikt\u0173 net po ilgo naudojimo, verta jas retkar\u010diais patepti alyva. Pasteb\u0117jus korozijos d\u0117meles, taip pat galima jas nuvalyti alyva sudr\u0117kinta \u0161luoste. <\/p>\n<p>Daugiau \u017eygio preki\u0173 rasi <a href=\"https:\/\/toidupakk.ee\/lt\/tootekategooria\/zygio-iranga\/#section-3-79\">\u010cIA<\/a><\/p>\n<p>Pasisemk \u012fkv\u0117pimo kitiems nuotykiams \u201eToidupakk\u201c <a href=\"https:\/\/www.instagram.com\/toidupakk\/\">Instagram<\/a> ir <a href=\"https:\/\/www.facebook.com\/Toidupakk\/\">Facebook<\/a> paskyrose.<\/p>\n","protected":false},"excerpt":{"rendered":"<p><strong>Daugiafunkcis \u012frankis <em>MIL-TEC Black Cobra PRO<\/em> yra nepakei\u010diamas. Kompakti\u0161kas, \u012f ki\u0161en\u0119 ar ant dir\u017eo telpantis prietaisas turi visus reikiamus \u012frankius, kurie pad\u0117s da\u017eniausiai pasitaikan\u010diose situacijose. Tur\u0117k j\u012f ki\u0161en\u0117je, ant dir\u017eo, automobilyje ar nam\u0173 stal\u010diuje.  <\/strong><\/p>\n<ul>\n<li><strong>9 \u012frankiai<\/strong> viename kompakti\u0161kame prietaise<\/li>\n<li>visi \u012frankiai <strong>patogiai atidaromi viena ranka<\/strong><\/li>\n<li>\u012erankiai pagaminti i\u0161 <strong>tvirto 2CR13 plieno<\/strong>, korpusas \u2013 i\u0161 <strong>lengvo aliuminio<\/strong><\/li>\n<li><strong>Fiksavimo mechanizmas<\/strong> u\u017etikrina saug\u0173 naudojim\u0105<\/li>\n<li>Komplekte yra kokybi\u0161kas <strong>d\u0117klas<\/strong> su tvirtinimu prie dir\u017eo<\/li>\n<li><strong>Idealiai tinka dovanai<\/strong>, nes supakuotas \u012f solid\u017ei\u0105 matin\u0119 juod\u0105 dovan\u0173 d\u0117\u017eut\u0119<\/li>\n<li>Ilgis 11 cm<\/li>\n<li>Svoris 308 g<\/li>\n<li>Spalva: <strong>juodas oksidas<\/strong><\/li>\n<\/ul>\n<p>Daugiafunkc\u012f \u012frank\u012f sudaro:<\/p>\n<ul>\n<li>Repl\u0117s<\/li>\n<li>Vielos kirpimo \u017eirkl\u0117s<\/li>\n<li>Skardini\u0173 ir buteli\u0173 atidarytuvas<\/li>\n<li>Dviej\u0173 dyd\u017ei\u0173 plok\u0161ti atsuktuvai ir vienas kry\u017eminis atsuktuvas<\/li>\n<li>Pj\u016bklas<\/li>\n<li>Dild\u0117<\/li>\n<li>Peilis<\/li>\n<\/ul>\n<p><img decoding=\"async\" class=\"emoji\" role=\"img\" draggable=\"false\" src=\"https:\/\/s.w.org\/images\/core\/emoji\/17.0.2\/svg\/2705.svg\" alt=\"\u2705\">  Turime sand\u0117lyje, greitas pristatymas per 1\u20133 darbo dienas<\/p>\n","protected":false},"featured_media":1507,"comment_status":"open","ping_status":"closed","template":"","meta":{"_acf_changed":false},"product_brand":[],"product_cat":[193,227,210,217,200,189,190],"product_tag":[],"class_list":{"0":"post-47341","1":"product","2":"type-product","3":"status-publish","4":"has-post-thumbnail","6":"product_cat-karine-ekipuote","7":"product_cat-lenktiniai-ir-zygio-peiliai","8":"product_cat-mil-tec","9":"product_cat-nakvyne-gamtoje","10":"product_cat-praktiskos-dovanu-idejos","11":"product_cat-zygio-iranga","12":"product_cat-zygio-prekes","14":"first","15":"onbackorder","16":"sale","17":"taxable","18":"shipping-taxable","19":"purchasable","20":"product-type-simple"},"bundled_by":[],"bundle_stock_status":"onbackorder","bundle_stock_quantity":-1,"bundle_virtual":false,"bundle_layout":"","bundle_add_to_cart_form_location":"","bundle_editable_in_cart":false,"bundle_sold_individually_context":"","bundle_item_grouping":"","bundle_min_size":"","bundle_max_size":"","bundle_price":[],"bundled_items":[],"bundle_sell_ids":[],"acf":[],"yoast_head":"<!-- This site is optimized with the Yoast SEO plugin v27.3 - https:\/\/yoast.com\/product\/yoast-seo-wordpress\/ -->\n<title>Daugiafunkcis \u012frankis \u201eMil-Tec Black Cobra PRO\u201c<\/title>\n<meta name=\"description\" content=\"9 dali\u0173 daugiafunkcis \u012frankis. Patvarus aliuminio korpusas su \u012frankiais i\u0161 kokybi\u0161ko plieno. Komplekte yra tvirtas d\u0117klas tvirtinimui prie dir\u017eo. Supakuota \u012f solid\u017ei\u0105 juod\u0105 dovan\u0173 d\u0117\u017eut\u0119.\" \/>\n<meta name=\"robots\" content=\"index, follow, max-snippet:-1, max-image-preview:large, max-video-preview:-1\" \/>\n<link rel=\"canonical\" href=\"https:\/\/toidupakk.ee\/lt\/toode\/daugiafunkcis-irankis-mil-tec-black-cobra-pro\/\" \/>\n<meta property=\"og:locale\" content=\"lt_LT\" \/>\n<meta property=\"og:type\" content=\"article\" \/>\n<meta property=\"og:title\" content=\"Daugiafunkcis \u012frankis \u201eMil-Tec Black Cobra PRO\u201c\" \/>\n<meta property=\"og:description\" content=\"9 dali\u0173 daugiafunkcis \u012frankis. Patvarus aliuminio korpusas su \u012frankiais i\u0161 kokybi\u0161ko plieno. Komplekte yra tvirtas d\u0117klas tvirtinimui prie dir\u017eo. Supakuota \u012f solid\u017ei\u0105 juod\u0105 dovan\u0173 d\u0117\u017eut\u0119.\" \/>\n<meta property=\"og:url\" content=\"https:\/\/toidupakk.ee\/lt\/toode\/daugiafunkcis-irankis-mil-tec-black-cobra-pro\/\" \/>\n<meta property=\"og:site_name\" content=\"Toidupakk.ee - Tactical Foodpack toidupakid\" \/>\n<meta property=\"article:publisher\" content=\"https:\/\/www.facebook.com\/Toidupakk\" \/>\n<meta property=\"article:modified_time\" content=\"2026-04-29T13:31:50+00:00\" \/>\n<meta property=\"og:image\" content=\"https:\/\/toidupakk.ee\/wp-content\/uploads\/2022\/03\/1-1.png\" \/>\n\t<meta property=\"og:image:width\" content=\"1080\" \/>\n\t<meta property=\"og:image:height\" content=\"1080\" \/>\n\t<meta property=\"og:image:type\" content=\"image\/png\" \/>\n<meta name=\"twitter:card\" content=\"summary_large_image\" \/>\n<meta name=\"twitter:label1\" content=\"Est. reading time\" \/>\n\t<meta name=\"twitter:data1\" content=\"2 minut\u0117s\" \/>\n<script type=\"application\/ld+json\" class=\"yoast-schema-graph\">{\"@context\":\"https:\\\/\\\/schema.org\",\"@graph\":[{\"@type\":\"WebPage\",\"@id\":\"https:\\\/\\\/toidupakk.ee\\\/lt\\\/toode\\\/daugiafunkcis-irankis-mil-tec-black-cobra-pro\\\/\",\"url\":\"https:\\\/\\\/toidupakk.ee\\\/lt\\\/toode\\\/daugiafunkcis-irankis-mil-tec-black-cobra-pro\\\/\",\"name\":\"Daugiafunkcis \u012frankis \u201eMil-Tec Black Cobra PRO\u201c\",\"isPartOf\":{\"@id\":\"https:\\\/\\\/toidupakk.ee\\\/lt\\\/#website\"},\"primaryImageOfPage\":{\"@id\":\"https:\\\/\\\/toidupakk.ee\\\/lt\\\/toode\\\/daugiafunkcis-irankis-mil-tec-black-cobra-pro\\\/#primaryimage\"},\"image\":{\"@id\":\"https:\\\/\\\/toidupakk.ee\\\/lt\\\/toode\\\/daugiafunkcis-irankis-mil-tec-black-cobra-pro\\\/#primaryimage\"},\"thumbnailUrl\":\"https:\\\/\\\/toidupakk.ee\\\/wp-content\\\/uploads\\\/2022\\\/03\\\/1-1.png\",\"datePublished\":\"2022-03-09T11:40:01+00:00\",\"dateModified\":\"2026-04-29T13:31:50+00:00\",\"description\":\"9 dali\u0173 daugiafunkcis \u012frankis. Patvarus aliuminio korpusas su \u012frankiais i\u0161 kokybi\u0161ko plieno. Komplekte yra tvirtas d\u0117klas tvirtinimui prie dir\u017eo. Supakuota \u012f solid\u017ei\u0105 juod\u0105 dovan\u0173 d\u0117\u017eut\u0119.\",\"breadcrumb\":{\"@id\":\"https:\\\/\\\/toidupakk.ee\\\/lt\\\/toode\\\/daugiafunkcis-irankis-mil-tec-black-cobra-pro\\\/#breadcrumb\"},\"inLanguage\":\"lt-LT\",\"potentialAction\":[{\"@type\":\"ReadAction\",\"target\":[\"https:\\\/\\\/toidupakk.ee\\\/lt\\\/toode\\\/daugiafunkcis-irankis-mil-tec-black-cobra-pro\\\/\"]}]},{\"@type\":\"ImageObject\",\"inLanguage\":\"lt-LT\",\"@id\":\"https:\\\/\\\/toidupakk.ee\\\/lt\\\/toode\\\/daugiafunkcis-irankis-mil-tec-black-cobra-pro\\\/#primaryimage\",\"url\":\"https:\\\/\\\/toidupakk.ee\\\/wp-content\\\/uploads\\\/2022\\\/03\\\/1-1.png\",\"contentUrl\":\"https:\\\/\\\/toidupakk.ee\\\/wp-content\\\/uploads\\\/2022\\\/03\\\/1-1.png\",\"width\":1080,\"height\":1080,\"caption\":\"Multit\u00f6\u00f6riist MIL-TEC Black Cobra Pro\"},{\"@type\":\"BreadcrumbList\",\"@id\":\"https:\\\/\\\/toidupakk.ee\\\/lt\\\/toode\\\/daugiafunkcis-irankis-mil-tec-black-cobra-pro\\\/#breadcrumb\",\"itemListElement\":[{\"@type\":\"ListItem\",\"position\":1,\"name\":\"Avaleht\",\"item\":\"https:\\\/\\\/toidupakk.ee\\\/lt\\\/\"},{\"@type\":\"ListItem\",\"position\":2,\"name\":\"El. parduotuv\u0117\",\"item\":\"https:\\\/\\\/toidupakk.ee\\\/lt\\\/el-parduotuve\\\/\"},{\"@type\":\"ListItem\",\"position\":3,\"name\":\"Daugiafunkcis \u012frankis \u201eMil-Tec Black Cobra PRO\u201c\"}]},{\"@type\":\"WebSite\",\"@id\":\"https:\\\/\\\/toidupakk.ee\\\/lt\\\/#website\",\"url\":\"https:\\\/\\\/toidupakk.ee\\\/lt\\\/\",\"name\":\"Toidupakk.ee - Tactical Foodpack toidupakid\",\"description\":\"Tactical Foodpack k\u00fclmkuivatatud toidupakid ja matkaeined\",\"publisher\":{\"@id\":\"https:\\\/\\\/toidupakk.ee\\\/lt\\\/#organization\"},\"potentialAction\":[{\"@type\":\"SearchAction\",\"target\":{\"@type\":\"EntryPoint\",\"urlTemplate\":\"https:\\\/\\\/toidupakk.ee\\\/lt\\\/?s={search_term_string}\"},\"query-input\":{\"@type\":\"PropertyValueSpecification\",\"valueRequired\":true,\"valueName\":\"search_term_string\"}}],\"inLanguage\":\"lt-LT\"},{\"@type\":\"Organization\",\"@id\":\"https:\\\/\\\/toidupakk.ee\\\/lt\\\/#organization\",\"name\":\"Tactical Foodpack matkaeined\",\"url\":\"https:\\\/\\\/toidupakk.ee\\\/lt\\\/\",\"logo\":{\"@type\":\"ImageObject\",\"inLanguage\":\"lt-LT\",\"@id\":\"https:\\\/\\\/toidupakk.ee\\\/lt\\\/#\\\/schema\\\/logo\\\/image\\\/\",\"url\":\"https:\\\/\\\/toidupakk.ee\\\/wp-content\\\/uploads\\\/2022\\\/01\\\/Toidupakk-matkapood-logo-transparent.png\",\"contentUrl\":\"https:\\\/\\\/toidupakk.ee\\\/wp-content\\\/uploads\\\/2022\\\/01\\\/Toidupakk-matkapood-logo-transparent.png\",\"width\":500,\"height\":500,\"caption\":\"Tactical Foodpack matkaeined\"},\"image\":{\"@id\":\"https:\\\/\\\/toidupakk.ee\\\/lt\\\/#\\\/schema\\\/logo\\\/image\\\/\"},\"sameAs\":[\"https:\\\/\\\/www.facebook.com\\\/Toidupakk\",\"https:\\\/\\\/www.instagram.com\\\/toidupakk\\\/\"]}]}<\/script>\n<!-- \/ Yoast SEO plugin. -->","yoast_head_json":{"title":"Daugiafunkcis \u012frankis \u201eMil-Tec Black Cobra PRO\u201c","description":"9 dali\u0173 daugiafunkcis \u012frankis. Patvarus aliuminio korpusas su \u012frankiais i\u0161 kokybi\u0161ko plieno. Komplekte yra tvirtas d\u0117klas tvirtinimui prie dir\u017eo. Supakuota \u012f solid\u017ei\u0105 juod\u0105 dovan\u0173 d\u0117\u017eut\u0119.","robots":{"index":"index","follow":"follow","max-snippet":"max-snippet:-1","max-image-preview":"max-image-preview:large","max-video-preview":"max-video-preview:-1"},"canonical":"https:\/\/toidupakk.ee\/lt\/toode\/daugiafunkcis-irankis-mil-tec-black-cobra-pro\/","og_locale":"lt_LT","og_type":"article","og_title":"Daugiafunkcis \u012frankis \u201eMil-Tec Black Cobra PRO\u201c","og_description":"9 dali\u0173 daugiafunkcis \u012frankis. Patvarus aliuminio korpusas su \u012frankiais i\u0161 kokybi\u0161ko plieno. Komplekte yra tvirtas d\u0117klas tvirtinimui prie dir\u017eo. Supakuota \u012f solid\u017ei\u0105 juod\u0105 dovan\u0173 d\u0117\u017eut\u0119.","og_url":"https:\/\/toidupakk.ee\/lt\/toode\/daugiafunkcis-irankis-mil-tec-black-cobra-pro\/","og_site_name":"Toidupakk.ee - Tactical Foodpack toidupakid","article_publisher":"https:\/\/www.facebook.com\/Toidupakk","article_modified_time":"2026-04-29T13:31:50+00:00","og_image":[{"width":1080,"height":1080,"url":"https:\/\/toidupakk.ee\/wp-content\/uploads\/2022\/03\/1-1.png","type":"image\/png"}],"twitter_card":"summary_large_image","twitter_misc":{"Est. reading time":"2 minut\u0117s"},"schema":{"@context":"https:\/\/schema.org","@graph":[{"@type":"WebPage","@id":"https:\/\/toidupakk.ee\/lt\/toode\/daugiafunkcis-irankis-mil-tec-black-cobra-pro\/","url":"https:\/\/toidupakk.ee\/lt\/toode\/daugiafunkcis-irankis-mil-tec-black-cobra-pro\/","name":"Daugiafunkcis \u012frankis \u201eMil-Tec Black Cobra PRO\u201c","isPartOf":{"@id":"https:\/\/toidupakk.ee\/lt\/#website"},"primaryImageOfPage":{"@id":"https:\/\/toidupakk.ee\/lt\/toode\/daugiafunkcis-irankis-mil-tec-black-cobra-pro\/#primaryimage"},"image":{"@id":"https:\/\/toidupakk.ee\/lt\/toode\/daugiafunkcis-irankis-mil-tec-black-cobra-pro\/#primaryimage"},"thumbnailUrl":"https:\/\/toidupakk.ee\/wp-content\/uploads\/2022\/03\/1-1.png","datePublished":"2022-03-09T11:40:01+00:00","dateModified":"2026-04-29T13:31:50+00:00","description":"9 dali\u0173 daugiafunkcis \u012frankis. Patvarus aliuminio korpusas su \u012frankiais i\u0161 kokybi\u0161ko plieno. Komplekte yra tvirtas d\u0117klas tvirtinimui prie dir\u017eo. Supakuota \u012f solid\u017ei\u0105 juod\u0105 dovan\u0173 d\u0117\u017eut\u0119.","breadcrumb":{"@id":"https:\/\/toidupakk.ee\/lt\/toode\/daugiafunkcis-irankis-mil-tec-black-cobra-pro\/#breadcrumb"},"inLanguage":"lt-LT","potentialAction":[{"@type":"ReadAction","target":["https:\/\/toidupakk.ee\/lt\/toode\/daugiafunkcis-irankis-mil-tec-black-cobra-pro\/"]}]},{"@type":"ImageObject","inLanguage":"lt-LT","@id":"https:\/\/toidupakk.ee\/lt\/toode\/daugiafunkcis-irankis-mil-tec-black-cobra-pro\/#primaryimage","url":"https:\/\/toidupakk.ee\/wp-content\/uploads\/2022\/03\/1-1.png","contentUrl":"https:\/\/toidupakk.ee\/wp-content\/uploads\/2022\/03\/1-1.png","width":1080,"height":1080,"caption":"Multit\u00f6\u00f6riist MIL-TEC Black Cobra Pro"},{"@type":"BreadcrumbList","@id":"https:\/\/toidupakk.ee\/lt\/toode\/daugiafunkcis-irankis-mil-tec-black-cobra-pro\/#breadcrumb","itemListElement":[{"@type":"ListItem","position":1,"name":"Avaleht","item":"https:\/\/toidupakk.ee\/lt\/"},{"@type":"ListItem","position":2,"name":"El. parduotuv\u0117","item":"https:\/\/toidupakk.ee\/lt\/el-parduotuve\/"},{"@type":"ListItem","position":3,"name":"Daugiafunkcis \u012frankis \u201eMil-Tec Black Cobra PRO\u201c"}]},{"@type":"WebSite","@id":"https:\/\/toidupakk.ee\/lt\/#website","url":"https:\/\/toidupakk.ee\/lt\/","name":"Toidupakk.ee - Tactical Foodpack toidupakid","description":"Tactical Foodpack k\u00fclmkuivatatud toidupakid ja matkaeined","publisher":{"@id":"https:\/\/toidupakk.ee\/lt\/#organization"},"potentialAction":[{"@type":"SearchAction","target":{"@type":"EntryPoint","urlTemplate":"https:\/\/toidupakk.ee\/lt\/?s={search_term_string}"},"query-input":{"@type":"PropertyValueSpecification","valueRequired":true,"valueName":"search_term_string"}}],"inLanguage":"lt-LT"},{"@type":"Organization","@id":"https:\/\/toidupakk.ee\/lt\/#organization","name":"Tactical Foodpack matkaeined","url":"https:\/\/toidupakk.ee\/lt\/","logo":{"@type":"ImageObject","inLanguage":"lt-LT","@id":"https:\/\/toidupakk.ee\/lt\/#\/schema\/logo\/image\/","url":"https:\/\/toidupakk.ee\/wp-content\/uploads\/2022\/01\/Toidupakk-matkapood-logo-transparent.png","contentUrl":"https:\/\/toidupakk.ee\/wp-content\/uploads\/2022\/01\/Toidupakk-matkapood-logo-transparent.png","width":500,"height":500,"caption":"Tactical Foodpack matkaeined"},"image":{"@id":"https:\/\/toidupakk.ee\/lt\/#\/schema\/logo\/image\/"},"sameAs":["https:\/\/www.facebook.com\/Toidupakk","https:\/\/www.instagram.com\/toidupakk\/"]}]}},"jetpack_sharing_enabled":true,"_links":{"self":[{"href":"https:\/\/toidupakk.ee\/lt\/wp-json\/wp\/v2\/product\/47341","targetHints":{"allow":["GET"]}}],"collection":[{"href":"https:\/\/toidupakk.ee\/lt\/wp-json\/wp\/v2\/product"}],"about":[{"href":"https:\/\/toidupakk.ee\/lt\/wp-json\/wp\/v2\/types\/product"}],"replies":[{"embeddable":true,"href":"https:\/\/toidupakk.ee\/lt\/wp-json\/wp\/v2\/comments?post=47341"}],"wp:featuredmedia":[{"embeddable":true,"href":"https:\/\/toidupakk.ee\/lt\/wp-json\/wp\/v2\/media\/1507"}],"wp:attachment":[{"href":"https:\/\/toidupakk.ee\/lt\/wp-json\/wp\/v2\/media?parent=47341"}],"wp:term":[{"taxonomy":"product_brand","embeddable":true,"href":"https:\/\/toidupakk.ee\/lt\/wp-json\/wp\/v2\/product_brand?post=47341"},{"taxonomy":"product_cat","embeddable":true,"href":"https:\/\/toidupakk.ee\/lt\/wp-json\/wp\/v2\/product_cat?post=47341"},{"taxonomy":"product_tag","embeddable":true,"href":"https:\/\/toidupakk.ee\/lt\/wp-json\/wp\/v2\/product_tag?post=47341"}],"curies":[{"name":"wp","href":"https:\/\/api.w.org\/{rel}","templated":true}]}}