{"id":47340,"date":"2021-12-09T17:02:05","date_gmt":"2021-12-09T15:02:05","guid":{"rendered":"https:\/\/toidupakk.ee\/toode\/maisto-sildymo-krepsys-su-kaitinimo-elementu\/"},"modified":"2026-04-29T16:31:35","modified_gmt":"2026-04-29T13:31:35","slug":"maisto-sildymo-krepsys-su-kaitinimo-elementu","status":"publish","type":"product","link":"https:\/\/toidupakk.ee\/lt\/toode\/maisto-sildymo-krepsys-su-kaitinimo-elementu\/","title":{"rendered":"Maisto \u0161ildymo krep\u0161ys su kaitinimo elementu"},"content":{"rendered":"<h3 class=\"\" data-start=\"101\" data-end=\"178\"><strong data-start=\"108\" data-end=\"178\">\u201eTactical Foodpack\u201c \u0161ildymo krep\u0161ys \u2013 \u0161iltas maistas be ugnies ir virykl\u0117s<\/strong><\/h3>\n<p class=\"\" data-start=\"180\" data-end=\"498\">Jei \u017eygiuoji, esi ekstremalioje situacijoje ar tiesiog ten, kur n\u0117ra ugnies ar verdan\u010dio vandens, <strong data-start=\"288\" data-end=\"322\">\u201eTactical Foodpack\u201c \u0161ildymo krep\u0161ys<\/strong> yra idealus sprendimas. Tai prakti\u0161kas daugkartinis krep\u0161ys, kuriuo <strong data-start=\"409\" data-end=\"471\">greitai ir saugiai pa\u0161ildysi \u201eTactical Foodpack\u201c maist\u0105<\/strong> \u2013 tereikia \u0161iek tiek vandens. <\/p>\n<hr class=\"\" data-start=\"500\" data-end=\"503\">\n<h3 class=\"\" data-start=\"505\" data-end=\"534\"><strong data-start=\"512\" data-end=\"534\">Kaip tai veikia?<\/strong><\/h3>\n<p class=\"\" data-start=\"535\" data-end=\"685\">\u0160ildymo krep\u0161io \u0161irdis \u2013 <strong data-start=\"560\" data-end=\"587\">reaktyvusis kaitinimo elementas<\/strong>, kuris <strong data-start=\"593\" data-end=\"631\">suaktyv\u0117ja susiliet\u0119s su vandeniu<\/strong> ir pakelia jo temperat\u016br\u0105 <strong data-start=\"657\" data-end=\"671\">iki 100 \u00b0C<\/strong>. Tereikia: <\/p>\n<ul data-start=\"686\" data-end=\"820\">\n<li class=\"\" data-start=\"686\" data-end=\"724\">\n<p class=\"\" data-start=\"688\" data-end=\"724\">\u012epilk <strong data-start=\"693\" data-end=\"710\">apie 150 ml vandens<\/strong> \u012f \u0161ildymo krep\u0161\u012f<\/p>\n<\/li>\n<li class=\"\" data-start=\"725\" data-end=\"761\">\n<p class=\"\" data-start=\"727\" data-end=\"761\">\u012ed\u0117k \u201eTactical Foodpack\u201c patiekal\u0105<\/p>\n<\/li>\n<li class=\"\" data-start=\"762\" data-end=\"820\">\n<p class=\"\" data-start=\"764\" data-end=\"820\">U\u017esek krep\u0161\u012f ir palauk \u2013 <strong data-start=\"785\" data-end=\"820\">\u0161ildymas trunka iki 25 minu\u010di\u0173<\/strong><\/p>\n<\/li>\n<\/ul>\n<p class=\"\" data-start=\"822\" data-end=\"895\">Maistas su\u0161yla saugiai ir greitai, be ugnies pavojaus ar papildomos \u012frangos.<\/p>\n<hr class=\"\" data-start=\"897\" data-end=\"900\">\n<h3 class=\"\" data-start=\"902\" data-end=\"951\">\ud83d\udd01 <strong data-start=\"909\" data-end=\"951\">Daugkartinis ir draugi\u0161kesnis aplinkai<\/strong><\/h3>\n<ul data-start=\"952\" data-end=\"1130\">\n<li class=\"\" data-start=\"952\" data-end=\"1003\">\n<p class=\"\" data-start=\"954\" data-end=\"1003\"><strong data-start=\"954\" data-end=\"1003\">\u0160ildymo krep\u0161\u012f galima naudoti bent 10 kart\u0173<\/strong><\/p>\n<\/li>\n<li class=\"\" data-start=\"1004\" data-end=\"1084\">\n<p class=\"\" data-start=\"1006\" data-end=\"1084\">Tau tereikia pakeisti <strong data-start=\"1026\" data-end=\"1046\">kaitinimo element\u0105<\/strong>, kur\u012f gali <strong data-start=\"1059\" data-end=\"1084\">u\u017esisakyti atskirai<\/strong><\/p>\n<\/li>\n<li class=\"\" data-start=\"1085\" data-end=\"1130\">\n<p class=\"\" data-start=\"1087\" data-end=\"1130\">Komplekte yra <strong data-start=\"1105\" data-end=\"1130\">vienas kaitinimo elementas<\/strong><\/p>\n<\/li>\n<\/ul>\n<hr class=\"\" data-start=\"1132\" data-end=\"1135\">\n<h3 class=\"\" data-start=\"1137\" data-end=\"1171\">\ud83c\udfd5\ufe0f <strong data-start=\"1145\" data-end=\"1171\">Idealiai tinka:<\/strong><\/h3>\n<ul data-start=\"1172\" data-end=\"1296\">\n<li class=\"\" data-start=\"1172\" data-end=\"1212\">\n<p class=\"\" data-start=\"1174\" data-end=\"1212\">\u017dygiams, automobilyje, valtyje, sl\u0117ptuv\u0117je<\/p>\n<\/li>\n<li class=\"\" data-start=\"1213\" data-end=\"1254\">\n<p class=\"\" data-start=\"1215\" data-end=\"1254\">I\u0161gyvenimo rinkiniams ir krizi\u0173 atsargoms<\/p>\n<\/li>\n<li class=\"\" data-start=\"1255\" data-end=\"1296\">\n<p class=\"\" data-start=\"1257\" data-end=\"1296\">Taktin\u0117ms misijoms ir stovykloms<\/p>\n<\/li>\n<\/ul>\n<p><strong>NAUDOJIMO INSTRUKCIJA:<\/strong><\/p>\n<ol>\n<li>I\u0161imk kaitinimo pagalv\u0117l\u0119 (kaitinimo element\u0105) i\u0161 didel\u0117s pakuot\u0117s.<\/li>\n<li>I\u0161imk kaitinimo pagalv\u0117l\u0119 i\u0161 ma\u017eo plastikinio mai\u0161elio ir \u012fd\u0117k j\u0105 atgal \u012f pakuot\u0117s dugn\u0105.<\/li>\n<li>\u012ed\u0117k \u201eTactical Foodpack\u201c maisto pakuot\u0119 \u012f \u0161ildymo krep\u0161\u012f dugnu \u012f kaitinimo pagalv\u0117l\u0119.<\/li>\n<li>\u012e pakuot\u0119 \u012fpilk apie 150 ml vandens iki pa\u017eym\u0117tos linijos.<\/li>\n<li>Greitai u\u017espausk pakuot\u0117s sandarikl\u012f.<\/li>\n<li>Kaitiklis pradeda reaguoti per 30 sekund\u017ei\u0173 \u2013 3 minutes. Naudojant \u0161altesn\u012f vanden\u012f, reakcija vyksta l\u0117\u010diau. <\/li>\n<li>\u0160ildyk maist\u0105 15\u201320 minu\u010di\u0173, rekomenduojame po 10 minu\u010di\u0173 maist\u0105 pamai\u0161yti.<\/li>\n<\/ol>\n<p>ATSARGIAI! VYKSTANT REAKCIJAI SUSIDARO DIDELIS KAR\u0160TIS! NELAIKYK RANK\u0172 PRIE KAR\u0160T\u0172 GAR\u0172 I\u0160\u0116JIMO ANG\u0172! VANDUO, TUR\u0116J\u0118S KONTAKT\u0104 SU KAITIKLIU, MAISTUI NETINKAMAS!   <\/p>\n<p>Pakuot\u0117 yra daugkartinio naudojimo (bent 10 k.), keisk tik kaitinimo pagalv\u0117l\u0119.<\/p>\n<p><iframe style=\"width: 560px; height: 315px;\" title=\"\u201eYouTube\u201c vaizdo \u012fra\u0161\u0173 grotuvas\" src=\"https:\/\/www.youtube.com\/embed\/EQcOpkKxcDw\" frameborder=\"0\" allowfullscreen=\"allowfullscreen\"><\/iframe><br \/>\n<iframe style=\"width: 455px; height: 809px;\" title=\"\u201eYouTube\u201c vaizdo \u012fra\u0161\u0173 grotuvas\" src=\"https:\/\/www.youtube.com\/embed\/tKBQGQYXoS4\" frameborder=\"0\" allowfullscreen=\"allowfullscreen\"><\/iframe><\/p>\n","protected":false},"excerpt":{"rendered":"<ul>\n<li>Situacijoms, kai negalima kurti ugnies ar u\u017evirti vandens.<\/li>\n<li>\u201eTactical Foodpack\u201c patiekalams \u0161ildyti.<\/li>\n<li>Kaitinimo elementas reaguoja su \u0161altu vandeniu, o vandens temperat\u016bra pakyla iki 100 laipsni\u0173 Celsijaus.<\/li>\n<li>\u012e \u201eTactical Heater\u201c daugkartin\u012f krep\u0161\u012f \u012fpilk apie 150 ml vandens.<\/li>\n<li>Kaitiklis veikia iki 25 minu\u010di\u0173.<\/li>\n<li>\u0160ildymo krep\u0161ys yra daugkartinis (10+ kart\u0173), reikia keisti tik kaitinimo element\u0105.<\/li>\n<li>Komplekte yra vienas kaitinimo elementas. Kaitinimo element\u0173 galite papildomai u\u017esisakyti <a href=\"https:\/\/toidupakk.ee\/tactical-foodpack\/kuumutuslement-tactical-heater-bagile\/\">\u010dia<\/a>. <\/li>\n<\/ul>\n<p>\u2705 Turime sand\u0117lyje, greitas pristatymas per 1\u20133 darbo dienas<\/p>\n","protected":false},"featured_media":664,"comment_status":"open","ping_status":"closed","template":"","meta":{"_acf_changed":false},"product_brand":[],"product_cat":[193,196,217,239,204,189,190],"product_tag":[194],"class_list":{"0":"post-47340","1":"product","2":"type-product","3":"status-publish","4":"has-post-thumbnail","6":"product_cat-karine-ekipuote","7":"product_cat-maisto-gaminimas","8":"product_cat-nakvyne-gamtoje","9":"product_cat-priedai","10":"product_cat-tactical-foodpack-patiekalai","11":"product_cat-zygio-iranga","12":"product_cat-zygio-prekes","13":"product_tag-no_ads","15":"first","16":"outofstock","17":"taxable","18":"shipping-taxable","19":"purchasable","20":"product-type-simple"},"bundled_by":[],"bundle_stock_status":"outofstock","bundle_stock_quantity":0,"bundle_virtual":false,"bundle_layout":"","bundle_add_to_cart_form_location":"","bundle_editable_in_cart":false,"bundle_sold_individually_context":"","bundle_item_grouping":"","bundle_min_size":"","bundle_max_size":"","bundle_price":[],"bundled_items":[],"bundle_sell_ids":[],"acf":[],"yoast_head":"<!-- This site is optimized with the Yoast SEO plugin v27.3 - https:\/\/yoast.com\/product\/yoast-seo-wordpress\/ -->\n<title>Maisto \u0161ildymo krep\u0161ys su kaitinimo elementu - Toidupakk.ee - Tactical Foodpack toidupakid<\/title>\n<meta name=\"description\" content=\"Pa\u0161ildyk \u201eTactical Foodpack\u201c maist\u0105 be ugnies ar virykl\u0117s! \u0160ildymo krep\u0161ys reaguoja su vandeniu ir \u012fkaitina j\u012f iki virimo temperat\u016bros. Daugkartinio naudojimo.\" \/>\n<meta name=\"robots\" content=\"index, follow, max-snippet:-1, max-image-preview:large, max-video-preview:-1\" \/>\n<link rel=\"canonical\" href=\"https:\/\/toidupakk.ee\/lt\/toode\/maisto-sildymo-krepsys-su-kaitinimo-elementu\/\" \/>\n<meta property=\"og:locale\" content=\"lt_LT\" \/>\n<meta property=\"og:type\" content=\"article\" \/>\n<meta property=\"og:title\" content=\"Maisto \u0161ildymo krep\u0161ys su kaitinimo elementu - Toidupakk.ee - Tactical Foodpack toidupakid\" \/>\n<meta property=\"og:description\" content=\"Pa\u0161ildyk \u201eTactical Foodpack\u201c maist\u0105 be ugnies ar virykl\u0117s! \u0160ildymo krep\u0161ys reaguoja su vandeniu ir \u012fkaitina j\u012f iki virimo temperat\u016bros. Daugkartinio naudojimo.\" \/>\n<meta property=\"og:url\" content=\"https:\/\/toidupakk.ee\/lt\/toode\/maisto-sildymo-krepsys-su-kaitinimo-elementu\/\" \/>\n<meta property=\"og:site_name\" content=\"Toidupakk.ee - Tactical Foodpack toidupakid\" \/>\n<meta property=\"article:publisher\" content=\"https:\/\/www.facebook.com\/Toidupakk\" \/>\n<meta property=\"article:modified_time\" content=\"2026-04-29T13:31:35+00:00\" \/>\n<meta property=\"og:image\" content=\"https:\/\/toidupakk.ee\/wp-content\/uploads\/2021\/12\/Untitled-design-6-1_adobespark.png\" \/>\n\t<meta property=\"og:image:width\" content=\"1080\" \/>\n\t<meta property=\"og:image:height\" content=\"1080\" \/>\n\t<meta property=\"og:image:type\" content=\"image\/png\" \/>\n<meta name=\"twitter:card\" content=\"summary_large_image\" \/>\n<meta name=\"twitter:label1\" content=\"Est. reading time\" \/>\n\t<meta name=\"twitter:data1\" content=\"1 minut\u0117\" \/>\n<script type=\"application\/ld+json\" class=\"yoast-schema-graph\">{\"@context\":\"https:\\\/\\\/schema.org\",\"@graph\":[{\"@type\":\"WebPage\",\"@id\":\"https:\\\/\\\/toidupakk.ee\\\/lt\\\/toode\\\/maisto-sildymo-krepsys-su-kaitinimo-elementu\\\/\",\"url\":\"https:\\\/\\\/toidupakk.ee\\\/lt\\\/toode\\\/maisto-sildymo-krepsys-su-kaitinimo-elementu\\\/\",\"name\":\"Maisto \u0161ildymo krep\u0161ys su kaitinimo elementu - Toidupakk.ee - Tactical Foodpack toidupakid\",\"isPartOf\":{\"@id\":\"https:\\\/\\\/toidupakk.ee\\\/lt\\\/#website\"},\"primaryImageOfPage\":{\"@id\":\"https:\\\/\\\/toidupakk.ee\\\/lt\\\/toode\\\/maisto-sildymo-krepsys-su-kaitinimo-elementu\\\/#primaryimage\"},\"image\":{\"@id\":\"https:\\\/\\\/toidupakk.ee\\\/lt\\\/toode\\\/maisto-sildymo-krepsys-su-kaitinimo-elementu\\\/#primaryimage\"},\"thumbnailUrl\":\"https:\\\/\\\/toidupakk.ee\\\/wp-content\\\/uploads\\\/2021\\\/12\\\/Untitled-design-6-1_adobespark.png\",\"datePublished\":\"2021-12-09T15:02:05+00:00\",\"dateModified\":\"2026-04-29T13:31:35+00:00\",\"description\":\"Pa\u0161ildyk \u201eTactical Foodpack\u201c maist\u0105 be ugnies ar virykl\u0117s! \u0160ildymo krep\u0161ys reaguoja su vandeniu ir \u012fkaitina j\u012f iki virimo temperat\u016bros. Daugkartinio naudojimo.\",\"breadcrumb\":{\"@id\":\"https:\\\/\\\/toidupakk.ee\\\/lt\\\/toode\\\/maisto-sildymo-krepsys-su-kaitinimo-elementu\\\/#breadcrumb\"},\"inLanguage\":\"lt-LT\",\"potentialAction\":[{\"@type\":\"ReadAction\",\"target\":[\"https:\\\/\\\/toidupakk.ee\\\/lt\\\/toode\\\/maisto-sildymo-krepsys-su-kaitinimo-elementu\\\/\"]}]},{\"@type\":\"ImageObject\",\"inLanguage\":\"lt-LT\",\"@id\":\"https:\\\/\\\/toidupakk.ee\\\/lt\\\/toode\\\/maisto-sildymo-krepsys-su-kaitinimo-elementu\\\/#primaryimage\",\"url\":\"https:\\\/\\\/toidupakk.ee\\\/wp-content\\\/uploads\\\/2021\\\/12\\\/Untitled-design-6-1_adobespark.png\",\"contentUrl\":\"https:\\\/\\\/toidupakk.ee\\\/wp-content\\\/uploads\\\/2021\\\/12\\\/Untitled-design-6-1_adobespark.png\",\"width\":1080,\"height\":1080,\"caption\":\"kuumutuskott\"},{\"@type\":\"BreadcrumbList\",\"@id\":\"https:\\\/\\\/toidupakk.ee\\\/lt\\\/toode\\\/maisto-sildymo-krepsys-su-kaitinimo-elementu\\\/#breadcrumb\",\"itemListElement\":[{\"@type\":\"ListItem\",\"position\":1,\"name\":\"Avaleht\",\"item\":\"https:\\\/\\\/toidupakk.ee\\\/lt\\\/\"},{\"@type\":\"ListItem\",\"position\":2,\"name\":\"El. parduotuv\u0117\",\"item\":\"https:\\\/\\\/toidupakk.ee\\\/lt\\\/el-parduotuve\\\/\"},{\"@type\":\"ListItem\",\"position\":3,\"name\":\"Maisto \u0161ildymo krep\u0161ys su kaitinimo elementu\"}]},{\"@type\":\"WebSite\",\"@id\":\"https:\\\/\\\/toidupakk.ee\\\/lt\\\/#website\",\"url\":\"https:\\\/\\\/toidupakk.ee\\\/lt\\\/\",\"name\":\"Toidupakk.ee - Tactical Foodpack toidupakid\",\"description\":\"Tactical Foodpack k\u00fclmkuivatatud toidupakid ja matkaeined\",\"publisher\":{\"@id\":\"https:\\\/\\\/toidupakk.ee\\\/lt\\\/#organization\"},\"potentialAction\":[{\"@type\":\"SearchAction\",\"target\":{\"@type\":\"EntryPoint\",\"urlTemplate\":\"https:\\\/\\\/toidupakk.ee\\\/lt\\\/?s={search_term_string}\"},\"query-input\":{\"@type\":\"PropertyValueSpecification\",\"valueRequired\":true,\"valueName\":\"search_term_string\"}}],\"inLanguage\":\"lt-LT\"},{\"@type\":\"Organization\",\"@id\":\"https:\\\/\\\/toidupakk.ee\\\/lt\\\/#organization\",\"name\":\"Tactical Foodpack matkaeined\",\"url\":\"https:\\\/\\\/toidupakk.ee\\\/lt\\\/\",\"logo\":{\"@type\":\"ImageObject\",\"inLanguage\":\"lt-LT\",\"@id\":\"https:\\\/\\\/toidupakk.ee\\\/lt\\\/#\\\/schema\\\/logo\\\/image\\\/\",\"url\":\"https:\\\/\\\/toidupakk.ee\\\/wp-content\\\/uploads\\\/2022\\\/01\\\/Toidupakk-matkapood-logo-transparent.png\",\"contentUrl\":\"https:\\\/\\\/toidupakk.ee\\\/wp-content\\\/uploads\\\/2022\\\/01\\\/Toidupakk-matkapood-logo-transparent.png\",\"width\":500,\"height\":500,\"caption\":\"Tactical Foodpack matkaeined\"},\"image\":{\"@id\":\"https:\\\/\\\/toidupakk.ee\\\/lt\\\/#\\\/schema\\\/logo\\\/image\\\/\"},\"sameAs\":[\"https:\\\/\\\/www.facebook.com\\\/Toidupakk\",\"https:\\\/\\\/www.instagram.com\\\/toidupakk\\\/\"]}]}<\/script>\n<!-- \/ Yoast SEO plugin. -->","yoast_head_json":{"title":"Maisto \u0161ildymo krep\u0161ys su kaitinimo elementu - Toidupakk.ee - Tactical Foodpack toidupakid","description":"Pa\u0161ildyk \u201eTactical Foodpack\u201c maist\u0105 be ugnies ar virykl\u0117s! \u0160ildymo krep\u0161ys reaguoja su vandeniu ir \u012fkaitina j\u012f iki virimo temperat\u016bros. Daugkartinio naudojimo.","robots":{"index":"index","follow":"follow","max-snippet":"max-snippet:-1","max-image-preview":"max-image-preview:large","max-video-preview":"max-video-preview:-1"},"canonical":"https:\/\/toidupakk.ee\/lt\/toode\/maisto-sildymo-krepsys-su-kaitinimo-elementu\/","og_locale":"lt_LT","og_type":"article","og_title":"Maisto \u0161ildymo krep\u0161ys su kaitinimo elementu - Toidupakk.ee - Tactical Foodpack toidupakid","og_description":"Pa\u0161ildyk \u201eTactical Foodpack\u201c maist\u0105 be ugnies ar virykl\u0117s! \u0160ildymo krep\u0161ys reaguoja su vandeniu ir \u012fkaitina j\u012f iki virimo temperat\u016bros. Daugkartinio naudojimo.","og_url":"https:\/\/toidupakk.ee\/lt\/toode\/maisto-sildymo-krepsys-su-kaitinimo-elementu\/","og_site_name":"Toidupakk.ee - Tactical Foodpack toidupakid","article_publisher":"https:\/\/www.facebook.com\/Toidupakk","article_modified_time":"2026-04-29T13:31:35+00:00","og_image":[{"width":1080,"height":1080,"url":"https:\/\/toidupakk.ee\/wp-content\/uploads\/2021\/12\/Untitled-design-6-1_adobespark.png","type":"image\/png"}],"twitter_card":"summary_large_image","twitter_misc":{"Est. reading time":"1 minut\u0117"},"schema":{"@context":"https:\/\/schema.org","@graph":[{"@type":"WebPage","@id":"https:\/\/toidupakk.ee\/lt\/toode\/maisto-sildymo-krepsys-su-kaitinimo-elementu\/","url":"https:\/\/toidupakk.ee\/lt\/toode\/maisto-sildymo-krepsys-su-kaitinimo-elementu\/","name":"Maisto \u0161ildymo krep\u0161ys su kaitinimo elementu - Toidupakk.ee - Tactical Foodpack toidupakid","isPartOf":{"@id":"https:\/\/toidupakk.ee\/lt\/#website"},"primaryImageOfPage":{"@id":"https:\/\/toidupakk.ee\/lt\/toode\/maisto-sildymo-krepsys-su-kaitinimo-elementu\/#primaryimage"},"image":{"@id":"https:\/\/toidupakk.ee\/lt\/toode\/maisto-sildymo-krepsys-su-kaitinimo-elementu\/#primaryimage"},"thumbnailUrl":"https:\/\/toidupakk.ee\/wp-content\/uploads\/2021\/12\/Untitled-design-6-1_adobespark.png","datePublished":"2021-12-09T15:02:05+00:00","dateModified":"2026-04-29T13:31:35+00:00","description":"Pa\u0161ildyk \u201eTactical Foodpack\u201c maist\u0105 be ugnies ar virykl\u0117s! \u0160ildymo krep\u0161ys reaguoja su vandeniu ir \u012fkaitina j\u012f iki virimo temperat\u016bros. Daugkartinio naudojimo.","breadcrumb":{"@id":"https:\/\/toidupakk.ee\/lt\/toode\/maisto-sildymo-krepsys-su-kaitinimo-elementu\/#breadcrumb"},"inLanguage":"lt-LT","potentialAction":[{"@type":"ReadAction","target":["https:\/\/toidupakk.ee\/lt\/toode\/maisto-sildymo-krepsys-su-kaitinimo-elementu\/"]}]},{"@type":"ImageObject","inLanguage":"lt-LT","@id":"https:\/\/toidupakk.ee\/lt\/toode\/maisto-sildymo-krepsys-su-kaitinimo-elementu\/#primaryimage","url":"https:\/\/toidupakk.ee\/wp-content\/uploads\/2021\/12\/Untitled-design-6-1_adobespark.png","contentUrl":"https:\/\/toidupakk.ee\/wp-content\/uploads\/2021\/12\/Untitled-design-6-1_adobespark.png","width":1080,"height":1080,"caption":"kuumutuskott"},{"@type":"BreadcrumbList","@id":"https:\/\/toidupakk.ee\/lt\/toode\/maisto-sildymo-krepsys-su-kaitinimo-elementu\/#breadcrumb","itemListElement":[{"@type":"ListItem","position":1,"name":"Avaleht","item":"https:\/\/toidupakk.ee\/lt\/"},{"@type":"ListItem","position":2,"name":"El. parduotuv\u0117","item":"https:\/\/toidupakk.ee\/lt\/el-parduotuve\/"},{"@type":"ListItem","position":3,"name":"Maisto \u0161ildymo krep\u0161ys su kaitinimo elementu"}]},{"@type":"WebSite","@id":"https:\/\/toidupakk.ee\/lt\/#website","url":"https:\/\/toidupakk.ee\/lt\/","name":"Toidupakk.ee - Tactical Foodpack toidupakid","description":"Tactical Foodpack k\u00fclmkuivatatud toidupakid ja matkaeined","publisher":{"@id":"https:\/\/toidupakk.ee\/lt\/#organization"},"potentialAction":[{"@type":"SearchAction","target":{"@type":"EntryPoint","urlTemplate":"https:\/\/toidupakk.ee\/lt\/?s={search_term_string}"},"query-input":{"@type":"PropertyValueSpecification","valueRequired":true,"valueName":"search_term_string"}}],"inLanguage":"lt-LT"},{"@type":"Organization","@id":"https:\/\/toidupakk.ee\/lt\/#organization","name":"Tactical Foodpack matkaeined","url":"https:\/\/toidupakk.ee\/lt\/","logo":{"@type":"ImageObject","inLanguage":"lt-LT","@id":"https:\/\/toidupakk.ee\/lt\/#\/schema\/logo\/image\/","url":"https:\/\/toidupakk.ee\/wp-content\/uploads\/2022\/01\/Toidupakk-matkapood-logo-transparent.png","contentUrl":"https:\/\/toidupakk.ee\/wp-content\/uploads\/2022\/01\/Toidupakk-matkapood-logo-transparent.png","width":500,"height":500,"caption":"Tactical Foodpack matkaeined"},"image":{"@id":"https:\/\/toidupakk.ee\/lt\/#\/schema\/logo\/image\/"},"sameAs":["https:\/\/www.facebook.com\/Toidupakk","https:\/\/www.instagram.com\/toidupakk\/"]}]}},"jetpack_sharing_enabled":true,"_links":{"self":[{"href":"https:\/\/toidupakk.ee\/lt\/wp-json\/wp\/v2\/product\/47340","targetHints":{"allow":["GET"]}}],"collection":[{"href":"https:\/\/toidupakk.ee\/lt\/wp-json\/wp\/v2\/product"}],"about":[{"href":"https:\/\/toidupakk.ee\/lt\/wp-json\/wp\/v2\/types\/product"}],"replies":[{"embeddable":true,"href":"https:\/\/toidupakk.ee\/lt\/wp-json\/wp\/v2\/comments?post=47340"}],"wp:featuredmedia":[{"embeddable":true,"href":"https:\/\/toidupakk.ee\/lt\/wp-json\/wp\/v2\/media\/664"}],"wp:attachment":[{"href":"https:\/\/toidupakk.ee\/lt\/wp-json\/wp\/v2\/media?parent=47340"}],"wp:term":[{"taxonomy":"product_brand","embeddable":true,"href":"https:\/\/toidupakk.ee\/lt\/wp-json\/wp\/v2\/product_brand?post=47340"},{"taxonomy":"product_cat","embeddable":true,"href":"https:\/\/toidupakk.ee\/lt\/wp-json\/wp\/v2\/product_cat?post=47340"},{"taxonomy":"product_tag","embeddable":true,"href":"https:\/\/toidupakk.ee\/lt\/wp-json\/wp\/v2\/product_tag?post=47340"}],"curies":[{"name":"wp","href":"https:\/\/api.w.org\/{rel}","templated":true}]}}