{"id":47331,"date":"2021-12-09T14:58:57","date_gmt":"2021-12-09T12:58:57","guid":{"rendered":"https:\/\/toidupakk.ee\/toode\/tactical-fire-pot-uzdegimo-gelis-40-ml\/"},"modified":"2026-04-29T17:31:21","modified_gmt":"2026-04-29T14:31:21","slug":"tactical-fire-pot-uzdegimo-gelis-40-ml","status":"publish","type":"product","link":"https:\/\/toidupakk.ee\/lt\/toode\/tactical-fire-pot-uzdegimo-gelis-40-ml\/","title":{"rendered":"\u201eTactical Fire Pot\u201c u\u017edegimo gelis, 40 ml"},"content":{"rendered":"<p><iframe style=\"width: 560px; height: 315px;\" title=\"\u201eTactical Fire Pot\u201c u\u017edegimo gelio naudojimas mi\u0161ke \u2013 mokomasis vaizdo \u012fra\u0161as Nr. 2\" src=\"https:\/\/www.youtube.com\/embed\/jUJLtYaJEZI\" frameborder=\"0\" allowfullscreen=\"allowfullscreen\"><\/iframe><\/p>\n<p><strong>Naudojimas: <\/strong>nor\u0117damas naudoti u\u017edegimo gel\u012f, pirmiausia \u012f maisto pakuot\u0119 \u012fpilk nurodyt\u0105 kiek\u012f \u0161alto vandens ir i\u0161mai\u0161yk. Tada atidaryk u\u017edegimo gelio dangtel\u012f ir u\u017edek degtuku ar \u017eiebtuv\u0117liu. U\u017edegimo indas tur\u0117t\u0173 stov\u0117ti ant kar\u0161\u010diui atsparaus pavir\u0161iaus. I\u0161lankstyk \u201eTactical Foodpack\u201c pakuot\u0117s dugn\u0105, kad jis b\u016bt\u0173 plok\u0161\u010dias, ir pad\u0117k vir\u0161 u\u017edegimo indo naudodamas akmenis, malkas ar kitas tinkamas atramas. Kaitink maisto pakuot\u0119, kol turinys u\u017evirs. Tada u\u017edegimo gel\u012f gali u\u017egesinti u\u017ed\u0117damas dangtel\u012f ant liepsnos. NB! Nem\u0117gink u\u017edegimo gelio u\u017ep\u016bsti! Dabar gali u\u017espausti pakuot\u0117s sandarikl\u012f, palaukti ant pakuot\u0117s nurodyt\u0105 laik\u0105 ir prad\u0117ti valgyti.        <\/p>\n<p><strong>\u012eSP\u0116JIMAS!  <\/strong>Laikyti vaikams nepasiekiamoje vietoje! Pakuot\u0119 laikyti sandariai u\u017edaryt\u0105. Kilus gaisrui, naudoti gesintuv\u0105. Patekus ant odos, nuplauti vandeniu. Draud\u017eiama vartoti per burn\u0105! Patek\u0119s \u012f akis, stipriai jas dirgina. Patekus \u012f akis, kelias minutes atsargiai plauti vandeniu. I\u0161imti kontaktinius l\u0119\u0161ius, jeigu jie yra ir jeigu lengvai galima tai padaryti, ir toliau plauti akis. Jei aki\u0173 dirginimas nepraeina, kreiptis \u012f gydytoj\u0105. Prie\u0161 naudojant perskaityti etiket\u0117je pateikt\u0105 informacij\u0105. Laikyti gerai v\u0117dinamoje vietoje.          <\/p>\n<p><iframe style=\"width: 560px; height: 315px;\" title=\"\u201eYouTube\u201c vaizdo grotuvas\" src=\"https:\/\/www.youtube.com\/embed\/eqIgwakFOlw\" frameborder=\"0\" allowfullscreen=\"allowfullscreen\"><\/iframe><br \/>\n<iframe style=\"width: 560px; height: 315px;\" title=\"\u201eYouTube\u201c vaizdo grotuvas\" src=\"https:\/\/www.youtube.com\/embed\/JQzzyx5izmc\" frameborder=\"0\" allowfullscreen=\"allowfullscreen\"><\/iframe><\/p>\n","protected":false},"excerpt":{"rendered":"<ul>\n<li>\u201eTactical Fire Pot\u201c u\u017edegimo gelis idealiai tinka nedidelei ugniai u\u017ekurti ir \u201eTactical Foodpack\u201c maistui pa\u0161ildyti.<\/li>\n<li>\u201eTactical Foodpack\u201c maisto pakuot\u0117s yra atsparios ugniai, tod\u0117l maist\u0105 galima \u0161ildyti tiesiai vir\u0161 \u201eTactical Fire Pot\u201c liepsnos.<\/li>\n<li>U\u017edegimo gelio sud\u0117tyje yra bioetanolio, juo galima pa\u0161ildyti iki 10 \u201eTactical Foodpack\u201c maisto pakuo\u010di\u0173.<\/li>\n<li>Naudojant u\u017edegimo gel\u012f nesusidaro d\u016bm\u0173, nemaloni\u0173 kvap\u0173 ar pelen\u0173.<\/li>\n<li>Tai daugkartinio naudojimo ir oro s\u0105lygoms atsparus gaminys.<\/li>\n<\/ul>\n<p>\u2705 Turime sand\u0117lyje, greitas pristatymas per 1\u20133 darbo dienas<\/p>\n","protected":false},"featured_media":656,"comment_status":"open","ping_status":"closed","template":"","meta":{"_acf_changed":false},"product_brand":[],"product_cat":[193,196,217,239,269,189,190],"product_tag":[194],"class_list":{"0":"post-47331","1":"product","2":"type-product","3":"status-publish","4":"has-post-thumbnail","6":"product_cat-karine-ekipuote","7":"product_cat-maisto-gaminimas","8":"product_cat-nakvyne-gamtoje","9":"product_cat-priedai","10":"product_cat-siluma","11":"product_cat-zygio-iranga","12":"product_cat-zygio-prekes","13":"product_tag-no_ads","15":"first","16":"outofstock","17":"taxable","18":"shipping-taxable","19":"purchasable","20":"product-type-simple"},"bundled_by":[],"bundle_stock_status":"outofstock","bundle_stock_quantity":0,"bundle_virtual":false,"bundle_layout":"","bundle_add_to_cart_form_location":"","bundle_editable_in_cart":false,"bundle_sold_individually_context":"","bundle_item_grouping":"","bundle_min_size":"","bundle_max_size":"","bundle_price":[],"bundled_items":[],"bundle_sell_ids":[],"acf":[],"yoast_head":"<!-- This site is optimized with the Yoast SEO plugin v27.3 - https:\/\/yoast.com\/product\/yoast-seo-wordpress\/ -->\n<title>\u201eTactical Fire Pot\u201c u\u017edegimo gelis, 40 ml<\/title>\n<meta name=\"description\" content=\"\u201eTactical Fire Pot\u201c u\u017edegimo gelis idealiai tinka nedidelei ugniai u\u017ekurti ir \u201eTactical Foodpack\u201c maistui pa\u0161ildyti.\" \/>\n<meta name=\"robots\" content=\"index, follow, max-snippet:-1, max-image-preview:large, max-video-preview:-1\" \/>\n<link rel=\"canonical\" href=\"https:\/\/toidupakk.ee\/lt\/toode\/tactical-fire-pot-uzdegimo-gelis-40-ml\/\" \/>\n<meta property=\"og:locale\" content=\"lt_LT\" \/>\n<meta property=\"og:type\" content=\"article\" \/>\n<meta property=\"og:title\" content=\"\u201eTactical Fire Pot\u201c u\u017edegimo gelis, 40 ml\" \/>\n<meta property=\"og:description\" content=\"\u201eTactical Fire Pot\u201c u\u017edegimo gelis idealiai tinka nedidelei ugniai u\u017ekurti ir \u201eTactical Foodpack\u201c maistui pa\u0161ildyti.\" \/>\n<meta property=\"og:url\" content=\"https:\/\/toidupakk.ee\/lt\/toode\/tactical-fire-pot-uzdegimo-gelis-40-ml\/\" \/>\n<meta property=\"og:site_name\" content=\"Toidupakk.ee - Tactical Foodpack toidupakid\" \/>\n<meta property=\"article:publisher\" content=\"https:\/\/www.facebook.com\/Toidupakk\" \/>\n<meta property=\"article:modified_time\" content=\"2026-04-29T14:31:21+00:00\" \/>\n<meta property=\"og:image\" content=\"https:\/\/toidupakk.ee\/wp-content\/uploads\/2021\/12\/Tactical_fire_pot-2_adobespark.png\" \/>\n\t<meta property=\"og:image:width\" content=\"2000\" \/>\n\t<meta property=\"og:image:height\" content=\"2000\" \/>\n\t<meta property=\"og:image:type\" content=\"image\/png\" \/>\n<meta name=\"twitter:card\" content=\"summary_large_image\" \/>\n<meta name=\"twitter:label1\" content=\"Est. reading time\" \/>\n\t<meta name=\"twitter:data1\" content=\"1 minut\u0117\" \/>\n<script type=\"application\/ld+json\" class=\"yoast-schema-graph\">{\"@context\":\"https:\\\/\\\/schema.org\",\"@graph\":[{\"@type\":\"WebPage\",\"@id\":\"https:\\\/\\\/toidupakk.ee\\\/lt\\\/toode\\\/tactical-fire-pot-uzdegimo-gelis-40-ml\\\/\",\"url\":\"https:\\\/\\\/toidupakk.ee\\\/lt\\\/toode\\\/tactical-fire-pot-uzdegimo-gelis-40-ml\\\/\",\"name\":\"\u201eTactical Fire Pot\u201c u\u017edegimo gelis, 40 ml\",\"isPartOf\":{\"@id\":\"https:\\\/\\\/toidupakk.ee\\\/lt\\\/#website\"},\"primaryImageOfPage\":{\"@id\":\"https:\\\/\\\/toidupakk.ee\\\/lt\\\/toode\\\/tactical-fire-pot-uzdegimo-gelis-40-ml\\\/#primaryimage\"},\"image\":{\"@id\":\"https:\\\/\\\/toidupakk.ee\\\/lt\\\/toode\\\/tactical-fire-pot-uzdegimo-gelis-40-ml\\\/#primaryimage\"},\"thumbnailUrl\":\"https:\\\/\\\/toidupakk.ee\\\/wp-content\\\/uploads\\\/2021\\\/12\\\/Tactical_fire_pot-2_adobespark.png\",\"datePublished\":\"2021-12-09T12:58:57+00:00\",\"dateModified\":\"2026-04-29T14:31:21+00:00\",\"description\":\"\u201eTactical Fire Pot\u201c u\u017edegimo gelis idealiai tinka nedidelei ugniai u\u017ekurti ir \u201eTactical Foodpack\u201c maistui pa\u0161ildyti.\",\"breadcrumb\":{\"@id\":\"https:\\\/\\\/toidupakk.ee\\\/lt\\\/toode\\\/tactical-fire-pot-uzdegimo-gelis-40-ml\\\/#breadcrumb\"},\"inLanguage\":\"lt-LT\",\"potentialAction\":[{\"@type\":\"ReadAction\",\"target\":[\"https:\\\/\\\/toidupakk.ee\\\/lt\\\/toode\\\/tactical-fire-pot-uzdegimo-gelis-40-ml\\\/\"]}]},{\"@type\":\"ImageObject\",\"inLanguage\":\"lt-LT\",\"@id\":\"https:\\\/\\\/toidupakk.ee\\\/lt\\\/toode\\\/tactical-fire-pot-uzdegimo-gelis-40-ml\\\/#primaryimage\",\"url\":\"https:\\\/\\\/toidupakk.ee\\\/wp-content\\\/uploads\\\/2021\\\/12\\\/Tactical_fire_pot-2_adobespark.png\",\"contentUrl\":\"https:\\\/\\\/toidupakk.ee\\\/wp-content\\\/uploads\\\/2021\\\/12\\\/Tactical_fire_pot-2_adobespark.png\",\"width\":2000,\"height\":2000,\"caption\":\"S\u00fc\u00fctegeel\"},{\"@type\":\"BreadcrumbList\",\"@id\":\"https:\\\/\\\/toidupakk.ee\\\/lt\\\/toode\\\/tactical-fire-pot-uzdegimo-gelis-40-ml\\\/#breadcrumb\",\"itemListElement\":[{\"@type\":\"ListItem\",\"position\":1,\"name\":\"Avaleht\",\"item\":\"https:\\\/\\\/toidupakk.ee\\\/lt\\\/\"},{\"@type\":\"ListItem\",\"position\":2,\"name\":\"El. parduotuv\u0117\",\"item\":\"https:\\\/\\\/toidupakk.ee\\\/lt\\\/el-parduotuve\\\/\"},{\"@type\":\"ListItem\",\"position\":3,\"name\":\"\u201eTactical Fire Pot\u201c u\u017edegimo gelis, 40 ml\"}]},{\"@type\":\"WebSite\",\"@id\":\"https:\\\/\\\/toidupakk.ee\\\/lt\\\/#website\",\"url\":\"https:\\\/\\\/toidupakk.ee\\\/lt\\\/\",\"name\":\"Toidupakk.ee - Tactical Foodpack toidupakid\",\"description\":\"Tactical Foodpack k\u00fclmkuivatatud toidupakid ja matkaeined\",\"publisher\":{\"@id\":\"https:\\\/\\\/toidupakk.ee\\\/lt\\\/#organization\"},\"potentialAction\":[{\"@type\":\"SearchAction\",\"target\":{\"@type\":\"EntryPoint\",\"urlTemplate\":\"https:\\\/\\\/toidupakk.ee\\\/lt\\\/?s={search_term_string}\"},\"query-input\":{\"@type\":\"PropertyValueSpecification\",\"valueRequired\":true,\"valueName\":\"search_term_string\"}}],\"inLanguage\":\"lt-LT\"},{\"@type\":\"Organization\",\"@id\":\"https:\\\/\\\/toidupakk.ee\\\/lt\\\/#organization\",\"name\":\"Tactical Foodpack matkaeined\",\"url\":\"https:\\\/\\\/toidupakk.ee\\\/lt\\\/\",\"logo\":{\"@type\":\"ImageObject\",\"inLanguage\":\"lt-LT\",\"@id\":\"https:\\\/\\\/toidupakk.ee\\\/lt\\\/#\\\/schema\\\/logo\\\/image\\\/\",\"url\":\"https:\\\/\\\/toidupakk.ee\\\/wp-content\\\/uploads\\\/2022\\\/01\\\/Toidupakk-matkapood-logo-transparent.png\",\"contentUrl\":\"https:\\\/\\\/toidupakk.ee\\\/wp-content\\\/uploads\\\/2022\\\/01\\\/Toidupakk-matkapood-logo-transparent.png\",\"width\":500,\"height\":500,\"caption\":\"Tactical Foodpack matkaeined\"},\"image\":{\"@id\":\"https:\\\/\\\/toidupakk.ee\\\/lt\\\/#\\\/schema\\\/logo\\\/image\\\/\"},\"sameAs\":[\"https:\\\/\\\/www.facebook.com\\\/Toidupakk\",\"https:\\\/\\\/www.instagram.com\\\/toidupakk\\\/\"]}]}<\/script>\n<!-- \/ Yoast SEO plugin. -->","yoast_head_json":{"title":"\u201eTactical Fire Pot\u201c u\u017edegimo gelis, 40 ml","description":"\u201eTactical Fire Pot\u201c u\u017edegimo gelis idealiai tinka nedidelei ugniai u\u017ekurti ir \u201eTactical Foodpack\u201c maistui pa\u0161ildyti.","robots":{"index":"index","follow":"follow","max-snippet":"max-snippet:-1","max-image-preview":"max-image-preview:large","max-video-preview":"max-video-preview:-1"},"canonical":"https:\/\/toidupakk.ee\/lt\/toode\/tactical-fire-pot-uzdegimo-gelis-40-ml\/","og_locale":"lt_LT","og_type":"article","og_title":"\u201eTactical Fire Pot\u201c u\u017edegimo gelis, 40 ml","og_description":"\u201eTactical Fire Pot\u201c u\u017edegimo gelis idealiai tinka nedidelei ugniai u\u017ekurti ir \u201eTactical Foodpack\u201c maistui pa\u0161ildyti.","og_url":"https:\/\/toidupakk.ee\/lt\/toode\/tactical-fire-pot-uzdegimo-gelis-40-ml\/","og_site_name":"Toidupakk.ee - Tactical Foodpack toidupakid","article_publisher":"https:\/\/www.facebook.com\/Toidupakk","article_modified_time":"2026-04-29T14:31:21+00:00","og_image":[{"width":2000,"height":2000,"url":"https:\/\/toidupakk.ee\/wp-content\/uploads\/2021\/12\/Tactical_fire_pot-2_adobespark.png","type":"image\/png"}],"twitter_card":"summary_large_image","twitter_misc":{"Est. reading time":"1 minut\u0117"},"schema":{"@context":"https:\/\/schema.org","@graph":[{"@type":"WebPage","@id":"https:\/\/toidupakk.ee\/lt\/toode\/tactical-fire-pot-uzdegimo-gelis-40-ml\/","url":"https:\/\/toidupakk.ee\/lt\/toode\/tactical-fire-pot-uzdegimo-gelis-40-ml\/","name":"\u201eTactical Fire Pot\u201c u\u017edegimo gelis, 40 ml","isPartOf":{"@id":"https:\/\/toidupakk.ee\/lt\/#website"},"primaryImageOfPage":{"@id":"https:\/\/toidupakk.ee\/lt\/toode\/tactical-fire-pot-uzdegimo-gelis-40-ml\/#primaryimage"},"image":{"@id":"https:\/\/toidupakk.ee\/lt\/toode\/tactical-fire-pot-uzdegimo-gelis-40-ml\/#primaryimage"},"thumbnailUrl":"https:\/\/toidupakk.ee\/wp-content\/uploads\/2021\/12\/Tactical_fire_pot-2_adobespark.png","datePublished":"2021-12-09T12:58:57+00:00","dateModified":"2026-04-29T14:31:21+00:00","description":"\u201eTactical Fire Pot\u201c u\u017edegimo gelis idealiai tinka nedidelei ugniai u\u017ekurti ir \u201eTactical Foodpack\u201c maistui pa\u0161ildyti.","breadcrumb":{"@id":"https:\/\/toidupakk.ee\/lt\/toode\/tactical-fire-pot-uzdegimo-gelis-40-ml\/#breadcrumb"},"inLanguage":"lt-LT","potentialAction":[{"@type":"ReadAction","target":["https:\/\/toidupakk.ee\/lt\/toode\/tactical-fire-pot-uzdegimo-gelis-40-ml\/"]}]},{"@type":"ImageObject","inLanguage":"lt-LT","@id":"https:\/\/toidupakk.ee\/lt\/toode\/tactical-fire-pot-uzdegimo-gelis-40-ml\/#primaryimage","url":"https:\/\/toidupakk.ee\/wp-content\/uploads\/2021\/12\/Tactical_fire_pot-2_adobespark.png","contentUrl":"https:\/\/toidupakk.ee\/wp-content\/uploads\/2021\/12\/Tactical_fire_pot-2_adobespark.png","width":2000,"height":2000,"caption":"S\u00fc\u00fctegeel"},{"@type":"BreadcrumbList","@id":"https:\/\/toidupakk.ee\/lt\/toode\/tactical-fire-pot-uzdegimo-gelis-40-ml\/#breadcrumb","itemListElement":[{"@type":"ListItem","position":1,"name":"Avaleht","item":"https:\/\/toidupakk.ee\/lt\/"},{"@type":"ListItem","position":2,"name":"El. parduotuv\u0117","item":"https:\/\/toidupakk.ee\/lt\/el-parduotuve\/"},{"@type":"ListItem","position":3,"name":"\u201eTactical Fire Pot\u201c u\u017edegimo gelis, 40 ml"}]},{"@type":"WebSite","@id":"https:\/\/toidupakk.ee\/lt\/#website","url":"https:\/\/toidupakk.ee\/lt\/","name":"Toidupakk.ee - Tactical Foodpack toidupakid","description":"Tactical Foodpack k\u00fclmkuivatatud toidupakid ja matkaeined","publisher":{"@id":"https:\/\/toidupakk.ee\/lt\/#organization"},"potentialAction":[{"@type":"SearchAction","target":{"@type":"EntryPoint","urlTemplate":"https:\/\/toidupakk.ee\/lt\/?s={search_term_string}"},"query-input":{"@type":"PropertyValueSpecification","valueRequired":true,"valueName":"search_term_string"}}],"inLanguage":"lt-LT"},{"@type":"Organization","@id":"https:\/\/toidupakk.ee\/lt\/#organization","name":"Tactical Foodpack matkaeined","url":"https:\/\/toidupakk.ee\/lt\/","logo":{"@type":"ImageObject","inLanguage":"lt-LT","@id":"https:\/\/toidupakk.ee\/lt\/#\/schema\/logo\/image\/","url":"https:\/\/toidupakk.ee\/wp-content\/uploads\/2022\/01\/Toidupakk-matkapood-logo-transparent.png","contentUrl":"https:\/\/toidupakk.ee\/wp-content\/uploads\/2022\/01\/Toidupakk-matkapood-logo-transparent.png","width":500,"height":500,"caption":"Tactical Foodpack matkaeined"},"image":{"@id":"https:\/\/toidupakk.ee\/lt\/#\/schema\/logo\/image\/"},"sameAs":["https:\/\/www.facebook.com\/Toidupakk","https:\/\/www.instagram.com\/toidupakk\/"]}]}},"jetpack_sharing_enabled":true,"_links":{"self":[{"href":"https:\/\/toidupakk.ee\/lt\/wp-json\/wp\/v2\/product\/47331","targetHints":{"allow":["GET"]}}],"collection":[{"href":"https:\/\/toidupakk.ee\/lt\/wp-json\/wp\/v2\/product"}],"about":[{"href":"https:\/\/toidupakk.ee\/lt\/wp-json\/wp\/v2\/types\/product"}],"replies":[{"embeddable":true,"href":"https:\/\/toidupakk.ee\/lt\/wp-json\/wp\/v2\/comments?post=47331"}],"wp:featuredmedia":[{"embeddable":true,"href":"https:\/\/toidupakk.ee\/lt\/wp-json\/wp\/v2\/media\/656"}],"wp:attachment":[{"href":"https:\/\/toidupakk.ee\/lt\/wp-json\/wp\/v2\/media?parent=47331"}],"wp:term":[{"taxonomy":"product_brand","embeddable":true,"href":"https:\/\/toidupakk.ee\/lt\/wp-json\/wp\/v2\/product_brand?post=47331"},{"taxonomy":"product_cat","embeddable":true,"href":"https:\/\/toidupakk.ee\/lt\/wp-json\/wp\/v2\/product_cat?post=47331"},{"taxonomy":"product_tag","embeddable":true,"href":"https:\/\/toidupakk.ee\/lt\/wp-json\/wp\/v2\/product_tag?post=47331"}],"curies":[{"name":"wp","href":"https:\/\/api.w.org\/{rel}","templated":true}]}}