{"id":47326,"date":"2021-11-19T13:13:06","date_gmt":"2021-11-19T11:13:06","guid":{"rendered":"https:\/\/toidupakk.ee\/toode\/turkey-jerky-honey-and-mustard-40g\/"},"modified":"2026-04-04T00:01:09","modified_gmt":"2026-04-03T21:01:09","slug":"turkey-jerky-honey-and-mustard-40g","status":"publish","type":"product","link":"https:\/\/toidupakk.ee\/lt\/toode\/turkey-jerky-honey-and-mustard-40g\/","title":{"rendered":"Turkey Jerky Honey and Mustard 40g"},"content":{"rendered":"","protected":false},"excerpt":{"rendered":"<p><strong>Vytinta kalakutiena su medumi ir garsty\u010diomis 40g<\/strong><\/p>\n<p>Ilgai marinuota kalakutiena medaus, garsty\u010di\u0173 ir svog\u016bn\u0173 marinade, i\u0161d\u017eiovinta tik tada, kai visi skoniai susigeria. B\u016btent taip ilgiausiai i\u0161lieka maistin\u0117 vert\u0117, o m\u0117sa \u012fgauna geriausi\u0105 skon\u012f. Rezultatas \u2013 puikus ir skanus u\u017ekandis, kuris nepaliks n\u0117 vieno abejingo.  <\/p>\n<p><strong>Tai auk\u0161tos kokyb\u0117s produktas be prid\u0117tini\u0173 dirbtini\u0173 aromatini\u0173 med\u017eiag\u0173 ir skonio stiprikli\u0173.<\/strong><\/p>\n<p>Energin\u0117 vert\u0117 vienoje porcijoje yra 112 kcal.<\/p>\n<p><strong>Sudedamosios dalys:<\/strong><br clear=\"none\">Kalakutienos kr\u016btin\u0117l\u0117s fil\u0117 (69,66 %), rudasis cukrus, <strong>medus<\/strong> (4,64 %), vyno actas, soj\u0173 pada\u017eas (vanduo, <strong>soj\u0173 pupel\u0117s<\/strong>, druska, spirito actas), svog\u016bnai, obuoli\u0173 actas, raudonasis vynas, prieskoniai, slyvos, druska, <strong>garsty\u010dios<\/strong> (0,82 %), \u010desnakai, <strong>salierai<\/strong>.<\/p>\n<p><strong>Geriausias iki<\/strong>: 3 metai nuo pagaminimo datos<\/p>\n<p>\u2705 Pristatymas per 1\u20133 darbo dienas<br \/>\n\u2705 NEMOKAMAS gr\u0105\u017einimas ir keitimas<\/p>\n","protected":false},"featured_media":18912,"comment_status":"open","ping_status":"closed","template":"","meta":{"_acf_changed":false},"product_brand":[],"product_cat":[239,213,275,189,190],"product_tag":[194],"class_list":{"0":"post-47326","1":"product","2":"type-product","3":"status-publish","4":"has-post-thumbnail","6":"product_cat-priedai","7":"product_cat-uzkandziai","8":"product_cat-vytinta-mesa","9":"product_cat-zygio-iranga","10":"product_cat-zygio-prekes","11":"product_tag-no_ads","13":"first","14":"outofstock","15":"taxable","16":"shipping-taxable","17":"purchasable","18":"product-type-simple"},"bundled_by":[],"bundle_stock_status":"outofstock","bundle_stock_quantity":0,"bundle_virtual":false,"bundle_layout":"","bundle_add_to_cart_form_location":"","bundle_editable_in_cart":false,"bundle_sold_individually_context":"","bundle_item_grouping":"","bundle_min_size":"","bundle_max_size":"","bundle_price":[],"bundled_items":[],"bundle_sell_ids":[],"acf":[],"yoast_head":"<!-- This site is optimized with the Yoast SEO plugin v27.1.1 - https:\/\/yoast.com\/product\/yoast-seo-wordpress\/ -->\n<title>Turkey Jerky Honey and Mustard 40g - Toidupakk.ee - Tactical Foodpack toidupakid<\/title>\n<meta name=\"description\" content=\"\u201eTurkey Jerky Honey and Mustard\u201c \u2013 tai kokybi\u0161kas amerikieti\u0161ko stiliaus u\u017ekandis i\u0161 auk\u0161\u010diausios r\u016b\u0161ies vytintos m\u0117sos. Puikus pasirinkimas m\u0117sos m\u0117g\u0117jams.\" \/>\n<meta name=\"robots\" content=\"index, follow, max-snippet:-1, max-image-preview:large, max-video-preview:-1\" \/>\n<link rel=\"canonical\" href=\"https:\/\/toidupakk.ee\/lt\/toode\/turkey-jerky-honey-and-mustard-40g\/\" \/>\n<meta property=\"og:locale\" content=\"lt_LT\" \/>\n<meta property=\"og:type\" content=\"article\" \/>\n<meta property=\"og:title\" content=\"Turkey Jerky Honey and Mustard 40g - Toidupakk.ee - Tactical Foodpack toidupakid\" \/>\n<meta property=\"og:description\" content=\"\u201eTurkey Jerky Honey and Mustard\u201c \u2013 tai kokybi\u0161kas amerikieti\u0161ko stiliaus u\u017ekandis i\u0161 auk\u0161\u010diausios r\u016b\u0161ies vytintos m\u0117sos. Puikus pasirinkimas m\u0117sos m\u0117g\u0117jams.\" \/>\n<meta property=\"og:url\" content=\"https:\/\/toidupakk.ee\/lt\/toode\/turkey-jerky-honey-and-mustard-40g\/\" \/>\n<meta property=\"og:site_name\" content=\"Toidupakk.ee - Tactical Foodpack toidupakid\" \/>\n<meta property=\"article:publisher\" content=\"https:\/\/www.facebook.com\/Toidupakk\" \/>\n<meta property=\"article:modified_time\" content=\"2026-04-03T21:01:09+00:00\" \/>\n<meta property=\"og:image\" content=\"https:\/\/toidupakk.ee\/wp-content\/uploads\/2021\/11\/Vinnutatud-liha-turkey_jerky_honey_and_mustard-800x800-1.png\" \/>\n\t<meta property=\"og:image:width\" content=\"800\" \/>\n\t<meta property=\"og:image:height\" content=\"800\" \/>\n\t<meta property=\"og:image:type\" content=\"image\/png\" \/>\n<meta name=\"twitter:card\" content=\"summary_large_image\" \/>\n<script type=\"application\/ld+json\" class=\"yoast-schema-graph\">{\"@context\":\"https:\/\/schema.org\",\"@graph\":[{\"@type\":\"WebPage\",\"@id\":\"https:\/\/toidupakk.ee\/lt\/toode\/turkey-jerky-honey-and-mustard-40g\/\",\"url\":\"https:\/\/toidupakk.ee\/lt\/toode\/turkey-jerky-honey-and-mustard-40g\/\",\"name\":\"Turkey Jerky Honey and Mustard 40g - Toidupakk.ee - Tactical Foodpack toidupakid\",\"isPartOf\":{\"@id\":\"https:\/\/toidupakk.ee\/lt\/#website\"},\"primaryImageOfPage\":{\"@id\":\"https:\/\/toidupakk.ee\/lt\/toode\/turkey-jerky-honey-and-mustard-40g\/#primaryimage\"},\"image\":{\"@id\":\"https:\/\/toidupakk.ee\/lt\/toode\/turkey-jerky-honey-and-mustard-40g\/#primaryimage\"},\"thumbnailUrl\":\"https:\/\/toidupakk.ee\/wp-content\/uploads\/2021\/11\/Vinnutatud-liha-turkey_jerky_honey_and_mustard-800x800-1.png\",\"datePublished\":\"2021-11-19T11:13:06+00:00\",\"dateModified\":\"2026-04-03T21:01:09+00:00\",\"description\":\"\u201eTurkey Jerky Honey and Mustard\u201c \u2013 tai kokybi\u0161kas amerikieti\u0161ko stiliaus u\u017ekandis i\u0161 auk\u0161\u010diausios r\u016b\u0161ies vytintos m\u0117sos. Puikus pasirinkimas m\u0117sos m\u0117g\u0117jams.\",\"breadcrumb\":{\"@id\":\"https:\/\/toidupakk.ee\/lt\/toode\/turkey-jerky-honey-and-mustard-40g\/#breadcrumb\"},\"inLanguage\":\"lt-LT\",\"potentialAction\":[{\"@type\":\"ReadAction\",\"target\":[\"https:\/\/toidupakk.ee\/lt\/toode\/turkey-jerky-honey-and-mustard-40g\/\"]}]},{\"@type\":\"ImageObject\",\"inLanguage\":\"lt-LT\",\"@id\":\"https:\/\/toidupakk.ee\/lt\/toode\/turkey-jerky-honey-and-mustard-40g\/#primaryimage\",\"url\":\"https:\/\/toidupakk.ee\/wp-content\/uploads\/2021\/11\/Vinnutatud-liha-turkey_jerky_honey_and_mustard-800x800-1.png\",\"contentUrl\":\"https:\/\/toidupakk.ee\/wp-content\/uploads\/2021\/11\/Vinnutatud-liha-turkey_jerky_honey_and_mustard-800x800-1.png\",\"width\":800,\"height\":800,\"caption\":\"Vinnutatud liha mee ja sinepiga\"},{\"@type\":\"BreadcrumbList\",\"@id\":\"https:\/\/toidupakk.ee\/lt\/toode\/turkey-jerky-honey-and-mustard-40g\/#breadcrumb\",\"itemListElement\":[{\"@type\":\"ListItem\",\"position\":1,\"name\":\"Avaleht\",\"item\":\"https:\/\/toidupakk.ee\/lt\/\"},{\"@type\":\"ListItem\",\"position\":2,\"name\":\"El. parduotuv\u0117\",\"item\":\"https:\/\/toidupakk.ee\/lt\/el-parduotuve\/\"},{\"@type\":\"ListItem\",\"position\":3,\"name\":\"Turkey Jerky Honey and Mustard 40g\"}]},{\"@type\":\"WebSite\",\"@id\":\"https:\/\/toidupakk.ee\/lt\/#website\",\"url\":\"https:\/\/toidupakk.ee\/lt\/\",\"name\":\"Toidupakk.ee - Tactical Foodpack toidupakid\",\"description\":\"Tactical Foodpack k\u00fclmkuivatatud toidupakid ja matkaeined\",\"publisher\":{\"@id\":\"https:\/\/toidupakk.ee\/lt\/#organization\"},\"potentialAction\":[{\"@type\":\"SearchAction\",\"target\":{\"@type\":\"EntryPoint\",\"urlTemplate\":\"https:\/\/toidupakk.ee\/lt\/?s={search_term_string}\"},\"query-input\":{\"@type\":\"PropertyValueSpecification\",\"valueRequired\":true,\"valueName\":\"search_term_string\"}}],\"inLanguage\":\"lt-LT\"},{\"@type\":\"Organization\",\"@id\":\"https:\/\/toidupakk.ee\/lt\/#organization\",\"name\":\"Tactical Foodpack matkaeined\",\"url\":\"https:\/\/toidupakk.ee\/lt\/\",\"logo\":{\"@type\":\"ImageObject\",\"inLanguage\":\"lt-LT\",\"@id\":\"https:\/\/toidupakk.ee\/lt\/#\/schema\/logo\/image\/\",\"url\":\"https:\/\/toidupakk.ee\/wp-content\/uploads\/2022\/01\/Toidupakk-matkapood-logo-transparent.png\",\"contentUrl\":\"https:\/\/toidupakk.ee\/wp-content\/uploads\/2022\/01\/Toidupakk-matkapood-logo-transparent.png\",\"width\":500,\"height\":500,\"caption\":\"Tactical Foodpack matkaeined\"},\"image\":{\"@id\":\"https:\/\/toidupakk.ee\/lt\/#\/schema\/logo\/image\/\"},\"sameAs\":[\"https:\/\/www.facebook.com\/Toidupakk\",\"https:\/\/www.instagram.com\/toidupakk\/\"]}]}<\/script>\n<!-- \/ Yoast SEO plugin. -->","yoast_head_json":{"title":"Turkey Jerky Honey and Mustard 40g - Toidupakk.ee - Tactical Foodpack toidupakid","description":"\u201eTurkey Jerky Honey and Mustard\u201c \u2013 tai kokybi\u0161kas amerikieti\u0161ko stiliaus u\u017ekandis i\u0161 auk\u0161\u010diausios r\u016b\u0161ies vytintos m\u0117sos. Puikus pasirinkimas m\u0117sos m\u0117g\u0117jams.","robots":{"index":"index","follow":"follow","max-snippet":"max-snippet:-1","max-image-preview":"max-image-preview:large","max-video-preview":"max-video-preview:-1"},"canonical":"https:\/\/toidupakk.ee\/lt\/toode\/turkey-jerky-honey-and-mustard-40g\/","og_locale":"lt_LT","og_type":"article","og_title":"Turkey Jerky Honey and Mustard 40g - Toidupakk.ee - Tactical Foodpack toidupakid","og_description":"\u201eTurkey Jerky Honey and Mustard\u201c \u2013 tai kokybi\u0161kas amerikieti\u0161ko stiliaus u\u017ekandis i\u0161 auk\u0161\u010diausios r\u016b\u0161ies vytintos m\u0117sos. Puikus pasirinkimas m\u0117sos m\u0117g\u0117jams.","og_url":"https:\/\/toidupakk.ee\/lt\/toode\/turkey-jerky-honey-and-mustard-40g\/","og_site_name":"Toidupakk.ee - Tactical Foodpack toidupakid","article_publisher":"https:\/\/www.facebook.com\/Toidupakk","article_modified_time":"2026-04-03T21:01:09+00:00","og_image":[{"width":800,"height":800,"url":"https:\/\/toidupakk.ee\/wp-content\/uploads\/2021\/11\/Vinnutatud-liha-turkey_jerky_honey_and_mustard-800x800-1.png","type":"image\/png"}],"twitter_card":"summary_large_image","schema":{"@context":"https:\/\/schema.org","@graph":[{"@type":"WebPage","@id":"https:\/\/toidupakk.ee\/lt\/toode\/turkey-jerky-honey-and-mustard-40g\/","url":"https:\/\/toidupakk.ee\/lt\/toode\/turkey-jerky-honey-and-mustard-40g\/","name":"Turkey Jerky Honey and Mustard 40g - Toidupakk.ee - Tactical Foodpack toidupakid","isPartOf":{"@id":"https:\/\/toidupakk.ee\/lt\/#website"},"primaryImageOfPage":{"@id":"https:\/\/toidupakk.ee\/lt\/toode\/turkey-jerky-honey-and-mustard-40g\/#primaryimage"},"image":{"@id":"https:\/\/toidupakk.ee\/lt\/toode\/turkey-jerky-honey-and-mustard-40g\/#primaryimage"},"thumbnailUrl":"https:\/\/toidupakk.ee\/wp-content\/uploads\/2021\/11\/Vinnutatud-liha-turkey_jerky_honey_and_mustard-800x800-1.png","datePublished":"2021-11-19T11:13:06+00:00","dateModified":"2026-04-03T21:01:09+00:00","description":"\u201eTurkey Jerky Honey and Mustard\u201c \u2013 tai kokybi\u0161kas amerikieti\u0161ko stiliaus u\u017ekandis i\u0161 auk\u0161\u010diausios r\u016b\u0161ies vytintos m\u0117sos. Puikus pasirinkimas m\u0117sos m\u0117g\u0117jams.","breadcrumb":{"@id":"https:\/\/toidupakk.ee\/lt\/toode\/turkey-jerky-honey-and-mustard-40g\/#breadcrumb"},"inLanguage":"lt-LT","potentialAction":[{"@type":"ReadAction","target":["https:\/\/toidupakk.ee\/lt\/toode\/turkey-jerky-honey-and-mustard-40g\/"]}]},{"@type":"ImageObject","inLanguage":"lt-LT","@id":"https:\/\/toidupakk.ee\/lt\/toode\/turkey-jerky-honey-and-mustard-40g\/#primaryimage","url":"https:\/\/toidupakk.ee\/wp-content\/uploads\/2021\/11\/Vinnutatud-liha-turkey_jerky_honey_and_mustard-800x800-1.png","contentUrl":"https:\/\/toidupakk.ee\/wp-content\/uploads\/2021\/11\/Vinnutatud-liha-turkey_jerky_honey_and_mustard-800x800-1.png","width":800,"height":800,"caption":"Vinnutatud liha mee ja sinepiga"},{"@type":"BreadcrumbList","@id":"https:\/\/toidupakk.ee\/lt\/toode\/turkey-jerky-honey-and-mustard-40g\/#breadcrumb","itemListElement":[{"@type":"ListItem","position":1,"name":"Avaleht","item":"https:\/\/toidupakk.ee\/lt\/"},{"@type":"ListItem","position":2,"name":"El. parduotuv\u0117","item":"https:\/\/toidupakk.ee\/lt\/el-parduotuve\/"},{"@type":"ListItem","position":3,"name":"Turkey Jerky Honey and Mustard 40g"}]},{"@type":"WebSite","@id":"https:\/\/toidupakk.ee\/lt\/#website","url":"https:\/\/toidupakk.ee\/lt\/","name":"Toidupakk.ee - Tactical Foodpack toidupakid","description":"Tactical Foodpack k\u00fclmkuivatatud toidupakid ja matkaeined","publisher":{"@id":"https:\/\/toidupakk.ee\/lt\/#organization"},"potentialAction":[{"@type":"SearchAction","target":{"@type":"EntryPoint","urlTemplate":"https:\/\/toidupakk.ee\/lt\/?s={search_term_string}"},"query-input":{"@type":"PropertyValueSpecification","valueRequired":true,"valueName":"search_term_string"}}],"inLanguage":"lt-LT"},{"@type":"Organization","@id":"https:\/\/toidupakk.ee\/lt\/#organization","name":"Tactical Foodpack matkaeined","url":"https:\/\/toidupakk.ee\/lt\/","logo":{"@type":"ImageObject","inLanguage":"lt-LT","@id":"https:\/\/toidupakk.ee\/lt\/#\/schema\/logo\/image\/","url":"https:\/\/toidupakk.ee\/wp-content\/uploads\/2022\/01\/Toidupakk-matkapood-logo-transparent.png","contentUrl":"https:\/\/toidupakk.ee\/wp-content\/uploads\/2022\/01\/Toidupakk-matkapood-logo-transparent.png","width":500,"height":500,"caption":"Tactical Foodpack matkaeined"},"image":{"@id":"https:\/\/toidupakk.ee\/lt\/#\/schema\/logo\/image\/"},"sameAs":["https:\/\/www.facebook.com\/Toidupakk","https:\/\/www.instagram.com\/toidupakk\/"]}]}},"jetpack_sharing_enabled":true,"_links":{"self":[{"href":"https:\/\/toidupakk.ee\/lt\/wp-json\/wp\/v2\/product\/47326","targetHints":{"allow":["GET"]}}],"collection":[{"href":"https:\/\/toidupakk.ee\/lt\/wp-json\/wp\/v2\/product"}],"about":[{"href":"https:\/\/toidupakk.ee\/lt\/wp-json\/wp\/v2\/types\/product"}],"replies":[{"embeddable":true,"href":"https:\/\/toidupakk.ee\/lt\/wp-json\/wp\/v2\/comments?post=47326"}],"wp:featuredmedia":[{"embeddable":true,"href":"https:\/\/toidupakk.ee\/lt\/wp-json\/wp\/v2\/media\/18912"}],"wp:attachment":[{"href":"https:\/\/toidupakk.ee\/lt\/wp-json\/wp\/v2\/media?parent=47326"}],"wp:term":[{"taxonomy":"product_brand","embeddable":true,"href":"https:\/\/toidupakk.ee\/lt\/wp-json\/wp\/v2\/product_brand?post=47326"},{"taxonomy":"product_cat","embeddable":true,"href":"https:\/\/toidupakk.ee\/lt\/wp-json\/wp\/v2\/product_cat?post=47326"},{"taxonomy":"product_tag","embeddable":true,"href":"https:\/\/toidupakk.ee\/lt\/wp-json\/wp\/v2\/product_tag?post=47326"}],"curies":[{"name":"wp","href":"https:\/\/api.w.org\/{rel}","templated":true}]}}