{"id":47315,"date":"2021-11-02T23:38:03","date_gmt":"2021-11-02T21:38:03","guid":{"rendered":"https:\/\/toidupakk.ee\/toode\/makaronai-su-tunu-110-g\/"},"modified":"2026-04-16T03:30:58","modified_gmt":"2026-04-16T00:30:58","slug":"makaronai-su-tunu-110-g","status":"publish","type":"product","link":"https:\/\/toidupakk.ee\/lt\/toode\/makaronai-su-tunu-110-g\/","title":{"rendered":"Makaronai su tunu 110 g"},"content":{"rendered":"<h1><img fetchpriority=\"high\" decoding=\"async\" class=\"alignright wp-image-29521 size-thumbnail\" src=\"https:\/\/toidupakk.ee\/wp-content\/uploads\/2021\/11\/Tuunikalapasta-kauss-500x500.png\" alt=\"\u201eTactical\u201c makaronai su tunu\" width=\"500\" height=\"500\" srcset=\"https:\/\/toidupakk.ee\/wp-content\/uploads\/2021\/11\/Tuunikalapasta-kauss-500x500.png 500w, https:\/\/toidupakk.ee\/wp-content\/uploads\/2021\/11\/Tuunikalapasta-kauss-400x400.png 400w, https:\/\/toidupakk.ee\/wp-content\/uploads\/2021\/11\/Tuunikalapasta-kauss-100x100.png 100w, https:\/\/toidupakk.ee\/wp-content\/uploads\/2021\/11\/Tuunikalapasta-kauss-300x300.png 300w, https:\/\/toidupakk.ee\/wp-content\/uploads\/2021\/11\/Tuunikalapasta-kauss-768x768.png 768w, https:\/\/toidupakk.ee\/wp-content\/uploads\/2021\/11\/Tuunikalapasta-kauss.png 800w\" sizes=\"(max-width: 500px) 100vw, 500px\" \/>\u201eTactical Foodpack\u201c makaronai su tunu pagal Jamie Oliverio \u012fkv\u0117pt\u0105 recept\u0105<\/h1>\n<p><strong>\u201eTactical Foodpack\u201c makaronai su tunu<\/strong> yra puikus pasirinkimas vertinantiems skan\u0173 ir maisting\u0105 maist\u0105. \u0160\u012f \u0161altyje d\u017eiovint\u0105 patiekal\u0105 lengva paruo\u0161ti, jis idealiai tinka \u017eygiams, nuotykiams ar greitai vakarienei namuose. <\/p>\n<hr>\n<h2><strong>Kod\u0117l verta rinktis makaronus su tunu?<\/strong><\/h2>\n<p>Makaronai su tunu yra daugiau nei tik maistas \u2013 tai skanus ir sotus pasirinkimas. \u201eTactical Foodpack\u201c patiekalai, \u012fskaitant makaronus su tunu, sukurti suteikti daug maistin\u0117s vert\u0117s ir energijos net sud\u0117tingiausiomis s\u0105lygomis. \u0160tai kelios prie\u017eastys, kod\u0117l tai gali tapti tavo nauju m\u0117gstamiausiu patiekalu:  <\/p>\n<ul>\n<li><strong>Lengva paruo\u0161ti<\/strong>: tiesiog \u012fpilk 330 ml kar\u0161to vandens ir palauk 8 minutes. M\u0117gaukis greitu ir patogiu sprendimu be sud\u0117tingo gaminimo. <\/li>\n<li><strong>Didel\u0117 energin\u0117 vert\u0117<\/strong>: vienoje porcijoje yra 2123 kJ (508 kcal), kad i\u0161liktum energingas vis\u0105 dien\u0105.<\/li>\n<li><strong>Nat\u016brali sud\u0117tis<\/strong>: be konservant\u0173 ir dirbtini\u0173 pried\u0173 \u2013 tik kokybi\u0161ki ingredientai, u\u017etikrinantys skan\u0173 ir sveik\u0105 maist\u0105.<\/li>\n<li><strong>Ilgas galiojimo laikas<\/strong>: geriausia iki 8 met\u0173 nuo pagaminimo datos, tod\u0117l idealiai tinka ilgalaikiam saugojimui ir nenumatytoms situacijoms.<\/li>\n<li><strong>Pagaminta Vokietijoje<\/strong>: kokybi\u0161ka gamyba u\u017etikrina, kad kiekvienas patiekalas atitikt\u0173 auk\u0161\u010diausius standartus ir i\u0161laikyt\u0173 savo skon\u012f b\u0117gant metams.<\/li>\n<\/ul>\n<hr>\n<h3><strong>Produkto apra\u0161ymas: kuo ypatingi makaronai su tunu?<\/strong><\/h3>\n<p>Makaronai su tunu sukurti \u012fkv\u0117pimo semiantis i\u0161 Jamie Oliverio patiekal\u0173, naudojant kruop\u0161\u010diai atrinktus ingredientus tobulam skoniui ir maistinei vertei u\u017etikrinti. Kiekvienoje pakuot\u0117je yra: <\/p>\n<ul>\n<li><strong>Makaronai (50 %)<\/strong> (kiet\u0173j\u0173 kvie\u010di\u0173 miltai, vanduo)<\/li>\n<li>Svog\u016bnai<\/li>\n<li>Smulkinti pomidorai<\/li>\n<li><strong>Tunas saul\u0117gr\u0105\u017e\u0173 aliejuje (18 %)<\/strong><\/li>\n<li>Kietasis s\u016bris<\/li>\n<li>Cukrus<\/li>\n<li>Joduota druska<\/li>\n<li>Laimo sultys<\/li>\n<li>Cinamonas<\/li>\n<li>Bazilikas<\/li>\n<li>Baltieji pipirai<\/li>\n<li>\u010cili milteliai<\/li>\n<\/ul>\n<hr>\n<h3><strong>D\u017eiovinimo \u0161altyje privalumai<\/strong><\/h3>\n<p>D\u017eiovinimas \u0161altyje (liofilizacija) i\u0161saugo maisto \u0161vie\u017eum\u0105, tekst\u016br\u0105 ir maistin\u0119 vert\u0119, pa\u0161alinant vanden\u012f vakuumo kameroje \u017eemoje temperat\u016broje. D\u0117l to \u201eTactical Foodpack\u201c maistas yra lengvai transportuojamas ir ilgai galioja, i\u0161laikydamas visus svarbius vitaminus ir mineralus. <\/p>\n<hr>\n<h3><strong>Kam skirti makaronai su tunu?<\/strong><\/h3>\n<ul>\n<li><strong>\u017dygeiviams ir stovyklautojams<\/strong>: d\u0117l lengvo paruo\u0161imo ir ma\u017eo svorio tai idealus pasirinkimas \u017eygio maistui.<\/li>\n<li><strong>Nuotyki\u0173 ie\u0161kotojams ir i\u0161gyvenimo entuziastams<\/strong>: ilgas galiojimo laikas ir didel\u0117 energin\u0117 vert\u0117 puikiai tinka i\u0161gyvenimo situacijoms ir ilgoms kelion\u0117ms.<\/li>\n<li><strong>Greitai vakarienei namuose<\/strong>: kai laikas ribotas, bet norisi sveiko ir skanaus maisto, makaronai su tunu yra idealus sprendimas.<\/li>\n<\/ul>\n<hr>\n<h3><strong>Produkto informacija ir laikymo s\u0105lygos<\/strong><\/h3>\n<p>Makaronai su tunu tiekiami <strong>147 g pakuot\u0117je<\/strong>, kurios grynasis maisto svoris yra <strong>120 g (d\u017eiovinto \u0161altyje)<\/strong>. Paruo\u0161to patiekalo svoris apie <strong>450 g<\/strong>. <\/p>\n<ul>\n<li>Ideali laikymo temperat\u016bra: <strong>nuo 10 \u00b0C iki +30 \u00b0C<\/strong><\/li>\n<li>Pagaminta Vokietijoje, laikantis auk\u0161\u010diausi\u0173 standart\u0173.<\/li>\n<\/ul>\n<hr>\n<h3><img decoding=\"async\" class=\"alignnone size-full wp-image-676\" src=\"https:\/\/toidupakk.ee\/wp-content\/uploads\/2021\/12\/TF_logo_RGB-22-16-43-849.png\" alt=\"\u201eTactical Foodpack\u201c \u017ealias logotipas\" width=\"238\" height=\"100\"><\/h3>\n<h3><strong>\u201eTactical Foodpack\u201c patiekalo paruo\u0161imas<\/strong><\/h3>\n<ol>\n<li>Atpl\u0117\u0161k pakuot\u0119 vir\u0161uje nurodytoje vietoje.<\/li>\n<li>I\u0161imk pakuot\u0117s viduje esant\u012f deguonies absorbuotoj\u0105 (ma\u017e\u0105 mai\u0161el\u012f).<\/li>\n<li>\u012e pakuot\u0119 \u012fpilk 330 ml kar\u0161to vandens.<\/li>\n<li>Gerai i\u0161mai\u0161yk ir u\u017espausk \u201egrip\u201c u\u017erakt\u0105.<\/li>\n<li>Palauk 8 minutes ir m\u0117gaukis \u0161iltu bei skaniu maistu.<\/li>\n<\/ol>\n<hr>\n<h3><strong>U\u017esisakyk makaronus su tunu jau \u0161iandien!<\/strong><\/h3>\n<p>Nepraleisk progos! U\u017esisakyk \u201eTactical Foodpack\u201c makaronus su tunu jau \u0161iandien ir m\u0117gaukis visaver\u010diu maistu bet kada ir bet kur.<br \/>\n\u2705 <strong>Turime sand\u0117lyje<\/strong>, greitas pristatymas per 1\u20133 darbo dienas. <\/p>\n<hr>\n<h3><strong>Per\u017ei\u016br\u0117ti visus \u201eTactical Foodpack\u201c patiekalus<\/strong><\/h3>\n<p>Susipa\u017eink ir su kitais <a href=\"https:\/\/toidupakk.ee\/lt\/tootekategooria\/tactical-foodpack-patiekalai\/\">\u201eTactical Foodpack\u201c \u017eygio patiekalais<\/a>, kad rastum tinkamus variantus kiekvienam nuotykiui.<\/p>\n<p>Sek mus <a href=\"https:\/\/www.instagram.com\/toidupakk\/\">\u201eInstagram\u201c<\/a> ir <a href=\"https:\/\/www.facebook.com\/Toidupakk\/\">\u201eFacebook\u201c<\/a>, pasisemk \u012fkv\u0117pimo, rask recept\u0173 ir naujien\u0173 apie m\u016bs\u0173 asortiment\u0105!<\/p>\n","protected":false},"excerpt":{"rendered":"<ul>\n<li>Makaronai su tunu, pagaminti pagal Jamie Oliverio receptus<\/li>\n<li>Naudojami auk\u0161\u010diausios kokyb\u0117s ingredientai<\/li>\n<li>Kremin\u0117 konsistencija<\/li>\n<li>Makaronai su tunu 147 g pakuot\u0117je<\/li>\n<li>Grynasis maisto svoris 120 g (prie\u0161 ruo\u0161im\u0105, d\u017eiovinta \u0161altyje ir be skys\u010dio)<\/li>\n<li>Paruo\u0161to maisto svoris apie 450 g<\/li>\n<li>Paruo\u0161tas maistas \u2013 tiesiog u\u017epilk kar\u0161tu vandeniu ir po 8 min. gal\u0117si m\u0117gautis visaver\u010diu patiekalu<\/li>\n<li>Paruo\u0161imui \u012f pakuot\u0119 \u012fpilk 330 ml kar\u0161to vandens<\/li>\n<li><span lang=\"ET\">Nat\u016brali sud\u0117tis, be konservant\u0173 ir pried\u0173<\/span><\/li>\n<li><span lang=\"ET\">Energin\u0117 vert\u0117 porcijai yra 2123 kJ \/ 508 kcal<\/span><\/li>\n<li>Geriausia iki: 8 metai nuo pagaminimo datos<\/li>\n<li>Pagaminta Vokietijoje<\/li>\n<li>Ideali laikymo temperat\u016bra: nuo 10 \u00b0C iki +30 \u00b0C<\/li>\n<\/ul>\n<p><strong>Sud\u0117tis:<\/strong><\/p>\n<p>Makaronai (50 %) (kiet\u0173j\u0173 kvie\u010di\u0173 miltai, vanduo), svog\u016bnai, smulkinti pomidorai, tunas saul\u0117gr\u0105\u017e\u0173 aliejuje (18 %), kietasis s\u016bris, cukrus, joduota druska, laimo sultys, cinamonas, bazilikas, baltieji pipirai, \u010dili milteliai.<\/p>\n<p>\u2705 Turime sand\u0117lyje, greitas pristatymas per 1\u20133 darbo dienas<\/p>\n","protected":false},"featured_media":47319,"comment_status":"open","ping_status":"closed","template":"","meta":{"_acf_changed":false},"product_brand":[],"product_cat":[256,204,231,190],"product_tag":[205],"class_list":{"0":"post-47315","1":"product","2":"type-product","3":"status-publish","4":"has-post-thumbnail","6":"product_cat-pagrindiniai-patiekalai","7":"product_cat-tactical-foodpack-patiekalai","8":"product_cat-zygio-maistas","9":"product_cat-zygio-prekes","10":"product_tag-tactical-foodpack","12":"first","13":"outofstock","14":"taxable","15":"shipping-taxable","16":"purchasable","17":"product-type-simple"},"bundled_by":[],"bundle_stock_status":"outofstock","bundle_stock_quantity":0,"bundle_virtual":false,"bundle_layout":"","bundle_add_to_cart_form_location":"","bundle_editable_in_cart":false,"bundle_sold_individually_context":"","bundle_item_grouping":"","bundle_min_size":"","bundle_max_size":"","bundle_price":[],"bundled_items":[],"bundle_sell_ids":[],"acf":[],"yoast_head":"<!-- This site is optimized with the Yoast SEO plugin v27.3 - https:\/\/yoast.com\/product\/yoast-seo-wordpress\/ -->\n<title>Makaronai su tunu 110 g - Toidupakk.ee - Tactical Foodpack toidupakid<\/title>\n<meta name=\"description\" content=\"\u0160altyje d\u017eiovinti makaronai su tunu, sukurti pagal Jamie Oliverio receptus. Naudojami auk\u0161\u010diausios kokyb\u0117s ingredientai, be konservant\u0173, d\u017eiovinta \u0161altyje.\" \/>\n<meta name=\"robots\" content=\"index, follow, max-snippet:-1, max-image-preview:large, max-video-preview:-1\" \/>\n<link rel=\"canonical\" href=\"https:\/\/toidupakk.ee\/lt\/toode\/makaronai-su-tunu-110-g\/\" \/>\n<meta property=\"og:locale\" content=\"lt_LT\" \/>\n<meta property=\"og:type\" content=\"article\" \/>\n<meta property=\"og:title\" content=\"Makaronai su tunu 110 g - Toidupakk.ee - Tactical Foodpack toidupakid\" \/>\n<meta property=\"og:description\" content=\"\u0160altyje d\u017eiovinti makaronai su tunu, sukurti pagal Jamie Oliverio receptus. Naudojami auk\u0161\u010diausios kokyb\u0117s ingredientai, be konservant\u0173, d\u017eiovinta \u0161altyje.\" \/>\n<meta property=\"og:url\" content=\"https:\/\/toidupakk.ee\/lt\/toode\/makaronai-su-tunu-110-g\/\" \/>\n<meta property=\"og:site_name\" content=\"Toidupakk.ee - Tactical Foodpack toidupakid\" \/>\n<meta property=\"article:publisher\" content=\"https:\/\/www.facebook.com\/Toidupakk\" \/>\n<meta property=\"article:modified_time\" content=\"2026-04-16T00:30:58+00:00\" \/>\n<meta property=\"og:image\" content=\"https:\/\/toidupakk.ee\/wp-content\/uploads\/2021\/11\/Tuunikalapasta-kauss.png\" \/>\n\t<meta property=\"og:image:width\" content=\"800\" \/>\n\t<meta property=\"og:image:height\" content=\"800\" \/>\n\t<meta property=\"og:image:type\" content=\"image\/png\" \/>\n<meta name=\"twitter:card\" content=\"summary_large_image\" \/>\n<meta name=\"twitter:label1\" content=\"Est. reading time\" \/>\n\t<meta name=\"twitter:data1\" content=\"3 minut\u0117s\" \/>\n<script type=\"application\/ld+json\" class=\"yoast-schema-graph\">{\"@context\":\"https:\\\/\\\/schema.org\",\"@graph\":[{\"@type\":\"WebPage\",\"@id\":\"https:\\\/\\\/toidupakk.ee\\\/lt\\\/toode\\\/makaronai-su-tunu-110-g\\\/\",\"url\":\"https:\\\/\\\/toidupakk.ee\\\/lt\\\/toode\\\/makaronai-su-tunu-110-g\\\/\",\"name\":\"Makaronai su tunu 110 g - Toidupakk.ee - Tactical Foodpack toidupakid\",\"isPartOf\":{\"@id\":\"https:\\\/\\\/toidupakk.ee\\\/lt\\\/#website\"},\"primaryImageOfPage\":{\"@id\":\"https:\\\/\\\/toidupakk.ee\\\/lt\\\/toode\\\/makaronai-su-tunu-110-g\\\/#primaryimage\"},\"image\":{\"@id\":\"https:\\\/\\\/toidupakk.ee\\\/lt\\\/toode\\\/makaronai-su-tunu-110-g\\\/#primaryimage\"},\"thumbnailUrl\":\"https:\\\/\\\/toidupakk.ee\\\/wp-content\\\/uploads\\\/2021\\\/11\\\/Tuunikalapasta-kauss.png\",\"datePublished\":\"2021-11-02T21:38:03+00:00\",\"dateModified\":\"2026-04-16T00:30:58+00:00\",\"description\":\"\u0160altyje d\u017eiovinti makaronai su tunu, sukurti pagal Jamie Oliverio receptus. Naudojami auk\u0161\u010diausios kokyb\u0117s ingredientai, be konservant\u0173, d\u017eiovinta \u0161altyje.\",\"breadcrumb\":{\"@id\":\"https:\\\/\\\/toidupakk.ee\\\/lt\\\/toode\\\/makaronai-su-tunu-110-g\\\/#breadcrumb\"},\"inLanguage\":\"lt-LT\",\"potentialAction\":[{\"@type\":\"ReadAction\",\"target\":[\"https:\\\/\\\/toidupakk.ee\\\/lt\\\/toode\\\/makaronai-su-tunu-110-g\\\/\"]}]},{\"@type\":\"ImageObject\",\"inLanguage\":\"lt-LT\",\"@id\":\"https:\\\/\\\/toidupakk.ee\\\/lt\\\/toode\\\/makaronai-su-tunu-110-g\\\/#primaryimage\",\"url\":\"https:\\\/\\\/toidupakk.ee\\\/wp-content\\\/uploads\\\/2021\\\/11\\\/Tuunikalapasta-kauss.png\",\"contentUrl\":\"https:\\\/\\\/toidupakk.ee\\\/wp-content\\\/uploads\\\/2021\\\/11\\\/Tuunikalapasta-kauss.png\",\"width\":800,\"height\":800,\"caption\":\"\u201eTactical\u201c makaronai su tunu\"},{\"@type\":\"BreadcrumbList\",\"@id\":\"https:\\\/\\\/toidupakk.ee\\\/lt\\\/toode\\\/makaronai-su-tunu-110-g\\\/#breadcrumb\",\"itemListElement\":[{\"@type\":\"ListItem\",\"position\":1,\"name\":\"Avaleht\",\"item\":\"https:\\\/\\\/toidupakk.ee\\\/lt\\\/\"},{\"@type\":\"ListItem\",\"position\":2,\"name\":\"El. parduotuv\u0117\",\"item\":\"https:\\\/\\\/toidupakk.ee\\\/lt\\\/el-parduotuve\\\/\"},{\"@type\":\"ListItem\",\"position\":3,\"name\":\"Makaronai su tunu 110 g\"}]},{\"@type\":\"WebSite\",\"@id\":\"https:\\\/\\\/toidupakk.ee\\\/lt\\\/#website\",\"url\":\"https:\\\/\\\/toidupakk.ee\\\/lt\\\/\",\"name\":\"Toidupakk.ee - Tactical Foodpack toidupakid\",\"description\":\"Tactical Foodpack k\u00fclmkuivatatud toidupakid ja matkaeined\",\"publisher\":{\"@id\":\"https:\\\/\\\/toidupakk.ee\\\/lt\\\/#organization\"},\"potentialAction\":[{\"@type\":\"SearchAction\",\"target\":{\"@type\":\"EntryPoint\",\"urlTemplate\":\"https:\\\/\\\/toidupakk.ee\\\/lt\\\/?s={search_term_string}\"},\"query-input\":{\"@type\":\"PropertyValueSpecification\",\"valueRequired\":true,\"valueName\":\"search_term_string\"}}],\"inLanguage\":\"lt-LT\"},{\"@type\":\"Organization\",\"@id\":\"https:\\\/\\\/toidupakk.ee\\\/lt\\\/#organization\",\"name\":\"Tactical Foodpack matkaeined\",\"url\":\"https:\\\/\\\/toidupakk.ee\\\/lt\\\/\",\"logo\":{\"@type\":\"ImageObject\",\"inLanguage\":\"lt-LT\",\"@id\":\"https:\\\/\\\/toidupakk.ee\\\/lt\\\/#\\\/schema\\\/logo\\\/image\\\/\",\"url\":\"https:\\\/\\\/toidupakk.ee\\\/wp-content\\\/uploads\\\/2022\\\/01\\\/Toidupakk-matkapood-logo-transparent.png\",\"contentUrl\":\"https:\\\/\\\/toidupakk.ee\\\/wp-content\\\/uploads\\\/2022\\\/01\\\/Toidupakk-matkapood-logo-transparent.png\",\"width\":500,\"height\":500,\"caption\":\"Tactical Foodpack matkaeined\"},\"image\":{\"@id\":\"https:\\\/\\\/toidupakk.ee\\\/lt\\\/#\\\/schema\\\/logo\\\/image\\\/\"},\"sameAs\":[\"https:\\\/\\\/www.facebook.com\\\/Toidupakk\",\"https:\\\/\\\/www.instagram.com\\\/toidupakk\\\/\"]}]}<\/script>\n<!-- \/ Yoast SEO plugin. -->","yoast_head_json":{"title":"Makaronai su tunu 110 g - Toidupakk.ee - Tactical Foodpack toidupakid","description":"\u0160altyje d\u017eiovinti makaronai su tunu, sukurti pagal Jamie Oliverio receptus. Naudojami auk\u0161\u010diausios kokyb\u0117s ingredientai, be konservant\u0173, d\u017eiovinta \u0161altyje.","robots":{"index":"index","follow":"follow","max-snippet":"max-snippet:-1","max-image-preview":"max-image-preview:large","max-video-preview":"max-video-preview:-1"},"canonical":"https:\/\/toidupakk.ee\/lt\/toode\/makaronai-su-tunu-110-g\/","og_locale":"lt_LT","og_type":"article","og_title":"Makaronai su tunu 110 g - Toidupakk.ee - Tactical Foodpack toidupakid","og_description":"\u0160altyje d\u017eiovinti makaronai su tunu, sukurti pagal Jamie Oliverio receptus. Naudojami auk\u0161\u010diausios kokyb\u0117s ingredientai, be konservant\u0173, d\u017eiovinta \u0161altyje.","og_url":"https:\/\/toidupakk.ee\/lt\/toode\/makaronai-su-tunu-110-g\/","og_site_name":"Toidupakk.ee - Tactical Foodpack toidupakid","article_publisher":"https:\/\/www.facebook.com\/Toidupakk","article_modified_time":"2026-04-16T00:30:58+00:00","og_image":[{"width":800,"height":800,"url":"https:\/\/toidupakk.ee\/wp-content\/uploads\/2021\/11\/Tuunikalapasta-kauss.png","type":"image\/png"}],"twitter_card":"summary_large_image","twitter_misc":{"Est. reading time":"3 minut\u0117s"},"schema":{"@context":"https:\/\/schema.org","@graph":[{"@type":"WebPage","@id":"https:\/\/toidupakk.ee\/lt\/toode\/makaronai-su-tunu-110-g\/","url":"https:\/\/toidupakk.ee\/lt\/toode\/makaronai-su-tunu-110-g\/","name":"Makaronai su tunu 110 g - Toidupakk.ee - Tactical Foodpack toidupakid","isPartOf":{"@id":"https:\/\/toidupakk.ee\/lt\/#website"},"primaryImageOfPage":{"@id":"https:\/\/toidupakk.ee\/lt\/toode\/makaronai-su-tunu-110-g\/#primaryimage"},"image":{"@id":"https:\/\/toidupakk.ee\/lt\/toode\/makaronai-su-tunu-110-g\/#primaryimage"},"thumbnailUrl":"https:\/\/toidupakk.ee\/wp-content\/uploads\/2021\/11\/Tuunikalapasta-kauss.png","datePublished":"2021-11-02T21:38:03+00:00","dateModified":"2026-04-16T00:30:58+00:00","description":"\u0160altyje d\u017eiovinti makaronai su tunu, sukurti pagal Jamie Oliverio receptus. Naudojami auk\u0161\u010diausios kokyb\u0117s ingredientai, be konservant\u0173, d\u017eiovinta \u0161altyje.","breadcrumb":{"@id":"https:\/\/toidupakk.ee\/lt\/toode\/makaronai-su-tunu-110-g\/#breadcrumb"},"inLanguage":"lt-LT","potentialAction":[{"@type":"ReadAction","target":["https:\/\/toidupakk.ee\/lt\/toode\/makaronai-su-tunu-110-g\/"]}]},{"@type":"ImageObject","inLanguage":"lt-LT","@id":"https:\/\/toidupakk.ee\/lt\/toode\/makaronai-su-tunu-110-g\/#primaryimage","url":"https:\/\/toidupakk.ee\/wp-content\/uploads\/2021\/11\/Tuunikalapasta-kauss.png","contentUrl":"https:\/\/toidupakk.ee\/wp-content\/uploads\/2021\/11\/Tuunikalapasta-kauss.png","width":800,"height":800,"caption":"\u201eTactical\u201c makaronai su tunu"},{"@type":"BreadcrumbList","@id":"https:\/\/toidupakk.ee\/lt\/toode\/makaronai-su-tunu-110-g\/#breadcrumb","itemListElement":[{"@type":"ListItem","position":1,"name":"Avaleht","item":"https:\/\/toidupakk.ee\/lt\/"},{"@type":"ListItem","position":2,"name":"El. parduotuv\u0117","item":"https:\/\/toidupakk.ee\/lt\/el-parduotuve\/"},{"@type":"ListItem","position":3,"name":"Makaronai su tunu 110 g"}]},{"@type":"WebSite","@id":"https:\/\/toidupakk.ee\/lt\/#website","url":"https:\/\/toidupakk.ee\/lt\/","name":"Toidupakk.ee - Tactical Foodpack toidupakid","description":"Tactical Foodpack k\u00fclmkuivatatud toidupakid ja matkaeined","publisher":{"@id":"https:\/\/toidupakk.ee\/lt\/#organization"},"potentialAction":[{"@type":"SearchAction","target":{"@type":"EntryPoint","urlTemplate":"https:\/\/toidupakk.ee\/lt\/?s={search_term_string}"},"query-input":{"@type":"PropertyValueSpecification","valueRequired":true,"valueName":"search_term_string"}}],"inLanguage":"lt-LT"},{"@type":"Organization","@id":"https:\/\/toidupakk.ee\/lt\/#organization","name":"Tactical Foodpack matkaeined","url":"https:\/\/toidupakk.ee\/lt\/","logo":{"@type":"ImageObject","inLanguage":"lt-LT","@id":"https:\/\/toidupakk.ee\/lt\/#\/schema\/logo\/image\/","url":"https:\/\/toidupakk.ee\/wp-content\/uploads\/2022\/01\/Toidupakk-matkapood-logo-transparent.png","contentUrl":"https:\/\/toidupakk.ee\/wp-content\/uploads\/2022\/01\/Toidupakk-matkapood-logo-transparent.png","width":500,"height":500,"caption":"Tactical Foodpack matkaeined"},"image":{"@id":"https:\/\/toidupakk.ee\/lt\/#\/schema\/logo\/image\/"},"sameAs":["https:\/\/www.facebook.com\/Toidupakk","https:\/\/www.instagram.com\/toidupakk\/"]}]}},"jetpack_sharing_enabled":true,"_links":{"self":[{"href":"https:\/\/toidupakk.ee\/lt\/wp-json\/wp\/v2\/product\/47315","targetHints":{"allow":["GET"]}}],"collection":[{"href":"https:\/\/toidupakk.ee\/lt\/wp-json\/wp\/v2\/product"}],"about":[{"href":"https:\/\/toidupakk.ee\/lt\/wp-json\/wp\/v2\/types\/product"}],"replies":[{"embeddable":true,"href":"https:\/\/toidupakk.ee\/lt\/wp-json\/wp\/v2\/comments?post=47315"}],"wp:featuredmedia":[{"embeddable":true,"href":"https:\/\/toidupakk.ee\/lt\/wp-json\/wp\/v2\/media\/47319"}],"wp:attachment":[{"href":"https:\/\/toidupakk.ee\/lt\/wp-json\/wp\/v2\/media?parent=47315"}],"wp:term":[{"taxonomy":"product_brand","embeddable":true,"href":"https:\/\/toidupakk.ee\/lt\/wp-json\/wp\/v2\/product_brand?post=47315"},{"taxonomy":"product_cat","embeddable":true,"href":"https:\/\/toidupakk.ee\/lt\/wp-json\/wp\/v2\/product_cat?post=47315"},{"taxonomy":"product_tag","embeddable":true,"href":"https:\/\/toidupakk.ee\/lt\/wp-json\/wp\/v2\/product_tag?post=47315"}],"curies":[{"name":"wp","href":"https:\/\/api.w.org\/{rel}","templated":true}]}}