{"id":47310,"date":"2021-09-06T13:12:29","date_gmt":"2021-09-06T10:12:29","guid":{"rendered":"https:\/\/toidupakk.ee\/toode\/dziovinti-obuoliu-traskuciai-15g\/"},"modified":"2026-04-29T18:00:50","modified_gmt":"2026-04-29T15:00:50","slug":"dziovinti-obuoliu-traskuciai-15g","status":"publish","type":"product","link":"https:\/\/toidupakk.ee\/lt\/toode\/dziovinti-obuoliu-traskuciai-15g\/","title":{"rendered":"D\u017eiovinti obuoli\u0173 tra\u0161ku\u010diai 15g"},"content":{"rendered":"<p>Jei ie\u0161kai sveiko ir skanaus u\u017ekand\u017eio, d\u017eiovinti obuoli\u0173 tra\u0161ku\u010diai yra puikus pasirinkimas! Pagaminti be prid\u0117tinio cukraus, \u0161ie tra\u0161ku\u010diai pasi\u017eymi nat\u016braliu obuoli\u0173 skoniu ir tra\u0161kumu. Liofilizavimo technologija obuoliuose i\u0161saugo naudingas maistines med\u017eiagas ir vitaminus.  <\/p>\n<p>D\u017eiovinti obuoli\u0173 tra\u0161ku\u010diai yra puiki alternatyva kaloringiems ir nesveikiems u\u017ekand\u017eiams. Jie puikiai tinka valgyti namuose, pasiimti \u012f mokykl\u0105 ar darb\u0105, vartoti \u017eygiuose ar m\u0117gautis kelion\u0117se. <\/p>\n<p>&nbsp;<\/p>\n","protected":false},"excerpt":{"rendered":"<ul>\n<li>Maloniai tra\u0161k\u016bs obuoli\u0173 tra\u0161ku\u010diai<\/li>\n<li>Puikus u\u017ekandis u\u017eimtai dienai<\/li>\n<\/ul>\n<p>Skanaus triau\u0161kinimo!<\/p>\n<p>\u0160iam produktui vandens pilti nereikia!<\/p>\n<p>Energin\u0117 vert\u0117 yra 54 kcal.<\/p>\n<p><strong>Geriausias iki: 4 metai<\/strong><\/p>\n<p>\u2705 Pristatymas per 1\u20133 darbo dienas<br \/>\n\u2705 NEMOKAMAS gr\u0105\u017einimas ir keitimas<\/p>\n<p>&nbsp;<\/p>\n","protected":false},"featured_media":53749,"comment_status":"open","ping_status":"closed","template":"","meta":{"_acf_changed":false},"product_brand":[],"product_cat":[204,213,189,190],"product_tag":[194,205],"class_list":{"0":"post-47310","1":"product","2":"type-product","3":"status-publish","4":"has-post-thumbnail","6":"product_cat-tactical-foodpack-patiekalai","7":"product_cat-uzkandziai","8":"product_cat-zygio-iranga","9":"product_cat-zygio-prekes","10":"product_tag-no_ads","11":"product_tag-tactical-foodpack","13":"first","14":"instock","15":"taxable","16":"shipping-taxable","17":"purchasable","18":"product-type-simple"},"bundled_by":[],"bundle_stock_status":"instock","bundle_stock_quantity":55,"bundle_virtual":false,"bundle_layout":"","bundle_add_to_cart_form_location":"","bundle_editable_in_cart":false,"bundle_sold_individually_context":"","bundle_item_grouping":"","bundle_min_size":"","bundle_max_size":"","bundle_price":[],"bundled_items":[],"bundle_sell_ids":[],"acf":[],"yoast_head":"<!-- This site is optimized with the Yoast SEO plugin v27.3 - https:\/\/yoast.com\/product\/yoast-seo-wordpress\/ -->\n<title>D\u017eiovinti obuoli\u0173 tra\u0161ku\u010diai 15g - Toidupakk.ee - Tactical Foodpack toidupakid<\/title>\n<meta name=\"description\" content=\"D\u017eiovinti obuoli\u0173 tra\u0161ku\u010diai pagaminti be prid\u0117tinio cukraus. Liofilizavimo technologija obuoliuose i\u0161saugo naudingas maistines med\u017eiagas ir vitaminus.\" \/>\n<meta name=\"robots\" content=\"index, follow, max-snippet:-1, max-image-preview:large, max-video-preview:-1\" \/>\n<link rel=\"canonical\" href=\"https:\/\/toidupakk.ee\/lt\/toode\/dziovinti-obuoliu-traskuciai-15g\/\" \/>\n<meta property=\"og:locale\" content=\"lt_LT\" \/>\n<meta property=\"og:type\" content=\"article\" \/>\n<meta property=\"og:title\" content=\"D\u017eiovinti obuoli\u0173 tra\u0161ku\u010diai 15g - Toidupakk.ee - Tactical Foodpack toidupakid\" \/>\n<meta property=\"og:description\" content=\"D\u017eiovinti obuoli\u0173 tra\u0161ku\u010diai pagaminti be prid\u0117tinio cukraus. Liofilizavimo technologija obuoliuose i\u0161saugo naudingas maistines med\u017eiagas ir vitaminus.\" \/>\n<meta property=\"og:url\" content=\"https:\/\/toidupakk.ee\/lt\/toode\/dziovinti-obuoliu-traskuciai-15g\/\" \/>\n<meta property=\"og:site_name\" content=\"Toidupakk.ee - Tactical Foodpack toidupakid\" \/>\n<meta property=\"article:publisher\" content=\"https:\/\/www.facebook.com\/Toidupakk\" \/>\n<meta property=\"article:modified_time\" content=\"2026-04-29T15:00:50+00:00\" \/>\n<meta property=\"og:image\" content=\"https:\/\/toidupakk.ee\/wp-content\/uploads\/2021\/09\/Apple_chips_white_back-07-16-17-989_adobespark1.png\" \/>\n\t<meta property=\"og:image:width\" content=\"1010\" \/>\n\t<meta property=\"og:image:height\" content=\"1080\" \/>\n\t<meta property=\"og:image:type\" content=\"image\/png\" \/>\n<meta name=\"twitter:card\" content=\"summary_large_image\" \/>\n<script type=\"application\/ld+json\" class=\"yoast-schema-graph\">{\"@context\":\"https:\\\/\\\/schema.org\",\"@graph\":[{\"@type\":\"WebPage\",\"@id\":\"https:\\\/\\\/toidupakk.ee\\\/lt\\\/toode\\\/dziovinti-obuoliu-traskuciai-15g\\\/\",\"url\":\"https:\\\/\\\/toidupakk.ee\\\/lt\\\/toode\\\/dziovinti-obuoliu-traskuciai-15g\\\/\",\"name\":\"D\u017eiovinti obuoli\u0173 tra\u0161ku\u010diai 15g - Toidupakk.ee - Tactical Foodpack toidupakid\",\"isPartOf\":{\"@id\":\"https:\\\/\\\/toidupakk.ee\\\/lt\\\/#website\"},\"primaryImageOfPage\":{\"@id\":\"https:\\\/\\\/toidupakk.ee\\\/lt\\\/toode\\\/dziovinti-obuoliu-traskuciai-15g\\\/#primaryimage\"},\"image\":{\"@id\":\"https:\\\/\\\/toidupakk.ee\\\/lt\\\/toode\\\/dziovinti-obuoliu-traskuciai-15g\\\/#primaryimage\"},\"thumbnailUrl\":\"https:\\\/\\\/toidupakk.ee\\\/wp-content\\\/uploads\\\/2021\\\/09\\\/Tactical-Foodpack-ounakropsud.webp\",\"datePublished\":\"2021-09-06T10:12:29+00:00\",\"dateModified\":\"2026-04-29T15:00:50+00:00\",\"description\":\"D\u017eiovinti obuoli\u0173 tra\u0161ku\u010diai pagaminti be prid\u0117tinio cukraus. Liofilizavimo technologija obuoliuose i\u0161saugo naudingas maistines med\u017eiagas ir vitaminus.\",\"breadcrumb\":{\"@id\":\"https:\\\/\\\/toidupakk.ee\\\/lt\\\/toode\\\/dziovinti-obuoliu-traskuciai-15g\\\/#breadcrumb\"},\"inLanguage\":\"lt-LT\",\"potentialAction\":[{\"@type\":\"ReadAction\",\"target\":[\"https:\\\/\\\/toidupakk.ee\\\/lt\\\/toode\\\/dziovinti-obuoliu-traskuciai-15g\\\/\"]}]},{\"@type\":\"ImageObject\",\"inLanguage\":\"lt-LT\",\"@id\":\"https:\\\/\\\/toidupakk.ee\\\/lt\\\/toode\\\/dziovinti-obuoliu-traskuciai-15g\\\/#primaryimage\",\"url\":\"https:\\\/\\\/toidupakk.ee\\\/wp-content\\\/uploads\\\/2021\\\/09\\\/Tactical-Foodpack-ounakropsud.webp\",\"contentUrl\":\"https:\\\/\\\/toidupakk.ee\\\/wp-content\\\/uploads\\\/2021\\\/09\\\/Tactical-Foodpack-ounakropsud.webp\",\"width\":600,\"height\":600,\"caption\":\"k\u00fclmkuivatatud \u00f5unakr\u00f5psud\"},{\"@type\":\"BreadcrumbList\",\"@id\":\"https:\\\/\\\/toidupakk.ee\\\/lt\\\/toode\\\/dziovinti-obuoliu-traskuciai-15g\\\/#breadcrumb\",\"itemListElement\":[{\"@type\":\"ListItem\",\"position\":1,\"name\":\"Avaleht\",\"item\":\"https:\\\/\\\/toidupakk.ee\\\/lt\\\/\"},{\"@type\":\"ListItem\",\"position\":2,\"name\":\"El. parduotuv\u0117\",\"item\":\"https:\\\/\\\/toidupakk.ee\\\/lt\\\/el-parduotuve\\\/\"},{\"@type\":\"ListItem\",\"position\":3,\"name\":\"D\u017eiovinti obuoli\u0173 tra\u0161ku\u010diai 15g\"}]},{\"@type\":\"WebSite\",\"@id\":\"https:\\\/\\\/toidupakk.ee\\\/lt\\\/#website\",\"url\":\"https:\\\/\\\/toidupakk.ee\\\/lt\\\/\",\"name\":\"Toidupakk.ee - Tactical Foodpack toidupakid\",\"description\":\"Tactical Foodpack k\u00fclmkuivatatud toidupakid ja matkaeined\",\"publisher\":{\"@id\":\"https:\\\/\\\/toidupakk.ee\\\/lt\\\/#organization\"},\"potentialAction\":[{\"@type\":\"SearchAction\",\"target\":{\"@type\":\"EntryPoint\",\"urlTemplate\":\"https:\\\/\\\/toidupakk.ee\\\/lt\\\/?s={search_term_string}\"},\"query-input\":{\"@type\":\"PropertyValueSpecification\",\"valueRequired\":true,\"valueName\":\"search_term_string\"}}],\"inLanguage\":\"lt-LT\"},{\"@type\":\"Organization\",\"@id\":\"https:\\\/\\\/toidupakk.ee\\\/lt\\\/#organization\",\"name\":\"Tactical Foodpack matkaeined\",\"url\":\"https:\\\/\\\/toidupakk.ee\\\/lt\\\/\",\"logo\":{\"@type\":\"ImageObject\",\"inLanguage\":\"lt-LT\",\"@id\":\"https:\\\/\\\/toidupakk.ee\\\/lt\\\/#\\\/schema\\\/logo\\\/image\\\/\",\"url\":\"https:\\\/\\\/toidupakk.ee\\\/wp-content\\\/uploads\\\/2022\\\/01\\\/Toidupakk-matkapood-logo-transparent.png\",\"contentUrl\":\"https:\\\/\\\/toidupakk.ee\\\/wp-content\\\/uploads\\\/2022\\\/01\\\/Toidupakk-matkapood-logo-transparent.png\",\"width\":500,\"height\":500,\"caption\":\"Tactical Foodpack matkaeined\"},\"image\":{\"@id\":\"https:\\\/\\\/toidupakk.ee\\\/lt\\\/#\\\/schema\\\/logo\\\/image\\\/\"},\"sameAs\":[\"https:\\\/\\\/www.facebook.com\\\/Toidupakk\",\"https:\\\/\\\/www.instagram.com\\\/toidupakk\\\/\"]}]}<\/script>\n<!-- \/ Yoast SEO plugin. -->","yoast_head_json":{"title":"D\u017eiovinti obuoli\u0173 tra\u0161ku\u010diai 15g - Toidupakk.ee - Tactical Foodpack toidupakid","description":"D\u017eiovinti obuoli\u0173 tra\u0161ku\u010diai pagaminti be prid\u0117tinio cukraus. Liofilizavimo technologija obuoliuose i\u0161saugo naudingas maistines med\u017eiagas ir vitaminus.","robots":{"index":"index","follow":"follow","max-snippet":"max-snippet:-1","max-image-preview":"max-image-preview:large","max-video-preview":"max-video-preview:-1"},"canonical":"https:\/\/toidupakk.ee\/lt\/toode\/dziovinti-obuoliu-traskuciai-15g\/","og_locale":"lt_LT","og_type":"article","og_title":"D\u017eiovinti obuoli\u0173 tra\u0161ku\u010diai 15g - Toidupakk.ee - Tactical Foodpack toidupakid","og_description":"D\u017eiovinti obuoli\u0173 tra\u0161ku\u010diai pagaminti be prid\u0117tinio cukraus. Liofilizavimo technologija obuoliuose i\u0161saugo naudingas maistines med\u017eiagas ir vitaminus.","og_url":"https:\/\/toidupakk.ee\/lt\/toode\/dziovinti-obuoliu-traskuciai-15g\/","og_site_name":"Toidupakk.ee - Tactical Foodpack toidupakid","article_publisher":"https:\/\/www.facebook.com\/Toidupakk","article_modified_time":"2026-04-29T15:00:50+00:00","og_image":[{"width":1010,"height":1080,"url":"https:\/\/toidupakk.ee\/wp-content\/uploads\/2021\/09\/Apple_chips_white_back-07-16-17-989_adobespark1.png","type":"image\/png"}],"twitter_card":"summary_large_image","schema":{"@context":"https:\/\/schema.org","@graph":[{"@type":"WebPage","@id":"https:\/\/toidupakk.ee\/lt\/toode\/dziovinti-obuoliu-traskuciai-15g\/","url":"https:\/\/toidupakk.ee\/lt\/toode\/dziovinti-obuoliu-traskuciai-15g\/","name":"D\u017eiovinti obuoli\u0173 tra\u0161ku\u010diai 15g - Toidupakk.ee - Tactical Foodpack toidupakid","isPartOf":{"@id":"https:\/\/toidupakk.ee\/lt\/#website"},"primaryImageOfPage":{"@id":"https:\/\/toidupakk.ee\/lt\/toode\/dziovinti-obuoliu-traskuciai-15g\/#primaryimage"},"image":{"@id":"https:\/\/toidupakk.ee\/lt\/toode\/dziovinti-obuoliu-traskuciai-15g\/#primaryimage"},"thumbnailUrl":"https:\/\/toidupakk.ee\/wp-content\/uploads\/2021\/09\/Tactical-Foodpack-ounakropsud.webp","datePublished":"2021-09-06T10:12:29+00:00","dateModified":"2026-04-29T15:00:50+00:00","description":"D\u017eiovinti obuoli\u0173 tra\u0161ku\u010diai pagaminti be prid\u0117tinio cukraus. Liofilizavimo technologija obuoliuose i\u0161saugo naudingas maistines med\u017eiagas ir vitaminus.","breadcrumb":{"@id":"https:\/\/toidupakk.ee\/lt\/toode\/dziovinti-obuoliu-traskuciai-15g\/#breadcrumb"},"inLanguage":"lt-LT","potentialAction":[{"@type":"ReadAction","target":["https:\/\/toidupakk.ee\/lt\/toode\/dziovinti-obuoliu-traskuciai-15g\/"]}]},{"@type":"ImageObject","inLanguage":"lt-LT","@id":"https:\/\/toidupakk.ee\/lt\/toode\/dziovinti-obuoliu-traskuciai-15g\/#primaryimage","url":"https:\/\/toidupakk.ee\/wp-content\/uploads\/2021\/09\/Tactical-Foodpack-ounakropsud.webp","contentUrl":"https:\/\/toidupakk.ee\/wp-content\/uploads\/2021\/09\/Tactical-Foodpack-ounakropsud.webp","width":600,"height":600,"caption":"k\u00fclmkuivatatud \u00f5unakr\u00f5psud"},{"@type":"BreadcrumbList","@id":"https:\/\/toidupakk.ee\/lt\/toode\/dziovinti-obuoliu-traskuciai-15g\/#breadcrumb","itemListElement":[{"@type":"ListItem","position":1,"name":"Avaleht","item":"https:\/\/toidupakk.ee\/lt\/"},{"@type":"ListItem","position":2,"name":"El. parduotuv\u0117","item":"https:\/\/toidupakk.ee\/lt\/el-parduotuve\/"},{"@type":"ListItem","position":3,"name":"D\u017eiovinti obuoli\u0173 tra\u0161ku\u010diai 15g"}]},{"@type":"WebSite","@id":"https:\/\/toidupakk.ee\/lt\/#website","url":"https:\/\/toidupakk.ee\/lt\/","name":"Toidupakk.ee - Tactical Foodpack toidupakid","description":"Tactical Foodpack k\u00fclmkuivatatud toidupakid ja matkaeined","publisher":{"@id":"https:\/\/toidupakk.ee\/lt\/#organization"},"potentialAction":[{"@type":"SearchAction","target":{"@type":"EntryPoint","urlTemplate":"https:\/\/toidupakk.ee\/lt\/?s={search_term_string}"},"query-input":{"@type":"PropertyValueSpecification","valueRequired":true,"valueName":"search_term_string"}}],"inLanguage":"lt-LT"},{"@type":"Organization","@id":"https:\/\/toidupakk.ee\/lt\/#organization","name":"Tactical Foodpack matkaeined","url":"https:\/\/toidupakk.ee\/lt\/","logo":{"@type":"ImageObject","inLanguage":"lt-LT","@id":"https:\/\/toidupakk.ee\/lt\/#\/schema\/logo\/image\/","url":"https:\/\/toidupakk.ee\/wp-content\/uploads\/2022\/01\/Toidupakk-matkapood-logo-transparent.png","contentUrl":"https:\/\/toidupakk.ee\/wp-content\/uploads\/2022\/01\/Toidupakk-matkapood-logo-transparent.png","width":500,"height":500,"caption":"Tactical Foodpack matkaeined"},"image":{"@id":"https:\/\/toidupakk.ee\/lt\/#\/schema\/logo\/image\/"},"sameAs":["https:\/\/www.facebook.com\/Toidupakk","https:\/\/www.instagram.com\/toidupakk\/"]}]}},"jetpack_sharing_enabled":true,"_links":{"self":[{"href":"https:\/\/toidupakk.ee\/lt\/wp-json\/wp\/v2\/product\/47310","targetHints":{"allow":["GET"]}}],"collection":[{"href":"https:\/\/toidupakk.ee\/lt\/wp-json\/wp\/v2\/product"}],"about":[{"href":"https:\/\/toidupakk.ee\/lt\/wp-json\/wp\/v2\/types\/product"}],"replies":[{"embeddable":true,"href":"https:\/\/toidupakk.ee\/lt\/wp-json\/wp\/v2\/comments?post=47310"}],"wp:featuredmedia":[{"embeddable":true,"href":"https:\/\/toidupakk.ee\/lt\/wp-json\/wp\/v2\/media\/53749"}],"wp:attachment":[{"href":"https:\/\/toidupakk.ee\/lt\/wp-json\/wp\/v2\/media?parent=47310"}],"wp:term":[{"taxonomy":"product_brand","embeddable":true,"href":"https:\/\/toidupakk.ee\/lt\/wp-json\/wp\/v2\/product_brand?post=47310"},{"taxonomy":"product_cat","embeddable":true,"href":"https:\/\/toidupakk.ee\/lt\/wp-json\/wp\/v2\/product_cat?post=47310"},{"taxonomy":"product_tag","embeddable":true,"href":"https:\/\/toidupakk.ee\/lt\/wp-json\/wp\/v2\/product_tag?post=47310"}],"curies":[{"name":"wp","href":"https:\/\/api.w.org\/{rel}","templated":true}]}}