{"id":47305,"date":"2021-09-06T12:47:15","date_gmt":"2021-09-06T09:47:15","guid":{"rendered":"https:\/\/toidupakk.ee\/toode\/beef-jerky-original-40-g\/"},"modified":"2026-04-15T15:31:07","modified_gmt":"2026-04-15T12:31:07","slug":"beef-jerky-original-40-g","status":"publish","type":"product","link":"https:\/\/toidupakk.ee\/lt\/toode\/beef-jerky-original-40-g\/","title":{"rendered":"Beef Jerky Original 40 g"},"content":{"rendered":"","protected":false},"excerpt":{"rendered":"<p>Vytinta jautiena \u201eBeef Jerky Original\u201c, 40 g pakuot\u0117je.<\/p>\n<ul>\n<li>Kokybi\u0161kas amerikieti\u0161ko stiliaus u\u017ekandis i\u0161 auk\u0161\u010diausios r\u016b\u0161ies vytintos m\u0117sos.<\/li>\n<li>Daug baltym\u0173<\/li>\n<li>Ma\u017eai cukraus<\/li>\n<li>Puikus u\u017ekandis m\u0117sos m\u0117g\u0117jams<\/li>\n<\/ul>\n<p><strong>Sudedamosios dalys:<\/strong><\/p>\n<p><strong>Jautiena (68,94 %), medus, soj\u0173 pada\u017eas (vanduo, soj\u0173 pupel\u0117s, druska, spirito actas), rudasis cukrus, raudonasis vynas, obuoli\u0173 actas, prieskoniai, d\u017eiovintos slyvos, ananas\u0173 sultys, svog\u016bnai, garsty\u010dios, \u010desnakai, r\u016bkymo kvapioji med\u017eiaga, druska, salierai.<\/strong><\/p>\n<p>Energin\u0117 vert\u0117 vienoje porcijoje yra 110 kcal.<\/p>\n<p>Geriausias 3 metus nuo pagaminimo datos.<\/p>\n<p>\u2705 Turime sand\u0117lyje, greitas pristatymas per 1\u20133 darbo dienas<\/p>\n","protected":false},"featured_media":18910,"comment_status":"open","ping_status":"closed","template":"","meta":{"_acf_changed":false},"product_brand":[],"product_cat":[239,213,275,189,190],"product_tag":[194],"class_list":{"0":"post-47305","1":"product","2":"type-product","3":"status-publish","4":"has-post-thumbnail","6":"product_cat-priedai","7":"product_cat-uzkandziai","8":"product_cat-vytinta-mesa","9":"product_cat-zygio-iranga","10":"product_cat-zygio-prekes","11":"product_tag-no_ads","13":"first","14":"outofstock","15":"taxable","16":"shipping-taxable","17":"purchasable","18":"product-type-simple"},"bundled_by":[],"bundle_stock_status":"outofstock","bundle_stock_quantity":0,"bundle_virtual":false,"bundle_layout":"","bundle_add_to_cart_form_location":"","bundle_editable_in_cart":false,"bundle_sold_individually_context":"","bundle_item_grouping":"","bundle_min_size":"","bundle_max_size":"","bundle_price":[],"bundled_items":[],"bundle_sell_ids":[],"acf":[],"yoast_head":"<!-- This site is optimized with the Yoast SEO plugin v27.3 - https:\/\/yoast.com\/product\/yoast-seo-wordpress\/ -->\n<title>Beef Jerky Original 40 g<\/title>\n<meta name=\"description\" content=\"\u201eBeef Jerky Original\u201c yra kokybi\u0161kas amerikieti\u0161ko stiliaus u\u017ekandis i\u0161 auk\u0161\u010diausios r\u016b\u0161ies vytintos m\u0117sos. Puikus u\u017ekandis m\u0117sos m\u0117g\u0117jams.\" \/>\n<meta name=\"robots\" content=\"index, follow, max-snippet:-1, max-image-preview:large, max-video-preview:-1\" \/>\n<link rel=\"canonical\" href=\"https:\/\/toidupakk.ee\/lt\/toode\/beef-jerky-original-40-g\/\" \/>\n<meta property=\"og:locale\" content=\"lt_LT\" \/>\n<meta property=\"og:type\" content=\"article\" \/>\n<meta property=\"og:title\" content=\"Beef Jerky Original 40 g\" \/>\n<meta property=\"og:description\" content=\"\u201eBeef Jerky Original\u201c yra kokybi\u0161kas amerikieti\u0161ko stiliaus u\u017ekandis i\u0161 auk\u0161\u010diausios r\u016b\u0161ies vytintos m\u0117sos. Puikus u\u017ekandis m\u0117sos m\u0117g\u0117jams.\" \/>\n<meta property=\"og:url\" content=\"https:\/\/toidupakk.ee\/lt\/toode\/beef-jerky-original-40-g\/\" \/>\n<meta property=\"og:site_name\" content=\"Toidupakk.ee - Tactical Foodpack toidupakid\" \/>\n<meta property=\"article:publisher\" content=\"https:\/\/www.facebook.com\/Toidupakk\" \/>\n<meta property=\"article:modified_time\" content=\"2026-04-15T12:31:07+00:00\" \/>\n<meta property=\"og:image\" content=\"https:\/\/toidupakk.ee\/wp-content\/uploads\/2021\/09\/vinnutatud-liha-beef-Jerky.png\" \/>\n\t<meta property=\"og:image:width\" content=\"800\" \/>\n\t<meta property=\"og:image:height\" content=\"800\" \/>\n\t<meta property=\"og:image:type\" content=\"image\/png\" \/>\n<meta name=\"twitter:card\" content=\"summary_large_image\" \/>\n<script type=\"application\/ld+json\" class=\"yoast-schema-graph\">{\"@context\":\"https:\\\/\\\/schema.org\",\"@graph\":[{\"@type\":\"WebPage\",\"@id\":\"https:\\\/\\\/toidupakk.ee\\\/lt\\\/toode\\\/beef-jerky-original-40-g\\\/\",\"url\":\"https:\\\/\\\/toidupakk.ee\\\/lt\\\/toode\\\/beef-jerky-original-40-g\\\/\",\"name\":\"Beef Jerky Original 40 g\",\"isPartOf\":{\"@id\":\"https:\\\/\\\/toidupakk.ee\\\/lt\\\/#website\"},\"primaryImageOfPage\":{\"@id\":\"https:\\\/\\\/toidupakk.ee\\\/lt\\\/toode\\\/beef-jerky-original-40-g\\\/#primaryimage\"},\"image\":{\"@id\":\"https:\\\/\\\/toidupakk.ee\\\/lt\\\/toode\\\/beef-jerky-original-40-g\\\/#primaryimage\"},\"thumbnailUrl\":\"https:\\\/\\\/toidupakk.ee\\\/wp-content\\\/uploads\\\/2021\\\/09\\\/vinnutatud-liha-beef-Jerky.png\",\"datePublished\":\"2021-09-06T09:47:15+00:00\",\"dateModified\":\"2026-04-15T12:31:07+00:00\",\"description\":\"\u201eBeef Jerky Original\u201c yra kokybi\u0161kas amerikieti\u0161ko stiliaus u\u017ekandis i\u0161 auk\u0161\u010diausios r\u016b\u0161ies vytintos m\u0117sos. Puikus u\u017ekandis m\u0117sos m\u0117g\u0117jams.\",\"breadcrumb\":{\"@id\":\"https:\\\/\\\/toidupakk.ee\\\/lt\\\/toode\\\/beef-jerky-original-40-g\\\/#breadcrumb\"},\"inLanguage\":\"lt-LT\",\"potentialAction\":[{\"@type\":\"ReadAction\",\"target\":[\"https:\\\/\\\/toidupakk.ee\\\/lt\\\/toode\\\/beef-jerky-original-40-g\\\/\"]}]},{\"@type\":\"ImageObject\",\"inLanguage\":\"lt-LT\",\"@id\":\"https:\\\/\\\/toidupakk.ee\\\/lt\\\/toode\\\/beef-jerky-original-40-g\\\/#primaryimage\",\"url\":\"https:\\\/\\\/toidupakk.ee\\\/wp-content\\\/uploads\\\/2021\\\/09\\\/vinnutatud-liha-beef-Jerky.png\",\"contentUrl\":\"https:\\\/\\\/toidupakk.ee\\\/wp-content\\\/uploads\\\/2021\\\/09\\\/vinnutatud-liha-beef-Jerky.png\",\"width\":800,\"height\":800,\"caption\":\"vinnutatud liha\"},{\"@type\":\"BreadcrumbList\",\"@id\":\"https:\\\/\\\/toidupakk.ee\\\/lt\\\/toode\\\/beef-jerky-original-40-g\\\/#breadcrumb\",\"itemListElement\":[{\"@type\":\"ListItem\",\"position\":1,\"name\":\"Avaleht\",\"item\":\"https:\\\/\\\/toidupakk.ee\\\/lt\\\/\"},{\"@type\":\"ListItem\",\"position\":2,\"name\":\"El. parduotuv\u0117\",\"item\":\"https:\\\/\\\/toidupakk.ee\\\/lt\\\/el-parduotuve\\\/\"},{\"@type\":\"ListItem\",\"position\":3,\"name\":\"Beef Jerky Original 40 g\"}]},{\"@type\":\"WebSite\",\"@id\":\"https:\\\/\\\/toidupakk.ee\\\/lt\\\/#website\",\"url\":\"https:\\\/\\\/toidupakk.ee\\\/lt\\\/\",\"name\":\"Toidupakk.ee - Tactical Foodpack toidupakid\",\"description\":\"Tactical Foodpack k\u00fclmkuivatatud toidupakid ja matkaeined\",\"publisher\":{\"@id\":\"https:\\\/\\\/toidupakk.ee\\\/lt\\\/#organization\"},\"potentialAction\":[{\"@type\":\"SearchAction\",\"target\":{\"@type\":\"EntryPoint\",\"urlTemplate\":\"https:\\\/\\\/toidupakk.ee\\\/lt\\\/?s={search_term_string}\"},\"query-input\":{\"@type\":\"PropertyValueSpecification\",\"valueRequired\":true,\"valueName\":\"search_term_string\"}}],\"inLanguage\":\"lt-LT\"},{\"@type\":\"Organization\",\"@id\":\"https:\\\/\\\/toidupakk.ee\\\/lt\\\/#organization\",\"name\":\"Tactical Foodpack matkaeined\",\"url\":\"https:\\\/\\\/toidupakk.ee\\\/lt\\\/\",\"logo\":{\"@type\":\"ImageObject\",\"inLanguage\":\"lt-LT\",\"@id\":\"https:\\\/\\\/toidupakk.ee\\\/lt\\\/#\\\/schema\\\/logo\\\/image\\\/\",\"url\":\"https:\\\/\\\/toidupakk.ee\\\/wp-content\\\/uploads\\\/2022\\\/01\\\/Toidupakk-matkapood-logo-transparent.png\",\"contentUrl\":\"https:\\\/\\\/toidupakk.ee\\\/wp-content\\\/uploads\\\/2022\\\/01\\\/Toidupakk-matkapood-logo-transparent.png\",\"width\":500,\"height\":500,\"caption\":\"Tactical Foodpack matkaeined\"},\"image\":{\"@id\":\"https:\\\/\\\/toidupakk.ee\\\/lt\\\/#\\\/schema\\\/logo\\\/image\\\/\"},\"sameAs\":[\"https:\\\/\\\/www.facebook.com\\\/Toidupakk\",\"https:\\\/\\\/www.instagram.com\\\/toidupakk\\\/\"]}]}<\/script>\n<!-- \/ Yoast SEO plugin. -->","yoast_head_json":{"title":"Beef Jerky Original 40 g","description":"\u201eBeef Jerky Original\u201c yra kokybi\u0161kas amerikieti\u0161ko stiliaus u\u017ekandis i\u0161 auk\u0161\u010diausios r\u016b\u0161ies vytintos m\u0117sos. Puikus u\u017ekandis m\u0117sos m\u0117g\u0117jams.","robots":{"index":"index","follow":"follow","max-snippet":"max-snippet:-1","max-image-preview":"max-image-preview:large","max-video-preview":"max-video-preview:-1"},"canonical":"https:\/\/toidupakk.ee\/lt\/toode\/beef-jerky-original-40-g\/","og_locale":"lt_LT","og_type":"article","og_title":"Beef Jerky Original 40 g","og_description":"\u201eBeef Jerky Original\u201c yra kokybi\u0161kas amerikieti\u0161ko stiliaus u\u017ekandis i\u0161 auk\u0161\u010diausios r\u016b\u0161ies vytintos m\u0117sos. Puikus u\u017ekandis m\u0117sos m\u0117g\u0117jams.","og_url":"https:\/\/toidupakk.ee\/lt\/toode\/beef-jerky-original-40-g\/","og_site_name":"Toidupakk.ee - Tactical Foodpack toidupakid","article_publisher":"https:\/\/www.facebook.com\/Toidupakk","article_modified_time":"2026-04-15T12:31:07+00:00","og_image":[{"width":800,"height":800,"url":"https:\/\/toidupakk.ee\/wp-content\/uploads\/2021\/09\/vinnutatud-liha-beef-Jerky.png","type":"image\/png"}],"twitter_card":"summary_large_image","schema":{"@context":"https:\/\/schema.org","@graph":[{"@type":"WebPage","@id":"https:\/\/toidupakk.ee\/lt\/toode\/beef-jerky-original-40-g\/","url":"https:\/\/toidupakk.ee\/lt\/toode\/beef-jerky-original-40-g\/","name":"Beef Jerky Original 40 g","isPartOf":{"@id":"https:\/\/toidupakk.ee\/lt\/#website"},"primaryImageOfPage":{"@id":"https:\/\/toidupakk.ee\/lt\/toode\/beef-jerky-original-40-g\/#primaryimage"},"image":{"@id":"https:\/\/toidupakk.ee\/lt\/toode\/beef-jerky-original-40-g\/#primaryimage"},"thumbnailUrl":"https:\/\/toidupakk.ee\/wp-content\/uploads\/2021\/09\/vinnutatud-liha-beef-Jerky.png","datePublished":"2021-09-06T09:47:15+00:00","dateModified":"2026-04-15T12:31:07+00:00","description":"\u201eBeef Jerky Original\u201c yra kokybi\u0161kas amerikieti\u0161ko stiliaus u\u017ekandis i\u0161 auk\u0161\u010diausios r\u016b\u0161ies vytintos m\u0117sos. Puikus u\u017ekandis m\u0117sos m\u0117g\u0117jams.","breadcrumb":{"@id":"https:\/\/toidupakk.ee\/lt\/toode\/beef-jerky-original-40-g\/#breadcrumb"},"inLanguage":"lt-LT","potentialAction":[{"@type":"ReadAction","target":["https:\/\/toidupakk.ee\/lt\/toode\/beef-jerky-original-40-g\/"]}]},{"@type":"ImageObject","inLanguage":"lt-LT","@id":"https:\/\/toidupakk.ee\/lt\/toode\/beef-jerky-original-40-g\/#primaryimage","url":"https:\/\/toidupakk.ee\/wp-content\/uploads\/2021\/09\/vinnutatud-liha-beef-Jerky.png","contentUrl":"https:\/\/toidupakk.ee\/wp-content\/uploads\/2021\/09\/vinnutatud-liha-beef-Jerky.png","width":800,"height":800,"caption":"vinnutatud liha"},{"@type":"BreadcrumbList","@id":"https:\/\/toidupakk.ee\/lt\/toode\/beef-jerky-original-40-g\/#breadcrumb","itemListElement":[{"@type":"ListItem","position":1,"name":"Avaleht","item":"https:\/\/toidupakk.ee\/lt\/"},{"@type":"ListItem","position":2,"name":"El. parduotuv\u0117","item":"https:\/\/toidupakk.ee\/lt\/el-parduotuve\/"},{"@type":"ListItem","position":3,"name":"Beef Jerky Original 40 g"}]},{"@type":"WebSite","@id":"https:\/\/toidupakk.ee\/lt\/#website","url":"https:\/\/toidupakk.ee\/lt\/","name":"Toidupakk.ee - Tactical Foodpack toidupakid","description":"Tactical Foodpack k\u00fclmkuivatatud toidupakid ja matkaeined","publisher":{"@id":"https:\/\/toidupakk.ee\/lt\/#organization"},"potentialAction":[{"@type":"SearchAction","target":{"@type":"EntryPoint","urlTemplate":"https:\/\/toidupakk.ee\/lt\/?s={search_term_string}"},"query-input":{"@type":"PropertyValueSpecification","valueRequired":true,"valueName":"search_term_string"}}],"inLanguage":"lt-LT"},{"@type":"Organization","@id":"https:\/\/toidupakk.ee\/lt\/#organization","name":"Tactical Foodpack matkaeined","url":"https:\/\/toidupakk.ee\/lt\/","logo":{"@type":"ImageObject","inLanguage":"lt-LT","@id":"https:\/\/toidupakk.ee\/lt\/#\/schema\/logo\/image\/","url":"https:\/\/toidupakk.ee\/wp-content\/uploads\/2022\/01\/Toidupakk-matkapood-logo-transparent.png","contentUrl":"https:\/\/toidupakk.ee\/wp-content\/uploads\/2022\/01\/Toidupakk-matkapood-logo-transparent.png","width":500,"height":500,"caption":"Tactical Foodpack matkaeined"},"image":{"@id":"https:\/\/toidupakk.ee\/lt\/#\/schema\/logo\/image\/"},"sameAs":["https:\/\/www.facebook.com\/Toidupakk","https:\/\/www.instagram.com\/toidupakk\/"]}]}},"jetpack_sharing_enabled":true,"_links":{"self":[{"href":"https:\/\/toidupakk.ee\/lt\/wp-json\/wp\/v2\/product\/47305","targetHints":{"allow":["GET"]}}],"collection":[{"href":"https:\/\/toidupakk.ee\/lt\/wp-json\/wp\/v2\/product"}],"about":[{"href":"https:\/\/toidupakk.ee\/lt\/wp-json\/wp\/v2\/types\/product"}],"replies":[{"embeddable":true,"href":"https:\/\/toidupakk.ee\/lt\/wp-json\/wp\/v2\/comments?post=47305"}],"wp:featuredmedia":[{"embeddable":true,"href":"https:\/\/toidupakk.ee\/lt\/wp-json\/wp\/v2\/media\/18910"}],"wp:attachment":[{"href":"https:\/\/toidupakk.ee\/lt\/wp-json\/wp\/v2\/media?parent=47305"}],"wp:term":[{"taxonomy":"product_brand","embeddable":true,"href":"https:\/\/toidupakk.ee\/lt\/wp-json\/wp\/v2\/product_brand?post=47305"},{"taxonomy":"product_cat","embeddable":true,"href":"https:\/\/toidupakk.ee\/lt\/wp-json\/wp\/v2\/product_cat?post=47305"},{"taxonomy":"product_tag","embeddable":true,"href":"https:\/\/toidupakk.ee\/lt\/wp-json\/wp\/v2\/product_tag?post=47305"}],"curies":[{"name":"wp","href":"https:\/\/api.w.org\/{rel}","templated":true}]}}