{"id":47304,"date":"2021-11-19T13:02:16","date_gmt":"2021-11-19T11:02:16","guid":{"rendered":"https:\/\/toidupakk.ee\/toode\/beef-jerky-teriyaki-40-g\/"},"modified":"2026-04-04T00:00:27","modified_gmt":"2026-04-03T21:00:27","slug":"beef-jerky-teriyaki-40-g","status":"publish","type":"product","link":"https:\/\/toidupakk.ee\/lt\/toode\/beef-jerky-teriyaki-40-g\/","title":{"rendered":"Beef Jerky Teriyaki, 40 g"},"content":{"rendered":"","protected":false},"excerpt":{"rendered":"<p><strong>Vytinta jautiena \u201eTeriyaki\u201c, 40 g<\/strong><\/p>\n<p>Vytinta jautiena visada asocijuojasi su nuotykiais. Dar vikingai j\u0105 imdavo \u012f keliones j\u016bra, kad nepritr\u016bkt\u0173 j\u0117g\u0173. \u201eTeriyaki\u201c skonio vytinta jautiena \u2013 tai auk\u0161\u010diausios kokyb\u0117s m\u0117sa, l\u0117tai d\u017eiovinta siekiant u\u017etikrinti geriausi\u0105 skon\u012f.  <\/p>\n<p><strong>Be prid\u0117tini\u0173 dirbtini\u0173 kvapi\u0173j\u0173 med\u017eiag\u0173.<\/strong><\/p>\n<p>Energin\u0117 vert\u0117 vienoje porcijoje \u2013 112 kcal.<\/p>\n<p><strong>Sudedamosios dalys:<\/strong><br \/>jautiena (68,7 %), konservuoti ananassai (ananasai, vanduo, cukrus, r\u016bg\u0161tingum\u0105 reguliuojanti med\u017eiaga citrin\u0173 r\u016bg\u0161tis), soj\u0173 pada\u017eas (vanduo, <strong>soj\u0173 pupel\u0117s<\/strong>, druska, spirito actas), obuoliai, rudasis cukrus, <strong>medus<\/strong>, prieskoniai, obuoli\u0173 actas, d\u016bm\u0173 kvapioji med\u017eiaga.<\/p>\n<p><strong>Geriausias iki<\/strong>: 3 metai nuo pagaminimo datos<\/p>\n<p>\u2705 Pristatymas per 1\u20133 d. d.<br \/>\n\u2705 NEMOKAMAS gr\u0105\u017einimas ir keitimas<\/p>\n","protected":false},"featured_media":18911,"comment_status":"open","ping_status":"closed","template":"","meta":{"_acf_changed":false},"product_brand":[],"product_cat":[239,213,275,189,190],"product_tag":[194],"class_list":{"0":"post-47304","1":"product","2":"type-product","3":"status-publish","4":"has-post-thumbnail","6":"product_cat-priedai","7":"product_cat-uzkandziai","8":"product_cat-vytinta-mesa","9":"product_cat-zygio-iranga","10":"product_cat-zygio-prekes","11":"product_tag-no_ads","13":"first","14":"outofstock","15":"taxable","16":"shipping-taxable","17":"purchasable","18":"product-type-simple"},"bundled_by":[],"bundle_stock_status":"outofstock","bundle_stock_quantity":0,"bundle_virtual":false,"bundle_layout":"","bundle_add_to_cart_form_location":"","bundle_editable_in_cart":false,"bundle_sold_individually_context":"","bundle_item_grouping":"","bundle_min_size":"","bundle_max_size":"","bundle_price":[],"bundled_items":[],"bundle_sell_ids":[],"acf":[],"yoast_head":"<!-- This site is optimized with the Yoast SEO plugin v27.1.1 - https:\/\/yoast.com\/product\/yoast-seo-wordpress\/ -->\n<title>Beef Jerky Teriyaki, 40 g - Toidupakk.ee - Tactical Foodpack toidupakid<\/title>\n<meta name=\"description\" content=\"\u201eBeef Jerky Teriyaki\u201c \u2013 tai kokybi\u0161kas amerikieti\u0161ko stiliaus u\u017ekandis i\u0161 auk\u0161\u010diausios r\u016b\u0161ies vytintos m\u0117sos. Puikus pasirinkimas m\u0117sos m\u0117g\u0117jams.\" \/>\n<meta name=\"robots\" content=\"index, follow, max-snippet:-1, max-image-preview:large, max-video-preview:-1\" \/>\n<link rel=\"canonical\" href=\"https:\/\/toidupakk.ee\/lt\/toode\/beef-jerky-teriyaki-40-g\/\" \/>\n<meta property=\"og:locale\" content=\"lt_LT\" \/>\n<meta property=\"og:type\" content=\"article\" \/>\n<meta property=\"og:title\" content=\"Beef Jerky Teriyaki, 40 g - Toidupakk.ee - Tactical Foodpack toidupakid\" \/>\n<meta property=\"og:description\" content=\"\u201eBeef Jerky Teriyaki\u201c \u2013 tai kokybi\u0161kas amerikieti\u0161ko stiliaus u\u017ekandis i\u0161 auk\u0161\u010diausios r\u016b\u0161ies vytintos m\u0117sos. Puikus pasirinkimas m\u0117sos m\u0117g\u0117jams.\" \/>\n<meta property=\"og:url\" content=\"https:\/\/toidupakk.ee\/lt\/toode\/beef-jerky-teriyaki-40-g\/\" \/>\n<meta property=\"og:site_name\" content=\"Toidupakk.ee - Tactical Foodpack toidupakid\" \/>\n<meta property=\"article:publisher\" content=\"https:\/\/www.facebook.com\/Toidupakk\" \/>\n<meta property=\"article:modified_time\" content=\"2026-04-03T21:00:27+00:00\" \/>\n<meta property=\"og:image\" content=\"https:\/\/toidupakk.ee\/wp-content\/uploads\/2021\/11\/Vinnutatud-liha_beef_jerky_teriyaki.png\" \/>\n\t<meta property=\"og:image:width\" content=\"800\" \/>\n\t<meta property=\"og:image:height\" content=\"800\" \/>\n\t<meta property=\"og:image:type\" content=\"image\/png\" \/>\n<meta name=\"twitter:card\" content=\"summary_large_image\" \/>\n<script type=\"application\/ld+json\" class=\"yoast-schema-graph\">{\"@context\":\"https:\/\/schema.org\",\"@graph\":[{\"@type\":\"WebPage\",\"@id\":\"https:\/\/toidupakk.ee\/lt\/toode\/beef-jerky-teriyaki-40-g\/\",\"url\":\"https:\/\/toidupakk.ee\/lt\/toode\/beef-jerky-teriyaki-40-g\/\",\"name\":\"Beef Jerky Teriyaki, 40 g - Toidupakk.ee - Tactical Foodpack toidupakid\",\"isPartOf\":{\"@id\":\"https:\/\/toidupakk.ee\/lt\/#website\"},\"primaryImageOfPage\":{\"@id\":\"https:\/\/toidupakk.ee\/lt\/toode\/beef-jerky-teriyaki-40-g\/#primaryimage\"},\"image\":{\"@id\":\"https:\/\/toidupakk.ee\/lt\/toode\/beef-jerky-teriyaki-40-g\/#primaryimage\"},\"thumbnailUrl\":\"https:\/\/toidupakk.ee\/wp-content\/uploads\/2021\/11\/Vinnutatud-liha_beef_jerky_teriyaki.png\",\"datePublished\":\"2021-11-19T11:02:16+00:00\",\"dateModified\":\"2026-04-03T21:00:27+00:00\",\"description\":\"\u201eBeef Jerky Teriyaki\u201c \u2013 tai kokybi\u0161kas amerikieti\u0161ko stiliaus u\u017ekandis i\u0161 auk\u0161\u010diausios r\u016b\u0161ies vytintos m\u0117sos. Puikus pasirinkimas m\u0117sos m\u0117g\u0117jams.\",\"breadcrumb\":{\"@id\":\"https:\/\/toidupakk.ee\/lt\/toode\/beef-jerky-teriyaki-40-g\/#breadcrumb\"},\"inLanguage\":\"lt-LT\",\"potentialAction\":[{\"@type\":\"ReadAction\",\"target\":[\"https:\/\/toidupakk.ee\/lt\/toode\/beef-jerky-teriyaki-40-g\/\"]}]},{\"@type\":\"ImageObject\",\"inLanguage\":\"lt-LT\",\"@id\":\"https:\/\/toidupakk.ee\/lt\/toode\/beef-jerky-teriyaki-40-g\/#primaryimage\",\"url\":\"https:\/\/toidupakk.ee\/wp-content\/uploads\/2021\/11\/Vinnutatud-liha_beef_jerky_teriyaki.png\",\"contentUrl\":\"https:\/\/toidupakk.ee\/wp-content\/uploads\/2021\/11\/Vinnutatud-liha_beef_jerky_teriyaki.png\",\"width\":800,\"height\":800,\"caption\":\"vinnutatud liha\"},{\"@type\":\"BreadcrumbList\",\"@id\":\"https:\/\/toidupakk.ee\/lt\/toode\/beef-jerky-teriyaki-40-g\/#breadcrumb\",\"itemListElement\":[{\"@type\":\"ListItem\",\"position\":1,\"name\":\"Avaleht\",\"item\":\"https:\/\/toidupakk.ee\/lt\/\"},{\"@type\":\"ListItem\",\"position\":2,\"name\":\"El. parduotuv\u0117\",\"item\":\"https:\/\/toidupakk.ee\/lt\/el-parduotuve\/\"},{\"@type\":\"ListItem\",\"position\":3,\"name\":\"Beef Jerky Teriyaki, 40 g\"}]},{\"@type\":\"WebSite\",\"@id\":\"https:\/\/toidupakk.ee\/lt\/#website\",\"url\":\"https:\/\/toidupakk.ee\/lt\/\",\"name\":\"Toidupakk.ee - Tactical Foodpack toidupakid\",\"description\":\"Tactical Foodpack k\u00fclmkuivatatud toidupakid ja matkaeined\",\"publisher\":{\"@id\":\"https:\/\/toidupakk.ee\/lt\/#organization\"},\"potentialAction\":[{\"@type\":\"SearchAction\",\"target\":{\"@type\":\"EntryPoint\",\"urlTemplate\":\"https:\/\/toidupakk.ee\/lt\/?s={search_term_string}\"},\"query-input\":{\"@type\":\"PropertyValueSpecification\",\"valueRequired\":true,\"valueName\":\"search_term_string\"}}],\"inLanguage\":\"lt-LT\"},{\"@type\":\"Organization\",\"@id\":\"https:\/\/toidupakk.ee\/lt\/#organization\",\"name\":\"Tactical Foodpack matkaeined\",\"url\":\"https:\/\/toidupakk.ee\/lt\/\",\"logo\":{\"@type\":\"ImageObject\",\"inLanguage\":\"lt-LT\",\"@id\":\"https:\/\/toidupakk.ee\/lt\/#\/schema\/logo\/image\/\",\"url\":\"https:\/\/toidupakk.ee\/wp-content\/uploads\/2022\/01\/Toidupakk-matkapood-logo-transparent.png\",\"contentUrl\":\"https:\/\/toidupakk.ee\/wp-content\/uploads\/2022\/01\/Toidupakk-matkapood-logo-transparent.png\",\"width\":500,\"height\":500,\"caption\":\"Tactical Foodpack matkaeined\"},\"image\":{\"@id\":\"https:\/\/toidupakk.ee\/lt\/#\/schema\/logo\/image\/\"},\"sameAs\":[\"https:\/\/www.facebook.com\/Toidupakk\",\"https:\/\/www.instagram.com\/toidupakk\/\"]}]}<\/script>\n<!-- \/ Yoast SEO plugin. -->","yoast_head_json":{"title":"Beef Jerky Teriyaki, 40 g - Toidupakk.ee - Tactical Foodpack toidupakid","description":"\u201eBeef Jerky Teriyaki\u201c \u2013 tai kokybi\u0161kas amerikieti\u0161ko stiliaus u\u017ekandis i\u0161 auk\u0161\u010diausios r\u016b\u0161ies vytintos m\u0117sos. Puikus pasirinkimas m\u0117sos m\u0117g\u0117jams.","robots":{"index":"index","follow":"follow","max-snippet":"max-snippet:-1","max-image-preview":"max-image-preview:large","max-video-preview":"max-video-preview:-1"},"canonical":"https:\/\/toidupakk.ee\/lt\/toode\/beef-jerky-teriyaki-40-g\/","og_locale":"lt_LT","og_type":"article","og_title":"Beef Jerky Teriyaki, 40 g - Toidupakk.ee - Tactical Foodpack toidupakid","og_description":"\u201eBeef Jerky Teriyaki\u201c \u2013 tai kokybi\u0161kas amerikieti\u0161ko stiliaus u\u017ekandis i\u0161 auk\u0161\u010diausios r\u016b\u0161ies vytintos m\u0117sos. Puikus pasirinkimas m\u0117sos m\u0117g\u0117jams.","og_url":"https:\/\/toidupakk.ee\/lt\/toode\/beef-jerky-teriyaki-40-g\/","og_site_name":"Toidupakk.ee - Tactical Foodpack toidupakid","article_publisher":"https:\/\/www.facebook.com\/Toidupakk","article_modified_time":"2026-04-03T21:00:27+00:00","og_image":[{"width":800,"height":800,"url":"https:\/\/toidupakk.ee\/wp-content\/uploads\/2021\/11\/Vinnutatud-liha_beef_jerky_teriyaki.png","type":"image\/png"}],"twitter_card":"summary_large_image","schema":{"@context":"https:\/\/schema.org","@graph":[{"@type":"WebPage","@id":"https:\/\/toidupakk.ee\/lt\/toode\/beef-jerky-teriyaki-40-g\/","url":"https:\/\/toidupakk.ee\/lt\/toode\/beef-jerky-teriyaki-40-g\/","name":"Beef Jerky Teriyaki, 40 g - Toidupakk.ee - Tactical Foodpack toidupakid","isPartOf":{"@id":"https:\/\/toidupakk.ee\/lt\/#website"},"primaryImageOfPage":{"@id":"https:\/\/toidupakk.ee\/lt\/toode\/beef-jerky-teriyaki-40-g\/#primaryimage"},"image":{"@id":"https:\/\/toidupakk.ee\/lt\/toode\/beef-jerky-teriyaki-40-g\/#primaryimage"},"thumbnailUrl":"https:\/\/toidupakk.ee\/wp-content\/uploads\/2021\/11\/Vinnutatud-liha_beef_jerky_teriyaki.png","datePublished":"2021-11-19T11:02:16+00:00","dateModified":"2026-04-03T21:00:27+00:00","description":"\u201eBeef Jerky Teriyaki\u201c \u2013 tai kokybi\u0161kas amerikieti\u0161ko stiliaus u\u017ekandis i\u0161 auk\u0161\u010diausios r\u016b\u0161ies vytintos m\u0117sos. Puikus pasirinkimas m\u0117sos m\u0117g\u0117jams.","breadcrumb":{"@id":"https:\/\/toidupakk.ee\/lt\/toode\/beef-jerky-teriyaki-40-g\/#breadcrumb"},"inLanguage":"lt-LT","potentialAction":[{"@type":"ReadAction","target":["https:\/\/toidupakk.ee\/lt\/toode\/beef-jerky-teriyaki-40-g\/"]}]},{"@type":"ImageObject","inLanguage":"lt-LT","@id":"https:\/\/toidupakk.ee\/lt\/toode\/beef-jerky-teriyaki-40-g\/#primaryimage","url":"https:\/\/toidupakk.ee\/wp-content\/uploads\/2021\/11\/Vinnutatud-liha_beef_jerky_teriyaki.png","contentUrl":"https:\/\/toidupakk.ee\/wp-content\/uploads\/2021\/11\/Vinnutatud-liha_beef_jerky_teriyaki.png","width":800,"height":800,"caption":"vinnutatud liha"},{"@type":"BreadcrumbList","@id":"https:\/\/toidupakk.ee\/lt\/toode\/beef-jerky-teriyaki-40-g\/#breadcrumb","itemListElement":[{"@type":"ListItem","position":1,"name":"Avaleht","item":"https:\/\/toidupakk.ee\/lt\/"},{"@type":"ListItem","position":2,"name":"El. parduotuv\u0117","item":"https:\/\/toidupakk.ee\/lt\/el-parduotuve\/"},{"@type":"ListItem","position":3,"name":"Beef Jerky Teriyaki, 40 g"}]},{"@type":"WebSite","@id":"https:\/\/toidupakk.ee\/lt\/#website","url":"https:\/\/toidupakk.ee\/lt\/","name":"Toidupakk.ee - Tactical Foodpack toidupakid","description":"Tactical Foodpack k\u00fclmkuivatatud toidupakid ja matkaeined","publisher":{"@id":"https:\/\/toidupakk.ee\/lt\/#organization"},"potentialAction":[{"@type":"SearchAction","target":{"@type":"EntryPoint","urlTemplate":"https:\/\/toidupakk.ee\/lt\/?s={search_term_string}"},"query-input":{"@type":"PropertyValueSpecification","valueRequired":true,"valueName":"search_term_string"}}],"inLanguage":"lt-LT"},{"@type":"Organization","@id":"https:\/\/toidupakk.ee\/lt\/#organization","name":"Tactical Foodpack matkaeined","url":"https:\/\/toidupakk.ee\/lt\/","logo":{"@type":"ImageObject","inLanguage":"lt-LT","@id":"https:\/\/toidupakk.ee\/lt\/#\/schema\/logo\/image\/","url":"https:\/\/toidupakk.ee\/wp-content\/uploads\/2022\/01\/Toidupakk-matkapood-logo-transparent.png","contentUrl":"https:\/\/toidupakk.ee\/wp-content\/uploads\/2022\/01\/Toidupakk-matkapood-logo-transparent.png","width":500,"height":500,"caption":"Tactical Foodpack matkaeined"},"image":{"@id":"https:\/\/toidupakk.ee\/lt\/#\/schema\/logo\/image\/"},"sameAs":["https:\/\/www.facebook.com\/Toidupakk","https:\/\/www.instagram.com\/toidupakk\/"]}]}},"jetpack_sharing_enabled":true,"_links":{"self":[{"href":"https:\/\/toidupakk.ee\/lt\/wp-json\/wp\/v2\/product\/47304","targetHints":{"allow":["GET"]}}],"collection":[{"href":"https:\/\/toidupakk.ee\/lt\/wp-json\/wp\/v2\/product"}],"about":[{"href":"https:\/\/toidupakk.ee\/lt\/wp-json\/wp\/v2\/types\/product"}],"replies":[{"embeddable":true,"href":"https:\/\/toidupakk.ee\/lt\/wp-json\/wp\/v2\/comments?post=47304"}],"wp:featuredmedia":[{"embeddable":true,"href":"https:\/\/toidupakk.ee\/lt\/wp-json\/wp\/v2\/media\/18911"}],"wp:attachment":[{"href":"https:\/\/toidupakk.ee\/lt\/wp-json\/wp\/v2\/media?parent=47304"}],"wp:term":[{"taxonomy":"product_brand","embeddable":true,"href":"https:\/\/toidupakk.ee\/lt\/wp-json\/wp\/v2\/product_brand?post=47304"},{"taxonomy":"product_cat","embeddable":true,"href":"https:\/\/toidupakk.ee\/lt\/wp-json\/wp\/v2\/product_cat?post=47304"},{"taxonomy":"product_tag","embeddable":true,"href":"https:\/\/toidupakk.ee\/lt\/wp-json\/wp\/v2\/product_tag?post=47304"}],"curies":[{"name":"wp","href":"https:\/\/api.w.org\/{rel}","templated":true}]}}