{"id":47285,"date":"2021-09-03T13:44:37","date_gmt":"2021-09-03T10:44:37","guid":{"rendered":"https:\/\/toidupakk.ee\/toode\/pasta-bolognese\/"},"modified":"2026-04-03T22:01:48","modified_gmt":"2026-04-03T19:01:48","slug":"pasta-bolognese","status":"publish","type":"product","link":"https:\/\/toidupakk.ee\/lt\/toode\/pasta-bolognese\/","title":{"rendered":"Pasta Bolognese"},"content":{"rendered":"<h1><img fetchpriority=\"high\" decoding=\"async\" class=\"alignright wp-image-32677 size-thumbnail\" src=\"https:\/\/toidupakk.ee\/wp-content\/uploads\/2021\/09\/Tactical-Foodpack-Pasta-Bolognese-pakend-esikylg-500x500.png\" alt=\"bolognese pasta tactical food\" width=\"500\" height=\"500\" srcset=\"https:\/\/toidupakk.ee\/wp-content\/uploads\/2021\/09\/Tactical-Foodpack-Pasta-Bolognese-pakend-esikylg-500x500.png 500w, https:\/\/toidupakk.ee\/wp-content\/uploads\/2021\/09\/Tactical-Foodpack-Pasta-Bolognese-pakend-esikylg-400x400.png 400w, https:\/\/toidupakk.ee\/wp-content\/uploads\/2021\/09\/Tactical-Foodpack-Pasta-Bolognese-pakend-esikylg-100x100.png 100w, https:\/\/toidupakk.ee\/wp-content\/uploads\/2021\/09\/Tactical-Foodpack-Pasta-Bolognese-pakend-esikylg-300x300.png 300w, https:\/\/toidupakk.ee\/wp-content\/uploads\/2021\/09\/Tactical-Foodpack-Pasta-Bolognese-pakend-esikylg-768x768.png 768w, https:\/\/toidupakk.ee\/wp-content\/uploads\/2021\/09\/Tactical-Foodpack-Pasta-Bolognese-pakend-esikylg.png 800w\" sizes=\"(max-width: 500px) 100vw, 500px\" \/><\/h1>\n<h1>Atrask \u201eTactical Foodpack\u201c \u201ePasta Bolognese\u201c<\/h1>\n<p>\u201eTactical Foodpack\u201c <strong>Pasta Bolognese<\/strong> yra idealus sprendimas ie\u0161kantiems skanaus ir maistingo paruo\u0161to maisto. \u0160is \u0161al\u010diu d\u017eiovintas patiekalas sukurtas specialiai \u017eygiams, nuotykiams ar greitiems pietums namuose, u\u017etikrinant puiki\u0105 pusiausvyr\u0105 tarp patogumo ir maistin\u0117s vert\u0117s. <\/p>\n<h2>Kod\u0117l verta rinktis \u201ePasta Bolognese\u201c?<\/h2>\n<p>\u201ePasta Bolognese\u201c yra daug daugiau nei tik maistas \u2013 tai patirtis. Takti\u0161kas maistas, pavyzd\u017eiui, gryb\u0173 rizotas, skirtas i\u0161gyvenimui ir mitybai net sud\u0117tingiausiomis s\u0105lygomis. \u0160tai keletas prie\u017eas\u010di\u0173, kod\u0117l \u0161is produktas tur\u0117t\u0173 b\u016bti tavo kitas pasirinkimas:  <\/p>\n<ul>\n<li><strong>Paprasta paruo\u0161ti<\/strong>: tiesiog \u012fpilk kar\u0161to vandens ir palauk 8 minutes. Jokio sud\u0117tingo gaminimo \u2013 greita ir patogu. <\/li>\n<li><strong>Didel\u0117 energin\u0117 vert\u0117<\/strong>: viena porcija suteikia 507 kcal, kuri\u0173 pakanka energijai palaikyti vis\u0105 dien\u0105.<\/li>\n<li><strong>Nat\u016brali sud\u0117tis<\/strong>: joki\u0173 konservant\u0173 ar dirbtini\u0173 pried\u0173. Tik geriausi ingredientai, u\u017etikrinantys autenti\u0161k\u0105 skon\u012f ir sveik\u0105 mityb\u0105. <\/li>\n<li><strong>Ilgas galiojimo laikas<\/strong>: geriausia vartoti 8 metus nuo pagaminimo datos, tod\u0117l tai idealus maistas ilgalaikiam saugojimui ar ekstremalioms situacijoms.<\/li>\n<li><strong>Pagaminta Vokietijoje<\/strong>: kokybi\u0161ka gamyba u\u017etikrina, kad kiekvienas patiekalas atitikt\u0173 auk\u0161\u010diausius standartus ir i\u0161laikyt\u0173 savo skon\u012f net po keleri\u0173 met\u0173.<\/li>\n<\/ul>\n<h3>Produkto apra\u0161ymas: kuo \u201ePasta Bolognese\u201c tokia ypatinga?<\/h3>\n<p><strong>Pasta Bolognese<\/strong> pagaminta i\u0161 kruop\u0161\u010diai atrinkt\u0173 ingredient\u0173, u\u017etikrinan\u010di\u0173 puik\u0173 skon\u012f ir maistin\u0119 vert\u0119. Kiekvienoje pakuot\u0117je yra kiet\u0173j\u0173 kvie\u010di\u0173 makaron\u0173 (41 %), sumai\u0161yt\u0173 su pomidorais ir jautienos far\u0161u (13 %). Papildomi ingredientai \u2013 svog\u016bnai, salierai, \u010desnakai, prieskoniai, raps\u0173 aliejus ir druska \u2013 suteikia sodr\u0173 ir kremin\u012f skon\u012f.  <\/p>\n<h3>D\u017eiovinimo \u0161altyje privalumai<\/h3>\n<p>D\u017eiovinimas \u0161altyje (liofilizacija) \u2013 tai procesas, kurio metu i\u0161saugomas maisto \u0161vie\u017eumas, tekst\u016bra ir maistin\u0117 vert\u0117, pa\u0161alinant vanden\u012f labai \u017eemoje temperat\u016broje. Tai rei\u0161kia, kad visi \u201eTactical Foodpack\u201c patiekalai, \u012fskaitant gryb\u0173 rizot\u0105, yra lengvi, kompakti\u0161ki ir ilgai galiojantys, kartu i\u0161laikantys visus svarbius vitaminus ir mineralus. <\/p>\n<h3>Kam skirta \u201ePasta Bolognese\u201c?<\/h3>\n<ul>\n<li><strong>\u017dygeiviams ir stovyklautojams<\/strong>: gryb\u0173 rizotas yra idealus pasirinkimas \u017eygio maistui, nes jis lengvas, kompakti\u0161koje pakuot\u0117je ir lengvai paruo\u0161iamas.<\/li>\n<li><strong>Nuotyki\u0173 ie\u0161kotojams ir i\u0161gyvenimo entuziastams<\/strong>: ilgas galiojimo laikas ir didel\u0117 energin\u0117 vert\u0117 paver\u010dia j\u012f puikiu pasirinkimu bet kokioms i\u0161gyvenimo situacijoms ar ilgoms kelion\u0117ms.<\/li>\n<li><strong>Greitiems pietums namuose<\/strong>: jei neturi laiko gaminti, bet nori ko nors maistingo ir skanaus, \u0161is maisto paketas yra greitas ir sveikas sprendimas.<\/li>\n<\/ul>\n<p><img decoding=\"async\" class=\"alignnone wp-image-32676 size-thumbnail\" src=\"https:\/\/toidupakk.ee\/wp-content\/uploads\/2021\/09\/Pasta-bolognese-Tactical-Foodpack-koostis-500x500.png\" alt=\"\" width=\"500\" height=\"500\" srcset=\"https:\/\/toidupakk.ee\/wp-content\/uploads\/2021\/09\/Pasta-bolognese-Tactical-Foodpack-koostis-500x500.png 500w, https:\/\/toidupakk.ee\/wp-content\/uploads\/2021\/09\/Pasta-bolognese-Tactical-Foodpack-koostis-400x400.png 400w, https:\/\/toidupakk.ee\/wp-content\/uploads\/2021\/09\/Pasta-bolognese-Tactical-Foodpack-koostis-100x100.png 100w, https:\/\/toidupakk.ee\/wp-content\/uploads\/2021\/09\/Pasta-bolognese-Tactical-Foodpack-koostis-300x300.png 300w, https:\/\/toidupakk.ee\/wp-content\/uploads\/2021\/09\/Pasta-bolognese-Tactical-Foodpack-koostis-768x768.png 768w, https:\/\/toidupakk.ee\/wp-content\/uploads\/2021\/09\/Pasta-bolognese-Tactical-Foodpack-koostis.png 800w\" sizes=\"(max-width: 500px) 100vw, 500px\" \/><\/p>\n<h3>Produkto informacija ir laikymo s\u0105lygos<\/h3>\n<p>\u201ePasta Bolognese\u201c pateikiama 115 g pakuot\u0117je, kuri u\u017etikrina optimal\u0173 kiek\u012f vienam asmeniui. Ideali laikymo temperat\u016bra yra nuo 10 \u00b0C iki +30 \u00b0C. D\u0117l d\u017eiovinimo \u0161altyje produktas yra atsparus ir lengvai transportuojamas, tod\u0117l tinka tiek laikymui namuose, tiek d\u0117jimuisi \u012f \u017eygio kuprin\u0119.  <\/p>\n<h3>\u201eTactical Foodpack\u201c patiekalai \u2013 kaip vartoti<\/h3>\n<p>Atidaryk pakuot\u0119 vir\u0161uje nurodytoje vietoje. I\u0161imk pakuot\u0117s viduje esant\u012f deguonies absorbuotoj\u0105 (ma\u017e\u0105 mai\u0161el\u012f), j\u012f gali i\u0161mesti \u012f \u0161iuk\u0161liad\u0117\u017e\u0119 kartu su buitin\u0117mis atliekomis. \u012e pakuot\u0119 \u012fpilk ant pakuot\u0117s nurodyt\u0105 kiek\u012f kar\u0161to vandens. Gerai i\u0161mai\u0161yk vis\u0105 turin\u012f iki pat dugno. U\u017edaryk pakuot\u0119 naudodamas vir\u0161uje esant\u012f u\u017etrauktuk\u0105. Palauk 8 minutes ir m\u0117gaukis \u0161iltu maistu.     <\/p>\n<h3>\u201eTactical Foodpack\u201c \u2013 patikimas pasirinkimas<\/h3>\n<p><strong>Tactical Foodpack<\/strong> gars\u0117ja kokybi\u0161ku ir patikimu \u017eygio maistu. \u012emon\u0117 orientuojasi \u012f produktus, pasi\u017eymin\u010dius didele maistine verte ir puikiu skoniu, nekenkiant sveikatai. J\u0173 asortimente \u2013 \u012fvair\u016bs patiekalai nuo pusry\u010di\u0173 iki so\u010di\u0173 vakarieni\u0173, sukurti specialiai lauko s\u0105lygoms ir i\u0161gyvenimui.  <\/p>\n<h3>U\u017esisakyk \u201ePasta Bolognese\u201c jau \u0161iandien!<\/h3>\n<p>Nepraleisk progos! \u012esid\u0117k \u201eTactical Foodpack\u201c produktus \u012f savo kelionin\u012f krep\u0161\u012f jau \u0161iandien ir m\u0117gaukis visaver\u010diu maistu bet kada ir bet kur. Turime sand\u0117lyje, u\u017esisakyti galima jau dabar. Idealus pasirinkimas visiems, ie\u0161kantiems paprasto, sveiko ir skanaus sprendimo!   <\/p>\n<p>Pirk dabar ir i\u0161bandyk \u201eTactical Foodpack\u201c kokyb\u0119 pats!<\/p>\n<p>&nbsp;<\/p>\n<p>Daugiau \u017eygio preki\u0173 rasi <a href=\"https:\/\/toidupakk.ee\/lt\/tootekategooria\/zygio-iranga\/#section-3-79\">\u010cIA<\/a><\/p>\n<p>Pasisemk \u012fkv\u0117pimo kitiems nuotykiams Toidupakk <a href=\"https:\/\/www.instagram.com\/toidupakk\/\">Instagram<\/a> ir <a href=\"https:\/\/www.facebook.com\/Toidupakk\/\">Facebook<\/a> paskyrose.<\/p>\n","protected":false},"excerpt":{"rendered":"<p><strong>Tradicin\u0117 \u0161al\u010diu d\u017eiovinta \u201ePasta Bolognese\u201c.<\/strong><\/p>\n<p><strong>Dabar galima \u012fsigyti ir DIDEL\u0118 porcij\u0105, nes tai tiesiog labai skanu.<\/strong><\/p>\n<ul>\n<li>Vienas labiausiai <strong>vertinam\u0173 m\u016bs\u0173 produkt\u0173<\/strong><\/li>\n<li>Naudojamas <strong>auk\u0161tos kokyb\u0117s jautienos far\u0161as<\/strong>, malon\u0173 skon\u012f suteikia salierai<\/li>\n<li>Paruo\u0161tas maistas \u2013 tiesiog u\u017epilk kar\u0161to vandens ir po 8 min. gal\u0117si m\u0117gautis visaver\u010diu patiekalu<\/li>\n<li>Paruo\u0161imui \u012f pakuot\u0119 \u012fpilk 300 ml kar\u0161to vandens<\/li>\n<li><strong><span lang=\"ET\">Nat\u016brali sud\u0117tis, be konservant\u0173 ir pried\u0173<\/span><\/strong><\/li>\n<li><span lang=\"ET\">Energin\u0117 vert\u0117 porcijai \u2013 507 kcal \/ DIDEL\u0116 porcija \u2013 705 kcal<\/span><\/li>\n<li><strong>Geriausia vartoti: 8 metus nuo pagaminimo datos<\/strong><\/li>\n<li>Pagaminta Vokietijoje pagal esti\u0161k\u0105 recept\u0105<\/li>\n<li>Ideali laikymo temperat\u016bra: nuo 10 \u00b0C iki +30 \u00b0C<\/li>\n<\/ul>\n<p><strong>Sudedamosios dalys:<\/strong><br \/>\nmakaronai (41 %) (kiet\u0173j\u0173 kvie\u010di\u0173 miltai, vanduo), pomidorai, jautienos far\u0161as (13 %), svog\u016bnai, salierai, raps\u0173 aliejus, prieskoniai, \u010desnakai, druska.<\/p>\n<p>\u2705 Turime sand\u0117lyje, greitas pristatymas per 1\u20133 darbo dienas<\/p>\n","protected":false},"featured_media":47299,"comment_status":"open","ping_status":"closed","template":"","meta":{"_acf_changed":false},"product_brand":[],"product_cat":[256,204,231,190],"product_tag":[205],"class_list":{"0":"post-47285","1":"product","2":"type-product","3":"status-publish","4":"has-post-thumbnail","6":"product_cat-pagrindiniai-patiekalai","7":"product_cat-tactical-foodpack-patiekalai","8":"product_cat-zygio-maistas","9":"product_cat-zygio-prekes","10":"product_tag-tactical-foodpack","12":"first","13":"instock","14":"featured","15":"taxable","16":"shipping-taxable","17":"purchasable","18":"product-type-variable","19":"has-default-attributes"},"bundled_by":[],"bundle_stock_status":"instock","bundle_stock_quantity":null,"bundle_virtual":false,"bundle_layout":"","bundle_add_to_cart_form_location":"","bundle_editable_in_cart":false,"bundle_sold_individually_context":"","bundle_item_grouping":"","bundle_min_size":"","bundle_max_size":"","bundle_price":[],"bundled_items":[],"bundle_sell_ids":[],"acf":[],"yoast_head":"<!-- This site is optimized with the Yoast SEO plugin v27.1.1 - https:\/\/yoast.com\/product\/yoast-seo-wordpress\/ -->\n<title>Pasta Bolognese - Toidupakk.ee - Tactical Foodpack toidupakid<\/title>\n<meta name=\"description\" content=\"\u201ePasta Bolognese\u201c yra vienas labiausiai vertinam\u0173 m\u016bs\u0173 produkt\u0173. Naudojamas auk\u0161tos kokyb\u0117s jautienos far\u0161as. Malon\u0173 skon\u012f suteikia salierai. Nat\u016bralu ir be konservant\u0173.\" \/>\n<meta name=\"robots\" content=\"index, follow, max-snippet:-1, max-image-preview:large, max-video-preview:-1\" \/>\n<link rel=\"canonical\" href=\"https:\/\/toidupakk.ee\/lt\/toode\/pasta-bolognese\/\" \/>\n<meta property=\"og:locale\" content=\"lt_LT\" \/>\n<meta property=\"og:type\" content=\"article\" \/>\n<meta property=\"og:title\" content=\"Pasta Bolognese - Toidupakk.ee - Tactical Foodpack toidupakid\" \/>\n<meta property=\"og:description\" content=\"\u201ePasta Bolognese\u201c yra vienas labiausiai vertinam\u0173 m\u016bs\u0173 produkt\u0173. Naudojamas auk\u0161tos kokyb\u0117s jautienos far\u0161as. Malon\u0173 skon\u012f suteikia salierai. Nat\u016bralu ir be konservant\u0173.\" \/>\n<meta property=\"og:url\" content=\"https:\/\/toidupakk.ee\/lt\/toode\/pasta-bolognese\/\" \/>\n<meta property=\"og:site_name\" content=\"Toidupakk.ee - Tactical Foodpack toidupakid\" \/>\n<meta property=\"article:publisher\" content=\"https:\/\/www.facebook.com\/Toidupakk\" \/>\n<meta property=\"article:modified_time\" content=\"2026-04-03T19:01:48+00:00\" \/>\n<meta property=\"og:image\" content=\"https:\/\/toidupakk.ee\/wp-content\/uploads\/2021\/09\/Tactical-Foodpack-Pasta-Bolognese-kausiga.png\" \/>\n\t<meta property=\"og:image:width\" content=\"800\" \/>\n\t<meta property=\"og:image:height\" content=\"800\" \/>\n\t<meta property=\"og:image:type\" content=\"image\/png\" \/>\n<meta name=\"twitter:card\" content=\"summary_large_image\" \/>\n<meta name=\"twitter:label1\" content=\"Est. reading time\" \/>\n\t<meta name=\"twitter:data1\" content=\"3 minut\u0117s\" \/>\n<script type=\"application\/ld+json\" class=\"yoast-schema-graph\">{\"@context\":\"https:\/\/schema.org\",\"@graph\":[{\"@type\":\"WebPage\",\"@id\":\"https:\/\/toidupakk.ee\/lt\/toode\/pasta-bolognese\/\",\"url\":\"https:\/\/toidupakk.ee\/lt\/toode\/pasta-bolognese\/\",\"name\":\"Pasta Bolognese - Toidupakk.ee - Tactical Foodpack toidupakid\",\"isPartOf\":{\"@id\":\"https:\/\/toidupakk.ee\/lt\/#website\"},\"primaryImageOfPage\":{\"@id\":\"https:\/\/toidupakk.ee\/lt\/toode\/pasta-bolognese\/#primaryimage\"},\"image\":{\"@id\":\"https:\/\/toidupakk.ee\/lt\/toode\/pasta-bolognese\/#primaryimage\"},\"thumbnailUrl\":\"https:\/\/toidupakk.ee\/wp-content\/uploads\/2021\/09\/Tactical-Foodpack-Pasta-Bolognese-kausiga.png\",\"datePublished\":\"2021-09-03T10:44:37+00:00\",\"dateModified\":\"2026-04-03T19:01:48+00:00\",\"description\":\"\u201ePasta Bolognese\u201c yra vienas labiausiai vertinam\u0173 m\u016bs\u0173 produkt\u0173. Naudojamas auk\u0161tos kokyb\u0117s jautienos far\u0161as. Malon\u0173 skon\u012f suteikia salierai. Nat\u016bralu ir be konservant\u0173.\",\"breadcrumb\":{\"@id\":\"https:\/\/toidupakk.ee\/lt\/toode\/pasta-bolognese\/#breadcrumb\"},\"inLanguage\":\"lt-LT\",\"potentialAction\":[{\"@type\":\"ReadAction\",\"target\":[\"https:\/\/toidupakk.ee\/lt\/toode\/pasta-bolognese\/\"]}]},{\"@type\":\"ImageObject\",\"inLanguage\":\"lt-LT\",\"@id\":\"https:\/\/toidupakk.ee\/lt\/toode\/pasta-bolognese\/#primaryimage\",\"url\":\"https:\/\/toidupakk.ee\/wp-content\/uploads\/2021\/09\/Tactical-Foodpack-Pasta-Bolognese-kausiga.png\",\"contentUrl\":\"https:\/\/toidupakk.ee\/wp-content\/uploads\/2021\/09\/Tactical-Foodpack-Pasta-Bolognese-kausiga.png\",\"width\":800,\"height\":800,\"caption\":\"pasta bolognese su jautiena\"},{\"@type\":\"BreadcrumbList\",\"@id\":\"https:\/\/toidupakk.ee\/lt\/toode\/pasta-bolognese\/#breadcrumb\",\"itemListElement\":[{\"@type\":\"ListItem\",\"position\":1,\"name\":\"Avaleht\",\"item\":\"https:\/\/toidupakk.ee\/lt\/\"},{\"@type\":\"ListItem\",\"position\":2,\"name\":\"El. parduotuv\u0117\",\"item\":\"https:\/\/toidupakk.ee\/lt\/el-parduotuve\/\"},{\"@type\":\"ListItem\",\"position\":3,\"name\":\"Pasta Bolognese\"}]},{\"@type\":\"WebSite\",\"@id\":\"https:\/\/toidupakk.ee\/lt\/#website\",\"url\":\"https:\/\/toidupakk.ee\/lt\/\",\"name\":\"Toidupakk.ee - Tactical Foodpack toidupakid\",\"description\":\"Tactical Foodpack k\u00fclmkuivatatud toidupakid ja matkaeined\",\"publisher\":{\"@id\":\"https:\/\/toidupakk.ee\/lt\/#organization\"},\"potentialAction\":[{\"@type\":\"SearchAction\",\"target\":{\"@type\":\"EntryPoint\",\"urlTemplate\":\"https:\/\/toidupakk.ee\/lt\/?s={search_term_string}\"},\"query-input\":{\"@type\":\"PropertyValueSpecification\",\"valueRequired\":true,\"valueName\":\"search_term_string\"}}],\"inLanguage\":\"lt-LT\"},{\"@type\":\"Organization\",\"@id\":\"https:\/\/toidupakk.ee\/lt\/#organization\",\"name\":\"Tactical Foodpack matkaeined\",\"url\":\"https:\/\/toidupakk.ee\/lt\/\",\"logo\":{\"@type\":\"ImageObject\",\"inLanguage\":\"lt-LT\",\"@id\":\"https:\/\/toidupakk.ee\/lt\/#\/schema\/logo\/image\/\",\"url\":\"https:\/\/toidupakk.ee\/wp-content\/uploads\/2022\/01\/Toidupakk-matkapood-logo-transparent.png\",\"contentUrl\":\"https:\/\/toidupakk.ee\/wp-content\/uploads\/2022\/01\/Toidupakk-matkapood-logo-transparent.png\",\"width\":500,\"height\":500,\"caption\":\"Tactical Foodpack matkaeined\"},\"image\":{\"@id\":\"https:\/\/toidupakk.ee\/lt\/#\/schema\/logo\/image\/\"},\"sameAs\":[\"https:\/\/www.facebook.com\/Toidupakk\",\"https:\/\/www.instagram.com\/toidupakk\/\"]}]}<\/script>\n<!-- \/ Yoast SEO plugin. -->","yoast_head_json":{"title":"Pasta Bolognese - Toidupakk.ee - Tactical Foodpack toidupakid","description":"\u201ePasta Bolognese\u201c yra vienas labiausiai vertinam\u0173 m\u016bs\u0173 produkt\u0173. Naudojamas auk\u0161tos kokyb\u0117s jautienos far\u0161as. Malon\u0173 skon\u012f suteikia salierai. Nat\u016bralu ir be konservant\u0173.","robots":{"index":"index","follow":"follow","max-snippet":"max-snippet:-1","max-image-preview":"max-image-preview:large","max-video-preview":"max-video-preview:-1"},"canonical":"https:\/\/toidupakk.ee\/lt\/toode\/pasta-bolognese\/","og_locale":"lt_LT","og_type":"article","og_title":"Pasta Bolognese - Toidupakk.ee - Tactical Foodpack toidupakid","og_description":"\u201ePasta Bolognese\u201c yra vienas labiausiai vertinam\u0173 m\u016bs\u0173 produkt\u0173. Naudojamas auk\u0161tos kokyb\u0117s jautienos far\u0161as. Malon\u0173 skon\u012f suteikia salierai. Nat\u016bralu ir be konservant\u0173.","og_url":"https:\/\/toidupakk.ee\/lt\/toode\/pasta-bolognese\/","og_site_name":"Toidupakk.ee - Tactical Foodpack toidupakid","article_publisher":"https:\/\/www.facebook.com\/Toidupakk","article_modified_time":"2026-04-03T19:01:48+00:00","og_image":[{"width":800,"height":800,"url":"https:\/\/toidupakk.ee\/wp-content\/uploads\/2021\/09\/Tactical-Foodpack-Pasta-Bolognese-kausiga.png","type":"image\/png"}],"twitter_card":"summary_large_image","twitter_misc":{"Est. reading time":"3 minut\u0117s"},"schema":{"@context":"https:\/\/schema.org","@graph":[{"@type":"WebPage","@id":"https:\/\/toidupakk.ee\/lt\/toode\/pasta-bolognese\/","url":"https:\/\/toidupakk.ee\/lt\/toode\/pasta-bolognese\/","name":"Pasta Bolognese - Toidupakk.ee - Tactical Foodpack toidupakid","isPartOf":{"@id":"https:\/\/toidupakk.ee\/lt\/#website"},"primaryImageOfPage":{"@id":"https:\/\/toidupakk.ee\/lt\/toode\/pasta-bolognese\/#primaryimage"},"image":{"@id":"https:\/\/toidupakk.ee\/lt\/toode\/pasta-bolognese\/#primaryimage"},"thumbnailUrl":"https:\/\/toidupakk.ee\/wp-content\/uploads\/2021\/09\/Tactical-Foodpack-Pasta-Bolognese-kausiga.png","datePublished":"2021-09-03T10:44:37+00:00","dateModified":"2026-04-03T19:01:48+00:00","description":"\u201ePasta Bolognese\u201c yra vienas labiausiai vertinam\u0173 m\u016bs\u0173 produkt\u0173. Naudojamas auk\u0161tos kokyb\u0117s jautienos far\u0161as. Malon\u0173 skon\u012f suteikia salierai. Nat\u016bralu ir be konservant\u0173.","breadcrumb":{"@id":"https:\/\/toidupakk.ee\/lt\/toode\/pasta-bolognese\/#breadcrumb"},"inLanguage":"lt-LT","potentialAction":[{"@type":"ReadAction","target":["https:\/\/toidupakk.ee\/lt\/toode\/pasta-bolognese\/"]}]},{"@type":"ImageObject","inLanguage":"lt-LT","@id":"https:\/\/toidupakk.ee\/lt\/toode\/pasta-bolognese\/#primaryimage","url":"https:\/\/toidupakk.ee\/wp-content\/uploads\/2021\/09\/Tactical-Foodpack-Pasta-Bolognese-kausiga.png","contentUrl":"https:\/\/toidupakk.ee\/wp-content\/uploads\/2021\/09\/Tactical-Foodpack-Pasta-Bolognese-kausiga.png","width":800,"height":800,"caption":"pasta bolognese su jautiena"},{"@type":"BreadcrumbList","@id":"https:\/\/toidupakk.ee\/lt\/toode\/pasta-bolognese\/#breadcrumb","itemListElement":[{"@type":"ListItem","position":1,"name":"Avaleht","item":"https:\/\/toidupakk.ee\/lt\/"},{"@type":"ListItem","position":2,"name":"El. parduotuv\u0117","item":"https:\/\/toidupakk.ee\/lt\/el-parduotuve\/"},{"@type":"ListItem","position":3,"name":"Pasta Bolognese"}]},{"@type":"WebSite","@id":"https:\/\/toidupakk.ee\/lt\/#website","url":"https:\/\/toidupakk.ee\/lt\/","name":"Toidupakk.ee - Tactical Foodpack toidupakid","description":"Tactical Foodpack k\u00fclmkuivatatud toidupakid ja matkaeined","publisher":{"@id":"https:\/\/toidupakk.ee\/lt\/#organization"},"potentialAction":[{"@type":"SearchAction","target":{"@type":"EntryPoint","urlTemplate":"https:\/\/toidupakk.ee\/lt\/?s={search_term_string}"},"query-input":{"@type":"PropertyValueSpecification","valueRequired":true,"valueName":"search_term_string"}}],"inLanguage":"lt-LT"},{"@type":"Organization","@id":"https:\/\/toidupakk.ee\/lt\/#organization","name":"Tactical Foodpack matkaeined","url":"https:\/\/toidupakk.ee\/lt\/","logo":{"@type":"ImageObject","inLanguage":"lt-LT","@id":"https:\/\/toidupakk.ee\/lt\/#\/schema\/logo\/image\/","url":"https:\/\/toidupakk.ee\/wp-content\/uploads\/2022\/01\/Toidupakk-matkapood-logo-transparent.png","contentUrl":"https:\/\/toidupakk.ee\/wp-content\/uploads\/2022\/01\/Toidupakk-matkapood-logo-transparent.png","width":500,"height":500,"caption":"Tactical Foodpack matkaeined"},"image":{"@id":"https:\/\/toidupakk.ee\/lt\/#\/schema\/logo\/image\/"},"sameAs":["https:\/\/www.facebook.com\/Toidupakk","https:\/\/www.instagram.com\/toidupakk\/"]}]}},"jetpack_sharing_enabled":true,"_links":{"self":[{"href":"https:\/\/toidupakk.ee\/lt\/wp-json\/wp\/v2\/product\/47285","targetHints":{"allow":["GET"]}}],"collection":[{"href":"https:\/\/toidupakk.ee\/lt\/wp-json\/wp\/v2\/product"}],"about":[{"href":"https:\/\/toidupakk.ee\/lt\/wp-json\/wp\/v2\/types\/product"}],"replies":[{"embeddable":true,"href":"https:\/\/toidupakk.ee\/lt\/wp-json\/wp\/v2\/comments?post=47285"}],"wp:featuredmedia":[{"embeddable":true,"href":"https:\/\/toidupakk.ee\/lt\/wp-json\/wp\/v2\/media\/47299"}],"wp:attachment":[{"href":"https:\/\/toidupakk.ee\/lt\/wp-json\/wp\/v2\/media?parent=47285"}],"wp:term":[{"taxonomy":"product_brand","embeddable":true,"href":"https:\/\/toidupakk.ee\/lt\/wp-json\/wp\/v2\/product_brand?post=47285"},{"taxonomy":"product_cat","embeddable":true,"href":"https:\/\/toidupakk.ee\/lt\/wp-json\/wp\/v2\/product_cat?post=47285"},{"taxonomy":"product_tag","embeddable":true,"href":"https:\/\/toidupakk.ee\/lt\/wp-json\/wp\/v2\/product_tag?post=47285"}],"curies":[{"name":"wp","href":"https:\/\/api.w.org\/{rel}","templated":true}]}}