{"id":47266,"date":"2021-09-03T07:16:38","date_gmt":"2021-09-03T04:16:38","guid":{"rendered":"https:\/\/toidupakk.ee\/toode\/ryziu-pudingas-su-uogomis-90g\/"},"modified":"2026-04-15T15:31:27","modified_gmt":"2026-04-15T12:31:27","slug":"ryziu-pudingas-su-uogomis-90g","status":"publish","type":"product","link":"https:\/\/toidupakk.ee\/lt\/toode\/ryziu-pudingas-su-uogomis-90g\/","title":{"rendered":"Ry\u017ei\u0173 pudingas su uogomis 90g"},"content":{"rendered":"<h3><img fetchpriority=\"high\" decoding=\"async\" class=\"alignright wp-image-27717 size-thumbnail\" src=\"https:\/\/toidupakk.ee\/wp-content\/uploads\/2021\/09\/Riisipuding-Marjadega-Tactical-Foodpack-500x500.png\" alt=\"\u201eTactical Foodpack\u201c ry\u017ei\u0173 pudingas su uogomis\" width=\"500\" height=\"500\" srcset=\"https:\/\/toidupakk.ee\/wp-content\/uploads\/2021\/09\/Riisipuding-Marjadega-Tactical-Foodpack-500x500.png 500w, https:\/\/toidupakk.ee\/wp-content\/uploads\/2021\/09\/Riisipuding-Marjadega-Tactical-Foodpack-400x400.png 400w, https:\/\/toidupakk.ee\/wp-content\/uploads\/2021\/09\/Riisipuding-Marjadega-Tactical-Foodpack-100x100.png 100w, https:\/\/toidupakk.ee\/wp-content\/uploads\/2021\/09\/Riisipuding-Marjadega-Tactical-Foodpack-300x300.png 300w, https:\/\/toidupakk.ee\/wp-content\/uploads\/2021\/09\/Riisipuding-Marjadega-Tactical-Foodpack-768x768.png 768w, https:\/\/toidupakk.ee\/wp-content\/uploads\/2021\/09\/Riisipuding-Marjadega-Tactical-Foodpack.png 800w\" sizes=\"(max-width: 500px) 100vw, 500px\" \/><\/h3>\n<h3>Atrask \u201eTactical Foodpack\u201c ry\u017ei\u0173 puding\u0105 su uogomis<\/h3>\n<p><strong>\u201eTactical Foodpack\u201c ry\u017ei\u0173 pudingas su uogomis 117g<\/strong> yra puikus pusry\u010di\u0173 pasirinkimas vertinantiems skon\u012f, maistingum\u0105 ir paprastum\u0105. \u0160i \u0161altyje d\u017eiovinta ko\u0161\u0117 su 10 % smulkint\u0173 avie\u010di\u0173 idealiai tinka \u017eygiams, nuotykiams ar greitiems pusry\u010diams namuose. <\/p>\n<h4>Kod\u0117l verta rinktis ry\u017ei\u0173 puding\u0105 su uogomis?<\/h4>\n<p>Ry\u017ei\u0173 pudingas su uogomis \u2013 tai daugiau nei ko\u0161\u0117. Tai skanus ir energingas pasirinkimas kiekvienai dienai. \u201eTactical Foodpack\u201c maistas sukurtas suteikti didel\u0119 maistin\u0119 vert\u0119 ir energijos net sud\u0117tingiausiomis s\u0105lygomis. \u0160tai kelios prie\u017eastys, kod\u0117l tai tur\u0117t\u0173 b\u016bti tavo kiti pusry\u010diai:  <\/p>\n<ul>\n<li><strong>Paprasta paruo\u0161ti<\/strong>: \u012fpilk 300 ml kar\u0161to vandens ir palauk 6 minutes. Greitas ir patogus sprendimas be jokio vargo. <\/li>\n<li><strong>Daug energijos<\/strong>: vienoje porcijoje yra 1793 kJ (427 kcal), suteikian\u010di\u0173 pakankamai j\u0117g\u0173 visai dienai.<\/li>\n<li><strong>Nat\u016brali sud\u0117tis<\/strong>: joki\u0173 konservant\u0173 ar dirbtini\u0173 pried\u0173 \u2013 tik kokybi\u0161ki ingredientai skaniems ir sveikiems pusry\u010diams.<\/li>\n<li><strong>Ilgas galiojimo laikas<\/strong>: geriausia vartoti 8 metus nuo pagaminimo datos, tod\u0117l puikiai tinka ir \u017eygiams, ir atsargoms namuose.<\/li>\n<li><strong>Pagaminta Vokietijoje<\/strong>: auk\u0161ta kokyb\u0117 u\u017etikrina, kad kiekvienas patiekalas atitikt\u0173 grie\u017e\u010diausius standartus ir i\u0161laikyt\u0173 skon\u012f bei maistin\u0119 vert\u0119 ilgus metus.<\/li>\n<\/ul>\n<h4>Produkto apra\u0161ymas: kuo ypatingas ry\u017ei\u0173 pudingas su uogomis?<\/h4>\n<p>Ry\u017ei\u0173 pudingas pagamintas i\u0161 kruop\u0161\u010diai atrinkt\u0173 ingredient\u0173, u\u017etikrinan\u010di\u0173 puik\u0173 skon\u012f ir didel\u0119 maistin\u0119 vert\u0119. Pakuot\u0117je yra: <\/p>\n<ul>\n<li>Ry\u017eiai (72 %)<\/li>\n<li>Pienas<\/li>\n<li>Aviet\u0117s (10 %)<\/li>\n<li>Plakamoji grietin\u0117l\u0117<\/li>\n<li>Cukrus<\/li>\n<li>Druska<\/li>\n<li>Vanil\u0117<\/li>\n<\/ul>\n<h4>\u0160altyje d\u017eiovinto maisto privalumai<\/h4>\n<p>D\u017eiovinimas \u0161altyje i\u0161saugo maisto \u0161vie\u017eum\u0105, tekst\u016br\u0105 ir maistin\u0119 vert\u0119, pa\u0161alinant dr\u0117gm\u0119 \u017eemoje temperat\u016broje. Tod\u0117l \u201eTactical Foodpack\u201c patiekalai, \u012fskaitant ry\u017ei\u0173 puding\u0105 su uogomis, yra lengvi, kompakti\u0161ki, ilgai galioja ir i\u0161laiko visus svarbius vitaminus bei mineralus. <\/p>\n<h4>Kam skirtas ry\u017ei\u0173 pudingas su uogomis?<\/h4>\n<ul>\n<li><strong>\u017dygeiviams ir stovyklautojams<\/strong>: lengvai paruo\u0161iamas ir lengvas paketas \u2013 puikus pasirinkimas \u017eygi\u0173 maistui.<\/li>\n<li><strong>Nuotyki\u0173 ie\u0161kotojams ir i\u0161gyvenimo entuziastams<\/strong>: ilgas galiojimo laikas ir didel\u0117 energin\u0117 vert\u0117 idealiai tinka i\u0161gyvenimo situacijoms ir ilgoms kelion\u0117ms.<\/li>\n<li><strong>Greitiems pusry\u010diams namuose<\/strong>: jei skubi, bet nori sveik\u0173 ir skani\u0173 pusry\u010di\u0173, ry\u017ei\u0173 pudingas su uogomis yra idealus pasirinkimas.<\/li>\n<\/ul>\n<h4>Produkto informacija ir laikymo s\u0105lygos<\/h4>\n<p>Ry\u017ei\u0173 pudingas su uogomis tiekiamas 117g pakuot\u0117je, o paruo\u0161to patiekalo svoris yra apie 390g. Tai puikiai tinka vienam asmeniui pusry\u010diams ar desertui. Tinkamiausia laikymo temperat\u016bra \u2013 nuo 10 \u00b0C iki +30 \u00b0C. \u0160altyje d\u017eiovinto maisto technologija u\u017etikrina produkto patvarum\u0105 ir lengv\u0105 transportavim\u0105 tiek \u017eygyje, tiek namuose.   <\/p>\n<h4>\u201eTactical Foodpack\u201c patiekalai \u2013 kaip vartoti<\/h4>\n<p>Atidaryk pakuot\u0119 tam skirtoje vietoje. I\u0161imk deguonies absorbuotoj\u0105 (ma\u017e\u0105 mai\u0161el\u012f) ir i\u0161mesk j\u012f. \u012e pakuot\u0119 \u012fpilk 300 ml kar\u0161to vandens. Gerai i\u0161mai\u0161yk ir u\u017esek \u201egrip\u201c u\u017erakt\u0105. Palauk 6 minutes ir m\u0117gaukis \u0161iltu maistu.    <\/p>\n<h4>U\u017esisakyk ry\u017ei\u0173 puding\u0105 su uogomis jau \u0161iandien!<\/h4>\n<p>Nepraleisk progos! U\u017esisakyk \u201eTactical Foodpack\u201c ry\u017ei\u0173 puding\u0105 su uogomis jau \u0161iandien ir m\u0117gaukis maistingais pusry\u010diais bet kur ir bet kada. Turime sand\u0117lyje, pristatymas per 1\u20133 darbo dienas.  <\/p>\n<p><img decoding=\"async\" class=\"alignnone size-full wp-image-676\" src=\"https:\/\/toidupakk.ee\/wp-content\/uploads\/2021\/12\/TF_logo_RGB-22-16-43-849.png\" alt=\"\u017dalias \u201eTactical Foodpack\u201c logotipas\" width=\"238\" height=\"100\"><\/p>\n<p><strong>Pirk dabar ir pats \u012fsitikink \u201eTactical Foodpack\u201c kokybe!<\/strong><\/p>\n<h3>Per\u017ei\u016br\u0117k visus \u201eTactical Foodpack\u201c patiekalus<\/h3>\n<p>Nepamir\u0161k per\u017ei\u016br\u0117ti ir kit\u0173 <a href=\"https:\/\/toidupakk.ee\/lt\/tootekategooria\/tactical-foodpack-patiekalai\/\">\u201eTactical Foodpack\u201c \u017eygi\u0173 patiekal\u0173<\/a> bei i\u0161sirinkti tinkamiausius kiekvienam nuotykiui.<\/p>\n<h3>Pasisemk \u012fkv\u0117pimo kitam nuotykiui<\/h3>\n<p>Sek mus <a href=\"https:\/\/www.instagram.com\/toidupakk\/\">\u201eInstagram\u201c<\/a> ir <a href=\"https:\/\/www.facebook.com\/Toidupakk\/\">\u201eFacebook\u201c<\/a> paskyrose \u2013 \u010dia rasi \u012fkv\u0117pimo, recept\u0173 ir m\u016bs\u0173 asortimento naujien\u0173!<\/p>\n","protected":false},"excerpt":{"rendered":"<p><strong>Skan\u016bs pusry\u010diai su 10 % smulkint\u0173 avie\u010di\u0173. Maloniai saldi ir energinga ko\u0161\u0117 suteiks pakankamai j\u0117g\u0173 s\u0117kmingai dienos prad\u017eiai. Produktas visi\u0161kai nat\u016bralus, est\u0173 gamybos, be konservant\u0173 ir pried\u0173. Energin\u0117 vert\u0117 vienoje porcijoje \u2013 425 kcal.   <\/strong><\/p>\n<ul>\n<li>Ry\u017ei\u0173 pudingas su uogomis 117g pakuot\u0117je<\/li>\n<li><span lang=\"ET\">Skan\u016bs pusry\u010diai su 10 % smulkint\u0173 avie\u010di\u0173<\/span><\/li>\n<li><span lang=\"ET\">Maloniai saldi ir energinga ko\u0161\u0117 suteiks pakankamai j\u0117g\u0173 s\u0117kmingai dienos prad\u017eiai<\/span><\/li>\n<li><span lang=\"ET\">Nat\u016brali sud\u0117tis, be konservant\u0173 ir pried\u0173<\/span><\/li>\n<li><span lang=\"ET\">Energin\u0117 vert\u0117 porcijoje \u2013 425 kcal<\/span><\/li>\n<li>Pagaminta Vokietijoje<\/li>\n<li><strong>Geriausia iki: 8 metai nuo pagaminimo datos<\/strong><\/li>\n<li>Paruo\u0161tas maistas \u2013 tik u\u017epilk kar\u0161tu vandeniu ir po 6 min. m\u0117gaukis visaver\u010diu patiekalu<\/li>\n<li>Paruo\u0161imui \u012f pakuot\u0119 \u012fpilk 300 ml kar\u0161to vandens<\/li>\n<li><span lang=\"ET\">Energin\u0117 vert\u0117 porcijoje \u2013 1793 kJ \/ 427 kcal<\/span><\/li>\n<li>Paruo\u0161to patiekalo svoris apie 390g<\/li>\n<li>Ideali laikymo temperat\u016bra: nuo 10 \u00b0C iki +30 \u00b0C<\/li>\n<\/ul>\n<p><strong>Sudedamosios dalys: ry\u017eiai (72 %), pienas, aviet\u0117s (10 %), plakamoji grietin\u0117l\u0117, cukrus, druska, vanil\u0117.<\/strong><\/p>\n<p>M\u0117gaukis kaip skaniais pusry\u010diais arba kaip desertu po kito patiekalo!<\/p>\n<p>\u2705 Turime sand\u0117lyje, greitas pristatymas per 1\u20133 darbo dienas<\/p>\n","protected":false},"featured_media":47282,"comment_status":"open","ping_status":"closed","template":"","meta":{"_acf_changed":false},"product_brand":[],"product_cat":[260,204,189,231,190],"product_tag":[205],"class_list":{"0":"post-47266","1":"product","2":"type-product","3":"status-publish","4":"has-post-thumbnail","6":"product_cat-pusryciai","7":"product_cat-tactical-foodpack-patiekalai","8":"product_cat-zygio-iranga","9":"product_cat-zygio-maistas","10":"product_cat-zygio-prekes","11":"product_tag-tactical-foodpack","13":"first","14":"instock","15":"taxable","16":"shipping-taxable","17":"purchasable","18":"product-type-simple"},"bundled_by":[],"bundle_stock_status":"instock","bundle_stock_quantity":100,"bundle_virtual":false,"bundle_layout":"","bundle_add_to_cart_form_location":"","bundle_editable_in_cart":false,"bundle_sold_individually_context":"","bundle_item_grouping":"","bundle_min_size":"","bundle_max_size":"","bundle_price":[],"bundled_items":[],"bundle_sell_ids":[],"acf":[],"yoast_head":"<!-- This site is optimized with the Yoast SEO plugin v27.3 - https:\/\/yoast.com\/product\/yoast-seo-wordpress\/ -->\n<title>Ry\u017ei\u0173 pudingas su uogomis 90g - Toidupakk.ee - Tactical Foodpack toidupakid<\/title>\n<meta name=\"description\" content=\"Ry\u017ei\u0173 pudingas su uogomis \u2013 tai skan\u016bs pusry\u010diai su 10 % smulkint\u0173 avie\u010di\u0173. Maloniai saldi ir energinga ko\u0161\u0117 suteiks j\u0117g\u0173 visai dienai.\" \/>\n<meta name=\"robots\" content=\"index, follow, max-snippet:-1, max-image-preview:large, max-video-preview:-1\" \/>\n<link rel=\"canonical\" href=\"https:\/\/toidupakk.ee\/lt\/toode\/ryziu-pudingas-su-uogomis-90g\/\" \/>\n<meta property=\"og:locale\" content=\"lt_LT\" \/>\n<meta property=\"og:type\" content=\"article\" \/>\n<meta property=\"og:title\" content=\"Ry\u017ei\u0173 pudingas su uogomis 90g - Toidupakk.ee - Tactical Foodpack toidupakid\" \/>\n<meta property=\"og:description\" content=\"Ry\u017ei\u0173 pudingas su uogomis \u2013 tai skan\u016bs pusry\u010diai su 10 % smulkint\u0173 avie\u010di\u0173. Maloniai saldi ir energinga ko\u0161\u0117 suteiks j\u0117g\u0173 visai dienai.\" \/>\n<meta property=\"og:url\" content=\"https:\/\/toidupakk.ee\/lt\/toode\/ryziu-pudingas-su-uogomis-90g\/\" \/>\n<meta property=\"og:site_name\" content=\"Toidupakk.ee - Tactical Foodpack toidupakid\" \/>\n<meta property=\"article:publisher\" content=\"https:\/\/www.facebook.com\/Toidupakk\" \/>\n<meta property=\"article:modified_time\" content=\"2026-04-15T12:31:27+00:00\" \/>\n<meta property=\"og:image\" content=\"https:\/\/toidupakk.ee\/wp-content\/uploads\/2021\/09\/Riisipuding-Marjadega-kausigaTactical-Foodpack.png\" \/>\n\t<meta property=\"og:image:width\" content=\"800\" \/>\n\t<meta property=\"og:image:height\" content=\"800\" \/>\n\t<meta property=\"og:image:type\" content=\"image\/png\" \/>\n<meta name=\"twitter:card\" content=\"summary_large_image\" \/>\n<meta name=\"twitter:label1\" content=\"Est. reading time\" \/>\n\t<meta name=\"twitter:data1\" content=\"3 minut\u0117s\" \/>\n<script type=\"application\/ld+json\" class=\"yoast-schema-graph\">{\"@context\":\"https:\\\/\\\/schema.org\",\"@graph\":[{\"@type\":\"WebPage\",\"@id\":\"https:\\\/\\\/toidupakk.ee\\\/lt\\\/toode\\\/ryziu-pudingas-su-uogomis-90g\\\/\",\"url\":\"https:\\\/\\\/toidupakk.ee\\\/lt\\\/toode\\\/ryziu-pudingas-su-uogomis-90g\\\/\",\"name\":\"Ry\u017ei\u0173 pudingas su uogomis 90g - Toidupakk.ee - Tactical Foodpack toidupakid\",\"isPartOf\":{\"@id\":\"https:\\\/\\\/toidupakk.ee\\\/lt\\\/#website\"},\"primaryImageOfPage\":{\"@id\":\"https:\\\/\\\/toidupakk.ee\\\/lt\\\/toode\\\/ryziu-pudingas-su-uogomis-90g\\\/#primaryimage\"},\"image\":{\"@id\":\"https:\\\/\\\/toidupakk.ee\\\/lt\\\/toode\\\/ryziu-pudingas-su-uogomis-90g\\\/#primaryimage\"},\"thumbnailUrl\":\"https:\\\/\\\/toidupakk.ee\\\/wp-content\\\/uploads\\\/2021\\\/09\\\/Riisipuding-Marjadega-kausigaTactical-Foodpack.png\",\"datePublished\":\"2021-09-03T04:16:38+00:00\",\"dateModified\":\"2026-04-15T12:31:27+00:00\",\"description\":\"Ry\u017ei\u0173 pudingas su uogomis \u2013 tai skan\u016bs pusry\u010diai su 10 % smulkint\u0173 avie\u010di\u0173. Maloniai saldi ir energinga ko\u0161\u0117 suteiks j\u0117g\u0173 visai dienai.\",\"breadcrumb\":{\"@id\":\"https:\\\/\\\/toidupakk.ee\\\/lt\\\/toode\\\/ryziu-pudingas-su-uogomis-90g\\\/#breadcrumb\"},\"inLanguage\":\"lt-LT\",\"potentialAction\":[{\"@type\":\"ReadAction\",\"target\":[\"https:\\\/\\\/toidupakk.ee\\\/lt\\\/toode\\\/ryziu-pudingas-su-uogomis-90g\\\/\"]}]},{\"@type\":\"ImageObject\",\"inLanguage\":\"lt-LT\",\"@id\":\"https:\\\/\\\/toidupakk.ee\\\/lt\\\/toode\\\/ryziu-pudingas-su-uogomis-90g\\\/#primaryimage\",\"url\":\"https:\\\/\\\/toidupakk.ee\\\/wp-content\\\/uploads\\\/2021\\\/09\\\/Riisipuding-Marjadega-kausigaTactical-Foodpack.png\",\"contentUrl\":\"https:\\\/\\\/toidupakk.ee\\\/wp-content\\\/uploads\\\/2021\\\/09\\\/Riisipuding-Marjadega-kausigaTactical-Foodpack.png\",\"width\":800,\"height\":800},{\"@type\":\"BreadcrumbList\",\"@id\":\"https:\\\/\\\/toidupakk.ee\\\/lt\\\/toode\\\/ryziu-pudingas-su-uogomis-90g\\\/#breadcrumb\",\"itemListElement\":[{\"@type\":\"ListItem\",\"position\":1,\"name\":\"Avaleht\",\"item\":\"https:\\\/\\\/toidupakk.ee\\\/lt\\\/\"},{\"@type\":\"ListItem\",\"position\":2,\"name\":\"El. parduotuv\u0117\",\"item\":\"https:\\\/\\\/toidupakk.ee\\\/lt\\\/el-parduotuve\\\/\"},{\"@type\":\"ListItem\",\"position\":3,\"name\":\"Ry\u017ei\u0173 pudingas su uogomis 90g\"}]},{\"@type\":\"WebSite\",\"@id\":\"https:\\\/\\\/toidupakk.ee\\\/lt\\\/#website\",\"url\":\"https:\\\/\\\/toidupakk.ee\\\/lt\\\/\",\"name\":\"Toidupakk.ee - Tactical Foodpack toidupakid\",\"description\":\"Tactical Foodpack k\u00fclmkuivatatud toidupakid ja matkaeined\",\"publisher\":{\"@id\":\"https:\\\/\\\/toidupakk.ee\\\/lt\\\/#organization\"},\"potentialAction\":[{\"@type\":\"SearchAction\",\"target\":{\"@type\":\"EntryPoint\",\"urlTemplate\":\"https:\\\/\\\/toidupakk.ee\\\/lt\\\/?s={search_term_string}\"},\"query-input\":{\"@type\":\"PropertyValueSpecification\",\"valueRequired\":true,\"valueName\":\"search_term_string\"}}],\"inLanguage\":\"lt-LT\"},{\"@type\":\"Organization\",\"@id\":\"https:\\\/\\\/toidupakk.ee\\\/lt\\\/#organization\",\"name\":\"Tactical Foodpack matkaeined\",\"url\":\"https:\\\/\\\/toidupakk.ee\\\/lt\\\/\",\"logo\":{\"@type\":\"ImageObject\",\"inLanguage\":\"lt-LT\",\"@id\":\"https:\\\/\\\/toidupakk.ee\\\/lt\\\/#\\\/schema\\\/logo\\\/image\\\/\",\"url\":\"https:\\\/\\\/toidupakk.ee\\\/wp-content\\\/uploads\\\/2022\\\/01\\\/Toidupakk-matkapood-logo-transparent.png\",\"contentUrl\":\"https:\\\/\\\/toidupakk.ee\\\/wp-content\\\/uploads\\\/2022\\\/01\\\/Toidupakk-matkapood-logo-transparent.png\",\"width\":500,\"height\":500,\"caption\":\"Tactical Foodpack matkaeined\"},\"image\":{\"@id\":\"https:\\\/\\\/toidupakk.ee\\\/lt\\\/#\\\/schema\\\/logo\\\/image\\\/\"},\"sameAs\":[\"https:\\\/\\\/www.facebook.com\\\/Toidupakk\",\"https:\\\/\\\/www.instagram.com\\\/toidupakk\\\/\"]}]}<\/script>\n<!-- \/ Yoast SEO plugin. -->","yoast_head_json":{"title":"Ry\u017ei\u0173 pudingas su uogomis 90g - Toidupakk.ee - Tactical Foodpack toidupakid","description":"Ry\u017ei\u0173 pudingas su uogomis \u2013 tai skan\u016bs pusry\u010diai su 10 % smulkint\u0173 avie\u010di\u0173. Maloniai saldi ir energinga ko\u0161\u0117 suteiks j\u0117g\u0173 visai dienai.","robots":{"index":"index","follow":"follow","max-snippet":"max-snippet:-1","max-image-preview":"max-image-preview:large","max-video-preview":"max-video-preview:-1"},"canonical":"https:\/\/toidupakk.ee\/lt\/toode\/ryziu-pudingas-su-uogomis-90g\/","og_locale":"lt_LT","og_type":"article","og_title":"Ry\u017ei\u0173 pudingas su uogomis 90g - Toidupakk.ee - Tactical Foodpack toidupakid","og_description":"Ry\u017ei\u0173 pudingas su uogomis \u2013 tai skan\u016bs pusry\u010diai su 10 % smulkint\u0173 avie\u010di\u0173. Maloniai saldi ir energinga ko\u0161\u0117 suteiks j\u0117g\u0173 visai dienai.","og_url":"https:\/\/toidupakk.ee\/lt\/toode\/ryziu-pudingas-su-uogomis-90g\/","og_site_name":"Toidupakk.ee - Tactical Foodpack toidupakid","article_publisher":"https:\/\/www.facebook.com\/Toidupakk","article_modified_time":"2026-04-15T12:31:27+00:00","og_image":[{"width":800,"height":800,"url":"https:\/\/toidupakk.ee\/wp-content\/uploads\/2021\/09\/Riisipuding-Marjadega-kausigaTactical-Foodpack.png","type":"image\/png"}],"twitter_card":"summary_large_image","twitter_misc":{"Est. reading time":"3 minut\u0117s"},"schema":{"@context":"https:\/\/schema.org","@graph":[{"@type":"WebPage","@id":"https:\/\/toidupakk.ee\/lt\/toode\/ryziu-pudingas-su-uogomis-90g\/","url":"https:\/\/toidupakk.ee\/lt\/toode\/ryziu-pudingas-su-uogomis-90g\/","name":"Ry\u017ei\u0173 pudingas su uogomis 90g - Toidupakk.ee - Tactical Foodpack toidupakid","isPartOf":{"@id":"https:\/\/toidupakk.ee\/lt\/#website"},"primaryImageOfPage":{"@id":"https:\/\/toidupakk.ee\/lt\/toode\/ryziu-pudingas-su-uogomis-90g\/#primaryimage"},"image":{"@id":"https:\/\/toidupakk.ee\/lt\/toode\/ryziu-pudingas-su-uogomis-90g\/#primaryimage"},"thumbnailUrl":"https:\/\/toidupakk.ee\/wp-content\/uploads\/2021\/09\/Riisipuding-Marjadega-kausigaTactical-Foodpack.png","datePublished":"2021-09-03T04:16:38+00:00","dateModified":"2026-04-15T12:31:27+00:00","description":"Ry\u017ei\u0173 pudingas su uogomis \u2013 tai skan\u016bs pusry\u010diai su 10 % smulkint\u0173 avie\u010di\u0173. Maloniai saldi ir energinga ko\u0161\u0117 suteiks j\u0117g\u0173 visai dienai.","breadcrumb":{"@id":"https:\/\/toidupakk.ee\/lt\/toode\/ryziu-pudingas-su-uogomis-90g\/#breadcrumb"},"inLanguage":"lt-LT","potentialAction":[{"@type":"ReadAction","target":["https:\/\/toidupakk.ee\/lt\/toode\/ryziu-pudingas-su-uogomis-90g\/"]}]},{"@type":"ImageObject","inLanguage":"lt-LT","@id":"https:\/\/toidupakk.ee\/lt\/toode\/ryziu-pudingas-su-uogomis-90g\/#primaryimage","url":"https:\/\/toidupakk.ee\/wp-content\/uploads\/2021\/09\/Riisipuding-Marjadega-kausigaTactical-Foodpack.png","contentUrl":"https:\/\/toidupakk.ee\/wp-content\/uploads\/2021\/09\/Riisipuding-Marjadega-kausigaTactical-Foodpack.png","width":800,"height":800},{"@type":"BreadcrumbList","@id":"https:\/\/toidupakk.ee\/lt\/toode\/ryziu-pudingas-su-uogomis-90g\/#breadcrumb","itemListElement":[{"@type":"ListItem","position":1,"name":"Avaleht","item":"https:\/\/toidupakk.ee\/lt\/"},{"@type":"ListItem","position":2,"name":"El. parduotuv\u0117","item":"https:\/\/toidupakk.ee\/lt\/el-parduotuve\/"},{"@type":"ListItem","position":3,"name":"Ry\u017ei\u0173 pudingas su uogomis 90g"}]},{"@type":"WebSite","@id":"https:\/\/toidupakk.ee\/lt\/#website","url":"https:\/\/toidupakk.ee\/lt\/","name":"Toidupakk.ee - Tactical Foodpack toidupakid","description":"Tactical Foodpack k\u00fclmkuivatatud toidupakid ja matkaeined","publisher":{"@id":"https:\/\/toidupakk.ee\/lt\/#organization"},"potentialAction":[{"@type":"SearchAction","target":{"@type":"EntryPoint","urlTemplate":"https:\/\/toidupakk.ee\/lt\/?s={search_term_string}"},"query-input":{"@type":"PropertyValueSpecification","valueRequired":true,"valueName":"search_term_string"}}],"inLanguage":"lt-LT"},{"@type":"Organization","@id":"https:\/\/toidupakk.ee\/lt\/#organization","name":"Tactical Foodpack matkaeined","url":"https:\/\/toidupakk.ee\/lt\/","logo":{"@type":"ImageObject","inLanguage":"lt-LT","@id":"https:\/\/toidupakk.ee\/lt\/#\/schema\/logo\/image\/","url":"https:\/\/toidupakk.ee\/wp-content\/uploads\/2022\/01\/Toidupakk-matkapood-logo-transparent.png","contentUrl":"https:\/\/toidupakk.ee\/wp-content\/uploads\/2022\/01\/Toidupakk-matkapood-logo-transparent.png","width":500,"height":500,"caption":"Tactical Foodpack matkaeined"},"image":{"@id":"https:\/\/toidupakk.ee\/lt\/#\/schema\/logo\/image\/"},"sameAs":["https:\/\/www.facebook.com\/Toidupakk","https:\/\/www.instagram.com\/toidupakk\/"]}]}},"jetpack_sharing_enabled":true,"_links":{"self":[{"href":"https:\/\/toidupakk.ee\/lt\/wp-json\/wp\/v2\/product\/47266","targetHints":{"allow":["GET"]}}],"collection":[{"href":"https:\/\/toidupakk.ee\/lt\/wp-json\/wp\/v2\/product"}],"about":[{"href":"https:\/\/toidupakk.ee\/lt\/wp-json\/wp\/v2\/types\/product"}],"replies":[{"embeddable":true,"href":"https:\/\/toidupakk.ee\/lt\/wp-json\/wp\/v2\/comments?post=47266"}],"wp:featuredmedia":[{"embeddable":true,"href":"https:\/\/toidupakk.ee\/lt\/wp-json\/wp\/v2\/media\/47282"}],"wp:attachment":[{"href":"https:\/\/toidupakk.ee\/lt\/wp-json\/wp\/v2\/media?parent=47266"}],"wp:term":[{"taxonomy":"product_brand","embeddable":true,"href":"https:\/\/toidupakk.ee\/lt\/wp-json\/wp\/v2\/product_brand?post=47266"},{"taxonomy":"product_cat","embeddable":true,"href":"https:\/\/toidupakk.ee\/lt\/wp-json\/wp\/v2\/product_cat?post=47266"},{"taxonomy":"product_tag","embeddable":true,"href":"https:\/\/toidupakk.ee\/lt\/wp-json\/wp\/v2\/product_tag?post=47266"}],"curies":[{"name":"wp","href":"https:\/\/api.w.org\/{rel}","templated":true}]}}