{"id":47247,"date":"2023-09-13T14:23:08","date_gmt":"2023-09-13T11:23:08","guid":{"rendered":"https:\/\/toidupakk.ee\/toode\/lietpaltis-mil-tec\/"},"modified":"2026-04-29T18:01:59","modified_gmt":"2026-04-29T15:01:59","slug":"lietpaltis-mil-tec","status":"publish","type":"product","link":"https:\/\/toidupakk.ee\/lt\/toode\/lietpaltis-mil-tec\/","title":{"rendered":"Lietpaltis MIL-TEC\u00ae"},"content":{"rendered":"<h1><img fetchpriority=\"high\" decoding=\"async\" class=\"wp-image-13943 size-thumbnail alignright\" style=\"font-size: 16px;\" src=\"https:\/\/toidupakk.ee\/wp-content\/uploads\/2023\/09\/Vihmamantel-kapuutsiga-MIL-TEC-3-500x500.png\" alt=\"lietpaltis su gobtuvu\" width=\"500\" height=\"500\" srcset=\"https:\/\/toidupakk.ee\/wp-content\/uploads\/2023\/09\/Vihmamantel-kapuutsiga-MIL-TEC-3-500x500.png 500w, https:\/\/toidupakk.ee\/wp-content\/uploads\/2023\/09\/Vihmamantel-kapuutsiga-MIL-TEC-3-400x400.png 400w, https:\/\/toidupakk.ee\/wp-content\/uploads\/2023\/09\/Vihmamantel-kapuutsiga-MIL-TEC-3-100x100.png 100w, https:\/\/toidupakk.ee\/wp-content\/uploads\/2023\/09\/Vihmamantel-kapuutsiga-MIL-TEC-3-300x300.png 300w, https:\/\/toidupakk.ee\/wp-content\/uploads\/2023\/09\/Vihmamantel-kapuutsiga-MIL-TEC-3-768x768.png 768w, https:\/\/toidupakk.ee\/wp-content\/uploads\/2023\/09\/Vihmamantel-kapuutsiga-MIL-TEC-3.png 800w\" sizes=\"(max-width: 500px) 100vw, 500px\" \/><\/h1>\n<h1>Lietpaltis MIL-TEC\u00ae su gobtuvu<\/h1>\n<p>Kod\u0117l verta rinktis lietpalt\u012f su gobtuvu? Lietpaltis su gobtuvu \u2013 prakti\u0161kas ir stilingas pasirinkimas tiems, kurie nori i\u0161likti sausi ir madingi net ir lyjant. \u0160is universalus drabu\u017eis yra idealus sprendimas netik\u0117toms li\u016btims ir puikiai tinka kasdieniam d\u0117v\u0117jimui.  <\/p>\n<p>M\u016bs\u0173 el. parduotuv\u0117je si\u016blome plat\u0173 lietpal\u010di\u0173 su gobtuvais pasirinkim\u0105, atitinkant\u012f visus skonius ir poreikius. Galite rinktis i\u0161 \u012fvairi\u0173 spalv\u0173, dyd\u017ei\u0173 ir dizain\u0173, kad kiekvienas rast\u0173 sau tinkam\u0105 stili\u0173. Nesvarbu, ar lietpal\u010dio reikia kasdien\u0117ms kelion\u0117ms \u012f darb\u0105 ar mokykl\u0105, ar ruo\u0161iat\u0117s \u017eygiui ar nuotyki\u0173 kupinai kelionei, m\u016bs\u0173 asortimente tikrai rasite k\u0105 nors tinkamo.  <\/p>\n<p>M\u016bs\u0173 lietpal\u010diai su gobtuvais pagaminti i\u0161 kokybi\u0161k\u0173 med\u017eiag\u0173, u\u017etikrinan\u010di\u0173 ilgaam\u017ei\u0161kum\u0105 ir atsparum\u0105 vandeniui. Gobtuvas apsaugo nuo lietaus, tod\u0117l plaukai ir veidas i\u0161lieka sausi. Taip pat lietpal\u010diai turi prakti\u0161kas ki\u0161enes, kuriose galite laikyti smulkius daiktus, pavyzd\u017eiui, raktus ar mobil\u0173j\u012f telefon\u0105.  <\/p>\n<p>B\u016bk pasiruo\u0161\u0119s lietingam orui ir pasir\u016bpink, kad po ranka tur\u0117tum kokybi\u0161k\u0105 lietpalt\u012f su gobtuvu. M\u016bs\u0173 el. parduotuv\u0117je gali i\u0161sirinkti sau tinkam\u0105 model\u012f ir u\u017esisakyti j\u012f greitai bei patogiai. Taip gal\u0117si m\u0117gautis lietingu oru nesijaudindamas, kad su\u0161laps drabu\u017eiai. Lietpaltis su gobtuvu \u2013 prakti\u0161kas, stilingas ir b\u016btinas kiekvieno garderobo priedas.   <\/p>\n<p>Pasisemk \u012fkv\u0117pimo kitiems nuotykiams Toidupakk <a href=\"https:\/\/www.instagram.com\/toidupakk\/\">Instagram<\/a> ir <a href=\"https:\/\/www.facebook.com\/Toidupakk\/\">Facebook<\/a> paskyrose.<\/p>\n<p>\u017dygio reikmenis ap\u017ei\u016br\u0117k <a href=\"https:\/\/toidupakk.ee\/lt\/tootekategooria\/zygio-iranga\/#section-3-79\">\u010cIA<\/a>.<\/p>\n","protected":false},"excerpt":{"rendered":"<p>Lietpaltis su gobtuvu ir ilgomis rankov\u0117mis i\u0161 lengvos, vandeniui ir v\u0117jui atsparios med\u017eiagos. Lietpal\u010dio <strong>si\u016bl\u0117s suklijuotos, kad b\u016bt\u0173 u\u017etikrintas atsparumas lietui<\/strong>. Gobtuvas reguliuojamas virvel\u0117mis.  <\/p>\n<ul>\n<li><strong>Pakuot\u0117je su kompakti\u0161ku krep\u0161iu<\/strong> \u2013 u\u017eima labai ma\u017eai vietos, tod\u0117l patogu laikyti, pavyzd\u017eiui, automobilio daiktad\u0117\u017e\u0117je.<\/li>\n<li>2 talpios ki\u0161en\u0117s daiktams<\/li>\n<li><strong>Paslepiamas gobtuvas<\/strong> \u2013 prireikus gobtuv\u0105 galima pasl\u0117pti apykakl\u0117je.<\/li>\n<li>Gobtuvo reguliavimo virvel\u0117s<\/li>\n<li>Med\u017eiaga: 100 % poliesteris PVC, <strong>padengtas polivinilchlorido termoplastine danga<\/strong><\/li>\n<li>Prek\u0117s \u017eenklas: <strong>MIL-TEC\u00ae<\/strong><\/li>\n<li>Spalva: juoda<\/li>\n<li>Tinka tiek vyrams, tiek moterims<\/li>\n<li>Sezonai: pavasaris \/ vasara \/ ruduo<\/li>\n<li>Dyd\u017eiai: S; M; L; XL; XXL; 3XL<\/li>\n<\/ul>\n<p>\u2705 Yra sand\u0117lyje, greitas pristatymas per 1\u20133 darbo dienas \/ <strong>NB! Tam tikr\u0173 dyd\u017ei\u0173 pristatymas gali trukti ilgiau nei \u012fprastai<\/strong><br \/>\n\u2705 NEMOKAMAS gr\u0105\u017einimas ir keitimas, jei dydis netinka<\/p>\n","protected":false},"featured_media":13941,"comment_status":"open","ping_status":"closed","template":"","meta":{"_acf_changed":false},"product_brand":[],"product_cat":[191,193,210,220,189,190],"product_tag":[],"class_list":{"0":"post-47247","1":"product","2":"type-product","3":"status-publish","4":"has-post-thumbnail","6":"product_cat-drabuziai","7":"product_cat-karine-ekipuote","8":"product_cat-mil-tec","9":"product_cat-striukes","10":"product_cat-zygio-iranga","11":"product_cat-zygio-prekes","13":"first","14":"instock","15":"taxable","16":"shipping-taxable","17":"purchasable","18":"product-type-variable","19":"has-default-attributes"},"bundled_by":[],"bundle_stock_status":"instock","bundle_stock_quantity":null,"bundle_virtual":false,"bundle_layout":"","bundle_add_to_cart_form_location":"","bundle_editable_in_cart":false,"bundle_sold_individually_context":"","bundle_item_grouping":"","bundle_min_size":"","bundle_max_size":"","bundle_price":[],"bundled_items":[],"bundle_sell_ids":[],"acf":[],"yoast_head":"<!-- This site is optimized with the Yoast SEO plugin v27.3 - https:\/\/yoast.com\/product\/yoast-seo-wordpress\/ -->\n<title>Lietpaltis MIL-TEC\u00ae<\/title>\n<meta name=\"description\" content=\"Lietpaltis ilgomis rankov\u0117mis ir paslepiamu gobtuvu. I\u0161 lengvos, vandeniui ir v\u0117jui atsparios med\u017eiagos. Si\u016bl\u0117s suklijuotos, kad b\u016bt\u0173 u\u017etikrintas atsparumas lietui.\" \/>\n<meta name=\"robots\" content=\"index, follow, max-snippet:-1, max-image-preview:large, max-video-preview:-1\" \/>\n<link rel=\"canonical\" href=\"https:\/\/toidupakk.ee\/lt\/toode\/lietpaltis-mil-tec\/\" \/>\n<meta property=\"og:locale\" content=\"lt_LT\" \/>\n<meta property=\"og:type\" content=\"article\" \/>\n<meta property=\"og:title\" content=\"Lietpaltis MIL-TEC\u00ae\" \/>\n<meta property=\"og:description\" content=\"Lietpaltis ilgomis rankov\u0117mis ir paslepiamu gobtuvu. I\u0161 lengvos, vandeniui ir v\u0117jui atsparios med\u017eiagos. Si\u016bl\u0117s suklijuotos, kad b\u016bt\u0173 u\u017etikrintas atsparumas lietui.\" \/>\n<meta property=\"og:url\" content=\"https:\/\/toidupakk.ee\/lt\/toode\/lietpaltis-mil-tec\/\" \/>\n<meta property=\"og:site_name\" content=\"Toidupakk.ee - Tactical Foodpack toidupakid\" \/>\n<meta property=\"article:publisher\" content=\"https:\/\/www.facebook.com\/Toidupakk\" \/>\n<meta property=\"article:modified_time\" content=\"2026-04-29T15:01:59+00:00\" \/>\n<meta property=\"og:image\" content=\"https:\/\/toidupakk.ee\/wp-content\/uploads\/2023\/09\/Vihmamantel-kapuutsiga-MIL-TEC-1.png\" \/>\n\t<meta property=\"og:image:width\" content=\"800\" \/>\n\t<meta property=\"og:image:height\" content=\"800\" \/>\n\t<meta property=\"og:image:type\" content=\"image\/png\" \/>\n<meta name=\"twitter:card\" content=\"summary_large_image\" \/>\n<meta name=\"twitter:label1\" content=\"Est. reading time\" \/>\n\t<meta name=\"twitter:data1\" content=\"1 minut\u0117\" \/>\n<script type=\"application\/ld+json\" class=\"yoast-schema-graph\">{\"@context\":\"https:\\\/\\\/schema.org\",\"@graph\":[{\"@type\":\"WebPage\",\"@id\":\"https:\\\/\\\/toidupakk.ee\\\/lt\\\/toode\\\/lietpaltis-mil-tec\\\/\",\"url\":\"https:\\\/\\\/toidupakk.ee\\\/lt\\\/toode\\\/lietpaltis-mil-tec\\\/\",\"name\":\"Lietpaltis MIL-TEC\u00ae\",\"isPartOf\":{\"@id\":\"https:\\\/\\\/toidupakk.ee\\\/lt\\\/#website\"},\"primaryImageOfPage\":{\"@id\":\"https:\\\/\\\/toidupakk.ee\\\/lt\\\/toode\\\/lietpaltis-mil-tec\\\/#primaryimage\"},\"image\":{\"@id\":\"https:\\\/\\\/toidupakk.ee\\\/lt\\\/toode\\\/lietpaltis-mil-tec\\\/#primaryimage\"},\"thumbnailUrl\":\"https:\\\/\\\/toidupakk.ee\\\/wp-content\\\/uploads\\\/2023\\\/09\\\/Vihmamantel-kapuutsiga-MIL-TEC-1.png\",\"datePublished\":\"2023-09-13T11:23:08+00:00\",\"dateModified\":\"2026-04-29T15:01:59+00:00\",\"description\":\"Lietpaltis ilgomis rankov\u0117mis ir paslepiamu gobtuvu. I\u0161 lengvos, vandeniui ir v\u0117jui atsparios med\u017eiagos. Si\u016bl\u0117s suklijuotos, kad b\u016bt\u0173 u\u017etikrintas atsparumas lietui.\",\"breadcrumb\":{\"@id\":\"https:\\\/\\\/toidupakk.ee\\\/lt\\\/toode\\\/lietpaltis-mil-tec\\\/#breadcrumb\"},\"inLanguage\":\"lt-LT\",\"potentialAction\":[{\"@type\":\"ReadAction\",\"target\":[\"https:\\\/\\\/toidupakk.ee\\\/lt\\\/toode\\\/lietpaltis-mil-tec\\\/\"]}]},{\"@type\":\"ImageObject\",\"inLanguage\":\"lt-LT\",\"@id\":\"https:\\\/\\\/toidupakk.ee\\\/lt\\\/toode\\\/lietpaltis-mil-tec\\\/#primaryimage\",\"url\":\"https:\\\/\\\/toidupakk.ee\\\/wp-content\\\/uploads\\\/2023\\\/09\\\/Vihmamantel-kapuutsiga-MIL-TEC-1.png\",\"contentUrl\":\"https:\\\/\\\/toidupakk.ee\\\/wp-content\\\/uploads\\\/2023\\\/09\\\/Vihmamantel-kapuutsiga-MIL-TEC-1.png\",\"width\":800,\"height\":800,\"caption\":\"vihmamantel must\"},{\"@type\":\"BreadcrumbList\",\"@id\":\"https:\\\/\\\/toidupakk.ee\\\/lt\\\/toode\\\/lietpaltis-mil-tec\\\/#breadcrumb\",\"itemListElement\":[{\"@type\":\"ListItem\",\"position\":1,\"name\":\"Avaleht\",\"item\":\"https:\\\/\\\/toidupakk.ee\\\/lt\\\/\"},{\"@type\":\"ListItem\",\"position\":2,\"name\":\"El. parduotuv\u0117\",\"item\":\"https:\\\/\\\/toidupakk.ee\\\/lt\\\/el-parduotuve\\\/\"},{\"@type\":\"ListItem\",\"position\":3,\"name\":\"Lietpaltis MIL-TEC\u00ae\"}]},{\"@type\":\"WebSite\",\"@id\":\"https:\\\/\\\/toidupakk.ee\\\/lt\\\/#website\",\"url\":\"https:\\\/\\\/toidupakk.ee\\\/lt\\\/\",\"name\":\"Toidupakk.ee - Tactical Foodpack toidupakid\",\"description\":\"Tactical Foodpack k\u00fclmkuivatatud toidupakid ja matkaeined\",\"publisher\":{\"@id\":\"https:\\\/\\\/toidupakk.ee\\\/lt\\\/#organization\"},\"potentialAction\":[{\"@type\":\"SearchAction\",\"target\":{\"@type\":\"EntryPoint\",\"urlTemplate\":\"https:\\\/\\\/toidupakk.ee\\\/lt\\\/?s={search_term_string}\"},\"query-input\":{\"@type\":\"PropertyValueSpecification\",\"valueRequired\":true,\"valueName\":\"search_term_string\"}}],\"inLanguage\":\"lt-LT\"},{\"@type\":\"Organization\",\"@id\":\"https:\\\/\\\/toidupakk.ee\\\/lt\\\/#organization\",\"name\":\"Tactical Foodpack matkaeined\",\"url\":\"https:\\\/\\\/toidupakk.ee\\\/lt\\\/\",\"logo\":{\"@type\":\"ImageObject\",\"inLanguage\":\"lt-LT\",\"@id\":\"https:\\\/\\\/toidupakk.ee\\\/lt\\\/#\\\/schema\\\/logo\\\/image\\\/\",\"url\":\"https:\\\/\\\/toidupakk.ee\\\/wp-content\\\/uploads\\\/2022\\\/01\\\/Toidupakk-matkapood-logo-transparent.png\",\"contentUrl\":\"https:\\\/\\\/toidupakk.ee\\\/wp-content\\\/uploads\\\/2022\\\/01\\\/Toidupakk-matkapood-logo-transparent.png\",\"width\":500,\"height\":500,\"caption\":\"Tactical Foodpack matkaeined\"},\"image\":{\"@id\":\"https:\\\/\\\/toidupakk.ee\\\/lt\\\/#\\\/schema\\\/logo\\\/image\\\/\"},\"sameAs\":[\"https:\\\/\\\/www.facebook.com\\\/Toidupakk\",\"https:\\\/\\\/www.instagram.com\\\/toidupakk\\\/\"]}]}<\/script>\n<!-- \/ Yoast SEO plugin. -->","yoast_head_json":{"title":"Lietpaltis MIL-TEC\u00ae","description":"Lietpaltis ilgomis rankov\u0117mis ir paslepiamu gobtuvu. I\u0161 lengvos, vandeniui ir v\u0117jui atsparios med\u017eiagos. Si\u016bl\u0117s suklijuotos, kad b\u016bt\u0173 u\u017etikrintas atsparumas lietui.","robots":{"index":"index","follow":"follow","max-snippet":"max-snippet:-1","max-image-preview":"max-image-preview:large","max-video-preview":"max-video-preview:-1"},"canonical":"https:\/\/toidupakk.ee\/lt\/toode\/lietpaltis-mil-tec\/","og_locale":"lt_LT","og_type":"article","og_title":"Lietpaltis MIL-TEC\u00ae","og_description":"Lietpaltis ilgomis rankov\u0117mis ir paslepiamu gobtuvu. I\u0161 lengvos, vandeniui ir v\u0117jui atsparios med\u017eiagos. Si\u016bl\u0117s suklijuotos, kad b\u016bt\u0173 u\u017etikrintas atsparumas lietui.","og_url":"https:\/\/toidupakk.ee\/lt\/toode\/lietpaltis-mil-tec\/","og_site_name":"Toidupakk.ee - Tactical Foodpack toidupakid","article_publisher":"https:\/\/www.facebook.com\/Toidupakk","article_modified_time":"2026-04-29T15:01:59+00:00","og_image":[{"width":800,"height":800,"url":"https:\/\/toidupakk.ee\/wp-content\/uploads\/2023\/09\/Vihmamantel-kapuutsiga-MIL-TEC-1.png","type":"image\/png"}],"twitter_card":"summary_large_image","twitter_misc":{"Est. reading time":"1 minut\u0117"},"schema":{"@context":"https:\/\/schema.org","@graph":[{"@type":"WebPage","@id":"https:\/\/toidupakk.ee\/lt\/toode\/lietpaltis-mil-tec\/","url":"https:\/\/toidupakk.ee\/lt\/toode\/lietpaltis-mil-tec\/","name":"Lietpaltis MIL-TEC\u00ae","isPartOf":{"@id":"https:\/\/toidupakk.ee\/lt\/#website"},"primaryImageOfPage":{"@id":"https:\/\/toidupakk.ee\/lt\/toode\/lietpaltis-mil-tec\/#primaryimage"},"image":{"@id":"https:\/\/toidupakk.ee\/lt\/toode\/lietpaltis-mil-tec\/#primaryimage"},"thumbnailUrl":"https:\/\/toidupakk.ee\/wp-content\/uploads\/2023\/09\/Vihmamantel-kapuutsiga-MIL-TEC-1.png","datePublished":"2023-09-13T11:23:08+00:00","dateModified":"2026-04-29T15:01:59+00:00","description":"Lietpaltis ilgomis rankov\u0117mis ir paslepiamu gobtuvu. I\u0161 lengvos, vandeniui ir v\u0117jui atsparios med\u017eiagos. Si\u016bl\u0117s suklijuotos, kad b\u016bt\u0173 u\u017etikrintas atsparumas lietui.","breadcrumb":{"@id":"https:\/\/toidupakk.ee\/lt\/toode\/lietpaltis-mil-tec\/#breadcrumb"},"inLanguage":"lt-LT","potentialAction":[{"@type":"ReadAction","target":["https:\/\/toidupakk.ee\/lt\/toode\/lietpaltis-mil-tec\/"]}]},{"@type":"ImageObject","inLanguage":"lt-LT","@id":"https:\/\/toidupakk.ee\/lt\/toode\/lietpaltis-mil-tec\/#primaryimage","url":"https:\/\/toidupakk.ee\/wp-content\/uploads\/2023\/09\/Vihmamantel-kapuutsiga-MIL-TEC-1.png","contentUrl":"https:\/\/toidupakk.ee\/wp-content\/uploads\/2023\/09\/Vihmamantel-kapuutsiga-MIL-TEC-1.png","width":800,"height":800,"caption":"vihmamantel must"},{"@type":"BreadcrumbList","@id":"https:\/\/toidupakk.ee\/lt\/toode\/lietpaltis-mil-tec\/#breadcrumb","itemListElement":[{"@type":"ListItem","position":1,"name":"Avaleht","item":"https:\/\/toidupakk.ee\/lt\/"},{"@type":"ListItem","position":2,"name":"El. parduotuv\u0117","item":"https:\/\/toidupakk.ee\/lt\/el-parduotuve\/"},{"@type":"ListItem","position":3,"name":"Lietpaltis MIL-TEC\u00ae"}]},{"@type":"WebSite","@id":"https:\/\/toidupakk.ee\/lt\/#website","url":"https:\/\/toidupakk.ee\/lt\/","name":"Toidupakk.ee - Tactical Foodpack toidupakid","description":"Tactical Foodpack k\u00fclmkuivatatud toidupakid ja matkaeined","publisher":{"@id":"https:\/\/toidupakk.ee\/lt\/#organization"},"potentialAction":[{"@type":"SearchAction","target":{"@type":"EntryPoint","urlTemplate":"https:\/\/toidupakk.ee\/lt\/?s={search_term_string}"},"query-input":{"@type":"PropertyValueSpecification","valueRequired":true,"valueName":"search_term_string"}}],"inLanguage":"lt-LT"},{"@type":"Organization","@id":"https:\/\/toidupakk.ee\/lt\/#organization","name":"Tactical Foodpack matkaeined","url":"https:\/\/toidupakk.ee\/lt\/","logo":{"@type":"ImageObject","inLanguage":"lt-LT","@id":"https:\/\/toidupakk.ee\/lt\/#\/schema\/logo\/image\/","url":"https:\/\/toidupakk.ee\/wp-content\/uploads\/2022\/01\/Toidupakk-matkapood-logo-transparent.png","contentUrl":"https:\/\/toidupakk.ee\/wp-content\/uploads\/2022\/01\/Toidupakk-matkapood-logo-transparent.png","width":500,"height":500,"caption":"Tactical Foodpack matkaeined"},"image":{"@id":"https:\/\/toidupakk.ee\/lt\/#\/schema\/logo\/image\/"},"sameAs":["https:\/\/www.facebook.com\/Toidupakk","https:\/\/www.instagram.com\/toidupakk\/"]}]}},"jetpack_sharing_enabled":true,"_links":{"self":[{"href":"https:\/\/toidupakk.ee\/lt\/wp-json\/wp\/v2\/product\/47247","targetHints":{"allow":["GET"]}}],"collection":[{"href":"https:\/\/toidupakk.ee\/lt\/wp-json\/wp\/v2\/product"}],"about":[{"href":"https:\/\/toidupakk.ee\/lt\/wp-json\/wp\/v2\/types\/product"}],"replies":[{"embeddable":true,"href":"https:\/\/toidupakk.ee\/lt\/wp-json\/wp\/v2\/comments?post=47247"}],"wp:featuredmedia":[{"embeddable":true,"href":"https:\/\/toidupakk.ee\/lt\/wp-json\/wp\/v2\/media\/13941"}],"wp:attachment":[{"href":"https:\/\/toidupakk.ee\/lt\/wp-json\/wp\/v2\/media?parent=47247"}],"wp:term":[{"taxonomy":"product_brand","embeddable":true,"href":"https:\/\/toidupakk.ee\/lt\/wp-json\/wp\/v2\/product_brand?post=47247"},{"taxonomy":"product_cat","embeddable":true,"href":"https:\/\/toidupakk.ee\/lt\/wp-json\/wp\/v2\/product_cat?post=47247"},{"taxonomy":"product_tag","embeddable":true,"href":"https:\/\/toidupakk.ee\/lt\/wp-json\/wp\/v2\/product_tag?post=47247"}],"curies":[{"name":"wp","href":"https:\/\/api.w.org\/{rel}","templated":true}]}}