{"id":47217,"date":"2023-09-04T13:20:42","date_gmt":"2023-09-04T10:20:42","guid":{"rendered":"https:\/\/toidupakk.ee\/toode\/kelioninis-krepsys-su-ratukais-136-l\/"},"modified":"2026-04-04T00:01:44","modified_gmt":"2026-04-03T21:01:44","slug":"kelioninis-krepsys-su-ratukais-136-l","status":"publish","type":"product","link":"https:\/\/toidupakk.ee\/lt\/toode\/kelioninis-krepsys-su-ratukais-136-l\/","title":{"rendered":"Kelioninis krep\u0161ys su ratukais, 136 l"},"content":{"rendered":"<p><img decoding=\"async\" class=\"alignright wp-image-13558\" src=\"https:\/\/toidupakk.ee\/wp-content\/uploads\/2023\/09\/101inc.png\" alt=\"101INC logotipas\" width=\"150\" height=\"139\" srcset=\"https:\/\/toidupakk.ee\/wp-content\/uploads\/2023\/09\/101inc.png 324w, https:\/\/toidupakk.ee\/wp-content\/uploads\/2023\/09\/101inc-300x278.png 300w\" sizes=\"(max-width: 150px) 100vw, 150px\" \/><\/p>\n<p class=\"my-1 text-base\">\u0160is kelioninis krep\u0161ys su ratukais yra talpus \u201e101 INC\u00ae\u201c prek\u0117s \u017eenklo krep\u0161ys, pagamintas i\u0161 100 % poliesterio. Krep\u0161ys labai talpus, jo matmenys \u2013 80 x 45 x 38 cm, o t\u016bris \u2013 apie 136 litrus. Bendras svoris siekia apie 4450 gram\u0173, tod\u0117l j\u012f lengva ir patogu ne\u0161tis.  <\/p>\n<p class=\"my-1 text-base\">Ratukai u\u017etikrina patogum\u0105 keliaujant, leid\u017eia lengvai jud\u0117ti oro uostuose ar kitose transporto vietose. Krep\u0161yje pakanka vietos visiems b\u016btiniems daiktams ir kelion\u0117s reikmenims. <\/p>\n<p class=\"my-1 text-base\">\u0160iame kelioniniame krep\u0161yje su ratukais dera funkcionalumas ir stilius, tad tai puikus pasirinkimas ie\u0161kantiems patvaraus ir prakti\u0161ko krep\u0161io.<\/p>\n<p>Taip pat per\u017ei\u016br\u0117k kitas \u017eygio prekes  <a href=\"https:\/\/toidupakk.ee\/lt\/tootekategooria\/zygio-iranga\/#section-3-79\">\u010cIA<\/a><\/p>\n<p>O gal domiesi \u017eygio maistu? \u017di\u016br\u0117k <a href=\"\/?product_cat=snakk#section-3-79\">\u010cIA<\/a><\/p>\n<p>Pasisemk \u012fkv\u0117pimo kitiems nuotykiams Toidupakk <a href=\"https:\/\/www.instagram.com\/toidupakk\/\">Instagram<\/a> ir <a href=\"https:\/\/www.facebook.com\/Toidupakk\/\">Facebook<\/a> paskyrose.<\/p>\n","protected":false},"excerpt":{"rendered":"<p><strong>Talpus 136 litr\u0173 kelioninis krep\u0161ys su ratukais pagamintas i\u0161 tvirto ir patvaraus 100 % poliesterio. Stilingas ir prakti\u0161kas krep\u0161ys, kai reikia pasiimti daug daikt\u0173. <\/strong><\/p>\n<ul>\n<li>matmenys: 80 x 45 x 38 cm<\/li>\n<li>med\u017eiaga: 100 % poliesteris<\/li>\n<li>talpa: 136 litrai<\/li>\n<li>svoris: 4450 gram\u0173<\/li>\n<li>Prek\u0117s \u017eenklas: 101INC\u00ae<\/li>\n<li>Spalvos: juoda, b\u0117\u017ein\u0117, \u017ealia arba maskuojanti (\u201ecamouflage\u201c) ra\u0161to<\/li>\n<\/ul>\n<p>\u2705 Turime sand\u0117lyje, greitas pristatymas per 1\u20133 darbo dienas. NB! Prie\u0161 u\u017esakydamas pasiteirauk d\u0117l liku\u010dio, nes kai kuri\u0173 dyd\u017ei\u0173 sand\u0117lyje gali laikinai neb\u016bti.<br \/>\n\u2705 Pirk dabar, mok\u0117k v\u0117liau (pal\u016bkanos 0 %)<\/p>\n","protected":false},"featured_media":13055,"comment_status":"open","ping_status":"closed","template":"","meta":{"_acf_changed":false},"product_brand":[],"product_cat":[274,202,200,189,190],"product_tag":[],"class_list":{"0":"post-47217","1":"product","2":"type-product","3":"status-publish","4":"has-post-thumbnail","6":"product_cat-kelioniniai-krepsiai","7":"product_cat-krepsiai","8":"product_cat-praktiskos-dovanu-idejos","9":"product_cat-zygio-iranga","10":"product_cat-zygio-prekes","12":"first","13":"instock","14":"sale","15":"taxable","16":"shipping-taxable","17":"purchasable","18":"product-type-variable","19":"has-default-attributes"},"bundled_by":[],"bundle_stock_status":"instock","bundle_stock_quantity":null,"bundle_virtual":false,"bundle_layout":"","bundle_add_to_cart_form_location":"","bundle_editable_in_cart":false,"bundle_sold_individually_context":"","bundle_item_grouping":"","bundle_min_size":"","bundle_max_size":"","bundle_price":[],"bundled_items":[],"bundle_sell_ids":[],"acf":[],"yoast_head":"<!-- This site is optimized with the Yoast SEO plugin v27.1.1 - https:\/\/yoast.com\/product\/yoast-seo-wordpress\/ -->\n<title>Kelioninis krep\u0161ys su ratukais, 136 l<\/title>\n<meta name=\"description\" content=\"Talpus 136 litr\u0173 kelioninis krep\u0161ys su ratukais \u2013 stilingas ir prakti\u0161kas pasirinkimas, kai reikia pasiimti daug daikt\u0173. Patvari 100 % nailono med\u017eiaga.\" \/>\n<meta name=\"robots\" content=\"index, follow, max-snippet:-1, max-image-preview:large, max-video-preview:-1\" \/>\n<link rel=\"canonical\" href=\"https:\/\/toidupakk.ee\/lt\/toode\/kelioninis-krepsys-su-ratukais-136-l\/\" \/>\n<meta property=\"og:locale\" content=\"lt_LT\" \/>\n<meta property=\"og:type\" content=\"article\" \/>\n<meta property=\"og:title\" content=\"Kelioninis krep\u0161ys su ratukais, 136 l\" \/>\n<meta property=\"og:description\" content=\"Talpus 136 litr\u0173 kelioninis krep\u0161ys su ratukais \u2013 stilingas ir prakti\u0161kas pasirinkimas, kai reikia pasiimti daug daikt\u0173. Patvari 100 % nailono med\u017eiaga.\" \/>\n<meta property=\"og:url\" content=\"https:\/\/toidupakk.ee\/lt\/toode\/kelioninis-krepsys-su-ratukais-136-l\/\" \/>\n<meta property=\"og:site_name\" content=\"Toidupakk.ee - Tactical Foodpack toidupakid\" \/>\n<meta property=\"article:publisher\" content=\"https:\/\/www.facebook.com\/Toidupakk\" \/>\n<meta property=\"article:modified_time\" content=\"2026-04-03T21:01:44+00:00\" \/>\n<meta property=\"og:image\" content=\"https:\/\/toidupakk.ee\/wp-content\/uploads\/2023\/08\/Reisikott-ratastega-136L.png\" \/>\n\t<meta property=\"og:image:width\" content=\"1080\" \/>\n\t<meta property=\"og:image:height\" content=\"1080\" \/>\n\t<meta property=\"og:image:type\" content=\"image\/png\" \/>\n<meta name=\"twitter:card\" content=\"summary_large_image\" \/>\n<meta name=\"twitter:label1\" content=\"Est. reading time\" \/>\n\t<meta name=\"twitter:data1\" content=\"1 minut\u0117\" \/>\n<script type=\"application\/ld+json\" class=\"yoast-schema-graph\">{\"@context\":\"https:\/\/schema.org\",\"@graph\":[{\"@type\":\"WebPage\",\"@id\":\"https:\/\/toidupakk.ee\/lt\/toode\/kelioninis-krepsys-su-ratukais-136-l\/\",\"url\":\"https:\/\/toidupakk.ee\/lt\/toode\/kelioninis-krepsys-su-ratukais-136-l\/\",\"name\":\"Kelioninis krep\u0161ys su ratukais, 136 l\",\"isPartOf\":{\"@id\":\"https:\/\/toidupakk.ee\/lt\/#website\"},\"primaryImageOfPage\":{\"@id\":\"https:\/\/toidupakk.ee\/lt\/toode\/kelioninis-krepsys-su-ratukais-136-l\/#primaryimage\"},\"image\":{\"@id\":\"https:\/\/toidupakk.ee\/lt\/toode\/kelioninis-krepsys-su-ratukais-136-l\/#primaryimage\"},\"thumbnailUrl\":\"https:\/\/toidupakk.ee\/wp-content\/uploads\/2023\/08\/Reisikott-ratastega-136L.png\",\"datePublished\":\"2023-09-04T10:20:42+00:00\",\"dateModified\":\"2026-04-03T21:01:44+00:00\",\"description\":\"Talpus 136 litr\u0173 kelioninis krep\u0161ys su ratukais \u2013 stilingas ir prakti\u0161kas pasirinkimas, kai reikia pasiimti daug daikt\u0173. Patvari 100 % nailono med\u017eiaga.\",\"breadcrumb\":{\"@id\":\"https:\/\/toidupakk.ee\/lt\/toode\/kelioninis-krepsys-su-ratukais-136-l\/#breadcrumb\"},\"inLanguage\":\"lt-LT\",\"potentialAction\":[{\"@type\":\"ReadAction\",\"target\":[\"https:\/\/toidupakk.ee\/lt\/toode\/kelioninis-krepsys-su-ratukais-136-l\/\"]}]},{\"@type\":\"ImageObject\",\"inLanguage\":\"lt-LT\",\"@id\":\"https:\/\/toidupakk.ee\/lt\/toode\/kelioninis-krepsys-su-ratukais-136-l\/#primaryimage\",\"url\":\"https:\/\/toidupakk.ee\/wp-content\/uploads\/2023\/08\/Reisikott-ratastega-136L.png\",\"contentUrl\":\"https:\/\/toidupakk.ee\/wp-content\/uploads\/2023\/08\/Reisikott-ratastega-136L.png\",\"width\":1080,\"height\":1080,\"caption\":\"Reisikott ratastega 136L must\"},{\"@type\":\"BreadcrumbList\",\"@id\":\"https:\/\/toidupakk.ee\/lt\/toode\/kelioninis-krepsys-su-ratukais-136-l\/#breadcrumb\",\"itemListElement\":[{\"@type\":\"ListItem\",\"position\":1,\"name\":\"Avaleht\",\"item\":\"https:\/\/toidupakk.ee\/lt\/\"},{\"@type\":\"ListItem\",\"position\":2,\"name\":\"El. parduotuv\u0117\",\"item\":\"https:\/\/toidupakk.ee\/lt\/el-parduotuve\/\"},{\"@type\":\"ListItem\",\"position\":3,\"name\":\"Kelioninis krep\u0161ys su ratukais, 136 l\"}]},{\"@type\":\"WebSite\",\"@id\":\"https:\/\/toidupakk.ee\/lt\/#website\",\"url\":\"https:\/\/toidupakk.ee\/lt\/\",\"name\":\"Toidupakk.ee - Tactical Foodpack toidupakid\",\"description\":\"Tactical Foodpack k\u00fclmkuivatatud toidupakid ja matkaeined\",\"publisher\":{\"@id\":\"https:\/\/toidupakk.ee\/lt\/#organization\"},\"potentialAction\":[{\"@type\":\"SearchAction\",\"target\":{\"@type\":\"EntryPoint\",\"urlTemplate\":\"https:\/\/toidupakk.ee\/lt\/?s={search_term_string}\"},\"query-input\":{\"@type\":\"PropertyValueSpecification\",\"valueRequired\":true,\"valueName\":\"search_term_string\"}}],\"inLanguage\":\"lt-LT\"},{\"@type\":\"Organization\",\"@id\":\"https:\/\/toidupakk.ee\/lt\/#organization\",\"name\":\"Tactical Foodpack matkaeined\",\"url\":\"https:\/\/toidupakk.ee\/lt\/\",\"logo\":{\"@type\":\"ImageObject\",\"inLanguage\":\"lt-LT\",\"@id\":\"https:\/\/toidupakk.ee\/lt\/#\/schema\/logo\/image\/\",\"url\":\"https:\/\/toidupakk.ee\/wp-content\/uploads\/2022\/01\/Toidupakk-matkapood-logo-transparent.png\",\"contentUrl\":\"https:\/\/toidupakk.ee\/wp-content\/uploads\/2022\/01\/Toidupakk-matkapood-logo-transparent.png\",\"width\":500,\"height\":500,\"caption\":\"Tactical Foodpack matkaeined\"},\"image\":{\"@id\":\"https:\/\/toidupakk.ee\/lt\/#\/schema\/logo\/image\/\"},\"sameAs\":[\"https:\/\/www.facebook.com\/Toidupakk\",\"https:\/\/www.instagram.com\/toidupakk\/\"]}]}<\/script>\n<!-- \/ Yoast SEO plugin. -->","yoast_head_json":{"title":"Kelioninis krep\u0161ys su ratukais, 136 l","description":"Talpus 136 litr\u0173 kelioninis krep\u0161ys su ratukais \u2013 stilingas ir prakti\u0161kas pasirinkimas, kai reikia pasiimti daug daikt\u0173. Patvari 100 % nailono med\u017eiaga.","robots":{"index":"index","follow":"follow","max-snippet":"max-snippet:-1","max-image-preview":"max-image-preview:large","max-video-preview":"max-video-preview:-1"},"canonical":"https:\/\/toidupakk.ee\/lt\/toode\/kelioninis-krepsys-su-ratukais-136-l\/","og_locale":"lt_LT","og_type":"article","og_title":"Kelioninis krep\u0161ys su ratukais, 136 l","og_description":"Talpus 136 litr\u0173 kelioninis krep\u0161ys su ratukais \u2013 stilingas ir prakti\u0161kas pasirinkimas, kai reikia pasiimti daug daikt\u0173. Patvari 100 % nailono med\u017eiaga.","og_url":"https:\/\/toidupakk.ee\/lt\/toode\/kelioninis-krepsys-su-ratukais-136-l\/","og_site_name":"Toidupakk.ee - Tactical Foodpack toidupakid","article_publisher":"https:\/\/www.facebook.com\/Toidupakk","article_modified_time":"2026-04-03T21:01:44+00:00","og_image":[{"width":1080,"height":1080,"url":"https:\/\/toidupakk.ee\/wp-content\/uploads\/2023\/08\/Reisikott-ratastega-136L.png","type":"image\/png"}],"twitter_card":"summary_large_image","twitter_misc":{"Est. reading time":"1 minut\u0117"},"schema":{"@context":"https:\/\/schema.org","@graph":[{"@type":"WebPage","@id":"https:\/\/toidupakk.ee\/lt\/toode\/kelioninis-krepsys-su-ratukais-136-l\/","url":"https:\/\/toidupakk.ee\/lt\/toode\/kelioninis-krepsys-su-ratukais-136-l\/","name":"Kelioninis krep\u0161ys su ratukais, 136 l","isPartOf":{"@id":"https:\/\/toidupakk.ee\/lt\/#website"},"primaryImageOfPage":{"@id":"https:\/\/toidupakk.ee\/lt\/toode\/kelioninis-krepsys-su-ratukais-136-l\/#primaryimage"},"image":{"@id":"https:\/\/toidupakk.ee\/lt\/toode\/kelioninis-krepsys-su-ratukais-136-l\/#primaryimage"},"thumbnailUrl":"https:\/\/toidupakk.ee\/wp-content\/uploads\/2023\/08\/Reisikott-ratastega-136L.png","datePublished":"2023-09-04T10:20:42+00:00","dateModified":"2026-04-03T21:01:44+00:00","description":"Talpus 136 litr\u0173 kelioninis krep\u0161ys su ratukais \u2013 stilingas ir prakti\u0161kas pasirinkimas, kai reikia pasiimti daug daikt\u0173. Patvari 100 % nailono med\u017eiaga.","breadcrumb":{"@id":"https:\/\/toidupakk.ee\/lt\/toode\/kelioninis-krepsys-su-ratukais-136-l\/#breadcrumb"},"inLanguage":"lt-LT","potentialAction":[{"@type":"ReadAction","target":["https:\/\/toidupakk.ee\/lt\/toode\/kelioninis-krepsys-su-ratukais-136-l\/"]}]},{"@type":"ImageObject","inLanguage":"lt-LT","@id":"https:\/\/toidupakk.ee\/lt\/toode\/kelioninis-krepsys-su-ratukais-136-l\/#primaryimage","url":"https:\/\/toidupakk.ee\/wp-content\/uploads\/2023\/08\/Reisikott-ratastega-136L.png","contentUrl":"https:\/\/toidupakk.ee\/wp-content\/uploads\/2023\/08\/Reisikott-ratastega-136L.png","width":1080,"height":1080,"caption":"Reisikott ratastega 136L must"},{"@type":"BreadcrumbList","@id":"https:\/\/toidupakk.ee\/lt\/toode\/kelioninis-krepsys-su-ratukais-136-l\/#breadcrumb","itemListElement":[{"@type":"ListItem","position":1,"name":"Avaleht","item":"https:\/\/toidupakk.ee\/lt\/"},{"@type":"ListItem","position":2,"name":"El. parduotuv\u0117","item":"https:\/\/toidupakk.ee\/lt\/el-parduotuve\/"},{"@type":"ListItem","position":3,"name":"Kelioninis krep\u0161ys su ratukais, 136 l"}]},{"@type":"WebSite","@id":"https:\/\/toidupakk.ee\/lt\/#website","url":"https:\/\/toidupakk.ee\/lt\/","name":"Toidupakk.ee - Tactical Foodpack toidupakid","description":"Tactical Foodpack k\u00fclmkuivatatud toidupakid ja matkaeined","publisher":{"@id":"https:\/\/toidupakk.ee\/lt\/#organization"},"potentialAction":[{"@type":"SearchAction","target":{"@type":"EntryPoint","urlTemplate":"https:\/\/toidupakk.ee\/lt\/?s={search_term_string}"},"query-input":{"@type":"PropertyValueSpecification","valueRequired":true,"valueName":"search_term_string"}}],"inLanguage":"lt-LT"},{"@type":"Organization","@id":"https:\/\/toidupakk.ee\/lt\/#organization","name":"Tactical Foodpack matkaeined","url":"https:\/\/toidupakk.ee\/lt\/","logo":{"@type":"ImageObject","inLanguage":"lt-LT","@id":"https:\/\/toidupakk.ee\/lt\/#\/schema\/logo\/image\/","url":"https:\/\/toidupakk.ee\/wp-content\/uploads\/2022\/01\/Toidupakk-matkapood-logo-transparent.png","contentUrl":"https:\/\/toidupakk.ee\/wp-content\/uploads\/2022\/01\/Toidupakk-matkapood-logo-transparent.png","width":500,"height":500,"caption":"Tactical Foodpack matkaeined"},"image":{"@id":"https:\/\/toidupakk.ee\/lt\/#\/schema\/logo\/image\/"},"sameAs":["https:\/\/www.facebook.com\/Toidupakk","https:\/\/www.instagram.com\/toidupakk\/"]}]}},"jetpack_sharing_enabled":true,"_links":{"self":[{"href":"https:\/\/toidupakk.ee\/lt\/wp-json\/wp\/v2\/product\/47217","targetHints":{"allow":["GET"]}}],"collection":[{"href":"https:\/\/toidupakk.ee\/lt\/wp-json\/wp\/v2\/product"}],"about":[{"href":"https:\/\/toidupakk.ee\/lt\/wp-json\/wp\/v2\/types\/product"}],"replies":[{"embeddable":true,"href":"https:\/\/toidupakk.ee\/lt\/wp-json\/wp\/v2\/comments?post=47217"}],"wp:featuredmedia":[{"embeddable":true,"href":"https:\/\/toidupakk.ee\/lt\/wp-json\/wp\/v2\/media\/13055"}],"wp:attachment":[{"href":"https:\/\/toidupakk.ee\/lt\/wp-json\/wp\/v2\/media?parent=47217"}],"wp:term":[{"taxonomy":"product_brand","embeddable":true,"href":"https:\/\/toidupakk.ee\/lt\/wp-json\/wp\/v2\/product_brand?post=47217"},{"taxonomy":"product_cat","embeddable":true,"href":"https:\/\/toidupakk.ee\/lt\/wp-json\/wp\/v2\/product_cat?post=47217"},{"taxonomy":"product_tag","embeddable":true,"href":"https:\/\/toidupakk.ee\/lt\/wp-json\/wp\/v2\/product_tag?post=47217"}],"curies":[{"name":"wp","href":"https:\/\/api.w.org\/{rel}","templated":true}]}}