{"id":47178,"date":"2023-09-26T15:55:56","date_gmt":"2023-09-26T12:55:56","guid":{"rendered":"https:\/\/toidupakk.ee\/toode\/taktiniai-marskineliai-quick-dry\/"},"modified":"2026-04-14T23:31:35","modified_gmt":"2026-04-14T20:31:35","slug":"taktiniai-marskineliai-quick-dry","status":"publish","type":"product","link":"https:\/\/toidupakk.ee\/lt\/toode\/taktiniai-marskineliai-quick-dry\/","title":{"rendered":"Taktiniai mar\u0161kin\u0117liai Quick Dry"},"content":{"rendered":"<p>Taktiniai mar\u0161kin\u0117liai Quick Dry pagaminti i\u0161 kokybi\u0161kos med\u017eiagos, kuri u\u017etikrina patvarum\u0105 ir komfort\u0105 d\u0117vint. Taktiniai mar\u0161kin\u0117liai Quick Dry si\u016blomi \u012fvairi\u0173 dyd\u017ei\u0173 ir spalv\u0173. <\/p>\n<p>Prie\u017ei\u016bros informacija:<\/p>\n<p><img decoding=\"async\" class=\"alignnone wp-image-13181\" src=\"https:\/\/toidupakk.ee\/wp-content\/uploads\/2023\/08\/bleach_2.png\" alt=\"\" width=\"60\" height=\"60\" srcset=\"https:\/\/toidupakk.ee\/wp-content\/uploads\/2023\/08\/bleach_2.png 120w, https:\/\/toidupakk.ee\/wp-content\/uploads\/2023\/08\/bleach_2-100x100.png 100w\" sizes=\"(max-width: 60px) 100vw, 60px\" \/> <img decoding=\"async\" class=\"alignnone wp-image-13179\" src=\"https:\/\/toidupakk.ee\/wp-content\/uploads\/2023\/08\/drying_3.png\" alt=\"\" width=\"60\" height=\"60\" srcset=\"https:\/\/toidupakk.ee\/wp-content\/uploads\/2023\/08\/drying_3.png 120w, https:\/\/toidupakk.ee\/wp-content\/uploads\/2023\/08\/drying_3-100x100.png 100w\" sizes=\"(max-width: 60px) 100vw, 60px\" \/><img decoding=\"async\" class=\"alignnone wp-image-14267\" src=\"https:\/\/toidupakk.ee\/wp-content\/uploads\/2023\/09\/professional_cleaning_3.png\" alt=\"\" width=\"60\" height=\"60\" srcset=\"https:\/\/toidupakk.ee\/wp-content\/uploads\/2023\/09\/professional_cleaning_3.png 120w, https:\/\/toidupakk.ee\/wp-content\/uploads\/2023\/09\/professional_cleaning_3-100x100.png 100w\" sizes=\"(max-width: 60px) 100vw, 60px\" \/> <img loading=\"lazy\" decoding=\"async\" class=\"alignnone wp-image-14268\" src=\"https:\/\/toidupakk.ee\/wp-content\/uploads\/2023\/09\/ironing_1.png\" alt=\"\" width=\"60\" height=\"60\" srcset=\"https:\/\/toidupakk.ee\/wp-content\/uploads\/2023\/09\/ironing_1.png 120w, https:\/\/toidupakk.ee\/wp-content\/uploads\/2023\/09\/ironing_1-100x100.png 100w\" sizes=\"(max-width: 60px) 100vw, 60px\" \/> <img loading=\"lazy\" decoding=\"async\" class=\"alignnone wp-image-14269\" src=\"https:\/\/toidupakk.ee\/wp-content\/uploads\/2023\/09\/washing_1.png\" alt=\"\" width=\"60\" height=\"60\" srcset=\"https:\/\/toidupakk.ee\/wp-content\/uploads\/2023\/09\/washing_1.png 120w, https:\/\/toidupakk.ee\/wp-content\/uploads\/2023\/09\/washing_1-100x100.png 100w\" sizes=\"(max-width: 60px) 100vw, 60px\" \/><\/p>\n<p>Per\u017ei\u016br\u0117k ir kitas \u017eygi\u0173 prekes <a href=\"https:\/\/toidupakk.ee\/lt\/tootekategooria\/zygio-iranga\/#section-3-79\">\u010cIA<\/a><\/p>\n<p>O gal domiesi \u017eygio maistu? \u017di\u016br\u0117k <a href=\"\/?product_cat=snakk#section-3-79\">\u010cIA<\/a><\/p>\n<p>Pasisemk \u012fkv\u0117pimo kitiems nuotykiams Toidupakk <a href=\"https:\/\/www.instagram.com\/toidupakk\/\">Instagram<\/a> ir <a href=\"https:\/\/www.facebook.com\/Toidupakk\/\">Facebook<\/a> paskyrose.<\/p>\n","protected":false},"excerpt":{"rendered":"<p><strong>Taktiniai mar\u0161kin\u0117liai Quick Dry \u2013 populiarus pasirinkimas aktyv\u0173 gyvenimo b\u016bd\u0105 m\u0117gstantiems \u017emon\u0117ms. Taip pat pla\u010diai naudojami kari\u0173 ir \u0160auli\u0173 s\u0105jungos nari\u0173. <\/strong><\/p>\n<ul>\n<li>Quick Dry audinys padeda pa\u0161alinti k\u016bno dr\u0117gm\u0119 nuo odos<\/li>\n<li>Maloniai pralaidi orui ir greitai d\u017ei\u016bstanti med\u017eiaga<\/li>\n<li>Puikiai tinka sportui ir laisvalaikio veikloms<\/li>\n<li>Mink\u0161ta 100 % poliesterio med\u017eiaga<\/li>\n<li>Tamprus audinys u\u017etikrina jud\u0117jimo laisv\u0119<\/li>\n<li>Prek\u0117s \u017eenklas: 101INC<\/li>\n<li>Dyd\u017eiai: S; M; L; XL; XXL; 3XL<\/li>\n<li>Spalvos: \u017ealia, sm\u0117lio, juoda ir pilka<\/li>\n<\/ul>\n<p><img loading=\"lazy\" decoding=\"async\" class=\"alignnone wp-image-13558\" src=\"https:\/\/toidupakk.ee\/wp-content\/uploads\/2023\/09\/101inc.png\" alt=\"101INC logotipas\" width=\"100\" height=\"93\" srcset=\"https:\/\/toidupakk.ee\/wp-content\/uploads\/2023\/09\/101inc.png 324w, https:\/\/toidupakk.ee\/wp-content\/uploads\/2023\/09\/101inc-300x278.png 300w\" sizes=\"(max-width: 100px) 100vw, 100px\" \/><\/p>\n<p>\u2705 Pristatymas per 1\u20133 darbo dienas<br \/>\n\u2705 NEMOKAMAS gr\u0105\u017einimas ir keitimas<\/p>\n","protected":false},"featured_media":14296,"comment_status":"open","ping_status":"closed","template":"","meta":{"_acf_changed":false},"product_brand":[],"product_cat":[191,272,189,190],"product_tag":[],"class_list":{"0":"post-47178","1":"product","2":"type-product","3":"status-publish","4":"has-post-thumbnail","6":"product_cat-drabuziai","7":"product_cat-marskineliai","8":"product_cat-zygio-iranga","9":"product_cat-zygio-prekes","11":"first","12":"instock","13":"taxable","14":"shipping-taxable","15":"purchasable","16":"product-type-variable","17":"has-default-attributes"},"bundled_by":[],"bundle_stock_status":"instock","bundle_stock_quantity":null,"bundle_virtual":false,"bundle_layout":"","bundle_add_to_cart_form_location":"","bundle_editable_in_cart":false,"bundle_sold_individually_context":"","bundle_item_grouping":"","bundle_min_size":"","bundle_max_size":"","bundle_price":[],"bundled_items":[],"bundle_sell_ids":[],"acf":[],"yoast_head":"<!-- This site is optimized with the Yoast SEO plugin v27.3 - https:\/\/yoast.com\/product\/yoast-seo-wordpress\/ -->\n<title>Taktiniai mar\u0161kin\u0117liai Quick Dry<\/title>\n<meta name=\"description\" content=\"Taktiniai mar\u0161kin\u0117liai Quick Dry \u2013 populiarus pasirinkimas aktyv\u0173 gyvenimo b\u016bd\u0105 m\u0117gstantiems \u017emon\u0117ms. Taip pat pla\u010diai naudojami kari\u0173 ir \u0160auli\u0173 s\u0105jungos nari\u0173.\" \/>\n<meta name=\"robots\" content=\"index, follow, max-snippet:-1, max-image-preview:large, max-video-preview:-1\" \/>\n<link rel=\"canonical\" href=\"https:\/\/toidupakk.ee\/lt\/toode\/taktiniai-marskineliai-quick-dry\/\" \/>\n<meta property=\"og:locale\" content=\"lt_LT\" \/>\n<meta property=\"og:type\" content=\"article\" \/>\n<meta property=\"og:title\" content=\"Taktiniai mar\u0161kin\u0117liai Quick Dry\" \/>\n<meta property=\"og:description\" content=\"Taktiniai mar\u0161kin\u0117liai Quick Dry \u2013 populiarus pasirinkimas aktyv\u0173 gyvenimo b\u016bd\u0105 m\u0117gstantiems \u017emon\u0117ms. Taip pat pla\u010diai naudojami kari\u0173 ir \u0160auli\u0173 s\u0105jungos nari\u0173.\" \/>\n<meta property=\"og:url\" content=\"https:\/\/toidupakk.ee\/lt\/toode\/taktiniai-marskineliai-quick-dry\/\" \/>\n<meta property=\"og:site_name\" content=\"Toidupakk.ee - Tactical Foodpack toidupakid\" \/>\n<meta property=\"article:publisher\" content=\"https:\/\/www.facebook.com\/Toidupakk\" \/>\n<meta property=\"article:modified_time\" content=\"2026-04-14T20:31:35+00:00\" \/>\n<meta property=\"og:image\" content=\"https:\/\/toidupakk.ee\/wp-content\/uploads\/2023\/09\/Taktikaline-sark-Quick-Dry-3.png\" \/>\n\t<meta property=\"og:image:width\" content=\"800\" \/>\n\t<meta property=\"og:image:height\" content=\"800\" \/>\n\t<meta property=\"og:image:type\" content=\"image\/png\" \/>\n<meta name=\"twitter:card\" content=\"summary_large_image\" \/>\n<script type=\"application\/ld+json\" class=\"yoast-schema-graph\">{\"@context\":\"https:\\\/\\\/schema.org\",\"@graph\":[{\"@type\":\"WebPage\",\"@id\":\"https:\\\/\\\/toidupakk.ee\\\/lt\\\/toode\\\/taktiniai-marskineliai-quick-dry\\\/\",\"url\":\"https:\\\/\\\/toidupakk.ee\\\/lt\\\/toode\\\/taktiniai-marskineliai-quick-dry\\\/\",\"name\":\"Taktiniai mar\u0161kin\u0117liai Quick Dry\",\"isPartOf\":{\"@id\":\"https:\\\/\\\/toidupakk.ee\\\/lt\\\/#website\"},\"primaryImageOfPage\":{\"@id\":\"https:\\\/\\\/toidupakk.ee\\\/lt\\\/toode\\\/taktiniai-marskineliai-quick-dry\\\/#primaryimage\"},\"image\":{\"@id\":\"https:\\\/\\\/toidupakk.ee\\\/lt\\\/toode\\\/taktiniai-marskineliai-quick-dry\\\/#primaryimage\"},\"thumbnailUrl\":\"https:\\\/\\\/toidupakk.ee\\\/wp-content\\\/uploads\\\/2023\\\/09\\\/Taktikaline-sark-Quick-Dry-3.png\",\"datePublished\":\"2023-09-26T12:55:56+00:00\",\"dateModified\":\"2026-04-14T20:31:35+00:00\",\"description\":\"Taktiniai mar\u0161kin\u0117liai Quick Dry \u2013 populiarus pasirinkimas aktyv\u0173 gyvenimo b\u016bd\u0105 m\u0117gstantiems \u017emon\u0117ms. Taip pat pla\u010diai naudojami kari\u0173 ir \u0160auli\u0173 s\u0105jungos nari\u0173.\",\"breadcrumb\":{\"@id\":\"https:\\\/\\\/toidupakk.ee\\\/lt\\\/toode\\\/taktiniai-marskineliai-quick-dry\\\/#breadcrumb\"},\"inLanguage\":\"lt-LT\",\"potentialAction\":[{\"@type\":\"ReadAction\",\"target\":[\"https:\\\/\\\/toidupakk.ee\\\/lt\\\/toode\\\/taktiniai-marskineliai-quick-dry\\\/\"]}]},{\"@type\":\"ImageObject\",\"inLanguage\":\"lt-LT\",\"@id\":\"https:\\\/\\\/toidupakk.ee\\\/lt\\\/toode\\\/taktiniai-marskineliai-quick-dry\\\/#primaryimage\",\"url\":\"https:\\\/\\\/toidupakk.ee\\\/wp-content\\\/uploads\\\/2023\\\/09\\\/Taktikaline-sark-Quick-Dry-3.png\",\"contentUrl\":\"https:\\\/\\\/toidupakk.ee\\\/wp-content\\\/uploads\\\/2023\\\/09\\\/Taktikaline-sark-Quick-Dry-3.png\",\"width\":800,\"height\":800,\"caption\":\"Hall taktikaline s\u00e4rk\"},{\"@type\":\"BreadcrumbList\",\"@id\":\"https:\\\/\\\/toidupakk.ee\\\/lt\\\/toode\\\/taktiniai-marskineliai-quick-dry\\\/#breadcrumb\",\"itemListElement\":[{\"@type\":\"ListItem\",\"position\":1,\"name\":\"Avaleht\",\"item\":\"https:\\\/\\\/toidupakk.ee\\\/lt\\\/\"},{\"@type\":\"ListItem\",\"position\":2,\"name\":\"El. parduotuv\u0117\",\"item\":\"https:\\\/\\\/toidupakk.ee\\\/lt\\\/el-parduotuve\\\/\"},{\"@type\":\"ListItem\",\"position\":3,\"name\":\"Taktiniai mar\u0161kin\u0117liai Quick Dry\"}]},{\"@type\":\"WebSite\",\"@id\":\"https:\\\/\\\/toidupakk.ee\\\/lt\\\/#website\",\"url\":\"https:\\\/\\\/toidupakk.ee\\\/lt\\\/\",\"name\":\"Toidupakk.ee - Tactical Foodpack toidupakid\",\"description\":\"Tactical Foodpack k\u00fclmkuivatatud toidupakid ja matkaeined\",\"publisher\":{\"@id\":\"https:\\\/\\\/toidupakk.ee\\\/lt\\\/#organization\"},\"potentialAction\":[{\"@type\":\"SearchAction\",\"target\":{\"@type\":\"EntryPoint\",\"urlTemplate\":\"https:\\\/\\\/toidupakk.ee\\\/lt\\\/?s={search_term_string}\"},\"query-input\":{\"@type\":\"PropertyValueSpecification\",\"valueRequired\":true,\"valueName\":\"search_term_string\"}}],\"inLanguage\":\"lt-LT\"},{\"@type\":\"Organization\",\"@id\":\"https:\\\/\\\/toidupakk.ee\\\/lt\\\/#organization\",\"name\":\"Tactical Foodpack matkaeined\",\"url\":\"https:\\\/\\\/toidupakk.ee\\\/lt\\\/\",\"logo\":{\"@type\":\"ImageObject\",\"inLanguage\":\"lt-LT\",\"@id\":\"https:\\\/\\\/toidupakk.ee\\\/lt\\\/#\\\/schema\\\/logo\\\/image\\\/\",\"url\":\"https:\\\/\\\/toidupakk.ee\\\/wp-content\\\/uploads\\\/2022\\\/01\\\/Toidupakk-matkapood-logo-transparent.png\",\"contentUrl\":\"https:\\\/\\\/toidupakk.ee\\\/wp-content\\\/uploads\\\/2022\\\/01\\\/Toidupakk-matkapood-logo-transparent.png\",\"width\":500,\"height\":500,\"caption\":\"Tactical Foodpack matkaeined\"},\"image\":{\"@id\":\"https:\\\/\\\/toidupakk.ee\\\/lt\\\/#\\\/schema\\\/logo\\\/image\\\/\"},\"sameAs\":[\"https:\\\/\\\/www.facebook.com\\\/Toidupakk\",\"https:\\\/\\\/www.instagram.com\\\/toidupakk\\\/\"]}]}<\/script>\n<!-- \/ Yoast SEO plugin. -->","yoast_head_json":{"title":"Taktiniai mar\u0161kin\u0117liai Quick Dry","description":"Taktiniai mar\u0161kin\u0117liai Quick Dry \u2013 populiarus pasirinkimas aktyv\u0173 gyvenimo b\u016bd\u0105 m\u0117gstantiems \u017emon\u0117ms. Taip pat pla\u010diai naudojami kari\u0173 ir \u0160auli\u0173 s\u0105jungos nari\u0173.","robots":{"index":"index","follow":"follow","max-snippet":"max-snippet:-1","max-image-preview":"max-image-preview:large","max-video-preview":"max-video-preview:-1"},"canonical":"https:\/\/toidupakk.ee\/lt\/toode\/taktiniai-marskineliai-quick-dry\/","og_locale":"lt_LT","og_type":"article","og_title":"Taktiniai mar\u0161kin\u0117liai Quick Dry","og_description":"Taktiniai mar\u0161kin\u0117liai Quick Dry \u2013 populiarus pasirinkimas aktyv\u0173 gyvenimo b\u016bd\u0105 m\u0117gstantiems \u017emon\u0117ms. Taip pat pla\u010diai naudojami kari\u0173 ir \u0160auli\u0173 s\u0105jungos nari\u0173.","og_url":"https:\/\/toidupakk.ee\/lt\/toode\/taktiniai-marskineliai-quick-dry\/","og_site_name":"Toidupakk.ee - Tactical Foodpack toidupakid","article_publisher":"https:\/\/www.facebook.com\/Toidupakk","article_modified_time":"2026-04-14T20:31:35+00:00","og_image":[{"width":800,"height":800,"url":"https:\/\/toidupakk.ee\/wp-content\/uploads\/2023\/09\/Taktikaline-sark-Quick-Dry-3.png","type":"image\/png"}],"twitter_card":"summary_large_image","schema":{"@context":"https:\/\/schema.org","@graph":[{"@type":"WebPage","@id":"https:\/\/toidupakk.ee\/lt\/toode\/taktiniai-marskineliai-quick-dry\/","url":"https:\/\/toidupakk.ee\/lt\/toode\/taktiniai-marskineliai-quick-dry\/","name":"Taktiniai mar\u0161kin\u0117liai Quick Dry","isPartOf":{"@id":"https:\/\/toidupakk.ee\/lt\/#website"},"primaryImageOfPage":{"@id":"https:\/\/toidupakk.ee\/lt\/toode\/taktiniai-marskineliai-quick-dry\/#primaryimage"},"image":{"@id":"https:\/\/toidupakk.ee\/lt\/toode\/taktiniai-marskineliai-quick-dry\/#primaryimage"},"thumbnailUrl":"https:\/\/toidupakk.ee\/wp-content\/uploads\/2023\/09\/Taktikaline-sark-Quick-Dry-3.png","datePublished":"2023-09-26T12:55:56+00:00","dateModified":"2026-04-14T20:31:35+00:00","description":"Taktiniai mar\u0161kin\u0117liai Quick Dry \u2013 populiarus pasirinkimas aktyv\u0173 gyvenimo b\u016bd\u0105 m\u0117gstantiems \u017emon\u0117ms. Taip pat pla\u010diai naudojami kari\u0173 ir \u0160auli\u0173 s\u0105jungos nari\u0173.","breadcrumb":{"@id":"https:\/\/toidupakk.ee\/lt\/toode\/taktiniai-marskineliai-quick-dry\/#breadcrumb"},"inLanguage":"lt-LT","potentialAction":[{"@type":"ReadAction","target":["https:\/\/toidupakk.ee\/lt\/toode\/taktiniai-marskineliai-quick-dry\/"]}]},{"@type":"ImageObject","inLanguage":"lt-LT","@id":"https:\/\/toidupakk.ee\/lt\/toode\/taktiniai-marskineliai-quick-dry\/#primaryimage","url":"https:\/\/toidupakk.ee\/wp-content\/uploads\/2023\/09\/Taktikaline-sark-Quick-Dry-3.png","contentUrl":"https:\/\/toidupakk.ee\/wp-content\/uploads\/2023\/09\/Taktikaline-sark-Quick-Dry-3.png","width":800,"height":800,"caption":"Hall taktikaline s\u00e4rk"},{"@type":"BreadcrumbList","@id":"https:\/\/toidupakk.ee\/lt\/toode\/taktiniai-marskineliai-quick-dry\/#breadcrumb","itemListElement":[{"@type":"ListItem","position":1,"name":"Avaleht","item":"https:\/\/toidupakk.ee\/lt\/"},{"@type":"ListItem","position":2,"name":"El. parduotuv\u0117","item":"https:\/\/toidupakk.ee\/lt\/el-parduotuve\/"},{"@type":"ListItem","position":3,"name":"Taktiniai mar\u0161kin\u0117liai Quick Dry"}]},{"@type":"WebSite","@id":"https:\/\/toidupakk.ee\/lt\/#website","url":"https:\/\/toidupakk.ee\/lt\/","name":"Toidupakk.ee - Tactical Foodpack toidupakid","description":"Tactical Foodpack k\u00fclmkuivatatud toidupakid ja matkaeined","publisher":{"@id":"https:\/\/toidupakk.ee\/lt\/#organization"},"potentialAction":[{"@type":"SearchAction","target":{"@type":"EntryPoint","urlTemplate":"https:\/\/toidupakk.ee\/lt\/?s={search_term_string}"},"query-input":{"@type":"PropertyValueSpecification","valueRequired":true,"valueName":"search_term_string"}}],"inLanguage":"lt-LT"},{"@type":"Organization","@id":"https:\/\/toidupakk.ee\/lt\/#organization","name":"Tactical Foodpack matkaeined","url":"https:\/\/toidupakk.ee\/lt\/","logo":{"@type":"ImageObject","inLanguage":"lt-LT","@id":"https:\/\/toidupakk.ee\/lt\/#\/schema\/logo\/image\/","url":"https:\/\/toidupakk.ee\/wp-content\/uploads\/2022\/01\/Toidupakk-matkapood-logo-transparent.png","contentUrl":"https:\/\/toidupakk.ee\/wp-content\/uploads\/2022\/01\/Toidupakk-matkapood-logo-transparent.png","width":500,"height":500,"caption":"Tactical Foodpack matkaeined"},"image":{"@id":"https:\/\/toidupakk.ee\/lt\/#\/schema\/logo\/image\/"},"sameAs":["https:\/\/www.facebook.com\/Toidupakk","https:\/\/www.instagram.com\/toidupakk\/"]}]}},"jetpack_sharing_enabled":true,"_links":{"self":[{"href":"https:\/\/toidupakk.ee\/lt\/wp-json\/wp\/v2\/product\/47178","targetHints":{"allow":["GET"]}}],"collection":[{"href":"https:\/\/toidupakk.ee\/lt\/wp-json\/wp\/v2\/product"}],"about":[{"href":"https:\/\/toidupakk.ee\/lt\/wp-json\/wp\/v2\/types\/product"}],"replies":[{"embeddable":true,"href":"https:\/\/toidupakk.ee\/lt\/wp-json\/wp\/v2\/comments?post=47178"}],"wp:featuredmedia":[{"embeddable":true,"href":"https:\/\/toidupakk.ee\/lt\/wp-json\/wp\/v2\/media\/14296"}],"wp:attachment":[{"href":"https:\/\/toidupakk.ee\/lt\/wp-json\/wp\/v2\/media?parent=47178"}],"wp:term":[{"taxonomy":"product_brand","embeddable":true,"href":"https:\/\/toidupakk.ee\/lt\/wp-json\/wp\/v2\/product_brand?post=47178"},{"taxonomy":"product_cat","embeddable":true,"href":"https:\/\/toidupakk.ee\/lt\/wp-json\/wp\/v2\/product_cat?post=47178"},{"taxonomy":"product_tag","embeddable":true,"href":"https:\/\/toidupakk.ee\/lt\/wp-json\/wp\/v2\/product_tag?post=47178"}],"curies":[{"name":"wp","href":"https:\/\/api.w.org\/{rel}","templated":true}]}}