{"id":47177,"date":"2023-09-04T12:48:46","date_gmt":"2023-09-04T09:48:46","guid":{"rendered":"https:\/\/toidupakk.ee\/toode\/miegmaisis-kansas-190-zalias\/"},"modified":"2026-04-04T00:01:01","modified_gmt":"2026-04-03T21:01:01","slug":"miegmaisis-kansas-190-zalias","status":"publish","type":"product","link":"https:\/\/toidupakk.ee\/lt\/toode\/miegmaisis-kansas-190-zalias\/","title":{"rendered":"Miegmai\u0161is \u201eKansas 190\u201c (\u017ealias)"},"content":{"rendered":"<p><img fetchpriority=\"high\" decoding=\"async\" class=\"alignright wp-image-11358 size-thumbnail\" src=\"https:\/\/toidupakk.ee\/wp-content\/uploads\/2023\/07\/Magamiskott-Kansas-190-2-500x500.jpeg\" alt=\"Miegmai\u0161is \u201eKansas 190\u201c 2\" width=\"500\" height=\"500\" srcset=\"https:\/\/toidupakk.ee\/wp-content\/uploads\/2023\/07\/Magamiskott-Kansas-190-2-500x500.jpeg 500w, https:\/\/toidupakk.ee\/wp-content\/uploads\/2023\/07\/Magamiskott-Kansas-190-2-400x400.jpeg 400w, https:\/\/toidupakk.ee\/wp-content\/uploads\/2023\/07\/Magamiskott-Kansas-190-2-100x100.jpeg 100w, https:\/\/toidupakk.ee\/wp-content\/uploads\/2023\/07\/Magamiskott-Kansas-190-2-800x800.jpeg 800w, https:\/\/toidupakk.ee\/wp-content\/uploads\/2023\/07\/Magamiskott-Kansas-190-2-300x300.jpeg 300w, https:\/\/toidupakk.ee\/wp-content\/uploads\/2023\/07\/Magamiskott-Kansas-190-2-1024x1024.jpeg 1024w, https:\/\/toidupakk.ee\/wp-content\/uploads\/2023\/07\/Magamiskott-Kansas-190-2-768x768.jpeg 768w, https:\/\/toidupakk.ee\/wp-content\/uploads\/2023\/07\/Magamiskott-Kansas-190-2.jpeg 1200w\" sizes=\"(max-width: 500px) 100vw, 500px\" \/><\/p>\n<p>Miegmai\u0161is \u201eKansas 190\u201c yra patogus ir universalus trij\u0173 sezon\u0173 miegmai\u0161is, u\u017etikrinantis \u0161ilum\u0105 net esant \u017eemai temperat\u016brai. Siaura ir patogi mumijos forma suma\u017eina oro kiek\u012f viduje, tod\u0117l tavo k\u016bno \u0161iluma greitai pri\u0161ildo miegmai\u0161\u012f. Didelis gobtuvas suteikia papildomo komforto, o \u0161altomis naktimis j\u012f galima u\u017etraukti, kad galva i\u0161likt\u0173 \u0161ilta.  <\/p>\n<p>Miegmai\u0161is \u201eKansas 190\u201c yra lengvas ir u\u017eima ma\u017eai vietos, tod\u0117l j\u012f patogu ne\u0161tis \u012f \u017eygius ar keliones. Patvarus \u201eripstop\u201c i\u0161orinis audinys yra tvirtas ir atsparus ply\u0161imui, tod\u0117l tarnaus ilgai. Mikropluo\u0161to poliesterio pamu\u0161alas greitai d\u017ei\u016bsta ir yra malonus liesti, tad miegoti bus itin patogu.  <\/p>\n<p><img decoding=\"async\" class=\"alignnone size-full wp-image-11348\" src=\"https:\/\/toidupakk.ee\/wp-content\/uploads\/2023\/07\/grandcanyon-logo.png\" alt=\"\" width=\"340\" height=\"214\" srcset=\"https:\/\/toidupakk.ee\/wp-content\/uploads\/2023\/07\/grandcanyon-logo.png 340w, https:\/\/toidupakk.ee\/wp-content\/uploads\/2023\/07\/grandcanyon-logo-300x189.png 300w\" sizes=\"(max-width: 340px) 100vw, 340px\" \/><\/p>\n<p>Miegmai\u0161is turi per vis\u0105 ilg\u012f einant\u012f u\u017etrauktuk\u0105, tod\u0117l j\u012f galima visi\u0161kai atsegti ir \u0161iltomis naktimis ar patalpose naudoti kaip antklod\u0119. Galima rinktis i\u0161 keli\u0173 spalv\u0173, tad tikrai i\u0161sirinksi sau patinkant\u012f.  <\/p>\n<p>Daugiau turizmo preki\u0173 rasi <a href=\"https:\/\/toidupakk.ee\/lt\/tootekategooria\/zygio-iranga\/#section-3-79\">\u010cIA<\/a><\/p>\n<p>O gal domiesi \u017eygio maistu? \u017di\u016br\u0117k <a href=\"\/?product_cat=snakk#section-3-79\">\u010cIA<\/a><\/p>\n<p>Pasisemk \u012fkv\u0117pimo kitiems nuotykiams Toidupakk <a href=\"https:\/\/www.instagram.com\/toidupakk\/\">Instagram<\/a> ir <a href=\"https:\/\/www.facebook.com\/Toidupakk\/\">Facebook<\/a> paskyrose.<\/p>\n","protected":false},"excerpt":{"rendered":"<p>Planuoji nakvoti palapin\u0117je v\u0117sesniu oru? \u201eKansas 190\u201c \u2013 tai puikus 3 sezon\u0173 miegmai\u0161is, kuris neleis tau su\u0161alti. \u0160iltas ir mink\u0161tas mumijos tipo miegmai\u0161is greitai \u012f\u0161yla nuo tavo k\u016bno \u0161ilumos ir ilgai j\u0105 i\u0161laiko. Mink\u0161tas mikropluo\u0161to pamu\u0161alas ir gobtuvas u\u017etikrins kokybi\u0161k\u0105 mieg\u0105.   <\/p>\n<ul>\n<li><strong>Temperat\u016bra:<\/strong> ekstremali -16 \u00b0C \/ riba 0 \u00b0C \/ komfortas 5 \u00b0C<\/li>\n<li><strong>Miegmai\u0161io ilgis:<\/strong> 210 cm<\/li>\n<li><strong>Plotis pe\u010di\u0173 srityje:<\/strong> 80 cm<\/li>\n<li><strong>Plotis koj\u0173 srityje:<\/strong> 55 cm<\/li>\n<li><strong>Supakuotas:<\/strong> 27 x 42 cm<\/li>\n<li><strong>Svoris:<\/strong> 1750 gram\u0173<\/li>\n<li><strong>Med\u017eiaga:<\/strong> 70D 210T \u201eRip-stop\u201c poliesteris<\/li>\n<li><strong>U\u017epildas:<\/strong> mikropluo\u0161to tu\u0161\u010diaviduris pluo\u0161tas<\/li>\n<li><strong>U\u017etrauktukas:<\/strong> per vis\u0105 ilg\u012f<\/li>\n<li><strong>Spalva:<\/strong> \u017ealia<\/li>\n<\/ul>\n<p>\u2705 Turime sand\u0117lyje, greitas pristatymas per 1\u20133 d. d.<br \/>\n\u2705 Pirk dabar, mok\u0117k v\u0117liau (pal\u016bkanos 0 %)<\/p>\n","protected":false},"featured_media":13273,"comment_status":"open","ping_status":"closed","template":"","meta":{"_acf_changed":false},"product_brand":[],"product_cat":[252,217,200,189,190],"product_tag":[],"class_list":{"0":"post-47177","1":"product","2":"type-product","3":"status-publish","4":"has-post-thumbnail","6":"product_cat-miegmaisiai","7":"product_cat-nakvyne-gamtoje","8":"product_cat-praktiskos-dovanu-idejos","9":"product_cat-zygio-iranga","10":"product_cat-zygio-prekes","12":"first","13":"instock","14":"taxable","15":"shipping-taxable","16":"purchasable","17":"product-type-simple"},"bundled_by":[],"bundle_stock_status":"instock","bundle_stock_quantity":4,"bundle_virtual":false,"bundle_layout":"","bundle_add_to_cart_form_location":"","bundle_editable_in_cart":false,"bundle_sold_individually_context":"","bundle_item_grouping":"","bundle_min_size":"","bundle_max_size":"","bundle_price":[],"bundled_items":[],"bundle_sell_ids":[],"acf":[],"yoast_head":"<!-- This site is optimized with the Yoast SEO plugin v27.1.1 - https:\/\/yoast.com\/product\/yoast-seo-wordpress\/ -->\n<title>Miegmai\u0161is \u201eKansas 190\u201c (\u017ealias)<\/title>\n<meta name=\"description\" content=\"\u201eKansas 190\u201c \u2013 tai 3 sezon\u0173 miegmai\u0161is, kuris su\u0161ildys net ir v\u0117sesniu oru. \u0160iltas ir mink\u0161tas mumijos tipo miegmai\u0161is su mikropluo\u0161to pamu\u0161alu.\" \/>\n<meta name=\"robots\" content=\"index, follow, max-snippet:-1, max-image-preview:large, max-video-preview:-1\" \/>\n<link rel=\"canonical\" href=\"https:\/\/toidupakk.ee\/lt\/toode\/miegmaisis-kansas-190-zalias\/\" \/>\n<meta property=\"og:locale\" content=\"lt_LT\" \/>\n<meta property=\"og:type\" content=\"article\" \/>\n<meta property=\"og:title\" content=\"Miegmai\u0161is \u201eKansas 190\u201c (\u017ealias)\" \/>\n<meta property=\"og:description\" content=\"\u201eKansas 190\u201c \u2013 tai 3 sezon\u0173 miegmai\u0161is, kuris su\u0161ildys net ir v\u0117sesniu oru. \u0160iltas ir mink\u0161tas mumijos tipo miegmai\u0161is su mikropluo\u0161to pamu\u0161alu.\" \/>\n<meta property=\"og:url\" content=\"https:\/\/toidupakk.ee\/lt\/toode\/miegmaisis-kansas-190-zalias\/\" \/>\n<meta property=\"og:site_name\" content=\"Toidupakk.ee - Tactical Foodpack toidupakid\" \/>\n<meta property=\"article:publisher\" content=\"https:\/\/www.facebook.com\/Toidupakk\" \/>\n<meta property=\"article:modified_time\" content=\"2026-04-03T21:01:01+00:00\" \/>\n<meta property=\"og:image\" content=\"https:\/\/toidupakk.ee\/wp-content\/uploads\/2023\/08\/Magamiskott-Kansas-190-1.png\" \/>\n\t<meta property=\"og:image:width\" content=\"1080\" \/>\n\t<meta property=\"og:image:height\" content=\"1080\" \/>\n\t<meta property=\"og:image:type\" content=\"image\/png\" \/>\n<meta name=\"twitter:card\" content=\"summary_large_image\" \/>\n<meta name=\"twitter:label1\" content=\"Est. reading time\" \/>\n\t<meta name=\"twitter:data1\" content=\"1 minut\u0117\" \/>\n<script type=\"application\/ld+json\" class=\"yoast-schema-graph\">{\"@context\":\"https:\/\/schema.org\",\"@graph\":[{\"@type\":\"WebPage\",\"@id\":\"https:\/\/toidupakk.ee\/lt\/toode\/miegmaisis-kansas-190-zalias\/\",\"url\":\"https:\/\/toidupakk.ee\/lt\/toode\/miegmaisis-kansas-190-zalias\/\",\"name\":\"Miegmai\u0161is \u201eKansas 190\u201c (\u017ealias)\",\"isPartOf\":{\"@id\":\"https:\/\/toidupakk.ee\/lt\/#website\"},\"primaryImageOfPage\":{\"@id\":\"https:\/\/toidupakk.ee\/lt\/toode\/miegmaisis-kansas-190-zalias\/#primaryimage\"},\"image\":{\"@id\":\"https:\/\/toidupakk.ee\/lt\/toode\/miegmaisis-kansas-190-zalias\/#primaryimage\"},\"thumbnailUrl\":\"https:\/\/toidupakk.ee\/wp-content\/uploads\/2023\/08\/Magamiskott-Kansas-190-1.png\",\"datePublished\":\"2023-09-04T09:48:46+00:00\",\"dateModified\":\"2026-04-03T21:01:01+00:00\",\"description\":\"\u201eKansas 190\u201c \u2013 tai 3 sezon\u0173 miegmai\u0161is, kuris su\u0161ildys net ir v\u0117sesniu oru. \u0160iltas ir mink\u0161tas mumijos tipo miegmai\u0161is su mikropluo\u0161to pamu\u0161alu.\",\"breadcrumb\":{\"@id\":\"https:\/\/toidupakk.ee\/lt\/toode\/miegmaisis-kansas-190-zalias\/#breadcrumb\"},\"inLanguage\":\"lt-LT\",\"potentialAction\":[{\"@type\":\"ReadAction\",\"target\":[\"https:\/\/toidupakk.ee\/lt\/toode\/miegmaisis-kansas-190-zalias\/\"]}]},{\"@type\":\"ImageObject\",\"inLanguage\":\"lt-LT\",\"@id\":\"https:\/\/toidupakk.ee\/lt\/toode\/miegmaisis-kansas-190-zalias\/#primaryimage\",\"url\":\"https:\/\/toidupakk.ee\/wp-content\/uploads\/2023\/08\/Magamiskott-Kansas-190-1.png\",\"contentUrl\":\"https:\/\/toidupakk.ee\/wp-content\/uploads\/2023\/08\/Magamiskott-Kansas-190-1.png\",\"width\":1080,\"height\":1080,\"caption\":\"Magamiskott Kansas 190 1\"},{\"@type\":\"BreadcrumbList\",\"@id\":\"https:\/\/toidupakk.ee\/lt\/toode\/miegmaisis-kansas-190-zalias\/#breadcrumb\",\"itemListElement\":[{\"@type\":\"ListItem\",\"position\":1,\"name\":\"Avaleht\",\"item\":\"https:\/\/toidupakk.ee\/lt\/\"},{\"@type\":\"ListItem\",\"position\":2,\"name\":\"El. parduotuv\u0117\",\"item\":\"https:\/\/toidupakk.ee\/lt\/el-parduotuve\/\"},{\"@type\":\"ListItem\",\"position\":3,\"name\":\"Miegmai\u0161is \u201eKansas 190\u201c (\u017ealias)\"}]},{\"@type\":\"WebSite\",\"@id\":\"https:\/\/toidupakk.ee\/lt\/#website\",\"url\":\"https:\/\/toidupakk.ee\/lt\/\",\"name\":\"Toidupakk.ee - Tactical Foodpack toidupakid\",\"description\":\"Tactical Foodpack k\u00fclmkuivatatud toidupakid ja matkaeined\",\"publisher\":{\"@id\":\"https:\/\/toidupakk.ee\/lt\/#organization\"},\"potentialAction\":[{\"@type\":\"SearchAction\",\"target\":{\"@type\":\"EntryPoint\",\"urlTemplate\":\"https:\/\/toidupakk.ee\/lt\/?s={search_term_string}\"},\"query-input\":{\"@type\":\"PropertyValueSpecification\",\"valueRequired\":true,\"valueName\":\"search_term_string\"}}],\"inLanguage\":\"lt-LT\"},{\"@type\":\"Organization\",\"@id\":\"https:\/\/toidupakk.ee\/lt\/#organization\",\"name\":\"Tactical Foodpack matkaeined\",\"url\":\"https:\/\/toidupakk.ee\/lt\/\",\"logo\":{\"@type\":\"ImageObject\",\"inLanguage\":\"lt-LT\",\"@id\":\"https:\/\/toidupakk.ee\/lt\/#\/schema\/logo\/image\/\",\"url\":\"https:\/\/toidupakk.ee\/wp-content\/uploads\/2022\/01\/Toidupakk-matkapood-logo-transparent.png\",\"contentUrl\":\"https:\/\/toidupakk.ee\/wp-content\/uploads\/2022\/01\/Toidupakk-matkapood-logo-transparent.png\",\"width\":500,\"height\":500,\"caption\":\"Tactical Foodpack matkaeined\"},\"image\":{\"@id\":\"https:\/\/toidupakk.ee\/lt\/#\/schema\/logo\/image\/\"},\"sameAs\":[\"https:\/\/www.facebook.com\/Toidupakk\",\"https:\/\/www.instagram.com\/toidupakk\/\"]}]}<\/script>\n<!-- \/ Yoast SEO plugin. -->","yoast_head_json":{"title":"Miegmai\u0161is \u201eKansas 190\u201c (\u017ealias)","description":"\u201eKansas 190\u201c \u2013 tai 3 sezon\u0173 miegmai\u0161is, kuris su\u0161ildys net ir v\u0117sesniu oru. \u0160iltas ir mink\u0161tas mumijos tipo miegmai\u0161is su mikropluo\u0161to pamu\u0161alu.","robots":{"index":"index","follow":"follow","max-snippet":"max-snippet:-1","max-image-preview":"max-image-preview:large","max-video-preview":"max-video-preview:-1"},"canonical":"https:\/\/toidupakk.ee\/lt\/toode\/miegmaisis-kansas-190-zalias\/","og_locale":"lt_LT","og_type":"article","og_title":"Miegmai\u0161is \u201eKansas 190\u201c (\u017ealias)","og_description":"\u201eKansas 190\u201c \u2013 tai 3 sezon\u0173 miegmai\u0161is, kuris su\u0161ildys net ir v\u0117sesniu oru. \u0160iltas ir mink\u0161tas mumijos tipo miegmai\u0161is su mikropluo\u0161to pamu\u0161alu.","og_url":"https:\/\/toidupakk.ee\/lt\/toode\/miegmaisis-kansas-190-zalias\/","og_site_name":"Toidupakk.ee - Tactical Foodpack toidupakid","article_publisher":"https:\/\/www.facebook.com\/Toidupakk","article_modified_time":"2026-04-03T21:01:01+00:00","og_image":[{"width":1080,"height":1080,"url":"https:\/\/toidupakk.ee\/wp-content\/uploads\/2023\/08\/Magamiskott-Kansas-190-1.png","type":"image\/png"}],"twitter_card":"summary_large_image","twitter_misc":{"Est. reading time":"1 minut\u0117"},"schema":{"@context":"https:\/\/schema.org","@graph":[{"@type":"WebPage","@id":"https:\/\/toidupakk.ee\/lt\/toode\/miegmaisis-kansas-190-zalias\/","url":"https:\/\/toidupakk.ee\/lt\/toode\/miegmaisis-kansas-190-zalias\/","name":"Miegmai\u0161is \u201eKansas 190\u201c (\u017ealias)","isPartOf":{"@id":"https:\/\/toidupakk.ee\/lt\/#website"},"primaryImageOfPage":{"@id":"https:\/\/toidupakk.ee\/lt\/toode\/miegmaisis-kansas-190-zalias\/#primaryimage"},"image":{"@id":"https:\/\/toidupakk.ee\/lt\/toode\/miegmaisis-kansas-190-zalias\/#primaryimage"},"thumbnailUrl":"https:\/\/toidupakk.ee\/wp-content\/uploads\/2023\/08\/Magamiskott-Kansas-190-1.png","datePublished":"2023-09-04T09:48:46+00:00","dateModified":"2026-04-03T21:01:01+00:00","description":"\u201eKansas 190\u201c \u2013 tai 3 sezon\u0173 miegmai\u0161is, kuris su\u0161ildys net ir v\u0117sesniu oru. \u0160iltas ir mink\u0161tas mumijos tipo miegmai\u0161is su mikropluo\u0161to pamu\u0161alu.","breadcrumb":{"@id":"https:\/\/toidupakk.ee\/lt\/toode\/miegmaisis-kansas-190-zalias\/#breadcrumb"},"inLanguage":"lt-LT","potentialAction":[{"@type":"ReadAction","target":["https:\/\/toidupakk.ee\/lt\/toode\/miegmaisis-kansas-190-zalias\/"]}]},{"@type":"ImageObject","inLanguage":"lt-LT","@id":"https:\/\/toidupakk.ee\/lt\/toode\/miegmaisis-kansas-190-zalias\/#primaryimage","url":"https:\/\/toidupakk.ee\/wp-content\/uploads\/2023\/08\/Magamiskott-Kansas-190-1.png","contentUrl":"https:\/\/toidupakk.ee\/wp-content\/uploads\/2023\/08\/Magamiskott-Kansas-190-1.png","width":1080,"height":1080,"caption":"Magamiskott Kansas 190 1"},{"@type":"BreadcrumbList","@id":"https:\/\/toidupakk.ee\/lt\/toode\/miegmaisis-kansas-190-zalias\/#breadcrumb","itemListElement":[{"@type":"ListItem","position":1,"name":"Avaleht","item":"https:\/\/toidupakk.ee\/lt\/"},{"@type":"ListItem","position":2,"name":"El. parduotuv\u0117","item":"https:\/\/toidupakk.ee\/lt\/el-parduotuve\/"},{"@type":"ListItem","position":3,"name":"Miegmai\u0161is \u201eKansas 190\u201c (\u017ealias)"}]},{"@type":"WebSite","@id":"https:\/\/toidupakk.ee\/lt\/#website","url":"https:\/\/toidupakk.ee\/lt\/","name":"Toidupakk.ee - Tactical Foodpack toidupakid","description":"Tactical Foodpack k\u00fclmkuivatatud toidupakid ja matkaeined","publisher":{"@id":"https:\/\/toidupakk.ee\/lt\/#organization"},"potentialAction":[{"@type":"SearchAction","target":{"@type":"EntryPoint","urlTemplate":"https:\/\/toidupakk.ee\/lt\/?s={search_term_string}"},"query-input":{"@type":"PropertyValueSpecification","valueRequired":true,"valueName":"search_term_string"}}],"inLanguage":"lt-LT"},{"@type":"Organization","@id":"https:\/\/toidupakk.ee\/lt\/#organization","name":"Tactical Foodpack matkaeined","url":"https:\/\/toidupakk.ee\/lt\/","logo":{"@type":"ImageObject","inLanguage":"lt-LT","@id":"https:\/\/toidupakk.ee\/lt\/#\/schema\/logo\/image\/","url":"https:\/\/toidupakk.ee\/wp-content\/uploads\/2022\/01\/Toidupakk-matkapood-logo-transparent.png","contentUrl":"https:\/\/toidupakk.ee\/wp-content\/uploads\/2022\/01\/Toidupakk-matkapood-logo-transparent.png","width":500,"height":500,"caption":"Tactical Foodpack matkaeined"},"image":{"@id":"https:\/\/toidupakk.ee\/lt\/#\/schema\/logo\/image\/"},"sameAs":["https:\/\/www.facebook.com\/Toidupakk","https:\/\/www.instagram.com\/toidupakk\/"]}]}},"jetpack_sharing_enabled":true,"_links":{"self":[{"href":"https:\/\/toidupakk.ee\/lt\/wp-json\/wp\/v2\/product\/47177","targetHints":{"allow":["GET"]}}],"collection":[{"href":"https:\/\/toidupakk.ee\/lt\/wp-json\/wp\/v2\/product"}],"about":[{"href":"https:\/\/toidupakk.ee\/lt\/wp-json\/wp\/v2\/types\/product"}],"replies":[{"embeddable":true,"href":"https:\/\/toidupakk.ee\/lt\/wp-json\/wp\/v2\/comments?post=47177"}],"wp:featuredmedia":[{"embeddable":true,"href":"https:\/\/toidupakk.ee\/lt\/wp-json\/wp\/v2\/media\/13273"}],"wp:attachment":[{"href":"https:\/\/toidupakk.ee\/lt\/wp-json\/wp\/v2\/media?parent=47177"}],"wp:term":[{"taxonomy":"product_brand","embeddable":true,"href":"https:\/\/toidupakk.ee\/lt\/wp-json\/wp\/v2\/product_brand?post=47177"},{"taxonomy":"product_cat","embeddable":true,"href":"https:\/\/toidupakk.ee\/lt\/wp-json\/wp\/v2\/product_cat?post=47177"},{"taxonomy":"product_tag","embeddable":true,"href":"https:\/\/toidupakk.ee\/lt\/wp-json\/wp\/v2\/product_tag?post=47177"}],"curies":[{"name":"wp","href":"https:\/\/api.w.org\/{rel}","templated":true}]}}