{"id":47131,"date":"2023-11-20T16:46:52","date_gmt":"2023-11-20T14:46:52","guid":{"rendered":"https:\/\/toidupakk.ee\/toode\/vitaminas-d3-1200iu-iconfit-90-aliejiniu-kapsuliu\/"},"modified":"2026-04-04T00:01:24","modified_gmt":"2026-04-03T21:01:24","slug":"vitaminas-d3-1200iu-iconfit-90-aliejiniu-kapsuliu","status":"publish","type":"product","link":"https:\/\/toidupakk.ee\/lt\/toode\/vitaminas-d3-1200iu-iconfit-90-aliejiniu-kapsuliu\/","title":{"rendered":"Vitaminas D3 1200IU ICONFIT (90 aliejini\u0173 kapsuli\u0173)"},"content":{"rendered":"<h1><\/h1>\n<h1>ICONFIT Vitaminas D3 \u2013 sveiki kaulai ir stiprus imunitetas kiekvienoje kapsul\u0117je!<\/h1>\n<p class=\"my-1 text-base\"><strong>ICONFIT Vitaminas D3 1200IU (90 aliejini\u0173 kapsuli\u0173) yra maisto papildas, kurio sud\u0117tyje yra vidutin\u0117 svarbaus vitamino D doz\u0117.<\/strong><\/p>\n<p class=\"my-1 text-base\">Vitamin\u0105 D3 rekomenduojama vartoti ypa\u010d rudens-\u017eiemos laikotarpiu, o vyresnio am\u017eiaus \u017emon\u0117ms \u2013 i\u0161tisus metus. Vitaminas D3 palaiko kaul\u0173, dant\u0173 ir raumen\u0173 sveikat\u0105 bei padeda u\u017etikrinti normali\u0105 imunin\u0117s sistemos veikl\u0105. Be to, jis skatina kalcio ir fosforo \u012fsisavinim\u0105.  <\/p>\n<p><img fetchpriority=\"high\" decoding=\"async\" class=\"alignnone wp-image-18787 size-medium\" src=\"https:\/\/toidupakk.ee\/wp-content\/uploads\/2023\/11\/d3-vitamiin-300x300.jpg\" alt=\"vitaminas d3\" width=\"300\" height=\"300\" srcset=\"https:\/\/toidupakk.ee\/wp-content\/uploads\/2023\/11\/d3-vitamiin-300x300.jpg 300w, https:\/\/toidupakk.ee\/wp-content\/uploads\/2023\/11\/d3-vitamiin-400x400.jpg 400w, https:\/\/toidupakk.ee\/wp-content\/uploads\/2023\/11\/d3-vitamiin-100x100.jpg 100w, https:\/\/toidupakk.ee\/wp-content\/uploads\/2023\/11\/d3-vitamiin-500x500.jpg 500w, https:\/\/toidupakk.ee\/wp-content\/uploads\/2023\/11\/d3-vitamiin-768x768.jpg 768w, https:\/\/toidupakk.ee\/wp-content\/uploads\/2023\/11\/d3-vitamiin.jpg 800w\" sizes=\"(max-width: 300px) 100vw, 300px\" \/><\/p>\n<p class=\"my-1 text-base\">ICONFIT si\u016blo du skirtingus variantus, leid\u017eian\u010dius pasirinkti skirtingas vitamino D3 dozes pagal individualius poreikius. Vienoje pakuot\u0117je yra 90 kapsuli\u0173, kuri\u0173 u\u017etenka 90 dien\u0173 kursui. Rekomenduojama doz\u0117 \u2013 tik viena kapsul\u0117 per dien\u0105.  <\/p>\n<p><img decoding=\"async\" class=\"alignright wp-image-15818 size-thumbnail\" src=\"https:\/\/toidupakk.ee\/wp-content\/uploads\/2023\/11\/07AF2FCE-6AEA-40DA-A128-29A578E7D78EIcon-fit-500x500.jpeg\" alt=\"\" width=\"500\" height=\"500\" srcset=\"https:\/\/toidupakk.ee\/wp-content\/uploads\/2023\/11\/07AF2FCE-6AEA-40DA-A128-29A578E7D78EIcon-fit-500x500.jpeg 500w, https:\/\/toidupakk.ee\/wp-content\/uploads\/2023\/11\/07AF2FCE-6AEA-40DA-A128-29A578E7D78EIcon-fit-400x400.jpeg 400w, https:\/\/toidupakk.ee\/wp-content\/uploads\/2023\/11\/07AF2FCE-6AEA-40DA-A128-29A578E7D78EIcon-fit-100x100.jpeg 100w\" sizes=\"(max-width: 500px) 100vw, 500px\" \/><\/p>\n<p><strong>Kada vert\u0117t\u0173 apsvarstyti vitamino D papild\u0173 vartojim\u0105?<\/strong><\/p>\n<p class=\"my-1 text-base\">Vitamino D vartojimas gali b\u016bti naudingas, kai:<\/p>\n<ul>\n<li class=\"my-1 text-base\">ne\u012fmanoma gauti pakankamai saul\u0117s \u0161viesos<\/li>\n<li class=\"my-1 text-base\">mityba yra nepilnavert\u0117<\/li>\n<li class=\"my-1 text-base\">d\u0117l am\u017eiaus ma\u017e\u0117ja vitamino D kiekis organizme<\/li>\n<li class=\"my-1 text-base\">norima pagerinti sportinius rezultatus<\/li>\n<\/ul>\n<p>Nors kai kurie maisto produktai gali b\u016bti turtingi vitaminu D, j\u0173 vartojimas gali nepadengti viso reikiamo kiekio, tod\u0117l gali b\u016bti naudinga vartoti vitamin\u0105 D kaip maisto papild\u0105.<\/p>\n<p>&nbsp;<\/p>\n<h2>ICONFIT kokyb\u0117 ir r\u016bpestis<\/h2>\n<p>ICONFIT produktai sukurti Estijoje ir remiasi auk\u0161\u010diausiais Europos kokyb\u0117s standartais. Savo produktus kuriame kartu su mitybos specialistais, sportininkais ir maisto technologais. <\/p>\n<p>ICONFIT produktuose n\u0117ra nereikaling\u0173 dirbtini\u0173 stabilizatori\u0173, da\u017eikli\u0173 ar konservant\u0173. M\u016bs\u0173 klientai gr\u012f\u017eta v\u0117l ir v\u0117l d\u0117l m\u016bs\u0173 kokyb\u0117s, grynumo ir gero skonio. <\/p>\n<p><img decoding=\"async\" class=\"alignnone wp-image-15624 size-medium\" src=\"https:\/\/toidupakk.ee\/wp-content\/uploads\/2023\/11\/ICONFIT-kollageeni-pulber-liigestele-5-300x300.png\" alt=\"iconfit logotipas\" width=\"300\" height=\"300\" srcset=\"https:\/\/toidupakk.ee\/wp-content\/uploads\/2023\/11\/ICONFIT-kollageeni-pulber-liigestele-5-300x300.png 300w, https:\/\/toidupakk.ee\/wp-content\/uploads\/2023\/11\/ICONFIT-kollageeni-pulber-liigestele-5-400x400.png 400w, https:\/\/toidupakk.ee\/wp-content\/uploads\/2023\/11\/ICONFIT-kollageeni-pulber-liigestele-5-100x100.png 100w, https:\/\/toidupakk.ee\/wp-content\/uploads\/2023\/11\/ICONFIT-kollageeni-pulber-liigestele-5-500x500.png 500w, https:\/\/toidupakk.ee\/wp-content\/uploads\/2023\/11\/ICONFIT-kollageeni-pulber-liigestele-5-768x768.png 768w, https:\/\/toidupakk.ee\/wp-content\/uploads\/2023\/11\/ICONFIT-kollageeni-pulber-liigestele-5.png 800w\" sizes=\"(max-width: 300px) 100vw, 300px\" \/><\/p>\n<p>Domiesi \u017eygio reikmenimis? Su\u017einok daugiau <a href=\"https:\/\/toidupakk.ee\/lt\/tootekategooria\/zygio-iranga\/#section-3-79\">\u010cIA<\/a><\/p>\n<p>O gal domina \u017eygio maistas? \u017di\u016br\u0117k <a href=\"https:\/\/toidupakk.ee\/lt\/tootekategooria\/pagrindiniai-patiekalai\/\">\u010cIA<\/a><\/p>\n<p>Pasisemk \u012fkv\u0117pimo kitiems nuotykiams \u201eToidupakk\u201c <a href=\"https:\/\/www.instagram.com\/toidupakk\/\">Instagram<\/a> ir <a href=\"https:\/\/www.facebook.com\/Toidupakk\/\">Facebook<\/a> paskyrose.<\/p>\n","protected":false},"excerpt":{"rendered":"<p>ICONFIT Vitaminas D3 1200IU yra <strong>sveikatai svarbus maisto papildas<\/strong>, suteikiantis vidutin\u0119 vitamino D doz\u0119. Jis <strong>palaiko imunin\u0119 sistem\u0105<\/strong>, <strong>padeda palaikyti normali\u0105 kaul\u0173<\/strong>, <strong>raumen\u0173 ir dant\u0173 b\u016bkl\u0119<\/strong> bei <strong>skatina kalcio ir fosforo \u012fsisavinim\u0105<\/strong>. Taip pat galimi variantai su skirtingomis doz\u0117mis, leid\u017eiantys prisitaikyti prie individuali\u0173 poreiki\u0173.  <\/p>\n<ul class=\"my-1 list-disc pl-4\">\n<li class=\"my-1 text-base\"><strong>Vidutin\u0117 doz\u0117<\/strong> vitamino D<\/li>\n<li class=\"my-1 text-base\"><strong>Palaiko imunin\u0117s sistemos sveikat\u0105<\/strong><\/li>\n<li class=\"my-1 text-base\">Padeda palaikyti <strong>normali\u0105<\/strong> <strong>kaul\u0173<\/strong>, <strong>raumen\u0173<\/strong> ir <strong>dant\u0173<\/strong> b\u016bkl\u0119<\/li>\n<li class=\"my-1 text-base\">Parduodamas <strong>kokybi\u0161kose aliejin\u0117se kapsul\u0117se<\/strong><\/li>\n<li class=\"my-1 text-base\">Vienoje pakuot\u0117je yra <strong>90 kapsuli\u0173<\/strong><\/li>\n<li class=\"my-1 text-base\">Rekomenduojama vartoti <strong>vien\u0105 kapsul\u0119<\/strong> per dien\u0105<\/li>\n<\/ul>\n<p>\u2705 Turime sand\u0117lyje, greitas pristatymas per 1\u20133 darbo dienas<\/p>\n","protected":false},"featured_media":15814,"comment_status":"open","ping_status":"closed","template":"","meta":{"_acf_changed":false},"product_brand":[],"product_cat":[261,237,189,190],"product_tag":[],"class_list":{"0":"post-47131","1":"product","2":"type-product","3":"status-publish","4":"has-post-thumbnail","6":"product_cat-kapsules","7":"product_cat-maisto-papildai","8":"product_cat-zygio-iranga","9":"product_cat-zygio-prekes","11":"first","12":"instock","13":"taxable","14":"shipping-taxable","15":"purchasable","16":"product-type-simple"},"bundled_by":[],"bundle_stock_status":"instock","bundle_stock_quantity":6,"bundle_virtual":false,"bundle_layout":"","bundle_add_to_cart_form_location":"","bundle_editable_in_cart":false,"bundle_sold_individually_context":"","bundle_item_grouping":"","bundle_min_size":"","bundle_max_size":"","bundle_price":[],"bundled_items":[],"bundle_sell_ids":[],"acf":[],"yoast_head":"<!-- This site is optimized with the Yoast SEO plugin v27.1.1 - https:\/\/yoast.com\/product\/yoast-seo-wordpress\/ -->\n<title>Vitaminas D3 1200IU ICONFIT (90 aliejini\u0173 kapsuli\u0173)<\/title>\n<meta name=\"description\" content=\"ICONFIT Vitaminas D3 1200IU yra kokybi\u0161kas maisto papildas, suteikiantis vidutin\u0119 svarbaus vitamino D doz\u0119, palaikan\u010di\u0105 kaulus, raumenis ir imunin\u0119 sistem\u0105.\" \/>\n<meta name=\"robots\" content=\"index, follow, max-snippet:-1, max-image-preview:large, max-video-preview:-1\" \/>\n<link rel=\"canonical\" href=\"https:\/\/toidupakk.ee\/lt\/toode\/vitaminas-d3-1200iu-iconfit-90-aliejiniu-kapsuliu\/\" \/>\n<meta property=\"og:locale\" content=\"lt_LT\" \/>\n<meta property=\"og:type\" content=\"article\" \/>\n<meta property=\"og:title\" content=\"Vitaminas D3 1200IU ICONFIT (90 aliejini\u0173 kapsuli\u0173)\" \/>\n<meta property=\"og:description\" content=\"ICONFIT Vitaminas D3 1200IU yra kokybi\u0161kas maisto papildas, suteikiantis vidutin\u0119 svarbaus vitamino D doz\u0119, palaikan\u010di\u0105 kaulus, raumenis ir imunin\u0119 sistem\u0105.\" \/>\n<meta property=\"og:url\" content=\"https:\/\/toidupakk.ee\/lt\/toode\/vitaminas-d3-1200iu-iconfit-90-aliejiniu-kapsuliu\/\" \/>\n<meta property=\"og:site_name\" content=\"Toidupakk.ee - Tactical Foodpack toidupakid\" \/>\n<meta property=\"article:publisher\" content=\"https:\/\/www.facebook.com\/Toidupakk\" \/>\n<meta property=\"article:modified_time\" content=\"2026-04-03T21:01:24+00:00\" \/>\n<meta property=\"og:image\" content=\"https:\/\/toidupakk.ee\/wp-content\/uploads\/2023\/11\/D-vitamiin.png\" \/>\n\t<meta property=\"og:image:width\" content=\"1920\" \/>\n\t<meta property=\"og:image:height\" content=\"1920\" \/>\n\t<meta property=\"og:image:type\" content=\"image\/png\" \/>\n<meta name=\"twitter:card\" content=\"summary_large_image\" \/>\n<meta name=\"twitter:label1\" content=\"Est. reading time\" \/>\n\t<meta name=\"twitter:data1\" content=\"1 minut\u0117\" \/>\n<script type=\"application\/ld+json\" class=\"yoast-schema-graph\">{\"@context\":\"https:\/\/schema.org\",\"@graph\":[{\"@type\":\"WebPage\",\"@id\":\"https:\/\/toidupakk.ee\/lt\/toode\/vitaminas-d3-1200iu-iconfit-90-aliejiniu-kapsuliu\/\",\"url\":\"https:\/\/toidupakk.ee\/lt\/toode\/vitaminas-d3-1200iu-iconfit-90-aliejiniu-kapsuliu\/\",\"name\":\"Vitaminas D3 1200IU ICONFIT (90 aliejini\u0173 kapsuli\u0173)\",\"isPartOf\":{\"@id\":\"https:\/\/toidupakk.ee\/lt\/#website\"},\"primaryImageOfPage\":{\"@id\":\"https:\/\/toidupakk.ee\/lt\/toode\/vitaminas-d3-1200iu-iconfit-90-aliejiniu-kapsuliu\/#primaryimage\"},\"image\":{\"@id\":\"https:\/\/toidupakk.ee\/lt\/toode\/vitaminas-d3-1200iu-iconfit-90-aliejiniu-kapsuliu\/#primaryimage\"},\"thumbnailUrl\":\"https:\/\/toidupakk.ee\/wp-content\/uploads\/2023\/11\/D-vitamiin.png\",\"datePublished\":\"2023-11-20T14:46:52+00:00\",\"dateModified\":\"2026-04-03T21:01:24+00:00\",\"description\":\"ICONFIT Vitaminas D3 1200IU yra kokybi\u0161kas maisto papildas, suteikiantis vidutin\u0119 svarbaus vitamino D doz\u0119, palaikan\u010di\u0105 kaulus, raumenis ir imunin\u0119 sistem\u0105.\",\"breadcrumb\":{\"@id\":\"https:\/\/toidupakk.ee\/lt\/toode\/vitaminas-d3-1200iu-iconfit-90-aliejiniu-kapsuliu\/#breadcrumb\"},\"inLanguage\":\"lt-LT\",\"potentialAction\":[{\"@type\":\"ReadAction\",\"target\":[\"https:\/\/toidupakk.ee\/lt\/toode\/vitaminas-d3-1200iu-iconfit-90-aliejiniu-kapsuliu\/\"]}]},{\"@type\":\"ImageObject\",\"inLanguage\":\"lt-LT\",\"@id\":\"https:\/\/toidupakk.ee\/lt\/toode\/vitaminas-d3-1200iu-iconfit-90-aliejiniu-kapsuliu\/#primaryimage\",\"url\":\"https:\/\/toidupakk.ee\/wp-content\/uploads\/2023\/11\/D-vitamiin.png\",\"contentUrl\":\"https:\/\/toidupakk.ee\/wp-content\/uploads\/2023\/11\/D-vitamiin.png\",\"width\":1920,\"height\":1920},{\"@type\":\"BreadcrumbList\",\"@id\":\"https:\/\/toidupakk.ee\/lt\/toode\/vitaminas-d3-1200iu-iconfit-90-aliejiniu-kapsuliu\/#breadcrumb\",\"itemListElement\":[{\"@type\":\"ListItem\",\"position\":1,\"name\":\"Avaleht\",\"item\":\"https:\/\/toidupakk.ee\/lt\/\"},{\"@type\":\"ListItem\",\"position\":2,\"name\":\"El. parduotuv\u0117\",\"item\":\"https:\/\/toidupakk.ee\/lt\/el-parduotuve\/\"},{\"@type\":\"ListItem\",\"position\":3,\"name\":\"Vitaminas D3 1200IU ICONFIT (90 aliejini\u0173 kapsuli\u0173)\"}]},{\"@type\":\"WebSite\",\"@id\":\"https:\/\/toidupakk.ee\/lt\/#website\",\"url\":\"https:\/\/toidupakk.ee\/lt\/\",\"name\":\"Toidupakk.ee - Tactical Foodpack toidupakid\",\"description\":\"Tactical Foodpack k\u00fclmkuivatatud toidupakid ja matkaeined\",\"publisher\":{\"@id\":\"https:\/\/toidupakk.ee\/lt\/#organization\"},\"potentialAction\":[{\"@type\":\"SearchAction\",\"target\":{\"@type\":\"EntryPoint\",\"urlTemplate\":\"https:\/\/toidupakk.ee\/lt\/?s={search_term_string}\"},\"query-input\":{\"@type\":\"PropertyValueSpecification\",\"valueRequired\":true,\"valueName\":\"search_term_string\"}}],\"inLanguage\":\"lt-LT\"},{\"@type\":\"Organization\",\"@id\":\"https:\/\/toidupakk.ee\/lt\/#organization\",\"name\":\"Tactical Foodpack matkaeined\",\"url\":\"https:\/\/toidupakk.ee\/lt\/\",\"logo\":{\"@type\":\"ImageObject\",\"inLanguage\":\"lt-LT\",\"@id\":\"https:\/\/toidupakk.ee\/lt\/#\/schema\/logo\/image\/\",\"url\":\"https:\/\/toidupakk.ee\/wp-content\/uploads\/2022\/01\/Toidupakk-matkapood-logo-transparent.png\",\"contentUrl\":\"https:\/\/toidupakk.ee\/wp-content\/uploads\/2022\/01\/Toidupakk-matkapood-logo-transparent.png\",\"width\":500,\"height\":500,\"caption\":\"Tactical Foodpack matkaeined\"},\"image\":{\"@id\":\"https:\/\/toidupakk.ee\/lt\/#\/schema\/logo\/image\/\"},\"sameAs\":[\"https:\/\/www.facebook.com\/Toidupakk\",\"https:\/\/www.instagram.com\/toidupakk\/\"]}]}<\/script>\n<!-- \/ Yoast SEO plugin. -->","yoast_head_json":{"title":"Vitaminas D3 1200IU ICONFIT (90 aliejini\u0173 kapsuli\u0173)","description":"ICONFIT Vitaminas D3 1200IU yra kokybi\u0161kas maisto papildas, suteikiantis vidutin\u0119 svarbaus vitamino D doz\u0119, palaikan\u010di\u0105 kaulus, raumenis ir imunin\u0119 sistem\u0105.","robots":{"index":"index","follow":"follow","max-snippet":"max-snippet:-1","max-image-preview":"max-image-preview:large","max-video-preview":"max-video-preview:-1"},"canonical":"https:\/\/toidupakk.ee\/lt\/toode\/vitaminas-d3-1200iu-iconfit-90-aliejiniu-kapsuliu\/","og_locale":"lt_LT","og_type":"article","og_title":"Vitaminas D3 1200IU ICONFIT (90 aliejini\u0173 kapsuli\u0173)","og_description":"ICONFIT Vitaminas D3 1200IU yra kokybi\u0161kas maisto papildas, suteikiantis vidutin\u0119 svarbaus vitamino D doz\u0119, palaikan\u010di\u0105 kaulus, raumenis ir imunin\u0119 sistem\u0105.","og_url":"https:\/\/toidupakk.ee\/lt\/toode\/vitaminas-d3-1200iu-iconfit-90-aliejiniu-kapsuliu\/","og_site_name":"Toidupakk.ee - Tactical Foodpack toidupakid","article_publisher":"https:\/\/www.facebook.com\/Toidupakk","article_modified_time":"2026-04-03T21:01:24+00:00","og_image":[{"width":1920,"height":1920,"url":"https:\/\/toidupakk.ee\/wp-content\/uploads\/2023\/11\/D-vitamiin.png","type":"image\/png"}],"twitter_card":"summary_large_image","twitter_misc":{"Est. reading time":"1 minut\u0117"},"schema":{"@context":"https:\/\/schema.org","@graph":[{"@type":"WebPage","@id":"https:\/\/toidupakk.ee\/lt\/toode\/vitaminas-d3-1200iu-iconfit-90-aliejiniu-kapsuliu\/","url":"https:\/\/toidupakk.ee\/lt\/toode\/vitaminas-d3-1200iu-iconfit-90-aliejiniu-kapsuliu\/","name":"Vitaminas D3 1200IU ICONFIT (90 aliejini\u0173 kapsuli\u0173)","isPartOf":{"@id":"https:\/\/toidupakk.ee\/lt\/#website"},"primaryImageOfPage":{"@id":"https:\/\/toidupakk.ee\/lt\/toode\/vitaminas-d3-1200iu-iconfit-90-aliejiniu-kapsuliu\/#primaryimage"},"image":{"@id":"https:\/\/toidupakk.ee\/lt\/toode\/vitaminas-d3-1200iu-iconfit-90-aliejiniu-kapsuliu\/#primaryimage"},"thumbnailUrl":"https:\/\/toidupakk.ee\/wp-content\/uploads\/2023\/11\/D-vitamiin.png","datePublished":"2023-11-20T14:46:52+00:00","dateModified":"2026-04-03T21:01:24+00:00","description":"ICONFIT Vitaminas D3 1200IU yra kokybi\u0161kas maisto papildas, suteikiantis vidutin\u0119 svarbaus vitamino D doz\u0119, palaikan\u010di\u0105 kaulus, raumenis ir imunin\u0119 sistem\u0105.","breadcrumb":{"@id":"https:\/\/toidupakk.ee\/lt\/toode\/vitaminas-d3-1200iu-iconfit-90-aliejiniu-kapsuliu\/#breadcrumb"},"inLanguage":"lt-LT","potentialAction":[{"@type":"ReadAction","target":["https:\/\/toidupakk.ee\/lt\/toode\/vitaminas-d3-1200iu-iconfit-90-aliejiniu-kapsuliu\/"]}]},{"@type":"ImageObject","inLanguage":"lt-LT","@id":"https:\/\/toidupakk.ee\/lt\/toode\/vitaminas-d3-1200iu-iconfit-90-aliejiniu-kapsuliu\/#primaryimage","url":"https:\/\/toidupakk.ee\/wp-content\/uploads\/2023\/11\/D-vitamiin.png","contentUrl":"https:\/\/toidupakk.ee\/wp-content\/uploads\/2023\/11\/D-vitamiin.png","width":1920,"height":1920},{"@type":"BreadcrumbList","@id":"https:\/\/toidupakk.ee\/lt\/toode\/vitaminas-d3-1200iu-iconfit-90-aliejiniu-kapsuliu\/#breadcrumb","itemListElement":[{"@type":"ListItem","position":1,"name":"Avaleht","item":"https:\/\/toidupakk.ee\/lt\/"},{"@type":"ListItem","position":2,"name":"El. parduotuv\u0117","item":"https:\/\/toidupakk.ee\/lt\/el-parduotuve\/"},{"@type":"ListItem","position":3,"name":"Vitaminas D3 1200IU ICONFIT (90 aliejini\u0173 kapsuli\u0173)"}]},{"@type":"WebSite","@id":"https:\/\/toidupakk.ee\/lt\/#website","url":"https:\/\/toidupakk.ee\/lt\/","name":"Toidupakk.ee - Tactical Foodpack toidupakid","description":"Tactical Foodpack k\u00fclmkuivatatud toidupakid ja matkaeined","publisher":{"@id":"https:\/\/toidupakk.ee\/lt\/#organization"},"potentialAction":[{"@type":"SearchAction","target":{"@type":"EntryPoint","urlTemplate":"https:\/\/toidupakk.ee\/lt\/?s={search_term_string}"},"query-input":{"@type":"PropertyValueSpecification","valueRequired":true,"valueName":"search_term_string"}}],"inLanguage":"lt-LT"},{"@type":"Organization","@id":"https:\/\/toidupakk.ee\/lt\/#organization","name":"Tactical Foodpack matkaeined","url":"https:\/\/toidupakk.ee\/lt\/","logo":{"@type":"ImageObject","inLanguage":"lt-LT","@id":"https:\/\/toidupakk.ee\/lt\/#\/schema\/logo\/image\/","url":"https:\/\/toidupakk.ee\/wp-content\/uploads\/2022\/01\/Toidupakk-matkapood-logo-transparent.png","contentUrl":"https:\/\/toidupakk.ee\/wp-content\/uploads\/2022\/01\/Toidupakk-matkapood-logo-transparent.png","width":500,"height":500,"caption":"Tactical Foodpack matkaeined"},"image":{"@id":"https:\/\/toidupakk.ee\/lt\/#\/schema\/logo\/image\/"},"sameAs":["https:\/\/www.facebook.com\/Toidupakk","https:\/\/www.instagram.com\/toidupakk\/"]}]}},"jetpack_sharing_enabled":true,"_links":{"self":[{"href":"https:\/\/toidupakk.ee\/lt\/wp-json\/wp\/v2\/product\/47131","targetHints":{"allow":["GET"]}}],"collection":[{"href":"https:\/\/toidupakk.ee\/lt\/wp-json\/wp\/v2\/product"}],"about":[{"href":"https:\/\/toidupakk.ee\/lt\/wp-json\/wp\/v2\/types\/product"}],"replies":[{"embeddable":true,"href":"https:\/\/toidupakk.ee\/lt\/wp-json\/wp\/v2\/comments?post=47131"}],"wp:featuredmedia":[{"embeddable":true,"href":"https:\/\/toidupakk.ee\/lt\/wp-json\/wp\/v2\/media\/15814"}],"wp:attachment":[{"href":"https:\/\/toidupakk.ee\/lt\/wp-json\/wp\/v2\/media?parent=47131"}],"wp:term":[{"taxonomy":"product_brand","embeddable":true,"href":"https:\/\/toidupakk.ee\/lt\/wp-json\/wp\/v2\/product_brand?post=47131"},{"taxonomy":"product_cat","embeddable":true,"href":"https:\/\/toidupakk.ee\/lt\/wp-json\/wp\/v2\/product_cat?post=47131"},{"taxonomy":"product_tag","embeddable":true,"href":"https:\/\/toidupakk.ee\/lt\/wp-json\/wp\/v2\/product_tag?post=47131"}],"curies":[{"name":"wp","href":"https:\/\/api.w.org\/{rel}","templated":true}]}}