{"id":47122,"date":"2023-10-24T16:33:56","date_gmt":"2023-10-24T13:33:56","guid":{"rendered":"https:\/\/toidupakk.ee\/toode\/medziotojo-pirstines-softshell-thinsulate\/"},"modified":"2026-04-04T00:01:46","modified_gmt":"2026-04-03T21:01:46","slug":"medziotojo-pirstines-softshell-thinsulate","status":"publish","type":"product","link":"https:\/\/toidupakk.ee\/lt\/toode\/medziotojo-pirstines-softshell-thinsulate\/","title":{"rendered":"Med\u017eiotojo pir\u0161tin\u0117s \u201eSoftshell Thinsulate\u2122\u201c"},"content":{"rendered":"<p><img fetchpriority=\"high\" decoding=\"async\" class=\"wp-image-15144 size-thumbnail alignright\" src=\"https:\/\/toidupakk.ee\/wp-content\/uploads\/2023\/10\/8-500x500.png\" alt=\"kamuflia\u017ein\u0117s pir\u0161tin\u0117s\" width=\"500\" height=\"500\" srcset=\"https:\/\/toidupakk.ee\/wp-content\/uploads\/2023\/10\/8-500x500.png 500w, https:\/\/toidupakk.ee\/wp-content\/uploads\/2023\/10\/8-400x400.png 400w, https:\/\/toidupakk.ee\/wp-content\/uploads\/2023\/10\/8-100x100.png 100w, https:\/\/toidupakk.ee\/wp-content\/uploads\/2023\/10\/8-800x800.png 800w, https:\/\/toidupakk.ee\/wp-content\/uploads\/2023\/10\/8-300x300.png 300w, https:\/\/toidupakk.ee\/wp-content\/uploads\/2023\/10\/8-1024x1024.png 1024w, https:\/\/toidupakk.ee\/wp-content\/uploads\/2023\/10\/8-768x768.png 768w, https:\/\/toidupakk.ee\/wp-content\/uploads\/2023\/10\/8.png 1080w\" sizes=\"(max-width: 500px) 100vw, 500px\" \/><\/p>\n<p>Med\u017eiotojo pir\u0161tin\u0117s \u201eSoftshell Thinsulate\u2122\u201c \u2013 tai kokybi\u0161kos \u201esoftshell\u201c med\u017eiagos pir\u0161tin\u0117s, sukurtos u\u017etikrinti maksimali\u0105 \u0161ilum\u0105 ir komfort\u0105 \u0161altu oru. I\u0161orin\u0117 med\u017eiaga susideda i\u0161 96 % poliesterio ir 4 % elastano, tod\u0117l pir\u0161tin\u0117s yra lanks\u010dios ir patvarios. <\/p>\n<p class=\"my-1 text-base\">Be to, pir\u0161tin\u0117s turi 100 % poliesterio (fliso) pamu\u0161al\u0105, kuris kaip mink\u0161tas ir \u0161ildantis sluoksnis saugo rankas nuo \u0161al\u010dio. Prid\u0117tas \u201eThinsulate\u2122\u201c u\u017epildas (40 g\/m\u00b2) u\u017etikrina puiki\u0105 izoliacij\u0105, tod\u0117l pir\u0161tin\u0117s i\u0161lieka labai \u0161iltos net \u0161al\u010diausiomis dienomis. <\/p>\n<p>Daugiau \u017eygio preki\u0173 rasi  <a href=\"https:\/\/toidupakk.ee\/lt\/tootekategooria\/zygio-iranga\/#section-3-79\">\u010cIA<\/a><\/p>\n<p>Pasisemk \u012fkv\u0117pimo kitiems nuotykiams \u201eToidupakk\u201c <a href=\"https:\/\/www.instagram.com\/toidupakk\/\">Instagram<\/a> ir <a href=\"https:\/\/www.facebook.com\/Toidupakk\/\">Facebook<\/a> paskyrose.<\/p>\n","protected":false},"excerpt":{"rendered":"<p><strong>Med\u017eiotojo pir\u0161tin\u0117s \u201eSoftshell Thinsulate\u2122\u201c yra \u0161iltos ir patogios, su mink\u0161tu fliso pamu\u0161alu ir \u201eThinsulate\u2122\u201c u\u017epildu. \u0160ios pir\u0161tin\u0117s idealiai tinka naudoti \u0161altesniu oru ir u\u017etikrina komfort\u0105 bet kokioje situacijoje. <\/strong><\/p>\n<ul class=\"my-1 list-decimal pl-6\">\n<li class=\"my-1 text-base\">I\u0161orin\u0117 med\u017eiaga: 96 % poliesteris, 4 % elastanas \u2013 suteikia lankstumo ir patvarumo.<\/li>\n<li class=\"my-1 text-base\">Pamu\u0161alas: 100 % poliesteris (flisas)<\/li>\n<li class=\"my-1 text-base\">U\u017epildas: <strong>Thinsulate\u2122 (40 g\/m\u00b2)<\/strong> \u2013 puiki \u0161ilumos izoliacija.<\/li>\n<li class=\"my-1 text-base\">Delnas: 100 % poliuretanas \u2013 geresnis sukibimas.<\/li>\n<li class=\"my-1 text-base\">Jutikliniai intarpai ant viduriniojo, smiliaus ir nyk\u0161\u010dio \u2013 leid\u017eia <strong>naudotis jutikliniais \u012frenginiais nenusiimant pir\u0161tini\u0173.<\/strong><\/li>\n<li class=\"my-1 text-base\">Elastano rankogaliai \u2013 u\u017etikrina ger\u0105 prigludim\u0105 ir <strong>neleid\u017eia patekti \u0161altam orui<\/strong>.<\/li>\n<\/ul>\n<p>\u2705 Turime sand\u0117lyje, greitas pristatymas per 1\u20133 darbo dienas<br \/>\n\u2705 NEMOKAMAS gr\u0105\u017einimas ir keitimas, jei netinka dydis<\/p>\n","protected":false},"featured_media":15094,"comment_status":"open","ping_status":"closed","template":"","meta":{"_acf_changed":false},"product_brand":[],"product_cat":[191,253,200,199,189,190],"product_tag":[],"class_list":{"0":"post-47122","1":"product","2":"type-product","3":"status-publish","4":"has-post-thumbnail","6":"product_cat-drabuziai","7":"product_cat-pirstines","8":"product_cat-praktiskos-dovanu-idejos","9":"product_cat-ziemos-prekes","10":"product_cat-zygio-iranga","11":"product_cat-zygio-prekes","13":"first","14":"instock","15":"taxable","16":"shipping-taxable","17":"purchasable","18":"product-type-variable","19":"has-default-attributes"},"bundled_by":[],"bundle_stock_status":"instock","bundle_stock_quantity":null,"bundle_virtual":false,"bundle_layout":"","bundle_add_to_cart_form_location":"","bundle_editable_in_cart":false,"bundle_sold_individually_context":"","bundle_item_grouping":"","bundle_min_size":"","bundle_max_size":"","bundle_price":[],"bundled_items":[],"bundle_sell_ids":[],"acf":[],"yoast_head":"<!-- This site is optimized with the Yoast SEO plugin v27.1.1 - https:\/\/yoast.com\/product\/yoast-seo-wordpress\/ -->\n<title>Med\u017eiotojo pir\u0161tin\u0117s \u201eSoftshell Thinsulate\u2122\u201c<\/title>\n<meta name=\"description\" content=\"Med\u017eiotojo pir\u0161tin\u0117s \u201eSoftshell Thinsulate\u2122\u201c idealiai tinka \u0161altesniam orui, u\u017etikrindamos rank\u0173 apsaug\u0105 ir komfort\u0105 bet kokiomis s\u0105lygomis.\" \/>\n<meta name=\"robots\" content=\"index, follow, max-snippet:-1, max-image-preview:large, max-video-preview:-1\" \/>\n<link rel=\"canonical\" href=\"https:\/\/toidupakk.ee\/lt\/toode\/medziotojo-pirstines-softshell-thinsulate\/\" \/>\n<meta property=\"og:locale\" content=\"lt_LT\" \/>\n<meta property=\"og:type\" content=\"article\" \/>\n<meta property=\"og:title\" content=\"Med\u017eiotojo pir\u0161tin\u0117s \u201eSoftshell Thinsulate\u2122\u201c\" \/>\n<meta property=\"og:description\" content=\"Med\u017eiotojo pir\u0161tin\u0117s \u201eSoftshell Thinsulate\u2122\u201c idealiai tinka \u0161altesniam orui, u\u017etikrindamos rank\u0173 apsaug\u0105 ir komfort\u0105 bet kokiomis s\u0105lygomis.\" \/>\n<meta property=\"og:url\" content=\"https:\/\/toidupakk.ee\/lt\/toode\/medziotojo-pirstines-softshell-thinsulate\/\" \/>\n<meta property=\"og:site_name\" content=\"Toidupakk.ee - Tactical Foodpack toidupakid\" \/>\n<meta property=\"article:publisher\" content=\"https:\/\/www.facebook.com\/Toidupakk\" \/>\n<meta property=\"article:modified_time\" content=\"2026-04-03T21:01:46+00:00\" \/>\n<meta property=\"og:image\" content=\"https:\/\/toidupakk.ee\/wp-content\/uploads\/2023\/10\/Jahimehe-kindad-Softshell-Thinsulate\u2122.png\" \/>\n\t<meta property=\"og:image:width\" content=\"800\" \/>\n\t<meta property=\"og:image:height\" content=\"800\" \/>\n\t<meta property=\"og:image:type\" content=\"image\/png\" \/>\n<meta name=\"twitter:card\" content=\"summary_large_image\" \/>\n<meta name=\"twitter:label1\" content=\"Est. reading time\" \/>\n\t<meta name=\"twitter:data1\" content=\"1 minut\u0117\" \/>\n<script type=\"application\/ld+json\" class=\"yoast-schema-graph\">{\"@context\":\"https:\/\/schema.org\",\"@graph\":[{\"@type\":\"WebPage\",\"@id\":\"https:\/\/toidupakk.ee\/lt\/toode\/medziotojo-pirstines-softshell-thinsulate\/\",\"url\":\"https:\/\/toidupakk.ee\/lt\/toode\/medziotojo-pirstines-softshell-thinsulate\/\",\"name\":\"Med\u017eiotojo pir\u0161tin\u0117s \u201eSoftshell Thinsulate\u2122\u201c\",\"isPartOf\":{\"@id\":\"https:\/\/toidupakk.ee\/lt\/#website\"},\"primaryImageOfPage\":{\"@id\":\"https:\/\/toidupakk.ee\/lt\/toode\/medziotojo-pirstines-softshell-thinsulate\/#primaryimage\"},\"image\":{\"@id\":\"https:\/\/toidupakk.ee\/lt\/toode\/medziotojo-pirstines-softshell-thinsulate\/#primaryimage\"},\"thumbnailUrl\":\"https:\/\/toidupakk.ee\/wp-content\/uploads\/2023\/10\/Jahimehe-kindad-Softshell-Thinsulate\u2122.png\",\"datePublished\":\"2023-10-24T13:33:56+00:00\",\"dateModified\":\"2026-04-03T21:01:46+00:00\",\"description\":\"Med\u017eiotojo pir\u0161tin\u0117s \u201eSoftshell Thinsulate\u2122\u201c idealiai tinka \u0161altesniam orui, u\u017etikrindamos rank\u0173 apsaug\u0105 ir komfort\u0105 bet kokiomis s\u0105lygomis.\",\"breadcrumb\":{\"@id\":\"https:\/\/toidupakk.ee\/lt\/toode\/medziotojo-pirstines-softshell-thinsulate\/#breadcrumb\"},\"inLanguage\":\"lt-LT\",\"potentialAction\":[{\"@type\":\"ReadAction\",\"target\":[\"https:\/\/toidupakk.ee\/lt\/toode\/medziotojo-pirstines-softshell-thinsulate\/\"]}]},{\"@type\":\"ImageObject\",\"inLanguage\":\"lt-LT\",\"@id\":\"https:\/\/toidupakk.ee\/lt\/toode\/medziotojo-pirstines-softshell-thinsulate\/#primaryimage\",\"url\":\"https:\/\/toidupakk.ee\/wp-content\/uploads\/2023\/10\/Jahimehe-kindad-Softshell-Thinsulate\u2122.png\",\"contentUrl\":\"https:\/\/toidupakk.ee\/wp-content\/uploads\/2023\/10\/Jahimehe-kindad-Softshell-Thinsulate\u2122.png\",\"width\":800,\"height\":800,\"caption\":\"Jahimehe kindad Softshell Thinsulate\u2122 111\"},{\"@type\":\"BreadcrumbList\",\"@id\":\"https:\/\/toidupakk.ee\/lt\/toode\/medziotojo-pirstines-softshell-thinsulate\/#breadcrumb\",\"itemListElement\":[{\"@type\":\"ListItem\",\"position\":1,\"name\":\"Avaleht\",\"item\":\"https:\/\/toidupakk.ee\/lt\/\"},{\"@type\":\"ListItem\",\"position\":2,\"name\":\"El. parduotuv\u0117\",\"item\":\"https:\/\/toidupakk.ee\/lt\/el-parduotuve\/\"},{\"@type\":\"ListItem\",\"position\":3,\"name\":\"Med\u017eiotojo pir\u0161tin\u0117s \u201eSoftshell Thinsulate\u2122\u201c\"}]},{\"@type\":\"WebSite\",\"@id\":\"https:\/\/toidupakk.ee\/lt\/#website\",\"url\":\"https:\/\/toidupakk.ee\/lt\/\",\"name\":\"Toidupakk.ee - Tactical Foodpack toidupakid\",\"description\":\"Tactical Foodpack k\u00fclmkuivatatud toidupakid ja matkaeined\",\"publisher\":{\"@id\":\"https:\/\/toidupakk.ee\/lt\/#organization\"},\"potentialAction\":[{\"@type\":\"SearchAction\",\"target\":{\"@type\":\"EntryPoint\",\"urlTemplate\":\"https:\/\/toidupakk.ee\/lt\/?s={search_term_string}\"},\"query-input\":{\"@type\":\"PropertyValueSpecification\",\"valueRequired\":true,\"valueName\":\"search_term_string\"}}],\"inLanguage\":\"lt-LT\"},{\"@type\":\"Organization\",\"@id\":\"https:\/\/toidupakk.ee\/lt\/#organization\",\"name\":\"Tactical Foodpack matkaeined\",\"url\":\"https:\/\/toidupakk.ee\/lt\/\",\"logo\":{\"@type\":\"ImageObject\",\"inLanguage\":\"lt-LT\",\"@id\":\"https:\/\/toidupakk.ee\/lt\/#\/schema\/logo\/image\/\",\"url\":\"https:\/\/toidupakk.ee\/wp-content\/uploads\/2022\/01\/Toidupakk-matkapood-logo-transparent.png\",\"contentUrl\":\"https:\/\/toidupakk.ee\/wp-content\/uploads\/2022\/01\/Toidupakk-matkapood-logo-transparent.png\",\"width\":500,\"height\":500,\"caption\":\"Tactical Foodpack matkaeined\"},\"image\":{\"@id\":\"https:\/\/toidupakk.ee\/lt\/#\/schema\/logo\/image\/\"},\"sameAs\":[\"https:\/\/www.facebook.com\/Toidupakk\",\"https:\/\/www.instagram.com\/toidupakk\/\"]}]}<\/script>\n<!-- \/ Yoast SEO plugin. -->","yoast_head_json":{"title":"Med\u017eiotojo pir\u0161tin\u0117s \u201eSoftshell Thinsulate\u2122\u201c","description":"Med\u017eiotojo pir\u0161tin\u0117s \u201eSoftshell Thinsulate\u2122\u201c idealiai tinka \u0161altesniam orui, u\u017etikrindamos rank\u0173 apsaug\u0105 ir komfort\u0105 bet kokiomis s\u0105lygomis.","robots":{"index":"index","follow":"follow","max-snippet":"max-snippet:-1","max-image-preview":"max-image-preview:large","max-video-preview":"max-video-preview:-1"},"canonical":"https:\/\/toidupakk.ee\/lt\/toode\/medziotojo-pirstines-softshell-thinsulate\/","og_locale":"lt_LT","og_type":"article","og_title":"Med\u017eiotojo pir\u0161tin\u0117s \u201eSoftshell Thinsulate\u2122\u201c","og_description":"Med\u017eiotojo pir\u0161tin\u0117s \u201eSoftshell Thinsulate\u2122\u201c idealiai tinka \u0161altesniam orui, u\u017etikrindamos rank\u0173 apsaug\u0105 ir komfort\u0105 bet kokiomis s\u0105lygomis.","og_url":"https:\/\/toidupakk.ee\/lt\/toode\/medziotojo-pirstines-softshell-thinsulate\/","og_site_name":"Toidupakk.ee - Tactical Foodpack toidupakid","article_publisher":"https:\/\/www.facebook.com\/Toidupakk","article_modified_time":"2026-04-03T21:01:46+00:00","og_image":[{"width":800,"height":800,"url":"https:\/\/toidupakk.ee\/wp-content\/uploads\/2023\/10\/Jahimehe-kindad-Softshell-Thinsulate\u2122.png","type":"image\/png"}],"twitter_card":"summary_large_image","twitter_misc":{"Est. reading time":"1 minut\u0117"},"schema":{"@context":"https:\/\/schema.org","@graph":[{"@type":"WebPage","@id":"https:\/\/toidupakk.ee\/lt\/toode\/medziotojo-pirstines-softshell-thinsulate\/","url":"https:\/\/toidupakk.ee\/lt\/toode\/medziotojo-pirstines-softshell-thinsulate\/","name":"Med\u017eiotojo pir\u0161tin\u0117s \u201eSoftshell Thinsulate\u2122\u201c","isPartOf":{"@id":"https:\/\/toidupakk.ee\/lt\/#website"},"primaryImageOfPage":{"@id":"https:\/\/toidupakk.ee\/lt\/toode\/medziotojo-pirstines-softshell-thinsulate\/#primaryimage"},"image":{"@id":"https:\/\/toidupakk.ee\/lt\/toode\/medziotojo-pirstines-softshell-thinsulate\/#primaryimage"},"thumbnailUrl":"https:\/\/toidupakk.ee\/wp-content\/uploads\/2023\/10\/Jahimehe-kindad-Softshell-Thinsulate\u2122.png","datePublished":"2023-10-24T13:33:56+00:00","dateModified":"2026-04-03T21:01:46+00:00","description":"Med\u017eiotojo pir\u0161tin\u0117s \u201eSoftshell Thinsulate\u2122\u201c idealiai tinka \u0161altesniam orui, u\u017etikrindamos rank\u0173 apsaug\u0105 ir komfort\u0105 bet kokiomis s\u0105lygomis.","breadcrumb":{"@id":"https:\/\/toidupakk.ee\/lt\/toode\/medziotojo-pirstines-softshell-thinsulate\/#breadcrumb"},"inLanguage":"lt-LT","potentialAction":[{"@type":"ReadAction","target":["https:\/\/toidupakk.ee\/lt\/toode\/medziotojo-pirstines-softshell-thinsulate\/"]}]},{"@type":"ImageObject","inLanguage":"lt-LT","@id":"https:\/\/toidupakk.ee\/lt\/toode\/medziotojo-pirstines-softshell-thinsulate\/#primaryimage","url":"https:\/\/toidupakk.ee\/wp-content\/uploads\/2023\/10\/Jahimehe-kindad-Softshell-Thinsulate\u2122.png","contentUrl":"https:\/\/toidupakk.ee\/wp-content\/uploads\/2023\/10\/Jahimehe-kindad-Softshell-Thinsulate\u2122.png","width":800,"height":800,"caption":"Jahimehe kindad Softshell Thinsulate\u2122 111"},{"@type":"BreadcrumbList","@id":"https:\/\/toidupakk.ee\/lt\/toode\/medziotojo-pirstines-softshell-thinsulate\/#breadcrumb","itemListElement":[{"@type":"ListItem","position":1,"name":"Avaleht","item":"https:\/\/toidupakk.ee\/lt\/"},{"@type":"ListItem","position":2,"name":"El. parduotuv\u0117","item":"https:\/\/toidupakk.ee\/lt\/el-parduotuve\/"},{"@type":"ListItem","position":3,"name":"Med\u017eiotojo pir\u0161tin\u0117s \u201eSoftshell Thinsulate\u2122\u201c"}]},{"@type":"WebSite","@id":"https:\/\/toidupakk.ee\/lt\/#website","url":"https:\/\/toidupakk.ee\/lt\/","name":"Toidupakk.ee - Tactical Foodpack toidupakid","description":"Tactical Foodpack k\u00fclmkuivatatud toidupakid ja matkaeined","publisher":{"@id":"https:\/\/toidupakk.ee\/lt\/#organization"},"potentialAction":[{"@type":"SearchAction","target":{"@type":"EntryPoint","urlTemplate":"https:\/\/toidupakk.ee\/lt\/?s={search_term_string}"},"query-input":{"@type":"PropertyValueSpecification","valueRequired":true,"valueName":"search_term_string"}}],"inLanguage":"lt-LT"},{"@type":"Organization","@id":"https:\/\/toidupakk.ee\/lt\/#organization","name":"Tactical Foodpack matkaeined","url":"https:\/\/toidupakk.ee\/lt\/","logo":{"@type":"ImageObject","inLanguage":"lt-LT","@id":"https:\/\/toidupakk.ee\/lt\/#\/schema\/logo\/image\/","url":"https:\/\/toidupakk.ee\/wp-content\/uploads\/2022\/01\/Toidupakk-matkapood-logo-transparent.png","contentUrl":"https:\/\/toidupakk.ee\/wp-content\/uploads\/2022\/01\/Toidupakk-matkapood-logo-transparent.png","width":500,"height":500,"caption":"Tactical Foodpack matkaeined"},"image":{"@id":"https:\/\/toidupakk.ee\/lt\/#\/schema\/logo\/image\/"},"sameAs":["https:\/\/www.facebook.com\/Toidupakk","https:\/\/www.instagram.com\/toidupakk\/"]}]}},"jetpack_sharing_enabled":true,"_links":{"self":[{"href":"https:\/\/toidupakk.ee\/lt\/wp-json\/wp\/v2\/product\/47122","targetHints":{"allow":["GET"]}}],"collection":[{"href":"https:\/\/toidupakk.ee\/lt\/wp-json\/wp\/v2\/product"}],"about":[{"href":"https:\/\/toidupakk.ee\/lt\/wp-json\/wp\/v2\/types\/product"}],"replies":[{"embeddable":true,"href":"https:\/\/toidupakk.ee\/lt\/wp-json\/wp\/v2\/comments?post=47122"}],"wp:featuredmedia":[{"embeddable":true,"href":"https:\/\/toidupakk.ee\/lt\/wp-json\/wp\/v2\/media\/15094"}],"wp:attachment":[{"href":"https:\/\/toidupakk.ee\/lt\/wp-json\/wp\/v2\/media?parent=47122"}],"wp:term":[{"taxonomy":"product_brand","embeddable":true,"href":"https:\/\/toidupakk.ee\/lt\/wp-json\/wp\/v2\/product_brand?post=47122"},{"taxonomy":"product_cat","embeddable":true,"href":"https:\/\/toidupakk.ee\/lt\/wp-json\/wp\/v2\/product_cat?post=47122"},{"taxonomy":"product_tag","embeddable":true,"href":"https:\/\/toidupakk.ee\/lt\/wp-json\/wp\/v2\/product_tag?post=47122"}],"curies":[{"name":"wp","href":"https:\/\/api.w.org\/{rel}","templated":true}]}}