{"id":47111,"date":"2023-10-18T16:47:47","date_gmt":"2023-10-18T13:47:47","guid":{"rendered":"https:\/\/toidupakk.ee\/toode\/striuke-nuo-vejo-anorak-combat\/"},"modified":"2026-04-29T16:01:53","modified_gmt":"2026-04-29T13:01:53","slug":"striuke-nuo-vejo-anorak-combat","status":"publish","type":"product","link":"https:\/\/toidupakk.ee\/lt\/toode\/striuke-nuo-vejo-anorak-combat\/","title":{"rendered":"Striuk\u0117 nuo v\u0117jo Anorak Combat"},"content":{"rendered":"<p><img fetchpriority=\"high\" decoding=\"async\" class=\"alignright wp-image-14251 size-thumbnail\" src=\"https:\/\/toidupakk.ee\/wp-content\/uploads\/2023\/09\/Tuulejope-Anorak-Combat1-500x500.png\" alt=\"Striuk\u0117 nuo v\u0117jo Anorak Combat 2\" width=\"500\" height=\"500\" srcset=\"https:\/\/toidupakk.ee\/wp-content\/uploads\/2023\/09\/Tuulejope-Anorak-Combat1-500x500.png 500w, https:\/\/toidupakk.ee\/wp-content\/uploads\/2023\/09\/Tuulejope-Anorak-Combat1-400x400.png 400w, https:\/\/toidupakk.ee\/wp-content\/uploads\/2023\/09\/Tuulejope-Anorak-Combat1-100x100.png 100w, https:\/\/toidupakk.ee\/wp-content\/uploads\/2023\/09\/Tuulejope-Anorak-Combat1-300x300.png 300w, https:\/\/toidupakk.ee\/wp-content\/uploads\/2023\/09\/Tuulejope-Anorak-Combat1-768x768.png 768w, https:\/\/toidupakk.ee\/wp-content\/uploads\/2023\/09\/Tuulejope-Anorak-Combat1.png 800w\" sizes=\"(max-width: 500px) 100vw, 500px\" \/>Striuk\u0117 nuo v\u0117jo Anorak Combat yra lengva MIL-TEC striuk\u0117, skirta d\u0117v\u0117ti v\u0117juotu oru. J\u0105 gamina Vokietijos \u012fmon\u0117 \u201eSturm\u201c, besispecializuojanti karin\u0117s aprangos ir \u012frangos srityje. <\/p>\n<p>Striuk\u0117 nuo v\u0117jo Anorak Combat pagaminta i\u0161 patvarios med\u017eiagos, u\u017etikrinan\u010dios apsaug\u0105 lengvomis oro s\u0105lygomis. Ji taip pat pasi\u017eymi vidutiniu atsparumu vandeniui, saugan\u010diu nuo lengvo lietaus. Anorakas turi reguliuojam\u0105 kap\u0161on\u0105, suteikiant\u012f visi\u0161k\u0105 apsaug\u0105 ir komfort\u0105.  <\/p>\n<p>Striuk\u0117 turi didel\u0119 keng\u016bros tipo ki\u0161en\u0119, kurioje pakanka vietos daiktams laikyti. Be to, anorakas turi ir kit\u0173 funkcionali\u0173 ki\u0161eni\u0173, pavyzd\u017eiui, ki\u0161en\u0119 ant rankov\u0117s smulkiems daiktams. <\/p>\n<p>Anorak Combat yra patogi ir universali striuk\u0117, puikiai tinkanti \u012fvairiai veiklai lauke, \u012fskaitant \u017eygius, \u017evejyb\u0105 ir kitus nuotykius. D\u0117l stilingos i\u0161vaizdos ji tinka ir kasdieniam d\u0117v\u0117jimui. <\/p>\n<p><img decoding=\"async\" class=\"alignnone wp-image-12847 size-medium\" src=\"https:\/\/toidupakk.ee\/wp-content\/uploads\/2023\/08\/MIL-TEC-logo-300x300.png\" alt=\"MIL-TEC logotipas\" width=\"300\" height=\"300\" srcset=\"https:\/\/toidupakk.ee\/wp-content\/uploads\/2023\/08\/MIL-TEC-logo-300x300.png 300w, https:\/\/toidupakk.ee\/wp-content\/uploads\/2023\/08\/MIL-TEC-logo-400x400.png 400w, https:\/\/toidupakk.ee\/wp-content\/uploads\/2023\/08\/MIL-TEC-logo-100x100.png 100w, https:\/\/toidupakk.ee\/wp-content\/uploads\/2023\/08\/MIL-TEC-logo-800x800.png 800w, https:\/\/toidupakk.ee\/wp-content\/uploads\/2023\/08\/MIL-TEC-logo-1024x1024.png 1024w, https:\/\/toidupakk.ee\/wp-content\/uploads\/2023\/08\/MIL-TEC-logo-500x500.png 500w, https:\/\/toidupakk.ee\/wp-content\/uploads\/2023\/08\/MIL-TEC-logo-768x768.png 768w, https:\/\/toidupakk.ee\/wp-content\/uploads\/2023\/08\/MIL-TEC-logo.png 1080w\" sizes=\"(max-width: 300px) 100vw, 300px\" \/><\/p>\n<p>Daugiau turizmo preki\u0173 rasi <a href=\"https:\/\/toidupakk.ee\/lt\/tootekategooria\/zygio-iranga\/#section-3-79\">\u010cIA<\/a><\/p>\n<p>Jei domina maistas \u017eygiams \u2013 \u017ei\u016br\u0117k <a href=\"\/?product_cat=snakk#section-3-79\">\u010cIA<\/a><\/p>\n<p>Pasisemk \u012fkv\u0117pimo kitiems nuotykiams \u201eToidupakk\u201c <a href=\"https:\/\/www.instagram.com\/toidupakk\/\">Instagram<\/a> ir <a href=\"https:\/\/www.facebook.com\/Toidupakk\/\">Facebook<\/a> paskyrose.<\/p>\n","protected":false},"excerpt":{"rendered":"<p><strong>Anorak tipo striuk\u0117s saugo nuo v\u0117jo ir v\u0117saus oro. Tai ideali striuk\u0117 daugumai veikl\u0173 lauke, pakankamai lengva, kad prireikus gal\u0117tum ne\u0161iotis kuprin\u0117je. <\/strong><\/p>\n<ul>\n<li>I\u0161orinis striuk\u0117s sluoksnis pagamintas i\u0161 mikropluo\u0161to poliesterio<\/li>\n<li>Striuk\u0117s pamu\u0161alas 100 % poliesteris<\/li>\n<li>Didel\u0117 priekin\u0117 ki\u0161en\u0117 su pasl\u0117ptu u\u017etrauktuku<\/li>\n<li>2 \u0161onin\u0117s ki\u0161en\u0117s su pasl\u0117ptais u\u017etrauktukais<\/li>\n<li>Reguliuojamas kap\u0161onas ir apatinis kra\u0161tas<\/li>\n<li>Rankogaliai su elastine guma<\/li>\n<li>Ki\u0161en\u0117 ant peties su lipduku (galimyb\u0117 prisisegti emblem\u0105)<\/li>\n<li>Prek\u0117s \u017eenklas: MIL-TEC\u00ae<\/li>\n<\/ul>\n<p>\u2705 Turime sand\u0117lyje, greitas pristatymas per 1\u20133 d. d.<br \/>\n\u2705 NEMOKAMAS gr\u0105\u017einimas ir keitimas, jei netinka dydis<br \/>\n\u2705 Pirk dabar, mok\u0117k v\u0117liau (pal\u016bkanos 0 %)<\/p>\n","protected":false},"featured_media":14949,"comment_status":"open","ping_status":"closed","template":"","meta":{"_acf_changed":false},"product_brand":[],"product_cat":[191,193,210,220,189,190],"product_tag":[],"class_list":{"0":"post-47111","1":"product","2":"type-product","3":"status-publish","4":"has-post-thumbnail","6":"product_cat-drabuziai","7":"product_cat-karine-ekipuote","8":"product_cat-mil-tec","9":"product_cat-striukes","10":"product_cat-zygio-iranga","11":"product_cat-zygio-prekes","13":"first","14":"instock","15":"taxable","16":"shipping-taxable","17":"purchasable","18":"product-type-variable","19":"has-default-attributes"},"bundled_by":[],"bundle_stock_status":"instock","bundle_stock_quantity":null,"bundle_virtual":false,"bundle_layout":"","bundle_add_to_cart_form_location":"","bundle_editable_in_cart":false,"bundle_sold_individually_context":"","bundle_item_grouping":"","bundle_min_size":"","bundle_max_size":"","bundle_price":[],"bundled_items":[],"bundle_sell_ids":[],"acf":[],"yoast_head":"<!-- This site is optimized with the Yoast SEO plugin v27.3 - https:\/\/yoast.com\/product\/yoast-seo-wordpress\/ -->\n<title>Striuk\u0117 nuo v\u0117jo Anorak Combat<\/title>\n<meta name=\"description\" content=\"Striuk\u0117 nuo v\u0117jo Anorak Combat yra stilinga, funkcionali ir patvari striuk\u0117, sauganti nuo v\u0117jo bei lietaus, pagaminta i\u0161 kv\u0117puojan\u010di\u0173 med\u017eiag\u0173.\" \/>\n<meta name=\"robots\" content=\"index, follow, max-snippet:-1, max-image-preview:large, max-video-preview:-1\" \/>\n<link rel=\"canonical\" href=\"https:\/\/toidupakk.ee\/lt\/toode\/striuke-nuo-vejo-anorak-combat\/\" \/>\n<meta property=\"og:locale\" content=\"lt_LT\" \/>\n<meta property=\"og:type\" content=\"article\" \/>\n<meta property=\"og:title\" content=\"Striuk\u0117 nuo v\u0117jo Anorak Combat\" \/>\n<meta property=\"og:description\" content=\"Striuk\u0117 nuo v\u0117jo Anorak Combat yra stilinga, funkcionali ir patvari striuk\u0117, sauganti nuo v\u0117jo bei lietaus, pagaminta i\u0161 kv\u0117puojan\u010di\u0173 med\u017eiag\u0173.\" \/>\n<meta property=\"og:url\" content=\"https:\/\/toidupakk.ee\/lt\/toode\/striuke-nuo-vejo-anorak-combat\/\" \/>\n<meta property=\"og:site_name\" content=\"Toidupakk.ee - Tactical Foodpack toidupakid\" \/>\n<meta property=\"article:publisher\" content=\"https:\/\/www.facebook.com\/Toidupakk\" \/>\n<meta property=\"article:modified_time\" content=\"2026-04-29T13:01:53+00:00\" \/>\n<meta property=\"og:image\" content=\"https:\/\/toidupakk.ee\/wp-content\/uploads\/2023\/09\/Tuulejope-Anorak-roheline-1.png\" \/>\n\t<meta property=\"og:image:width\" content=\"800\" \/>\n\t<meta property=\"og:image:height\" content=\"800\" \/>\n\t<meta property=\"og:image:type\" content=\"image\/png\" \/>\n<meta name=\"twitter:card\" content=\"summary_large_image\" \/>\n<meta name=\"twitter:label1\" content=\"Est. reading time\" \/>\n\t<meta name=\"twitter:data1\" content=\"1 minut\u0117\" \/>\n<script type=\"application\/ld+json\" class=\"yoast-schema-graph\">{\"@context\":\"https:\\\/\\\/schema.org\",\"@graph\":[{\"@type\":\"WebPage\",\"@id\":\"https:\\\/\\\/toidupakk.ee\\\/lt\\\/toode\\\/striuke-nuo-vejo-anorak-combat\\\/\",\"url\":\"https:\\\/\\\/toidupakk.ee\\\/lt\\\/toode\\\/striuke-nuo-vejo-anorak-combat\\\/\",\"name\":\"Striuk\u0117 nuo v\u0117jo Anorak Combat\",\"isPartOf\":{\"@id\":\"https:\\\/\\\/toidupakk.ee\\\/lt\\\/#website\"},\"primaryImageOfPage\":{\"@id\":\"https:\\\/\\\/toidupakk.ee\\\/lt\\\/toode\\\/striuke-nuo-vejo-anorak-combat\\\/#primaryimage\"},\"image\":{\"@id\":\"https:\\\/\\\/toidupakk.ee\\\/lt\\\/toode\\\/striuke-nuo-vejo-anorak-combat\\\/#primaryimage\"},\"thumbnailUrl\":\"https:\\\/\\\/toidupakk.ee\\\/wp-content\\\/uploads\\\/2023\\\/09\\\/Tuulejope-Anorak-roheline-1.png\",\"datePublished\":\"2023-10-18T13:47:47+00:00\",\"dateModified\":\"2026-04-29T13:01:53+00:00\",\"description\":\"Striuk\u0117 nuo v\u0117jo Anorak Combat yra stilinga, funkcionali ir patvari striuk\u0117, sauganti nuo v\u0117jo bei lietaus, pagaminta i\u0161 kv\u0117puojan\u010di\u0173 med\u017eiag\u0173.\",\"breadcrumb\":{\"@id\":\"https:\\\/\\\/toidupakk.ee\\\/lt\\\/toode\\\/striuke-nuo-vejo-anorak-combat\\\/#breadcrumb\"},\"inLanguage\":\"lt-LT\",\"potentialAction\":[{\"@type\":\"ReadAction\",\"target\":[\"https:\\\/\\\/toidupakk.ee\\\/lt\\\/toode\\\/striuke-nuo-vejo-anorak-combat\\\/\"]}]},{\"@type\":\"ImageObject\",\"inLanguage\":\"lt-LT\",\"@id\":\"https:\\\/\\\/toidupakk.ee\\\/lt\\\/toode\\\/striuke-nuo-vejo-anorak-combat\\\/#primaryimage\",\"url\":\"https:\\\/\\\/toidupakk.ee\\\/wp-content\\\/uploads\\\/2023\\\/09\\\/Tuulejope-Anorak-roheline-1.png\",\"contentUrl\":\"https:\\\/\\\/toidupakk.ee\\\/wp-content\\\/uploads\\\/2023\\\/09\\\/Tuulejope-Anorak-roheline-1.png\",\"width\":800,\"height\":800},{\"@type\":\"BreadcrumbList\",\"@id\":\"https:\\\/\\\/toidupakk.ee\\\/lt\\\/toode\\\/striuke-nuo-vejo-anorak-combat\\\/#breadcrumb\",\"itemListElement\":[{\"@type\":\"ListItem\",\"position\":1,\"name\":\"Avaleht\",\"item\":\"https:\\\/\\\/toidupakk.ee\\\/lt\\\/\"},{\"@type\":\"ListItem\",\"position\":2,\"name\":\"El. parduotuv\u0117\",\"item\":\"https:\\\/\\\/toidupakk.ee\\\/lt\\\/el-parduotuve\\\/\"},{\"@type\":\"ListItem\",\"position\":3,\"name\":\"Striuk\u0117 nuo v\u0117jo Anorak Combat\"}]},{\"@type\":\"WebSite\",\"@id\":\"https:\\\/\\\/toidupakk.ee\\\/lt\\\/#website\",\"url\":\"https:\\\/\\\/toidupakk.ee\\\/lt\\\/\",\"name\":\"Toidupakk.ee - Tactical Foodpack toidupakid\",\"description\":\"Tactical Foodpack k\u00fclmkuivatatud toidupakid ja matkaeined\",\"publisher\":{\"@id\":\"https:\\\/\\\/toidupakk.ee\\\/lt\\\/#organization\"},\"potentialAction\":[{\"@type\":\"SearchAction\",\"target\":{\"@type\":\"EntryPoint\",\"urlTemplate\":\"https:\\\/\\\/toidupakk.ee\\\/lt\\\/?s={search_term_string}\"},\"query-input\":{\"@type\":\"PropertyValueSpecification\",\"valueRequired\":true,\"valueName\":\"search_term_string\"}}],\"inLanguage\":\"lt-LT\"},{\"@type\":\"Organization\",\"@id\":\"https:\\\/\\\/toidupakk.ee\\\/lt\\\/#organization\",\"name\":\"Tactical Foodpack matkaeined\",\"url\":\"https:\\\/\\\/toidupakk.ee\\\/lt\\\/\",\"logo\":{\"@type\":\"ImageObject\",\"inLanguage\":\"lt-LT\",\"@id\":\"https:\\\/\\\/toidupakk.ee\\\/lt\\\/#\\\/schema\\\/logo\\\/image\\\/\",\"url\":\"https:\\\/\\\/toidupakk.ee\\\/wp-content\\\/uploads\\\/2022\\\/01\\\/Toidupakk-matkapood-logo-transparent.png\",\"contentUrl\":\"https:\\\/\\\/toidupakk.ee\\\/wp-content\\\/uploads\\\/2022\\\/01\\\/Toidupakk-matkapood-logo-transparent.png\",\"width\":500,\"height\":500,\"caption\":\"Tactical Foodpack matkaeined\"},\"image\":{\"@id\":\"https:\\\/\\\/toidupakk.ee\\\/lt\\\/#\\\/schema\\\/logo\\\/image\\\/\"},\"sameAs\":[\"https:\\\/\\\/www.facebook.com\\\/Toidupakk\",\"https:\\\/\\\/www.instagram.com\\\/toidupakk\\\/\"]}]}<\/script>\n<!-- \/ Yoast SEO plugin. -->","yoast_head_json":{"title":"Striuk\u0117 nuo v\u0117jo Anorak Combat","description":"Striuk\u0117 nuo v\u0117jo Anorak Combat yra stilinga, funkcionali ir patvari striuk\u0117, sauganti nuo v\u0117jo bei lietaus, pagaminta i\u0161 kv\u0117puojan\u010di\u0173 med\u017eiag\u0173.","robots":{"index":"index","follow":"follow","max-snippet":"max-snippet:-1","max-image-preview":"max-image-preview:large","max-video-preview":"max-video-preview:-1"},"canonical":"https:\/\/toidupakk.ee\/lt\/toode\/striuke-nuo-vejo-anorak-combat\/","og_locale":"lt_LT","og_type":"article","og_title":"Striuk\u0117 nuo v\u0117jo Anorak Combat","og_description":"Striuk\u0117 nuo v\u0117jo Anorak Combat yra stilinga, funkcionali ir patvari striuk\u0117, sauganti nuo v\u0117jo bei lietaus, pagaminta i\u0161 kv\u0117puojan\u010di\u0173 med\u017eiag\u0173.","og_url":"https:\/\/toidupakk.ee\/lt\/toode\/striuke-nuo-vejo-anorak-combat\/","og_site_name":"Toidupakk.ee - Tactical Foodpack toidupakid","article_publisher":"https:\/\/www.facebook.com\/Toidupakk","article_modified_time":"2026-04-29T13:01:53+00:00","og_image":[{"width":800,"height":800,"url":"https:\/\/toidupakk.ee\/wp-content\/uploads\/2023\/09\/Tuulejope-Anorak-roheline-1.png","type":"image\/png"}],"twitter_card":"summary_large_image","twitter_misc":{"Est. reading time":"1 minut\u0117"},"schema":{"@context":"https:\/\/schema.org","@graph":[{"@type":"WebPage","@id":"https:\/\/toidupakk.ee\/lt\/toode\/striuke-nuo-vejo-anorak-combat\/","url":"https:\/\/toidupakk.ee\/lt\/toode\/striuke-nuo-vejo-anorak-combat\/","name":"Striuk\u0117 nuo v\u0117jo Anorak Combat","isPartOf":{"@id":"https:\/\/toidupakk.ee\/lt\/#website"},"primaryImageOfPage":{"@id":"https:\/\/toidupakk.ee\/lt\/toode\/striuke-nuo-vejo-anorak-combat\/#primaryimage"},"image":{"@id":"https:\/\/toidupakk.ee\/lt\/toode\/striuke-nuo-vejo-anorak-combat\/#primaryimage"},"thumbnailUrl":"https:\/\/toidupakk.ee\/wp-content\/uploads\/2023\/09\/Tuulejope-Anorak-roheline-1.png","datePublished":"2023-10-18T13:47:47+00:00","dateModified":"2026-04-29T13:01:53+00:00","description":"Striuk\u0117 nuo v\u0117jo Anorak Combat yra stilinga, funkcionali ir patvari striuk\u0117, sauganti nuo v\u0117jo bei lietaus, pagaminta i\u0161 kv\u0117puojan\u010di\u0173 med\u017eiag\u0173.","breadcrumb":{"@id":"https:\/\/toidupakk.ee\/lt\/toode\/striuke-nuo-vejo-anorak-combat\/#breadcrumb"},"inLanguage":"lt-LT","potentialAction":[{"@type":"ReadAction","target":["https:\/\/toidupakk.ee\/lt\/toode\/striuke-nuo-vejo-anorak-combat\/"]}]},{"@type":"ImageObject","inLanguage":"lt-LT","@id":"https:\/\/toidupakk.ee\/lt\/toode\/striuke-nuo-vejo-anorak-combat\/#primaryimage","url":"https:\/\/toidupakk.ee\/wp-content\/uploads\/2023\/09\/Tuulejope-Anorak-roheline-1.png","contentUrl":"https:\/\/toidupakk.ee\/wp-content\/uploads\/2023\/09\/Tuulejope-Anorak-roheline-1.png","width":800,"height":800},{"@type":"BreadcrumbList","@id":"https:\/\/toidupakk.ee\/lt\/toode\/striuke-nuo-vejo-anorak-combat\/#breadcrumb","itemListElement":[{"@type":"ListItem","position":1,"name":"Avaleht","item":"https:\/\/toidupakk.ee\/lt\/"},{"@type":"ListItem","position":2,"name":"El. parduotuv\u0117","item":"https:\/\/toidupakk.ee\/lt\/el-parduotuve\/"},{"@type":"ListItem","position":3,"name":"Striuk\u0117 nuo v\u0117jo Anorak Combat"}]},{"@type":"WebSite","@id":"https:\/\/toidupakk.ee\/lt\/#website","url":"https:\/\/toidupakk.ee\/lt\/","name":"Toidupakk.ee - Tactical Foodpack toidupakid","description":"Tactical Foodpack k\u00fclmkuivatatud toidupakid ja matkaeined","publisher":{"@id":"https:\/\/toidupakk.ee\/lt\/#organization"},"potentialAction":[{"@type":"SearchAction","target":{"@type":"EntryPoint","urlTemplate":"https:\/\/toidupakk.ee\/lt\/?s={search_term_string}"},"query-input":{"@type":"PropertyValueSpecification","valueRequired":true,"valueName":"search_term_string"}}],"inLanguage":"lt-LT"},{"@type":"Organization","@id":"https:\/\/toidupakk.ee\/lt\/#organization","name":"Tactical Foodpack matkaeined","url":"https:\/\/toidupakk.ee\/lt\/","logo":{"@type":"ImageObject","inLanguage":"lt-LT","@id":"https:\/\/toidupakk.ee\/lt\/#\/schema\/logo\/image\/","url":"https:\/\/toidupakk.ee\/wp-content\/uploads\/2022\/01\/Toidupakk-matkapood-logo-transparent.png","contentUrl":"https:\/\/toidupakk.ee\/wp-content\/uploads\/2022\/01\/Toidupakk-matkapood-logo-transparent.png","width":500,"height":500,"caption":"Tactical Foodpack matkaeined"},"image":{"@id":"https:\/\/toidupakk.ee\/lt\/#\/schema\/logo\/image\/"},"sameAs":["https:\/\/www.facebook.com\/Toidupakk","https:\/\/www.instagram.com\/toidupakk\/"]}]}},"jetpack_sharing_enabled":true,"_links":{"self":[{"href":"https:\/\/toidupakk.ee\/lt\/wp-json\/wp\/v2\/product\/47111","targetHints":{"allow":["GET"]}}],"collection":[{"href":"https:\/\/toidupakk.ee\/lt\/wp-json\/wp\/v2\/product"}],"about":[{"href":"https:\/\/toidupakk.ee\/lt\/wp-json\/wp\/v2\/types\/product"}],"replies":[{"embeddable":true,"href":"https:\/\/toidupakk.ee\/lt\/wp-json\/wp\/v2\/comments?post=47111"}],"wp:featuredmedia":[{"embeddable":true,"href":"https:\/\/toidupakk.ee\/lt\/wp-json\/wp\/v2\/media\/14949"}],"wp:attachment":[{"href":"https:\/\/toidupakk.ee\/lt\/wp-json\/wp\/v2\/media?parent=47111"}],"wp:term":[{"taxonomy":"product_brand","embeddable":true,"href":"https:\/\/toidupakk.ee\/lt\/wp-json\/wp\/v2\/product_brand?post=47111"},{"taxonomy":"product_cat","embeddable":true,"href":"https:\/\/toidupakk.ee\/lt\/wp-json\/wp\/v2\/product_cat?post=47111"},{"taxonomy":"product_tag","embeddable":true,"href":"https:\/\/toidupakk.ee\/lt\/wp-json\/wp\/v2\/product_tag?post=47111"}],"curies":[{"name":"wp","href":"https:\/\/api.w.org\/{rel}","templated":true}]}}