{"id":47092,"date":"2023-10-24T16:22:06","date_gmt":"2023-10-24T13:22:06","guid":{"rendered":"https:\/\/toidupakk.ee\/toode\/ziemines-pirstines-dark-coyote-army\/"},"modified":"2026-04-16T09:01:46","modified_gmt":"2026-04-16T06:01:46","slug":"ziemines-pirstines-dark-coyote-army","status":"publish","type":"product","link":"https:\/\/toidupakk.ee\/lt\/toode\/ziemines-pirstines-dark-coyote-army\/","title":{"rendered":"\u017diemin\u0117s pir\u0161tin\u0117s \u201eDark Coyote Army\u201c"},"content":{"rendered":"<p>\u017diemini\u0173 pir\u0161tini\u0173 \u201eDark Coyote Army\u201c i\u0161orin\u0117 med\u017eiaga sudaryta i\u0161 50 % nailono, 21 % elastano, 20 % poliuretano ir 9 % neopreno. Toks med\u017eiag\u0173 derinys u\u017etikrina patvarum\u0105 ir lankstum\u0105. Pir\u0161tin\u0117s turi \u201eHiPora\u00ae\u201c membran\u0105.  <\/p>\n<p>Pir\u0161tini\u0173 pamu\u0161alas pagamintas i\u0161 100 % poliesterio, kuris suteikia papildomo komforto ir \u0161ilumos. \u201eThinsulate\u2122 Insulation\u201c u\u017epildas padeda i\u0161laikyti \u0161ilum\u0105, tod\u0117l pir\u0161tin\u0117s puikiai tinka \u0161altoms oro s\u0105lygoms. <\/p>\n<p>Delnai ir pir\u0161t\u0173 galiukai padengti neslystan\u010dia danga, u\u017etikrinan\u010dia tvirt\u0105 sukibim\u0105. \u0160i funkcija palengvina daikt\u0173 laikym\u0105, kad jie nei\u0161slyst\u0173 i\u0161 rank\u0173. <\/p>\n<p><img fetchpriority=\"high\" decoding=\"async\" class=\"alignnone wp-image-15143 size-thumbnail\" src=\"https:\/\/toidupakk.ee\/wp-content\/uploads\/2023\/10\/7-500x500.png\" alt=\"\" width=\"500\" height=\"500\" srcset=\"https:\/\/toidupakk.ee\/wp-content\/uploads\/2023\/10\/7-500x500.png 500w, https:\/\/toidupakk.ee\/wp-content\/uploads\/2023\/10\/7-400x400.png 400w, https:\/\/toidupakk.ee\/wp-content\/uploads\/2023\/10\/7-100x100.png 100w, https:\/\/toidupakk.ee\/wp-content\/uploads\/2023\/10\/7-800x800.png 800w, https:\/\/toidupakk.ee\/wp-content\/uploads\/2023\/10\/7-300x300.png 300w, https:\/\/toidupakk.ee\/wp-content\/uploads\/2023\/10\/7-1024x1024.png 1024w, https:\/\/toidupakk.ee\/wp-content\/uploads\/2023\/10\/7-768x768.png 768w, https:\/\/toidupakk.ee\/wp-content\/uploads\/2023\/10\/7.png 1080w\" sizes=\"(max-width: 500px) 100vw, 500px\" \/><\/p>\n<p>Daugiau \u017eygio preki\u0173 rasi <a href=\"https:\/\/toidupakk.ee\/lt\/tootekategooria\/zygio-iranga\/#section-3-79\">\u010cIA<\/a><\/p>\n<p>Pasisemk \u012fkv\u0117pimo kitiems nuotykiams \u201eToidupakk\u201c <a href=\"https:\/\/www.instagram.com\/toidupakk\/\">Instagram<\/a> ir <a href=\"https:\/\/www.facebook.com\/Toidupakk\/\">Facebook<\/a> paskyrose.<\/p>\n","protected":false},"excerpt":{"rendered":"<p><strong>\u017diemin\u0117s pir\u0161tin\u0117s \u201eDark Coyote Army\u201c specialiai sukurtos naudoti \u017eiem\u0105, u\u017etikrinant \u0161ilt\u0105 ir dr\u0117gmei atspari\u0105 rank\u0173 apsaug\u0105.<\/strong><\/p>\n<ul class=\"my-1 list-disc pl-4\">\n<li class=\"my-1 text-base\">I\u0161orin\u0117 med\u017eiaga: 50 % nailonas, 21 % elastanas, 20 % poliuretanas, 9 % neoprenas<\/li>\n<li class=\"my-1 text-base\"><strong>HiPora\u00ae membrana<\/strong> \u2013 \u201eHipora\u00ae\u201c technologija suteikia pir\u0161tin\u0117ms vandeniui atspar\u0173 sluoksn\u012f, kuris kartu yra ir kv\u0117puojantis. Tai trij\u0173 sluoksni\u0173 mikroporinga membrana, kurios poros yra pakankamai ma\u017eos, kad nepraleist\u0173 vandens, bet pakankamai didel\u0117s, kad i\u0161garint\u0173 dr\u0117gm\u0119. <\/li>\n<li class=\"my-1 text-base\">Pamu\u0161alas: 100 % poliesteris<\/li>\n<li class=\"my-1 text-base\">U\u017epildas: <strong>Thinsulate\u2122 izoliacija<\/strong><\/li>\n<li class=\"my-1 text-base\">Neslystanti danga ant deln\u0173 ir pir\u0161t\u0173 galiuk\u0173<\/li>\n<\/ul>\n<p>\u2705 Pristatymas per 1\u20133 darbo dienas<br \/>\n\u2705 NEMOKAMAS gr\u0105\u017einimas ir keitimas<\/p>\n","protected":false},"featured_media":15085,"comment_status":"open","ping_status":"closed","template":"","meta":{"_acf_changed":false},"product_brand":[],"product_cat":[191,253,200,199,189,190],"product_tag":[],"class_list":{"0":"post-47092","1":"product","2":"type-product","3":"status-publish","4":"has-post-thumbnail","6":"product_cat-drabuziai","7":"product_cat-pirstines","8":"product_cat-praktiskos-dovanu-idejos","9":"product_cat-ziemos-prekes","10":"product_cat-zygio-iranga","11":"product_cat-zygio-prekes","13":"first","14":"instock","15":"taxable","16":"shipping-taxable","17":"purchasable","18":"product-type-variable","19":"has-default-attributes"},"bundled_by":[],"bundle_stock_status":"instock","bundle_stock_quantity":null,"bundle_virtual":false,"bundle_layout":"","bundle_add_to_cart_form_location":"","bundle_editable_in_cart":false,"bundle_sold_individually_context":"","bundle_item_grouping":"","bundle_min_size":"","bundle_max_size":"","bundle_price":[],"bundled_items":[],"bundle_sell_ids":[],"acf":[],"yoast_head":"<!-- This site is optimized with the Yoast SEO plugin v27.3 - https:\/\/yoast.com\/product\/yoast-seo-wordpress\/ -->\n<title>\u017diemin\u0117s pir\u0161tin\u0117s \u201eDark Coyote Army\u201c<\/title>\n<meta name=\"description\" content=\"\u017diemin\u0117s pir\u0161tin\u0117s \u201eDark Coyote Army\u201c u\u017etikrina \u0161ilum\u0105, atsparum\u0105 vandeniui, puik\u0173 prigludim\u0105 ir geresn\u012f sukibim\u0105.\" \/>\n<meta name=\"robots\" content=\"index, follow, max-snippet:-1, max-image-preview:large, max-video-preview:-1\" \/>\n<link rel=\"canonical\" href=\"https:\/\/toidupakk.ee\/lt\/toode\/ziemines-pirstines-dark-coyote-army\/\" \/>\n<meta property=\"og:locale\" content=\"lt_LT\" \/>\n<meta property=\"og:type\" content=\"article\" \/>\n<meta property=\"og:title\" content=\"\u017diemin\u0117s pir\u0161tin\u0117s \u201eDark Coyote Army\u201c\" \/>\n<meta property=\"og:description\" content=\"\u017diemin\u0117s pir\u0161tin\u0117s \u201eDark Coyote Army\u201c u\u017etikrina \u0161ilum\u0105, atsparum\u0105 vandeniui, puik\u0173 prigludim\u0105 ir geresn\u012f sukibim\u0105.\" \/>\n<meta property=\"og:url\" content=\"https:\/\/toidupakk.ee\/lt\/toode\/ziemines-pirstines-dark-coyote-army\/\" \/>\n<meta property=\"og:site_name\" content=\"Toidupakk.ee - Tactical Foodpack toidupakid\" \/>\n<meta property=\"article:publisher\" content=\"https:\/\/www.facebook.com\/Toidupakk\" \/>\n<meta property=\"article:modified_time\" content=\"2026-04-16T06:01:46+00:00\" \/>\n<meta property=\"og:image\" content=\"https:\/\/toidupakk.ee\/wp-content\/uploads\/2023\/10\/Talvekindad-Dark-Coyote-Army.png\" \/>\n\t<meta property=\"og:image:width\" content=\"800\" \/>\n\t<meta property=\"og:image:height\" content=\"800\" \/>\n\t<meta property=\"og:image:type\" content=\"image\/png\" \/>\n<meta name=\"twitter:card\" content=\"summary_large_image\" \/>\n<meta name=\"twitter:label1\" content=\"Est. reading time\" \/>\n\t<meta name=\"twitter:data1\" content=\"1 minut\u0117\" \/>\n<script type=\"application\/ld+json\" class=\"yoast-schema-graph\">{\"@context\":\"https:\\\/\\\/schema.org\",\"@graph\":[{\"@type\":\"WebPage\",\"@id\":\"https:\\\/\\\/toidupakk.ee\\\/lt\\\/toode\\\/ziemines-pirstines-dark-coyote-army\\\/\",\"url\":\"https:\\\/\\\/toidupakk.ee\\\/lt\\\/toode\\\/ziemines-pirstines-dark-coyote-army\\\/\",\"name\":\"\u017diemin\u0117s pir\u0161tin\u0117s \u201eDark Coyote Army\u201c\",\"isPartOf\":{\"@id\":\"https:\\\/\\\/toidupakk.ee\\\/lt\\\/#website\"},\"primaryImageOfPage\":{\"@id\":\"https:\\\/\\\/toidupakk.ee\\\/lt\\\/toode\\\/ziemines-pirstines-dark-coyote-army\\\/#primaryimage\"},\"image\":{\"@id\":\"https:\\\/\\\/toidupakk.ee\\\/lt\\\/toode\\\/ziemines-pirstines-dark-coyote-army\\\/#primaryimage\"},\"thumbnailUrl\":\"https:\\\/\\\/toidupakk.ee\\\/wp-content\\\/uploads\\\/2023\\\/10\\\/Talvekindad-Dark-Coyote-Army.png\",\"datePublished\":\"2023-10-24T13:22:06+00:00\",\"dateModified\":\"2026-04-16T06:01:46+00:00\",\"description\":\"\u017diemin\u0117s pir\u0161tin\u0117s \u201eDark Coyote Army\u201c u\u017etikrina \u0161ilum\u0105, atsparum\u0105 vandeniui, puik\u0173 prigludim\u0105 ir geresn\u012f sukibim\u0105.\",\"breadcrumb\":{\"@id\":\"https:\\\/\\\/toidupakk.ee\\\/lt\\\/toode\\\/ziemines-pirstines-dark-coyote-army\\\/#breadcrumb\"},\"inLanguage\":\"lt-LT\",\"potentialAction\":[{\"@type\":\"ReadAction\",\"target\":[\"https:\\\/\\\/toidupakk.ee\\\/lt\\\/toode\\\/ziemines-pirstines-dark-coyote-army\\\/\"]}]},{\"@type\":\"ImageObject\",\"inLanguage\":\"lt-LT\",\"@id\":\"https:\\\/\\\/toidupakk.ee\\\/lt\\\/toode\\\/ziemines-pirstines-dark-coyote-army\\\/#primaryimage\",\"url\":\"https:\\\/\\\/toidupakk.ee\\\/wp-content\\\/uploads\\\/2023\\\/10\\\/Talvekindad-Dark-Coyote-Army.png\",\"contentUrl\":\"https:\\\/\\\/toidupakk.ee\\\/wp-content\\\/uploads\\\/2023\\\/10\\\/Talvekindad-Dark-Coyote-Army.png\",\"width\":800,\"height\":800,\"caption\":\"Talvekindad Dark Coyote Army 1\"},{\"@type\":\"BreadcrumbList\",\"@id\":\"https:\\\/\\\/toidupakk.ee\\\/lt\\\/toode\\\/ziemines-pirstines-dark-coyote-army\\\/#breadcrumb\",\"itemListElement\":[{\"@type\":\"ListItem\",\"position\":1,\"name\":\"Avaleht\",\"item\":\"https:\\\/\\\/toidupakk.ee\\\/lt\\\/\"},{\"@type\":\"ListItem\",\"position\":2,\"name\":\"El. parduotuv\u0117\",\"item\":\"https:\\\/\\\/toidupakk.ee\\\/lt\\\/el-parduotuve\\\/\"},{\"@type\":\"ListItem\",\"position\":3,\"name\":\"\u017diemin\u0117s pir\u0161tin\u0117s \u201eDark Coyote Army\u201c\"}]},{\"@type\":\"WebSite\",\"@id\":\"https:\\\/\\\/toidupakk.ee\\\/lt\\\/#website\",\"url\":\"https:\\\/\\\/toidupakk.ee\\\/lt\\\/\",\"name\":\"Toidupakk.ee - Tactical Foodpack toidupakid\",\"description\":\"Tactical Foodpack k\u00fclmkuivatatud toidupakid ja matkaeined\",\"publisher\":{\"@id\":\"https:\\\/\\\/toidupakk.ee\\\/lt\\\/#organization\"},\"potentialAction\":[{\"@type\":\"SearchAction\",\"target\":{\"@type\":\"EntryPoint\",\"urlTemplate\":\"https:\\\/\\\/toidupakk.ee\\\/lt\\\/?s={search_term_string}\"},\"query-input\":{\"@type\":\"PropertyValueSpecification\",\"valueRequired\":true,\"valueName\":\"search_term_string\"}}],\"inLanguage\":\"lt-LT\"},{\"@type\":\"Organization\",\"@id\":\"https:\\\/\\\/toidupakk.ee\\\/lt\\\/#organization\",\"name\":\"Tactical Foodpack matkaeined\",\"url\":\"https:\\\/\\\/toidupakk.ee\\\/lt\\\/\",\"logo\":{\"@type\":\"ImageObject\",\"inLanguage\":\"lt-LT\",\"@id\":\"https:\\\/\\\/toidupakk.ee\\\/lt\\\/#\\\/schema\\\/logo\\\/image\\\/\",\"url\":\"https:\\\/\\\/toidupakk.ee\\\/wp-content\\\/uploads\\\/2022\\\/01\\\/Toidupakk-matkapood-logo-transparent.png\",\"contentUrl\":\"https:\\\/\\\/toidupakk.ee\\\/wp-content\\\/uploads\\\/2022\\\/01\\\/Toidupakk-matkapood-logo-transparent.png\",\"width\":500,\"height\":500,\"caption\":\"Tactical Foodpack matkaeined\"},\"image\":{\"@id\":\"https:\\\/\\\/toidupakk.ee\\\/lt\\\/#\\\/schema\\\/logo\\\/image\\\/\"},\"sameAs\":[\"https:\\\/\\\/www.facebook.com\\\/Toidupakk\",\"https:\\\/\\\/www.instagram.com\\\/toidupakk\\\/\"]}]}<\/script>\n<!-- \/ Yoast SEO plugin. -->","yoast_head_json":{"title":"\u017diemin\u0117s pir\u0161tin\u0117s \u201eDark Coyote Army\u201c","description":"\u017diemin\u0117s pir\u0161tin\u0117s \u201eDark Coyote Army\u201c u\u017etikrina \u0161ilum\u0105, atsparum\u0105 vandeniui, puik\u0173 prigludim\u0105 ir geresn\u012f sukibim\u0105.","robots":{"index":"index","follow":"follow","max-snippet":"max-snippet:-1","max-image-preview":"max-image-preview:large","max-video-preview":"max-video-preview:-1"},"canonical":"https:\/\/toidupakk.ee\/lt\/toode\/ziemines-pirstines-dark-coyote-army\/","og_locale":"lt_LT","og_type":"article","og_title":"\u017diemin\u0117s pir\u0161tin\u0117s \u201eDark Coyote Army\u201c","og_description":"\u017diemin\u0117s pir\u0161tin\u0117s \u201eDark Coyote Army\u201c u\u017etikrina \u0161ilum\u0105, atsparum\u0105 vandeniui, puik\u0173 prigludim\u0105 ir geresn\u012f sukibim\u0105.","og_url":"https:\/\/toidupakk.ee\/lt\/toode\/ziemines-pirstines-dark-coyote-army\/","og_site_name":"Toidupakk.ee - Tactical Foodpack toidupakid","article_publisher":"https:\/\/www.facebook.com\/Toidupakk","article_modified_time":"2026-04-16T06:01:46+00:00","og_image":[{"width":800,"height":800,"url":"https:\/\/toidupakk.ee\/wp-content\/uploads\/2023\/10\/Talvekindad-Dark-Coyote-Army.png","type":"image\/png"}],"twitter_card":"summary_large_image","twitter_misc":{"Est. reading time":"1 minut\u0117"},"schema":{"@context":"https:\/\/schema.org","@graph":[{"@type":"WebPage","@id":"https:\/\/toidupakk.ee\/lt\/toode\/ziemines-pirstines-dark-coyote-army\/","url":"https:\/\/toidupakk.ee\/lt\/toode\/ziemines-pirstines-dark-coyote-army\/","name":"\u017diemin\u0117s pir\u0161tin\u0117s \u201eDark Coyote Army\u201c","isPartOf":{"@id":"https:\/\/toidupakk.ee\/lt\/#website"},"primaryImageOfPage":{"@id":"https:\/\/toidupakk.ee\/lt\/toode\/ziemines-pirstines-dark-coyote-army\/#primaryimage"},"image":{"@id":"https:\/\/toidupakk.ee\/lt\/toode\/ziemines-pirstines-dark-coyote-army\/#primaryimage"},"thumbnailUrl":"https:\/\/toidupakk.ee\/wp-content\/uploads\/2023\/10\/Talvekindad-Dark-Coyote-Army.png","datePublished":"2023-10-24T13:22:06+00:00","dateModified":"2026-04-16T06:01:46+00:00","description":"\u017diemin\u0117s pir\u0161tin\u0117s \u201eDark Coyote Army\u201c u\u017etikrina \u0161ilum\u0105, atsparum\u0105 vandeniui, puik\u0173 prigludim\u0105 ir geresn\u012f sukibim\u0105.","breadcrumb":{"@id":"https:\/\/toidupakk.ee\/lt\/toode\/ziemines-pirstines-dark-coyote-army\/#breadcrumb"},"inLanguage":"lt-LT","potentialAction":[{"@type":"ReadAction","target":["https:\/\/toidupakk.ee\/lt\/toode\/ziemines-pirstines-dark-coyote-army\/"]}]},{"@type":"ImageObject","inLanguage":"lt-LT","@id":"https:\/\/toidupakk.ee\/lt\/toode\/ziemines-pirstines-dark-coyote-army\/#primaryimage","url":"https:\/\/toidupakk.ee\/wp-content\/uploads\/2023\/10\/Talvekindad-Dark-Coyote-Army.png","contentUrl":"https:\/\/toidupakk.ee\/wp-content\/uploads\/2023\/10\/Talvekindad-Dark-Coyote-Army.png","width":800,"height":800,"caption":"Talvekindad Dark Coyote Army 1"},{"@type":"BreadcrumbList","@id":"https:\/\/toidupakk.ee\/lt\/toode\/ziemines-pirstines-dark-coyote-army\/#breadcrumb","itemListElement":[{"@type":"ListItem","position":1,"name":"Avaleht","item":"https:\/\/toidupakk.ee\/lt\/"},{"@type":"ListItem","position":2,"name":"El. parduotuv\u0117","item":"https:\/\/toidupakk.ee\/lt\/el-parduotuve\/"},{"@type":"ListItem","position":3,"name":"\u017diemin\u0117s pir\u0161tin\u0117s \u201eDark Coyote Army\u201c"}]},{"@type":"WebSite","@id":"https:\/\/toidupakk.ee\/lt\/#website","url":"https:\/\/toidupakk.ee\/lt\/","name":"Toidupakk.ee - Tactical Foodpack toidupakid","description":"Tactical Foodpack k\u00fclmkuivatatud toidupakid ja matkaeined","publisher":{"@id":"https:\/\/toidupakk.ee\/lt\/#organization"},"potentialAction":[{"@type":"SearchAction","target":{"@type":"EntryPoint","urlTemplate":"https:\/\/toidupakk.ee\/lt\/?s={search_term_string}"},"query-input":{"@type":"PropertyValueSpecification","valueRequired":true,"valueName":"search_term_string"}}],"inLanguage":"lt-LT"},{"@type":"Organization","@id":"https:\/\/toidupakk.ee\/lt\/#organization","name":"Tactical Foodpack matkaeined","url":"https:\/\/toidupakk.ee\/lt\/","logo":{"@type":"ImageObject","inLanguage":"lt-LT","@id":"https:\/\/toidupakk.ee\/lt\/#\/schema\/logo\/image\/","url":"https:\/\/toidupakk.ee\/wp-content\/uploads\/2022\/01\/Toidupakk-matkapood-logo-transparent.png","contentUrl":"https:\/\/toidupakk.ee\/wp-content\/uploads\/2022\/01\/Toidupakk-matkapood-logo-transparent.png","width":500,"height":500,"caption":"Tactical Foodpack matkaeined"},"image":{"@id":"https:\/\/toidupakk.ee\/lt\/#\/schema\/logo\/image\/"},"sameAs":["https:\/\/www.facebook.com\/Toidupakk","https:\/\/www.instagram.com\/toidupakk\/"]}]}},"jetpack_sharing_enabled":true,"_links":{"self":[{"href":"https:\/\/toidupakk.ee\/lt\/wp-json\/wp\/v2\/product\/47092","targetHints":{"allow":["GET"]}}],"collection":[{"href":"https:\/\/toidupakk.ee\/lt\/wp-json\/wp\/v2\/product"}],"about":[{"href":"https:\/\/toidupakk.ee\/lt\/wp-json\/wp\/v2\/types\/product"}],"replies":[{"embeddable":true,"href":"https:\/\/toidupakk.ee\/lt\/wp-json\/wp\/v2\/comments?post=47092"}],"wp:featuredmedia":[{"embeddable":true,"href":"https:\/\/toidupakk.ee\/lt\/wp-json\/wp\/v2\/media\/15085"}],"wp:attachment":[{"href":"https:\/\/toidupakk.ee\/lt\/wp-json\/wp\/v2\/media?parent=47092"}],"wp:term":[{"taxonomy":"product_brand","embeddable":true,"href":"https:\/\/toidupakk.ee\/lt\/wp-json\/wp\/v2\/product_brand?post=47092"},{"taxonomy":"product_cat","embeddable":true,"href":"https:\/\/toidupakk.ee\/lt\/wp-json\/wp\/v2\/product_cat?post=47092"},{"taxonomy":"product_tag","embeddable":true,"href":"https:\/\/toidupakk.ee\/lt\/wp-json\/wp\/v2\/product_tag?post=47092"}],"curies":[{"name":"wp","href":"https:\/\/api.w.org\/{rel}","templated":true}]}}