{"id":47076,"date":"2023-10-19T13:02:24","date_gmt":"2023-10-19T10:02:24","guid":{"rendered":"https:\/\/toidupakk.ee\/toode\/batai-saltam-orui-arctic-snow\/"},"modified":"2026-04-29T16:31:59","modified_gmt":"2026-04-29T13:31:59","slug":"batai-saltam-orui-arctic-snow","status":"publish","type":"product","link":"https:\/\/toidupakk.ee\/lt\/toode\/batai-saltam-orui-arctic-snow\/","title":{"rendered":"Batai \u0161altam orui \u201eArctic Snow\u201c"},"content":{"rendered":"<h1><img fetchpriority=\"high\" decoding=\"async\" class=\"alignright wp-image-15002 size-thumbnail\" src=\"https:\/\/toidupakk.ee\/wp-content\/uploads\/2023\/10\/Kulma-ilma-saapad-Arctic-Snow-500x500.png\" alt=\"\" width=\"500\" height=\"500\" srcset=\"https:\/\/toidupakk.ee\/wp-content\/uploads\/2023\/10\/Kulma-ilma-saapad-Arctic-Snow-500x500.png 500w, https:\/\/toidupakk.ee\/wp-content\/uploads\/2023\/10\/Kulma-ilma-saapad-Arctic-Snow-400x400.png 400w, https:\/\/toidupakk.ee\/wp-content\/uploads\/2023\/10\/Kulma-ilma-saapad-Arctic-Snow-100x100.png 100w, https:\/\/toidupakk.ee\/wp-content\/uploads\/2023\/10\/Kulma-ilma-saapad-Arctic-Snow-300x300.png 300w, https:\/\/toidupakk.ee\/wp-content\/uploads\/2023\/10\/Kulma-ilma-saapad-Arctic-Snow-768x768.png 768w, https:\/\/toidupakk.ee\/wp-content\/uploads\/2023\/10\/Kulma-ilma-saapad-Arctic-Snow.png 800w\" sizes=\"(max-width: 500px) 100vw, 500px\" \/>Batai \u0161altam orui \u201eArctic Snow\u201c<\/h1>\n<p>Lengvi \u017eieminiai batai, skirti av\u0117ti \u0161altu oru. \u0160ie batai turi special\u0173 plastiko polimero (TPE) pad\u0105, pasi\u017eymint\u012f neslystan\u010diomis savyb\u0117mis, puikiu lankstumu ir sukibimu su pavir\u0161iumi \u017eemoje temperat\u016broje. \u201eArctic Snow\u201c \u017eieminiai batai skirti naudoti \u017eiemos laikotarpiu, kai lauko temperat\u016bra yra neigiama. Bat\u0173 viduje yra daugiasluoksnis i\u0161imamas \u012fd\u0117klas, ap\u0161iltintas \u201eTHINSULATE\u2122\u201c med\u017eiaga.   <\/p>\n<p><img decoding=\"async\" class=\"alignnone wp-image-5113 size-medium\" src=\"https:\/\/toidupakk.ee\/wp-content\/uploads\/2023\/01\/3M-Thinsulate-insulation-300x122.png\" alt=\"3M Thinsulate izoliacija\" width=\"300\" height=\"122\" srcset=\"https:\/\/toidupakk.ee\/wp-content\/uploads\/2023\/01\/3M-Thinsulate-insulation-300x122.png 300w, https:\/\/toidupakk.ee\/wp-content\/uploads\/2023\/01\/3M-Thinsulate-insulation.png 639w\" sizes=\"(max-width: 300px) 100vw, 300px\" \/><\/p>\n<p><strong>Med\u017eiagos:<\/strong><\/p>\n<p>Vir\u0161utin\u0117 med\u017eiaga: 100 % poliesteris<br \/>\nVidinis pamu\u0161alas: 100 % poliesteris (putplastis) + \u201eThinsulate\u2122\u201c izoliacija<br \/>\nI\u0161orinis padas: 100 % termoplastin\u0117 guma<\/p>\n<p>\u0160ie batai turi du reguliuojamus dir\u017eelius, leid\u017eian\u010dius juos pritaikyti pagal kojos form\u0105. Izoliacijai naudojama vertinama \u201eThinsulate\u2122\u201c pamu\u0161alo med\u017eiaga, kuri puikiai i\u0161laiko koj\u0173 \u0161ilum\u0105 net tada, kai lauko temperat\u016bra nukrenta nuo 0 \u00b0C iki -30 \u00b0C. <\/p>\n<p>\u017dieminiai batai, skirti av\u0117ti \u0161altu oru. Bato aulo auk\u0161tis \u2013 35 cm. <\/p>\n<table class=\"tg\" style=\"border-collapse: collapse; border-spacing: 0;\">\n<thead>\n<tr>\n<th style=\"font-family: Arial, sans-serif; font-size: 14px; font-weight: normal; overflow: hidden; padding: 10px 5px; text-align: center; vertical-align: top; word-break: normal; border: 1px solid inherit;\">Dydis<\/th>\n<th style=\"font-family: Arial, sans-serif; font-size: 14px; font-weight: normal; overflow: hidden; padding: 10px 5px; text-align: center; vertical-align: top; word-break: normal; border: 1px solid inherit;\">Vidinio pado ilgis (cm)<\/th>\n<\/tr>\n<\/thead>\n<tbody>\n<tr>\n<td style=\"font-family: Arial, sans-serif; font-size: 14px; overflow: hidden; padding: 10px 5px; text-align: center; vertical-align: top; word-break: normal; border: 1px solid inherit;\">37<\/td>\n<td style=\"font-family: Arial, sans-serif; font-size: 14px; overflow: hidden; padding: 10px 5px; text-align: center; vertical-align: top; word-break: normal; border: 1px solid inherit;\">23,5<\/td>\n<\/tr>\n<tr>\n<td style=\"font-family: Arial, sans-serif; font-size: 14px; overflow: hidden; padding: 10px 5px; text-align: center; vertical-align: top; word-break: normal; border: 1px solid inherit;\">38<\/td>\n<td style=\"font-family: Arial, sans-serif; font-size: 14px; overflow: hidden; padding: 10px 5px; text-align: center; vertical-align: top; word-break: normal; border: 1px solid inherit;\">24,5<\/td>\n<\/tr>\n<tr>\n<td style=\"font-family: Arial, sans-serif; font-size: 14px; overflow: hidden; padding: 10px 5px; text-align: center; vertical-align: top; word-break: normal; border: 1px solid inherit;\">39<\/td>\n<td style=\"font-family: Arial, sans-serif; font-size: 14px; overflow: hidden; padding: 10px 5px; text-align: center; vertical-align: top; word-break: normal; border: 1px solid inherit;\">25<\/td>\n<\/tr>\n<tr>\n<td style=\"font-family: Arial, sans-serif; font-size: 14px; overflow: hidden; padding: 10px 5px; text-align: center; vertical-align: top; word-break: normal; border: 1px solid inherit;\">40<\/td>\n<td style=\"font-family: Arial, sans-serif; font-size: 14px; overflow: hidden; padding: 10px 5px; text-align: center; vertical-align: top; word-break: normal; border: 1px solid inherit;\">25,5<\/td>\n<\/tr>\n<tr>\n<td style=\"font-family: Arial, sans-serif; font-size: 14px; overflow: hidden; padding: 10px 5px; text-align: center; vertical-align: top; word-break: normal; border: 1px solid inherit;\">41<\/td>\n<td style=\"font-family: Arial, sans-serif; font-size: 14px; overflow: hidden; padding: 10px 5px; text-align: center; vertical-align: top; word-break: normal; border: 1px solid inherit;\">26,5<\/td>\n<\/tr>\n<tr>\n<td style=\"font-family: Arial, sans-serif; font-size: 14px; overflow: hidden; padding: 10px 5px; text-align: center; vertical-align: top; word-break: normal; border: 1px solid inherit;\">42<\/td>\n<td style=\"font-family: Arial, sans-serif; font-size: 14px; overflow: hidden; padding: 10px 5px; text-align: center; vertical-align: top; word-break: normal; border: 1px solid inherit;\">27<\/td>\n<\/tr>\n<tr>\n<td style=\"font-family: Arial, sans-serif; font-size: 14px; overflow: hidden; padding: 10px 5px; text-align: center; vertical-align: top; word-break: normal; border: 1px solid inherit;\">43<\/td>\n<td style=\"font-family: Arial, sans-serif; font-size: 14px; overflow: hidden; padding: 10px 5px; text-align: center; vertical-align: top; word-break: normal; border: 1px solid inherit;\">27,5<\/td>\n<\/tr>\n<tr>\n<td style=\"font-family: Arial, sans-serif; font-size: 14px; overflow: hidden; padding: 10px 5px; text-align: center; vertical-align: top; word-break: normal; border: 1px solid inherit;\">44<\/td>\n<td style=\"font-family: Arial, sans-serif; font-size: 14px; overflow: hidden; padding: 10px 5px; text-align: center; vertical-align: top; word-break: normal; border: 1px solid inherit;\">28,5<\/td>\n<\/tr>\n<tr>\n<td style=\"font-family: Arial, sans-serif; font-size: 14px; overflow: hidden; padding: 10px 5px; text-align: center; vertical-align: top; word-break: normal; border: 1px solid inherit;\">45<\/td>\n<td style=\"font-family: Arial, sans-serif; font-size: 14px; overflow: hidden; padding: 10px 5px; text-align: center; vertical-align: top; word-break: normal; border: 1px solid inherit;\">29<\/td>\n<\/tr>\n<tr>\n<td style=\"font-family: Arial, sans-serif; font-size: 14px; overflow: hidden; padding: 10px 5px; text-align: center; vertical-align: top; word-break: normal; border: 1px solid inherit;\">46<\/td>\n<td style=\"font-family: Arial, sans-serif; font-size: 14px; overflow: hidden; padding: 10px 5px; text-align: center; vertical-align: top; word-break: normal; border: 1px solid inherit;\">29,5<\/td>\n<\/tr>\n<tr>\n<td style=\"font-family: Arial, sans-serif; font-size: 14px; overflow: hidden; padding: 10px 5px; text-align: center; vertical-align: top; word-break: normal; border: 1px solid inherit;\">47<\/td>\n<td style=\"font-family: Arial, sans-serif; font-size: 14px; overflow: hidden; padding: 10px 5px; text-align: center; vertical-align: top; word-break: normal; border: 1px solid inherit;\">30,5<\/td>\n<\/tr>\n<tr>\n<td style=\"font-family: Arial, sans-serif; font-size: 14px; overflow: hidden; padding: 10px 5px; text-align: center; vertical-align: top; word-break: normal; border: 1px solid inherit;\">48<\/td>\n<td style=\"font-family: Arial, sans-serif; font-size: 14px; overflow: hidden; padding: 10px 5px; text-align: center; vertical-align: top; word-break: normal; border: 1px solid inherit;\">31<\/td>\n<\/tr>\n<\/tbody>\n<\/table>\n<p>&nbsp;<\/p>\n<p>&nbsp;<\/p>\n","protected":false},"excerpt":{"rendered":"<ul>\n<li>\u017dieminiai batai ypa\u010d \u0161altam orui. \u201eArctic Snow\u201c batai puikiai tinka snieguotoms ir \u017eemos temperat\u016bros lauko s\u0105lygoms, kai tenka ilgai b\u016bti \u0161altyje. Idealiai tinka med\u017eioklei, poledinei \u017e\u016bklei ar dirbant lauke.  <\/li>\n<li>\u0160altam orui skirti \u017eieminiai batai turi <strong>dvigub\u0105 \u201eThinsulate\u00ae\u201c pamu\u0161al\u0105<\/strong>, kuris i\u0161 i\u0161or\u0117s padengtas specialia \u0161alt\u012f atspindin\u010dia izoliacine med\u017eiaga. Plonas \u0161alt\u012f atspindintis <strong>aliuminio audinio sluoksnis padeda kojoms i\u0161likti maloniai \u0161iltoms<\/strong>. Papildom\u0105 pamu\u0161al\u0105 lengva pri\u017ei\u016br\u0117ti \u2013 j\u012f galima i\u0161imti.  <\/li>\n<li>\u017diemini\u0173 bat\u0173 padas pagamintas i\u0161 \u0161al\u010diui atsparios gumos, kuri spaud\u017eiant stipriam \u0161al\u010diui i\u0161lieka pakankamai mink\u0161ta, kad u\u017etikrint\u0173 kuo <strong>geresn\u012f sukibim\u0105<\/strong> su pavir\u0161iumi.<\/li>\n<li><strong>Reguliuojami dir\u017eeliai<\/strong> yra patikimi ir leid\u017eia tiksliai pritaikyti bat\u0105 pagal tavo koj\u0105.<\/li>\n<\/ul>\n<p>\u2705 Turime sand\u0117lyje, greitas pristatymas per 1\u20133 d. d.<br \/>\n\u2705 NEMOKAMAS gr\u0105\u017einimas ir keitimas, jei netinka dydis<br \/>\n\u2705 Pirk dabar, mok\u0117k v\u0117liau (pal\u016bkanos 0 %)<\/p>\n","protected":false},"featured_media":15002,"comment_status":"open","ping_status":"closed","template":"","meta":{"_acf_changed":false},"product_brand":[],"product_cat":[224,200,225,199,223,189,190],"product_tag":[],"class_list":{"0":"post-47076","1":"product","2":"type-product","3":"status-publish","4":"has-post-thumbnail","6":"product_cat-avalyne","7":"product_cat-praktiskos-dovanu-idejos","8":"product_cat-zieminiai-batai","9":"product_cat-ziemos-prekes","10":"product_cat-zygio-batai","11":"product_cat-zygio-iranga","12":"product_cat-zygio-prekes","14":"first","15":"instock","16":"sale","17":"taxable","18":"shipping-taxable","19":"purchasable","20":"product-type-variable","21":"has-default-attributes"},"bundled_by":[],"bundle_stock_status":"instock","bundle_stock_quantity":null,"bundle_virtual":false,"bundle_layout":"","bundle_add_to_cart_form_location":"","bundle_editable_in_cart":false,"bundle_sold_individually_context":"","bundle_item_grouping":"","bundle_min_size":"","bundle_max_size":"","bundle_price":[],"bundled_items":[],"bundle_sell_ids":[],"acf":[],"yoast_head":"<!-- This site is optimized with the Yoast SEO plugin v27.3 - https:\/\/yoast.com\/product\/yoast-seo-wordpress\/ -->\n<title>Batai \u0161altam orui \u201eArctic Snow\u201c<\/title>\n<meta name=\"description\" content=\"Batai \u0161altam orui \u201eArctic Snow\u201c su dvigubu \u201eThinsulate\u201c pamu\u0161alu ir \u0161alt\u012f atspindin\u010diu aliuminio sluoksniu. Skirti naudoti lauke ir spaud\u017eiant stipriam \u0161al\u010diui.\" \/>\n<meta name=\"robots\" content=\"index, follow, max-snippet:-1, max-image-preview:large, max-video-preview:-1\" \/>\n<link rel=\"canonical\" href=\"https:\/\/toidupakk.ee\/lt\/toode\/batai-saltam-orui-arctic-snow\/\" \/>\n<meta property=\"og:locale\" content=\"lt_LT\" \/>\n<meta property=\"og:type\" content=\"article\" \/>\n<meta property=\"og:title\" content=\"Batai \u0161altam orui \u201eArctic Snow\u201c\" \/>\n<meta property=\"og:description\" content=\"Batai \u0161altam orui \u201eArctic Snow\u201c su dvigubu \u201eThinsulate\u201c pamu\u0161alu ir \u0161alt\u012f atspindin\u010diu aliuminio sluoksniu. Skirti naudoti lauke ir spaud\u017eiant stipriam \u0161al\u010diui.\" \/>\n<meta property=\"og:url\" content=\"https:\/\/toidupakk.ee\/lt\/toode\/batai-saltam-orui-arctic-snow\/\" \/>\n<meta property=\"og:site_name\" content=\"Toidupakk.ee - Tactical Foodpack toidupakid\" \/>\n<meta property=\"article:publisher\" content=\"https:\/\/www.facebook.com\/Toidupakk\" \/>\n<meta property=\"article:modified_time\" content=\"2026-04-29T13:31:59+00:00\" \/>\n<meta property=\"og:image\" content=\"https:\/\/toidupakk.ee\/wp-content\/uploads\/2023\/10\/Kulma-ilma-saapad-Arctic-Snow.png\" \/>\n\t<meta property=\"og:image:width\" content=\"800\" \/>\n\t<meta property=\"og:image:height\" content=\"800\" \/>\n\t<meta property=\"og:image:type\" content=\"image\/png\" \/>\n<meta name=\"twitter:card\" content=\"summary_large_image\" \/>\n<meta name=\"twitter:label1\" content=\"Est. reading time\" \/>\n\t<meta name=\"twitter:data1\" content=\"1 minut\u0117\" \/>\n<script type=\"application\/ld+json\" class=\"yoast-schema-graph\">{\"@context\":\"https:\\\/\\\/schema.org\",\"@graph\":[{\"@type\":\"WebPage\",\"@id\":\"https:\\\/\\\/toidupakk.ee\\\/lt\\\/toode\\\/batai-saltam-orui-arctic-snow\\\/\",\"url\":\"https:\\\/\\\/toidupakk.ee\\\/lt\\\/toode\\\/batai-saltam-orui-arctic-snow\\\/\",\"name\":\"Batai \u0161altam orui \u201eArctic Snow\u201c\",\"isPartOf\":{\"@id\":\"https:\\\/\\\/toidupakk.ee\\\/lt\\\/#website\"},\"primaryImageOfPage\":{\"@id\":\"https:\\\/\\\/toidupakk.ee\\\/lt\\\/toode\\\/batai-saltam-orui-arctic-snow\\\/#primaryimage\"},\"image\":{\"@id\":\"https:\\\/\\\/toidupakk.ee\\\/lt\\\/toode\\\/batai-saltam-orui-arctic-snow\\\/#primaryimage\"},\"thumbnailUrl\":\"https:\\\/\\\/toidupakk.ee\\\/wp-content\\\/uploads\\\/2023\\\/10\\\/Kulma-ilma-saapad-Arctic-Snow.png\",\"datePublished\":\"2023-10-19T10:02:24+00:00\",\"dateModified\":\"2026-04-29T13:31:59+00:00\",\"description\":\"Batai \u0161altam orui \u201eArctic Snow\u201c su dvigubu \u201eThinsulate\u201c pamu\u0161alu ir \u0161alt\u012f atspindin\u010diu aliuminio sluoksniu. Skirti naudoti lauke ir spaud\u017eiant stipriam \u0161al\u010diui.\",\"breadcrumb\":{\"@id\":\"https:\\\/\\\/toidupakk.ee\\\/lt\\\/toode\\\/batai-saltam-orui-arctic-snow\\\/#breadcrumb\"},\"inLanguage\":\"lt-LT\",\"potentialAction\":[{\"@type\":\"ReadAction\",\"target\":[\"https:\\\/\\\/toidupakk.ee\\\/lt\\\/toode\\\/batai-saltam-orui-arctic-snow\\\/\"]}]},{\"@type\":\"ImageObject\",\"inLanguage\":\"lt-LT\",\"@id\":\"https:\\\/\\\/toidupakk.ee\\\/lt\\\/toode\\\/batai-saltam-orui-arctic-snow\\\/#primaryimage\",\"url\":\"https:\\\/\\\/toidupakk.ee\\\/wp-content\\\/uploads\\\/2023\\\/10\\\/Kulma-ilma-saapad-Arctic-Snow.png\",\"contentUrl\":\"https:\\\/\\\/toidupakk.ee\\\/wp-content\\\/uploads\\\/2023\\\/10\\\/Kulma-ilma-saapad-Arctic-Snow.png\",\"width\":800,\"height\":800},{\"@type\":\"BreadcrumbList\",\"@id\":\"https:\\\/\\\/toidupakk.ee\\\/lt\\\/toode\\\/batai-saltam-orui-arctic-snow\\\/#breadcrumb\",\"itemListElement\":[{\"@type\":\"ListItem\",\"position\":1,\"name\":\"Avaleht\",\"item\":\"https:\\\/\\\/toidupakk.ee\\\/lt\\\/\"},{\"@type\":\"ListItem\",\"position\":2,\"name\":\"El. parduotuv\u0117\",\"item\":\"https:\\\/\\\/toidupakk.ee\\\/lt\\\/el-parduotuve\\\/\"},{\"@type\":\"ListItem\",\"position\":3,\"name\":\"Batai \u0161altam orui \u201eArctic Snow\u201c\"}]},{\"@type\":\"WebSite\",\"@id\":\"https:\\\/\\\/toidupakk.ee\\\/lt\\\/#website\",\"url\":\"https:\\\/\\\/toidupakk.ee\\\/lt\\\/\",\"name\":\"Toidupakk.ee - Tactical Foodpack toidupakid\",\"description\":\"Tactical Foodpack k\u00fclmkuivatatud toidupakid ja matkaeined\",\"publisher\":{\"@id\":\"https:\\\/\\\/toidupakk.ee\\\/lt\\\/#organization\"},\"potentialAction\":[{\"@type\":\"SearchAction\",\"target\":{\"@type\":\"EntryPoint\",\"urlTemplate\":\"https:\\\/\\\/toidupakk.ee\\\/lt\\\/?s={search_term_string}\"},\"query-input\":{\"@type\":\"PropertyValueSpecification\",\"valueRequired\":true,\"valueName\":\"search_term_string\"}}],\"inLanguage\":\"lt-LT\"},{\"@type\":\"Organization\",\"@id\":\"https:\\\/\\\/toidupakk.ee\\\/lt\\\/#organization\",\"name\":\"Tactical Foodpack matkaeined\",\"url\":\"https:\\\/\\\/toidupakk.ee\\\/lt\\\/\",\"logo\":{\"@type\":\"ImageObject\",\"inLanguage\":\"lt-LT\",\"@id\":\"https:\\\/\\\/toidupakk.ee\\\/lt\\\/#\\\/schema\\\/logo\\\/image\\\/\",\"url\":\"https:\\\/\\\/toidupakk.ee\\\/wp-content\\\/uploads\\\/2022\\\/01\\\/Toidupakk-matkapood-logo-transparent.png\",\"contentUrl\":\"https:\\\/\\\/toidupakk.ee\\\/wp-content\\\/uploads\\\/2022\\\/01\\\/Toidupakk-matkapood-logo-transparent.png\",\"width\":500,\"height\":500,\"caption\":\"Tactical Foodpack matkaeined\"},\"image\":{\"@id\":\"https:\\\/\\\/toidupakk.ee\\\/lt\\\/#\\\/schema\\\/logo\\\/image\\\/\"},\"sameAs\":[\"https:\\\/\\\/www.facebook.com\\\/Toidupakk\",\"https:\\\/\\\/www.instagram.com\\\/toidupakk\\\/\"]}]}<\/script>\n<!-- \/ Yoast SEO plugin. -->","yoast_head_json":{"title":"Batai \u0161altam orui \u201eArctic Snow\u201c","description":"Batai \u0161altam orui \u201eArctic Snow\u201c su dvigubu \u201eThinsulate\u201c pamu\u0161alu ir \u0161alt\u012f atspindin\u010diu aliuminio sluoksniu. Skirti naudoti lauke ir spaud\u017eiant stipriam \u0161al\u010diui.","robots":{"index":"index","follow":"follow","max-snippet":"max-snippet:-1","max-image-preview":"max-image-preview:large","max-video-preview":"max-video-preview:-1"},"canonical":"https:\/\/toidupakk.ee\/lt\/toode\/batai-saltam-orui-arctic-snow\/","og_locale":"lt_LT","og_type":"article","og_title":"Batai \u0161altam orui \u201eArctic Snow\u201c","og_description":"Batai \u0161altam orui \u201eArctic Snow\u201c su dvigubu \u201eThinsulate\u201c pamu\u0161alu ir \u0161alt\u012f atspindin\u010diu aliuminio sluoksniu. Skirti naudoti lauke ir spaud\u017eiant stipriam \u0161al\u010diui.","og_url":"https:\/\/toidupakk.ee\/lt\/toode\/batai-saltam-orui-arctic-snow\/","og_site_name":"Toidupakk.ee - Tactical Foodpack toidupakid","article_publisher":"https:\/\/www.facebook.com\/Toidupakk","article_modified_time":"2026-04-29T13:31:59+00:00","og_image":[{"width":800,"height":800,"url":"https:\/\/toidupakk.ee\/wp-content\/uploads\/2023\/10\/Kulma-ilma-saapad-Arctic-Snow.png","type":"image\/png"}],"twitter_card":"summary_large_image","twitter_misc":{"Est. reading time":"1 minut\u0117"},"schema":{"@context":"https:\/\/schema.org","@graph":[{"@type":"WebPage","@id":"https:\/\/toidupakk.ee\/lt\/toode\/batai-saltam-orui-arctic-snow\/","url":"https:\/\/toidupakk.ee\/lt\/toode\/batai-saltam-orui-arctic-snow\/","name":"Batai \u0161altam orui \u201eArctic Snow\u201c","isPartOf":{"@id":"https:\/\/toidupakk.ee\/lt\/#website"},"primaryImageOfPage":{"@id":"https:\/\/toidupakk.ee\/lt\/toode\/batai-saltam-orui-arctic-snow\/#primaryimage"},"image":{"@id":"https:\/\/toidupakk.ee\/lt\/toode\/batai-saltam-orui-arctic-snow\/#primaryimage"},"thumbnailUrl":"https:\/\/toidupakk.ee\/wp-content\/uploads\/2023\/10\/Kulma-ilma-saapad-Arctic-Snow.png","datePublished":"2023-10-19T10:02:24+00:00","dateModified":"2026-04-29T13:31:59+00:00","description":"Batai \u0161altam orui \u201eArctic Snow\u201c su dvigubu \u201eThinsulate\u201c pamu\u0161alu ir \u0161alt\u012f atspindin\u010diu aliuminio sluoksniu. Skirti naudoti lauke ir spaud\u017eiant stipriam \u0161al\u010diui.","breadcrumb":{"@id":"https:\/\/toidupakk.ee\/lt\/toode\/batai-saltam-orui-arctic-snow\/#breadcrumb"},"inLanguage":"lt-LT","potentialAction":[{"@type":"ReadAction","target":["https:\/\/toidupakk.ee\/lt\/toode\/batai-saltam-orui-arctic-snow\/"]}]},{"@type":"ImageObject","inLanguage":"lt-LT","@id":"https:\/\/toidupakk.ee\/lt\/toode\/batai-saltam-orui-arctic-snow\/#primaryimage","url":"https:\/\/toidupakk.ee\/wp-content\/uploads\/2023\/10\/Kulma-ilma-saapad-Arctic-Snow.png","contentUrl":"https:\/\/toidupakk.ee\/wp-content\/uploads\/2023\/10\/Kulma-ilma-saapad-Arctic-Snow.png","width":800,"height":800},{"@type":"BreadcrumbList","@id":"https:\/\/toidupakk.ee\/lt\/toode\/batai-saltam-orui-arctic-snow\/#breadcrumb","itemListElement":[{"@type":"ListItem","position":1,"name":"Avaleht","item":"https:\/\/toidupakk.ee\/lt\/"},{"@type":"ListItem","position":2,"name":"El. parduotuv\u0117","item":"https:\/\/toidupakk.ee\/lt\/el-parduotuve\/"},{"@type":"ListItem","position":3,"name":"Batai \u0161altam orui \u201eArctic Snow\u201c"}]},{"@type":"WebSite","@id":"https:\/\/toidupakk.ee\/lt\/#website","url":"https:\/\/toidupakk.ee\/lt\/","name":"Toidupakk.ee - Tactical Foodpack toidupakid","description":"Tactical Foodpack k\u00fclmkuivatatud toidupakid ja matkaeined","publisher":{"@id":"https:\/\/toidupakk.ee\/lt\/#organization"},"potentialAction":[{"@type":"SearchAction","target":{"@type":"EntryPoint","urlTemplate":"https:\/\/toidupakk.ee\/lt\/?s={search_term_string}"},"query-input":{"@type":"PropertyValueSpecification","valueRequired":true,"valueName":"search_term_string"}}],"inLanguage":"lt-LT"},{"@type":"Organization","@id":"https:\/\/toidupakk.ee\/lt\/#organization","name":"Tactical Foodpack matkaeined","url":"https:\/\/toidupakk.ee\/lt\/","logo":{"@type":"ImageObject","inLanguage":"lt-LT","@id":"https:\/\/toidupakk.ee\/lt\/#\/schema\/logo\/image\/","url":"https:\/\/toidupakk.ee\/wp-content\/uploads\/2022\/01\/Toidupakk-matkapood-logo-transparent.png","contentUrl":"https:\/\/toidupakk.ee\/wp-content\/uploads\/2022\/01\/Toidupakk-matkapood-logo-transparent.png","width":500,"height":500,"caption":"Tactical Foodpack matkaeined"},"image":{"@id":"https:\/\/toidupakk.ee\/lt\/#\/schema\/logo\/image\/"},"sameAs":["https:\/\/www.facebook.com\/Toidupakk","https:\/\/www.instagram.com\/toidupakk\/"]}]}},"jetpack_sharing_enabled":true,"_links":{"self":[{"href":"https:\/\/toidupakk.ee\/lt\/wp-json\/wp\/v2\/product\/47076","targetHints":{"allow":["GET"]}}],"collection":[{"href":"https:\/\/toidupakk.ee\/lt\/wp-json\/wp\/v2\/product"}],"about":[{"href":"https:\/\/toidupakk.ee\/lt\/wp-json\/wp\/v2\/types\/product"}],"replies":[{"embeddable":true,"href":"https:\/\/toidupakk.ee\/lt\/wp-json\/wp\/v2\/comments?post=47076"}],"wp:featuredmedia":[{"embeddable":true,"href":"https:\/\/toidupakk.ee\/lt\/wp-json\/wp\/v2\/media\/15002"}],"wp:attachment":[{"href":"https:\/\/toidupakk.ee\/lt\/wp-json\/wp\/v2\/media?parent=47076"}],"wp:term":[{"taxonomy":"product_brand","embeddable":true,"href":"https:\/\/toidupakk.ee\/lt\/wp-json\/wp\/v2\/product_brand?post=47076"},{"taxonomy":"product_cat","embeddable":true,"href":"https:\/\/toidupakk.ee\/lt\/wp-json\/wp\/v2\/product_cat?post=47076"},{"taxonomy":"product_tag","embeddable":true,"href":"https:\/\/toidupakk.ee\/lt\/wp-json\/wp\/v2\/product_tag?post=47076"}],"curies":[{"name":"wp","href":"https:\/\/api.w.org\/{rel}","templated":true}]}}