{"id":47042,"date":"2023-09-29T12:26:17","date_gmt":"2023-09-29T09:26:17","guid":{"rendered":"https:\/\/toidupakk.ee\/toode\/taktikiniai-marskineliai-ilgomis-rankovemis-quick-dry\/"},"modified":"2026-04-04T00:01:38","modified_gmt":"2026-04-03T21:01:38","slug":"taktikiniai-marskineliai-ilgomis-rankovemis-quick-dry","status":"publish","type":"product","link":"https:\/\/toidupakk.ee\/lt\/toode\/taktikiniai-marskineliai-ilgomis-rankovemis-quick-dry\/","title":{"rendered":"Taktikiniai mar\u0161kin\u0117liai ilgomis rankov\u0117mis \u201eQuick Dry\u201c"},"content":{"rendered":"<p>Taktikiniai mar\u0161kin\u0117liai ilgomis rankov\u0117mis \u201eQuick Dry\u201c pagaminti i\u0161 kokybi\u0161kos med\u017eiagos, u\u017etikrinan\u010dios patvarum\u0105 ir patogum\u0105 d\u0117vint. Galima rinktis i\u0161 \u012fvairi\u0173 dyd\u017ei\u0173 bei spalv\u0173. <\/p>\n<p>Prie\u017ei\u016bros informacija:<\/p>\n<div class=\"mceTemp\"><\/div>\n<p><img decoding=\"async\" class=\"alignnone wp-image-13181\" src=\"https:\/\/toidupakk.ee\/wp-content\/uploads\/2023\/08\/bleach_2.png\" alt=\"\" width=\"60\" height=\"60\" srcset=\"https:\/\/toidupakk.ee\/wp-content\/uploads\/2023\/08\/bleach_2.png 120w, https:\/\/toidupakk.ee\/wp-content\/uploads\/2023\/08\/bleach_2-100x100.png 100w\" sizes=\"(max-width: 60px) 100vw, 60px\" \/> <img decoding=\"async\" class=\"alignnone wp-image-13179\" src=\"https:\/\/toidupakk.ee\/wp-content\/uploads\/2023\/08\/drying_3.png\" alt=\"\" width=\"60\" height=\"60\" srcset=\"https:\/\/toidupakk.ee\/wp-content\/uploads\/2023\/08\/drying_3.png 120w, https:\/\/toidupakk.ee\/wp-content\/uploads\/2023\/08\/drying_3-100x100.png 100w\" sizes=\"(max-width: 60px) 100vw, 60px\" \/><img decoding=\"async\" class=\"alignnone wp-image-14267\" src=\"https:\/\/toidupakk.ee\/wp-content\/uploads\/2023\/09\/professional_cleaning_3.png\" alt=\"\" width=\"60\" height=\"60\" srcset=\"https:\/\/toidupakk.ee\/wp-content\/uploads\/2023\/09\/professional_cleaning_3.png 120w, https:\/\/toidupakk.ee\/wp-content\/uploads\/2023\/09\/professional_cleaning_3-100x100.png 100w\" sizes=\"(max-width: 60px) 100vw, 60px\" \/> <img loading=\"lazy\" decoding=\"async\" class=\"alignnone wp-image-14268\" src=\"https:\/\/toidupakk.ee\/wp-content\/uploads\/2023\/09\/ironing_1.png\" alt=\"\" width=\"60\" height=\"60\" srcset=\"https:\/\/toidupakk.ee\/wp-content\/uploads\/2023\/09\/ironing_1.png 120w, https:\/\/toidupakk.ee\/wp-content\/uploads\/2023\/09\/ironing_1-100x100.png 100w\" sizes=\"(max-width: 60px) 100vw, 60px\" \/> <img loading=\"lazy\" decoding=\"async\" class=\"alignnone wp-image-14269\" src=\"https:\/\/toidupakk.ee\/wp-content\/uploads\/2023\/09\/washing_1.png\" alt=\"\" width=\"60\" height=\"60\" srcset=\"https:\/\/toidupakk.ee\/wp-content\/uploads\/2023\/09\/washing_1.png 120w, https:\/\/toidupakk.ee\/wp-content\/uploads\/2023\/09\/washing_1-100x100.png 100w\" sizes=\"(max-width: 60px) 100vw, 60px\" \/><\/p>\n<p>Kitus turizmo reikmenis rasi <a href=\"https:\/\/toidupakk.ee\/lt\/tootekategooria\/zygio-iranga\/#section-3-79\">\u010cIA<\/a><\/p>\n<p>O gal domiesi \u017eygio maistu? \u017di\u016br\u0117k <a href=\"\/?product_cat=snakk#section-3-79\">\u010cIA<\/a><\/p>\n<p>Pasisemk \u012fkv\u0117pimo kitiems nuotykiams Toidupakk <a href=\"https:\/\/www.instagram.com\/toidupakk\/\">Instagram<\/a> ir <a href=\"https:\/\/www.facebook.com\/Toidupakk\/\">Facebook<\/a> paskyrose.<\/p>\n","protected":false},"excerpt":{"rendered":"<p><strong>Taktikiniai mar\u0161kin\u0117liai ilgomis rankov\u0117mis \u201eQuick Dry\u201c \u2013 populiarus pasirinkimas aktyv\u0173 gyvenimo b\u016bd\u0105 m\u0117gstantiems \u017emon\u0117ms. Taip pat aktyviai naudojami kari\u0173 ir \u0161auli\u0173. <\/strong><\/p>\n<ul>\n<li>\u201eQuick Dry\u201c audinys efektyviai i\u0161garina dr\u0117gm\u0119 nuo k\u016bno<\/li>\n<li>Puikiai kv\u0117puojanti ir greitai d\u017ei\u016bstanti med\u017eiaga<\/li>\n<li>Puikiai tinka sportui ir laisvalaikiui<\/li>\n<li>Mink\u0161tas 100 % poliesteris<\/li>\n<li>Tamprus audinys u\u017etikrina jud\u0117jimo laisv\u0119<\/li>\n<li>Preki\u0173 \u017eenklas: 101INC<\/li>\n<li>Dyd\u017eiai: S; M; L; XL; XXL; 3XL<\/li>\n<li>Spalvos: \u017ealia, b\u0117\u017ein\u0117, juoda ir pilka<\/li>\n<\/ul>\n<p><img loading=\"lazy\" decoding=\"async\" class=\"alignnone wp-image-13558\" src=\"https:\/\/toidupakk.ee\/wp-content\/uploads\/2023\/09\/101inc.png\" alt=\"101INC logotipas\" width=\"100\" height=\"93\" srcset=\"https:\/\/toidupakk.ee\/wp-content\/uploads\/2023\/09\/101inc.png 324w, https:\/\/toidupakk.ee\/wp-content\/uploads\/2023\/09\/101inc-300x278.png 300w\" sizes=\"(max-width: 100px) 100vw, 100px\" \/><\/p>\n<p>\u2705 Greitas pristatymas per 1\u20133 d. d.<\/p>\n","protected":false},"featured_media":14343,"comment_status":"open","ping_status":"closed","template":"","meta":{"_acf_changed":false},"product_brand":[],"product_cat":[191,272,189,190],"product_tag":[],"class_list":{"0":"post-47042","1":"product","2":"type-product","3":"status-publish","4":"has-post-thumbnail","6":"product_cat-drabuziai","7":"product_cat-marskineliai","8":"product_cat-zygio-iranga","9":"product_cat-zygio-prekes","11":"first","12":"instock","13":"taxable","14":"shipping-taxable","15":"purchasable","16":"product-type-variable","17":"has-default-attributes"},"bundled_by":[],"bundle_stock_status":"instock","bundle_stock_quantity":null,"bundle_virtual":false,"bundle_layout":"","bundle_add_to_cart_form_location":"","bundle_editable_in_cart":false,"bundle_sold_individually_context":"","bundle_item_grouping":"","bundle_min_size":"","bundle_max_size":"","bundle_price":[],"bundled_items":[],"bundle_sell_ids":[],"acf":[],"yoast_head":"<!-- This site is optimized with the Yoast SEO plugin v27.1.1 - https:\/\/yoast.com\/product\/yoast-seo-wordpress\/ -->\n<title>Taktikiniai mar\u0161kin\u0117liai ilgomis rankov\u0117mis \u201eQuick Dry\u201c<\/title>\n<meta name=\"description\" content=\"Taktikiniai mar\u0161kin\u0117liai ilgomis rankov\u0117mis \u201eQuick Dry\u201c \u2013 populiarus pasirinkimas aktyv\u0173 gyvenimo b\u016bd\u0105 m\u0117gstantiems \u017emon\u0117ms, taip pat vertinami kari\u0173 bei \u0161auli\u0173.\" \/>\n<meta name=\"robots\" content=\"index, follow, max-snippet:-1, max-image-preview:large, max-video-preview:-1\" \/>\n<link rel=\"canonical\" href=\"https:\/\/toidupakk.ee\/lt\/toode\/taktikiniai-marskineliai-ilgomis-rankovemis-quick-dry\/\" \/>\n<meta property=\"og:locale\" content=\"lt_LT\" \/>\n<meta property=\"og:type\" content=\"article\" \/>\n<meta property=\"og:title\" content=\"Taktikiniai mar\u0161kin\u0117liai ilgomis rankov\u0117mis \u201eQuick Dry\u201c\" \/>\n<meta property=\"og:description\" content=\"Taktikiniai mar\u0161kin\u0117liai ilgomis rankov\u0117mis \u201eQuick Dry\u201c \u2013 populiarus pasirinkimas aktyv\u0173 gyvenimo b\u016bd\u0105 m\u0117gstantiems \u017emon\u0117ms, taip pat vertinami kari\u0173 bei \u0161auli\u0173.\" \/>\n<meta property=\"og:url\" content=\"https:\/\/toidupakk.ee\/lt\/toode\/taktikiniai-marskineliai-ilgomis-rankovemis-quick-dry\/\" \/>\n<meta property=\"og:site_name\" content=\"Toidupakk.ee - Tactical Foodpack toidupakid\" \/>\n<meta property=\"article:publisher\" content=\"https:\/\/www.facebook.com\/Toidupakk\" \/>\n<meta property=\"article:modified_time\" content=\"2026-04-03T21:01:38+00:00\" \/>\n<meta property=\"og:image\" content=\"https:\/\/toidupakk.ee\/wp-content\/uploads\/2023\/09\/Taktikaline-pikkade-varrukatega-sark-Quick-Dry6.png\" \/>\n\t<meta property=\"og:image:width\" content=\"800\" \/>\n\t<meta property=\"og:image:height\" content=\"800\" \/>\n\t<meta property=\"og:image:type\" content=\"image\/png\" \/>\n<meta name=\"twitter:card\" content=\"summary_large_image\" \/>\n<script type=\"application\/ld+json\" class=\"yoast-schema-graph\">{\"@context\":\"https:\/\/schema.org\",\"@graph\":[{\"@type\":\"WebPage\",\"@id\":\"https:\/\/toidupakk.ee\/lt\/toode\/taktikiniai-marskineliai-ilgomis-rankovemis-quick-dry\/\",\"url\":\"https:\/\/toidupakk.ee\/lt\/toode\/taktikiniai-marskineliai-ilgomis-rankovemis-quick-dry\/\",\"name\":\"Taktikiniai mar\u0161kin\u0117liai ilgomis rankov\u0117mis \u201eQuick Dry\u201c\",\"isPartOf\":{\"@id\":\"https:\/\/toidupakk.ee\/lt\/#website\"},\"primaryImageOfPage\":{\"@id\":\"https:\/\/toidupakk.ee\/lt\/toode\/taktikiniai-marskineliai-ilgomis-rankovemis-quick-dry\/#primaryimage\"},\"image\":{\"@id\":\"https:\/\/toidupakk.ee\/lt\/toode\/taktikiniai-marskineliai-ilgomis-rankovemis-quick-dry\/#primaryimage\"},\"thumbnailUrl\":\"https:\/\/toidupakk.ee\/wp-content\/uploads\/2023\/09\/Taktikaline-pikkade-varrukatega-sark-Quick-Dry6.png\",\"datePublished\":\"2023-09-29T09:26:17+00:00\",\"dateModified\":\"2026-04-03T21:01:38+00:00\",\"description\":\"Taktikiniai mar\u0161kin\u0117liai ilgomis rankov\u0117mis \u201eQuick Dry\u201c \u2013 populiarus pasirinkimas aktyv\u0173 gyvenimo b\u016bd\u0105 m\u0117gstantiems \u017emon\u0117ms, taip pat vertinami kari\u0173 bei \u0161auli\u0173.\",\"breadcrumb\":{\"@id\":\"https:\/\/toidupakk.ee\/lt\/toode\/taktikiniai-marskineliai-ilgomis-rankovemis-quick-dry\/#breadcrumb\"},\"inLanguage\":\"lt-LT\",\"potentialAction\":[{\"@type\":\"ReadAction\",\"target\":[\"https:\/\/toidupakk.ee\/lt\/toode\/taktikiniai-marskineliai-ilgomis-rankovemis-quick-dry\/\"]}]},{\"@type\":\"ImageObject\",\"inLanguage\":\"lt-LT\",\"@id\":\"https:\/\/toidupakk.ee\/lt\/toode\/taktikiniai-marskineliai-ilgomis-rankovemis-quick-dry\/#primaryimage\",\"url\":\"https:\/\/toidupakk.ee\/wp-content\/uploads\/2023\/09\/Taktikaline-pikkade-varrukatega-sark-Quick-Dry6.png\",\"contentUrl\":\"https:\/\/toidupakk.ee\/wp-content\/uploads\/2023\/09\/Taktikaline-pikkade-varrukatega-sark-Quick-Dry6.png\",\"width\":800,\"height\":800,\"caption\":\"Taktikaline pikkade varrukatega s\u00e4rk Quick Dry2\"},{\"@type\":\"BreadcrumbList\",\"@id\":\"https:\/\/toidupakk.ee\/lt\/toode\/taktikiniai-marskineliai-ilgomis-rankovemis-quick-dry\/#breadcrumb\",\"itemListElement\":[{\"@type\":\"ListItem\",\"position\":1,\"name\":\"Avaleht\",\"item\":\"https:\/\/toidupakk.ee\/lt\/\"},{\"@type\":\"ListItem\",\"position\":2,\"name\":\"El. parduotuv\u0117\",\"item\":\"https:\/\/toidupakk.ee\/lt\/el-parduotuve\/\"},{\"@type\":\"ListItem\",\"position\":3,\"name\":\"Taktikiniai mar\u0161kin\u0117liai ilgomis rankov\u0117mis \u201eQuick Dry\u201c\"}]},{\"@type\":\"WebSite\",\"@id\":\"https:\/\/toidupakk.ee\/lt\/#website\",\"url\":\"https:\/\/toidupakk.ee\/lt\/\",\"name\":\"Toidupakk.ee - Tactical Foodpack toidupakid\",\"description\":\"Tactical Foodpack k\u00fclmkuivatatud toidupakid ja matkaeined\",\"publisher\":{\"@id\":\"https:\/\/toidupakk.ee\/lt\/#organization\"},\"potentialAction\":[{\"@type\":\"SearchAction\",\"target\":{\"@type\":\"EntryPoint\",\"urlTemplate\":\"https:\/\/toidupakk.ee\/lt\/?s={search_term_string}\"},\"query-input\":{\"@type\":\"PropertyValueSpecification\",\"valueRequired\":true,\"valueName\":\"search_term_string\"}}],\"inLanguage\":\"lt-LT\"},{\"@type\":\"Organization\",\"@id\":\"https:\/\/toidupakk.ee\/lt\/#organization\",\"name\":\"Tactical Foodpack matkaeined\",\"url\":\"https:\/\/toidupakk.ee\/lt\/\",\"logo\":{\"@type\":\"ImageObject\",\"inLanguage\":\"lt-LT\",\"@id\":\"https:\/\/toidupakk.ee\/lt\/#\/schema\/logo\/image\/\",\"url\":\"https:\/\/toidupakk.ee\/wp-content\/uploads\/2022\/01\/Toidupakk-matkapood-logo-transparent.png\",\"contentUrl\":\"https:\/\/toidupakk.ee\/wp-content\/uploads\/2022\/01\/Toidupakk-matkapood-logo-transparent.png\",\"width\":500,\"height\":500,\"caption\":\"Tactical Foodpack matkaeined\"},\"image\":{\"@id\":\"https:\/\/toidupakk.ee\/lt\/#\/schema\/logo\/image\/\"},\"sameAs\":[\"https:\/\/www.facebook.com\/Toidupakk\",\"https:\/\/www.instagram.com\/toidupakk\/\"]}]}<\/script>\n<!-- \/ Yoast SEO plugin. -->","yoast_head_json":{"title":"Taktikiniai mar\u0161kin\u0117liai ilgomis rankov\u0117mis \u201eQuick Dry\u201c","description":"Taktikiniai mar\u0161kin\u0117liai ilgomis rankov\u0117mis \u201eQuick Dry\u201c \u2013 populiarus pasirinkimas aktyv\u0173 gyvenimo b\u016bd\u0105 m\u0117gstantiems \u017emon\u0117ms, taip pat vertinami kari\u0173 bei \u0161auli\u0173.","robots":{"index":"index","follow":"follow","max-snippet":"max-snippet:-1","max-image-preview":"max-image-preview:large","max-video-preview":"max-video-preview:-1"},"canonical":"https:\/\/toidupakk.ee\/lt\/toode\/taktikiniai-marskineliai-ilgomis-rankovemis-quick-dry\/","og_locale":"lt_LT","og_type":"article","og_title":"Taktikiniai mar\u0161kin\u0117liai ilgomis rankov\u0117mis \u201eQuick Dry\u201c","og_description":"Taktikiniai mar\u0161kin\u0117liai ilgomis rankov\u0117mis \u201eQuick Dry\u201c \u2013 populiarus pasirinkimas aktyv\u0173 gyvenimo b\u016bd\u0105 m\u0117gstantiems \u017emon\u0117ms, taip pat vertinami kari\u0173 bei \u0161auli\u0173.","og_url":"https:\/\/toidupakk.ee\/lt\/toode\/taktikiniai-marskineliai-ilgomis-rankovemis-quick-dry\/","og_site_name":"Toidupakk.ee - Tactical Foodpack toidupakid","article_publisher":"https:\/\/www.facebook.com\/Toidupakk","article_modified_time":"2026-04-03T21:01:38+00:00","og_image":[{"width":800,"height":800,"url":"https:\/\/toidupakk.ee\/wp-content\/uploads\/2023\/09\/Taktikaline-pikkade-varrukatega-sark-Quick-Dry6.png","type":"image\/png"}],"twitter_card":"summary_large_image","schema":{"@context":"https:\/\/schema.org","@graph":[{"@type":"WebPage","@id":"https:\/\/toidupakk.ee\/lt\/toode\/taktikiniai-marskineliai-ilgomis-rankovemis-quick-dry\/","url":"https:\/\/toidupakk.ee\/lt\/toode\/taktikiniai-marskineliai-ilgomis-rankovemis-quick-dry\/","name":"Taktikiniai mar\u0161kin\u0117liai ilgomis rankov\u0117mis \u201eQuick Dry\u201c","isPartOf":{"@id":"https:\/\/toidupakk.ee\/lt\/#website"},"primaryImageOfPage":{"@id":"https:\/\/toidupakk.ee\/lt\/toode\/taktikiniai-marskineliai-ilgomis-rankovemis-quick-dry\/#primaryimage"},"image":{"@id":"https:\/\/toidupakk.ee\/lt\/toode\/taktikiniai-marskineliai-ilgomis-rankovemis-quick-dry\/#primaryimage"},"thumbnailUrl":"https:\/\/toidupakk.ee\/wp-content\/uploads\/2023\/09\/Taktikaline-pikkade-varrukatega-sark-Quick-Dry6.png","datePublished":"2023-09-29T09:26:17+00:00","dateModified":"2026-04-03T21:01:38+00:00","description":"Taktikiniai mar\u0161kin\u0117liai ilgomis rankov\u0117mis \u201eQuick Dry\u201c \u2013 populiarus pasirinkimas aktyv\u0173 gyvenimo b\u016bd\u0105 m\u0117gstantiems \u017emon\u0117ms, taip pat vertinami kari\u0173 bei \u0161auli\u0173.","breadcrumb":{"@id":"https:\/\/toidupakk.ee\/lt\/toode\/taktikiniai-marskineliai-ilgomis-rankovemis-quick-dry\/#breadcrumb"},"inLanguage":"lt-LT","potentialAction":[{"@type":"ReadAction","target":["https:\/\/toidupakk.ee\/lt\/toode\/taktikiniai-marskineliai-ilgomis-rankovemis-quick-dry\/"]}]},{"@type":"ImageObject","inLanguage":"lt-LT","@id":"https:\/\/toidupakk.ee\/lt\/toode\/taktikiniai-marskineliai-ilgomis-rankovemis-quick-dry\/#primaryimage","url":"https:\/\/toidupakk.ee\/wp-content\/uploads\/2023\/09\/Taktikaline-pikkade-varrukatega-sark-Quick-Dry6.png","contentUrl":"https:\/\/toidupakk.ee\/wp-content\/uploads\/2023\/09\/Taktikaline-pikkade-varrukatega-sark-Quick-Dry6.png","width":800,"height":800,"caption":"Taktikaline pikkade varrukatega s\u00e4rk Quick Dry2"},{"@type":"BreadcrumbList","@id":"https:\/\/toidupakk.ee\/lt\/toode\/taktikiniai-marskineliai-ilgomis-rankovemis-quick-dry\/#breadcrumb","itemListElement":[{"@type":"ListItem","position":1,"name":"Avaleht","item":"https:\/\/toidupakk.ee\/lt\/"},{"@type":"ListItem","position":2,"name":"El. parduotuv\u0117","item":"https:\/\/toidupakk.ee\/lt\/el-parduotuve\/"},{"@type":"ListItem","position":3,"name":"Taktikiniai mar\u0161kin\u0117liai ilgomis rankov\u0117mis \u201eQuick Dry\u201c"}]},{"@type":"WebSite","@id":"https:\/\/toidupakk.ee\/lt\/#website","url":"https:\/\/toidupakk.ee\/lt\/","name":"Toidupakk.ee - Tactical Foodpack toidupakid","description":"Tactical Foodpack k\u00fclmkuivatatud toidupakid ja matkaeined","publisher":{"@id":"https:\/\/toidupakk.ee\/lt\/#organization"},"potentialAction":[{"@type":"SearchAction","target":{"@type":"EntryPoint","urlTemplate":"https:\/\/toidupakk.ee\/lt\/?s={search_term_string}"},"query-input":{"@type":"PropertyValueSpecification","valueRequired":true,"valueName":"search_term_string"}}],"inLanguage":"lt-LT"},{"@type":"Organization","@id":"https:\/\/toidupakk.ee\/lt\/#organization","name":"Tactical Foodpack matkaeined","url":"https:\/\/toidupakk.ee\/lt\/","logo":{"@type":"ImageObject","inLanguage":"lt-LT","@id":"https:\/\/toidupakk.ee\/lt\/#\/schema\/logo\/image\/","url":"https:\/\/toidupakk.ee\/wp-content\/uploads\/2022\/01\/Toidupakk-matkapood-logo-transparent.png","contentUrl":"https:\/\/toidupakk.ee\/wp-content\/uploads\/2022\/01\/Toidupakk-matkapood-logo-transparent.png","width":500,"height":500,"caption":"Tactical Foodpack matkaeined"},"image":{"@id":"https:\/\/toidupakk.ee\/lt\/#\/schema\/logo\/image\/"},"sameAs":["https:\/\/www.facebook.com\/Toidupakk","https:\/\/www.instagram.com\/toidupakk\/"]}]}},"jetpack_sharing_enabled":true,"_links":{"self":[{"href":"https:\/\/toidupakk.ee\/lt\/wp-json\/wp\/v2\/product\/47042","targetHints":{"allow":["GET"]}}],"collection":[{"href":"https:\/\/toidupakk.ee\/lt\/wp-json\/wp\/v2\/product"}],"about":[{"href":"https:\/\/toidupakk.ee\/lt\/wp-json\/wp\/v2\/types\/product"}],"replies":[{"embeddable":true,"href":"https:\/\/toidupakk.ee\/lt\/wp-json\/wp\/v2\/comments?post=47042"}],"wp:featuredmedia":[{"embeddable":true,"href":"https:\/\/toidupakk.ee\/lt\/wp-json\/wp\/v2\/media\/14343"}],"wp:attachment":[{"href":"https:\/\/toidupakk.ee\/lt\/wp-json\/wp\/v2\/media?parent=47042"}],"wp:term":[{"taxonomy":"product_brand","embeddable":true,"href":"https:\/\/toidupakk.ee\/lt\/wp-json\/wp\/v2\/product_brand?post=47042"},{"taxonomy":"product_cat","embeddable":true,"href":"https:\/\/toidupakk.ee\/lt\/wp-json\/wp\/v2\/product_cat?post=47042"},{"taxonomy":"product_tag","embeddable":true,"href":"https:\/\/toidupakk.ee\/lt\/wp-json\/wp\/v2\/product_tag?post=47042"}],"curies":[{"name":"wp","href":"https:\/\/api.w.org\/{rel}","templated":true}]}}