{"id":47031,"date":"2023-09-28T14:58:17","date_gmt":"2023-09-28T11:58:17","guid":{"rendered":"https:\/\/toidupakk.ee\/toode\/pavasarine-rudenine-striuke-combat-anorak-mil-tec\/"},"modified":"2026-04-04T00:01:43","modified_gmt":"2026-04-03T21:01:43","slug":"pavasarine-rudenine-striuke-combat-anorak-mil-tec","status":"publish","type":"product","link":"https:\/\/toidupakk.ee\/lt\/toode\/pavasarine-rudenine-striuke-combat-anorak-mil-tec\/","title":{"rendered":"Pavasarin\u0117-rudenin\u0117 striuk\u0117 \u201eCombat Anorak\u201c MIL-TEC"},"content":{"rendered":"<p class=\"my-1 text-base\">Pavasarin\u0117-rudenin\u0117 striuk\u0117 \u201eCombat Anorak\u201c MIL-TEC yra patvari ir puikaus dizaino striuk\u0117 su pamu\u0161alu. Ji pagaminta i\u0161 100 % poliesterio mikropluo\u0161to, tod\u0117l yra atspari v\u0117jui ir ilgaam\u017e\u0117. Striuk\u0117s liemens dalis i\u0161klota 100 % poliesterio flisu, u\u017etikrinan\u010diu \u0161ilum\u0105 ir komfort\u0105. Rankov\u0117s ir gobtuvas taip pat turi poliesterio pamu\u0161al\u0105. Striuk\u0117 u\u017epildyta 100 % poliesterio vatinu (80 g\/m\u00b2), suteikian\u010diu papildomos \u0161ilumos ir patogumo.    <\/p>\n<p class=\"my-1 text-base\">Striuk\u0117 turi kelias ki\u0161enes: didel\u0119 priekin\u0119 ki\u0161en\u0119 su pasl\u0117ptu u\u017etrauktuku, dvi \u0161onines ki\u0161enes su pasl\u0117ptais u\u017etrauktukais bei ki\u0161en\u0119 ant peties su lipniomis juostel\u0117mis. Gobtuvas ir striuk\u0117s apa\u010dia turi elasting\u0105 virvel\u0119 su fiksatoriumi, leid\u017eian\u010diu reguliuoti dyd\u012f pagal poreik\u012f. Rankov\u0117s turi poliesterio pamu\u0161al\u0105 papildomai \u0161ilumai, o rankogaliai su elastine juosta u\u017etikrina ger\u0105 prigludim\u0105 ir apsaugo nuo \u0161alto oro.  <\/p>\n<p>&nbsp;<\/p>\n<p>Kitus \u017eygio reikmenis rasi <a href=\"https:\/\/toidupakk.ee\/lt\/tootekategooria\/zygio-iranga\/#section-3-79\">\u010cIA<\/a><\/p>\n<p>O gal domiesi \u017eygio maistu? \u017di\u016br\u0117k <a href=\"\/?product_cat=snakk#section-3-79\">\u010cIA<\/a><\/p>\n<p>Pasisemk \u012fkv\u0117pimo kitiems nuotykiams Toidupakk <a href=\"https:\/\/www.instagram.com\/toidupakk\/\">Instagram<\/a> ir <a href=\"https:\/\/www.facebook.com\/Toidupakk\/\">Facebook<\/a> paskyrose.<\/p>\n","protected":false},"excerpt":{"rendered":"<p>Pavasarin\u0117-rudenin\u0117 striuk\u0117 \u201eCombat Anorak\u201c MIL-TEC\u00ae \u2013 patogi striuk\u0117 aktyviai veiklai lauke.<\/p>\n<ul class=\"my-1 list-disc pl-4\">\n<li>V\u0117jui atspari, patogi ir mink\u0161ta rudenin\u0117 striuk\u0117<\/li>\n<li class=\"my-1 text-base\">Striuk\u0117s med\u017eiaga: 100 % poliesteris (mikropluo\u0161tas)<\/li>\n<li class=\"my-1 text-base\">Striuk\u0117 turi \u0161ilt\u0105 ir mink\u0161t\u0105 flisin\u012f pamu\u0161al\u0105<\/li>\n<li class=\"my-1 text-base\">Rankovi\u0173 \/ gobtuvo pamu\u0161alas: 100 % poliesteris<\/li>\n<li class=\"my-1 text-base\">U\u017epildas: 100 % poliesteris (80 g\/m\u00b2)<\/li>\n<li class=\"my-1 text-base\">Didel\u0117 priekin\u0117 ki\u0161en\u0117 su pasl\u0117ptu u\u017etrauktuku<\/li>\n<li class=\"my-1 text-base\">2 \u0161onin\u0117s ki\u0161en\u0117s su pasl\u0117ptais u\u017etrauktukais<\/li>\n<li class=\"my-1 text-base\">Elastinga virvel\u0117 ir fiksatorius ant gobtuvo bei apa\u010dioje<\/li>\n<li class=\"my-1 text-base\">Ki\u0161en\u0117 ant peties su lipniu u\u017esegimu<\/li>\n<li class=\"my-1 text-base\">Prek\u0117s \u017eenklas: MIL-TEC\u00ae<\/li>\n<li>Spalva \/ ra\u0161tas: kamuflia\u017ein\u0117<\/li>\n<li>Dyd\u017eiai: S, M, L, XL, XXL ir 3XL<\/li>\n<\/ul>\n<p>\u2705 Turime sand\u0117lyje, greitas pristatymas per 1\u20133 d. d.<br \/>\n\u2705 NEMOKAMAS gr\u0105\u017einimas ir keitimas, jei netinka dydis<br \/>\n\u2705 Pirk dabar, mok\u0117k v\u0117liau (pal\u016bkanos 0 %)<\/p>\n","protected":false},"featured_media":14257,"comment_status":"open","ping_status":"closed","template":"","meta":{"_acf_changed":false},"product_brand":[],"product_cat":[191,193,210,220,189,190],"product_tag":[],"class_list":{"0":"post-47031","1":"product","2":"type-product","3":"status-publish","4":"has-post-thumbnail","6":"product_cat-drabuziai","7":"product_cat-karine-ekipuote","8":"product_cat-mil-tec","9":"product_cat-striukes","10":"product_cat-zygio-iranga","11":"product_cat-zygio-prekes","13":"first","14":"instock","15":"taxable","16":"shipping-taxable","17":"purchasable","18":"product-type-variable","19":"has-default-attributes"},"bundled_by":[],"bundle_stock_status":"instock","bundle_stock_quantity":null,"bundle_virtual":false,"bundle_layout":"","bundle_add_to_cart_form_location":"","bundle_editable_in_cart":false,"bundle_sold_individually_context":"","bundle_item_grouping":"","bundle_min_size":"","bundle_max_size":"","bundle_price":[],"bundled_items":[],"bundle_sell_ids":[],"acf":[],"yoast_head":"<!-- This site is optimized with the Yoast SEO plugin v27.1.1 - https:\/\/yoast.com\/product\/yoast-seo-wordpress\/ -->\n<title>Pavasarin\u0117-rudenin\u0117 striuk\u0117 \u201eCombat Anorak\u201c MIL-TEC<\/title>\n<meta name=\"description\" content=\"Pavasarin\u0117-rudenin\u0117 striuk\u0117 \u201eCombat Anorak\u201c yra \u0161ilta, patogi ir stilinga antvir\u0161in\u0117 striuk\u0117. Populiarus pasirinkimas tarp med\u017eiotoj\u0173, \u017evej\u0173, \u017eygi\u0173 entuziast\u0173 ir kit\u0173 aktyvi\u0173 \u017emoni\u0173.\" \/>\n<meta name=\"robots\" content=\"index, follow, max-snippet:-1, max-image-preview:large, max-video-preview:-1\" \/>\n<link rel=\"canonical\" href=\"https:\/\/toidupakk.ee\/lt\/toode\/pavasarine-rudenine-striuke-combat-anorak-mil-tec\/\" \/>\n<meta property=\"og:locale\" content=\"lt_LT\" \/>\n<meta property=\"og:type\" content=\"article\" \/>\n<meta property=\"og:title\" content=\"Pavasarin\u0117-rudenin\u0117 striuk\u0117 \u201eCombat Anorak\u201c MIL-TEC\" \/>\n<meta property=\"og:description\" content=\"Pavasarin\u0117-rudenin\u0117 striuk\u0117 \u201eCombat Anorak\u201c yra \u0161ilta, patogi ir stilinga antvir\u0161in\u0117 striuk\u0117. Populiarus pasirinkimas tarp med\u017eiotoj\u0173, \u017evej\u0173, \u017eygi\u0173 entuziast\u0173 ir kit\u0173 aktyvi\u0173 \u017emoni\u0173.\" \/>\n<meta property=\"og:url\" content=\"https:\/\/toidupakk.ee\/lt\/toode\/pavasarine-rudenine-striuke-combat-anorak-mil-tec\/\" \/>\n<meta property=\"og:site_name\" content=\"Toidupakk.ee - Tactical Foodpack toidupakid\" \/>\n<meta property=\"article:publisher\" content=\"https:\/\/www.facebook.com\/Toidupakk\" \/>\n<meta property=\"article:modified_time\" content=\"2026-04-03T21:01:43+00:00\" \/>\n<meta property=\"og:image\" content=\"https:\/\/toidupakk.ee\/wp-content\/uploads\/2023\/09\/Talvejope-Winter-Combat-Anorak-MIL-TEC4.png\" \/>\n\t<meta property=\"og:image:width\" content=\"800\" \/>\n\t<meta property=\"og:image:height\" content=\"800\" \/>\n\t<meta property=\"og:image:type\" content=\"image\/png\" \/>\n<meta name=\"twitter:card\" content=\"summary_large_image\" \/>\n<meta name=\"twitter:label1\" content=\"Est. reading time\" \/>\n\t<meta name=\"twitter:data1\" content=\"1 minut\u0117\" \/>\n<script type=\"application\/ld+json\" class=\"yoast-schema-graph\">{\"@context\":\"https:\/\/schema.org\",\"@graph\":[{\"@type\":\"WebPage\",\"@id\":\"https:\/\/toidupakk.ee\/lt\/toode\/pavasarine-rudenine-striuke-combat-anorak-mil-tec\/\",\"url\":\"https:\/\/toidupakk.ee\/lt\/toode\/pavasarine-rudenine-striuke-combat-anorak-mil-tec\/\",\"name\":\"Pavasarin\u0117-rudenin\u0117 striuk\u0117 \u201eCombat Anorak\u201c MIL-TEC\",\"isPartOf\":{\"@id\":\"https:\/\/toidupakk.ee\/lt\/#website\"},\"primaryImageOfPage\":{\"@id\":\"https:\/\/toidupakk.ee\/lt\/toode\/pavasarine-rudenine-striuke-combat-anorak-mil-tec\/#primaryimage\"},\"image\":{\"@id\":\"https:\/\/toidupakk.ee\/lt\/toode\/pavasarine-rudenine-striuke-combat-anorak-mil-tec\/#primaryimage\"},\"thumbnailUrl\":\"https:\/\/toidupakk.ee\/wp-content\/uploads\/2023\/09\/Talvejope-Winter-Combat-Anorak-MIL-TEC4.png\",\"datePublished\":\"2023-09-28T11:58:17+00:00\",\"dateModified\":\"2026-04-03T21:01:43+00:00\",\"description\":\"Pavasarin\u0117-rudenin\u0117 striuk\u0117 \u201eCombat Anorak\u201c yra \u0161ilta, patogi ir stilinga antvir\u0161in\u0117 striuk\u0117. Populiarus pasirinkimas tarp med\u017eiotoj\u0173, \u017evej\u0173, \u017eygi\u0173 entuziast\u0173 ir kit\u0173 aktyvi\u0173 \u017emoni\u0173.\",\"breadcrumb\":{\"@id\":\"https:\/\/toidupakk.ee\/lt\/toode\/pavasarine-rudenine-striuke-combat-anorak-mil-tec\/#breadcrumb\"},\"inLanguage\":\"lt-LT\",\"potentialAction\":[{\"@type\":\"ReadAction\",\"target\":[\"https:\/\/toidupakk.ee\/lt\/toode\/pavasarine-rudenine-striuke-combat-anorak-mil-tec\/\"]}]},{\"@type\":\"ImageObject\",\"inLanguage\":\"lt-LT\",\"@id\":\"https:\/\/toidupakk.ee\/lt\/toode\/pavasarine-rudenine-striuke-combat-anorak-mil-tec\/#primaryimage\",\"url\":\"https:\/\/toidupakk.ee\/wp-content\/uploads\/2023\/09\/Talvejope-Winter-Combat-Anorak-MIL-TEC4.png\",\"contentUrl\":\"https:\/\/toidupakk.ee\/wp-content\/uploads\/2023\/09\/Talvejope-Winter-Combat-Anorak-MIL-TEC4.png\",\"width\":800,\"height\":800,\"caption\":\"Talvejope-Winter-Combat-Anorak-MIL-TEC 1\"},{\"@type\":\"BreadcrumbList\",\"@id\":\"https:\/\/toidupakk.ee\/lt\/toode\/pavasarine-rudenine-striuke-combat-anorak-mil-tec\/#breadcrumb\",\"itemListElement\":[{\"@type\":\"ListItem\",\"position\":1,\"name\":\"Avaleht\",\"item\":\"https:\/\/toidupakk.ee\/lt\/\"},{\"@type\":\"ListItem\",\"position\":2,\"name\":\"El. parduotuv\u0117\",\"item\":\"https:\/\/toidupakk.ee\/lt\/el-parduotuve\/\"},{\"@type\":\"ListItem\",\"position\":3,\"name\":\"Pavasarin\u0117-rudenin\u0117 striuk\u0117 \u201eCombat Anorak\u201c MIL-TEC\"}]},{\"@type\":\"WebSite\",\"@id\":\"https:\/\/toidupakk.ee\/lt\/#website\",\"url\":\"https:\/\/toidupakk.ee\/lt\/\",\"name\":\"Toidupakk.ee - Tactical Foodpack toidupakid\",\"description\":\"Tactical Foodpack k\u00fclmkuivatatud toidupakid ja matkaeined\",\"publisher\":{\"@id\":\"https:\/\/toidupakk.ee\/lt\/#organization\"},\"potentialAction\":[{\"@type\":\"SearchAction\",\"target\":{\"@type\":\"EntryPoint\",\"urlTemplate\":\"https:\/\/toidupakk.ee\/lt\/?s={search_term_string}\"},\"query-input\":{\"@type\":\"PropertyValueSpecification\",\"valueRequired\":true,\"valueName\":\"search_term_string\"}}],\"inLanguage\":\"lt-LT\"},{\"@type\":\"Organization\",\"@id\":\"https:\/\/toidupakk.ee\/lt\/#organization\",\"name\":\"Tactical Foodpack matkaeined\",\"url\":\"https:\/\/toidupakk.ee\/lt\/\",\"logo\":{\"@type\":\"ImageObject\",\"inLanguage\":\"lt-LT\",\"@id\":\"https:\/\/toidupakk.ee\/lt\/#\/schema\/logo\/image\/\",\"url\":\"https:\/\/toidupakk.ee\/wp-content\/uploads\/2022\/01\/Toidupakk-matkapood-logo-transparent.png\",\"contentUrl\":\"https:\/\/toidupakk.ee\/wp-content\/uploads\/2022\/01\/Toidupakk-matkapood-logo-transparent.png\",\"width\":500,\"height\":500,\"caption\":\"Tactical Foodpack matkaeined\"},\"image\":{\"@id\":\"https:\/\/toidupakk.ee\/lt\/#\/schema\/logo\/image\/\"},\"sameAs\":[\"https:\/\/www.facebook.com\/Toidupakk\",\"https:\/\/www.instagram.com\/toidupakk\/\"]}]}<\/script>\n<!-- \/ Yoast SEO plugin. -->","yoast_head_json":{"title":"Pavasarin\u0117-rudenin\u0117 striuk\u0117 \u201eCombat Anorak\u201c MIL-TEC","description":"Pavasarin\u0117-rudenin\u0117 striuk\u0117 \u201eCombat Anorak\u201c yra \u0161ilta, patogi ir stilinga antvir\u0161in\u0117 striuk\u0117. Populiarus pasirinkimas tarp med\u017eiotoj\u0173, \u017evej\u0173, \u017eygi\u0173 entuziast\u0173 ir kit\u0173 aktyvi\u0173 \u017emoni\u0173.","robots":{"index":"index","follow":"follow","max-snippet":"max-snippet:-1","max-image-preview":"max-image-preview:large","max-video-preview":"max-video-preview:-1"},"canonical":"https:\/\/toidupakk.ee\/lt\/toode\/pavasarine-rudenine-striuke-combat-anorak-mil-tec\/","og_locale":"lt_LT","og_type":"article","og_title":"Pavasarin\u0117-rudenin\u0117 striuk\u0117 \u201eCombat Anorak\u201c MIL-TEC","og_description":"Pavasarin\u0117-rudenin\u0117 striuk\u0117 \u201eCombat Anorak\u201c yra \u0161ilta, patogi ir stilinga antvir\u0161in\u0117 striuk\u0117. Populiarus pasirinkimas tarp med\u017eiotoj\u0173, \u017evej\u0173, \u017eygi\u0173 entuziast\u0173 ir kit\u0173 aktyvi\u0173 \u017emoni\u0173.","og_url":"https:\/\/toidupakk.ee\/lt\/toode\/pavasarine-rudenine-striuke-combat-anorak-mil-tec\/","og_site_name":"Toidupakk.ee - Tactical Foodpack toidupakid","article_publisher":"https:\/\/www.facebook.com\/Toidupakk","article_modified_time":"2026-04-03T21:01:43+00:00","og_image":[{"width":800,"height":800,"url":"https:\/\/toidupakk.ee\/wp-content\/uploads\/2023\/09\/Talvejope-Winter-Combat-Anorak-MIL-TEC4.png","type":"image\/png"}],"twitter_card":"summary_large_image","twitter_misc":{"Est. reading time":"1 minut\u0117"},"schema":{"@context":"https:\/\/schema.org","@graph":[{"@type":"WebPage","@id":"https:\/\/toidupakk.ee\/lt\/toode\/pavasarine-rudenine-striuke-combat-anorak-mil-tec\/","url":"https:\/\/toidupakk.ee\/lt\/toode\/pavasarine-rudenine-striuke-combat-anorak-mil-tec\/","name":"Pavasarin\u0117-rudenin\u0117 striuk\u0117 \u201eCombat Anorak\u201c MIL-TEC","isPartOf":{"@id":"https:\/\/toidupakk.ee\/lt\/#website"},"primaryImageOfPage":{"@id":"https:\/\/toidupakk.ee\/lt\/toode\/pavasarine-rudenine-striuke-combat-anorak-mil-tec\/#primaryimage"},"image":{"@id":"https:\/\/toidupakk.ee\/lt\/toode\/pavasarine-rudenine-striuke-combat-anorak-mil-tec\/#primaryimage"},"thumbnailUrl":"https:\/\/toidupakk.ee\/wp-content\/uploads\/2023\/09\/Talvejope-Winter-Combat-Anorak-MIL-TEC4.png","datePublished":"2023-09-28T11:58:17+00:00","dateModified":"2026-04-03T21:01:43+00:00","description":"Pavasarin\u0117-rudenin\u0117 striuk\u0117 \u201eCombat Anorak\u201c yra \u0161ilta, patogi ir stilinga antvir\u0161in\u0117 striuk\u0117. Populiarus pasirinkimas tarp med\u017eiotoj\u0173, \u017evej\u0173, \u017eygi\u0173 entuziast\u0173 ir kit\u0173 aktyvi\u0173 \u017emoni\u0173.","breadcrumb":{"@id":"https:\/\/toidupakk.ee\/lt\/toode\/pavasarine-rudenine-striuke-combat-anorak-mil-tec\/#breadcrumb"},"inLanguage":"lt-LT","potentialAction":[{"@type":"ReadAction","target":["https:\/\/toidupakk.ee\/lt\/toode\/pavasarine-rudenine-striuke-combat-anorak-mil-tec\/"]}]},{"@type":"ImageObject","inLanguage":"lt-LT","@id":"https:\/\/toidupakk.ee\/lt\/toode\/pavasarine-rudenine-striuke-combat-anorak-mil-tec\/#primaryimage","url":"https:\/\/toidupakk.ee\/wp-content\/uploads\/2023\/09\/Talvejope-Winter-Combat-Anorak-MIL-TEC4.png","contentUrl":"https:\/\/toidupakk.ee\/wp-content\/uploads\/2023\/09\/Talvejope-Winter-Combat-Anorak-MIL-TEC4.png","width":800,"height":800,"caption":"Talvejope-Winter-Combat-Anorak-MIL-TEC 1"},{"@type":"BreadcrumbList","@id":"https:\/\/toidupakk.ee\/lt\/toode\/pavasarine-rudenine-striuke-combat-anorak-mil-tec\/#breadcrumb","itemListElement":[{"@type":"ListItem","position":1,"name":"Avaleht","item":"https:\/\/toidupakk.ee\/lt\/"},{"@type":"ListItem","position":2,"name":"El. parduotuv\u0117","item":"https:\/\/toidupakk.ee\/lt\/el-parduotuve\/"},{"@type":"ListItem","position":3,"name":"Pavasarin\u0117-rudenin\u0117 striuk\u0117 \u201eCombat Anorak\u201c MIL-TEC"}]},{"@type":"WebSite","@id":"https:\/\/toidupakk.ee\/lt\/#website","url":"https:\/\/toidupakk.ee\/lt\/","name":"Toidupakk.ee - Tactical Foodpack toidupakid","description":"Tactical Foodpack k\u00fclmkuivatatud toidupakid ja matkaeined","publisher":{"@id":"https:\/\/toidupakk.ee\/lt\/#organization"},"potentialAction":[{"@type":"SearchAction","target":{"@type":"EntryPoint","urlTemplate":"https:\/\/toidupakk.ee\/lt\/?s={search_term_string}"},"query-input":{"@type":"PropertyValueSpecification","valueRequired":true,"valueName":"search_term_string"}}],"inLanguage":"lt-LT"},{"@type":"Organization","@id":"https:\/\/toidupakk.ee\/lt\/#organization","name":"Tactical Foodpack matkaeined","url":"https:\/\/toidupakk.ee\/lt\/","logo":{"@type":"ImageObject","inLanguage":"lt-LT","@id":"https:\/\/toidupakk.ee\/lt\/#\/schema\/logo\/image\/","url":"https:\/\/toidupakk.ee\/wp-content\/uploads\/2022\/01\/Toidupakk-matkapood-logo-transparent.png","contentUrl":"https:\/\/toidupakk.ee\/wp-content\/uploads\/2022\/01\/Toidupakk-matkapood-logo-transparent.png","width":500,"height":500,"caption":"Tactical Foodpack matkaeined"},"image":{"@id":"https:\/\/toidupakk.ee\/lt\/#\/schema\/logo\/image\/"},"sameAs":["https:\/\/www.facebook.com\/Toidupakk","https:\/\/www.instagram.com\/toidupakk\/"]}]}},"jetpack_sharing_enabled":true,"_links":{"self":[{"href":"https:\/\/toidupakk.ee\/lt\/wp-json\/wp\/v2\/product\/47031","targetHints":{"allow":["GET"]}}],"collection":[{"href":"https:\/\/toidupakk.ee\/lt\/wp-json\/wp\/v2\/product"}],"about":[{"href":"https:\/\/toidupakk.ee\/lt\/wp-json\/wp\/v2\/types\/product"}],"replies":[{"embeddable":true,"href":"https:\/\/toidupakk.ee\/lt\/wp-json\/wp\/v2\/comments?post=47031"}],"wp:featuredmedia":[{"embeddable":true,"href":"https:\/\/toidupakk.ee\/lt\/wp-json\/wp\/v2\/media\/14257"}],"wp:attachment":[{"href":"https:\/\/toidupakk.ee\/lt\/wp-json\/wp\/v2\/media?parent=47031"}],"wp:term":[{"taxonomy":"product_brand","embeddable":true,"href":"https:\/\/toidupakk.ee\/lt\/wp-json\/wp\/v2\/product_brand?post=47031"},{"taxonomy":"product_cat","embeddable":true,"href":"https:\/\/toidupakk.ee\/lt\/wp-json\/wp\/v2\/product_cat?post=47031"},{"taxonomy":"product_tag","embeddable":true,"href":"https:\/\/toidupakk.ee\/lt\/wp-json\/wp\/v2\/product_tag?post=47031"}],"curies":[{"name":"wp","href":"https:\/\/api.w.org\/{rel}","templated":true}]}}