{"id":47030,"date":"2023-10-12T15:31:54","date_gmt":"2023-10-12T12:31:54","guid":{"rendered":"https:\/\/toidupakk.ee\/toode\/pasta-primavera-100-g\/"},"modified":"2026-04-29T16:31:13","modified_gmt":"2026-04-29T13:31:13","slug":"pasta-primavera-100-g","status":"publish","type":"product","link":"https:\/\/toidupakk.ee\/lt\/toode\/pasta-primavera-100-g\/","title":{"rendered":"Pasta Primavera 100 g"},"content":{"rendered":"<h1>Pasta Primavera patiekalas<\/h1>\n<p>\u201eMeki\u201c paruo\u0161ti valgiai \u2013 tai Estijoje pagaminti liofilizuoti patiekalai. Tai naminis ir sveikas maistas, kur\u012f paruo\u0161i greitai ir paprastai. Patiekalas bus paruo\u0161tas per 10 minu\u010di\u0173, tik \u012fpilk kar\u0161to vandens. D\u0117l liofilizavimo technologijos maiste n\u0117ra konservant\u0173. \u0160i technologija leid\u017eia i\u0161saugoti maisto skon\u012f, maistin\u0119 vert\u0119 ir aromat\u0105. Maistui gaminti naudojami tik vietiniai ingredientai, o galiojimo laikas \u2013 2 metai.     <\/p>\n<h2>Pasta Primavera sud\u0117tis<\/h2>\n<p>\u010cEDERIO s\u016bris, kop\u016bstai, porai, paprika, svog\u016bnai, MAKARONAI, \u017eiediniai kop\u016bstai, brokoliai, morkos, PLAKAMOJI GRIETIN\u0116L\u0116 35 %, raps\u0173 aliejus, druska<br \/>\nParuo\u0161imo laikas: 8 minut\u0117s<\/p>\n<table class=\"table table-responsive\">\n<thead>\n<tr>\n<th>VIDUTIN\u0116 MAISTIN\u0116 VERT\u0116<\/th>\n<th>100 G<\/th>\n<\/tr>\n<\/thead>\n<tbody>\n<tr>\n<td>Energija<\/td>\n<td>2014 kJ \/ 481 kcal<\/td>\n<\/tr>\n<tr>\n<td>Angliavandeniai<\/td>\n<td>57,54 g<\/td>\n<\/tr>\n<tr>\n<td>i\u0161 kuri\u0173 cukr\u0173<\/td>\n<td>6,23 g<\/td>\n<\/tr>\n<tr>\n<td>Baltymai<\/td>\n<td>12,19 g<\/td>\n<\/tr>\n<tr>\n<td>Riebalai<\/td>\n<td>21,61 g<\/td>\n<\/tr>\n<tr>\n<td>i\u0161 kuri\u0173 so\u010di\u0173j\u0173 riebal\u0173 r\u016bg\u0161\u010di\u0173<\/td>\n<td>7,54 g<\/td>\n<\/tr>\n<\/tbody>\n<\/table>\n<p>Daugiau \u017eygio reikmen\u0173 rasi <a href=\"https:\/\/toidupakk.ee\/lt\/tootekategooria\/zygio-iranga\/#section-3-79\">\u010cIA<\/a><\/p>\n<p>Domina \u017eygio maistas? \u017di\u016br\u0117k <a href=\"\/?product_cat=snakk#section-3-79\">\u010cIA<\/a><\/p>\n<p>Pasisemk \u012fkv\u0117pimo kitiems nuotykiams \u201eToidupakk\u201c <a href=\"https:\/\/www.instagram.com\/toidupakk\/\">Instagram<\/a> ir <a href=\"https:\/\/www.facebook.com\/Toidupakk\/\">Facebook<\/a> paskyrose.<\/p>\n","protected":false},"excerpt":{"rendered":"<ul>\n<li>Patogus paruo\u0161tas maistas \u2013 tik \u012fpilk kar\u0161to vandens<\/li>\n<li>Pagaminta Estijoje<\/li>\n<li>Patogu pasiimti \u012f \u017eyg\u012f mi\u0161ke, kelion\u0119 automobiliu ar pasivaik\u0161\u010diojim\u0105 gryname ore<\/li>\n<li>Greitas u\u017ekandis paruo\u0161iamas patogiai per 10 minu\u010di\u0173<\/li>\n<li>Sotus vietinis patiekalas, pagamintas naudojant liofilizavimo technologij\u0105<\/li>\n<li>Maistingas, sotus ir be konservant\u0173<\/li>\n<li>Pagaminta daugiausia i\u0161 vietini\u0173 \u017ealiav\u0173<\/li>\n<li>Visi MEKI produktai yra sandariose, pakartotinai u\u017edaromose pakuot\u0117se.<\/li>\n<\/ul>\n<p>\u2705 Turime sand\u0117lyje, greitas pristatymas per 1\u20133 darbo dienas<\/p>\n","protected":false},"featured_media":14743,"comment_status":"open","ping_status":"closed","template":"","meta":{"_acf_changed":false},"product_brand":[],"product_cat":[271,273,256,189,231,190],"product_tag":[],"class_list":{"0":"post-47030","1":"product","2":"type-product","3":"status-publish","4":"has-post-thumbnail","6":"product_cat-meki-maistas-zygiams","7":"product_cat-meki-pagrindiniai-patiekalai","8":"product_cat-pagrindiniai-patiekalai","9":"product_cat-zygio-iranga","10":"product_cat-zygio-maistas","11":"product_cat-zygio-prekes","13":"first","14":"instock","15":"taxable","16":"shipping-taxable","17":"purchasable","18":"product-type-simple"},"bundled_by":[],"bundle_stock_status":"instock","bundle_stock_quantity":13,"bundle_virtual":false,"bundle_layout":"","bundle_add_to_cart_form_location":"","bundle_editable_in_cart":false,"bundle_sold_individually_context":"","bundle_item_grouping":"","bundle_min_size":"","bundle_max_size":"","bundle_price":[],"bundled_items":[],"bundle_sell_ids":[],"acf":[],"yoast_head":"<!-- This site is optimized with the Yoast SEO plugin v27.3 - https:\/\/yoast.com\/product\/yoast-seo-wordpress\/ -->\n<title>Pasta Primavera 100 g paruo\u0161tas maistas<\/title>\n<meta name=\"description\" content=\"Pasta Primavera sud\u0117tis: \u010cEDERIO s\u016bris, kop\u016bstai, porai, paprika, svog\u016bnai, MAKARONAI, \u017eiediniai kop\u016bstai, brokoliai, morkos, PLAKAMOJI GRIETIN\u0116L\u0116 35 %, raps\u0173 aliejus, druska\" \/>\n<meta name=\"robots\" content=\"index, follow, max-snippet:-1, max-image-preview:large, max-video-preview:-1\" \/>\n<link rel=\"canonical\" href=\"https:\/\/toidupakk.ee\/lt\/toode\/pasta-primavera-100-g\/\" \/>\n<meta property=\"og:locale\" content=\"lt_LT\" \/>\n<meta property=\"og:type\" content=\"article\" \/>\n<meta property=\"og:title\" content=\"Pasta Primavera 100 g paruo\u0161tas maistas\" \/>\n<meta property=\"og:description\" content=\"Pasta Primavera sud\u0117tis: \u010cEDERIO s\u016bris, kop\u016bstai, porai, paprika, svog\u016bnai, MAKARONAI, \u017eiediniai kop\u016bstai, brokoliai, morkos, PLAKAMOJI GRIETIN\u0116L\u0116 35 %, raps\u0173 aliejus, druska\" \/>\n<meta property=\"og:url\" content=\"https:\/\/toidupakk.ee\/lt\/toode\/pasta-primavera-100-g\/\" \/>\n<meta property=\"og:site_name\" content=\"Toidupakk.ee - Tactical Foodpack toidupakid\" \/>\n<meta property=\"article:publisher\" content=\"https:\/\/www.facebook.com\/Toidupakk\" \/>\n<meta property=\"article:modified_time\" content=\"2026-04-29T13:31:13+00:00\" \/>\n<meta property=\"og:image\" content=\"https:\/\/toidupakk.ee\/wp-content\/uploads\/2023\/10\/Pasta-Primavera-MEKI.png\" \/>\n\t<meta property=\"og:image:width\" content=\"800\" \/>\n\t<meta property=\"og:image:height\" content=\"800\" \/>\n\t<meta property=\"og:image:type\" content=\"image\/png\" \/>\n<meta name=\"twitter:card\" content=\"summary_large_image\" \/>\n<meta name=\"twitter:label1\" content=\"Est. reading time\" \/>\n\t<meta name=\"twitter:data1\" content=\"1 minut\u0117\" \/>\n<script type=\"application\/ld+json\" class=\"yoast-schema-graph\">{\"@context\":\"https:\\\/\\\/schema.org\",\"@graph\":[{\"@type\":\"WebPage\",\"@id\":\"https:\\\/\\\/toidupakk.ee\\\/lt\\\/toode\\\/pasta-primavera-100-g\\\/\",\"url\":\"https:\\\/\\\/toidupakk.ee\\\/lt\\\/toode\\\/pasta-primavera-100-g\\\/\",\"name\":\"Pasta Primavera 100 g paruo\u0161tas maistas\",\"isPartOf\":{\"@id\":\"https:\\\/\\\/toidupakk.ee\\\/lt\\\/#website\"},\"primaryImageOfPage\":{\"@id\":\"https:\\\/\\\/toidupakk.ee\\\/lt\\\/toode\\\/pasta-primavera-100-g\\\/#primaryimage\"},\"image\":{\"@id\":\"https:\\\/\\\/toidupakk.ee\\\/lt\\\/toode\\\/pasta-primavera-100-g\\\/#primaryimage\"},\"thumbnailUrl\":\"https:\\\/\\\/toidupakk.ee\\\/wp-content\\\/uploads\\\/2023\\\/10\\\/Pasta-Primavera-MEKI.png\",\"datePublished\":\"2023-10-12T12:31:54+00:00\",\"dateModified\":\"2026-04-29T13:31:13+00:00\",\"description\":\"Pasta Primavera sud\u0117tis: \u010cEDERIO s\u016bris, kop\u016bstai, porai, paprika, svog\u016bnai, MAKARONAI, \u017eiediniai kop\u016bstai, brokoliai, morkos, PLAKAMOJI GRIETIN\u0116L\u0116 35 %, raps\u0173 aliejus, druska\",\"breadcrumb\":{\"@id\":\"https:\\\/\\\/toidupakk.ee\\\/lt\\\/toode\\\/pasta-primavera-100-g\\\/#breadcrumb\"},\"inLanguage\":\"lt-LT\",\"potentialAction\":[{\"@type\":\"ReadAction\",\"target\":[\"https:\\\/\\\/toidupakk.ee\\\/lt\\\/toode\\\/pasta-primavera-100-g\\\/\"]}]},{\"@type\":\"ImageObject\",\"inLanguage\":\"lt-LT\",\"@id\":\"https:\\\/\\\/toidupakk.ee\\\/lt\\\/toode\\\/pasta-primavera-100-g\\\/#primaryimage\",\"url\":\"https:\\\/\\\/toidupakk.ee\\\/wp-content\\\/uploads\\\/2023\\\/10\\\/Pasta-Primavera-MEKI.png\",\"contentUrl\":\"https:\\\/\\\/toidupakk.ee\\\/wp-content\\\/uploads\\\/2023\\\/10\\\/Pasta-Primavera-MEKI.png\",\"width\":800,\"height\":800,\"caption\":\"pasta matkatoit\"},{\"@type\":\"BreadcrumbList\",\"@id\":\"https:\\\/\\\/toidupakk.ee\\\/lt\\\/toode\\\/pasta-primavera-100-g\\\/#breadcrumb\",\"itemListElement\":[{\"@type\":\"ListItem\",\"position\":1,\"name\":\"Avaleht\",\"item\":\"https:\\\/\\\/toidupakk.ee\\\/lt\\\/\"},{\"@type\":\"ListItem\",\"position\":2,\"name\":\"El. parduotuv\u0117\",\"item\":\"https:\\\/\\\/toidupakk.ee\\\/lt\\\/el-parduotuve\\\/\"},{\"@type\":\"ListItem\",\"position\":3,\"name\":\"Pasta Primavera 100 g\"}]},{\"@type\":\"WebSite\",\"@id\":\"https:\\\/\\\/toidupakk.ee\\\/lt\\\/#website\",\"url\":\"https:\\\/\\\/toidupakk.ee\\\/lt\\\/\",\"name\":\"Toidupakk.ee - Tactical Foodpack toidupakid\",\"description\":\"Tactical Foodpack k\u00fclmkuivatatud toidupakid ja matkaeined\",\"publisher\":{\"@id\":\"https:\\\/\\\/toidupakk.ee\\\/lt\\\/#organization\"},\"potentialAction\":[{\"@type\":\"SearchAction\",\"target\":{\"@type\":\"EntryPoint\",\"urlTemplate\":\"https:\\\/\\\/toidupakk.ee\\\/lt\\\/?s={search_term_string}\"},\"query-input\":{\"@type\":\"PropertyValueSpecification\",\"valueRequired\":true,\"valueName\":\"search_term_string\"}}],\"inLanguage\":\"lt-LT\"},{\"@type\":\"Organization\",\"@id\":\"https:\\\/\\\/toidupakk.ee\\\/lt\\\/#organization\",\"name\":\"Tactical Foodpack matkaeined\",\"url\":\"https:\\\/\\\/toidupakk.ee\\\/lt\\\/\",\"logo\":{\"@type\":\"ImageObject\",\"inLanguage\":\"lt-LT\",\"@id\":\"https:\\\/\\\/toidupakk.ee\\\/lt\\\/#\\\/schema\\\/logo\\\/image\\\/\",\"url\":\"https:\\\/\\\/toidupakk.ee\\\/wp-content\\\/uploads\\\/2022\\\/01\\\/Toidupakk-matkapood-logo-transparent.png\",\"contentUrl\":\"https:\\\/\\\/toidupakk.ee\\\/wp-content\\\/uploads\\\/2022\\\/01\\\/Toidupakk-matkapood-logo-transparent.png\",\"width\":500,\"height\":500,\"caption\":\"Tactical Foodpack matkaeined\"},\"image\":{\"@id\":\"https:\\\/\\\/toidupakk.ee\\\/lt\\\/#\\\/schema\\\/logo\\\/image\\\/\"},\"sameAs\":[\"https:\\\/\\\/www.facebook.com\\\/Toidupakk\",\"https:\\\/\\\/www.instagram.com\\\/toidupakk\\\/\"]}]}<\/script>\n<!-- \/ Yoast SEO plugin. -->","yoast_head_json":{"title":"Pasta Primavera 100 g paruo\u0161tas maistas","description":"Pasta Primavera sud\u0117tis: \u010cEDERIO s\u016bris, kop\u016bstai, porai, paprika, svog\u016bnai, MAKARONAI, \u017eiediniai kop\u016bstai, brokoliai, morkos, PLAKAMOJI GRIETIN\u0116L\u0116 35 %, raps\u0173 aliejus, druska","robots":{"index":"index","follow":"follow","max-snippet":"max-snippet:-1","max-image-preview":"max-image-preview:large","max-video-preview":"max-video-preview:-1"},"canonical":"https:\/\/toidupakk.ee\/lt\/toode\/pasta-primavera-100-g\/","og_locale":"lt_LT","og_type":"article","og_title":"Pasta Primavera 100 g paruo\u0161tas maistas","og_description":"Pasta Primavera sud\u0117tis: \u010cEDERIO s\u016bris, kop\u016bstai, porai, paprika, svog\u016bnai, MAKARONAI, \u017eiediniai kop\u016bstai, brokoliai, morkos, PLAKAMOJI GRIETIN\u0116L\u0116 35 %, raps\u0173 aliejus, druska","og_url":"https:\/\/toidupakk.ee\/lt\/toode\/pasta-primavera-100-g\/","og_site_name":"Toidupakk.ee - Tactical Foodpack toidupakid","article_publisher":"https:\/\/www.facebook.com\/Toidupakk","article_modified_time":"2026-04-29T13:31:13+00:00","og_image":[{"width":800,"height":800,"url":"https:\/\/toidupakk.ee\/wp-content\/uploads\/2023\/10\/Pasta-Primavera-MEKI.png","type":"image\/png"}],"twitter_card":"summary_large_image","twitter_misc":{"Est. reading time":"1 minut\u0117"},"schema":{"@context":"https:\/\/schema.org","@graph":[{"@type":"WebPage","@id":"https:\/\/toidupakk.ee\/lt\/toode\/pasta-primavera-100-g\/","url":"https:\/\/toidupakk.ee\/lt\/toode\/pasta-primavera-100-g\/","name":"Pasta Primavera 100 g paruo\u0161tas maistas","isPartOf":{"@id":"https:\/\/toidupakk.ee\/lt\/#website"},"primaryImageOfPage":{"@id":"https:\/\/toidupakk.ee\/lt\/toode\/pasta-primavera-100-g\/#primaryimage"},"image":{"@id":"https:\/\/toidupakk.ee\/lt\/toode\/pasta-primavera-100-g\/#primaryimage"},"thumbnailUrl":"https:\/\/toidupakk.ee\/wp-content\/uploads\/2023\/10\/Pasta-Primavera-MEKI.png","datePublished":"2023-10-12T12:31:54+00:00","dateModified":"2026-04-29T13:31:13+00:00","description":"Pasta Primavera sud\u0117tis: \u010cEDERIO s\u016bris, kop\u016bstai, porai, paprika, svog\u016bnai, MAKARONAI, \u017eiediniai kop\u016bstai, brokoliai, morkos, PLAKAMOJI GRIETIN\u0116L\u0116 35 %, raps\u0173 aliejus, druska","breadcrumb":{"@id":"https:\/\/toidupakk.ee\/lt\/toode\/pasta-primavera-100-g\/#breadcrumb"},"inLanguage":"lt-LT","potentialAction":[{"@type":"ReadAction","target":["https:\/\/toidupakk.ee\/lt\/toode\/pasta-primavera-100-g\/"]}]},{"@type":"ImageObject","inLanguage":"lt-LT","@id":"https:\/\/toidupakk.ee\/lt\/toode\/pasta-primavera-100-g\/#primaryimage","url":"https:\/\/toidupakk.ee\/wp-content\/uploads\/2023\/10\/Pasta-Primavera-MEKI.png","contentUrl":"https:\/\/toidupakk.ee\/wp-content\/uploads\/2023\/10\/Pasta-Primavera-MEKI.png","width":800,"height":800,"caption":"pasta matkatoit"},{"@type":"BreadcrumbList","@id":"https:\/\/toidupakk.ee\/lt\/toode\/pasta-primavera-100-g\/#breadcrumb","itemListElement":[{"@type":"ListItem","position":1,"name":"Avaleht","item":"https:\/\/toidupakk.ee\/lt\/"},{"@type":"ListItem","position":2,"name":"El. parduotuv\u0117","item":"https:\/\/toidupakk.ee\/lt\/el-parduotuve\/"},{"@type":"ListItem","position":3,"name":"Pasta Primavera 100 g"}]},{"@type":"WebSite","@id":"https:\/\/toidupakk.ee\/lt\/#website","url":"https:\/\/toidupakk.ee\/lt\/","name":"Toidupakk.ee - Tactical Foodpack toidupakid","description":"Tactical Foodpack k\u00fclmkuivatatud toidupakid ja matkaeined","publisher":{"@id":"https:\/\/toidupakk.ee\/lt\/#organization"},"potentialAction":[{"@type":"SearchAction","target":{"@type":"EntryPoint","urlTemplate":"https:\/\/toidupakk.ee\/lt\/?s={search_term_string}"},"query-input":{"@type":"PropertyValueSpecification","valueRequired":true,"valueName":"search_term_string"}}],"inLanguage":"lt-LT"},{"@type":"Organization","@id":"https:\/\/toidupakk.ee\/lt\/#organization","name":"Tactical Foodpack matkaeined","url":"https:\/\/toidupakk.ee\/lt\/","logo":{"@type":"ImageObject","inLanguage":"lt-LT","@id":"https:\/\/toidupakk.ee\/lt\/#\/schema\/logo\/image\/","url":"https:\/\/toidupakk.ee\/wp-content\/uploads\/2022\/01\/Toidupakk-matkapood-logo-transparent.png","contentUrl":"https:\/\/toidupakk.ee\/wp-content\/uploads\/2022\/01\/Toidupakk-matkapood-logo-transparent.png","width":500,"height":500,"caption":"Tactical Foodpack matkaeined"},"image":{"@id":"https:\/\/toidupakk.ee\/lt\/#\/schema\/logo\/image\/"},"sameAs":["https:\/\/www.facebook.com\/Toidupakk","https:\/\/www.instagram.com\/toidupakk\/"]}]}},"jetpack_sharing_enabled":true,"_links":{"self":[{"href":"https:\/\/toidupakk.ee\/lt\/wp-json\/wp\/v2\/product\/47030","targetHints":{"allow":["GET"]}}],"collection":[{"href":"https:\/\/toidupakk.ee\/lt\/wp-json\/wp\/v2\/product"}],"about":[{"href":"https:\/\/toidupakk.ee\/lt\/wp-json\/wp\/v2\/types\/product"}],"replies":[{"embeddable":true,"href":"https:\/\/toidupakk.ee\/lt\/wp-json\/wp\/v2\/comments?post=47030"}],"wp:featuredmedia":[{"embeddable":true,"href":"https:\/\/toidupakk.ee\/lt\/wp-json\/wp\/v2\/media\/14743"}],"wp:attachment":[{"href":"https:\/\/toidupakk.ee\/lt\/wp-json\/wp\/v2\/media?parent=47030"}],"wp:term":[{"taxonomy":"product_brand","embeddable":true,"href":"https:\/\/toidupakk.ee\/lt\/wp-json\/wp\/v2\/product_brand?post=47030"},{"taxonomy":"product_cat","embeddable":true,"href":"https:\/\/toidupakk.ee\/lt\/wp-json\/wp\/v2\/product_cat?post=47030"},{"taxonomy":"product_tag","embeddable":true,"href":"https:\/\/toidupakk.ee\/lt\/wp-json\/wp\/v2\/product_tag?post=47030"}],"curies":[{"name":"wp","href":"https:\/\/api.w.org\/{rel}","templated":true}]}}