{"id":47025,"date":"2023-09-20T16:17:15","date_gmt":"2023-09-20T13:17:15","guid":{"rendered":"https:\/\/toidupakk.ee\/toode\/readywise-maisto-atsargu-rinkinys-pagrindiniai-patiekalai-120-porciju-geriausias-iki-25-metu\/"},"modified":"2026-04-04T00:00:04","modified_gmt":"2026-04-03T21:00:04","slug":"readywise-maisto-atsargu-rinkinys-pagrindiniai-patiekalai-120-porciju-geriausias-iki-25-metu","status":"publish","type":"product","link":"https:\/\/toidupakk.ee\/lt\/toode\/readywise-maisto-atsargu-rinkinys-pagrindiniai-patiekalai-120-porciju-geriausias-iki-25-metu\/","title":{"rendered":"READYWISE\u00ae maisto atsarg\u0173 rinkinys \u2013 pagrindiniai patiekalai \u2013 120 porcij\u0173 \u2013 geriausias iki 25 met\u0173"},"content":{"rendered":"<h1><img fetchpriority=\"high\" decoding=\"async\" class=\"alignnone wp-image-36965 size-large\" src=\"https:\/\/toidupakk.ee\/wp-content\/uploads\/2023\/09\/Readywise-120-lihtne-valmistada-683x1024.jpg\" alt=\"\u201eReadywise\u201c maisto atsarg\u0173 rinkinio patiekal\u0173 paruo\u0161imas\" width=\"683\" height=\"1024\" srcset=\"https:\/\/toidupakk.ee\/wp-content\/uploads\/2023\/09\/Readywise-120-lihtne-valmistada-683x1024.jpg 683w, https:\/\/toidupakk.ee\/wp-content\/uploads\/2023\/09\/Readywise-120-lihtne-valmistada-200x300.jpg 200w, https:\/\/toidupakk.ee\/wp-content\/uploads\/2023\/09\/Readywise-120-lihtne-valmistada-768x1152.jpg 768w, https:\/\/toidupakk.ee\/wp-content\/uploads\/2023\/09\/Readywise-120-lihtne-valmistada-800x1200.jpg 800w, https:\/\/toidupakk.ee\/wp-content\/uploads\/2023\/09\/Readywise-120-lihtne-valmistada.jpg 1024w\" sizes=\"(max-width: 683px) 100vw, 683px\" \/> <img decoding=\"async\" class=\"alignnone wp-image-36966 size-large\" src=\"https:\/\/toidupakk.ee\/wp-content\/uploads\/2023\/09\/Readywise-120-iga-prepperi-varudesse-683x1024.jpg\" alt=\"\" width=\"683\" height=\"1024\" srcset=\"https:\/\/toidupakk.ee\/wp-content\/uploads\/2023\/09\/Readywise-120-iga-prepperi-varudesse-683x1024.jpg 683w, https:\/\/toidupakk.ee\/wp-content\/uploads\/2023\/09\/Readywise-120-iga-prepperi-varudesse-200x300.jpg 200w, https:\/\/toidupakk.ee\/wp-content\/uploads\/2023\/09\/Readywise-120-iga-prepperi-varudesse-768x1152.jpg 768w, https:\/\/toidupakk.ee\/wp-content\/uploads\/2023\/09\/Readywise-120-iga-prepperi-varudesse-800x1200.jpg 800w, https:\/\/toidupakk.ee\/wp-content\/uploads\/2023\/09\/Readywise-120-iga-prepperi-varudesse.jpg 1024w\" sizes=\"(max-width: 683px) 100vw, 683px\" \/> <img decoding=\"async\" class=\"alignnone wp-image-36967 size-large\" src=\"https:\/\/toidupakk.ee\/wp-content\/uploads\/2023\/09\/Readywise-120-mis-komplektis-sisaldub-683x1024.jpg\" alt=\"\u201eReadywise\u201c maisto atsarg\u0173 rinkinio turinys\" width=\"683\" height=\"1024\" srcset=\"https:\/\/toidupakk.ee\/wp-content\/uploads\/2023\/09\/Readywise-120-mis-komplektis-sisaldub-683x1024.jpg 683w, https:\/\/toidupakk.ee\/wp-content\/uploads\/2023\/09\/Readywise-120-mis-komplektis-sisaldub-200x300.jpg 200w, https:\/\/toidupakk.ee\/wp-content\/uploads\/2023\/09\/Readywise-120-mis-komplektis-sisaldub-768x1152.jpg 768w, https:\/\/toidupakk.ee\/wp-content\/uploads\/2023\/09\/Readywise-120-mis-komplektis-sisaldub-800x1200.jpg 800w, https:\/\/toidupakk.ee\/wp-content\/uploads\/2023\/09\/Readywise-120-mis-komplektis-sisaldub.jpg 1024w\" sizes=\"(max-width: 683px) 100vw, 683px\" \/> <img loading=\"lazy\" decoding=\"async\" class=\"alignnone wp-image-36968 size-large\" src=\"https:\/\/toidupakk.ee\/wp-content\/uploads\/2023\/09\/Readywise-120-maitsev-ja-toitev-683x1024.jpg\" alt=\"\" width=\"683\" height=\"1024\" srcset=\"https:\/\/toidupakk.ee\/wp-content\/uploads\/2023\/09\/Readywise-120-maitsev-ja-toitev-683x1024.jpg 683w, https:\/\/toidupakk.ee\/wp-content\/uploads\/2023\/09\/Readywise-120-maitsev-ja-toitev-200x300.jpg 200w, https:\/\/toidupakk.ee\/wp-content\/uploads\/2023\/09\/Readywise-120-maitsev-ja-toitev-768x1152.jpg 768w, https:\/\/toidupakk.ee\/wp-content\/uploads\/2023\/09\/Readywise-120-maitsev-ja-toitev-800x1200.jpg 800w, https:\/\/toidupakk.ee\/wp-content\/uploads\/2023\/09\/Readywise-120-maitsev-ja-toitev.jpg 1024w\" sizes=\"(max-width: 683px) 100vw, 683px\" \/> <img loading=\"lazy\" decoding=\"async\" class=\"alignnone wp-image-36970 size-large\" src=\"https:\/\/toidupakk.ee\/wp-content\/uploads\/2023\/09\/Readywise-120-toiduambrist-leiad-683x1024.jpg\" alt=\"\" width=\"683\" height=\"1024\" srcset=\"https:\/\/toidupakk.ee\/wp-content\/uploads\/2023\/09\/Readywise-120-toiduambrist-leiad-683x1024.jpg 683w, https:\/\/toidupakk.ee\/wp-content\/uploads\/2023\/09\/Readywise-120-toiduambrist-leiad-200x300.jpg 200w, https:\/\/toidupakk.ee\/wp-content\/uploads\/2023\/09\/Readywise-120-toiduambrist-leiad-768x1152.jpg 768w, https:\/\/toidupakk.ee\/wp-content\/uploads\/2023\/09\/Readywise-120-toiduambrist-leiad-800x1200.jpg 800w, https:\/\/toidupakk.ee\/wp-content\/uploads\/2023\/09\/Readywise-120-toiduambrist-leiad.jpg 1024w\" sizes=\"(max-width: 683px) 100vw, 683px\" \/> <img loading=\"lazy\" decoding=\"async\" class=\"alignnone wp-image-36971 size-large\" src=\"https:\/\/toidupakk.ee\/wp-content\/uploads\/2023\/09\/Readywise-120-naudi-lihtsust-683x1024.jpg\" alt=\"\" width=\"683\" height=\"1024\" srcset=\"https:\/\/toidupakk.ee\/wp-content\/uploads\/2023\/09\/Readywise-120-naudi-lihtsust-683x1024.jpg 683w, https:\/\/toidupakk.ee\/wp-content\/uploads\/2023\/09\/Readywise-120-naudi-lihtsust-200x300.jpg 200w, https:\/\/toidupakk.ee\/wp-content\/uploads\/2023\/09\/Readywise-120-naudi-lihtsust-768x1152.jpg 768w, https:\/\/toidupakk.ee\/wp-content\/uploads\/2023\/09\/Readywise-120-naudi-lihtsust-800x1200.jpg 800w, https:\/\/toidupakk.ee\/wp-content\/uploads\/2023\/09\/Readywise-120-naudi-lihtsust.jpg 1024w\" sizes=\"(max-width: 683px) 100vw, 683px\" \/><\/h1>\n<h1><img loading=\"lazy\" decoding=\"async\" class=\"alignright wp-image-8253 size-thumbnail\" src=\"https:\/\/toidupakk.ee\/wp-content\/uploads\/2023\/05\/6-500x500.png\" alt=\"\u201eReadywise\u201c pagrindini\u0173 patiekal\u0173 rinkinys, 120 porcij\u0173\" width=\"500\" height=\"500\" srcset=\"https:\/\/toidupakk.ee\/wp-content\/uploads\/2023\/05\/6-500x500.png 500w, https:\/\/toidupakk.ee\/wp-content\/uploads\/2023\/05\/6-400x400.png 400w, https:\/\/toidupakk.ee\/wp-content\/uploads\/2023\/05\/6-100x100.png 100w, https:\/\/toidupakk.ee\/wp-content\/uploads\/2023\/05\/6-800x800.png 800w, https:\/\/toidupakk.ee\/wp-content\/uploads\/2023\/05\/6-300x300.png 300w, https:\/\/toidupakk.ee\/wp-content\/uploads\/2023\/05\/6-1024x1024.png 1024w, https:\/\/toidupakk.ee\/wp-content\/uploads\/2023\/05\/6-768x768.png 768w, https:\/\/toidupakk.ee\/wp-content\/uploads\/2023\/05\/6.png 1080w\" sizes=\"(max-width: 500px) 100vw, 500px\" \/><\/h1>\n<h1>READYWISE maisto atsarg\u0173 rinkinys su pagrindiniais patiekalais \u2013 120 porcij\u0173 \u2013 pasiruo\u0161k netik\u0117toms situacijoms<\/h1>\n<p>\u201eReadyWise\u201c maisto atsarg\u0173 rinkinys skirtas naudoti kaip krizinis maisto rezervas, \u017eygiams arba tiesiog kaip patogi maisto atsarga namuose. Paruo\u0161tas maistas yra dehidratuotas, tod\u0117l ilg\u0105 laik\u0105 i\u0161laiko \u0161vie\u017eum\u0105 ir skon\u012f.  <strong>Maistas i\u0161lieka tinkamas vartoti iki 25 met\u0173 nuo pagaminimo datos.<\/strong> \u0160iame rinkinyje yra pagrindiniai patiekalai 120-\u010diai valgym\u0173 \/ porcij\u0173.<\/p>\n<h2><\/h2>\n<h2><strong>Kaip paruo\u0161ti<\/strong><\/h2>\n<p><strong>PASIRINK PATIEKAL\u0104 <\/strong>Atidaryk vandeniui atspari\u0105, pakartotinai u\u017edarom\u0105 pakuot\u0119 ir i\u0161sirink norim\u0105 skon\u012f. Kiekvienoje ma\u017eoje pakuot\u0117je yra 4 maisto porcijos. <\/p>\n<p><strong>\u012ePILK \u0160ALTO ARBA KAR\u0160TO VANDENS <\/strong>M\u016bs\u0173 produktai apdorojami specialiu procesu, kad i\u0161laikyt\u0173 skon\u012f ir tekst\u016br\u0105. Vienai porcijai \u012fpilk 1 puodel\u012f vandens ir i\u0161mai\u0161yk. M\u016bs\u0173 maist\u0105 galima ruo\u0161ti tiek su \u0161iltu, tiek su \u0161altu vandeniu.   Dauguma patiekal\u0173 visgi skanesni naudojant kar\u0161t\u0105 vanden\u012f.<\/p>\n<p><strong>I\u0160MAI\u0160YK IR M\u0116GAUKIS <\/strong>Supilk mai\u0161elio turin\u012f \u012f vanden\u012f ir i\u0161mai\u0161yk. U\u017edenk ir palauk 15 minu\u010di\u0173. Jei naudoji kambario temperat\u016bros vanden\u012f, palauk 30 minu\u010di\u0173. \u012esid\u0117k maist\u0105 \u012f l\u0117k\u0161t\u0119, valgyk ir m\u0117gaukis!   <\/p>\n<h2><\/h2>\n<h2><strong>\u201eReadyWise\u201c maisto atsarg\u0173 rinkinio kibir\u0117lyje rasi didel\u012f \u012fvairi\u0173 skoni\u0173 pasirinkim\u0105<\/strong><\/h2>\n<p>LAZANIJA SU S\u016aRIU: 8 porcijos<\/p>\n<p>KREMINIAI MAKARONAI SU DAR\u017dOV\u0116MIS: 12 porcij\u0173<\/p>\n<p>MAKARONAI \u201eALFREDO\u201c: 8 porcijos<\/p>\n<p>A\u0160TR\u016aS MAKARONAI (CHILI): 8 porcijos<\/p>\n<p>VI\u0160TIENOS SKONIO MAKARON\u0172 SRIUBA: 12 porcij\u0173<\/p>\n<p>SKANI TORTILIJ\u0172 SRIUBA: 8 porcijos<\/p>\n<p>BULVI\u0172 IR VI\u0160TIENOS SKONIO APKEPAS: 8 porcijos<\/p>\n<p>TERIYAKI RY\u017dIAI: 4 porcijos<\/p>\n<p>KEPT\u0172 BULVI\u0172 APKEPAS: 8 porcijos<\/p>\n<p>TOMAT\u0172 IR BAZILIK\u0172 SRIUBA SU MAKARONAIS: 12 porcij\u0173<\/p>\n<p>SKANUS STROGANOVAS: 12 porcij\u0173<\/p>\n<p>PIETVAKARI\u0172 RY\u017dIAI SU PUPEL\u0116MIS: 12 porcij\u0173<\/p>\n<p>MAKARONAI SU S\u016aRIU: 8 porcijos<\/p>\n<p>&nbsp;<\/p>\n<h2>\u201eReadywise\u201c privalumai<\/h2>\n<p><strong>Laikymas<\/strong>: \u201eReadyWise\u201c maistas yra dehidratuotas, tod\u0117l i\u0161lieka tinkamas vartoti 25 metus. J\u012f patogu laikyti r\u016bsyje, gara\u017ee, spintoje ar, pavyzd\u017eiui, valtyje. Vandeniui atsparus krep\u0161ys saugo maist\u0105 nuo dr\u0117gm\u0117s ir kit\u0173 aplinkos veiksni\u0173. <\/p>\n<p><strong>Maistin\u0117 vert\u0117<\/strong>: \u201eReadyWise\u201c patiekaluose yra nema\u017eai baltym\u0173, skaidul\u0173 ir kit\u0173 svarbi\u0173 maistini\u0173 med\u017eiag\u0173. Tai puikus pasirinkimas norintiems so\u010diai pavalgyti, kai reikia greito ir naudingo maisto. <\/p>\n<p><strong>Universalumas<\/strong>: \u201eReadyWise\u201c maisto atsarg\u0173 rinkinyje yra \u012fvairi\u0173 patiekal\u0173, tinkan\u010di\u0173 pusry\u010diams, pietums ir vakarienei. Tai suteikia daug pasirinkimo galimybi\u0173 ir leid\u017eia m\u0117gautis skirtingais skoniais. <\/p>\n<p><strong>Lengvas transportavimas<\/strong>: \u201eReadyWise\u201c maisto atsarg\u0173 rinkinys yra kompakti\u0161kas ir lengvas, o vandeniui atsparus krep\u0161ys leid\u017eia j\u012f patogiai transportuoti.<\/p>\n<p>&nbsp;<\/p>\n<h2>READYWISE<\/h2>\n<p>\u201eReadyWise\u201c naudoja inovatyv\u0173 po\u017ei\u016br\u012f, kad pateikt\u0173 patikim\u0105, paprast\u0105 ir prieinam\u0105 \u0161altyje d\u017eiovint\u0105 maist\u0105 situacijoms, kai maisto gaminimas yra apsunkintas.<\/p>\n<p>&nbsp;<\/p>\n<p>Daugiau \u017eygio preki\u0173 rasi <a href=\"https:\/\/toidupakk.ee\/lt\/tootekategooria\/zygio-iranga\/#section-3-79\">\u010cIA<\/a><\/p>\n<p>O gal domiesi \u017eygio maistu? \u017di\u016br\u0117k <a href=\"\/?product_cat=snakk#section-3-79\">\u010cIA<\/a><\/p>\n<p>Pasisemk \u012fkv\u0117pimo kitiems nuotykiams Toidupakk <a href=\"https:\/\/www.instagram.com\/toidupakk\/\">Instagram<\/a> ir <a href=\"https:\/\/www.facebook.com\/Toidupakk\/\">Facebook<\/a> paskyrose.<\/p>\n","protected":false},"excerpt":{"rendered":"<p>\u201eReadyWise\u201c maisto rinkinys su <strong>120 porcij\u0173<\/strong>. \u0160is kibiras skirtas situacijoms, kai maisto gaminimas gali b\u016bti sunkus ar ne\u012fmanomas. Krep\u0161yje yra 120 maisto porcij\u0173. Patogu naudoti \u017eygiuose, stovyklaujant ar leid\u017eiant laik\u0105 gryname ore. Maistas supakuotas sandariuose \u201eMylar\u201c mai\u0161eliuose, kurie u\u017etikrina ilg\u0105 galiojimo laik\u0105.    <\/p>\n<ul>\n<li>Maisto atsarg\u0173 rinkinys: <strong>kiekviename rinkinyje yra 120 maisto porcij\u0173 su 13 skirting\u0173 patiekal\u0173.<\/strong><\/li>\n<li>Tik \u012fpilk vandens: rekomenduojamas kar\u0161tas vanduo, bet tinka ir \u0161altas (tokiu atveju paruo\u0161imo laikas tiesiog ilgesnis)<\/li>\n<li>\u201eReadyWise\u201c maistas <strong>galioja 25 metus nuo pagaminimo datos<\/strong><\/li>\n<li><strong>Vandeniui atsparus, pakartotinai u\u017edaromas krep\u0161ys<\/strong> leid\u017eia j\u012f lengvai ir patogiai transportuoti.<\/li>\n<li>Grynasis maisto svoris: <strong>6,17 kg (prie\u0161 \u012fpilant vanden\u012f)<\/strong><\/li>\n<li>Bendra rinkinio <strong>energin\u0117 vert\u0117 \u2013 24 540 kalorij\u0173<\/strong><\/li>\n<li>Maisto kibiro matmenys: 30 cm x 25 cm x 37 cm<\/li>\n<\/ul>\n<p>\u2705 Turime sand\u0117lyje, greitas pristatymas per 1\u20133 d. d.<br \/>\n\u2705 Pirk dabar, mok\u0117k v\u0117liau (pal\u016bkanos 0 %)<\/p>\n","protected":false},"featured_media":47027,"comment_status":"open","ping_status":"closed","template":"","meta":{"_acf_changed":false},"product_brand":[],"product_cat":[235,246,245,189,190],"product_tag":[],"class_list":{"0":"post-47025","1":"product","2":"type-product","3":"status-publish","4":"has-post-thumbnail","6":"product_cat-dideli-maisto-atsargu-rinkiniai","7":"product_cat-maisto-atsargu-rinkiniai","8":"product_cat-ypac-dideli-readywise-maisto-atsargu-rinkiniai","9":"product_cat-zygio-iranga","10":"product_cat-zygio-prekes","12":"first","13":"onbackorder","14":"sale","15":"taxable","16":"shipping-taxable","17":"purchasable","18":"product-type-simple"},"bundled_by":[],"bundle_stock_status":"onbackorder","bundle_stock_quantity":-3,"bundle_virtual":false,"bundle_layout":"","bundle_add_to_cart_form_location":"","bundle_editable_in_cart":false,"bundle_sold_individually_context":"","bundle_item_grouping":"","bundle_min_size":"","bundle_max_size":"","bundle_price":[],"bundled_items":[],"bundle_sell_ids":[],"acf":[],"yoast_head":"<!-- This site is optimized with the Yoast SEO plugin v27.1.1 - https:\/\/yoast.com\/product\/yoast-seo-wordpress\/ -->\n<title>READYWISE\u00ae maisto atsarg\u0173 rinkinys, 120 porcij\u0173 \u2013 geriausias iki 25 m.<\/title>\n<meta name=\"description\" content=\"\u201eReadyWise\u201c maisto atsarg\u0173 rinkinys yra patogus ir prieinamas b\u016bdas pasiruo\u0161ti netik\u0117tumams arba sukaupti pakankam\u0105 maisto atsarg\u0105 krizin\u0117ms situacijoms.\" \/>\n<meta name=\"robots\" content=\"index, follow, max-snippet:-1, max-image-preview:large, max-video-preview:-1\" \/>\n<link rel=\"canonical\" href=\"https:\/\/toidupakk.ee\/lt\/toode\/readywise-maisto-atsargu-rinkinys-pagrindiniai-patiekalai-120-porciju-geriausias-iki-25-metu\/\" \/>\n<meta property=\"og:locale\" content=\"lt_LT\" \/>\n<meta property=\"og:type\" content=\"article\" \/>\n<meta property=\"og:title\" content=\"READYWISE\u00ae maisto atsarg\u0173 rinkinys, 120 porcij\u0173 \u2013 geriausias iki 25 m.\" \/>\n<meta property=\"og:description\" content=\"\u201eReadyWise\u201c maisto atsarg\u0173 rinkinys yra patogus ir prieinamas b\u016bdas pasiruo\u0161ti netik\u0117tumams arba sukaupti pakankam\u0105 maisto atsarg\u0105 krizin\u0117ms situacijoms.\" \/>\n<meta property=\"og:url\" content=\"https:\/\/toidupakk.ee\/lt\/toode\/readywise-maisto-atsargu-rinkinys-pagrindiniai-patiekalai-120-porciju-geriausias-iki-25-metu\/\" \/>\n<meta property=\"og:site_name\" content=\"Toidupakk.ee - Tactical Foodpack toidupakid\" \/>\n<meta property=\"article:publisher\" content=\"https:\/\/www.facebook.com\/Toidupakk\" \/>\n<meta property=\"article:modified_time\" content=\"2026-04-03T21:00:04+00:00\" \/>\n<meta property=\"og:image\" content=\"https:\/\/toidupakk.ee\/wp-content\/uploads\/2023\/04\/readywise-pearoad-120.png\" \/>\n\t<meta property=\"og:image:width\" content=\"1080\" \/>\n\t<meta property=\"og:image:height\" content=\"1080\" \/>\n\t<meta property=\"og:image:type\" content=\"image\/png\" \/>\n<meta name=\"twitter:card\" content=\"summary_large_image\" \/>\n<meta name=\"twitter:label1\" content=\"Est. reading time\" \/>\n\t<meta name=\"twitter:data1\" content=\"2 minut\u0117s\" \/>\n<script type=\"application\/ld+json\" class=\"yoast-schema-graph\">{\"@context\":\"https:\/\/schema.org\",\"@graph\":[{\"@type\":\"WebPage\",\"@id\":\"https:\/\/toidupakk.ee\/lt\/toode\/readywise-maisto-atsargu-rinkinys-pagrindiniai-patiekalai-120-porciju-geriausias-iki-25-metu\/\",\"url\":\"https:\/\/toidupakk.ee\/lt\/toode\/readywise-maisto-atsargu-rinkinys-pagrindiniai-patiekalai-120-porciju-geriausias-iki-25-metu\/\",\"name\":\"READYWISE\u00ae maisto atsarg\u0173 rinkinys, 120 porcij\u0173 \u2013 geriausias iki 25 m.\",\"isPartOf\":{\"@id\":\"https:\/\/toidupakk.ee\/lt\/#website\"},\"primaryImageOfPage\":{\"@id\":\"https:\/\/toidupakk.ee\/lt\/toode\/readywise-maisto-atsargu-rinkinys-pagrindiniai-patiekalai-120-porciju-geriausias-iki-25-metu\/#primaryimage\"},\"image\":{\"@id\":\"https:\/\/toidupakk.ee\/lt\/toode\/readywise-maisto-atsargu-rinkinys-pagrindiniai-patiekalai-120-porciju-geriausias-iki-25-metu\/#primaryimage\"},\"thumbnailUrl\":\"https:\/\/toidupakk.ee\/wp-content\/uploads\/2023\/04\/readywise-pearoad-120.png\",\"datePublished\":\"2023-09-20T13:17:15+00:00\",\"dateModified\":\"2026-04-03T21:00:04+00:00\",\"description\":\"\u201eReadyWise\u201c maisto atsarg\u0173 rinkinys yra patogus ir prieinamas b\u016bdas pasiruo\u0161ti netik\u0117tumams arba sukaupti pakankam\u0105 maisto atsarg\u0105 krizin\u0117ms situacijoms.\",\"breadcrumb\":{\"@id\":\"https:\/\/toidupakk.ee\/lt\/toode\/readywise-maisto-atsargu-rinkinys-pagrindiniai-patiekalai-120-porciju-geriausias-iki-25-metu\/#breadcrumb\"},\"inLanguage\":\"lt-LT\",\"potentialAction\":[{\"@type\":\"ReadAction\",\"target\":[\"https:\/\/toidupakk.ee\/lt\/toode\/readywise-maisto-atsargu-rinkinys-pagrindiniai-patiekalai-120-porciju-geriausias-iki-25-metu\/\"]}]},{\"@type\":\"ImageObject\",\"inLanguage\":\"lt-LT\",\"@id\":\"https:\/\/toidupakk.ee\/lt\/toode\/readywise-maisto-atsargu-rinkinys-pagrindiniai-patiekalai-120-porciju-geriausias-iki-25-metu\/#primaryimage\",\"url\":\"https:\/\/toidupakk.ee\/wp-content\/uploads\/2023\/04\/readywise-pearoad-120.png\",\"contentUrl\":\"https:\/\/toidupakk.ee\/wp-content\/uploads\/2023\/04\/readywise-pearoad-120.png\",\"width\":1080,\"height\":1080,\"caption\":\"\u201eReadywise\u201c pagrindiniai patiekalai, 120 porcij\u0173\"},{\"@type\":\"BreadcrumbList\",\"@id\":\"https:\/\/toidupakk.ee\/lt\/toode\/readywise-maisto-atsargu-rinkinys-pagrindiniai-patiekalai-120-porciju-geriausias-iki-25-metu\/#breadcrumb\",\"itemListElement\":[{\"@type\":\"ListItem\",\"position\":1,\"name\":\"Avaleht\",\"item\":\"https:\/\/toidupakk.ee\/lt\/\"},{\"@type\":\"ListItem\",\"position\":2,\"name\":\"El. parduotuv\u0117\",\"item\":\"https:\/\/toidupakk.ee\/lt\/el-parduotuve\/\"},{\"@type\":\"ListItem\",\"position\":3,\"name\":\"READYWISE\u00ae maisto atsarg\u0173 rinkinys \u2013 pagrindiniai patiekalai \u2013 120 porcij\u0173 \u2013 geriausias iki 25 met\u0173\"}]},{\"@type\":\"WebSite\",\"@id\":\"https:\/\/toidupakk.ee\/lt\/#website\",\"url\":\"https:\/\/toidupakk.ee\/lt\/\",\"name\":\"Toidupakk.ee - Tactical Foodpack toidupakid\",\"description\":\"Tactical Foodpack k\u00fclmkuivatatud toidupakid ja matkaeined\",\"publisher\":{\"@id\":\"https:\/\/toidupakk.ee\/lt\/#organization\"},\"potentialAction\":[{\"@type\":\"SearchAction\",\"target\":{\"@type\":\"EntryPoint\",\"urlTemplate\":\"https:\/\/toidupakk.ee\/lt\/?s={search_term_string}\"},\"query-input\":{\"@type\":\"PropertyValueSpecification\",\"valueRequired\":true,\"valueName\":\"search_term_string\"}}],\"inLanguage\":\"lt-LT\"},{\"@type\":\"Organization\",\"@id\":\"https:\/\/toidupakk.ee\/lt\/#organization\",\"name\":\"Tactical Foodpack matkaeined\",\"url\":\"https:\/\/toidupakk.ee\/lt\/\",\"logo\":{\"@type\":\"ImageObject\",\"inLanguage\":\"lt-LT\",\"@id\":\"https:\/\/toidupakk.ee\/lt\/#\/schema\/logo\/image\/\",\"url\":\"https:\/\/toidupakk.ee\/wp-content\/uploads\/2022\/01\/Toidupakk-matkapood-logo-transparent.png\",\"contentUrl\":\"https:\/\/toidupakk.ee\/wp-content\/uploads\/2022\/01\/Toidupakk-matkapood-logo-transparent.png\",\"width\":500,\"height\":500,\"caption\":\"Tactical Foodpack matkaeined\"},\"image\":{\"@id\":\"https:\/\/toidupakk.ee\/lt\/#\/schema\/logo\/image\/\"},\"sameAs\":[\"https:\/\/www.facebook.com\/Toidupakk\",\"https:\/\/www.instagram.com\/toidupakk\/\"]}]}<\/script>\n<!-- \/ Yoast SEO plugin. -->","yoast_head_json":{"title":"READYWISE\u00ae maisto atsarg\u0173 rinkinys, 120 porcij\u0173 \u2013 geriausias iki 25 m.","description":"\u201eReadyWise\u201c maisto atsarg\u0173 rinkinys yra patogus ir prieinamas b\u016bdas pasiruo\u0161ti netik\u0117tumams arba sukaupti pakankam\u0105 maisto atsarg\u0105 krizin\u0117ms situacijoms.","robots":{"index":"index","follow":"follow","max-snippet":"max-snippet:-1","max-image-preview":"max-image-preview:large","max-video-preview":"max-video-preview:-1"},"canonical":"https:\/\/toidupakk.ee\/lt\/toode\/readywise-maisto-atsargu-rinkinys-pagrindiniai-patiekalai-120-porciju-geriausias-iki-25-metu\/","og_locale":"lt_LT","og_type":"article","og_title":"READYWISE\u00ae maisto atsarg\u0173 rinkinys, 120 porcij\u0173 \u2013 geriausias iki 25 m.","og_description":"\u201eReadyWise\u201c maisto atsarg\u0173 rinkinys yra patogus ir prieinamas b\u016bdas pasiruo\u0161ti netik\u0117tumams arba sukaupti pakankam\u0105 maisto atsarg\u0105 krizin\u0117ms situacijoms.","og_url":"https:\/\/toidupakk.ee\/lt\/toode\/readywise-maisto-atsargu-rinkinys-pagrindiniai-patiekalai-120-porciju-geriausias-iki-25-metu\/","og_site_name":"Toidupakk.ee - Tactical Foodpack toidupakid","article_publisher":"https:\/\/www.facebook.com\/Toidupakk","article_modified_time":"2026-04-03T21:00:04+00:00","og_image":[{"width":1080,"height":1080,"url":"https:\/\/toidupakk.ee\/wp-content\/uploads\/2023\/04\/readywise-pearoad-120.png","type":"image\/png"}],"twitter_card":"summary_large_image","twitter_misc":{"Est. reading time":"2 minut\u0117s"},"schema":{"@context":"https:\/\/schema.org","@graph":[{"@type":"WebPage","@id":"https:\/\/toidupakk.ee\/lt\/toode\/readywise-maisto-atsargu-rinkinys-pagrindiniai-patiekalai-120-porciju-geriausias-iki-25-metu\/","url":"https:\/\/toidupakk.ee\/lt\/toode\/readywise-maisto-atsargu-rinkinys-pagrindiniai-patiekalai-120-porciju-geriausias-iki-25-metu\/","name":"READYWISE\u00ae maisto atsarg\u0173 rinkinys, 120 porcij\u0173 \u2013 geriausias iki 25 m.","isPartOf":{"@id":"https:\/\/toidupakk.ee\/lt\/#website"},"primaryImageOfPage":{"@id":"https:\/\/toidupakk.ee\/lt\/toode\/readywise-maisto-atsargu-rinkinys-pagrindiniai-patiekalai-120-porciju-geriausias-iki-25-metu\/#primaryimage"},"image":{"@id":"https:\/\/toidupakk.ee\/lt\/toode\/readywise-maisto-atsargu-rinkinys-pagrindiniai-patiekalai-120-porciju-geriausias-iki-25-metu\/#primaryimage"},"thumbnailUrl":"https:\/\/toidupakk.ee\/wp-content\/uploads\/2023\/04\/readywise-pearoad-120.png","datePublished":"2023-09-20T13:17:15+00:00","dateModified":"2026-04-03T21:00:04+00:00","description":"\u201eReadyWise\u201c maisto atsarg\u0173 rinkinys yra patogus ir prieinamas b\u016bdas pasiruo\u0161ti netik\u0117tumams arba sukaupti pakankam\u0105 maisto atsarg\u0105 krizin\u0117ms situacijoms.","breadcrumb":{"@id":"https:\/\/toidupakk.ee\/lt\/toode\/readywise-maisto-atsargu-rinkinys-pagrindiniai-patiekalai-120-porciju-geriausias-iki-25-metu\/#breadcrumb"},"inLanguage":"lt-LT","potentialAction":[{"@type":"ReadAction","target":["https:\/\/toidupakk.ee\/lt\/toode\/readywise-maisto-atsargu-rinkinys-pagrindiniai-patiekalai-120-porciju-geriausias-iki-25-metu\/"]}]},{"@type":"ImageObject","inLanguage":"lt-LT","@id":"https:\/\/toidupakk.ee\/lt\/toode\/readywise-maisto-atsargu-rinkinys-pagrindiniai-patiekalai-120-porciju-geriausias-iki-25-metu\/#primaryimage","url":"https:\/\/toidupakk.ee\/wp-content\/uploads\/2023\/04\/readywise-pearoad-120.png","contentUrl":"https:\/\/toidupakk.ee\/wp-content\/uploads\/2023\/04\/readywise-pearoad-120.png","width":1080,"height":1080,"caption":"\u201eReadywise\u201c pagrindiniai patiekalai, 120 porcij\u0173"},{"@type":"BreadcrumbList","@id":"https:\/\/toidupakk.ee\/lt\/toode\/readywise-maisto-atsargu-rinkinys-pagrindiniai-patiekalai-120-porciju-geriausias-iki-25-metu\/#breadcrumb","itemListElement":[{"@type":"ListItem","position":1,"name":"Avaleht","item":"https:\/\/toidupakk.ee\/lt\/"},{"@type":"ListItem","position":2,"name":"El. parduotuv\u0117","item":"https:\/\/toidupakk.ee\/lt\/el-parduotuve\/"},{"@type":"ListItem","position":3,"name":"READYWISE\u00ae maisto atsarg\u0173 rinkinys \u2013 pagrindiniai patiekalai \u2013 120 porcij\u0173 \u2013 geriausias iki 25 met\u0173"}]},{"@type":"WebSite","@id":"https:\/\/toidupakk.ee\/lt\/#website","url":"https:\/\/toidupakk.ee\/lt\/","name":"Toidupakk.ee - Tactical Foodpack toidupakid","description":"Tactical Foodpack k\u00fclmkuivatatud toidupakid ja matkaeined","publisher":{"@id":"https:\/\/toidupakk.ee\/lt\/#organization"},"potentialAction":[{"@type":"SearchAction","target":{"@type":"EntryPoint","urlTemplate":"https:\/\/toidupakk.ee\/lt\/?s={search_term_string}"},"query-input":{"@type":"PropertyValueSpecification","valueRequired":true,"valueName":"search_term_string"}}],"inLanguage":"lt-LT"},{"@type":"Organization","@id":"https:\/\/toidupakk.ee\/lt\/#organization","name":"Tactical Foodpack matkaeined","url":"https:\/\/toidupakk.ee\/lt\/","logo":{"@type":"ImageObject","inLanguage":"lt-LT","@id":"https:\/\/toidupakk.ee\/lt\/#\/schema\/logo\/image\/","url":"https:\/\/toidupakk.ee\/wp-content\/uploads\/2022\/01\/Toidupakk-matkapood-logo-transparent.png","contentUrl":"https:\/\/toidupakk.ee\/wp-content\/uploads\/2022\/01\/Toidupakk-matkapood-logo-transparent.png","width":500,"height":500,"caption":"Tactical Foodpack matkaeined"},"image":{"@id":"https:\/\/toidupakk.ee\/lt\/#\/schema\/logo\/image\/"},"sameAs":["https:\/\/www.facebook.com\/Toidupakk","https:\/\/www.instagram.com\/toidupakk\/"]}]}},"jetpack_sharing_enabled":true,"_links":{"self":[{"href":"https:\/\/toidupakk.ee\/lt\/wp-json\/wp\/v2\/product\/47025","targetHints":{"allow":["GET"]}}],"collection":[{"href":"https:\/\/toidupakk.ee\/lt\/wp-json\/wp\/v2\/product"}],"about":[{"href":"https:\/\/toidupakk.ee\/lt\/wp-json\/wp\/v2\/types\/product"}],"replies":[{"embeddable":true,"href":"https:\/\/toidupakk.ee\/lt\/wp-json\/wp\/v2\/comments?post=47025"}],"wp:featuredmedia":[{"embeddable":true,"href":"https:\/\/toidupakk.ee\/lt\/wp-json\/wp\/v2\/media\/47027"}],"wp:attachment":[{"href":"https:\/\/toidupakk.ee\/lt\/wp-json\/wp\/v2\/media?parent=47025"}],"wp:term":[{"taxonomy":"product_brand","embeddable":true,"href":"https:\/\/toidupakk.ee\/lt\/wp-json\/wp\/v2\/product_brand?post=47025"},{"taxonomy":"product_cat","embeddable":true,"href":"https:\/\/toidupakk.ee\/lt\/wp-json\/wp\/v2\/product_cat?post=47025"},{"taxonomy":"product_tag","embeddable":true,"href":"https:\/\/toidupakk.ee\/lt\/wp-json\/wp\/v2\/product_tag?post=47025"}],"curies":[{"name":"wp","href":"https:\/\/api.w.org\/{rel}","templated":true}]}}