{"id":47019,"date":"2023-10-11T13:00:44","date_gmt":"2023-10-11T10:00:44","guid":{"rendered":"https:\/\/toidupakk.ee\/toode\/bambukines-kojines-boru-bamboo-vidutinio-ilgio\/"},"modified":"2026-04-29T16:31:59","modified_gmt":"2026-04-29T13:31:59","slug":"bambukines-kojines-boru-bamboo-vidutinio-ilgio","status":"publish","type":"product","link":"https:\/\/toidupakk.ee\/lt\/toode\/bambukines-kojines-boru-bamboo-vidutinio-ilgio\/","title":{"rendered":"Bambukin\u0117s kojin\u0117s \u201eBoru Bamboo\u201c (vidutinio ilgio)"},"content":{"rendered":"<p>Bambukini\u0173 kojini\u0173 gamintojas: \u201eFostex Garments\u201c<\/p>\n<p><img decoding=\"async\" class=\"alignnone wp-image-12692 size-medium\" src=\"https:\/\/toidupakk.ee\/wp-content\/uploads\/2023\/08\/Fostex-Garments-logo-300x126.png\" alt=\"\u201efostex\u201c logotipas\" width=\"300\" height=\"126\" srcset=\"https:\/\/toidupakk.ee\/wp-content\/uploads\/2023\/08\/Fostex-Garments-logo-300x126.png 300w, https:\/\/toidupakk.ee\/wp-content\/uploads\/2023\/08\/Fostex-Garments-logo.png 420w\" sizes=\"(max-width: 300px) 100vw, 300px\" \/><\/p>\n","protected":false},"excerpt":{"rendered":"<ul>\n<li>Vidutinio ilgio <strong>bambuko pluo\u0161to kojin\u0117s<\/strong> \u017eygiams ar veiklai lauke.<\/li>\n<li>Tinka tiek moterims, tiek vyrams<\/li>\n<li>Bambukin\u0117s kojin\u0117s, skirtos <strong>d\u0117v\u0117ti i\u0161tisus metus<\/strong>. \u017diem\u0105 <strong>kojos i\u0161lieka \u0161iltos, o vasar\u0105 \u2013 sausos<\/strong>. <\/li>\n<li>Idealios kojin\u0117s tiems, kuri\u0173 kojos linkusios nuolat dr\u0117kti.<\/li>\n<li>Kv\u0117puojan\u010dios, antibakterin\u0117s ir hipoalergin\u0117s.<\/li>\n<li>Su sutvirtinta kulno ir pir\u0161t\u0173 dalimi.<\/li>\n<\/ul>\n<p>Sud\u0117tis: 65 % bambukas, 15 % akrilas, 17 % poliamidas, 3 % elastanas.<\/p>\n<p>\u2705 Pristatymas per 1\u20133 darbo dienas<\/p>\n","protected":false},"featured_media":14702,"comment_status":"open","ping_status":"closed","template":"","meta":{"_acf_changed":false},"product_brand":[],"product_cat":[191,200,189,198,190],"product_tag":[],"class_list":{"0":"post-47019","1":"product","2":"type-product","3":"status-publish","4":"has-post-thumbnail","6":"product_cat-drabuziai","7":"product_cat-praktiskos-dovanu-idejos","8":"product_cat-zygio-iranga","9":"product_cat-zygio-kojines","10":"product_cat-zygio-prekes","12":"first","13":"instock","14":"taxable","15":"shipping-taxable","16":"purchasable","17":"product-type-variable","18":"has-default-attributes"},"bundled_by":[],"bundle_stock_status":"instock","bundle_stock_quantity":null,"bundle_virtual":false,"bundle_layout":"","bundle_add_to_cart_form_location":"","bundle_editable_in_cart":false,"bundle_sold_individually_context":"","bundle_item_grouping":"","bundle_min_size":"","bundle_max_size":"","bundle_price":[],"bundled_items":[],"bundle_sell_ids":[],"acf":[],"yoast_head":"<!-- This site is optimized with the Yoast SEO plugin v27.3 - https:\/\/yoast.com\/product\/yoast-seo-wordpress\/ -->\n<title>Bambukin\u0117s kojin\u0117s \u201eBoru Bamboo\u201c (vidutinio ilgio)<\/title>\n<meta name=\"description\" content=\"Bambukin\u0117s kojin\u0117s \u017eygiams ar veiklai lauke. Kv\u0117puojan\u010dios kojin\u0117s \u017eiem\u0105 palaiko \u0161ilum\u0105, o vasar\u0105 neleid\u017eia kojoms sudr\u0117kti. Mink\u0161tos ir patogios \u2013 su sutvirtintu kulnu.\" \/>\n<meta name=\"robots\" content=\"index, follow, max-snippet:-1, max-image-preview:large, max-video-preview:-1\" \/>\n<link rel=\"canonical\" href=\"https:\/\/toidupakk.ee\/lt\/toode\/bambukines-kojines-boru-bamboo-vidutinio-ilgio\/\" \/>\n<meta property=\"og:locale\" content=\"lt_LT\" \/>\n<meta property=\"og:type\" content=\"article\" \/>\n<meta property=\"og:title\" content=\"Bambukin\u0117s kojin\u0117s \u201eBoru Bamboo\u201c (vidutinio ilgio)\" \/>\n<meta property=\"og:description\" content=\"Bambukin\u0117s kojin\u0117s \u017eygiams ar veiklai lauke. Kv\u0117puojan\u010dios kojin\u0117s \u017eiem\u0105 palaiko \u0161ilum\u0105, o vasar\u0105 neleid\u017eia kojoms sudr\u0117kti. Mink\u0161tos ir patogios \u2013 su sutvirtintu kulnu.\" \/>\n<meta property=\"og:url\" content=\"https:\/\/toidupakk.ee\/lt\/toode\/bambukines-kojines-boru-bamboo-vidutinio-ilgio\/\" \/>\n<meta property=\"og:site_name\" content=\"Toidupakk.ee - Tactical Foodpack toidupakid\" \/>\n<meta property=\"article:publisher\" content=\"https:\/\/www.facebook.com\/Toidupakk\" \/>\n<meta property=\"article:modified_time\" content=\"2026-04-29T13:31:59+00:00\" \/>\n<meta property=\"og:image\" content=\"https:\/\/toidupakk.ee\/wp-content\/uploads\/2023\/10\/Bambussokid-madalamad.png\" \/>\n\t<meta property=\"og:image:width\" content=\"800\" \/>\n\t<meta property=\"og:image:height\" content=\"800\" \/>\n\t<meta property=\"og:image:type\" content=\"image\/png\" \/>\n<meta name=\"twitter:card\" content=\"summary_large_image\" \/>\n<script type=\"application\/ld+json\" class=\"yoast-schema-graph\">{\"@context\":\"https:\\\/\\\/schema.org\",\"@graph\":[{\"@type\":\"WebPage\",\"@id\":\"https:\\\/\\\/toidupakk.ee\\\/lt\\\/toode\\\/bambukines-kojines-boru-bamboo-vidutinio-ilgio\\\/\",\"url\":\"https:\\\/\\\/toidupakk.ee\\\/lt\\\/toode\\\/bambukines-kojines-boru-bamboo-vidutinio-ilgio\\\/\",\"name\":\"Bambukin\u0117s kojin\u0117s \u201eBoru Bamboo\u201c (vidutinio ilgio)\",\"isPartOf\":{\"@id\":\"https:\\\/\\\/toidupakk.ee\\\/lt\\\/#website\"},\"primaryImageOfPage\":{\"@id\":\"https:\\\/\\\/toidupakk.ee\\\/lt\\\/toode\\\/bambukines-kojines-boru-bamboo-vidutinio-ilgio\\\/#primaryimage\"},\"image\":{\"@id\":\"https:\\\/\\\/toidupakk.ee\\\/lt\\\/toode\\\/bambukines-kojines-boru-bamboo-vidutinio-ilgio\\\/#primaryimage\"},\"thumbnailUrl\":\"https:\\\/\\\/toidupakk.ee\\\/wp-content\\\/uploads\\\/2023\\\/10\\\/Bambussokid-madalamad.png\",\"datePublished\":\"2023-10-11T10:00:44+00:00\",\"dateModified\":\"2026-04-29T13:31:59+00:00\",\"description\":\"Bambukin\u0117s kojin\u0117s \u017eygiams ar veiklai lauke. Kv\u0117puojan\u010dios kojin\u0117s \u017eiem\u0105 palaiko \u0161ilum\u0105, o vasar\u0105 neleid\u017eia kojoms sudr\u0117kti. Mink\u0161tos ir patogios \u2013 su sutvirtintu kulnu.\",\"breadcrumb\":{\"@id\":\"https:\\\/\\\/toidupakk.ee\\\/lt\\\/toode\\\/bambukines-kojines-boru-bamboo-vidutinio-ilgio\\\/#breadcrumb\"},\"inLanguage\":\"lt-LT\",\"potentialAction\":[{\"@type\":\"ReadAction\",\"target\":[\"https:\\\/\\\/toidupakk.ee\\\/lt\\\/toode\\\/bambukines-kojines-boru-bamboo-vidutinio-ilgio\\\/\"]}]},{\"@type\":\"ImageObject\",\"inLanguage\":\"lt-LT\",\"@id\":\"https:\\\/\\\/toidupakk.ee\\\/lt\\\/toode\\\/bambukines-kojines-boru-bamboo-vidutinio-ilgio\\\/#primaryimage\",\"url\":\"https:\\\/\\\/toidupakk.ee\\\/wp-content\\\/uploads\\\/2023\\\/10\\\/Bambussokid-madalamad.png\",\"contentUrl\":\"https:\\\/\\\/toidupakk.ee\\\/wp-content\\\/uploads\\\/2023\\\/10\\\/Bambussokid-madalamad.png\",\"width\":800,\"height\":800,\"caption\":\"bambussokid keskmine k\u00f5rgus\"},{\"@type\":\"BreadcrumbList\",\"@id\":\"https:\\\/\\\/toidupakk.ee\\\/lt\\\/toode\\\/bambukines-kojines-boru-bamboo-vidutinio-ilgio\\\/#breadcrumb\",\"itemListElement\":[{\"@type\":\"ListItem\",\"position\":1,\"name\":\"Avaleht\",\"item\":\"https:\\\/\\\/toidupakk.ee\\\/lt\\\/\"},{\"@type\":\"ListItem\",\"position\":2,\"name\":\"El. parduotuv\u0117\",\"item\":\"https:\\\/\\\/toidupakk.ee\\\/lt\\\/el-parduotuve\\\/\"},{\"@type\":\"ListItem\",\"position\":3,\"name\":\"Bambukin\u0117s kojin\u0117s \u201eBoru Bamboo\u201c (vidutinio ilgio)\"}]},{\"@type\":\"WebSite\",\"@id\":\"https:\\\/\\\/toidupakk.ee\\\/lt\\\/#website\",\"url\":\"https:\\\/\\\/toidupakk.ee\\\/lt\\\/\",\"name\":\"Toidupakk.ee - Tactical Foodpack toidupakid\",\"description\":\"Tactical Foodpack k\u00fclmkuivatatud toidupakid ja matkaeined\",\"publisher\":{\"@id\":\"https:\\\/\\\/toidupakk.ee\\\/lt\\\/#organization\"},\"potentialAction\":[{\"@type\":\"SearchAction\",\"target\":{\"@type\":\"EntryPoint\",\"urlTemplate\":\"https:\\\/\\\/toidupakk.ee\\\/lt\\\/?s={search_term_string}\"},\"query-input\":{\"@type\":\"PropertyValueSpecification\",\"valueRequired\":true,\"valueName\":\"search_term_string\"}}],\"inLanguage\":\"lt-LT\"},{\"@type\":\"Organization\",\"@id\":\"https:\\\/\\\/toidupakk.ee\\\/lt\\\/#organization\",\"name\":\"Tactical Foodpack matkaeined\",\"url\":\"https:\\\/\\\/toidupakk.ee\\\/lt\\\/\",\"logo\":{\"@type\":\"ImageObject\",\"inLanguage\":\"lt-LT\",\"@id\":\"https:\\\/\\\/toidupakk.ee\\\/lt\\\/#\\\/schema\\\/logo\\\/image\\\/\",\"url\":\"https:\\\/\\\/toidupakk.ee\\\/wp-content\\\/uploads\\\/2022\\\/01\\\/Toidupakk-matkapood-logo-transparent.png\",\"contentUrl\":\"https:\\\/\\\/toidupakk.ee\\\/wp-content\\\/uploads\\\/2022\\\/01\\\/Toidupakk-matkapood-logo-transparent.png\",\"width\":500,\"height\":500,\"caption\":\"Tactical Foodpack matkaeined\"},\"image\":{\"@id\":\"https:\\\/\\\/toidupakk.ee\\\/lt\\\/#\\\/schema\\\/logo\\\/image\\\/\"},\"sameAs\":[\"https:\\\/\\\/www.facebook.com\\\/Toidupakk\",\"https:\\\/\\\/www.instagram.com\\\/toidupakk\\\/\"]}]}<\/script>\n<!-- \/ Yoast SEO plugin. -->","yoast_head_json":{"title":"Bambukin\u0117s kojin\u0117s \u201eBoru Bamboo\u201c (vidutinio ilgio)","description":"Bambukin\u0117s kojin\u0117s \u017eygiams ar veiklai lauke. Kv\u0117puojan\u010dios kojin\u0117s \u017eiem\u0105 palaiko \u0161ilum\u0105, o vasar\u0105 neleid\u017eia kojoms sudr\u0117kti. Mink\u0161tos ir patogios \u2013 su sutvirtintu kulnu.","robots":{"index":"index","follow":"follow","max-snippet":"max-snippet:-1","max-image-preview":"max-image-preview:large","max-video-preview":"max-video-preview:-1"},"canonical":"https:\/\/toidupakk.ee\/lt\/toode\/bambukines-kojines-boru-bamboo-vidutinio-ilgio\/","og_locale":"lt_LT","og_type":"article","og_title":"Bambukin\u0117s kojin\u0117s \u201eBoru Bamboo\u201c (vidutinio ilgio)","og_description":"Bambukin\u0117s kojin\u0117s \u017eygiams ar veiklai lauke. Kv\u0117puojan\u010dios kojin\u0117s \u017eiem\u0105 palaiko \u0161ilum\u0105, o vasar\u0105 neleid\u017eia kojoms sudr\u0117kti. Mink\u0161tos ir patogios \u2013 su sutvirtintu kulnu.","og_url":"https:\/\/toidupakk.ee\/lt\/toode\/bambukines-kojines-boru-bamboo-vidutinio-ilgio\/","og_site_name":"Toidupakk.ee - Tactical Foodpack toidupakid","article_publisher":"https:\/\/www.facebook.com\/Toidupakk","article_modified_time":"2026-04-29T13:31:59+00:00","og_image":[{"width":800,"height":800,"url":"https:\/\/toidupakk.ee\/wp-content\/uploads\/2023\/10\/Bambussokid-madalamad.png","type":"image\/png"}],"twitter_card":"summary_large_image","schema":{"@context":"https:\/\/schema.org","@graph":[{"@type":"WebPage","@id":"https:\/\/toidupakk.ee\/lt\/toode\/bambukines-kojines-boru-bamboo-vidutinio-ilgio\/","url":"https:\/\/toidupakk.ee\/lt\/toode\/bambukines-kojines-boru-bamboo-vidutinio-ilgio\/","name":"Bambukin\u0117s kojin\u0117s \u201eBoru Bamboo\u201c (vidutinio ilgio)","isPartOf":{"@id":"https:\/\/toidupakk.ee\/lt\/#website"},"primaryImageOfPage":{"@id":"https:\/\/toidupakk.ee\/lt\/toode\/bambukines-kojines-boru-bamboo-vidutinio-ilgio\/#primaryimage"},"image":{"@id":"https:\/\/toidupakk.ee\/lt\/toode\/bambukines-kojines-boru-bamboo-vidutinio-ilgio\/#primaryimage"},"thumbnailUrl":"https:\/\/toidupakk.ee\/wp-content\/uploads\/2023\/10\/Bambussokid-madalamad.png","datePublished":"2023-10-11T10:00:44+00:00","dateModified":"2026-04-29T13:31:59+00:00","description":"Bambukin\u0117s kojin\u0117s \u017eygiams ar veiklai lauke. Kv\u0117puojan\u010dios kojin\u0117s \u017eiem\u0105 palaiko \u0161ilum\u0105, o vasar\u0105 neleid\u017eia kojoms sudr\u0117kti. Mink\u0161tos ir patogios \u2013 su sutvirtintu kulnu.","breadcrumb":{"@id":"https:\/\/toidupakk.ee\/lt\/toode\/bambukines-kojines-boru-bamboo-vidutinio-ilgio\/#breadcrumb"},"inLanguage":"lt-LT","potentialAction":[{"@type":"ReadAction","target":["https:\/\/toidupakk.ee\/lt\/toode\/bambukines-kojines-boru-bamboo-vidutinio-ilgio\/"]}]},{"@type":"ImageObject","inLanguage":"lt-LT","@id":"https:\/\/toidupakk.ee\/lt\/toode\/bambukines-kojines-boru-bamboo-vidutinio-ilgio\/#primaryimage","url":"https:\/\/toidupakk.ee\/wp-content\/uploads\/2023\/10\/Bambussokid-madalamad.png","contentUrl":"https:\/\/toidupakk.ee\/wp-content\/uploads\/2023\/10\/Bambussokid-madalamad.png","width":800,"height":800,"caption":"bambussokid keskmine k\u00f5rgus"},{"@type":"BreadcrumbList","@id":"https:\/\/toidupakk.ee\/lt\/toode\/bambukines-kojines-boru-bamboo-vidutinio-ilgio\/#breadcrumb","itemListElement":[{"@type":"ListItem","position":1,"name":"Avaleht","item":"https:\/\/toidupakk.ee\/lt\/"},{"@type":"ListItem","position":2,"name":"El. parduotuv\u0117","item":"https:\/\/toidupakk.ee\/lt\/el-parduotuve\/"},{"@type":"ListItem","position":3,"name":"Bambukin\u0117s kojin\u0117s \u201eBoru Bamboo\u201c (vidutinio ilgio)"}]},{"@type":"WebSite","@id":"https:\/\/toidupakk.ee\/lt\/#website","url":"https:\/\/toidupakk.ee\/lt\/","name":"Toidupakk.ee - Tactical Foodpack toidupakid","description":"Tactical Foodpack k\u00fclmkuivatatud toidupakid ja matkaeined","publisher":{"@id":"https:\/\/toidupakk.ee\/lt\/#organization"},"potentialAction":[{"@type":"SearchAction","target":{"@type":"EntryPoint","urlTemplate":"https:\/\/toidupakk.ee\/lt\/?s={search_term_string}"},"query-input":{"@type":"PropertyValueSpecification","valueRequired":true,"valueName":"search_term_string"}}],"inLanguage":"lt-LT"},{"@type":"Organization","@id":"https:\/\/toidupakk.ee\/lt\/#organization","name":"Tactical Foodpack matkaeined","url":"https:\/\/toidupakk.ee\/lt\/","logo":{"@type":"ImageObject","inLanguage":"lt-LT","@id":"https:\/\/toidupakk.ee\/lt\/#\/schema\/logo\/image\/","url":"https:\/\/toidupakk.ee\/wp-content\/uploads\/2022\/01\/Toidupakk-matkapood-logo-transparent.png","contentUrl":"https:\/\/toidupakk.ee\/wp-content\/uploads\/2022\/01\/Toidupakk-matkapood-logo-transparent.png","width":500,"height":500,"caption":"Tactical Foodpack matkaeined"},"image":{"@id":"https:\/\/toidupakk.ee\/lt\/#\/schema\/logo\/image\/"},"sameAs":["https:\/\/www.facebook.com\/Toidupakk","https:\/\/www.instagram.com\/toidupakk\/"]}]}},"jetpack_sharing_enabled":true,"_links":{"self":[{"href":"https:\/\/toidupakk.ee\/lt\/wp-json\/wp\/v2\/product\/47019","targetHints":{"allow":["GET"]}}],"collection":[{"href":"https:\/\/toidupakk.ee\/lt\/wp-json\/wp\/v2\/product"}],"about":[{"href":"https:\/\/toidupakk.ee\/lt\/wp-json\/wp\/v2\/types\/product"}],"replies":[{"embeddable":true,"href":"https:\/\/toidupakk.ee\/lt\/wp-json\/wp\/v2\/comments?post=47019"}],"wp:featuredmedia":[{"embeddable":true,"href":"https:\/\/toidupakk.ee\/lt\/wp-json\/wp\/v2\/media\/14702"}],"wp:attachment":[{"href":"https:\/\/toidupakk.ee\/lt\/wp-json\/wp\/v2\/media?parent=47019"}],"wp:term":[{"taxonomy":"product_brand","embeddable":true,"href":"https:\/\/toidupakk.ee\/lt\/wp-json\/wp\/v2\/product_brand?post=47019"},{"taxonomy":"product_cat","embeddable":true,"href":"https:\/\/toidupakk.ee\/lt\/wp-json\/wp\/v2\/product_cat?post=47019"},{"taxonomy":"product_tag","embeddable":true,"href":"https:\/\/toidupakk.ee\/lt\/wp-json\/wp\/v2\/product_tag?post=47019"}],"curies":[{"name":"wp","href":"https:\/\/api.w.org\/{rel}","templated":true}]}}