{"id":46975,"date":"2023-10-02T16:49:26","date_gmt":"2023-10-02T13:49:26","guid":{"rendered":"https:\/\/toidupakk.ee\/toode\/hamakas-su-tinkleliu-nuo-uodu-grand-canyon-melynas\/"},"modified":"2026-04-04T00:00:38","modified_gmt":"2026-04-03T21:00:38","slug":"hamakas-su-tinkleliu-nuo-uodu-grand-canyon-melynas","status":"publish","type":"product","link":"https:\/\/toidupakk.ee\/lt\/toode\/hamakas-su-tinkleliu-nuo-uodu-grand-canyon-melynas\/","title":{"rendered":"Hamakas su tinkleliu nuo uod\u0173 GRAND CANYON\u00ae (m\u0117lynas)"},"content":{"rendered":"<h1>Hamakas su tinkleliu nuo uod\u0173 \u2013 patogi alternatyva tradicinei turistinei palapinei<\/h1>\n<p>Laikas lauke \u2013 puikus b\u016bdas atsipalaiduoti ir pails\u0117ti nuo kasdien\u0117s rutinos. Vienas patogiausi\u0173 b\u016bd\u0173 tai padaryti \u2013 naudoti hamak\u0105. Pastaruoju metu hamakai populiar\u0117ja, nes jie yra universal\u016bs, patog\u016bs ir leid\u017eia pajusti ry\u0161\u012f su gamta. Hamakas ar pakabinama palapin\u0117 gali b\u016bti puikus b\u016bdas m\u0117gautis grynu oru ir ils\u0117tis savo sode, balkone, \u017eygyje ar namo terasoje.   <\/p>\n<p><img fetchpriority=\"high\" decoding=\"async\" class=\"alignnone wp-image-13200 size-thumbnail\" src=\"https:\/\/toidupakk.ee\/wp-content\/uploads\/2023\/08\/Rippkiik-Bass-Mosquito-Hammock9-500x500.png\" alt=\"Hamakas \u201eBass Mosquito Hammock 9\u201c\" width=\"500\" height=\"500\" srcset=\"https:\/\/toidupakk.ee\/wp-content\/uploads\/2023\/08\/Rippkiik-Bass-Mosquito-Hammock9-500x500.png 500w, https:\/\/toidupakk.ee\/wp-content\/uploads\/2023\/08\/Rippkiik-Bass-Mosquito-Hammock9-400x400.png 400w, https:\/\/toidupakk.ee\/wp-content\/uploads\/2023\/08\/Rippkiik-Bass-Mosquito-Hammock9-100x100.png 100w, https:\/\/toidupakk.ee\/wp-content\/uploads\/2023\/08\/Rippkiik-Bass-Mosquito-Hammock9-800x800.png 800w, https:\/\/toidupakk.ee\/wp-content\/uploads\/2023\/08\/Rippkiik-Bass-Mosquito-Hammock9-300x300.png 300w, https:\/\/toidupakk.ee\/wp-content\/uploads\/2023\/08\/Rippkiik-Bass-Mosquito-Hammock9-1024x1024.png 1024w, https:\/\/toidupakk.ee\/wp-content\/uploads\/2023\/08\/Rippkiik-Bass-Mosquito-Hammock9-768x768.png 768w, https:\/\/toidupakk.ee\/wp-content\/uploads\/2023\/08\/Rippkiik-Bass-Mosquito-Hammock9.png 1080w\" sizes=\"(max-width: 500px) 100vw, 500px\" \/><\/p>\n<h2>Kod\u0117l verta rinktis hamak\u0105?<\/h2>\n<p>Miegas hamake gali pad\u0117ti suma\u017einti stres\u0105, pagerinti kraujotak\u0105 ir sustiprinti atsipalaidavimo poj\u016bt\u012f. Poilsis hamake ramina, padeda atsipalaiduoti ir lengviau u\u017emigti. Tai ypa\u010d naudinga tiems, kurie susiduria su miego problemomis ar stresu.  <\/p>\n<p>Hamakas yra lengvas ir patogus ne\u0161iotis. Tod\u0117l j\u012f galima naudoti \u012fvairiose vietose: parkuose, papl\u016bdimiuose, \u017eygi\u0173 takuose ar stovyklaviet\u0117se. \u012eprastos palapin\u0117s pastatymas ir supakavimas u\u017eima laiko bei vietos kuprin\u0117je ar automobilyje, o hamakas yra kompakti\u0161kesnis ir lengvesnis.  <\/p>\n<p>Hamakas <strong>turi tinkleli nuo uod\u0173<\/strong>, tod\u0117l jis idealiai tinka skaitymui, poilsiui ir miegui. Hamakas yra patogus bei saugus ir leid\u017eia m\u0117gautis laiku lauke be uod\u0173 draugijos. Hamakas su tinkleliu ypa\u010d naudingas tiems, kurie m\u0117gsta b\u016bti gamtoje ir vertina rami\u0105 bei netrikdom\u0105 aplink\u0105.  <\/p>\n<p>Miegas hamake gali b\u016bti patogesnis nei \u012fprastoje palapin\u0117je. Hamakas nesilie\u010dia su \u017eeme, tod\u0117l nereikia r\u016bpintis akmenimis, \u0161akomis ar kitais nelygumais, kurie gali trukdyti miegui palapin\u0117je. Be to, hamakai idealiai tinka sud\u0117tingo reljefo vietov\u0117se, kur pastatyti palapin\u0119 b\u016bt\u0173 sunku.  <\/p>\n<p>\u201eGRAND CANYON\u201c hamakai pagaminti i\u0161 mink\u0161tesni\u0173 med\u017eiag\u0173 nei \u012fprastos palapin\u0117s, tod\u0117l miegas juose yra patogesnis ir mink\u0161tesnis. Be to, hamake lengva keisti pad\u0117t\u012f ir jud\u0117ti, o tai padeda geriau i\u0161simiegoti. <\/p>\n<p class=\"my-1 text-base\">Hamakas \u201eBass Mosquito Hammock\u201c yra universalus ir lengvas pasirinkimas poilsiui sode ar nuotykiams gamtoje. Jis turi \u012fsi\u016bt\u0105 tinkleli nuo uod\u0173, kuris saugo nuo vabzd\u017ei\u0173 ir leid\u017eia m\u0117gautis gamta. Tinklelis pagamintas i\u0161 tvirto 70D nailono, u\u017etikrinan\u010dio ilgaam\u017ei\u0161kum\u0105.  <\/p>\n<p class=\"my-1 text-base\"><strong>Hamako \u201eBass Mosquito Hammock\u201c komplekt\u0105 sudaro priedai: karabinai, du 2,5 m ilgio dir\u017eai, tvirtinimo kilpos ir med\u017ei\u0173 apsaugos dir\u017eai. Tau nereik\u0117s pirkti papildom\u0173 pried\u0173, nes visos reikiamos dalys jau yra komplekte.<\/strong> Tai leid\u017eia lengvai pakabinti hamak\u0105 bet kurioje vietoje.<\/p>\n<p><img decoding=\"async\" class=\"alignnone wp-image-11348 size-full\" src=\"https:\/\/toidupakk.ee\/wp-content\/uploads\/2023\/07\/grandcanyon-logo.png\" alt=\"\" width=\"340\" height=\"214\" srcset=\"https:\/\/toidupakk.ee\/wp-content\/uploads\/2023\/07\/grandcanyon-logo.png 340w, https:\/\/toidupakk.ee\/wp-content\/uploads\/2023\/07\/grandcanyon-logo-300x189.png 300w\" sizes=\"(max-width: 340px) 100vw, 340px\" \/><\/p>\n<p>Per\u017ei\u016br\u0117k kitas prekes \u017eygiams <a href=\"https:\/\/toidupakk.ee\/lt\/tootekategooria\/zygio-iranga\/#section-3-79\">\u010cIA<\/a><\/p>\n<p>Domina maistas \u017eygiams? \u017di\u016br\u0117k <a href=\"\/?product_cat=snakk#section-3-79\">\u010cIA<\/a><\/p>\n<p>Pasisemk \u012fkv\u0117pimo kitiems nuotykiams \u201eToidupakk\u201c <a href=\"https:\/\/www.instagram.com\/toidupakk\/\">Instagram<\/a> ir <a href=\"https:\/\/www.facebook.com\/Toidupakk\/\">Facebook<\/a> paskyrose.<\/p>\n","protected":false},"excerpt":{"rendered":"<p>Hamakas su tinkleliu nuo uod\u0173 leid\u017eia patogiai praleisti nakt\u012f gryname ore nesijaudinant d\u0117l uod\u0173 ar kit\u0173 vabzd\u017ei\u0173. D\u0117l savo lengvumo ir kompakti\u0161kumo tai puiki alternatyva palapinei. Patogiai atsipalaiduok gamtoje, sode ar \u017eygyje.  <\/p>\n<ul class=\"my-1 list-disc pl-4\">\n<li>Lengvas ir patogus ne\u0161iotis \u2013 u\u017eima labai ma\u017eai vietos kuprin\u0117je ir yra daug lengvesnis u\u017e palapin\u0119.<\/li>\n<li>Viso hamako komplekto svoris \u2013 660 g<\/li>\n<li>Hamakas pagamintas i\u0161 to paties nailono, kuris naudojamas para\u0161iutams gaminti<\/li>\n<li>Tinklelis saugo tave nuo uod\u0173, moskit\u0173 ir kit\u0173 \u012fkyri\u0173 vabzd\u017ei\u0173<\/li>\n<li>Sumontuoti paprasta ir greita \u2013 tereikia rasti du netoliese esan\u010dius med\u017eius<\/li>\n<li class=\"my-1 text-base\">Hamako audinys: tvirtas 70D nailonas<\/li>\n<li class=\"my-1 text-base\">Maksimali apkrova: 150 kg<\/li>\n<li class=\"my-1 text-base\">Matmenys: 270 x 150 cm<\/li>\n<li class=\"my-1 text-base\">Pakuot\u0117s dydis: 12 x 19 cm<\/li>\n<li class=\"my-1 text-base\">Tinklelis nuo uod\u0173: yra<\/li>\n<li>Tvirtinimo priemon\u0117s yra komplekte<\/li>\n<li>Spalva: m\u0117lyna<\/li>\n<\/ul>\n<p><strong>SVARBU! Hamako \u201eBass Mosquito Hammock\u201c komplekt\u0105 sudaro priedai: karabinai, du 2,5 m ilgio dir\u017eai, tvirtinimo kilpos ir med\u017ei\u0173 apsaugos dir\u017eai. <\/strong><\/p>\n<p>\u2705 SVARBU! Laikinai prek\u0117s pristatymo terminas apie 2 savaites<br \/>\n\u2705 Pirk dabar, mok\u0117k v\u0117liau (pal\u016bkanos 0 %) <\/p>\n","protected":false},"featured_media":13192,"comment_status":"open","ping_status":"closed","template":"","meta":{"_acf_changed":false},"product_brand":[],"product_cat":[258,217,189,190],"product_tag":[],"class_list":{"0":"post-46975","1":"product","2":"type-product","3":"status-publish","4":"has-post-thumbnail","6":"product_cat-hamakas","7":"product_cat-nakvyne-gamtoje","8":"product_cat-zygio-iranga","9":"product_cat-zygio-prekes","11":"first","12":"outofstock","13":"sale","14":"taxable","15":"shipping-taxable","16":"purchasable","17":"product-type-simple"},"bundled_by":[],"bundle_stock_status":"outofstock","bundle_stock_quantity":0,"bundle_virtual":false,"bundle_layout":"","bundle_add_to_cart_form_location":"","bundle_editable_in_cart":false,"bundle_sold_individually_context":"","bundle_item_grouping":"","bundle_min_size":"","bundle_max_size":"","bundle_price":[],"bundled_items":[],"bundle_sell_ids":[],"acf":[],"yoast_head":"<!-- This site is optimized with the Yoast SEO plugin v27.1.1 - https:\/\/yoast.com\/product\/yoast-seo-wordpress\/ -->\n<title>Hamakas su tinkleliu nuo uod\u0173 GRAND CANYON\u00ae (m\u0117lynas)<\/title>\n<meta name=\"description\" content=\"Hamakas su tinkleliu nuo uod\u0173 leid\u017eia praleisti nakt\u012f be uod\u0173 gryname ore arba m\u0117gautis vasaros oru sode, \u017eygyje ar tiesiog gamtoje, kai gausu vabzd\u017ei\u0173.\" \/>\n<meta name=\"robots\" content=\"index, follow, max-snippet:-1, max-image-preview:large, max-video-preview:-1\" \/>\n<link rel=\"canonical\" href=\"https:\/\/toidupakk.ee\/lt\/toode\/hamakas-su-tinkleliu-nuo-uodu-grand-canyon-melynas\/\" \/>\n<meta property=\"og:locale\" content=\"lt_LT\" \/>\n<meta property=\"og:type\" content=\"article\" \/>\n<meta property=\"og:title\" content=\"Hamakas su tinkleliu nuo uod\u0173 GRAND CANYON\u00ae (m\u0117lynas)\" \/>\n<meta property=\"og:description\" content=\"Hamakas su tinkleliu nuo uod\u0173 leid\u017eia praleisti nakt\u012f be uod\u0173 gryname ore arba m\u0117gautis vasaros oru sode, \u017eygyje ar tiesiog gamtoje, kai gausu vabzd\u017ei\u0173.\" \/>\n<meta property=\"og:url\" content=\"https:\/\/toidupakk.ee\/lt\/toode\/hamakas-su-tinkleliu-nuo-uodu-grand-canyon-melynas\/\" \/>\n<meta property=\"og:site_name\" content=\"Toidupakk.ee - Tactical Foodpack toidupakid\" \/>\n<meta property=\"article:publisher\" content=\"https:\/\/www.facebook.com\/Toidupakk\" \/>\n<meta property=\"article:modified_time\" content=\"2026-04-03T21:00:38+00:00\" \/>\n<meta property=\"og:image\" content=\"https:\/\/toidupakk.ee\/wp-content\/uploads\/2023\/08\/Rippkiik-Bass-Mosquito-Hammock1.png\" \/>\n\t<meta property=\"og:image:width\" content=\"1080\" \/>\n\t<meta property=\"og:image:height\" content=\"1080\" \/>\n\t<meta property=\"og:image:type\" content=\"image\/png\" \/>\n<meta name=\"twitter:card\" content=\"summary_large_image\" \/>\n<meta name=\"twitter:label1\" content=\"Est. reading time\" \/>\n\t<meta name=\"twitter:data1\" content=\"2 minut\u0117s\" \/>\n<script type=\"application\/ld+json\" class=\"yoast-schema-graph\">{\"@context\":\"https:\/\/schema.org\",\"@graph\":[{\"@type\":\"WebPage\",\"@id\":\"https:\/\/toidupakk.ee\/lt\/toode\/hamakas-su-tinkleliu-nuo-uodu-grand-canyon-melynas\/\",\"url\":\"https:\/\/toidupakk.ee\/lt\/toode\/hamakas-su-tinkleliu-nuo-uodu-grand-canyon-melynas\/\",\"name\":\"Hamakas su tinkleliu nuo uod\u0173 GRAND CANYON\u00ae (m\u0117lynas)\",\"isPartOf\":{\"@id\":\"https:\/\/toidupakk.ee\/lt\/#website\"},\"primaryImageOfPage\":{\"@id\":\"https:\/\/toidupakk.ee\/lt\/toode\/hamakas-su-tinkleliu-nuo-uodu-grand-canyon-melynas\/#primaryimage\"},\"image\":{\"@id\":\"https:\/\/toidupakk.ee\/lt\/toode\/hamakas-su-tinkleliu-nuo-uodu-grand-canyon-melynas\/#primaryimage\"},\"thumbnailUrl\":\"https:\/\/toidupakk.ee\/wp-content\/uploads\/2023\/08\/Rippkiik-Bass-Mosquito-Hammock1.png\",\"datePublished\":\"2023-10-02T13:49:26+00:00\",\"dateModified\":\"2026-04-03T21:00:38+00:00\",\"description\":\"Hamakas su tinkleliu nuo uod\u0173 leid\u017eia praleisti nakt\u012f be uod\u0173 gryname ore arba m\u0117gautis vasaros oru sode, \u017eygyje ar tiesiog gamtoje, kai gausu vabzd\u017ei\u0173.\",\"breadcrumb\":{\"@id\":\"https:\/\/toidupakk.ee\/lt\/toode\/hamakas-su-tinkleliu-nuo-uodu-grand-canyon-melynas\/#breadcrumb\"},\"inLanguage\":\"lt-LT\",\"potentialAction\":[{\"@type\":\"ReadAction\",\"target\":[\"https:\/\/toidupakk.ee\/lt\/toode\/hamakas-su-tinkleliu-nuo-uodu-grand-canyon-melynas\/\"]}]},{\"@type\":\"ImageObject\",\"inLanguage\":\"lt-LT\",\"@id\":\"https:\/\/toidupakk.ee\/lt\/toode\/hamakas-su-tinkleliu-nuo-uodu-grand-canyon-melynas\/#primaryimage\",\"url\":\"https:\/\/toidupakk.ee\/wp-content\/uploads\/2023\/08\/Rippkiik-Bass-Mosquito-Hammock1.png\",\"contentUrl\":\"https:\/\/toidupakk.ee\/wp-content\/uploads\/2023\/08\/Rippkiik-Bass-Mosquito-Hammock1.png\",\"width\":1080,\"height\":1080,\"caption\":\"Rippkiik Bass Mosquito Hammock 1\"},{\"@type\":\"BreadcrumbList\",\"@id\":\"https:\/\/toidupakk.ee\/lt\/toode\/hamakas-su-tinkleliu-nuo-uodu-grand-canyon-melynas\/#breadcrumb\",\"itemListElement\":[{\"@type\":\"ListItem\",\"position\":1,\"name\":\"Avaleht\",\"item\":\"https:\/\/toidupakk.ee\/lt\/\"},{\"@type\":\"ListItem\",\"position\":2,\"name\":\"El. parduotuv\u0117\",\"item\":\"https:\/\/toidupakk.ee\/lt\/el-parduotuve\/\"},{\"@type\":\"ListItem\",\"position\":3,\"name\":\"Hamakas su tinkleliu nuo uod\u0173 GRAND CANYON\u00ae (m\u0117lynas)\"}]},{\"@type\":\"WebSite\",\"@id\":\"https:\/\/toidupakk.ee\/lt\/#website\",\"url\":\"https:\/\/toidupakk.ee\/lt\/\",\"name\":\"Toidupakk.ee - Tactical Foodpack toidupakid\",\"description\":\"Tactical Foodpack k\u00fclmkuivatatud toidupakid ja matkaeined\",\"publisher\":{\"@id\":\"https:\/\/toidupakk.ee\/lt\/#organization\"},\"potentialAction\":[{\"@type\":\"SearchAction\",\"target\":{\"@type\":\"EntryPoint\",\"urlTemplate\":\"https:\/\/toidupakk.ee\/lt\/?s={search_term_string}\"},\"query-input\":{\"@type\":\"PropertyValueSpecification\",\"valueRequired\":true,\"valueName\":\"search_term_string\"}}],\"inLanguage\":\"lt-LT\"},{\"@type\":\"Organization\",\"@id\":\"https:\/\/toidupakk.ee\/lt\/#organization\",\"name\":\"Tactical Foodpack matkaeined\",\"url\":\"https:\/\/toidupakk.ee\/lt\/\",\"logo\":{\"@type\":\"ImageObject\",\"inLanguage\":\"lt-LT\",\"@id\":\"https:\/\/toidupakk.ee\/lt\/#\/schema\/logo\/image\/\",\"url\":\"https:\/\/toidupakk.ee\/wp-content\/uploads\/2022\/01\/Toidupakk-matkapood-logo-transparent.png\",\"contentUrl\":\"https:\/\/toidupakk.ee\/wp-content\/uploads\/2022\/01\/Toidupakk-matkapood-logo-transparent.png\",\"width\":500,\"height\":500,\"caption\":\"Tactical Foodpack matkaeined\"},\"image\":{\"@id\":\"https:\/\/toidupakk.ee\/lt\/#\/schema\/logo\/image\/\"},\"sameAs\":[\"https:\/\/www.facebook.com\/Toidupakk\",\"https:\/\/www.instagram.com\/toidupakk\/\"]}]}<\/script>\n<!-- \/ Yoast SEO plugin. -->","yoast_head_json":{"title":"Hamakas su tinkleliu nuo uod\u0173 GRAND CANYON\u00ae (m\u0117lynas)","description":"Hamakas su tinkleliu nuo uod\u0173 leid\u017eia praleisti nakt\u012f be uod\u0173 gryname ore arba m\u0117gautis vasaros oru sode, \u017eygyje ar tiesiog gamtoje, kai gausu vabzd\u017ei\u0173.","robots":{"index":"index","follow":"follow","max-snippet":"max-snippet:-1","max-image-preview":"max-image-preview:large","max-video-preview":"max-video-preview:-1"},"canonical":"https:\/\/toidupakk.ee\/lt\/toode\/hamakas-su-tinkleliu-nuo-uodu-grand-canyon-melynas\/","og_locale":"lt_LT","og_type":"article","og_title":"Hamakas su tinkleliu nuo uod\u0173 GRAND CANYON\u00ae (m\u0117lynas)","og_description":"Hamakas su tinkleliu nuo uod\u0173 leid\u017eia praleisti nakt\u012f be uod\u0173 gryname ore arba m\u0117gautis vasaros oru sode, \u017eygyje ar tiesiog gamtoje, kai gausu vabzd\u017ei\u0173.","og_url":"https:\/\/toidupakk.ee\/lt\/toode\/hamakas-su-tinkleliu-nuo-uodu-grand-canyon-melynas\/","og_site_name":"Toidupakk.ee - Tactical Foodpack toidupakid","article_publisher":"https:\/\/www.facebook.com\/Toidupakk","article_modified_time":"2026-04-03T21:00:38+00:00","og_image":[{"width":1080,"height":1080,"url":"https:\/\/toidupakk.ee\/wp-content\/uploads\/2023\/08\/Rippkiik-Bass-Mosquito-Hammock1.png","type":"image\/png"}],"twitter_card":"summary_large_image","twitter_misc":{"Est. reading time":"2 minut\u0117s"},"schema":{"@context":"https:\/\/schema.org","@graph":[{"@type":"WebPage","@id":"https:\/\/toidupakk.ee\/lt\/toode\/hamakas-su-tinkleliu-nuo-uodu-grand-canyon-melynas\/","url":"https:\/\/toidupakk.ee\/lt\/toode\/hamakas-su-tinkleliu-nuo-uodu-grand-canyon-melynas\/","name":"Hamakas su tinkleliu nuo uod\u0173 GRAND CANYON\u00ae (m\u0117lynas)","isPartOf":{"@id":"https:\/\/toidupakk.ee\/lt\/#website"},"primaryImageOfPage":{"@id":"https:\/\/toidupakk.ee\/lt\/toode\/hamakas-su-tinkleliu-nuo-uodu-grand-canyon-melynas\/#primaryimage"},"image":{"@id":"https:\/\/toidupakk.ee\/lt\/toode\/hamakas-su-tinkleliu-nuo-uodu-grand-canyon-melynas\/#primaryimage"},"thumbnailUrl":"https:\/\/toidupakk.ee\/wp-content\/uploads\/2023\/08\/Rippkiik-Bass-Mosquito-Hammock1.png","datePublished":"2023-10-02T13:49:26+00:00","dateModified":"2026-04-03T21:00:38+00:00","description":"Hamakas su tinkleliu nuo uod\u0173 leid\u017eia praleisti nakt\u012f be uod\u0173 gryname ore arba m\u0117gautis vasaros oru sode, \u017eygyje ar tiesiog gamtoje, kai gausu vabzd\u017ei\u0173.","breadcrumb":{"@id":"https:\/\/toidupakk.ee\/lt\/toode\/hamakas-su-tinkleliu-nuo-uodu-grand-canyon-melynas\/#breadcrumb"},"inLanguage":"lt-LT","potentialAction":[{"@type":"ReadAction","target":["https:\/\/toidupakk.ee\/lt\/toode\/hamakas-su-tinkleliu-nuo-uodu-grand-canyon-melynas\/"]}]},{"@type":"ImageObject","inLanguage":"lt-LT","@id":"https:\/\/toidupakk.ee\/lt\/toode\/hamakas-su-tinkleliu-nuo-uodu-grand-canyon-melynas\/#primaryimage","url":"https:\/\/toidupakk.ee\/wp-content\/uploads\/2023\/08\/Rippkiik-Bass-Mosquito-Hammock1.png","contentUrl":"https:\/\/toidupakk.ee\/wp-content\/uploads\/2023\/08\/Rippkiik-Bass-Mosquito-Hammock1.png","width":1080,"height":1080,"caption":"Rippkiik Bass Mosquito Hammock 1"},{"@type":"BreadcrumbList","@id":"https:\/\/toidupakk.ee\/lt\/toode\/hamakas-su-tinkleliu-nuo-uodu-grand-canyon-melynas\/#breadcrumb","itemListElement":[{"@type":"ListItem","position":1,"name":"Avaleht","item":"https:\/\/toidupakk.ee\/lt\/"},{"@type":"ListItem","position":2,"name":"El. parduotuv\u0117","item":"https:\/\/toidupakk.ee\/lt\/el-parduotuve\/"},{"@type":"ListItem","position":3,"name":"Hamakas su tinkleliu nuo uod\u0173 GRAND CANYON\u00ae (m\u0117lynas)"}]},{"@type":"WebSite","@id":"https:\/\/toidupakk.ee\/lt\/#website","url":"https:\/\/toidupakk.ee\/lt\/","name":"Toidupakk.ee - Tactical Foodpack toidupakid","description":"Tactical Foodpack k\u00fclmkuivatatud toidupakid ja matkaeined","publisher":{"@id":"https:\/\/toidupakk.ee\/lt\/#organization"},"potentialAction":[{"@type":"SearchAction","target":{"@type":"EntryPoint","urlTemplate":"https:\/\/toidupakk.ee\/lt\/?s={search_term_string}"},"query-input":{"@type":"PropertyValueSpecification","valueRequired":true,"valueName":"search_term_string"}}],"inLanguage":"lt-LT"},{"@type":"Organization","@id":"https:\/\/toidupakk.ee\/lt\/#organization","name":"Tactical Foodpack matkaeined","url":"https:\/\/toidupakk.ee\/lt\/","logo":{"@type":"ImageObject","inLanguage":"lt-LT","@id":"https:\/\/toidupakk.ee\/lt\/#\/schema\/logo\/image\/","url":"https:\/\/toidupakk.ee\/wp-content\/uploads\/2022\/01\/Toidupakk-matkapood-logo-transparent.png","contentUrl":"https:\/\/toidupakk.ee\/wp-content\/uploads\/2022\/01\/Toidupakk-matkapood-logo-transparent.png","width":500,"height":500,"caption":"Tactical Foodpack matkaeined"},"image":{"@id":"https:\/\/toidupakk.ee\/lt\/#\/schema\/logo\/image\/"},"sameAs":["https:\/\/www.facebook.com\/Toidupakk","https:\/\/www.instagram.com\/toidupakk\/"]}]}},"jetpack_sharing_enabled":true,"_links":{"self":[{"href":"https:\/\/toidupakk.ee\/lt\/wp-json\/wp\/v2\/product\/46975","targetHints":{"allow":["GET"]}}],"collection":[{"href":"https:\/\/toidupakk.ee\/lt\/wp-json\/wp\/v2\/product"}],"about":[{"href":"https:\/\/toidupakk.ee\/lt\/wp-json\/wp\/v2\/types\/product"}],"replies":[{"embeddable":true,"href":"https:\/\/toidupakk.ee\/lt\/wp-json\/wp\/v2\/comments?post=46975"}],"wp:featuredmedia":[{"embeddable":true,"href":"https:\/\/toidupakk.ee\/lt\/wp-json\/wp\/v2\/media\/13192"}],"wp:attachment":[{"href":"https:\/\/toidupakk.ee\/lt\/wp-json\/wp\/v2\/media?parent=46975"}],"wp:term":[{"taxonomy":"product_brand","embeddable":true,"href":"https:\/\/toidupakk.ee\/lt\/wp-json\/wp\/v2\/product_brand?post=46975"},{"taxonomy":"product_cat","embeddable":true,"href":"https:\/\/toidupakk.ee\/lt\/wp-json\/wp\/v2\/product_cat?post=46975"},{"taxonomy":"product_tag","embeddable":true,"href":"https:\/\/toidupakk.ee\/lt\/wp-json\/wp\/v2\/product_tag?post=46975"}],"curies":[{"name":"wp","href":"https:\/\/api.w.org\/{rel}","templated":true}]}}