{"id":46974,"date":"2023-09-19T13:06:31","date_gmt":"2023-09-19T10:06:31","guid":{"rendered":"https:\/\/toidupakk.ee\/toode\/readywise-maisto-atsargu-rinkinys-pusryciai-120-porciju\/"},"modified":"2026-04-04T00:00:10","modified_gmt":"2026-04-03T21:00:10","slug":"readywise-maisto-atsargu-rinkinys-pusryciai-120-porciju","status":"publish","type":"product","link":"https:\/\/toidupakk.ee\/lt\/toode\/readywise-maisto-atsargu-rinkinys-pusryciai-120-porciju\/","title":{"rendered":"READYWISE\u00ae maisto atsarg\u0173 rinkinys \u2013 pusry\u010diai \u2013 120 porcij\u0173"},"content":{"rendered":"<h1>READYWISE\u00ae maisto atsarg\u0173 rinkinys su pusry\u010diais \u2013 120 valgi\u0173 \u2013 pasiruo\u0161k netik\u0117toms situacijoms<\/h1>\n<p>\u201eReadyWise\u201c pusry\u010di\u0173 maisto atsarg\u0173 rinkinys skirtas naudoti kaip kriz\u0117s atsarga, \u017eygiams ar tiesiog patogiam maisto sand\u0117liavimui namuose. U\u017etikrink sau ir savo \u0161eimai sveikus bei skanius pusry\u010dius net ekstremali\u0173 situacij\u0173 ar \u017eygi\u0173 metu. Paruo\u0161tas maistas yra dehidratuotas, tod\u0117l ilg\u0105 laik\u0105 i\u0161laiko \u0161vie\u017eum\u0105 ir skon\u012f.   <strong>Maistas galioja iki 25 met\u0173 nuo pagaminimo datos.<\/strong> \u0160iame rinkinyje yra pusry\u010diai 120-\u010diai valgi\u0173 \/ porcij\u0173.<\/p>\n<p>&nbsp;<\/p>\n<h2><strong>Kaip paruo\u0161ti<\/strong><\/h2>\n<p><strong>PASIRINK VALG\u012e <\/strong>Atidaryk vandeniui atspari\u0105, pakartotinai u\u017edarom\u0105 pakuot\u0119 ir rask sau patinkant\u012f skon\u012f. Kiekvienoje ma\u017eoje maisto pakuot\u0117je yra 4 porcijos maisto. <\/p>\n<p><strong>\u012ePILK \u0160ALTO ARBA KAR\u0160TO VANDENS <\/strong>M\u016bs\u0173 produktai apdorojami specialiu procesu, kad i\u0161laikyt\u0173 skon\u012f ir tekst\u016br\u0105. \u012epilk 1 stiklin\u0119 vandens vienai porcijai ir i\u0161mai\u0161yk. M\u016bs\u0173 maistas paruo\u0161iamas tiek su \u0161iltu, tiek su \u0161altu vandeniu.   Dauguma patiekal\u0173 visgi skanesni naudojant kar\u0161t\u0105 vanden\u012f.<\/p>\n<p><strong>I\u0160MAI\u0160YK IR M\u0116GAUKIS <\/strong>Supilk mai\u0161elio turin\u012f \u012f vanden\u012f ir i\u0161mai\u0161yk. U\u017edenk ir palauk 15 minu\u010di\u0173. Jei naudoji kambario temperat\u016bros vanden\u012f, palauk 30 minu\u010di\u0173. \u012esid\u0117k maist\u0105 \u012f l\u0117k\u0161t\u0119, valgyk ir m\u0117gaukis!   <\/p>\n<h2><img fetchpriority=\"high\" decoding=\"async\" class=\"alignnone size-full wp-image-14383\" src=\"https:\/\/toidupakk.ee\/wp-content\/uploads\/2023\/09\/Graphic-Design.jpg\" alt=\"\" width=\"1280\" height=\"1280\" srcset=\"https:\/\/toidupakk.ee\/wp-content\/uploads\/2023\/09\/Graphic-Design.jpg 1280w, https:\/\/toidupakk.ee\/wp-content\/uploads\/2023\/09\/Graphic-Design-400x400.jpg 400w, https:\/\/toidupakk.ee\/wp-content\/uploads\/2023\/09\/Graphic-Design-100x100.jpg 100w, https:\/\/toidupakk.ee\/wp-content\/uploads\/2023\/09\/Graphic-Design-800x800.jpg 800w, https:\/\/toidupakk.ee\/wp-content\/uploads\/2023\/09\/Graphic-Design-300x300.jpg 300w, https:\/\/toidupakk.ee\/wp-content\/uploads\/2023\/09\/Graphic-Design-1024x1024.jpg 1024w, https:\/\/toidupakk.ee\/wp-content\/uploads\/2023\/09\/Graphic-Design-500x500.jpg 500w, https:\/\/toidupakk.ee\/wp-content\/uploads\/2023\/09\/Graphic-Design-768x768.jpg 768w\" sizes=\"(max-width: 1280px) 100vw, 1280px\" \/><\/h2>\n<h2><strong>Krep\u0161yje rasi didel\u012f \u012fvairi\u0173 skoni\u0173 pasirinkim\u0105<\/strong><\/h2>\n<p><strong>TRA\u0160K\u016aS DRIBSNIAI SU BRA\u0160K\u0116MIS: 20 porcij\u0173<\/strong><\/p>\n<p><strong>OBUOLI\u0172 IR KANAP\u0116S AVI\u017dINIAI DRIBSNIAI: 40 porcij\u0173<\/strong><\/p>\n<p><strong>TRA\u0160K\u016aS DRIBSNIAI: 20 porcij\u0173<\/strong><\/p>\n<p><strong>RUUDOJO CUKRAUS IR KLEV\u0172 SINDROPO DAUGIAGR\u016aD\u017dIAI DRIBSNIAI: 40 porcij\u0173<\/strong><\/p>\n<p>&nbsp;<\/p>\n<h2>\u201eReadywise\u201c privalumai<\/h2>\n<p><strong>Galiojimo laikas<\/strong>: \u201eReadyWise\u201c maistas yra dehidratuotas, o tai rei\u0161kia, kad jis galioja 25 metus ir j\u012f patogu laikyti r\u016bsyje, gara\u017ee, spintoje ar, pavyzd\u017eiui, valtyje. Vandeniui atsparus krep\u0161ys saugo maisto produktus nuo dr\u0117gm\u0117s ir kit\u0173 aplinkos veiksni\u0173. <\/p>\n<p><strong>Maistin\u0117 vert\u0117<\/strong>: \u201eReadyWise\u201c maiste yra nema\u017eas kiekis baltym\u0173, skaidul\u0173 ir kit\u0173 svarbi\u0173 maistini\u0173 med\u017eiag\u0173. Tai puikus pasirinkimas tiems, kurie nori b\u016bti sot\u016bs ir kuriems reikia greito bei naudingo valgio. <\/p>\n<p><strong>Universalumas<\/strong>: \u201eReadyWise\u201c maisto atsarg\u0173 rinkinyje yra \u012fvairi\u0173 patiekal\u0173, tinkan\u010di\u0173 pusry\u010diams, pietums ir vakarienei. Tai suteikia daug pasirinkimo galimybi\u0173 ir leid\u017eia m\u0117gautis skirtingais skoniais. <\/p>\n<p><strong>Lengvas transportavimas<\/strong>: \u201eReadyWise\u201c maisto atsarg\u0173 rinkinys yra kompakti\u0161kas ir lengvas, o vandeniui atsparus krep\u0161ys u\u017etikrina patog\u0173 transportavim\u0105.<\/p>\n<p>&nbsp;<\/p>\n<h2>READYWISE<\/h2>\n<p>\u201eReadyWise\u201c naudoja inovatyv\u0173 po\u017ei\u016br\u012f, kad pasi\u016blyt\u0173 patikim\u0105, paprast\u0105 ir prieinam\u0105 \u0161altyje d\u017eiovint\u0105 maist\u0105 situacijoms, kai maisto gaminimas yra apsunkintas.<\/p>\n<p>&nbsp;<\/p>\n<p>Per\u017ei\u016br\u0117k ir kitas prekes \u017eygiams <a href=\"https:\/\/toidupakk.ee\/lt\/tootekategooria\/zygio-iranga\/#section-3-79\">\u010cIA<\/a><\/p>\n<p>O gal domiesi \u017eygio maistu? \u017di\u016br\u0117k <a href=\"\/?product_cat=snakk#section-3-79\">\u010cIA<\/a><\/p>\n<p>Pasisemk \u012fkv\u0117pimo kitiems nuotykiams Toidupakk <a href=\"https:\/\/www.instagram.com\/toidupakk\/\">Instagram<\/a> ir <a href=\"https:\/\/www.facebook.com\/Toidupakk\/\">Facebook<\/a> paskyrose.<\/p>\n","protected":false},"excerpt":{"rendered":"<p>Pusry\u010diai yra svarbiausias dienos valgis! \u201eReadyWise\u201c maisto rinkinys su <strong>pusry\u010diais<\/strong> skirtas situacijoms, kai maisto gaminimas gali b\u016bti apsunkintas arba ne\u012fmanomas. Maisto krep\u0161yje yra 120 pusry\u010di\u0173 porcij\u0173. Patogu naudoti \u017eygiuose, stovyklaujant ar leid\u017eiant laik\u0105 gryname ore. Maistas supakuotas sandariuose \u201eMylar\u201c mai\u0161eliuose, kurie u\u017etikrina ilg\u0105 galiojimo laik\u0105.    <\/p>\n<ul>\n<li>Maisto atsarg\u0173 rinkinys: <strong>120 pusry\u010di\u0173 porcij\u0173 su 4 skirtingais patiekalais.<\/strong><\/li>\n<li>Tik \u012fpilk vandens: rekomenduojamas kar\u0161tas vanduo, bet tinka ir \u0161altas (tokiu atveju paruo\u0161imo laikas tiesiog ilgesnis)<\/li>\n<li>\u201eReadyWise\u201c maistas <strong>galioja 25 metus nuo pagaminimo datos<\/strong><\/li>\n<li><strong>Vandeniui atsparus, pakartotinai u\u017edaromas krep\u0161ys<\/strong> leid\u017eia j\u012f lengvai ir patogiai transportuoti.<\/li>\n<li>Grynasis maisto svoris: <strong>7,57 kg<\/strong><\/li>\n<li>Rinkinio <strong>bendra energin\u0117 vert\u0117 \u2013 28 340 kalorij\u0173<\/strong><\/li>\n<li>Pakuot\u0117s matmenys: 30 cm x 25 cm x 37 cm<\/li>\n<\/ul>\n<p>\u2705 \u0160iuo metu sand\u0117lyje n\u0117ra, nauja partija atvyks lapkrit\u012f<br \/>\n\u2705 Pirk dabar, mok\u0117k v\u0117liau (pal\u016bkanos 0 %)<\/p>\n","protected":false},"featured_media":8033,"comment_status":"open","ping_status":"closed","template":"","meta":{"_acf_changed":false},"product_brand":[],"product_cat":[235,246,245,189,190],"product_tag":[],"class_list":{"0":"post-46974","1":"product","2":"type-product","3":"status-publish","4":"has-post-thumbnail","6":"product_cat-dideli-maisto-atsargu-rinkiniai","7":"product_cat-maisto-atsargu-rinkiniai","8":"product_cat-ypac-dideli-readywise-maisto-atsargu-rinkiniai","9":"product_cat-zygio-iranga","10":"product_cat-zygio-prekes","12":"first","13":"instock","14":"sale","15":"taxable","16":"shipping-taxable","17":"purchasable","18":"product-type-simple"},"bundled_by":[],"bundle_stock_status":"instock","bundle_stock_quantity":1,"bundle_virtual":false,"bundle_layout":"","bundle_add_to_cart_form_location":"","bundle_editable_in_cart":false,"bundle_sold_individually_context":"","bundle_item_grouping":"","bundle_min_size":"","bundle_max_size":"","bundle_price":[],"bundled_items":[],"bundle_sell_ids":[],"acf":[],"yoast_head":"<!-- This site is optimized with the Yoast SEO plugin v27.1.1 - https:\/\/yoast.com\/product\/yoast-seo-wordpress\/ -->\n<title>READYWISE\u00ae maisto atsarg\u0173 rinkinys \u2013 pusry\u010diai \u2013 120 porcij\u0173<\/title>\n<meta name=\"description\" content=\"\u201eReadyWise\u201c pusry\u010di\u0173 maisto atsarg\u0173 rinkinys leid\u017eia visada tur\u0117ti paruo\u0161tas pusry\u010di\u0173 atsargas ir u\u017etikrinti, kad b\u016bsi pasiruo\u0161\u0119s bet kokiai situacijai.\" \/>\n<meta name=\"robots\" content=\"index, follow, max-snippet:-1, max-image-preview:large, max-video-preview:-1\" \/>\n<link rel=\"canonical\" href=\"https:\/\/toidupakk.ee\/lt\/toode\/readywise-maisto-atsargu-rinkinys-pusryciai-120-porciju\/\" \/>\n<meta property=\"og:locale\" content=\"lt_LT\" \/>\n<meta property=\"og:type\" content=\"article\" \/>\n<meta property=\"og:title\" content=\"READYWISE\u00ae maisto atsarg\u0173 rinkinys \u2013 pusry\u010diai \u2013 120 porcij\u0173\" \/>\n<meta property=\"og:description\" content=\"\u201eReadyWise\u201c pusry\u010di\u0173 maisto atsarg\u0173 rinkinys leid\u017eia visada tur\u0117ti paruo\u0161tas pusry\u010di\u0173 atsargas ir u\u017etikrinti, kad b\u016bsi pasiruo\u0161\u0119s bet kokiai situacijai.\" \/>\n<meta property=\"og:url\" content=\"https:\/\/toidupakk.ee\/lt\/toode\/readywise-maisto-atsargu-rinkinys-pusryciai-120-porciju\/\" \/>\n<meta property=\"og:site_name\" content=\"Toidupakk.ee - Tactical Foodpack toidupakid\" \/>\n<meta property=\"article:publisher\" content=\"https:\/\/www.facebook.com\/Toidupakk\" \/>\n<meta property=\"article:modified_time\" content=\"2026-04-03T21:00:10+00:00\" \/>\n<meta property=\"og:image\" content=\"https:\/\/toidupakk.ee\/wp-content\/uploads\/2023\/04\/readywise-hommikusook-120.png\" \/>\n\t<meta property=\"og:image:width\" content=\"1080\" \/>\n\t<meta property=\"og:image:height\" content=\"1080\" \/>\n\t<meta property=\"og:image:type\" content=\"image\/png\" \/>\n<meta name=\"twitter:card\" content=\"summary_large_image\" \/>\n<meta name=\"twitter:label1\" content=\"Est. reading time\" \/>\n\t<meta name=\"twitter:data1\" content=\"2 minut\u0117s\" \/>\n<script type=\"application\/ld+json\" class=\"yoast-schema-graph\">{\"@context\":\"https:\/\/schema.org\",\"@graph\":[{\"@type\":\"WebPage\",\"@id\":\"https:\/\/toidupakk.ee\/lt\/toode\/readywise-maisto-atsargu-rinkinys-pusryciai-120-porciju\/\",\"url\":\"https:\/\/toidupakk.ee\/lt\/toode\/readywise-maisto-atsargu-rinkinys-pusryciai-120-porciju\/\",\"name\":\"READYWISE\u00ae maisto atsarg\u0173 rinkinys \u2013 pusry\u010diai \u2013 120 porcij\u0173\",\"isPartOf\":{\"@id\":\"https:\/\/toidupakk.ee\/lt\/#website\"},\"primaryImageOfPage\":{\"@id\":\"https:\/\/toidupakk.ee\/lt\/toode\/readywise-maisto-atsargu-rinkinys-pusryciai-120-porciju\/#primaryimage\"},\"image\":{\"@id\":\"https:\/\/toidupakk.ee\/lt\/toode\/readywise-maisto-atsargu-rinkinys-pusryciai-120-porciju\/#primaryimage\"},\"thumbnailUrl\":\"https:\/\/toidupakk.ee\/wp-content\/uploads\/2023\/04\/readywise-hommikusook-120.png\",\"datePublished\":\"2023-09-19T10:06:31+00:00\",\"dateModified\":\"2026-04-03T21:00:10+00:00\",\"description\":\"\u201eReadyWise\u201c pusry\u010di\u0173 maisto atsarg\u0173 rinkinys leid\u017eia visada tur\u0117ti paruo\u0161tas pusry\u010di\u0173 atsargas ir u\u017etikrinti, kad b\u016bsi pasiruo\u0161\u0119s bet kokiai situacijai.\",\"breadcrumb\":{\"@id\":\"https:\/\/toidupakk.ee\/lt\/toode\/readywise-maisto-atsargu-rinkinys-pusryciai-120-porciju\/#breadcrumb\"},\"inLanguage\":\"lt-LT\",\"potentialAction\":[{\"@type\":\"ReadAction\",\"target\":[\"https:\/\/toidupakk.ee\/lt\/toode\/readywise-maisto-atsargu-rinkinys-pusryciai-120-porciju\/\"]}]},{\"@type\":\"ImageObject\",\"inLanguage\":\"lt-LT\",\"@id\":\"https:\/\/toidupakk.ee\/lt\/toode\/readywise-maisto-atsargu-rinkinys-pusryciai-120-porciju\/#primaryimage\",\"url\":\"https:\/\/toidupakk.ee\/wp-content\/uploads\/2023\/04\/readywise-hommikusook-120.png\",\"contentUrl\":\"https:\/\/toidupakk.ee\/wp-content\/uploads\/2023\/04\/readywise-hommikusook-120.png\",\"width\":1080,\"height\":1080,\"caption\":\"Readywise hommikus\u00f6\u00f6k 120 s\u00f6\u00f6gikorda\"},{\"@type\":\"BreadcrumbList\",\"@id\":\"https:\/\/toidupakk.ee\/lt\/toode\/readywise-maisto-atsargu-rinkinys-pusryciai-120-porciju\/#breadcrumb\",\"itemListElement\":[{\"@type\":\"ListItem\",\"position\":1,\"name\":\"Avaleht\",\"item\":\"https:\/\/toidupakk.ee\/lt\/\"},{\"@type\":\"ListItem\",\"position\":2,\"name\":\"El. parduotuv\u0117\",\"item\":\"https:\/\/toidupakk.ee\/lt\/el-parduotuve\/\"},{\"@type\":\"ListItem\",\"position\":3,\"name\":\"READYWISE\u00ae maisto atsarg\u0173 rinkinys \u2013 pusry\u010diai \u2013 120 porcij\u0173\"}]},{\"@type\":\"WebSite\",\"@id\":\"https:\/\/toidupakk.ee\/lt\/#website\",\"url\":\"https:\/\/toidupakk.ee\/lt\/\",\"name\":\"Toidupakk.ee - Tactical Foodpack toidupakid\",\"description\":\"Tactical Foodpack k\u00fclmkuivatatud toidupakid ja matkaeined\",\"publisher\":{\"@id\":\"https:\/\/toidupakk.ee\/lt\/#organization\"},\"potentialAction\":[{\"@type\":\"SearchAction\",\"target\":{\"@type\":\"EntryPoint\",\"urlTemplate\":\"https:\/\/toidupakk.ee\/lt\/?s={search_term_string}\"},\"query-input\":{\"@type\":\"PropertyValueSpecification\",\"valueRequired\":true,\"valueName\":\"search_term_string\"}}],\"inLanguage\":\"lt-LT\"},{\"@type\":\"Organization\",\"@id\":\"https:\/\/toidupakk.ee\/lt\/#organization\",\"name\":\"Tactical Foodpack matkaeined\",\"url\":\"https:\/\/toidupakk.ee\/lt\/\",\"logo\":{\"@type\":\"ImageObject\",\"inLanguage\":\"lt-LT\",\"@id\":\"https:\/\/toidupakk.ee\/lt\/#\/schema\/logo\/image\/\",\"url\":\"https:\/\/toidupakk.ee\/wp-content\/uploads\/2022\/01\/Toidupakk-matkapood-logo-transparent.png\",\"contentUrl\":\"https:\/\/toidupakk.ee\/wp-content\/uploads\/2022\/01\/Toidupakk-matkapood-logo-transparent.png\",\"width\":500,\"height\":500,\"caption\":\"Tactical Foodpack matkaeined\"},\"image\":{\"@id\":\"https:\/\/toidupakk.ee\/lt\/#\/schema\/logo\/image\/\"},\"sameAs\":[\"https:\/\/www.facebook.com\/Toidupakk\",\"https:\/\/www.instagram.com\/toidupakk\/\"]}]}<\/script>\n<!-- \/ Yoast SEO plugin. -->","yoast_head_json":{"title":"READYWISE\u00ae maisto atsarg\u0173 rinkinys \u2013 pusry\u010diai \u2013 120 porcij\u0173","description":"\u201eReadyWise\u201c pusry\u010di\u0173 maisto atsarg\u0173 rinkinys leid\u017eia visada tur\u0117ti paruo\u0161tas pusry\u010di\u0173 atsargas ir u\u017etikrinti, kad b\u016bsi pasiruo\u0161\u0119s bet kokiai situacijai.","robots":{"index":"index","follow":"follow","max-snippet":"max-snippet:-1","max-image-preview":"max-image-preview:large","max-video-preview":"max-video-preview:-1"},"canonical":"https:\/\/toidupakk.ee\/lt\/toode\/readywise-maisto-atsargu-rinkinys-pusryciai-120-porciju\/","og_locale":"lt_LT","og_type":"article","og_title":"READYWISE\u00ae maisto atsarg\u0173 rinkinys \u2013 pusry\u010diai \u2013 120 porcij\u0173","og_description":"\u201eReadyWise\u201c pusry\u010di\u0173 maisto atsarg\u0173 rinkinys leid\u017eia visada tur\u0117ti paruo\u0161tas pusry\u010di\u0173 atsargas ir u\u017etikrinti, kad b\u016bsi pasiruo\u0161\u0119s bet kokiai situacijai.","og_url":"https:\/\/toidupakk.ee\/lt\/toode\/readywise-maisto-atsargu-rinkinys-pusryciai-120-porciju\/","og_site_name":"Toidupakk.ee - Tactical Foodpack toidupakid","article_publisher":"https:\/\/www.facebook.com\/Toidupakk","article_modified_time":"2026-04-03T21:00:10+00:00","og_image":[{"width":1080,"height":1080,"url":"https:\/\/toidupakk.ee\/wp-content\/uploads\/2023\/04\/readywise-hommikusook-120.png","type":"image\/png"}],"twitter_card":"summary_large_image","twitter_misc":{"Est. reading time":"2 minut\u0117s"},"schema":{"@context":"https:\/\/schema.org","@graph":[{"@type":"WebPage","@id":"https:\/\/toidupakk.ee\/lt\/toode\/readywise-maisto-atsargu-rinkinys-pusryciai-120-porciju\/","url":"https:\/\/toidupakk.ee\/lt\/toode\/readywise-maisto-atsargu-rinkinys-pusryciai-120-porciju\/","name":"READYWISE\u00ae maisto atsarg\u0173 rinkinys \u2013 pusry\u010diai \u2013 120 porcij\u0173","isPartOf":{"@id":"https:\/\/toidupakk.ee\/lt\/#website"},"primaryImageOfPage":{"@id":"https:\/\/toidupakk.ee\/lt\/toode\/readywise-maisto-atsargu-rinkinys-pusryciai-120-porciju\/#primaryimage"},"image":{"@id":"https:\/\/toidupakk.ee\/lt\/toode\/readywise-maisto-atsargu-rinkinys-pusryciai-120-porciju\/#primaryimage"},"thumbnailUrl":"https:\/\/toidupakk.ee\/wp-content\/uploads\/2023\/04\/readywise-hommikusook-120.png","datePublished":"2023-09-19T10:06:31+00:00","dateModified":"2026-04-03T21:00:10+00:00","description":"\u201eReadyWise\u201c pusry\u010di\u0173 maisto atsarg\u0173 rinkinys leid\u017eia visada tur\u0117ti paruo\u0161tas pusry\u010di\u0173 atsargas ir u\u017etikrinti, kad b\u016bsi pasiruo\u0161\u0119s bet kokiai situacijai.","breadcrumb":{"@id":"https:\/\/toidupakk.ee\/lt\/toode\/readywise-maisto-atsargu-rinkinys-pusryciai-120-porciju\/#breadcrumb"},"inLanguage":"lt-LT","potentialAction":[{"@type":"ReadAction","target":["https:\/\/toidupakk.ee\/lt\/toode\/readywise-maisto-atsargu-rinkinys-pusryciai-120-porciju\/"]}]},{"@type":"ImageObject","inLanguage":"lt-LT","@id":"https:\/\/toidupakk.ee\/lt\/toode\/readywise-maisto-atsargu-rinkinys-pusryciai-120-porciju\/#primaryimage","url":"https:\/\/toidupakk.ee\/wp-content\/uploads\/2023\/04\/readywise-hommikusook-120.png","contentUrl":"https:\/\/toidupakk.ee\/wp-content\/uploads\/2023\/04\/readywise-hommikusook-120.png","width":1080,"height":1080,"caption":"Readywise hommikus\u00f6\u00f6k 120 s\u00f6\u00f6gikorda"},{"@type":"BreadcrumbList","@id":"https:\/\/toidupakk.ee\/lt\/toode\/readywise-maisto-atsargu-rinkinys-pusryciai-120-porciju\/#breadcrumb","itemListElement":[{"@type":"ListItem","position":1,"name":"Avaleht","item":"https:\/\/toidupakk.ee\/lt\/"},{"@type":"ListItem","position":2,"name":"El. parduotuv\u0117","item":"https:\/\/toidupakk.ee\/lt\/el-parduotuve\/"},{"@type":"ListItem","position":3,"name":"READYWISE\u00ae maisto atsarg\u0173 rinkinys \u2013 pusry\u010diai \u2013 120 porcij\u0173"}]},{"@type":"WebSite","@id":"https:\/\/toidupakk.ee\/lt\/#website","url":"https:\/\/toidupakk.ee\/lt\/","name":"Toidupakk.ee - Tactical Foodpack toidupakid","description":"Tactical Foodpack k\u00fclmkuivatatud toidupakid ja matkaeined","publisher":{"@id":"https:\/\/toidupakk.ee\/lt\/#organization"},"potentialAction":[{"@type":"SearchAction","target":{"@type":"EntryPoint","urlTemplate":"https:\/\/toidupakk.ee\/lt\/?s={search_term_string}"},"query-input":{"@type":"PropertyValueSpecification","valueRequired":true,"valueName":"search_term_string"}}],"inLanguage":"lt-LT"},{"@type":"Organization","@id":"https:\/\/toidupakk.ee\/lt\/#organization","name":"Tactical Foodpack matkaeined","url":"https:\/\/toidupakk.ee\/lt\/","logo":{"@type":"ImageObject","inLanguage":"lt-LT","@id":"https:\/\/toidupakk.ee\/lt\/#\/schema\/logo\/image\/","url":"https:\/\/toidupakk.ee\/wp-content\/uploads\/2022\/01\/Toidupakk-matkapood-logo-transparent.png","contentUrl":"https:\/\/toidupakk.ee\/wp-content\/uploads\/2022\/01\/Toidupakk-matkapood-logo-transparent.png","width":500,"height":500,"caption":"Tactical Foodpack matkaeined"},"image":{"@id":"https:\/\/toidupakk.ee\/lt\/#\/schema\/logo\/image\/"},"sameAs":["https:\/\/www.facebook.com\/Toidupakk","https:\/\/www.instagram.com\/toidupakk\/"]}]}},"jetpack_sharing_enabled":true,"_links":{"self":[{"href":"https:\/\/toidupakk.ee\/lt\/wp-json\/wp\/v2\/product\/46974","targetHints":{"allow":["GET"]}}],"collection":[{"href":"https:\/\/toidupakk.ee\/lt\/wp-json\/wp\/v2\/product"}],"about":[{"href":"https:\/\/toidupakk.ee\/lt\/wp-json\/wp\/v2\/types\/product"}],"replies":[{"embeddable":true,"href":"https:\/\/toidupakk.ee\/lt\/wp-json\/wp\/v2\/comments?post=46974"}],"wp:featuredmedia":[{"embeddable":true,"href":"https:\/\/toidupakk.ee\/lt\/wp-json\/wp\/v2\/media\/8033"}],"wp:attachment":[{"href":"https:\/\/toidupakk.ee\/lt\/wp-json\/wp\/v2\/media?parent=46974"}],"wp:term":[{"taxonomy":"product_brand","embeddable":true,"href":"https:\/\/toidupakk.ee\/lt\/wp-json\/wp\/v2\/product_brand?post=46974"},{"taxonomy":"product_cat","embeddable":true,"href":"https:\/\/toidupakk.ee\/lt\/wp-json\/wp\/v2\/product_cat?post=46974"},{"taxonomy":"product_tag","embeddable":true,"href":"https:\/\/toidupakk.ee\/lt\/wp-json\/wp\/v2\/product_tag?post=46974"}],"curies":[{"name":"wp","href":"https:\/\/api.w.org\/{rel}","templated":true}]}}