{"id":46971,"date":"2023-11-20T16:52:59","date_gmt":"2023-11-20T14:52:59","guid":{"rendered":"https:\/\/toidupakk.ee\/toode\/magnis-b6-iconfit-90-kapsuliu\/"},"modified":"2026-04-14T11:00:32","modified_gmt":"2026-04-14T08:00:32","slug":"magnis-b6-iconfit-90-kapsuliu","status":"publish","type":"product","link":"https:\/\/toidupakk.ee\/lt\/toode\/magnis-b6-iconfit-90-kapsuliu\/","title":{"rendered":"Magnis B6 ICONFIT (90 kapsuli\u0173)"},"content":{"rendered":"<h1>Magnis B6 \u2013 tavo energijos \u0161altinis kasdieniams i\u0161\u0161\u016bkiams!<\/h1>\n<p class=\"my-1 text-base\"><strong>ICONFIT Magnis B6 yra maisto papildas, sukurtas palaikyti normali\u0105 nerv\u0173 sistemos veikl\u0105 ir psichologines funkcijas bei ma\u017einti pavargimo jausm\u0105 ir nuovarg\u012f. \u0160\u012f produkt\u0105 sudaro kokybi\u0161kos augalin\u0117s kapsul\u0117s. <\/strong><\/p>\n<p class=\"my-1 text-base\">Magnis padeda i\u0161laikyti elektrolit\u0173 pusiausvyr\u0105, palaiko normali\u0105 raumen\u0173 funkcij\u0105 ir padeda i\u0161laikyti sveik\u0105 dant\u0173 b\u016bkl\u0119. Jis taip pat svarbus l\u0105steli\u0173 dalijimosi procesui ir kartu su vitaminu B6 padeda ma\u017einti pavargimo jausm\u0105 bei nuovarg\u012f. Be to, magnis ir vitaminas B6 palaiko normali\u0105 nerv\u0173 sistemos veikl\u0105 ir psichologines funkcijas.  <\/p>\n<p class=\"my-1 text-base\">ICONFIT magnio citratas yra gerai \u012fsisavinamos formos magnis, u\u017etikrinantis rekomenduojam\u0105 paros magnio kiek\u012f suvartojant vos 3 kapsules per dien\u0105. Be to, sud\u0117tyje esantis vitaminas B6 padeda \u012fsisavinti magn\u012f.  <\/p>\n<p><img fetchpriority=\"high\" decoding=\"async\" class=\"alignright wp-image-15858 size-thumbnail\" src=\"https:\/\/toidupakk.ee\/wp-content\/uploads\/2023\/11\/magneesium-b6-2-500x500.jpeg\" alt=\"Magnis B6\" width=\"500\" height=\"500\" srcset=\"https:\/\/toidupakk.ee\/wp-content\/uploads\/2023\/11\/magneesium-b6-2-500x500.jpeg 500w, https:\/\/toidupakk.ee\/wp-content\/uploads\/2023\/11\/magneesium-b6-2-400x400.jpeg 400w, https:\/\/toidupakk.ee\/wp-content\/uploads\/2023\/11\/magneesium-b6-2-100x100.jpeg 100w\" sizes=\"(max-width: 500px) 100vw, 500px\" \/><\/p>\n<p>&nbsp;<\/p>\n<h2><strong>Magnis B6 \u2013 magnio tr\u016bkum\u0105 tavo organizme gali sukelti \u0161ie veiksniai:<\/strong><\/h2>\n<ul>\n<li>nesveika mityba,<\/li>\n<li>vir\u0161kinamojo trakto sutrikimai (kurie gali tur\u0117ti \u012ftakos magnio \u012fsisavinimui),<\/li>\n<li>tam tikri vaistai (pavyzd\u017eiui, diuretikai arba vaistai vir\u0161kinamojo trakto sutrikimams gydyti),<\/li>\n<li>padid\u0117j\u0119s organizmo magnio poreikis (pvz., d\u0117l n\u0117\u0161tumo ar intensyvaus fizinio kr\u016bvio),<\/li>\n<li>piktnaud\u017eiavimas alkoholiu,<\/li>\n<li>taip pat tam tikros ligos, pavyzd\u017eiui, diabetas ar inkst\u0173 ligos.<\/li>\n<\/ul>\n<p>Deja, didelio streso kupinas gyvenimo b\u016bdas taip pat gali padidinti magnio poreik\u012f ir potencialiai sukelti jo tr\u016bkum\u0105.<\/p>\n<p><strong>Magnis<\/strong> atlieka labai svarb\u0173 vaidmen\u012f organizme. Jis padeda palaikyti elektrolit\u0173 pusiausvyr\u0105, normali\u0105 energijos apykait\u0105, u\u017etikrinti skland\u017ei\u0105 nerv\u0173 sistemos ir psichologini\u0173 funkcij\u0173 veikl\u0105, palaikyti raumen\u0173 darb\u0105, prireikus \u2013 baltym\u0173 sintez\u0119 bei dalyvauti l\u0105steli\u0173 dalijimosi procese. Be to, magnis padeda i\u0161laikyti kaulus ir dantis sveikus bei ma\u017eina pavargimo jausm\u0105 ir nuovarg\u012f.  <\/p>\n<p><strong>Vitaminas B6<\/strong> palaiko energijos apykait\u0105, psichologines funkcijas, skland\u017ei\u0105 nerv\u0173 sistemos veikl\u0105, baltym\u0173 ir glikogeno apykait\u0105, normali\u0105 raudon\u0173j\u0173 kraujo k\u016bneli\u0173 gamyb\u0105 ir imunin\u0117s sistemos darb\u0105. Be to, jis padeda reguliuoti hormon\u0173 aktyvum\u0105 bei ma\u017einti pavargimo jausm\u0105 ir nuovarg\u012f. <\/p>\n<p><img decoding=\"async\" class=\"alignleft wp-image-15624 size-medium\" src=\"https:\/\/toidupakk.ee\/wp-content\/uploads\/2023\/11\/ICONFIT-kollageeni-pulber-liigestele-5-300x300.png\" alt=\"iconfit logotipas\" width=\"300\" height=\"300\" srcset=\"https:\/\/toidupakk.ee\/wp-content\/uploads\/2023\/11\/ICONFIT-kollageeni-pulber-liigestele-5-300x300.png 300w, https:\/\/toidupakk.ee\/wp-content\/uploads\/2023\/11\/ICONFIT-kollageeni-pulber-liigestele-5-400x400.png 400w, https:\/\/toidupakk.ee\/wp-content\/uploads\/2023\/11\/ICONFIT-kollageeni-pulber-liigestele-5-100x100.png 100w, https:\/\/toidupakk.ee\/wp-content\/uploads\/2023\/11\/ICONFIT-kollageeni-pulber-liigestele-5-500x500.png 500w, https:\/\/toidupakk.ee\/wp-content\/uploads\/2023\/11\/ICONFIT-kollageeni-pulber-liigestele-5-768x768.png 768w, https:\/\/toidupakk.ee\/wp-content\/uploads\/2023\/11\/ICONFIT-kollageeni-pulber-liigestele-5.png 800w\" sizes=\"(max-width: 300px) 100vw, 300px\" \/><\/p>\n<h2><\/h2>\n<h2>ICONFIT kokyb\u0117 ir r\u016bpestis<\/h2>\n<p>ICONFIT produktai sukurti Estijoje ir remiasi auk\u0161\u010diausiais<\/p>\n<p>Europos kokyb\u0117s standartais. Savo produktus kuriame kartu su mitybos specialistais, sportininkais ir maisto technologais. <\/p>\n<p>ICONFIT produktuose n\u0117ra nereikaling\u0173 dirbtini\u0173 stabilizatori\u0173, da\u017eikli\u0173 ar konservant\u0173. M\u016bs\u0173 klientai sugr\u012f\u017eta v\u0117l ir v\u0117l d\u0117l m\u016bs\u0173 kokyb\u0117s, grynumo ir puikaus skonio. <\/p>\n<p>&nbsp;<\/p>\n<p>&nbsp;<\/p>\n<p>Domiesi \u017eygio reikmenimis? Su\u017einok daugiau <a href=\"https:\/\/toidupakk.ee\/lt\/tootekategooria\/zygio-iranga\/#section-3-79\">\u010cIA<\/a><\/p>\n<p>O gal domina \u017eygio maistas? \u017di\u016br\u0117k <a href=\"https:\/\/toidupakk.ee\/lt\/tootekategooria\/pagrindiniai-patiekalai\/\">\u010cIA<\/a><\/p>\n<p>Pasisemk \u012fkv\u0117pimo kitiems nuotykiams \u201eToidupakk\u201c <a href=\"https:\/\/www.instagram.com\/toidupakk\/\">Instagram<\/a> ir <a href=\"https:\/\/www.facebook.com\/Toidupakk\/\">Facebook<\/a> paskyrose.<\/p>\n","protected":false},"excerpt":{"rendered":"<p class=\"my-1 text-base\">ICONFIT Magnis B6 yra <strong>kokybi\u0161kas maisto papildas<\/strong>, kurio sud\u0117tyje yra <strong>gerai \u012fsisavinamo magnio citrato<\/strong> ir <strong>vitamino B6<\/strong>. Produktas pasi\u017eymi <strong>daugybe privalum\u0173 palaikant nerv\u0173 sistem\u0105, energijos apykait\u0105, raumen\u0173 veikl\u0105 bei ma\u017einant nuovarg\u012f.<\/strong> <\/p>\n<ul class=\"my-1 list-disc pl-4\">\n<li class=\"my-1 text-base\">Palaiko <strong>normali\u0105 nerv\u0173 sistemos veikl\u0105 ir psichologines funkcijas<\/strong><\/li>\n<li class=\"my-1 text-base\">Padeda <strong>ma\u017einti pavargimo jausm\u0105 ir nuovarg\u012f<\/strong><\/li>\n<li class=\"my-1 text-base\">Pagaminta i\u0161 <strong>auk\u0161\u010diausios kokyb\u0117s augalini\u0173 kapsuli\u0173<\/strong><\/li>\n<li class=\"my-1 text-base\">Padeda palaikyti <strong>elektrolit\u0173 pusiausvyr\u0105<\/strong> ir <strong>u\u017etikrina normali\u0105 raumen\u0173 funkcij\u0105<\/strong><\/li>\n<li class=\"my-1 text-base\">Dalyvauja l\u0105steli\u0173 dalijimosi procese<\/li>\n<li class=\"my-1 text-base\"><strong>Pagaminta Estijoje<\/strong><\/li>\n<li class=\"my-1 text-base\">Pakuot\u0117je yra <strong>30 dien\u0173<\/strong> <strong>atsarga<\/strong><\/li>\n<li class=\"my-1 text-base\">Rekomenduojamas vartojimas: <strong>iki 3 kapsuli\u0173 per dien\u0105<\/strong><\/li>\n<\/ul>\n<p>\u2705 Turime sand\u0117lyje, greitas pristatymas per 1\u20133 darbo dienas<\/p>\n","protected":false},"featured_media":15857,"comment_status":"open","ping_status":"closed","template":"","meta":{"_acf_changed":false},"product_brand":[],"product_cat":[261,237,189,190],"product_tag":[],"class_list":{"0":"post-46971","1":"product","2":"type-product","3":"status-publish","4":"has-post-thumbnail","6":"product_cat-kapsules","7":"product_cat-maisto-papildai","8":"product_cat-zygio-iranga","9":"product_cat-zygio-prekes","11":"first","12":"instock","13":"taxable","14":"shipping-taxable","15":"purchasable","16":"product-type-simple"},"bundled_by":[],"bundle_stock_status":"instock","bundle_stock_quantity":12,"bundle_virtual":false,"bundle_layout":"","bundle_add_to_cart_form_location":"","bundle_editable_in_cart":false,"bundle_sold_individually_context":"","bundle_item_grouping":"","bundle_min_size":"","bundle_max_size":"","bundle_price":[],"bundled_items":[],"bundle_sell_ids":[],"acf":[],"yoast_head":"<!-- This site is optimized with the Yoast SEO plugin v27.3 - https:\/\/yoast.com\/product\/yoast-seo-wordpress\/ -->\n<title>Magnis B6 ICONFIT (90 kapsuli\u0173)<\/title>\n<meta name=\"description\" content=\"Magnis B6 palaiko nerv\u0173 sistemos veikl\u0105, padeda palaikyti normali\u0105 energijos apykait\u0105 bei raumen\u0173 funkcij\u0105 ir padeda ma\u017einti pavargimo jausm\u0105 bei nuovarg\u012f.\" \/>\n<meta name=\"robots\" content=\"index, follow, max-snippet:-1, max-image-preview:large, max-video-preview:-1\" \/>\n<link rel=\"canonical\" href=\"https:\/\/toidupakk.ee\/lt\/toode\/magnis-b6-iconfit-90-kapsuliu\/\" \/>\n<meta property=\"og:locale\" content=\"lt_LT\" \/>\n<meta property=\"og:type\" content=\"article\" \/>\n<meta property=\"og:title\" content=\"Magnis B6 ICONFIT (90 kapsuli\u0173)\" \/>\n<meta property=\"og:description\" content=\"Magnis B6 palaiko nerv\u0173 sistemos veikl\u0105, padeda palaikyti normali\u0105 energijos apykait\u0105 bei raumen\u0173 funkcij\u0105 ir padeda ma\u017einti pavargimo jausm\u0105 bei nuovarg\u012f.\" \/>\n<meta property=\"og:url\" content=\"https:\/\/toidupakk.ee\/lt\/toode\/magnis-b6-iconfit-90-kapsuliu\/\" \/>\n<meta property=\"og:site_name\" content=\"Toidupakk.ee - Tactical Foodpack toidupakid\" \/>\n<meta property=\"article:publisher\" content=\"https:\/\/www.facebook.com\/Toidupakk\" \/>\n<meta property=\"article:modified_time\" content=\"2026-04-14T08:00:32+00:00\" \/>\n<meta property=\"og:image\" content=\"https:\/\/toidupakk.ee\/wp-content\/uploads\/2023\/11\/4744130013924-ICONFIT-Magneesium-B6-375mg-N90-Transperent.png\" \/>\n\t<meta property=\"og:image:width\" content=\"1920\" \/>\n\t<meta property=\"og:image:height\" content=\"1920\" \/>\n\t<meta property=\"og:image:type\" content=\"image\/png\" \/>\n<meta name=\"twitter:card\" content=\"summary_large_image\" \/>\n<meta name=\"twitter:label1\" content=\"Est. reading time\" \/>\n\t<meta name=\"twitter:data1\" content=\"2 minut\u0117s\" \/>\n<script type=\"application\/ld+json\" class=\"yoast-schema-graph\">{\"@context\":\"https:\\\/\\\/schema.org\",\"@graph\":[{\"@type\":\"WebPage\",\"@id\":\"https:\\\/\\\/toidupakk.ee\\\/lt\\\/toode\\\/magnis-b6-iconfit-90-kapsuliu\\\/\",\"url\":\"https:\\\/\\\/toidupakk.ee\\\/lt\\\/toode\\\/magnis-b6-iconfit-90-kapsuliu\\\/\",\"name\":\"Magnis B6 ICONFIT (90 kapsuli\u0173)\",\"isPartOf\":{\"@id\":\"https:\\\/\\\/toidupakk.ee\\\/lt\\\/#website\"},\"primaryImageOfPage\":{\"@id\":\"https:\\\/\\\/toidupakk.ee\\\/lt\\\/toode\\\/magnis-b6-iconfit-90-kapsuliu\\\/#primaryimage\"},\"image\":{\"@id\":\"https:\\\/\\\/toidupakk.ee\\\/lt\\\/toode\\\/magnis-b6-iconfit-90-kapsuliu\\\/#primaryimage\"},\"thumbnailUrl\":\"https:\\\/\\\/toidupakk.ee\\\/wp-content\\\/uploads\\\/2023\\\/11\\\/4744130013924-ICONFIT-Magneesium-B6-375mg-N90-Transperent.png\",\"datePublished\":\"2023-11-20T14:52:59+00:00\",\"dateModified\":\"2026-04-14T08:00:32+00:00\",\"description\":\"Magnis B6 palaiko nerv\u0173 sistemos veikl\u0105, padeda palaikyti normali\u0105 energijos apykait\u0105 bei raumen\u0173 funkcij\u0105 ir padeda ma\u017einti pavargimo jausm\u0105 bei nuovarg\u012f.\",\"breadcrumb\":{\"@id\":\"https:\\\/\\\/toidupakk.ee\\\/lt\\\/toode\\\/magnis-b6-iconfit-90-kapsuliu\\\/#breadcrumb\"},\"inLanguage\":\"lt-LT\",\"potentialAction\":[{\"@type\":\"ReadAction\",\"target\":[\"https:\\\/\\\/toidupakk.ee\\\/lt\\\/toode\\\/magnis-b6-iconfit-90-kapsuliu\\\/\"]}]},{\"@type\":\"ImageObject\",\"inLanguage\":\"lt-LT\",\"@id\":\"https:\\\/\\\/toidupakk.ee\\\/lt\\\/toode\\\/magnis-b6-iconfit-90-kapsuliu\\\/#primaryimage\",\"url\":\"https:\\\/\\\/toidupakk.ee\\\/wp-content\\\/uploads\\\/2023\\\/11\\\/4744130013924-ICONFIT-Magneesium-B6-375mg-N90-Transperent.png\",\"contentUrl\":\"https:\\\/\\\/toidupakk.ee\\\/wp-content\\\/uploads\\\/2023\\\/11\\\/4744130013924-ICONFIT-Magneesium-B6-375mg-N90-Transperent.png\",\"width\":1920,\"height\":1920},{\"@type\":\"BreadcrumbList\",\"@id\":\"https:\\\/\\\/toidupakk.ee\\\/lt\\\/toode\\\/magnis-b6-iconfit-90-kapsuliu\\\/#breadcrumb\",\"itemListElement\":[{\"@type\":\"ListItem\",\"position\":1,\"name\":\"Avaleht\",\"item\":\"https:\\\/\\\/toidupakk.ee\\\/lt\\\/\"},{\"@type\":\"ListItem\",\"position\":2,\"name\":\"El. parduotuv\u0117\",\"item\":\"https:\\\/\\\/toidupakk.ee\\\/lt\\\/el-parduotuve\\\/\"},{\"@type\":\"ListItem\",\"position\":3,\"name\":\"Magnis B6 ICONFIT (90 kapsuli\u0173)\"}]},{\"@type\":\"WebSite\",\"@id\":\"https:\\\/\\\/toidupakk.ee\\\/lt\\\/#website\",\"url\":\"https:\\\/\\\/toidupakk.ee\\\/lt\\\/\",\"name\":\"Toidupakk.ee - Tactical Foodpack toidupakid\",\"description\":\"Tactical Foodpack k\u00fclmkuivatatud toidupakid ja matkaeined\",\"publisher\":{\"@id\":\"https:\\\/\\\/toidupakk.ee\\\/lt\\\/#organization\"},\"potentialAction\":[{\"@type\":\"SearchAction\",\"target\":{\"@type\":\"EntryPoint\",\"urlTemplate\":\"https:\\\/\\\/toidupakk.ee\\\/lt\\\/?s={search_term_string}\"},\"query-input\":{\"@type\":\"PropertyValueSpecification\",\"valueRequired\":true,\"valueName\":\"search_term_string\"}}],\"inLanguage\":\"lt-LT\"},{\"@type\":\"Organization\",\"@id\":\"https:\\\/\\\/toidupakk.ee\\\/lt\\\/#organization\",\"name\":\"Tactical Foodpack matkaeined\",\"url\":\"https:\\\/\\\/toidupakk.ee\\\/lt\\\/\",\"logo\":{\"@type\":\"ImageObject\",\"inLanguage\":\"lt-LT\",\"@id\":\"https:\\\/\\\/toidupakk.ee\\\/lt\\\/#\\\/schema\\\/logo\\\/image\\\/\",\"url\":\"https:\\\/\\\/toidupakk.ee\\\/wp-content\\\/uploads\\\/2022\\\/01\\\/Toidupakk-matkapood-logo-transparent.png\",\"contentUrl\":\"https:\\\/\\\/toidupakk.ee\\\/wp-content\\\/uploads\\\/2022\\\/01\\\/Toidupakk-matkapood-logo-transparent.png\",\"width\":500,\"height\":500,\"caption\":\"Tactical Foodpack matkaeined\"},\"image\":{\"@id\":\"https:\\\/\\\/toidupakk.ee\\\/lt\\\/#\\\/schema\\\/logo\\\/image\\\/\"},\"sameAs\":[\"https:\\\/\\\/www.facebook.com\\\/Toidupakk\",\"https:\\\/\\\/www.instagram.com\\\/toidupakk\\\/\"]}]}<\/script>\n<!-- \/ Yoast SEO plugin. -->","yoast_head_json":{"title":"Magnis B6 ICONFIT (90 kapsuli\u0173)","description":"Magnis B6 palaiko nerv\u0173 sistemos veikl\u0105, padeda palaikyti normali\u0105 energijos apykait\u0105 bei raumen\u0173 funkcij\u0105 ir padeda ma\u017einti pavargimo jausm\u0105 bei nuovarg\u012f.","robots":{"index":"index","follow":"follow","max-snippet":"max-snippet:-1","max-image-preview":"max-image-preview:large","max-video-preview":"max-video-preview:-1"},"canonical":"https:\/\/toidupakk.ee\/lt\/toode\/magnis-b6-iconfit-90-kapsuliu\/","og_locale":"lt_LT","og_type":"article","og_title":"Magnis B6 ICONFIT (90 kapsuli\u0173)","og_description":"Magnis B6 palaiko nerv\u0173 sistemos veikl\u0105, padeda palaikyti normali\u0105 energijos apykait\u0105 bei raumen\u0173 funkcij\u0105 ir padeda ma\u017einti pavargimo jausm\u0105 bei nuovarg\u012f.","og_url":"https:\/\/toidupakk.ee\/lt\/toode\/magnis-b6-iconfit-90-kapsuliu\/","og_site_name":"Toidupakk.ee - Tactical Foodpack toidupakid","article_publisher":"https:\/\/www.facebook.com\/Toidupakk","article_modified_time":"2026-04-14T08:00:32+00:00","og_image":[{"width":1920,"height":1920,"url":"https:\/\/toidupakk.ee\/wp-content\/uploads\/2023\/11\/4744130013924-ICONFIT-Magneesium-B6-375mg-N90-Transperent.png","type":"image\/png"}],"twitter_card":"summary_large_image","twitter_misc":{"Est. reading time":"2 minut\u0117s"},"schema":{"@context":"https:\/\/schema.org","@graph":[{"@type":"WebPage","@id":"https:\/\/toidupakk.ee\/lt\/toode\/magnis-b6-iconfit-90-kapsuliu\/","url":"https:\/\/toidupakk.ee\/lt\/toode\/magnis-b6-iconfit-90-kapsuliu\/","name":"Magnis B6 ICONFIT (90 kapsuli\u0173)","isPartOf":{"@id":"https:\/\/toidupakk.ee\/lt\/#website"},"primaryImageOfPage":{"@id":"https:\/\/toidupakk.ee\/lt\/toode\/magnis-b6-iconfit-90-kapsuliu\/#primaryimage"},"image":{"@id":"https:\/\/toidupakk.ee\/lt\/toode\/magnis-b6-iconfit-90-kapsuliu\/#primaryimage"},"thumbnailUrl":"https:\/\/toidupakk.ee\/wp-content\/uploads\/2023\/11\/4744130013924-ICONFIT-Magneesium-B6-375mg-N90-Transperent.png","datePublished":"2023-11-20T14:52:59+00:00","dateModified":"2026-04-14T08:00:32+00:00","description":"Magnis B6 palaiko nerv\u0173 sistemos veikl\u0105, padeda palaikyti normali\u0105 energijos apykait\u0105 bei raumen\u0173 funkcij\u0105 ir padeda ma\u017einti pavargimo jausm\u0105 bei nuovarg\u012f.","breadcrumb":{"@id":"https:\/\/toidupakk.ee\/lt\/toode\/magnis-b6-iconfit-90-kapsuliu\/#breadcrumb"},"inLanguage":"lt-LT","potentialAction":[{"@type":"ReadAction","target":["https:\/\/toidupakk.ee\/lt\/toode\/magnis-b6-iconfit-90-kapsuliu\/"]}]},{"@type":"ImageObject","inLanguage":"lt-LT","@id":"https:\/\/toidupakk.ee\/lt\/toode\/magnis-b6-iconfit-90-kapsuliu\/#primaryimage","url":"https:\/\/toidupakk.ee\/wp-content\/uploads\/2023\/11\/4744130013924-ICONFIT-Magneesium-B6-375mg-N90-Transperent.png","contentUrl":"https:\/\/toidupakk.ee\/wp-content\/uploads\/2023\/11\/4744130013924-ICONFIT-Magneesium-B6-375mg-N90-Transperent.png","width":1920,"height":1920},{"@type":"BreadcrumbList","@id":"https:\/\/toidupakk.ee\/lt\/toode\/magnis-b6-iconfit-90-kapsuliu\/#breadcrumb","itemListElement":[{"@type":"ListItem","position":1,"name":"Avaleht","item":"https:\/\/toidupakk.ee\/lt\/"},{"@type":"ListItem","position":2,"name":"El. parduotuv\u0117","item":"https:\/\/toidupakk.ee\/lt\/el-parduotuve\/"},{"@type":"ListItem","position":3,"name":"Magnis B6 ICONFIT (90 kapsuli\u0173)"}]},{"@type":"WebSite","@id":"https:\/\/toidupakk.ee\/lt\/#website","url":"https:\/\/toidupakk.ee\/lt\/","name":"Toidupakk.ee - Tactical Foodpack toidupakid","description":"Tactical Foodpack k\u00fclmkuivatatud toidupakid ja matkaeined","publisher":{"@id":"https:\/\/toidupakk.ee\/lt\/#organization"},"potentialAction":[{"@type":"SearchAction","target":{"@type":"EntryPoint","urlTemplate":"https:\/\/toidupakk.ee\/lt\/?s={search_term_string}"},"query-input":{"@type":"PropertyValueSpecification","valueRequired":true,"valueName":"search_term_string"}}],"inLanguage":"lt-LT"},{"@type":"Organization","@id":"https:\/\/toidupakk.ee\/lt\/#organization","name":"Tactical Foodpack matkaeined","url":"https:\/\/toidupakk.ee\/lt\/","logo":{"@type":"ImageObject","inLanguage":"lt-LT","@id":"https:\/\/toidupakk.ee\/lt\/#\/schema\/logo\/image\/","url":"https:\/\/toidupakk.ee\/wp-content\/uploads\/2022\/01\/Toidupakk-matkapood-logo-transparent.png","contentUrl":"https:\/\/toidupakk.ee\/wp-content\/uploads\/2022\/01\/Toidupakk-matkapood-logo-transparent.png","width":500,"height":500,"caption":"Tactical Foodpack matkaeined"},"image":{"@id":"https:\/\/toidupakk.ee\/lt\/#\/schema\/logo\/image\/"},"sameAs":["https:\/\/www.facebook.com\/Toidupakk","https:\/\/www.instagram.com\/toidupakk\/"]}]}},"jetpack_sharing_enabled":true,"_links":{"self":[{"href":"https:\/\/toidupakk.ee\/lt\/wp-json\/wp\/v2\/product\/46971","targetHints":{"allow":["GET"]}}],"collection":[{"href":"https:\/\/toidupakk.ee\/lt\/wp-json\/wp\/v2\/product"}],"about":[{"href":"https:\/\/toidupakk.ee\/lt\/wp-json\/wp\/v2\/types\/product"}],"replies":[{"embeddable":true,"href":"https:\/\/toidupakk.ee\/lt\/wp-json\/wp\/v2\/comments?post=46971"}],"wp:featuredmedia":[{"embeddable":true,"href":"https:\/\/toidupakk.ee\/lt\/wp-json\/wp\/v2\/media\/15857"}],"wp:attachment":[{"href":"https:\/\/toidupakk.ee\/lt\/wp-json\/wp\/v2\/media?parent=46971"}],"wp:term":[{"taxonomy":"product_brand","embeddable":true,"href":"https:\/\/toidupakk.ee\/lt\/wp-json\/wp\/v2\/product_brand?post=46971"},{"taxonomy":"product_cat","embeddable":true,"href":"https:\/\/toidupakk.ee\/lt\/wp-json\/wp\/v2\/product_cat?post=46971"},{"taxonomy":"product_tag","embeddable":true,"href":"https:\/\/toidupakk.ee\/lt\/wp-json\/wp\/v2\/product_tag?post=46971"}],"curies":[{"name":"wp","href":"https:\/\/api.w.org\/{rel}","templated":true}]}}