{"id":46968,"date":"2023-11-20T16:48:43","date_gmt":"2023-11-20T14:48:43","guid":{"rendered":"https:\/\/toidupakk.ee\/toode\/iconfit-kapsules-sanariams-90-kapsuliu\/"},"modified":"2026-04-16T08:30:25","modified_gmt":"2026-04-16T05:30:25","slug":"iconfit-kapsules-sanariams-90-kapsuliu","status":"publish","type":"product","link":"https:\/\/toidupakk.ee\/lt\/toode\/iconfit-kapsules-sanariams-90-kapsuliu\/","title":{"rendered":"ICONFIT kapsul\u0117s s\u0105nariams (90 kapsuli\u0173)"},"content":{"rendered":"<h1>ICONFIT S\u0104NARI\u0172 KAPSUL\u0116S \u2013 tavo s\u0105nari\u0173 atrama kasdieniams i\u0161\u0161\u016bkiams!<\/h1>\n<p class=\"my-1 text-base\"><strong>ICONFIT s\u0105nari\u0173 kapsul\u0117s yra maisto papildas, specialiai sukurtas s\u0105nari\u0173, kaul\u0173, jungiamojo audinio ir kremzli\u0173 sveikatai palaikyti. Produkto sud\u0117tyje yra devynios veiksmingos sudedamosios dalys, jis skirtas \u017emon\u0117ms, turintiems s\u0105nari\u0173 problem\u0173 arba tiems, kuriems reikia papildomos paramos s\u0105nari\u0173 gerovei u\u017etikrinti. Visos sudedamosios dalys yra auk\u0161\u010diausios kokyb\u0117s.  <\/strong><\/p>\n<p><img fetchpriority=\"high\" decoding=\"async\" class=\"alignright wp-image-15867 size-thumbnail\" src=\"https:\/\/toidupakk.ee\/wp-content\/uploads\/2023\/11\/4744130013412-ICONFIT-Liigeste-Kapslid-N90-transparent-500x500.png\" alt=\"\" width=\"500\" height=\"500\" srcset=\"https:\/\/toidupakk.ee\/wp-content\/uploads\/2023\/11\/4744130013412-ICONFIT-Liigeste-Kapslid-N90-transparent-500x500.png 500w, https:\/\/toidupakk.ee\/wp-content\/uploads\/2023\/11\/4744130013412-ICONFIT-Liigeste-Kapslid-N90-transparent-400x400.png 400w, https:\/\/toidupakk.ee\/wp-content\/uploads\/2023\/11\/4744130013412-ICONFIT-Liigeste-Kapslid-N90-transparent-100x100.png 100w, https:\/\/toidupakk.ee\/wp-content\/uploads\/2023\/11\/4744130013412-ICONFIT-Liigeste-Kapslid-N90-transparent-800x800.png 800w, https:\/\/toidupakk.ee\/wp-content\/uploads\/2023\/11\/4744130013412-ICONFIT-Liigeste-Kapslid-N90-transparent-300x300.png 300w, https:\/\/toidupakk.ee\/wp-content\/uploads\/2023\/11\/4744130013412-ICONFIT-Liigeste-Kapslid-N90-transparent-1024x1024.png 1024w, https:\/\/toidupakk.ee\/wp-content\/uploads\/2023\/11\/4744130013412-ICONFIT-Liigeste-Kapslid-N90-transparent-768x768.png 768w, https:\/\/toidupakk.ee\/wp-content\/uploads\/2023\/11\/4744130013412-ICONFIT-Liigeste-Kapslid-N90-transparent-1536x1536.png 1536w, https:\/\/toidupakk.ee\/wp-content\/uploads\/2023\/11\/4744130013412-ICONFIT-Liigeste-Kapslid-N90-transparent.png 1920w\" sizes=\"(max-width: 500px) 100vw, 500px\" \/><\/p>\n<p class=\"my-1 text-base\">Kapsuli\u0173 sud\u0117tyje yra <strong>gliukozamino<\/strong> ir <strong>chondroitino<\/strong>, kurie yra svarb\u016bs sausgysli\u0173, kremzli\u0173 ir s\u0105nari\u0173 skys\u010dio susidarymui. Taip pat produkto sud\u0117tyje yra <strong>indi\u0161kojo smilkalinio med\u017eio<\/strong> (Boswellia serrata) ekstrakto, kuris palaiko s\u0105nari\u0173 sveikat\u0105, lankstum\u0105 ir elastingum\u0105. <strong>Cinkas<\/strong> ir <strong>manganas<\/strong> padeda palaikyti normali\u0105 kaul\u0173 b\u016bkl\u0119, o manganas taip pat skatina normal\u0173 jungiamojo audinio susidarym\u0105. <strong>Vitaminas C<\/strong> padeda palaikyti normal\u0173 kolageno, kuris reikalingas normaliai kaul\u0173 ir kremzli\u0173 funkcijai, susidarym\u0105. Be to, <strong>hialurono r\u016bg\u0161tis<\/strong> veikia kaip s\u0105nari\u0173 tepalas ir apsaugin\u0117 pagalv\u0117l\u0117, o <strong>MSM<\/strong> yra organinis sieros junginys, \u017einomas kaip parama s\u0105nariams. <strong>Vienoje pakuot\u0117je yra 90 kapsuli\u0173.<\/strong>  <\/p>\n<p class=\"my-1 text-base\">S\u0105nariai, kaulai, raumenys, sausgysl\u0117s, rai\u0161\u010diai ir jungiamasis audinis sudaro m\u016bs\u0173 jud\u0117jimo aparat\u0105, kuris suteikia k\u016bnui atram\u0105 ir leid\u017eia mums jud\u0117ti. Viskas, kas juda, d\u0117visi, tad kaulai ir s\u0105nariai \u2013 ne i\u0161imtis; nusid\u0117v\u0117jim\u0105 gali sukelti sen\u0117jimas, traumos ir tam tikros ligos. <\/p>\n<p class=\"my-1 text-base\"><strong>Gliukozaminas<\/strong> ir <strong>chondroitinas<\/strong> yra svarbios kremzli\u0173 statybin\u0117s med\u017eiagos ir s\u0105narius palaikan\u010dios strukt\u016bros.<\/p>\n<p class=\"my-1 text-base\"><strong>Hialurono r\u016bg\u0161tis<\/strong> yra nat\u016braliai organizme randama med\u017eiaga, kurios dideli kiekiai susikaup\u0119 s\u0105nariuose; ji veikia kaip s\u0105nari\u0173 tepalas ir amortizatorius, tod\u0117l yra svarbi palaikant s\u0105nari\u0173 audinio sveikat\u0105.<\/p>\n<p class=\"my-1 text-base\"><strong>Bosvelijos (indi\u0161kojo smilkalinio med\u017eio)<\/strong> ekstraktas \u017einomas d\u0117l skausm\u0105 mal\u0161inan\u010dio ir u\u017edegim\u0105 slopinan\u010dio poveikio, o m\u016bs\u0173 produkte esan\u010dios bosvelijos r\u016bg\u0161ties kiekis siekia 65 %.<\/p>\n<p class=\"my-1 text-base\"><strong>Manganas<\/strong> ir <strong>cinkas<\/strong> padeda palaikyti normali\u0105 kaul\u0173 b\u016bkl\u0119, o manganas taip pat skatina normal\u0173 jungiamojo audinio susidarym\u0105.<\/p>\n<p class=\"my-1 text-base\"><strong>Vitaminas C<\/strong> padeda palaikyti normal\u0173 kolageno, kuris reikalingas normaliai kaul\u0173 ir kremzli\u0173 funkcijai, susidarym\u0105.<\/p>\n<p class=\"my-1 text-base\"> <strong> MSM<\/strong> yra organinis sieros junginys, nat\u016braliai randamas augaluose, gyv\u016bnuose ir \u017emogaus organizme. Jis i\u0161 esm\u0117s skiriasi nuo MMS. <\/p>\n<p><img decoding=\"async\" class=\"alignleft wp-image-15624 size-medium\" src=\"https:\/\/toidupakk.ee\/wp-content\/uploads\/2023\/11\/ICONFIT-kollageeni-pulber-liigestele-5-300x300.png\" alt=\"iconfit logotipas\" width=\"300\" height=\"300\" srcset=\"https:\/\/toidupakk.ee\/wp-content\/uploads\/2023\/11\/ICONFIT-kollageeni-pulber-liigestele-5-300x300.png 300w, https:\/\/toidupakk.ee\/wp-content\/uploads\/2023\/11\/ICONFIT-kollageeni-pulber-liigestele-5-400x400.png 400w, https:\/\/toidupakk.ee\/wp-content\/uploads\/2023\/11\/ICONFIT-kollageeni-pulber-liigestele-5-100x100.png 100w, https:\/\/toidupakk.ee\/wp-content\/uploads\/2023\/11\/ICONFIT-kollageeni-pulber-liigestele-5-500x500.png 500w, https:\/\/toidupakk.ee\/wp-content\/uploads\/2023\/11\/ICONFIT-kollageeni-pulber-liigestele-5-768x768.png 768w, https:\/\/toidupakk.ee\/wp-content\/uploads\/2023\/11\/ICONFIT-kollageeni-pulber-liigestele-5.png 800w\" sizes=\"(max-width: 300px) 100vw, 300px\" \/><\/p>\n<h2><\/h2>\n<h2>ICONFIT kokyb\u0117 ir r\u016bpestis<\/h2>\n<p>ICONFIT produktai sukurti Estijoje ir remiasi auk\u0161\u010diausiais<\/p>\n<p>Europos kokyb\u0117s standartais. Savo produktus kuriame kartu su mitybos specialistais, sportininkais ir maisto technologais. <\/p>\n<p>ICONFIT produktuose n\u0117ra nereikaling\u0173 dirbtini\u0173 stabilizatori\u0173, da\u017eikli\u0173 ar konservant\u0173. M\u016bs\u0173 klientai gr\u012f\u017eta v\u0117l ir v\u0117l d\u0117l m\u016bs\u0173 kokyb\u0117s, grynumo ir gero skonio. <\/p>\n<p>&nbsp;<\/p>\n<p>&nbsp;<\/p>\n<p>Domiesi \u017eygio reikmenimis? Su\u017einok daugiau <a href=\"https:\/\/toidupakk.ee\/lt\/tootekategooria\/zygio-iranga\/#section-3-79\">\u010cIA<\/a><\/p>\n<p>O gal domina maistas \u017eygiams? \u017di\u016br\u0117k <a href=\"https:\/\/toidupakk.ee\/lt\/tootekategooria\/pagrindiniai-patiekalai\/\">\u010cIA<\/a><\/p>\n<p>Pasisemk \u012fkv\u0117pimo kitiems nuotykiams \u201eToidupakk\u201c <a href=\"https:\/\/www.instagram.com\/toidupakk\/\">Instagram<\/a> ir <a href=\"https:\/\/www.facebook.com\/Toidupakk\/\">Facebook<\/a> paskyrose.<\/p>\n","protected":false},"excerpt":{"rendered":"<p>ICONFIT s\u0105nari\u0173 kapsul\u0117s <strong>sukurtos palaikyti s\u0105nari\u0173, kaul\u0173, jungiamojo audinio ir kremzli\u0173 sveikat\u0105<\/strong>. Produkto sud\u0117tyje <strong>yra devynios<\/strong> <strong>veiksmingos med\u017eiagos<\/strong>, jis skirtas tiems, kurie ken\u010dia nuo s\u0105nari\u0173 problem\u0173 arba kuriems reikia paramos s\u0105nariams. Produktas  <\/p>\n<ul>\n<li>sud\u0117tyje turi <strong>gliukozamino<\/strong> ir <strong>chondroitino<\/strong>, kurie yra svarb\u016bs sausgysli\u0173, kremzli\u0173 ir s\u0105nari\u0173 skys\u010dio susidarymui.<\/li>\n<li><strong>Indi\u0161kojo smilkalinio med\u017eio ekstraktas<\/strong> padeda i\u0161laikyti s\u0105nari\u0173 sveikat\u0105, lankstum\u0105 ir elastingum\u0105.<\/li>\n<li><strong>Cinkas<\/strong> ir <strong>manganas<\/strong> padeda palaikyti normali\u0105 kaul\u0173 b\u016bkl\u0119, o manganas skatina normal\u0173 jungiamojo audinio susidarym\u0105.<\/li>\n<li><strong>Vitaminas C<\/strong> padeda palaikyti normal\u0173 kolageno susidarym\u0105, kuris svarbus tinkamai kaul\u0173 ir kremzli\u0173 funkcijai.<\/li>\n<li><strong>hialurono r\u016bg\u0161tis <\/strong>veikia kaip s\u0105nari\u0173 tepalas ir apsaugin\u0117 pagalv\u0117l\u0117<\/li>\n<li><strong>MSM<\/strong> yra organinis sieros junginys, \u017einomas kaip parama s\u0105nariams.<\/li>\n<li>Vienoje pakuot\u0117je yra <strong>90 kapsuli\u0173<\/strong>.<\/li>\n<\/ul>\n<p>\u2705 Turime sand\u0117lyje, greitas pristatymas per 1\u20133 darbo dienas<\/p>\n","protected":false},"featured_media":15867,"comment_status":"open","ping_status":"closed","template":"","meta":{"_acf_changed":false},"product_brand":[],"product_cat":[261,237,189,190],"product_tag":[],"class_list":{"0":"post-46968","1":"product","2":"type-product","3":"status-publish","4":"has-post-thumbnail","6":"product_cat-kapsules","7":"product_cat-maisto-papildai","8":"product_cat-zygio-iranga","9":"product_cat-zygio-prekes","11":"first","12":"instock","13":"taxable","14":"shipping-taxable","15":"purchasable","16":"product-type-simple"},"bundled_by":[],"bundle_stock_status":"instock","bundle_stock_quantity":4,"bundle_virtual":false,"bundle_layout":"","bundle_add_to_cart_form_location":"","bundle_editable_in_cart":false,"bundle_sold_individually_context":"","bundle_item_grouping":"","bundle_min_size":"","bundle_max_size":"","bundle_price":[],"bundled_items":[],"bundle_sell_ids":[],"acf":[],"yoast_head":"<!-- This site is optimized with the Yoast SEO plugin v27.3 - https:\/\/yoast.com\/product\/yoast-seo-wordpress\/ -->\n<title>ICONFIT kapsul\u0117s s\u0105nariams (90 kapsuli\u0173)<\/title>\n<meta name=\"description\" content=\"S\u0105nari\u0173 kapsul\u0117s \u2013 tai auk\u0161tos kokyb\u0117s maisto papildas, skirtas palaikyti s\u0105nari\u0173, kaul\u0173 ir kremzli\u0173 sveikat\u0105 bei kasdien saugoti tavo s\u0105narius.\" \/>\n<meta name=\"robots\" content=\"index, follow, max-snippet:-1, max-image-preview:large, max-video-preview:-1\" \/>\n<link rel=\"canonical\" href=\"https:\/\/toidupakk.ee\/lt\/toode\/iconfit-kapsules-sanariams-90-kapsuliu\/\" \/>\n<meta property=\"og:locale\" content=\"lt_LT\" \/>\n<meta property=\"og:type\" content=\"article\" \/>\n<meta property=\"og:title\" content=\"ICONFIT kapsul\u0117s s\u0105nariams (90 kapsuli\u0173)\" \/>\n<meta property=\"og:description\" content=\"S\u0105nari\u0173 kapsul\u0117s \u2013 tai auk\u0161tos kokyb\u0117s maisto papildas, skirtas palaikyti s\u0105nari\u0173, kaul\u0173 ir kremzli\u0173 sveikat\u0105 bei kasdien saugoti tavo s\u0105narius.\" \/>\n<meta property=\"og:url\" content=\"https:\/\/toidupakk.ee\/lt\/toode\/iconfit-kapsules-sanariams-90-kapsuliu\/\" \/>\n<meta property=\"og:site_name\" content=\"Toidupakk.ee - Tactical Foodpack toidupakid\" \/>\n<meta property=\"article:publisher\" content=\"https:\/\/www.facebook.com\/Toidupakk\" \/>\n<meta property=\"article:modified_time\" content=\"2026-04-16T05:30:25+00:00\" \/>\n<meta property=\"og:image\" content=\"https:\/\/toidupakk.ee\/wp-content\/uploads\/2023\/11\/4744130013412-ICONFIT-Liigeste-Kapslid-N90-transparent.png\" \/>\n\t<meta property=\"og:image:width\" content=\"1920\" \/>\n\t<meta property=\"og:image:height\" content=\"1920\" \/>\n\t<meta property=\"og:image:type\" content=\"image\/png\" \/>\n<meta name=\"twitter:card\" content=\"summary_large_image\" \/>\n<meta name=\"twitter:label1\" content=\"Est. reading time\" \/>\n\t<meta name=\"twitter:data1\" content=\"2 minut\u0117s\" \/>\n<script type=\"application\/ld+json\" class=\"yoast-schema-graph\">{\"@context\":\"https:\\\/\\\/schema.org\",\"@graph\":[{\"@type\":\"WebPage\",\"@id\":\"https:\\\/\\\/toidupakk.ee\\\/lt\\\/toode\\\/iconfit-kapsules-sanariams-90-kapsuliu\\\/\",\"url\":\"https:\\\/\\\/toidupakk.ee\\\/lt\\\/toode\\\/iconfit-kapsules-sanariams-90-kapsuliu\\\/\",\"name\":\"ICONFIT kapsul\u0117s s\u0105nariams (90 kapsuli\u0173)\",\"isPartOf\":{\"@id\":\"https:\\\/\\\/toidupakk.ee\\\/lt\\\/#website\"},\"primaryImageOfPage\":{\"@id\":\"https:\\\/\\\/toidupakk.ee\\\/lt\\\/toode\\\/iconfit-kapsules-sanariams-90-kapsuliu\\\/#primaryimage\"},\"image\":{\"@id\":\"https:\\\/\\\/toidupakk.ee\\\/lt\\\/toode\\\/iconfit-kapsules-sanariams-90-kapsuliu\\\/#primaryimage\"},\"thumbnailUrl\":\"https:\\\/\\\/toidupakk.ee\\\/wp-content\\\/uploads\\\/2023\\\/11\\\/4744130013412-ICONFIT-Liigeste-Kapslid-N90-transparent.png\",\"datePublished\":\"2023-11-20T14:48:43+00:00\",\"dateModified\":\"2026-04-16T05:30:25+00:00\",\"description\":\"S\u0105nari\u0173 kapsul\u0117s \u2013 tai auk\u0161tos kokyb\u0117s maisto papildas, skirtas palaikyti s\u0105nari\u0173, kaul\u0173 ir kremzli\u0173 sveikat\u0105 bei kasdien saugoti tavo s\u0105narius.\",\"breadcrumb\":{\"@id\":\"https:\\\/\\\/toidupakk.ee\\\/lt\\\/toode\\\/iconfit-kapsules-sanariams-90-kapsuliu\\\/#breadcrumb\"},\"inLanguage\":\"lt-LT\",\"potentialAction\":[{\"@type\":\"ReadAction\",\"target\":[\"https:\\\/\\\/toidupakk.ee\\\/lt\\\/toode\\\/iconfit-kapsules-sanariams-90-kapsuliu\\\/\"]}]},{\"@type\":\"ImageObject\",\"inLanguage\":\"lt-LT\",\"@id\":\"https:\\\/\\\/toidupakk.ee\\\/lt\\\/toode\\\/iconfit-kapsules-sanariams-90-kapsuliu\\\/#primaryimage\",\"url\":\"https:\\\/\\\/toidupakk.ee\\\/wp-content\\\/uploads\\\/2023\\\/11\\\/4744130013412-ICONFIT-Liigeste-Kapslid-N90-transparent.png\",\"contentUrl\":\"https:\\\/\\\/toidupakk.ee\\\/wp-content\\\/uploads\\\/2023\\\/11\\\/4744130013412-ICONFIT-Liigeste-Kapslid-N90-transparent.png\",\"width\":1920,\"height\":1920},{\"@type\":\"BreadcrumbList\",\"@id\":\"https:\\\/\\\/toidupakk.ee\\\/lt\\\/toode\\\/iconfit-kapsules-sanariams-90-kapsuliu\\\/#breadcrumb\",\"itemListElement\":[{\"@type\":\"ListItem\",\"position\":1,\"name\":\"Avaleht\",\"item\":\"https:\\\/\\\/toidupakk.ee\\\/lt\\\/\"},{\"@type\":\"ListItem\",\"position\":2,\"name\":\"El. parduotuv\u0117\",\"item\":\"https:\\\/\\\/toidupakk.ee\\\/lt\\\/el-parduotuve\\\/\"},{\"@type\":\"ListItem\",\"position\":3,\"name\":\"ICONFIT kapsul\u0117s s\u0105nariams (90 kapsuli\u0173)\"}]},{\"@type\":\"WebSite\",\"@id\":\"https:\\\/\\\/toidupakk.ee\\\/lt\\\/#website\",\"url\":\"https:\\\/\\\/toidupakk.ee\\\/lt\\\/\",\"name\":\"Toidupakk.ee - Tactical Foodpack toidupakid\",\"description\":\"Tactical Foodpack k\u00fclmkuivatatud toidupakid ja matkaeined\",\"publisher\":{\"@id\":\"https:\\\/\\\/toidupakk.ee\\\/lt\\\/#organization\"},\"potentialAction\":[{\"@type\":\"SearchAction\",\"target\":{\"@type\":\"EntryPoint\",\"urlTemplate\":\"https:\\\/\\\/toidupakk.ee\\\/lt\\\/?s={search_term_string}\"},\"query-input\":{\"@type\":\"PropertyValueSpecification\",\"valueRequired\":true,\"valueName\":\"search_term_string\"}}],\"inLanguage\":\"lt-LT\"},{\"@type\":\"Organization\",\"@id\":\"https:\\\/\\\/toidupakk.ee\\\/lt\\\/#organization\",\"name\":\"Tactical Foodpack matkaeined\",\"url\":\"https:\\\/\\\/toidupakk.ee\\\/lt\\\/\",\"logo\":{\"@type\":\"ImageObject\",\"inLanguage\":\"lt-LT\",\"@id\":\"https:\\\/\\\/toidupakk.ee\\\/lt\\\/#\\\/schema\\\/logo\\\/image\\\/\",\"url\":\"https:\\\/\\\/toidupakk.ee\\\/wp-content\\\/uploads\\\/2022\\\/01\\\/Toidupakk-matkapood-logo-transparent.png\",\"contentUrl\":\"https:\\\/\\\/toidupakk.ee\\\/wp-content\\\/uploads\\\/2022\\\/01\\\/Toidupakk-matkapood-logo-transparent.png\",\"width\":500,\"height\":500,\"caption\":\"Tactical Foodpack matkaeined\"},\"image\":{\"@id\":\"https:\\\/\\\/toidupakk.ee\\\/lt\\\/#\\\/schema\\\/logo\\\/image\\\/\"},\"sameAs\":[\"https:\\\/\\\/www.facebook.com\\\/Toidupakk\",\"https:\\\/\\\/www.instagram.com\\\/toidupakk\\\/\"]}]}<\/script>\n<!-- \/ Yoast SEO plugin. -->","yoast_head_json":{"title":"ICONFIT kapsul\u0117s s\u0105nariams (90 kapsuli\u0173)","description":"S\u0105nari\u0173 kapsul\u0117s \u2013 tai auk\u0161tos kokyb\u0117s maisto papildas, skirtas palaikyti s\u0105nari\u0173, kaul\u0173 ir kremzli\u0173 sveikat\u0105 bei kasdien saugoti tavo s\u0105narius.","robots":{"index":"index","follow":"follow","max-snippet":"max-snippet:-1","max-image-preview":"max-image-preview:large","max-video-preview":"max-video-preview:-1"},"canonical":"https:\/\/toidupakk.ee\/lt\/toode\/iconfit-kapsules-sanariams-90-kapsuliu\/","og_locale":"lt_LT","og_type":"article","og_title":"ICONFIT kapsul\u0117s s\u0105nariams (90 kapsuli\u0173)","og_description":"S\u0105nari\u0173 kapsul\u0117s \u2013 tai auk\u0161tos kokyb\u0117s maisto papildas, skirtas palaikyti s\u0105nari\u0173, kaul\u0173 ir kremzli\u0173 sveikat\u0105 bei kasdien saugoti tavo s\u0105narius.","og_url":"https:\/\/toidupakk.ee\/lt\/toode\/iconfit-kapsules-sanariams-90-kapsuliu\/","og_site_name":"Toidupakk.ee - Tactical Foodpack toidupakid","article_publisher":"https:\/\/www.facebook.com\/Toidupakk","article_modified_time":"2026-04-16T05:30:25+00:00","og_image":[{"width":1920,"height":1920,"url":"https:\/\/toidupakk.ee\/wp-content\/uploads\/2023\/11\/4744130013412-ICONFIT-Liigeste-Kapslid-N90-transparent.png","type":"image\/png"}],"twitter_card":"summary_large_image","twitter_misc":{"Est. reading time":"2 minut\u0117s"},"schema":{"@context":"https:\/\/schema.org","@graph":[{"@type":"WebPage","@id":"https:\/\/toidupakk.ee\/lt\/toode\/iconfit-kapsules-sanariams-90-kapsuliu\/","url":"https:\/\/toidupakk.ee\/lt\/toode\/iconfit-kapsules-sanariams-90-kapsuliu\/","name":"ICONFIT kapsul\u0117s s\u0105nariams (90 kapsuli\u0173)","isPartOf":{"@id":"https:\/\/toidupakk.ee\/lt\/#website"},"primaryImageOfPage":{"@id":"https:\/\/toidupakk.ee\/lt\/toode\/iconfit-kapsules-sanariams-90-kapsuliu\/#primaryimage"},"image":{"@id":"https:\/\/toidupakk.ee\/lt\/toode\/iconfit-kapsules-sanariams-90-kapsuliu\/#primaryimage"},"thumbnailUrl":"https:\/\/toidupakk.ee\/wp-content\/uploads\/2023\/11\/4744130013412-ICONFIT-Liigeste-Kapslid-N90-transparent.png","datePublished":"2023-11-20T14:48:43+00:00","dateModified":"2026-04-16T05:30:25+00:00","description":"S\u0105nari\u0173 kapsul\u0117s \u2013 tai auk\u0161tos kokyb\u0117s maisto papildas, skirtas palaikyti s\u0105nari\u0173, kaul\u0173 ir kremzli\u0173 sveikat\u0105 bei kasdien saugoti tavo s\u0105narius.","breadcrumb":{"@id":"https:\/\/toidupakk.ee\/lt\/toode\/iconfit-kapsules-sanariams-90-kapsuliu\/#breadcrumb"},"inLanguage":"lt-LT","potentialAction":[{"@type":"ReadAction","target":["https:\/\/toidupakk.ee\/lt\/toode\/iconfit-kapsules-sanariams-90-kapsuliu\/"]}]},{"@type":"ImageObject","inLanguage":"lt-LT","@id":"https:\/\/toidupakk.ee\/lt\/toode\/iconfit-kapsules-sanariams-90-kapsuliu\/#primaryimage","url":"https:\/\/toidupakk.ee\/wp-content\/uploads\/2023\/11\/4744130013412-ICONFIT-Liigeste-Kapslid-N90-transparent.png","contentUrl":"https:\/\/toidupakk.ee\/wp-content\/uploads\/2023\/11\/4744130013412-ICONFIT-Liigeste-Kapslid-N90-transparent.png","width":1920,"height":1920},{"@type":"BreadcrumbList","@id":"https:\/\/toidupakk.ee\/lt\/toode\/iconfit-kapsules-sanariams-90-kapsuliu\/#breadcrumb","itemListElement":[{"@type":"ListItem","position":1,"name":"Avaleht","item":"https:\/\/toidupakk.ee\/lt\/"},{"@type":"ListItem","position":2,"name":"El. parduotuv\u0117","item":"https:\/\/toidupakk.ee\/lt\/el-parduotuve\/"},{"@type":"ListItem","position":3,"name":"ICONFIT kapsul\u0117s s\u0105nariams (90 kapsuli\u0173)"}]},{"@type":"WebSite","@id":"https:\/\/toidupakk.ee\/lt\/#website","url":"https:\/\/toidupakk.ee\/lt\/","name":"Toidupakk.ee - Tactical Foodpack toidupakid","description":"Tactical Foodpack k\u00fclmkuivatatud toidupakid ja matkaeined","publisher":{"@id":"https:\/\/toidupakk.ee\/lt\/#organization"},"potentialAction":[{"@type":"SearchAction","target":{"@type":"EntryPoint","urlTemplate":"https:\/\/toidupakk.ee\/lt\/?s={search_term_string}"},"query-input":{"@type":"PropertyValueSpecification","valueRequired":true,"valueName":"search_term_string"}}],"inLanguage":"lt-LT"},{"@type":"Organization","@id":"https:\/\/toidupakk.ee\/lt\/#organization","name":"Tactical Foodpack matkaeined","url":"https:\/\/toidupakk.ee\/lt\/","logo":{"@type":"ImageObject","inLanguage":"lt-LT","@id":"https:\/\/toidupakk.ee\/lt\/#\/schema\/logo\/image\/","url":"https:\/\/toidupakk.ee\/wp-content\/uploads\/2022\/01\/Toidupakk-matkapood-logo-transparent.png","contentUrl":"https:\/\/toidupakk.ee\/wp-content\/uploads\/2022\/01\/Toidupakk-matkapood-logo-transparent.png","width":500,"height":500,"caption":"Tactical Foodpack matkaeined"},"image":{"@id":"https:\/\/toidupakk.ee\/lt\/#\/schema\/logo\/image\/"},"sameAs":["https:\/\/www.facebook.com\/Toidupakk","https:\/\/www.instagram.com\/toidupakk\/"]}]}},"jetpack_sharing_enabled":true,"_links":{"self":[{"href":"https:\/\/toidupakk.ee\/lt\/wp-json\/wp\/v2\/product\/46968","targetHints":{"allow":["GET"]}}],"collection":[{"href":"https:\/\/toidupakk.ee\/lt\/wp-json\/wp\/v2\/product"}],"about":[{"href":"https:\/\/toidupakk.ee\/lt\/wp-json\/wp\/v2\/types\/product"}],"replies":[{"embeddable":true,"href":"https:\/\/toidupakk.ee\/lt\/wp-json\/wp\/v2\/comments?post=46968"}],"wp:featuredmedia":[{"embeddable":true,"href":"https:\/\/toidupakk.ee\/lt\/wp-json\/wp\/v2\/media\/15867"}],"wp:attachment":[{"href":"https:\/\/toidupakk.ee\/lt\/wp-json\/wp\/v2\/media?parent=46968"}],"wp:term":[{"taxonomy":"product_brand","embeddable":true,"href":"https:\/\/toidupakk.ee\/lt\/wp-json\/wp\/v2\/product_brand?post=46968"},{"taxonomy":"product_cat","embeddable":true,"href":"https:\/\/toidupakk.ee\/lt\/wp-json\/wp\/v2\/product_cat?post=46968"},{"taxonomy":"product_tag","embeddable":true,"href":"https:\/\/toidupakk.ee\/lt\/wp-json\/wp\/v2\/product_tag?post=46968"}],"curies":[{"name":"wp","href":"https:\/\/api.w.org\/{rel}","templated":true}]}}