{"id":46966,"date":"2023-11-20T16:44:35","date_gmt":"2023-11-20T14:44:35","guid":{"rendered":"https:\/\/toidupakk.ee\/toode\/vitaminas-c-nerugstinis-iconfit-90-kapsuliu\/"},"modified":"2026-04-29T21:00:45","modified_gmt":"2026-04-29T18:00:45","slug":"vitaminas-c-nerugstinis-iconfit-90-kapsuliu","status":"publish","type":"product","link":"https:\/\/toidupakk.ee\/lt\/toode\/vitaminas-c-nerugstinis-iconfit-90-kapsuliu\/","title":{"rendered":"Vitaminas C \u2013 ner\u016bg\u0161tinis ICONFIT (90 kapsuli\u0173)"},"content":{"rendered":"<h1><img fetchpriority=\"high\" decoding=\"async\" class=\"alignright wp-image-15787 size-thumbnail\" style=\"font-size: 16px; font-weight: 400;\" src=\"https:\/\/toidupakk.ee\/wp-content\/uploads\/2023\/11\/iconfit-c-vitamiin-500x500.png\" alt=\"ICONFIT vitaminas C\" width=\"500\" height=\"500\" srcset=\"https:\/\/toidupakk.ee\/wp-content\/uploads\/2023\/11\/iconfit-c-vitamiin-500x500.png 500w, https:\/\/toidupakk.ee\/wp-content\/uploads\/2023\/11\/iconfit-c-vitamiin-400x400.png 400w, https:\/\/toidupakk.ee\/wp-content\/uploads\/2023\/11\/iconfit-c-vitamiin-100x100.png 100w, https:\/\/toidupakk.ee\/wp-content\/uploads\/2023\/11\/iconfit-c-vitamiin-800x800.png 800w, https:\/\/toidupakk.ee\/wp-content\/uploads\/2023\/11\/iconfit-c-vitamiin-300x300.png 300w, https:\/\/toidupakk.ee\/wp-content\/uploads\/2023\/11\/iconfit-c-vitamiin-1024x1024.png 1024w, https:\/\/toidupakk.ee\/wp-content\/uploads\/2023\/11\/iconfit-c-vitamiin-768x768.png 768w, https:\/\/toidupakk.ee\/wp-content\/uploads\/2023\/11\/iconfit-c-vitamiin-1536x1536.png 1536w, https:\/\/toidupakk.ee\/wp-content\/uploads\/2023\/11\/iconfit-c-vitamiin-2048x2048.png 2048w, https:\/\/toidupakk.ee\/wp-content\/uploads\/2023\/11\/iconfit-c-vitamiin.png 1920w\" sizes=\"(max-width: 500px) 100vw, 500px\" \/><\/h1>\n<h1>ICONFIT vitaminas C, ner\u016bg\u0161tinis \u2013 kokybi\u0161kas maisto papildas<\/h1>\n<p><strong>ICONFIT vitaminas C yra svarbus maisto papildas, kuris palaiko imunin\u0119 sistem\u0105, padeda ma\u017einti pavargimo jausm\u0105 bei nuovarg\u012f, prisideda prie normalios nerv\u0173 sistemos veiklos, energijos apykaitos ir l\u0105steli\u0173 apsaugos nuo oksidacin\u0117s pa\u017eaidos.<\/strong><\/p>\n<p class=\"my-1 text-base\">Svarbu pamin\u0117ti, kad \u017emogaus organizmas pats vitamino C negamina, tod\u0117l b\u016btina u\u017etikrinti pakankam\u0105 jo kiek\u012f su maistu ar papildais.<\/p>\n<p class=\"my-1 text-base\">ICONFIT vitamino C papildas yra ner\u016bg\u0161tin\u0117s ir \u0161velnios sud\u0117ties, kuri u\u017etikrina lengv\u0105 vir\u0161kinim\u0105 ir ma\u017eina vir\u0161kinamojo trakto dirginim\u0105. Be to, jame n\u0117ra dirbtini\u0173 pried\u0173, chemikal\u0173, konservant\u0173 ar da\u017eikli\u0173, jis yra be GMO. Vienoje pakuot\u0117je yra 90 kapsuli\u0173, kuri\u0173 u\u017eteks 45 dienoms, vartojant po 2 kapsules per dien\u0105 u\u017esigeriant vandeniu. ICONFIT vitamino C papildas gali b\u016bti svarbus subalansuotos mitybos priedas, suteikiantis naudos imuninei sistemai ir bendrai savijautai. Prie\u0161 vartojant \u0161\u012f papild\u0105, rekomenduojama laikytis gamintojo nurodym\u0173 ir, jei reikia, pasitarti su sveikatos prie\u017ei\u016bros specialistu.    <\/p>\n<h2>ICONFIT kokyb\u0117 ir r\u016bpestis<\/h2>\n<p>ICONFIT produktai sukurti Estijoje ir atitinka auk\u0161\u010diausius Europos kokyb\u0117s standartus. Savo produktus kuriame kartu su mitybos specialistais, sportininkais ir maisto technologais. <\/p>\n<p>ICONFIT produktuose n\u0117ra nereikaling\u0173 dirbtini\u0173 stabilizatori\u0173, da\u017eikli\u0173 ar konservant\u0173. M\u016bs\u0173 klientai sugr\u012f\u017eta v\u0117l ir v\u0117l d\u0117l m\u016bs\u0173 kokyb\u0117s, grynumo ir puikaus skonio. <\/p>\n<p><img decoding=\"async\" class=\"alignnone wp-image-15624 size-medium\" src=\"https:\/\/toidupakk.ee\/wp-content\/uploads\/2023\/11\/ICONFIT-kollageeni-pulber-liigestele-5-300x300.png\" alt=\"ICONFIT logotipas\" width=\"300\" height=\"300\" srcset=\"https:\/\/toidupakk.ee\/wp-content\/uploads\/2023\/11\/ICONFIT-kollageeni-pulber-liigestele-5-300x300.png 300w, https:\/\/toidupakk.ee\/wp-content\/uploads\/2023\/11\/ICONFIT-kollageeni-pulber-liigestele-5-400x400.png 400w, https:\/\/toidupakk.ee\/wp-content\/uploads\/2023\/11\/ICONFIT-kollageeni-pulber-liigestele-5-100x100.png 100w, https:\/\/toidupakk.ee\/wp-content\/uploads\/2023\/11\/ICONFIT-kollageeni-pulber-liigestele-5-500x500.png 500w, https:\/\/toidupakk.ee\/wp-content\/uploads\/2023\/11\/ICONFIT-kollageeni-pulber-liigestele-5-768x768.png 768w, https:\/\/toidupakk.ee\/wp-content\/uploads\/2023\/11\/ICONFIT-kollageeni-pulber-liigestele-5.png 800w\" sizes=\"(max-width: 300px) 100vw, 300px\" \/><\/p>\n<p>Domiesi \u017eygio reikmenimis? Su\u017einok daugiau <a href=\"https:\/\/toidupakk.ee\/lt\/tootekategooria\/zygio-iranga\/#section-3-79\">\u010cIA<\/a><\/p>\n<p>O gal domina maistas \u017eygiams? \u017di\u016br\u0117k <a href=\"https:\/\/toidupakk.ee\/lt\/tootekategooria\/pagrindiniai-patiekalai\/\">\u010cIA<\/a><\/p>\n<p>Pasisemk \u012fkv\u0117pimo kitiems nuotykiams \u201eToidupakk\u201c <a href=\"https:\/\/www.instagram.com\/toidupakk\/\">Instagram<\/a> ir <a href=\"https:\/\/www.facebook.com\/Toidupakk\/\">Facebook<\/a> paskyrose.<\/p>\n","protected":false},"excerpt":{"rendered":"<p>ICONFIT vitaminas C <strong>veiksmingai palaiko imunin\u0119 sistem\u0105, padeda ma\u017einti pavargimo jausm\u0105 bei nuovarg\u012f<\/strong> ir atlieka svarb\u0173 vaidmen\u012f <strong>kolageno susidarymui bei gele\u017eies \u012fsisavinimui<\/strong>. Be to, vitamino kapsul\u0117s <strong>pagamintos i\u0161 auk\u0161\u010diausios kokyb\u0117s augalini\u0173 pululano kapsuli\u0173.<\/strong> <\/p>\n<ul>\n<li>Vitaminas C palaiko <strong>normali\u0105 organizmo veikl\u0105<\/strong><\/li>\n<li><strong>Ma\u017eina pavargimo jausm\u0105 ir nuovarg\u012f<\/strong><\/li>\n<li><strong>Stiprina imunin\u0119 sistem\u0105 <\/strong><\/li>\n<li>Skatina normal\u0173 kolageno susidarym\u0105, reikaling\u0105 normaliai kaul\u0173, kraujagysli\u0173, kremzli\u0173, odos, danten\u0173 ir dant\u0173 funkcijai<\/li>\n<li>Vitamino kapsul\u0117s yra <strong>ner\u016bg\u0161tin\u0117s<\/strong> ir <strong>\u0161velnaus poveikio<\/strong> <\/li>\n<li>Vienos pakuot\u0117s u\u017etenka 45 dienoms. Rekomenduojama doz\u0117 \u2013 <strong>2 kapsul\u0117s per dien\u0105 u\u017esigeriant vandeniu<\/strong> <\/li>\n<\/ul>\n<p>\u2705 Turime sand\u0117lyje, greitas pristatymas per 1\u20133 darbo dienas<\/p>\n","protected":false},"featured_media":15787,"comment_status":"open","ping_status":"closed","template":"","meta":{"_acf_changed":false},"product_brand":[],"product_cat":[261,237,189,190],"product_tag":[],"class_list":{"0":"post-46966","1":"product","2":"type-product","3":"status-publish","4":"has-post-thumbnail","6":"product_cat-kapsules","7":"product_cat-maisto-papildai","8":"product_cat-zygio-iranga","9":"product_cat-zygio-prekes","11":"first","12":"instock","13":"taxable","14":"shipping-taxable","15":"purchasable","16":"product-type-simple"},"bundled_by":[],"bundle_stock_status":"instock","bundle_stock_quantity":7,"bundle_virtual":false,"bundle_layout":"","bundle_add_to_cart_form_location":"","bundle_editable_in_cart":false,"bundle_sold_individually_context":"","bundle_item_grouping":"","bundle_min_size":"","bundle_max_size":"","bundle_price":[],"bundled_items":[],"bundle_sell_ids":[],"acf":[],"yoast_head":"<!-- This site is optimized with the Yoast SEO plugin v27.3 - https:\/\/yoast.com\/product\/yoast-seo-wordpress\/ -->\n<title>Vitaminas C \u2013 ner\u016bg\u0161tinis ICONFIT 90N<\/title>\n<meta name=\"description\" content=\"Vitaminas C sukurtas palaikyti imunin\u0119 sistem\u0105, ma\u017einti pavargimo jausm\u0105 bei nuovarg\u012f ir apsaugoti l\u0105steles nuo oksidacin\u0117s pa\u017eaidos.\" \/>\n<meta name=\"robots\" content=\"index, follow, max-snippet:-1, max-image-preview:large, max-video-preview:-1\" \/>\n<link rel=\"canonical\" href=\"https:\/\/toidupakk.ee\/lt\/toode\/vitaminas-c-nerugstinis-iconfit-90-kapsuliu\/\" \/>\n<meta property=\"og:locale\" content=\"lt_LT\" \/>\n<meta property=\"og:type\" content=\"article\" \/>\n<meta property=\"og:title\" content=\"Vitaminas C \u2013 ner\u016bg\u0161tinis ICONFIT 90N\" \/>\n<meta property=\"og:description\" content=\"Vitaminas C sukurtas palaikyti imunin\u0119 sistem\u0105, ma\u017einti pavargimo jausm\u0105 bei nuovarg\u012f ir apsaugoti l\u0105steles nuo oksidacin\u0117s pa\u017eaidos.\" \/>\n<meta property=\"og:url\" content=\"https:\/\/toidupakk.ee\/lt\/toode\/vitaminas-c-nerugstinis-iconfit-90-kapsuliu\/\" \/>\n<meta property=\"og:site_name\" content=\"Toidupakk.ee - Tactical Foodpack toidupakid\" \/>\n<meta property=\"article:publisher\" content=\"https:\/\/www.facebook.com\/Toidupakk\" \/>\n<meta property=\"article:modified_time\" content=\"2026-04-29T18:00:45+00:00\" \/>\n<meta property=\"og:image\" content=\"https:\/\/toidupakk.ee\/wp-content\/uploads\/2023\/11\/iconfit-c-vitamiin.png\" \/>\n\t<meta property=\"og:image:width\" content=\"1920\" \/>\n\t<meta property=\"og:image:height\" content=\"1920\" \/>\n\t<meta property=\"og:image:type\" content=\"image\/png\" \/>\n<meta name=\"twitter:card\" content=\"summary_large_image\" \/>\n<meta name=\"twitter:label1\" content=\"Est. reading time\" \/>\n\t<meta name=\"twitter:data1\" content=\"1 minut\u0117\" \/>\n<script type=\"application\/ld+json\" class=\"yoast-schema-graph\">{\"@context\":\"https:\\\/\\\/schema.org\",\"@graph\":[{\"@type\":\"WebPage\",\"@id\":\"https:\\\/\\\/toidupakk.ee\\\/lt\\\/toode\\\/vitaminas-c-nerugstinis-iconfit-90-kapsuliu\\\/\",\"url\":\"https:\\\/\\\/toidupakk.ee\\\/lt\\\/toode\\\/vitaminas-c-nerugstinis-iconfit-90-kapsuliu\\\/\",\"name\":\"Vitaminas C \u2013 ner\u016bg\u0161tinis ICONFIT 90N\",\"isPartOf\":{\"@id\":\"https:\\\/\\\/toidupakk.ee\\\/lt\\\/#website\"},\"primaryImageOfPage\":{\"@id\":\"https:\\\/\\\/toidupakk.ee\\\/lt\\\/toode\\\/vitaminas-c-nerugstinis-iconfit-90-kapsuliu\\\/#primaryimage\"},\"image\":{\"@id\":\"https:\\\/\\\/toidupakk.ee\\\/lt\\\/toode\\\/vitaminas-c-nerugstinis-iconfit-90-kapsuliu\\\/#primaryimage\"},\"thumbnailUrl\":\"https:\\\/\\\/toidupakk.ee\\\/wp-content\\\/uploads\\\/2023\\\/11\\\/iconfit-c-vitamiin.png\",\"datePublished\":\"2023-11-20T14:44:35+00:00\",\"dateModified\":\"2026-04-29T18:00:45+00:00\",\"description\":\"Vitaminas C sukurtas palaikyti imunin\u0119 sistem\u0105, ma\u017einti pavargimo jausm\u0105 bei nuovarg\u012f ir apsaugoti l\u0105steles nuo oksidacin\u0117s pa\u017eaidos.\",\"breadcrumb\":{\"@id\":\"https:\\\/\\\/toidupakk.ee\\\/lt\\\/toode\\\/vitaminas-c-nerugstinis-iconfit-90-kapsuliu\\\/#breadcrumb\"},\"inLanguage\":\"lt-LT\",\"potentialAction\":[{\"@type\":\"ReadAction\",\"target\":[\"https:\\\/\\\/toidupakk.ee\\\/lt\\\/toode\\\/vitaminas-c-nerugstinis-iconfit-90-kapsuliu\\\/\"]}]},{\"@type\":\"ImageObject\",\"inLanguage\":\"lt-LT\",\"@id\":\"https:\\\/\\\/toidupakk.ee\\\/lt\\\/toode\\\/vitaminas-c-nerugstinis-iconfit-90-kapsuliu\\\/#primaryimage\",\"url\":\"https:\\\/\\\/toidupakk.ee\\\/wp-content\\\/uploads\\\/2023\\\/11\\\/iconfit-c-vitamiin.png\",\"contentUrl\":\"https:\\\/\\\/toidupakk.ee\\\/wp-content\\\/uploads\\\/2023\\\/11\\\/iconfit-c-vitamiin.png\",\"width\":1920,\"height\":1920,\"caption\":\"Iconfit C-vitamiin\"},{\"@type\":\"BreadcrumbList\",\"@id\":\"https:\\\/\\\/toidupakk.ee\\\/lt\\\/toode\\\/vitaminas-c-nerugstinis-iconfit-90-kapsuliu\\\/#breadcrumb\",\"itemListElement\":[{\"@type\":\"ListItem\",\"position\":1,\"name\":\"Avaleht\",\"item\":\"https:\\\/\\\/toidupakk.ee\\\/lt\\\/\"},{\"@type\":\"ListItem\",\"position\":2,\"name\":\"El. parduotuv\u0117\",\"item\":\"https:\\\/\\\/toidupakk.ee\\\/lt\\\/el-parduotuve\\\/\"},{\"@type\":\"ListItem\",\"position\":3,\"name\":\"Vitaminas C \u2013 ner\u016bg\u0161tinis ICONFIT (90 kapsuli\u0173)\"}]},{\"@type\":\"WebSite\",\"@id\":\"https:\\\/\\\/toidupakk.ee\\\/lt\\\/#website\",\"url\":\"https:\\\/\\\/toidupakk.ee\\\/lt\\\/\",\"name\":\"Toidupakk.ee - Tactical Foodpack toidupakid\",\"description\":\"Tactical Foodpack k\u00fclmkuivatatud toidupakid ja matkaeined\",\"publisher\":{\"@id\":\"https:\\\/\\\/toidupakk.ee\\\/lt\\\/#organization\"},\"potentialAction\":[{\"@type\":\"SearchAction\",\"target\":{\"@type\":\"EntryPoint\",\"urlTemplate\":\"https:\\\/\\\/toidupakk.ee\\\/lt\\\/?s={search_term_string}\"},\"query-input\":{\"@type\":\"PropertyValueSpecification\",\"valueRequired\":true,\"valueName\":\"search_term_string\"}}],\"inLanguage\":\"lt-LT\"},{\"@type\":\"Organization\",\"@id\":\"https:\\\/\\\/toidupakk.ee\\\/lt\\\/#organization\",\"name\":\"Tactical Foodpack matkaeined\",\"url\":\"https:\\\/\\\/toidupakk.ee\\\/lt\\\/\",\"logo\":{\"@type\":\"ImageObject\",\"inLanguage\":\"lt-LT\",\"@id\":\"https:\\\/\\\/toidupakk.ee\\\/lt\\\/#\\\/schema\\\/logo\\\/image\\\/\",\"url\":\"https:\\\/\\\/toidupakk.ee\\\/wp-content\\\/uploads\\\/2022\\\/01\\\/Toidupakk-matkapood-logo-transparent.png\",\"contentUrl\":\"https:\\\/\\\/toidupakk.ee\\\/wp-content\\\/uploads\\\/2022\\\/01\\\/Toidupakk-matkapood-logo-transparent.png\",\"width\":500,\"height\":500,\"caption\":\"Tactical Foodpack matkaeined\"},\"image\":{\"@id\":\"https:\\\/\\\/toidupakk.ee\\\/lt\\\/#\\\/schema\\\/logo\\\/image\\\/\"},\"sameAs\":[\"https:\\\/\\\/www.facebook.com\\\/Toidupakk\",\"https:\\\/\\\/www.instagram.com\\\/toidupakk\\\/\"]}]}<\/script>\n<!-- \/ Yoast SEO plugin. -->","yoast_head_json":{"title":"Vitaminas C \u2013 ner\u016bg\u0161tinis ICONFIT 90N","description":"Vitaminas C sukurtas palaikyti imunin\u0119 sistem\u0105, ma\u017einti pavargimo jausm\u0105 bei nuovarg\u012f ir apsaugoti l\u0105steles nuo oksidacin\u0117s pa\u017eaidos.","robots":{"index":"index","follow":"follow","max-snippet":"max-snippet:-1","max-image-preview":"max-image-preview:large","max-video-preview":"max-video-preview:-1"},"canonical":"https:\/\/toidupakk.ee\/lt\/toode\/vitaminas-c-nerugstinis-iconfit-90-kapsuliu\/","og_locale":"lt_LT","og_type":"article","og_title":"Vitaminas C \u2013 ner\u016bg\u0161tinis ICONFIT 90N","og_description":"Vitaminas C sukurtas palaikyti imunin\u0119 sistem\u0105, ma\u017einti pavargimo jausm\u0105 bei nuovarg\u012f ir apsaugoti l\u0105steles nuo oksidacin\u0117s pa\u017eaidos.","og_url":"https:\/\/toidupakk.ee\/lt\/toode\/vitaminas-c-nerugstinis-iconfit-90-kapsuliu\/","og_site_name":"Toidupakk.ee - Tactical Foodpack toidupakid","article_publisher":"https:\/\/www.facebook.com\/Toidupakk","article_modified_time":"2026-04-29T18:00:45+00:00","og_image":[{"width":1920,"height":1920,"url":"https:\/\/toidupakk.ee\/wp-content\/uploads\/2023\/11\/iconfit-c-vitamiin.png","type":"image\/png"}],"twitter_card":"summary_large_image","twitter_misc":{"Est. reading time":"1 minut\u0117"},"schema":{"@context":"https:\/\/schema.org","@graph":[{"@type":"WebPage","@id":"https:\/\/toidupakk.ee\/lt\/toode\/vitaminas-c-nerugstinis-iconfit-90-kapsuliu\/","url":"https:\/\/toidupakk.ee\/lt\/toode\/vitaminas-c-nerugstinis-iconfit-90-kapsuliu\/","name":"Vitaminas C \u2013 ner\u016bg\u0161tinis ICONFIT 90N","isPartOf":{"@id":"https:\/\/toidupakk.ee\/lt\/#website"},"primaryImageOfPage":{"@id":"https:\/\/toidupakk.ee\/lt\/toode\/vitaminas-c-nerugstinis-iconfit-90-kapsuliu\/#primaryimage"},"image":{"@id":"https:\/\/toidupakk.ee\/lt\/toode\/vitaminas-c-nerugstinis-iconfit-90-kapsuliu\/#primaryimage"},"thumbnailUrl":"https:\/\/toidupakk.ee\/wp-content\/uploads\/2023\/11\/iconfit-c-vitamiin.png","datePublished":"2023-11-20T14:44:35+00:00","dateModified":"2026-04-29T18:00:45+00:00","description":"Vitaminas C sukurtas palaikyti imunin\u0119 sistem\u0105, ma\u017einti pavargimo jausm\u0105 bei nuovarg\u012f ir apsaugoti l\u0105steles nuo oksidacin\u0117s pa\u017eaidos.","breadcrumb":{"@id":"https:\/\/toidupakk.ee\/lt\/toode\/vitaminas-c-nerugstinis-iconfit-90-kapsuliu\/#breadcrumb"},"inLanguage":"lt-LT","potentialAction":[{"@type":"ReadAction","target":["https:\/\/toidupakk.ee\/lt\/toode\/vitaminas-c-nerugstinis-iconfit-90-kapsuliu\/"]}]},{"@type":"ImageObject","inLanguage":"lt-LT","@id":"https:\/\/toidupakk.ee\/lt\/toode\/vitaminas-c-nerugstinis-iconfit-90-kapsuliu\/#primaryimage","url":"https:\/\/toidupakk.ee\/wp-content\/uploads\/2023\/11\/iconfit-c-vitamiin.png","contentUrl":"https:\/\/toidupakk.ee\/wp-content\/uploads\/2023\/11\/iconfit-c-vitamiin.png","width":1920,"height":1920,"caption":"Iconfit C-vitamiin"},{"@type":"BreadcrumbList","@id":"https:\/\/toidupakk.ee\/lt\/toode\/vitaminas-c-nerugstinis-iconfit-90-kapsuliu\/#breadcrumb","itemListElement":[{"@type":"ListItem","position":1,"name":"Avaleht","item":"https:\/\/toidupakk.ee\/lt\/"},{"@type":"ListItem","position":2,"name":"El. parduotuv\u0117","item":"https:\/\/toidupakk.ee\/lt\/el-parduotuve\/"},{"@type":"ListItem","position":3,"name":"Vitaminas C \u2013 ner\u016bg\u0161tinis ICONFIT (90 kapsuli\u0173)"}]},{"@type":"WebSite","@id":"https:\/\/toidupakk.ee\/lt\/#website","url":"https:\/\/toidupakk.ee\/lt\/","name":"Toidupakk.ee - Tactical Foodpack toidupakid","description":"Tactical Foodpack k\u00fclmkuivatatud toidupakid ja matkaeined","publisher":{"@id":"https:\/\/toidupakk.ee\/lt\/#organization"},"potentialAction":[{"@type":"SearchAction","target":{"@type":"EntryPoint","urlTemplate":"https:\/\/toidupakk.ee\/lt\/?s={search_term_string}"},"query-input":{"@type":"PropertyValueSpecification","valueRequired":true,"valueName":"search_term_string"}}],"inLanguage":"lt-LT"},{"@type":"Organization","@id":"https:\/\/toidupakk.ee\/lt\/#organization","name":"Tactical Foodpack matkaeined","url":"https:\/\/toidupakk.ee\/lt\/","logo":{"@type":"ImageObject","inLanguage":"lt-LT","@id":"https:\/\/toidupakk.ee\/lt\/#\/schema\/logo\/image\/","url":"https:\/\/toidupakk.ee\/wp-content\/uploads\/2022\/01\/Toidupakk-matkapood-logo-transparent.png","contentUrl":"https:\/\/toidupakk.ee\/wp-content\/uploads\/2022\/01\/Toidupakk-matkapood-logo-transparent.png","width":500,"height":500,"caption":"Tactical Foodpack matkaeined"},"image":{"@id":"https:\/\/toidupakk.ee\/lt\/#\/schema\/logo\/image\/"},"sameAs":["https:\/\/www.facebook.com\/Toidupakk","https:\/\/www.instagram.com\/toidupakk\/"]}]}},"jetpack_sharing_enabled":true,"_links":{"self":[{"href":"https:\/\/toidupakk.ee\/lt\/wp-json\/wp\/v2\/product\/46966","targetHints":{"allow":["GET"]}}],"collection":[{"href":"https:\/\/toidupakk.ee\/lt\/wp-json\/wp\/v2\/product"}],"about":[{"href":"https:\/\/toidupakk.ee\/lt\/wp-json\/wp\/v2\/types\/product"}],"replies":[{"embeddable":true,"href":"https:\/\/toidupakk.ee\/lt\/wp-json\/wp\/v2\/comments?post=46966"}],"wp:featuredmedia":[{"embeddable":true,"href":"https:\/\/toidupakk.ee\/lt\/wp-json\/wp\/v2\/media\/15787"}],"wp:attachment":[{"href":"https:\/\/toidupakk.ee\/lt\/wp-json\/wp\/v2\/media?parent=46966"}],"wp:term":[{"taxonomy":"product_brand","embeddable":true,"href":"https:\/\/toidupakk.ee\/lt\/wp-json\/wp\/v2\/product_brand?post=46966"},{"taxonomy":"product_cat","embeddable":true,"href":"https:\/\/toidupakk.ee\/lt\/wp-json\/wp\/v2\/product_cat?post=46966"},{"taxonomy":"product_tag","embeddable":true,"href":"https:\/\/toidupakk.ee\/lt\/wp-json\/wp\/v2\/product_tag?post=46966"}],"curies":[{"name":"wp","href":"https:\/\/api.w.org\/{rel}","templated":true}]}}