{"id":46964,"date":"2023-11-20T16:42:00","date_gmt":"2023-11-20T14:42:00","guid":{"rendered":"https:\/\/toidupakk.ee\/toode\/iconfit-cinkas-90-kapsuliu\/"},"modified":"2026-04-16T17:31:15","modified_gmt":"2026-04-16T14:31:15","slug":"iconfit-cinkas-90-kapsuliu","status":"publish","type":"product","link":"https:\/\/toidupakk.ee\/lt\/toode\/iconfit-cinkas-90-kapsuliu\/","title":{"rendered":"ICONFIT cinkas (90 kapsuli\u0173)"},"content":{"rendered":"<h1>ICONFIT cinkas \u2013 tavo k\u016bno sveikatos raktas!<\/h1>\n<p class=\"my-1 text-base\"><strong> ICONFIT cinkas yra vienas svarbiausi\u0173 mineral\u0173, reikaling\u0173 normaliam dant\u0173, odos, kaul\u0173, plauk\u0173 ir nag\u0173 vystymuisi. Be to, cinkas padeda palaikyti normal\u0173 vaisingum\u0105 ir reprodukcij\u0105. Kapsul\u0117s pagamintos i\u0161 auk\u0161tos kokyb\u0117s augalinio pululano.  <\/strong><\/p>\n<p class=\"my-1 text-base\">Padeda palaikyti normali\u0105 imunin\u0117s sistemos veikl\u0105, vaisingum\u0105 ir reprodukcij\u0105. Cinkas padeda palaikyti normali\u0105 testosterono koncentracij\u0105 kraujyje. Dalyvauja l\u0105steli\u0173 dalijimosi procese. Padeda palaikyti normali\u0105 makroelement\u0173 ir riebal\u0173 r\u016bg\u0161\u010di\u0173 apykait\u0105. Padeda palaikyti normali\u0105 r\u016bg\u0161\u010di\u0173-\u0161arm\u0173 apykait\u0105. Cinkas padeda palaikyti normali\u0105 pa\u017einimo funkcij\u0105 ir DNR sintez\u0119. Apsaugo l\u0105steles nuo oksidacin\u0117s pa\u017eaidos, padeda i\u0161saugoti normal\u0173 reg\u0117jim\u0105, nagus, plaukus, kaulus ir od\u0105. Pakuot\u0117je yra 90 dien\u0173 kursas. Vartok po vien\u0105 kapsul\u0119 per dien\u0105!        <\/p>\n<p class=\"my-1 text-base\"><strong>Cinkas<\/strong> yra lengvai pasisavinamas mineralas, svarbus viso organizmo veiklai. Cinko daugiausia randama raumenyse ir kauluose. Cinkas atlieka daug svarbi\u0173 funkcij\u0173, pavyzd\u017eiui, padeda palaikyti normali\u0105 pa\u017einimo funkcij\u0105, DNR sintez\u0119, angliavandeni\u0173 apykait\u0105, r\u016bg\u0161\u010di\u0173-\u0161arm\u0173 apykait\u0105, makroelement\u0173 apykait\u0105, riebal\u0173 r\u016bg\u0161\u010di\u0173 apykait\u0105, vitamino A apykait\u0105, baltym\u0173 sintez\u0119 bei imunin\u0117s sistemos veikl\u0105. Cinkas padeda palaikyti normali\u0105 kaul\u0173, plauk\u0173, nag\u0173, odos, reg\u0117jimo b\u016bkl\u0119 bei testosterono lyg\u012f kraujyje. Be to, cinkas apsaugo l\u0105steles nuo oksidacin\u0117s pa\u017eaidos.    <\/p>\n<p><img fetchpriority=\"high\" decoding=\"async\" class=\"alignnone wp-image-15834 size-medium\" src=\"https:\/\/toidupakk.ee\/wp-content\/uploads\/2023\/11\/zinc-300x300.png\" alt=\"\" width=\"300\" height=\"300\" srcset=\"https:\/\/toidupakk.ee\/wp-content\/uploads\/2023\/11\/zinc-300x300.png 300w, https:\/\/toidupakk.ee\/wp-content\/uploads\/2023\/11\/zinc-400x400.png 400w, https:\/\/toidupakk.ee\/wp-content\/uploads\/2023\/11\/zinc-100x100.png 100w, https:\/\/toidupakk.ee\/wp-content\/uploads\/2023\/11\/zinc-500x500.png 500w, https:\/\/toidupakk.ee\/wp-content\/uploads\/2023\/11\/zinc-768x768.png 768w, https:\/\/toidupakk.ee\/wp-content\/uploads\/2023\/11\/zinc.png 800w\" sizes=\"(max-width: 300px) 100vw, 300px\" \/><\/p>\n<p class=\"my-1 text-base\"><strong>Kas tur\u0117t\u0173 vartoti cinko papildus?<\/strong><\/p>\n<ul>\n<li class=\"my-1 text-base\">augantys jaunuoliai<\/li>\n<li class=\"my-1 text-base\">n\u0117\u0161\u010diosios ir \u017eindan\u010dios motinos<\/li>\n<li class=\"my-1 text-base\">stres\u0105 patiriantys ir sergantys \u017emon\u0117s<\/li>\n<li class=\"my-1 text-base\">intensyv\u0173 fizin\u012f kr\u016bv\u012f patiriantys \u017emon\u0117s<\/li>\n<\/ul>\n<p class=\"my-1 text-base\">Ilgalaikis cinko tr\u016bkumas gali padidinti imlum\u0105 infekcijoms, sul\u0117tinti \u017eaizd\u0173 gijim\u0105, suma\u017einti apetit\u0105, susilpninti skonio ir uosl\u0117s poj\u016b\u010dius, sukelti reg\u0117jimo sutrikimus bei padidinti virus\u0173 rizik\u0105. Kadangi organizmas nat\u016braliai negamina ir nekaupia cinko, jis laikomas svarbia maistine med\u017eiaga, kuri\u0105 b\u016btina gauti su maistu arba papildais. <\/p>\n<p class=\"my-1 text-base\"><strong>Cinko diglicinate cinkas yra chelatin\u0117s formos. Daugyb\u0117 tyrim\u0173 parod\u0117, kad kai kuri\u0173 mineral\u0173 chelatin\u0117s formos padeda organizmui naudingas med\u017eiagas pasisavinti kelis kartus geriau. D\u0117l savo biologinio prieinamumo chelatinis cinkas pasisavinamas greitai ir efektyviai.  <\/strong><\/p>\n<p class=\"my-1 text-base\"><strong>ICONFIT kapsul\u0117se n\u0117ra dirbtini\u0173 pried\u0173, chemikal\u0173, konservant\u0173 ar da\u017eikli\u0173, jos yra be GMO.<\/strong><\/p>\n<h2>ICONFIT kokyb\u0117 ir r\u016bpestis<\/h2>\n<p>ICONFIT produktai sukurti Estijoje ir atitinka auk\u0161\u010diausius Europos kokyb\u0117s standartus. Savo produktus kuriame kartu su mitybos specialistais, sportininkais ir maisto technologais. <\/p>\n<p>ICONFIT produktuose n\u0117ra nereikaling\u0173 dirbtini\u0173 stabilizatori\u0173, da\u017eikli\u0173 ar konservant\u0173. M\u016bs\u0173 klientai sugr\u012f\u017eta v\u0117l ir v\u0117l d\u0117l m\u016bs\u0173 kokyb\u0117s, grynumo ir puikaus skonio. <\/p>\n<p><img decoding=\"async\" class=\"alignnone wp-image-15624 size-medium\" src=\"https:\/\/toidupakk.ee\/wp-content\/uploads\/2023\/11\/ICONFIT-kollageeni-pulber-liigestele-5-300x300.png\" alt=\"iconfit logotipas\" width=\"300\" height=\"300\" srcset=\"https:\/\/toidupakk.ee\/wp-content\/uploads\/2023\/11\/ICONFIT-kollageeni-pulber-liigestele-5-300x300.png 300w, https:\/\/toidupakk.ee\/wp-content\/uploads\/2023\/11\/ICONFIT-kollageeni-pulber-liigestele-5-400x400.png 400w, https:\/\/toidupakk.ee\/wp-content\/uploads\/2023\/11\/ICONFIT-kollageeni-pulber-liigestele-5-100x100.png 100w, https:\/\/toidupakk.ee\/wp-content\/uploads\/2023\/11\/ICONFIT-kollageeni-pulber-liigestele-5-500x500.png 500w, https:\/\/toidupakk.ee\/wp-content\/uploads\/2023\/11\/ICONFIT-kollageeni-pulber-liigestele-5-768x768.png 768w, https:\/\/toidupakk.ee\/wp-content\/uploads\/2023\/11\/ICONFIT-kollageeni-pulber-liigestele-5.png 800w\" sizes=\"(max-width: 300px) 100vw, 300px\" \/><\/p>\n<p>Domiesi \u017eygi\u0173 \u012franga? Su\u017einok daugiau <a href=\"https:\/\/toidupakk.ee\/lt\/tootekategooria\/zygio-iranga\/#section-3-79\">\u010cIA<\/a><\/p>\n<p>O gal domina \u017eygi\u0173 maistas? \u017di\u016br\u0117k <a href=\"https:\/\/toidupakk.ee\/lt\/tootekategooria\/pagrindiniai-patiekalai\/\">\u010cIA<\/a><\/p>\n<p>Pasisemk \u012fkv\u0117pimo kitiems nuotykiams \u201eToidupakk\u201c <a href=\"https:\/\/www.instagram.com\/toidupakk\/\">Instagram<\/a> ir <a href=\"https:\/\/www.facebook.com\/Toidupakk\/\">Facebook<\/a> paskyrose.<\/p>\n","protected":false},"excerpt":{"rendered":"<p class=\"my-1 text-base\">ICONFIT cinkas yra <strong>kokybi\u0161kas maisto papildas<\/strong>, suteikiantis <strong>svarbi\u0105 param\u0105 imuninei sistemai, vaisingumui ir bendrai savijautai<\/strong>. Cinkas yra svarbus mineralas, kuris <strong>palaiko odos, plauk\u0173, kaul\u0173 ir dant\u0173 sveikat\u0105<\/strong> bei padeda palaikyti normali\u0105 pa\u017einimo funkcij\u0105 ir DNR sintez\u0119. Be to, \u0161i kapsul\u0117 yra lengvai nuryjama ir pagaminta i\u0161 auk\u0161tos kokyb\u0117s augalini\u0173 ingredient\u0173.  <\/p>\n<ul class=\"my-1 list-decimal pl-6\">\n<li class=\"my-1 text-base\">Palaiko imunin\u0117s sistemos sveikat\u0105<\/li>\n<li class=\"my-1 text-base\">Svarbus vaisingumui<\/li>\n<li class=\"my-1 text-base\">Odos, plauk\u0173, kaul\u0173 ir dant\u0173 sveikatos palaikymas<\/li>\n<li class=\"my-1 text-base\">Palaiko normali\u0105 pa\u017einimo funkcij\u0105 ir DNR sintez\u0119<\/li>\n<li class=\"my-1 text-base\">Pagaminta i\u0161 auk\u0161tos kokyb\u0117s augalini\u0173 ingredient\u0173<\/li>\n<li class=\"my-1 text-base\">Lengvai nuryjamos kapsul\u0117s<\/li>\n<li><strong>Pakuot\u0117je \u2013 90 dien\u0173 kursas. Tik viena kapsul\u0117 per dien\u0105! <\/strong><\/li>\n<\/ul>\n<p>\u2705 Turime sand\u0117lyje, greitas pristatymas per 1\u20133 darbo dienas<\/p>\n","protected":false},"featured_media":15834,"comment_status":"open","ping_status":"closed","template":"","meta":{"_acf_changed":false},"product_brand":[],"product_cat":[261,237,189,190],"product_tag":[],"class_list":{"0":"post-46964","1":"product","2":"type-product","3":"status-publish","4":"has-post-thumbnail","6":"product_cat-kapsules","7":"product_cat-maisto-papildai","8":"product_cat-zygio-iranga","9":"product_cat-zygio-prekes","11":"first","12":"instock","13":"taxable","14":"shipping-taxable","15":"purchasable","16":"product-type-simple"},"bundled_by":[],"bundle_stock_status":"instock","bundle_stock_quantity":3,"bundle_virtual":false,"bundle_layout":"","bundle_add_to_cart_form_location":"","bundle_editable_in_cart":false,"bundle_sold_individually_context":"","bundle_item_grouping":"","bundle_min_size":"","bundle_max_size":"","bundle_price":[],"bundled_items":[],"bundle_sell_ids":[],"acf":[],"yoast_head":"<!-- This site is optimized with the Yoast SEO plugin v27.3 - https:\/\/yoast.com\/product\/yoast-seo-wordpress\/ -->\n<title>ICONFIT cinkas (90 kapsuli\u0173)<\/title>\n<meta name=\"description\" content=\"ICONFIT cinkas yra kokybi\u0161kas maisto papildas, suteikiantis svarbi\u0105 param\u0105 imuninei sistemai, vaisingumui ir bendrai savijautai; kapsul\u0119 lengva nuryti.\" \/>\n<meta name=\"robots\" content=\"index, follow, max-snippet:-1, max-image-preview:large, max-video-preview:-1\" \/>\n<link rel=\"canonical\" href=\"https:\/\/toidupakk.ee\/lt\/toode\/iconfit-cinkas-90-kapsuliu\/\" \/>\n<meta property=\"og:locale\" content=\"lt_LT\" \/>\n<meta property=\"og:type\" content=\"article\" \/>\n<meta property=\"og:title\" content=\"ICONFIT cinkas (90 kapsuli\u0173)\" \/>\n<meta property=\"og:description\" content=\"ICONFIT cinkas yra kokybi\u0161kas maisto papildas, suteikiantis svarbi\u0105 param\u0105 imuninei sistemai, vaisingumui ir bendrai savijautai; kapsul\u0119 lengva nuryti.\" \/>\n<meta property=\"og:url\" content=\"https:\/\/toidupakk.ee\/lt\/toode\/iconfit-cinkas-90-kapsuliu\/\" \/>\n<meta property=\"og:site_name\" content=\"Toidupakk.ee - Tactical Foodpack toidupakid\" \/>\n<meta property=\"article:publisher\" content=\"https:\/\/www.facebook.com\/Toidupakk\" \/>\n<meta property=\"article:modified_time\" content=\"2026-04-16T14:31:15+00:00\" \/>\n<meta property=\"og:image\" content=\"https:\/\/toidupakk.ee\/wp-content\/uploads\/2023\/11\/zinc.png\" \/>\n\t<meta property=\"og:image:width\" content=\"800\" \/>\n\t<meta property=\"og:image:height\" content=\"800\" \/>\n\t<meta property=\"og:image:type\" content=\"image\/png\" \/>\n<meta name=\"twitter:card\" content=\"summary_large_image\" \/>\n<meta name=\"twitter:label1\" content=\"Est. reading time\" \/>\n\t<meta name=\"twitter:data1\" content=\"2 minut\u0117s\" \/>\n<script type=\"application\/ld+json\" class=\"yoast-schema-graph\">{\"@context\":\"https:\\\/\\\/schema.org\",\"@graph\":[{\"@type\":\"WebPage\",\"@id\":\"https:\\\/\\\/toidupakk.ee\\\/lt\\\/toode\\\/iconfit-cinkas-90-kapsuliu\\\/\",\"url\":\"https:\\\/\\\/toidupakk.ee\\\/lt\\\/toode\\\/iconfit-cinkas-90-kapsuliu\\\/\",\"name\":\"ICONFIT cinkas (90 kapsuli\u0173)\",\"isPartOf\":{\"@id\":\"https:\\\/\\\/toidupakk.ee\\\/lt\\\/#website\"},\"primaryImageOfPage\":{\"@id\":\"https:\\\/\\\/toidupakk.ee\\\/lt\\\/toode\\\/iconfit-cinkas-90-kapsuliu\\\/#primaryimage\"},\"image\":{\"@id\":\"https:\\\/\\\/toidupakk.ee\\\/lt\\\/toode\\\/iconfit-cinkas-90-kapsuliu\\\/#primaryimage\"},\"thumbnailUrl\":\"https:\\\/\\\/toidupakk.ee\\\/wp-content\\\/uploads\\\/2023\\\/11\\\/zinc.png\",\"datePublished\":\"2023-11-20T14:42:00+00:00\",\"dateModified\":\"2026-04-16T14:31:15+00:00\",\"description\":\"ICONFIT cinkas yra kokybi\u0161kas maisto papildas, suteikiantis svarbi\u0105 param\u0105 imuninei sistemai, vaisingumui ir bendrai savijautai; kapsul\u0119 lengva nuryti.\",\"breadcrumb\":{\"@id\":\"https:\\\/\\\/toidupakk.ee\\\/lt\\\/toode\\\/iconfit-cinkas-90-kapsuliu\\\/#breadcrumb\"},\"inLanguage\":\"lt-LT\",\"potentialAction\":[{\"@type\":\"ReadAction\",\"target\":[\"https:\\\/\\\/toidupakk.ee\\\/lt\\\/toode\\\/iconfit-cinkas-90-kapsuliu\\\/\"]}]},{\"@type\":\"ImageObject\",\"inLanguage\":\"lt-LT\",\"@id\":\"https:\\\/\\\/toidupakk.ee\\\/lt\\\/toode\\\/iconfit-cinkas-90-kapsuliu\\\/#primaryimage\",\"url\":\"https:\\\/\\\/toidupakk.ee\\\/wp-content\\\/uploads\\\/2023\\\/11\\\/zinc.png\",\"contentUrl\":\"https:\\\/\\\/toidupakk.ee\\\/wp-content\\\/uploads\\\/2023\\\/11\\\/zinc.png\",\"width\":800,\"height\":800},{\"@type\":\"BreadcrumbList\",\"@id\":\"https:\\\/\\\/toidupakk.ee\\\/lt\\\/toode\\\/iconfit-cinkas-90-kapsuliu\\\/#breadcrumb\",\"itemListElement\":[{\"@type\":\"ListItem\",\"position\":1,\"name\":\"Avaleht\",\"item\":\"https:\\\/\\\/toidupakk.ee\\\/lt\\\/\"},{\"@type\":\"ListItem\",\"position\":2,\"name\":\"El. parduotuv\u0117\",\"item\":\"https:\\\/\\\/toidupakk.ee\\\/lt\\\/el-parduotuve\\\/\"},{\"@type\":\"ListItem\",\"position\":3,\"name\":\"ICONFIT cinkas (90 kapsuli\u0173)\"}]},{\"@type\":\"WebSite\",\"@id\":\"https:\\\/\\\/toidupakk.ee\\\/lt\\\/#website\",\"url\":\"https:\\\/\\\/toidupakk.ee\\\/lt\\\/\",\"name\":\"Toidupakk.ee - Tactical Foodpack toidupakid\",\"description\":\"Tactical Foodpack k\u00fclmkuivatatud toidupakid ja matkaeined\",\"publisher\":{\"@id\":\"https:\\\/\\\/toidupakk.ee\\\/lt\\\/#organization\"},\"potentialAction\":[{\"@type\":\"SearchAction\",\"target\":{\"@type\":\"EntryPoint\",\"urlTemplate\":\"https:\\\/\\\/toidupakk.ee\\\/lt\\\/?s={search_term_string}\"},\"query-input\":{\"@type\":\"PropertyValueSpecification\",\"valueRequired\":true,\"valueName\":\"search_term_string\"}}],\"inLanguage\":\"lt-LT\"},{\"@type\":\"Organization\",\"@id\":\"https:\\\/\\\/toidupakk.ee\\\/lt\\\/#organization\",\"name\":\"Tactical Foodpack matkaeined\",\"url\":\"https:\\\/\\\/toidupakk.ee\\\/lt\\\/\",\"logo\":{\"@type\":\"ImageObject\",\"inLanguage\":\"lt-LT\",\"@id\":\"https:\\\/\\\/toidupakk.ee\\\/lt\\\/#\\\/schema\\\/logo\\\/image\\\/\",\"url\":\"https:\\\/\\\/toidupakk.ee\\\/wp-content\\\/uploads\\\/2022\\\/01\\\/Toidupakk-matkapood-logo-transparent.png\",\"contentUrl\":\"https:\\\/\\\/toidupakk.ee\\\/wp-content\\\/uploads\\\/2022\\\/01\\\/Toidupakk-matkapood-logo-transparent.png\",\"width\":500,\"height\":500,\"caption\":\"Tactical Foodpack matkaeined\"},\"image\":{\"@id\":\"https:\\\/\\\/toidupakk.ee\\\/lt\\\/#\\\/schema\\\/logo\\\/image\\\/\"},\"sameAs\":[\"https:\\\/\\\/www.facebook.com\\\/Toidupakk\",\"https:\\\/\\\/www.instagram.com\\\/toidupakk\\\/\"]}]}<\/script>\n<!-- \/ Yoast SEO plugin. -->","yoast_head_json":{"title":"ICONFIT cinkas (90 kapsuli\u0173)","description":"ICONFIT cinkas yra kokybi\u0161kas maisto papildas, suteikiantis svarbi\u0105 param\u0105 imuninei sistemai, vaisingumui ir bendrai savijautai; kapsul\u0119 lengva nuryti.","robots":{"index":"index","follow":"follow","max-snippet":"max-snippet:-1","max-image-preview":"max-image-preview:large","max-video-preview":"max-video-preview:-1"},"canonical":"https:\/\/toidupakk.ee\/lt\/toode\/iconfit-cinkas-90-kapsuliu\/","og_locale":"lt_LT","og_type":"article","og_title":"ICONFIT cinkas (90 kapsuli\u0173)","og_description":"ICONFIT cinkas yra kokybi\u0161kas maisto papildas, suteikiantis svarbi\u0105 param\u0105 imuninei sistemai, vaisingumui ir bendrai savijautai; kapsul\u0119 lengva nuryti.","og_url":"https:\/\/toidupakk.ee\/lt\/toode\/iconfit-cinkas-90-kapsuliu\/","og_site_name":"Toidupakk.ee - Tactical Foodpack toidupakid","article_publisher":"https:\/\/www.facebook.com\/Toidupakk","article_modified_time":"2026-04-16T14:31:15+00:00","og_image":[{"width":800,"height":800,"url":"https:\/\/toidupakk.ee\/wp-content\/uploads\/2023\/11\/zinc.png","type":"image\/png"}],"twitter_card":"summary_large_image","twitter_misc":{"Est. reading time":"2 minut\u0117s"},"schema":{"@context":"https:\/\/schema.org","@graph":[{"@type":"WebPage","@id":"https:\/\/toidupakk.ee\/lt\/toode\/iconfit-cinkas-90-kapsuliu\/","url":"https:\/\/toidupakk.ee\/lt\/toode\/iconfit-cinkas-90-kapsuliu\/","name":"ICONFIT cinkas (90 kapsuli\u0173)","isPartOf":{"@id":"https:\/\/toidupakk.ee\/lt\/#website"},"primaryImageOfPage":{"@id":"https:\/\/toidupakk.ee\/lt\/toode\/iconfit-cinkas-90-kapsuliu\/#primaryimage"},"image":{"@id":"https:\/\/toidupakk.ee\/lt\/toode\/iconfit-cinkas-90-kapsuliu\/#primaryimage"},"thumbnailUrl":"https:\/\/toidupakk.ee\/wp-content\/uploads\/2023\/11\/zinc.png","datePublished":"2023-11-20T14:42:00+00:00","dateModified":"2026-04-16T14:31:15+00:00","description":"ICONFIT cinkas yra kokybi\u0161kas maisto papildas, suteikiantis svarbi\u0105 param\u0105 imuninei sistemai, vaisingumui ir bendrai savijautai; kapsul\u0119 lengva nuryti.","breadcrumb":{"@id":"https:\/\/toidupakk.ee\/lt\/toode\/iconfit-cinkas-90-kapsuliu\/#breadcrumb"},"inLanguage":"lt-LT","potentialAction":[{"@type":"ReadAction","target":["https:\/\/toidupakk.ee\/lt\/toode\/iconfit-cinkas-90-kapsuliu\/"]}]},{"@type":"ImageObject","inLanguage":"lt-LT","@id":"https:\/\/toidupakk.ee\/lt\/toode\/iconfit-cinkas-90-kapsuliu\/#primaryimage","url":"https:\/\/toidupakk.ee\/wp-content\/uploads\/2023\/11\/zinc.png","contentUrl":"https:\/\/toidupakk.ee\/wp-content\/uploads\/2023\/11\/zinc.png","width":800,"height":800},{"@type":"BreadcrumbList","@id":"https:\/\/toidupakk.ee\/lt\/toode\/iconfit-cinkas-90-kapsuliu\/#breadcrumb","itemListElement":[{"@type":"ListItem","position":1,"name":"Avaleht","item":"https:\/\/toidupakk.ee\/lt\/"},{"@type":"ListItem","position":2,"name":"El. parduotuv\u0117","item":"https:\/\/toidupakk.ee\/lt\/el-parduotuve\/"},{"@type":"ListItem","position":3,"name":"ICONFIT cinkas (90 kapsuli\u0173)"}]},{"@type":"WebSite","@id":"https:\/\/toidupakk.ee\/lt\/#website","url":"https:\/\/toidupakk.ee\/lt\/","name":"Toidupakk.ee - Tactical Foodpack toidupakid","description":"Tactical Foodpack k\u00fclmkuivatatud toidupakid ja matkaeined","publisher":{"@id":"https:\/\/toidupakk.ee\/lt\/#organization"},"potentialAction":[{"@type":"SearchAction","target":{"@type":"EntryPoint","urlTemplate":"https:\/\/toidupakk.ee\/lt\/?s={search_term_string}"},"query-input":{"@type":"PropertyValueSpecification","valueRequired":true,"valueName":"search_term_string"}}],"inLanguage":"lt-LT"},{"@type":"Organization","@id":"https:\/\/toidupakk.ee\/lt\/#organization","name":"Tactical Foodpack matkaeined","url":"https:\/\/toidupakk.ee\/lt\/","logo":{"@type":"ImageObject","inLanguage":"lt-LT","@id":"https:\/\/toidupakk.ee\/lt\/#\/schema\/logo\/image\/","url":"https:\/\/toidupakk.ee\/wp-content\/uploads\/2022\/01\/Toidupakk-matkapood-logo-transparent.png","contentUrl":"https:\/\/toidupakk.ee\/wp-content\/uploads\/2022\/01\/Toidupakk-matkapood-logo-transparent.png","width":500,"height":500,"caption":"Tactical Foodpack matkaeined"},"image":{"@id":"https:\/\/toidupakk.ee\/lt\/#\/schema\/logo\/image\/"},"sameAs":["https:\/\/www.facebook.com\/Toidupakk","https:\/\/www.instagram.com\/toidupakk\/"]}]}},"jetpack_sharing_enabled":true,"_links":{"self":[{"href":"https:\/\/toidupakk.ee\/lt\/wp-json\/wp\/v2\/product\/46964","targetHints":{"allow":["GET"]}}],"collection":[{"href":"https:\/\/toidupakk.ee\/lt\/wp-json\/wp\/v2\/product"}],"about":[{"href":"https:\/\/toidupakk.ee\/lt\/wp-json\/wp\/v2\/types\/product"}],"replies":[{"embeddable":true,"href":"https:\/\/toidupakk.ee\/lt\/wp-json\/wp\/v2\/comments?post=46964"}],"wp:featuredmedia":[{"embeddable":true,"href":"https:\/\/toidupakk.ee\/lt\/wp-json\/wp\/v2\/media\/15834"}],"wp:attachment":[{"href":"https:\/\/toidupakk.ee\/lt\/wp-json\/wp\/v2\/media?parent=46964"}],"wp:term":[{"taxonomy":"product_brand","embeddable":true,"href":"https:\/\/toidupakk.ee\/lt\/wp-json\/wp\/v2\/product_brand?post=46964"},{"taxonomy":"product_cat","embeddable":true,"href":"https:\/\/toidupakk.ee\/lt\/wp-json\/wp\/v2\/product_cat?post=46964"},{"taxonomy":"product_tag","embeddable":true,"href":"https:\/\/toidupakk.ee\/lt\/wp-json\/wp\/v2\/product_tag?post=46964"}],"curies":[{"name":"wp","href":"https:\/\/api.w.org\/{rel}","templated":true}]}}